{"id":34031,"date":"2023-07-23T18:59:45","date_gmt":"2023-07-23T16:59:45","guid":{"rendered":"https:\/\/teasense.ch\/?post_type=product&#038;p=34031"},"modified":"2026-01-28T11:19:23","modified_gmt":"2026-01-28T10:19:23","slug":"gutschein","status":"publish","type":"product","link":"https:\/\/teasense.ch\/it\/prodotto\/gutschein\/","title":{"rendered":"Gutschein"},"content":{"rendered":"<h2>Virtuelle Gutscheine f\u00fcr jeden Anlass<\/h2>\n<p>Hier kannst du einen virtuellen Gutschein oder gleich mehrere Gutscheincodes f\u00fcr diesen Onlineshop erwerben. Wir machen es einfach, Freude zu schenken!<\/p>\n<h3>Gutscheinkauf leicht gemacht<\/h3>\n<p>Bitte nutze das Bemerkungsfeld bei der Kasse, um uns den Namen des Beschenkten mitzuteilen. Falls es noch Unklarheiten gibt oder du einen speziellen Betrag oder Form ben\u00f6tigst, kontaktiere uns vor dem Kauf.<\/p>\n<h3>Inklusivleistungen<\/h3>\n<p>Der Kaufpreis beinhaltet den gew\u00e4hlten Betrag. Die Erstellung des individuellen Gutschein-Codes sowie virtuellen Gutscheins wird von uns kostenlos erstellt.<\/p>\n<h4>Direkter Versand an den Beschenkten<\/h4>\n<p>Auf Wunsch senden wir den Gutschein direkt an den Beschenkten per Mail. So sparst du Zeit und kannst den Gutschein sofort verschenken.<\/p>\n<h4>Flexibilit\u00e4t<\/h4>\n<p>Nat\u00fcrlich hast du auch die M\u00f6glichkeit, den virtuellen Gutschein selbst auszudrucken oder per Mail weiterzuleiten. Die Entscheidung liegt ganz bei dir.<\/p>\n<h4>Gutschein &#8211; f\u00fcr jeden Anlass das perfekte Geschenk<\/h4>\n<p>Unsere Gutscheine sind das ideale Geschenk f\u00fcr jeden Anlass. Ob Geburtstag, Weihnachten oder einfach als kleine Aufmerksamkeit zwischendurch &#8211; mit unserem breitgef\u00e4cherten Sortiment ist garantiert f\u00fcr jeden Geschmack etwas dabei!<\/p>\n<h4>Vielf\u00e4ltige Auswahl<\/h4>\n<p>F\u00fcr jedes Budget und jeden Geschmack haben wir die passende Variante. Ob Tee- oder Superfood-Liebhaber, Hobbykoch oder &#8220;Teetante&#8221; &#8211; bei uns findet der Beschenkte das passende Produkt.<\/p>\n<h4>Freude, Auswahl und Flexibilit\u00e4t schenken<\/h4>\n<p>Mit einem Gutschein von unserem Onlineshop schenkst du nicht nur Freude und Auswahl, sondern auch Flexibilit\u00e4t. Der Beschenkte kann selbst entscheiden, was er sich aus unserem Sortiment aussucht.<\/p>\n<p>Worauf wartest du noch? Kaufe jetzt einen virtuellen Gutschein und mache deinen Lieben eine besondere Freude!<\/p>\n<p>Ein virtueller Gutschein ist auch eine umweltfreundliche Option, die keine physischen Materialien ben\u00f6tigt und somit die Umweltbelastung reduziert. Du kannst also nicht nur jemandem eine Freude machen, sondern auch einen Beitrag zum Umweltschutz leisten. \u00dcberdies erm\u00f6glicht er eine sofortige Zustellung, was besonders praktisch ist, wenn du es eilig hast oder spontan eine Geste der Wertsch\u00e4tzung zeigen m\u00f6chtest.<\/p>\n<h5>Alternative<\/h5>\n<p>Wenn du dich doch f\u00fcr ein physisches Geschenk entscheiden m\u00f6chtest, bieten wir in unserer Kategorie <a href=\"https:\/\/teasense.ch\/produkt-kategorie\/tee-geschenke\/\">Tee-Geschenke<\/a> eine vielf\u00e4ltige Auswahl passender Geschenke. Von exquisiten Teesorten bis hin zu stilvollen Accessoires &#8211; hier findest du das ideale Geschenk f\u00fcr jeden Tee-Liebhaber. St\u00f6bere jetzt durch unser Sortiment und entdecke hochwertige Produkte, die deine Liebsten begeistern werden.<\/p>\n","protected":false},"excerpt":{"rendered":"<p>Virtueller Gutschein f\u00fcr den Onlineshop teasense.ch\/shop<\/p>\n<p>Individueller Gutschein-Code<\/p>\n","protected":false},"featured_media":40386,"comment_status":"open","ping_status":"closed","template":"","meta":{"_et_pb_use_builder":"","_et_pb_old_content":"","_et_gb_content_width":""},"product_brand":[],"product_cat":[74,59],"product_tag":[],"class_list":{"0":"post-34031","1":"product","2":"type-product","3":"status-publish","4":"has-post-thumbnail","6":"product_cat-alle-produkte","7":"product_cat-tee-geschenke","8":"pa_herkunft-schweiz","10":"first","11":"instock","12":"shipping-taxable","13":"purchasable","14":"product-type-variable","15":"add-to-wishlist-before_image"},"yoast_head":"<!-- This site is optimized with the Yoast SEO plugin v27.4 - https:\/\/yoast.com\/product\/yoast-seo-wordpress\/ -->\n<title>Gutschein - TeaSense.ch - Tee Shop Schweiz<\/title>\n<meta name=\"description\" content=\"Gutschein von CHF 10.- bis 150.- f\u00fcr den Onlineshop von Teasense.ch. Kauf von mehreren Gutscheinen m\u00f6glich. Individueller Gutscheincode.\" \/>\n<meta name=\"robots\" content=\"index, follow, max-snippet:-1, max-image-preview:large, max-video-preview:-1\" \/>\n<link rel=\"canonical\" href=\"https:\/\/teasense.ch\/it\/prodotto\/gutschein\/\" \/>\n<meta property=\"og:locale\" content=\"it_IT\" \/>\n<meta property=\"og:type\" content=\"article\" \/>\n<meta property=\"og:title\" content=\"Gutschein - TeaSense.ch - Tee Shop Schweiz\" \/>\n<meta property=\"og:description\" content=\"Gutschein von CHF 10.- bis 150.- f\u00fcr den Onlineshop von Teasense.ch. Kauf von mehreren Gutscheinen m\u00f6glich. Individueller Gutscheincode.\" \/>\n<meta property=\"og:url\" content=\"https:\/\/teasense.ch\/it\/prodotto\/gutschein\/\" \/>\n<meta property=\"og:site_name\" content=\"TeaSense.ch - Tee Shop Schweiz\" \/>\n<meta property=\"article:publisher\" content=\"https:\/\/www.facebook.com\/teasense.ch\" \/>\n<meta property=\"article:modified_time\" content=\"2026-01-28T10:19:23+00:00\" \/>\n<meta property=\"og:image\" content=\"https:\/\/teasense.ch\/wp-content\/uploads\/2023\/07\/gutschein-smartphone-anzeige.png\" \/>\n\t<meta property=\"og:image:width\" content=\"800\" \/>\n\t<meta property=\"og:image:height\" content=\"800\" \/>\n\t<meta property=\"og:image:type\" content=\"image\/png\" \/>\n<meta name=\"twitter:card\" content=\"summary_large_image\" \/>\n<meta name=\"twitter:label1\" content=\"Est. reading time\" \/>\n\t<meta name=\"twitter:data1\" content=\"3 minutes\" \/>\n<!-- \/ Yoast SEO plugin. -->","yoast_head_json":{"title":"Gutschein - TeaSense.ch - Tee Shop Schweiz","description":"Gutschein von CHF 10.- bis 150.- f\u00fcr den Onlineshop von Teasense.ch. Kauf von mehreren Gutscheinen m\u00f6glich. Individueller Gutscheincode.","robots":{"index":"index","follow":"follow","max-snippet":"max-snippet:-1","max-image-preview":"max-image-preview:large","max-video-preview":"max-video-preview:-1"},"canonical":"https:\/\/teasense.ch\/it\/prodotto\/gutschein\/","og_locale":"it_IT","og_type":"article","og_title":"Gutschein - TeaSense.ch - Tee Shop Schweiz","og_description":"Gutschein von CHF 10.- bis 150.- f\u00fcr den Onlineshop von Teasense.ch. Kauf von mehreren Gutscheinen m\u00f6glich. Individueller Gutscheincode.","og_url":"https:\/\/teasense.ch\/it\/prodotto\/gutschein\/","og_site_name":"TeaSense.ch - Tee Shop Schweiz","article_publisher":"https:\/\/www.facebook.com\/teasense.ch","article_modified_time":"2026-01-28T10:19:23+00:00","og_image":[{"width":800,"height":800,"url":"https:\/\/teasense.ch\/wp-content\/uploads\/2023\/07\/gutschein-smartphone-anzeige.png","type":"image\/png"}],"twitter_card":"summary_large_image","twitter_misc":{"Est. reading time":"3 minutes"},"schema":{"@context":"https:\/\/schema.org","@graph":[{"@type":"WebPage","@id":"https:\/\/teasense.ch\/it\/prodotto\/gutschein\/","url":"https:\/\/teasense.ch\/it\/prodotto\/gutschein\/","name":"Gutschein - TeaSense.ch - Tee Shop Schweiz","isPartOf":{"@id":"https:\/\/teasense.ch\/it\/#website"},"primaryImageOfPage":{"@id":"https:\/\/teasense.ch\/it\/prodotto\/gutschein\/#primaryimage"},"image":{"@id":"https:\/\/teasense.ch\/it\/prodotto\/gutschein\/#primaryimage"},"thumbnailUrl":"https:\/\/teasense.ch\/wp-content\/uploads\/2023\/07\/gutschein-smartphone-anzeige.png","datePublished":"2023-07-23T16:59:45+00:00","dateModified":"2026-01-28T10:19:23+00:00","description":"Gutschein von CHF 10.- bis 150.- f\u00fcr den Onlineshop von Teasense.ch. Kauf von mehreren Gutscheinen m\u00f6glich. Individueller Gutscheincode.","breadcrumb":{"@id":"https:\/\/teasense.ch\/it\/prodotto\/gutschein\/#breadcrumb"},"inLanguage":"it-CH","potentialAction":[{"@type":"ReadAction","target":["https:\/\/teasense.ch\/it\/prodotto\/gutschein\/"]}]},{"@type":"ImageObject","inLanguage":"it-CH","@id":"https:\/\/teasense.ch\/it\/prodotto\/gutschein\/#primaryimage","url":"https:\/\/teasense.ch\/wp-content\/uploads\/2023\/07\/gutschein-smartphone-anzeige.png","contentUrl":"https:\/\/teasense.ch\/wp-content\/uploads\/2023\/07\/gutschein-smartphone-anzeige.png","width":800,"height":800,"caption":"Gutschein Smartphone Anzeige"},{"@type":"BreadcrumbList","@id":"https:\/\/teasense.ch\/it\/prodotto\/gutschein\/#breadcrumb","itemListElement":[{"@type":"ListItem","position":1,"name":"Startseite","item":"https:\/\/teasense.ch\/it\/startseite\/"},{"@type":"ListItem","position":2,"name":"Ordina t\u00e8 online in Svizzera","item":"https:\/\/teasense.ch\/it\/shop\/"},{"@type":"ListItem","position":3,"name":"Gutschein"}]},{"@type":"WebSite","@id":"https:\/\/teasense.ch\/it\/#website","url":"https:\/\/teasense.ch\/it\/","name":"TeaSense.ch","description":"Nat\u00fcrliche Teemischungen und klassischer Tee","publisher":{"@id":"https:\/\/teasense.ch\/it\/#organization"},"alternateName":"TeaSense","potentialAction":[{"@type":"SearchAction","target":{"@type":"EntryPoint","urlTemplate":"https:\/\/teasense.ch\/it\/?s={search_term_string}"},"query-input":{"@type":"PropertyValueSpecification","valueRequired":true,"valueName":"search_term_string"}}],"inLanguage":"it-CH"},{"@type":"Organization","@id":"https:\/\/teasense.ch\/it\/#organization","name":"Reale Selection","alternateName":"TeaSense.ch","url":"https:\/\/teasense.ch\/it\/","logo":{"@type":"ImageObject","inLanguage":"it-CH","@id":"https:\/\/teasense.ch\/it\/#\/schema\/logo\/image\/","url":"https:\/\/teasense.ch\/wp-content\/uploads\/2023\/07\/cropped-logo-teasense-kategorie-onlineshop-alle-produkte.jpg","contentUrl":"https:\/\/teasense.ch\/wp-content\/uploads\/2023\/07\/cropped-logo-teasense-kategorie-onlineshop-alle-produkte.jpg","width":512,"height":512,"caption":"Reale Selection"},"image":{"@id":"https:\/\/teasense.ch\/it\/#\/schema\/logo\/image\/"},"sameAs":["https:\/\/www.facebook.com\/teasense.ch"]}]}},"jetpack-related-posts":[{"id":47159,"url":"https:\/\/teasense.ch\/it\/prodotto\/geschenk-koffer-gutschein\/","url_meta":{"origin":34031,"position":0},"title":"Geschenk-Koffer Mini mit Gutschein","author":"Reale Selection","date":"29. September 2025","format":false,"excerpt":"Preis beinhaltet Gutscheinwert plus CHF 5.\u2013 (statt 6.90) f\u00fcr den Koffer.","rel":"","context":"Similar post","block_context":{"text":"Similar post","link":""},"img":{"alt_text":"Geschenk Koffer Mini mit Tee Gutschein TeaSense.ch","src":"https:\/\/i0.wp.com\/teasense.ch\/wp-content\/uploads\/2025\/09\/geschenk-koffer-mini-mit-tee-gutschein-teasense.ch_.png?resize=350%2C200&ssl=1","width":350,"height":200,"srcset":"https:\/\/i0.wp.com\/teasense.ch\/wp-content\/uploads\/2025\/09\/geschenk-koffer-mini-mit-tee-gutschein-teasense.ch_.png?resize=350%2C200&ssl=1 1x, https:\/\/i0.wp.com\/teasense.ch\/wp-content\/uploads\/2025\/09\/geschenk-koffer-mini-mit-tee-gutschein-teasense.ch_.png?resize=525%2C300&ssl=1 1.5x, https:\/\/i0.wp.com\/teasense.ch\/wp-content\/uploads\/2025\/09\/geschenk-koffer-mini-mit-tee-gutschein-teasense.ch_.png?resize=700%2C400&ssl=1 2x"},"classes":[]},{"id":45071,"url":"https:\/\/teasense.ch\/it\/prodotto\/geschenk-koffer-mini\/","url_meta":{"origin":34031,"position":1},"title":"Geschenk Koffer Mini","author":"Reale Selection","date":"25. April 2025","format":false,"excerpt":"\ud83c\udf81 Perfekt als Geschenkverpackung\u2708\ufe0f Reise-Feeling im Mini-Format\ud83d\udcd0 Gr\u00f6sse: 108 \u00d7 73 \u00d7 38 mm","rel":"","context":"Similar post","block_context":{"text":"Similar post","link":""},"img":{"alt_text":"Geschenk Koffer Mini Dose von Vorne bedruckte Schlaufe und Briefmarke mit Flugzeug","src":"https:\/\/i0.wp.com\/teasense.ch\/wp-content\/uploads\/2025\/04\/Geschenk-Koffer-Mini-vorne.png?resize=350%2C200&ssl=1","width":350,"height":200,"srcset":"https:\/\/i0.wp.com\/teasense.ch\/wp-content\/uploads\/2025\/04\/Geschenk-Koffer-Mini-vorne.png?resize=350%2C200&ssl=1 1x, https:\/\/i0.wp.com\/teasense.ch\/wp-content\/uploads\/2025\/04\/Geschenk-Koffer-Mini-vorne.png?resize=525%2C300&ssl=1 1.5x, https:\/\/i0.wp.com\/teasense.ch\/wp-content\/uploads\/2025\/04\/Geschenk-Koffer-Mini-vorne.png?resize=700%2C400&ssl=1 2x"},"classes":[]},{"id":39976,"url":"https:\/\/teasense.ch\/prodotto\/tee-abo\/","url_meta":{"origin":34031,"position":2},"title":"Tee Abo","author":"Reale Selection","date":"25. January 2024","format":false,"excerpt":"\ud83c\udf3f Zwei Teesorten pro Monat \ud83d\udcc5 Laufzeit frei w\u00e4hlbar \ud83d\udc8c Pers\u00f6nlich & individuell \ud83c\udf81 Perfekt als Geschenk W\u00e4hle die gew\u00fcnschte Anzahl Monate aus:","rel":"","context":"Similar post","block_context":{"text":"Similar post","link":""},"img":{"alt_text":"Abbonamento al t\u00e8 Scatola di spedizione Teasense Svizzera","src":"https:\/\/i0.wp.com\/teasense.ch\/wp-content\/uploads\/2024\/01\/Tee-Abo-Teasense-Versandbox.png?resize=350%2C200&ssl=1","width":350,"height":200,"srcset":"https:\/\/i0.wp.com\/teasense.ch\/wp-content\/uploads\/2024\/01\/Tee-Abo-Teasense-Versandbox.png?resize=350%2C200&ssl=1 1x, https:\/\/i0.wp.com\/teasense.ch\/wp-content\/uploads\/2024\/01\/Tee-Abo-Teasense-Versandbox.png?resize=525%2C300&ssl=1 1.5x, https:\/\/i0.wp.com\/teasense.ch\/wp-content\/uploads\/2024\/01\/Tee-Abo-Teasense-Versandbox.png?resize=700%2C400&ssl=1 2x"},"classes":[]},{"id":46959,"url":"https:\/\/teasense.ch\/it\/prodotto\/tee-box\/","url_meta":{"origin":34031,"position":3},"title":"Tee Box","author":"Reale Selection","date":"27. August 2025","format":false,"excerpt":"10, 20 oder 30 verschiedene Teesorten 1 Packung leere Teetassenbeutel B-Post Versand inklusive","rel":"","context":"Similar post","block_context":{"text":"Similar post","link":""},"img":{"alt_text":"Tee Box - handverlesene Teesorten inklusive Teetassenbeuteln","src":"https:\/\/i0.wp.com\/teasense.ch\/wp-content\/uploads\/2025\/08\/teebox.png?resize=350%2C200&ssl=1","width":350,"height":200,"srcset":"https:\/\/i0.wp.com\/teasense.ch\/wp-content\/uploads\/2025\/08\/teebox.png?resize=350%2C200&ssl=1 1x, https:\/\/i0.wp.com\/teasense.ch\/wp-content\/uploads\/2025\/08\/teebox.png?resize=525%2C300&ssl=1 1.5x, https:\/\/i0.wp.com\/teasense.ch\/wp-content\/uploads\/2025\/08\/teebox.png?resize=700%2C400&ssl=1 2x"},"classes":[]},{"id":40128,"url":"https:\/\/teasense.ch\/it\/prodotto\/trio-der-sinne\/","url_meta":{"origin":34031,"position":4},"title":"Trio der Sinne","author":"Reale Selection","date":"31. January 2024","format":false,"excerpt":"Jedes Set enth\u00e4lt drei Reagenzgl\u00e4ser mit ca. 5 Gramm Zutaten, liebevoll verpackt in einer Geschenkbox mit Herzanh\u00e4nger. \u00a0","rel":"","context":"Similar post","block_context":{"text":"Similar post","link":""},"img":{"alt_text":"Geschenkverpackung Trio der Sinne mit Schlaufe","src":"https:\/\/i0.wp.com\/teasense.ch\/wp-content\/uploads\/2024\/01\/geschenkverpackung-trio-der-sinne.png?resize=350%2C200&ssl=1","width":350,"height":200,"srcset":"https:\/\/i0.wp.com\/teasense.ch\/wp-content\/uploads\/2024\/01\/geschenkverpackung-trio-der-sinne.png?resize=350%2C200&ssl=1 1x, https:\/\/i0.wp.com\/teasense.ch\/wp-content\/uploads\/2024\/01\/geschenkverpackung-trio-der-sinne.png?resize=525%2C300&ssl=1 1.5x, https:\/\/i0.wp.com\/teasense.ch\/wp-content\/uploads\/2024\/01\/geschenkverpackung-trio-der-sinne.png?resize=700%2C400&ssl=1 2x"},"classes":[]},{"id":38059,"url":"https:\/\/teasense.ch\/it\/prodotto\/adventstee-fruechtetee\/","url_meta":{"origin":34031,"position":5},"title":"Adventstee Fr\u00fcchtetee","author":"Reale Selection","date":"17. October 2023","format":false,"excerpt":"Nicht nur im Winter ein Genuss.\u2603\ufe0f\u2744\ufe0f Zubereitung Adventstee Fr\u00fcchtetee \ud83e\udd44 1 - 2 geh\u00e4ufte Teel\u00f6ffel pro Tasse (20g\/Liter)\ud83c\udf21\ufe0f 100 \u00b0C\u23f3 8 \u2013 10 Minuten ziehen lassen","rel":"","context":"Similar post","block_context":{"text":"Similar post","link":""},"img":{"alt_text":"Winterfr\u00fcchte Teemischung","src":"https:\/\/i0.wp.com\/teasense.ch\/wp-content\/uploads\/2023\/10\/adventstee-plain.jpg?resize=350%2C200&ssl=1","width":350,"height":200,"srcset":"https:\/\/i0.wp.com\/teasense.ch\/wp-content\/uploads\/2023\/10\/adventstee-plain.jpg?resize=350%2C200&ssl=1 1x, https:\/\/i0.wp.com\/teasense.ch\/wp-content\/uploads\/2023\/10\/adventstee-plain.jpg?resize=525%2C300&ssl=1 1.5x, https:\/\/i0.wp.com\/teasense.ch\/wp-content\/uploads\/2023\/10\/adventstee-plain.jpg?resize=700%2C400&ssl=1 2x"},"classes":[]}],"jetpack_sharing_enabled":false,"jetpack_likes_enabled":false,"_links":{"self":[{"href":"https:\/\/teasense.ch\/it\/wp-json\/wp\/v2\/product\/34031","targetHints":{"allow":["GET"]}}],"collection":[{"href":"https:\/\/teasense.ch\/it\/wp-json\/wp\/v2\/product"}],"about":[{"href":"https:\/\/teasense.ch\/it\/wp-json\/wp\/v2\/types\/product"}],"replies":[{"embeddable":true,"href":"https:\/\/teasense.ch\/it\/wp-json\/wp\/v2\/comments?post=34031"}],"wp:featuredmedia":[{"embeddable":true,"href":"https:\/\/teasense.ch\/it\/wp-json\/wp\/v2\/media\/40386"}],"wp:attachment":[{"href":"https:\/\/teasense.ch\/it\/wp-json\/wp\/v2\/media?parent=34031"}],"wp:term":[{"taxonomy":"product_brand","embeddable":true,"href":"https:\/\/teasense.ch\/it\/wp-json\/wp\/v2\/product_brand?post=34031"},{"taxonomy":"product_cat","embeddable":true,"href":"https:\/\/teasense.ch\/it\/wp-json\/wp\/v2\/product_cat?post=34031"},{"taxonomy":"product_tag","embeddable":true,"href":"https:\/\/teasense.ch\/it\/wp-json\/wp\/v2\/product_tag?post=34031"}],"curies":[{"name":"wp","href":"https:\/\/api.w.org\/{rel}","templated":true}]}}