{"id":34845,"date":"2023-08-08T13:18:20","date_gmt":"2023-08-08T11:18:20","guid":{"rendered":"https:\/\/teasense.ch\/?post_type=product&#038;p=34845"},"modified":"2024-11-11T07:10:12","modified_gmt":"2024-11-11T06:10:12","slug":"apfel-ingwer","status":"publish","type":"product","link":"https:\/\/teasense.ch\/it\/prodotto\/apfel-ingwer\/","title":{"rendered":"Apfel-Ingwer"},"content":{"rendered":"<h2>Erfrische dich mit unserem Apfel-Ingwer-Fr\u00fcchtetee<\/h2>\n<p>Erlebe eine harmonische Fusion aus fruchtiger S\u00fcsse und belebender Sch\u00e4rfe in unserem k\u00f6stlichen Apfel-Ingwer-Fr\u00fcchtetee. Mit einer Mischung aus knackigen \u00c4pfeln, exotischer Papaya und w\u00fcrzigem Ingwer bieten wir dir ein unvergleichliches Geschmackserlebnis, das du sowohl heiss als auch kalt geniessen kannst.<\/p>\n<h3>Vielf\u00e4ltige Zubereitungsm\u00f6glichkeiten<\/h3>\n<p>Unser Apfel-Ingwer-Fr\u00fcchtetee ist nicht nur ein Genuss, wenn du ihn heiss aufgiesst, sondern eignet sich auch hervorragend als erfrischende Kaltgetr\u00e4nkeoption. Verw\u00f6hne deinen Gaumen an warmen Sommertagen, indem du den fertigen Tee kalt stellst und ein paar Eisw\u00fcrfel hinzuf\u00fcgst. Diese einfache Zubereitung macht ihn zu einem perfekten Begleiter f\u00fcr entspannte Momente zu jeder Jahreszeit.<\/p>\n<h3>Genuss in wenigen Schritten<\/h3>\n<p>Die Zubereitung unseres Apfel-Ingwer-Fr\u00fcchtetees ist denkbar einfach. Gib einfach 2 geh\u00e4ufte Teel\u00f6ffel unseres Tees pro 250 ml Wasser in deine Lieblingstasse oder Teekanne. Anschliessend giesse sprudelnd kochendes Wasser dar\u00fcber und lass den Tee f\u00fcr 8-10 Minuten ziehen, um sein volles Aroma zu entfalten. Lass dich von der einzigartigen Mischung aus fruchtigen und w\u00fcrzigen Noten verw\u00f6hnen.<\/p>\n<h3>Feinste Qualit\u00e4t, die du schmecken kannst<\/h3>\n<p>Unser Apfel-Ingwer-Fr\u00fcchtetee wird aus sorgf\u00e4ltig ausgew\u00e4hlten Zutaten h\u00f6chster Qualit\u00e4t hergestellt. Jeder Schluck enth\u00e4lt k\u00f6stliche Apfelst\u00fccke, s\u00fcsse Papayast\u00fccke, feurigen Ingwer sowie weitere exquisite Zutaten wie Johannisbrotst\u00fccke, Beerenbl\u00e4tter und Rosenbl\u00fctenbl\u00e4tter. Diese sorgf\u00e4ltig ausgewogene Mischung verleiht dem Tee eine einzigartige Geschmackstiefe und eine erfrischende Note, die du immer wieder geniessen m\u00f6chtest.<\/p>\n<p>Zutaten: Apfelst\u00fccke (53 %), <a href=\"https:\/\/teasense.ch\/produkt\/papayawuerfel\/\">Papayast\u00fccke<\/a> (Papaya, Zucker), <a href=\"https:\/\/teasense.ch\/produkt\/ingwer\/\">Ingwer<\/a> (10 %), Johannisbrotst\u00fccke, nat\u00fcrliches Aroma, Beerenbl\u00e4tter (<a href=\"https:\/\/teasense.ch\/produkt\/brombeerblaetter\/\">Brombeerbl\u00e4tter<\/a>, Schwarze Johannisbeerbl\u00e4tter), Rosenbl\u00fctenbl\u00e4tter<\/p>\n<p>Geniesse mit unserem Apfel-Ingwer-Fr\u00fcchtetee einen Moment der Entspannung und lass dich von seinem unverwechselbaren Geschmack verzaubern. G\u00f6nne dir eine Auszeit vom Alltag und tauche ein in die Welt fruchtiger Aromen und w\u00fcrziger Noten \u2013 ein Genuss f\u00fcr alle deine Sinne!<\/p>\n<p><strong>Durchschnittliche N\u00e4hrwerte bei 1g Tee\/100 ml Wasser<\/strong><br \/>\nBrennwert 16 kJ (4kcal)<br \/>\nFett &lt; 0,1 g, davon ges\u00e4ttigte Fetts\u00e4uren &lt; 0,1 g<br \/>\nKohlenhydrate 0,9 g, davon Zucker 0,9 g<br \/>\nEiweiss &lt; 0,1 g<br \/>\nSalz &lt; 0,1 g<\/p>\n<p>&nbsp;<\/p>\n","protected":false},"excerpt":{"rendered":"<p>Nat\u00fcrlich aromatisierte Apfel-Ingwer Fr\u00fcchteteemischung, gezuckert<\/p>\n","protected":false},"featured_media":34971,"comment_status":"open","ping_status":"closed","template":"","meta":{"_et_pb_use_builder":"","_et_pb_old_content":"","_et_gb_content_width":""},"product_brand":[],"product_cat":[74,151,19],"product_tag":[],"class_list":{"0":"post-34845","1":"product","2":"type-product","3":"status-publish","4":"has-post-thumbnail","6":"product_cat-alle-produkte","7":"product_cat-fruechtetee","8":"product_cat-tee","9":"pa_herkunft-deutschland","10":"pa_weight-120-g","11":"pa_weight-250-g","13":"first","14":"outofstock","15":"shipping-taxable","16":"product-type-variable","17":"has-default-attributes","18":"add-to-wishlist-before_image"},"yoast_head":"<!-- This site is optimized with the Yoast SEO plugin v27.5 - https:\/\/yoast.com\/product\/yoast-seo-wordpress\/ -->\n<title>Apfel-Ingwer - TeaSense.ch<\/title>\n<meta name=\"description\" content=\"Diese klassische Komposition Apfel-Ingwer wird durch die feine Apfelnote und die leichte Sch\u00e4rfe des Ingwers zu einem wunderbaren Geschmackserlebnis.\" \/>\n<meta name=\"robots\" content=\"index, follow, max-snippet:-1, max-image-preview:large, max-video-preview:-1\" \/>\n<link rel=\"canonical\" href=\"https:\/\/teasense.ch\/it\/prodotto\/apfel-ingwer\/\" \/>\n<meta property=\"og:locale\" content=\"it_IT\" \/>\n<meta property=\"og:type\" content=\"article\" \/>\n<meta property=\"og:title\" content=\"Apfel-Ingwer - TeaSense.ch\" \/>\n<meta property=\"og:description\" content=\"Diese klassische Komposition Apfel-Ingwer wird durch die feine Apfelnote und die leichte Sch\u00e4rfe des Ingwers zu einem wunderbaren Geschmackserlebnis.\" \/>\n<meta property=\"og:url\" content=\"https:\/\/teasense.ch\/it\/prodotto\/apfel-ingwer\/\" \/>\n<meta property=\"og:site_name\" content=\"TeaSense.ch\" \/>\n<meta property=\"article:publisher\" content=\"https:\/\/www.facebook.com\/teasense.ch\" \/>\n<meta property=\"article:modified_time\" content=\"2024-11-11T06:10:12+00:00\" \/>\n<meta property=\"og:image\" content=\"https:\/\/teasense.ch\/wp-content\/uploads\/2023\/08\/apfel-ingwer-plain.jpg\" \/>\n\t<meta property=\"og:image:width\" content=\"800\" \/>\n\t<meta property=\"og:image:height\" content=\"800\" \/>\n\t<meta property=\"og:image:type\" content=\"image\/jpeg\" \/>\n<meta name=\"twitter:card\" content=\"summary_large_image\" \/>\n<meta name=\"twitter:label1\" content=\"Est. reading time\" \/>\n\t<meta name=\"twitter:data1\" content=\"2 minutes\" \/>\n<!-- \/ Yoast SEO plugin. -->","yoast_head_json":{"title":"Apfel-Ingwer - TeaSense.ch","description":"Diese klassische Komposition Apfel-Ingwer wird durch die feine Apfelnote und die leichte Sch\u00e4rfe des Ingwers zu einem wunderbaren Geschmackserlebnis.","robots":{"index":"index","follow":"follow","max-snippet":"max-snippet:-1","max-image-preview":"max-image-preview:large","max-video-preview":"max-video-preview:-1"},"canonical":"https:\/\/teasense.ch\/it\/prodotto\/apfel-ingwer\/","og_locale":"it_IT","og_type":"article","og_title":"Apfel-Ingwer - TeaSense.ch","og_description":"Diese klassische Komposition Apfel-Ingwer wird durch die feine Apfelnote und die leichte Sch\u00e4rfe des Ingwers zu einem wunderbaren Geschmackserlebnis.","og_url":"https:\/\/teasense.ch\/it\/prodotto\/apfel-ingwer\/","og_site_name":"TeaSense.ch","article_publisher":"https:\/\/www.facebook.com\/teasense.ch","article_modified_time":"2024-11-11T06:10:12+00:00","og_image":[{"width":800,"height":800,"url":"https:\/\/teasense.ch\/wp-content\/uploads\/2023\/08\/apfel-ingwer-plain.jpg","type":"image\/jpeg"}],"twitter_card":"summary_large_image","twitter_misc":{"Est. reading time":"2 minutes"},"schema":{"@context":"https:\/\/schema.org","@graph":[{"@type":"WebPage","@id":"https:\/\/teasense.ch\/it\/prodotto\/apfel-ingwer\/","url":"https:\/\/teasense.ch\/it\/prodotto\/apfel-ingwer\/","name":"Apfel-Ingwer - TeaSense.ch","isPartOf":{"@id":"https:\/\/teasense.ch\/it\/#website"},"primaryImageOfPage":{"@id":"https:\/\/teasense.ch\/it\/prodotto\/apfel-ingwer\/#primaryimage"},"image":{"@id":"https:\/\/teasense.ch\/it\/prodotto\/apfel-ingwer\/#primaryimage"},"thumbnailUrl":"https:\/\/teasense.ch\/wp-content\/uploads\/2023\/08\/apfel-ingwer-plain.jpg","datePublished":"2023-08-08T11:18:20+00:00","dateModified":"2024-11-11T06:10:12+00:00","description":"Diese klassische Komposition Apfel-Ingwer wird durch die feine Apfelnote und die leichte Sch\u00e4rfe des Ingwers zu einem wunderbaren Geschmackserlebnis.","breadcrumb":{"@id":"https:\/\/teasense.ch\/it\/prodotto\/apfel-ingwer\/#breadcrumb"},"inLanguage":"it-CH","potentialAction":[{"@type":"ReadAction","target":["https:\/\/teasense.ch\/it\/prodotto\/apfel-ingwer\/"]}]},{"@type":"ImageObject","inLanguage":"it-CH","@id":"https:\/\/teasense.ch\/it\/prodotto\/apfel-ingwer\/#primaryimage","url":"https:\/\/teasense.ch\/wp-content\/uploads\/2023\/08\/apfel-ingwer-plain.jpg","contentUrl":"https:\/\/teasense.ch\/wp-content\/uploads\/2023\/08\/apfel-ingwer-plain.jpg","width":800,"height":800,"caption":"Teemischung Apfel Ingwer"},{"@type":"BreadcrumbList","@id":"https:\/\/teasense.ch\/it\/prodotto\/apfel-ingwer\/#breadcrumb","itemListElement":[{"@type":"ListItem","position":1,"name":"Startseite","item":"https:\/\/teasense.ch\/it\/"},{"@type":"ListItem","position":2,"name":"Ordina t\u00e8 online in Svizzera","item":"https:\/\/teasense.ch\/it\/shop\/"},{"@type":"ListItem","position":3,"name":"Apfel-Ingwer"}]},{"@type":"WebSite","@id":"https:\/\/teasense.ch\/it\/#website","url":"https:\/\/teasense.ch\/it\/","name":"TeaSense.ch","description":"Nat\u00fcrliche Teemischungen und klassischer Tee","publisher":{"@id":"https:\/\/teasense.ch\/it\/#organization"},"alternateName":"TeaSense","potentialAction":[{"@type":"SearchAction","target":{"@type":"EntryPoint","urlTemplate":"https:\/\/teasense.ch\/it\/?s={search_term_string}"},"query-input":{"@type":"PropertyValueSpecification","valueRequired":true,"valueName":"search_term_string"}}],"inLanguage":"it-CH"},{"@type":"Organization","@id":"https:\/\/teasense.ch\/it\/#organization","name":"Reale Selection","alternateName":"TeaSense.ch","url":"https:\/\/teasense.ch\/it\/","logo":{"@type":"ImageObject","inLanguage":"it-CH","@id":"https:\/\/teasense.ch\/it\/#\/schema\/logo\/image\/","url":"https:\/\/teasense.ch\/wp-content\/uploads\/2023\/07\/cropped-logo-teasense-kategorie-onlineshop-alle-produkte.jpg","contentUrl":"https:\/\/teasense.ch\/wp-content\/uploads\/2023\/07\/cropped-logo-teasense-kategorie-onlineshop-alle-produkte.jpg","width":512,"height":512,"caption":"Reale Selection"},"image":{"@id":"https:\/\/teasense.ch\/it\/#\/schema\/logo\/image\/"},"sameAs":["https:\/\/www.facebook.com\/teasense.ch"]}]}},"jetpack-related-posts":[{"id":38059,"url":"https:\/\/teasense.ch\/prodotto\/adventstee-fruechtetee\/","url_meta":{"origin":34845,"position":0},"title":"Adventstee Fr\u00fcchtetee","author":"Reale Selection","date":"17 October 2023","format":false,"excerpt":"Nicht nur im Winter ein Genuss.\u2603\ufe0f\u2744\ufe0f Zubereitung Adventstee Fr\u00fcchtetee \ud83e\udd44 1 - 2 geh\u00e4ufte Teel\u00f6ffel pro Tasse (20g\/Liter)\ud83c\udf21\ufe0f 100 \u00b0C\u23f3 8 \u2013 10 Minuten ziehen lassen","rel":"","context":"Similar post","block_context":{"text":"Similar post","link":""},"img":{"alt_text":"Winterfr\u00fcchte Teemischung","src":"https:\/\/i0.wp.com\/teasense.ch\/wp-content\/uploads\/2023\/10\/adventstee-plain.jpg?resize=350%2C200&ssl=1","width":350,"height":200,"srcset":"https:\/\/i0.wp.com\/teasense.ch\/wp-content\/uploads\/2023\/10\/adventstee-plain.jpg?resize=350%2C200&ssl=1 1x, https:\/\/i0.wp.com\/teasense.ch\/wp-content\/uploads\/2023\/10\/adventstee-plain.jpg?resize=525%2C300&ssl=1 1.5x, https:\/\/i0.wp.com\/teasense.ch\/wp-content\/uploads\/2023\/10\/adventstee-plain.jpg?resize=700%2C400&ssl=1 2x"},"classes":[]},{"id":33095,"url":"https:\/\/teasense.ch\/it\/prodotto\/yuzu\/","url_meta":{"origin":34845,"position":1},"title":"Yuzu Teemischung","author":"Reale Selection","date":"29 June 2023","format":false,"excerpt":"Fr\u00fcchtetee Derzeit nur auf Anfrage verf\u00fcgbar.","rel":"","context":"Similar post","block_context":{"text":"Similar post","link":""},"img":{"alt_text":"Yuzu Teemischung","src":"https:\/\/i0.wp.com\/teasense.ch\/wp-content\/uploads\/2023\/06\/yuzu.jpg?resize=350%2C200&ssl=1","width":350,"height":200,"srcset":"https:\/\/i0.wp.com\/teasense.ch\/wp-content\/uploads\/2023\/06\/yuzu.jpg?resize=350%2C200&ssl=1 1x, https:\/\/i0.wp.com\/teasense.ch\/wp-content\/uploads\/2023\/06\/yuzu.jpg?resize=525%2C300&ssl=1 1.5x, https:\/\/i0.wp.com\/teasense.ch\/wp-content\/uploads\/2023\/06\/yuzu.jpg?resize=700%2C400&ssl=1 2x"},"classes":[]},{"id":39894,"url":"https:\/\/teasense.ch\/prodotto\/winterfruechte\/","url_meta":{"origin":34845,"position":2},"title":"Winterfr\u00fcchte Tee","author":"Reale Selection","date":"20 January 2024","format":false,"excerpt":"Zubereitung Winterfr\u00fcchte-Tee \ud83e\udd44 1 - 2 geh\u00e4ufte Teel\u00f6ffel pro Tasse (20g\/Liter)\ud83c\udf21\ufe0f 100 \u00b0C\u23f3 8 - 10 Minuten ziehen lassen","rel":"","context":"Similar post","block_context":{"text":"Similar post","link":""},"img":{"alt_text":"Winterfr\u00fcchte Tee ohne Aroma lose Teemischung","src":"https:\/\/i0.wp.com\/teasense.ch\/wp-content\/uploads\/2024\/01\/winterfruechte-tee.png?resize=350%2C200&ssl=1","width":350,"height":200,"srcset":"https:\/\/i0.wp.com\/teasense.ch\/wp-content\/uploads\/2024\/01\/winterfruechte-tee.png?resize=350%2C200&ssl=1 1x, https:\/\/i0.wp.com\/teasense.ch\/wp-content\/uploads\/2024\/01\/winterfruechte-tee.png?resize=525%2C300&ssl=1 1.5x, https:\/\/i0.wp.com\/teasense.ch\/wp-content\/uploads\/2024\/01\/winterfruechte-tee.png?resize=700%2C400&ssl=1 2x"},"classes":[]},{"id":45391,"url":"https:\/\/teasense.ch\/prodotto\/power-fruechtetee\/","url_meta":{"origin":34845,"position":3},"title":"Power Fr\u00fcchtetee","author":"Reale Selection","date":"10 May 2025","format":false,"excerpt":"Zubereitung \u2013 Power Fr\u00fcchtetee \ud83e\udd44 2 g (ca. 1\u20132 TL) auf 200 ml Wasser\ud83c\udf21\ufe0f 100 \u00b0C\u23f3 8 \u2013 10 Minuten ziehen lassen","rel":"","context":"Similar post","block_context":{"text":"Similar post","link":""},"img":{"alt_text":"Power Fr\u00fcchtetee","src":"https:\/\/i0.wp.com\/teasense.ch\/wp-content\/uploads\/2025\/05\/power-fruechtetee.png?resize=350%2C200&ssl=1","width":350,"height":200,"srcset":"https:\/\/i0.wp.com\/teasense.ch\/wp-content\/uploads\/2025\/05\/power-fruechtetee.png?resize=350%2C200&ssl=1 1x, https:\/\/i0.wp.com\/teasense.ch\/wp-content\/uploads\/2025\/05\/power-fruechtetee.png?resize=525%2C300&ssl=1 1.5x, https:\/\/i0.wp.com\/teasense.ch\/wp-content\/uploads\/2025\/05\/power-fruechtetee.png?resize=700%2C400&ssl=1 2x"},"classes":[]},{"id":47195,"url":"https:\/\/teasense.ch\/prodotto\/herbstgefuehle-fruechtetee\/","url_meta":{"origin":34845,"position":4},"title":"Herbstgef\u00fchle &#8211; Fr\u00fcchtetee","author":"Reale Selection","date":"30 September 2025","format":false,"excerpt":"Zubereitung Herbstgef\u00fchle Fr\u00fcchtetee \ud83e\udd44 12\u201315 g\/l\ud83c\udf21\ufe0f 100 \u00b0C\u23f3 7\u201310 Minuten","rel":"","context":"Similar post","block_context":{"text":"Similar post","link":""},"img":{"alt_text":"Herbstgef\u00fchle - Fr\u00fcchtetee, loser Fr\u00fcchtetee mit Kr\u00e4utern","src":"https:\/\/i0.wp.com\/teasense.ch\/wp-content\/uploads\/2025\/09\/herbst1.png?resize=350%2C200&ssl=1","width":350,"height":200,"srcset":"https:\/\/i0.wp.com\/teasense.ch\/wp-content\/uploads\/2025\/09\/herbst1.png?resize=350%2C200&ssl=1 1x, https:\/\/i0.wp.com\/teasense.ch\/wp-content\/uploads\/2025\/09\/herbst1.png?resize=525%2C300&ssl=1 1.5x, https:\/\/i0.wp.com\/teasense.ch\/wp-content\/uploads\/2025\/09\/herbst1.png?resize=700%2C400&ssl=1 2x"},"classes":[]},{"id":43244,"url":"https:\/\/teasense.ch\/prodotto\/apfel-kirsch\/","url_meta":{"origin":34845,"position":5},"title":"Apfel-Kirsch","author":"Reale Selection","date":"23 October 2024","format":false,"excerpt":"Zubereitung Apfel-Kirsch Fr\u00fcchtetee \ud83e\udd44 1 - 2 Teel\u00f6ffel \ud83c\udf21\ufe0f 100\u00b0C \u23f3 8 - 10 Min","rel":"","context":"Similar post","block_context":{"text":"Similar post","link":""},"img":{"alt_text":"Apfel Kirsch Fr\u00fcchtetee weisser Hintergrund","src":"https:\/\/i0.wp.com\/teasense.ch\/wp-content\/uploads\/2024\/10\/apfel-kirsch-fruechtetee-weisser-hintergrund.png?resize=350%2C200&ssl=1","width":350,"height":200,"srcset":"https:\/\/i0.wp.com\/teasense.ch\/wp-content\/uploads\/2024\/10\/apfel-kirsch-fruechtetee-weisser-hintergrund.png?resize=350%2C200&ssl=1 1x, https:\/\/i0.wp.com\/teasense.ch\/wp-content\/uploads\/2024\/10\/apfel-kirsch-fruechtetee-weisser-hintergrund.png?resize=525%2C300&ssl=1 1.5x, https:\/\/i0.wp.com\/teasense.ch\/wp-content\/uploads\/2024\/10\/apfel-kirsch-fruechtetee-weisser-hintergrund.png?resize=700%2C400&ssl=1 2x"},"classes":[]}],"jetpack_sharing_enabled":false,"jetpack_likes_enabled":false,"_links":{"self":[{"href":"https:\/\/teasense.ch\/it\/wp-json\/wp\/v2\/product\/34845","targetHints":{"allow":["GET"]}}],"collection":[{"href":"https:\/\/teasense.ch\/it\/wp-json\/wp\/v2\/product"}],"about":[{"href":"https:\/\/teasense.ch\/it\/wp-json\/wp\/v2\/types\/product"}],"replies":[{"embeddable":true,"href":"https:\/\/teasense.ch\/it\/wp-json\/wp\/v2\/comments?post=34845"}],"wp:featuredmedia":[{"embeddable":true,"href":"https:\/\/teasense.ch\/it\/wp-json\/wp\/v2\/media\/34971"}],"wp:attachment":[{"href":"https:\/\/teasense.ch\/it\/wp-json\/wp\/v2\/media?parent=34845"}],"wp:term":[{"taxonomy":"product_brand","embeddable":true,"href":"https:\/\/teasense.ch\/it\/wp-json\/wp\/v2\/product_brand?post=34845"},{"taxonomy":"product_cat","embeddable":true,"href":"https:\/\/teasense.ch\/it\/wp-json\/wp\/v2\/product_cat?post=34845"},{"taxonomy":"product_tag","embeddable":true,"href":"https:\/\/teasense.ch\/it\/wp-json\/wp\/v2\/product_tag?post=34845"}],"curies":[{"name":"wp","href":"https:\/\/api.w.org\/{rel}","templated":true}]}}