{"id":36370,"date":"2023-08-29T17:49:19","date_gmt":"2023-08-29T15:49:19","guid":{"rendered":"https:\/\/teasense.ch\/?post_type=product&#038;p=36370"},"modified":"2025-10-17T16:22:10","modified_gmt":"2025-10-17T14:22:10","slug":"sinneskraeuter-tee","status":"publish","type":"product","link":"https:\/\/teasense.ch\/it\/prodotto\/sinneskraeuter-tee\/","title":{"rendered":"Sinneskr\u00e4uter Tee"},"content":{"rendered":"<h2>Sinneskr\u00e4uter Tee \u2013 Ein Erlebnis f\u00fcr alle Sinne<\/h2>\n<p>Unser Tee Sinneskr\u00e4uter vereint eine sorgf\u00e4ltige Auswahl an Kr\u00e4utern wie Hagebuttenschalen und Zitronengras. Diese Mischung ist nicht nur ein Genuss f\u00fcr den Gaumen, sondern auch ein wahres Erlebnis f\u00fcr die Sinne. Der Tee enth\u00e4lt kein Teein, was ihn zu einer idealen Wahl f\u00fcr den ganzen Tag macht \u2013 perfekt f\u00fcr eine entspannende Tasse am Nachmittag oder eine erfrischende Auszeit zu jeder Tageszeit.<\/p>\n<h3>Ein Duft, der Vorfreude weckt<\/h3>\n<p>Schon beim \u00d6ffnen der Packung str\u00f6mt der verf\u00fchrerische Duft von Hibiskusbl\u00fcten, Hagebutte und Kr\u00e4utern in die Nase. Der sanfte, blumige Duft sorgt f\u00fcr sofortige Entspannung und weckt die Neugier, wie der Tee wohl schmecken wird. Es ist ein wahres aromatisches Erlebnis, das den Genuss noch intensiver macht.<\/p>\n<h3>Geschmack der Harmonie<\/h3>\n<p>Wenn der Tee aufgebr\u00fcht wird, entfaltet sich eine harmonische Mischung von Aromen. Die s\u00fcssliche Hagebutte vereint sich mit der zitrusartigen Frische des Zitronengrases. W\u00e4hrend des Ziehens breiten sich die frischen Noten der Zitronenverbene und Krauseminze aus, die f\u00fcr zus\u00e4tzliche Frische sorgen. Dieser Tee regt nicht nur den Gaumen, sondern auch die Fantasie an: Stell dir vor, du spazierst durch einen Garten voller bl\u00fchender Kr\u00e4uter.<\/p>\n<h3>Vielseitigkeit f\u00fcr jeden Moment &#8211; Sinneskr\u00e4uter Tee<\/h3>\n<p>Der Tee Sinneskr\u00e4uter ist vielseitig einsetzbar \u2013 du kannst ihn sowohl heiss als auch kalt geniessen. Ideal f\u00fcr eine erfrischende Pause oder als entspannender Tee am Abend. Seine leichte Frische macht ihn zu einem perfekten Begleiter bei warmem Wetter, aber auch an k\u00fchleren Tagen ist er der ideale Tee, um den Moment zu geniessen.<\/p>\n<h3>Zutaten<\/h3>\n<p>Hibiskusbl\u00fcten, <a href=\"https:\/\/teasense.ch\/produkt\/hagenbuttenschalen\/\">Hagebuttenschalen<\/a>, <a href=\"https:\/\/teasense.ch\/produkt\/lemongras\/\">Zitronengras<\/a>, Zitronenverbene, Krauseminzbl\u00e4tter, Brennnesselbl\u00e4tter, <a href=\"https:\/\/teasense.ch\/produkt\/rosenblueten\/\">Rosenbl\u00fctenbl\u00e4tter <\/a><\/p>\n<p>G\u00f6nn dir eine Tasse Sinneskr\u00e4uter Tee und entdecke eine neue Welt der Aromen. Er eignet sich f\u00fcr jeden Moment und wird deine Sinne verw\u00f6hnen. Der perfekte Tee f\u00fcr entspannte Momente, der durch seine ausgewogenen Kr\u00e4uter und die harmonischen Aromen begeistert.<\/p>\n","protected":false},"excerpt":{"rendered":"<h4>Zubereitung Sinneskr\u00e4uter Tee<\/h4>\n<p>\ud83e\udd44 2,5 g auf 200 ml Wasser<br \/>\n\ud83c\udf21\ufe0f 100 \u00b0C<br \/>\n\u23f3 5-8 Minuten<\/p>\n","protected":false},"featured_media":36385,"comment_status":"open","ping_status":"closed","template":"","meta":{"_et_pb_use_builder":"off","_et_pb_old_content":"Unser Tee Sinneskr\u00e4uter besteht unter anderem aus Hagebuttenschalen und Zitronengras. Der Tee enth\u00e4lt kein Teein, was ihn zum idealen Begleiter f\u00fcr den ganzen Tag macht. Diese Teemischung ist ein Genuss f\u00fcr den Gaumen.\r\n\r\nDoch Sinneskr\u00e4uter ist mehr als nur ein einfacher Kr\u00e4utertee - es ist ein Erlebnis f\u00fcr alle Sinne. Der Duft von den verschiedenen Kr\u00e4utern steigt einem in die Nase beim \u00d6ffnen der Packung und l\u00e4sst Vorfreude aufkommen. Beim Aufbr\u00fchen des Tees breiten sich dann weitere Aromen aus: Die S\u00fcsse der Hagebutte vermischt sich mit dem zitrusartigen Geschmack des Zitronengrases zu einer perfekten Harmonie im Gaumen.\r\n\r\nNebenbei regt dieser Tee unsere Fantasie an: Wir stellen uns vor, wie wir durch duftende G\u00e4rten spazieren.\r\n\r\n<strong>Zutaten<\/strong>\r\nHibiskusbl\u00fcten, Hagebuttenschalen, Zitronengras, Zitronenverbene, Krauseminzbl\u00e4tter, Brennnesselbl\u00e4tter, Rosenbl\u00fctenbl\u00e4tter\r\n\r\n<strong>Zubereitung<\/strong>\r\n100 \u00b0C, Ziehzeit 5-8 Minuten, 2.5 g \/ 200 ml","_et_gb_content_width":""},"product_brand":[],"product_cat":[74,150,19],"product_tag":[],"class_list":{"0":"post-36370","1":"product","2":"type-product","3":"status-publish","4":"has-post-thumbnail","6":"product_cat-alle-produkte","7":"product_cat-kraeutertee","8":"product_cat-tee","9":"pa_herkunft-deutschland","10":"pa_weight-100-g","11":"pa_weight-200-g","12":"pa_weight-400-g","13":"pa_weight-50-g","15":"first","16":"instock","17":"shipping-taxable","18":"purchasable","19":"product-type-variable","20":"has-default-attributes","21":"add-to-wishlist-before_image"},"yoast_head":"<!-- This site is optimized with the Yoast SEO plugin v27.4 - https:\/\/yoast.com\/product\/yoast-seo-wordpress\/ -->\n<title>Sinneskr\u00e4uter Tee - TeaSense.ch - Tee Shop Schweiz<\/title>\n<meta name=\"description\" content=\"Unser Sinneskr\u00e4uter Tee besteht unter anderem aus Hagebutte und Zitrone. Der Tee enth\u00e4lt kein Teein, was ihn zum idealen Begleiter f\u00fcr den ganzen Tag macht.\" \/>\n<meta name=\"robots\" content=\"index, follow, max-snippet:-1, max-image-preview:large, max-video-preview:-1\" \/>\n<link rel=\"canonical\" href=\"https:\/\/teasense.ch\/it\/prodotto\/sinneskraeuter-tee\/\" \/>\n<meta property=\"og:locale\" content=\"it_IT\" \/>\n<meta property=\"og:type\" content=\"article\" \/>\n<meta property=\"og:title\" content=\"Sinneskr\u00e4uter Tee - TeaSense.ch - Tee Shop Schweiz\" \/>\n<meta property=\"og:description\" content=\"Unser Sinneskr\u00e4uter Tee besteht unter anderem aus Hagebutte und Zitrone. Der Tee enth\u00e4lt kein Teein, was ihn zum idealen Begleiter f\u00fcr den ganzen Tag macht.\" \/>\n<meta property=\"og:url\" content=\"https:\/\/teasense.ch\/it\/prodotto\/sinneskraeuter-tee\/\" \/>\n<meta property=\"og:site_name\" content=\"TeaSense.ch - Tee Shop Schweiz\" \/>\n<meta property=\"article:publisher\" content=\"https:\/\/www.facebook.com\/teasense.ch\" \/>\n<meta property=\"article:modified_time\" content=\"2025-10-17T14:22:10+00:00\" \/>\n<meta property=\"og:image\" content=\"https:\/\/teasense.ch\/wp-content\/uploads\/2023\/08\/sinneskraeuter-teemischung-plain.jpg\" \/>\n\t<meta property=\"og:image:width\" content=\"800\" \/>\n\t<meta property=\"og:image:height\" content=\"800\" \/>\n\t<meta property=\"og:image:type\" content=\"image\/jpeg\" \/>\n<meta name=\"twitter:card\" content=\"summary_large_image\" \/>\n<meta name=\"twitter:label1\" content=\"Est. reading time\" \/>\n\t<meta name=\"twitter:data1\" content=\"2 minutes\" \/>\n<!-- \/ Yoast SEO plugin. -->","yoast_head_json":{"title":"Sinneskr\u00e4uter Tee - TeaSense.ch - Tee Shop Schweiz","description":"Unser Sinneskr\u00e4uter Tee besteht unter anderem aus Hagebutte und Zitrone. Der Tee enth\u00e4lt kein Teein, was ihn zum idealen Begleiter f\u00fcr den ganzen Tag macht.","robots":{"index":"index","follow":"follow","max-snippet":"max-snippet:-1","max-image-preview":"max-image-preview:large","max-video-preview":"max-video-preview:-1"},"canonical":"https:\/\/teasense.ch\/it\/prodotto\/sinneskraeuter-tee\/","og_locale":"it_IT","og_type":"article","og_title":"Sinneskr\u00e4uter Tee - TeaSense.ch - Tee Shop Schweiz","og_description":"Unser Sinneskr\u00e4uter Tee besteht unter anderem aus Hagebutte und Zitrone. Der Tee enth\u00e4lt kein Teein, was ihn zum idealen Begleiter f\u00fcr den ganzen Tag macht.","og_url":"https:\/\/teasense.ch\/it\/prodotto\/sinneskraeuter-tee\/","og_site_name":"TeaSense.ch - Tee Shop Schweiz","article_publisher":"https:\/\/www.facebook.com\/teasense.ch","article_modified_time":"2025-10-17T14:22:10+00:00","og_image":[{"width":800,"height":800,"url":"https:\/\/teasense.ch\/wp-content\/uploads\/2023\/08\/sinneskraeuter-teemischung-plain.jpg","type":"image\/jpeg"}],"twitter_card":"summary_large_image","twitter_misc":{"Est. reading time":"2 minutes"},"schema":{"@context":"https:\/\/schema.org","@graph":[{"@type":"WebPage","@id":"https:\/\/teasense.ch\/it\/prodotto\/sinneskraeuter-tee\/","url":"https:\/\/teasense.ch\/it\/prodotto\/sinneskraeuter-tee\/","name":"Sinneskr\u00e4uter Tee - TeaSense.ch - Tee Shop Schweiz","isPartOf":{"@id":"https:\/\/teasense.ch\/it\/#website"},"primaryImageOfPage":{"@id":"https:\/\/teasense.ch\/it\/prodotto\/sinneskraeuter-tee\/#primaryimage"},"image":{"@id":"https:\/\/teasense.ch\/it\/prodotto\/sinneskraeuter-tee\/#primaryimage"},"thumbnailUrl":"https:\/\/teasense.ch\/wp-content\/uploads\/2023\/08\/sinneskraeuter-teemischung-plain.jpg","datePublished":"2023-08-29T15:49:19+00:00","dateModified":"2025-10-17T14:22:10+00:00","description":"Unser Sinneskr\u00e4uter Tee besteht unter anderem aus Hagebutte und Zitrone. Der Tee enth\u00e4lt kein Teein, was ihn zum idealen Begleiter f\u00fcr den ganzen Tag macht.","breadcrumb":{"@id":"https:\/\/teasense.ch\/it\/prodotto\/sinneskraeuter-tee\/#breadcrumb"},"inLanguage":"it-CH","potentialAction":[{"@type":"ReadAction","target":["https:\/\/teasense.ch\/it\/prodotto\/sinneskraeuter-tee\/"]}]},{"@type":"ImageObject","inLanguage":"it-CH","@id":"https:\/\/teasense.ch\/it\/prodotto\/sinneskraeuter-tee\/#primaryimage","url":"https:\/\/teasense.ch\/wp-content\/uploads\/2023\/08\/sinneskraeuter-teemischung-plain.jpg","contentUrl":"https:\/\/teasense.ch\/wp-content\/uploads\/2023\/08\/sinneskraeuter-teemischung-plain.jpg","width":800,"height":800,"caption":"Sinneskr\u00e4uter Lose Teemischung"},{"@type":"BreadcrumbList","@id":"https:\/\/teasense.ch\/it\/prodotto\/sinneskraeuter-tee\/#breadcrumb","itemListElement":[{"@type":"ListItem","position":1,"name":"Startseite","item":"https:\/\/teasense.ch\/it\/startseite\/"},{"@type":"ListItem","position":2,"name":"Ordina t\u00e8 online in Svizzera","item":"https:\/\/teasense.ch\/it\/shop\/"},{"@type":"ListItem","position":3,"name":"Sinneskr\u00e4uter Tee"}]},{"@type":"WebSite","@id":"https:\/\/teasense.ch\/it\/#website","url":"https:\/\/teasense.ch\/it\/","name":"TeaSense.ch","description":"Nat\u00fcrliche Teemischungen und klassischer Tee","publisher":{"@id":"https:\/\/teasense.ch\/it\/#organization"},"alternateName":"TeaSense","potentialAction":[{"@type":"SearchAction","target":{"@type":"EntryPoint","urlTemplate":"https:\/\/teasense.ch\/it\/?s={search_term_string}"},"query-input":{"@type":"PropertyValueSpecification","valueRequired":true,"valueName":"search_term_string"}}],"inLanguage":"it-CH"},{"@type":"Organization","@id":"https:\/\/teasense.ch\/it\/#organization","name":"Reale Selection","alternateName":"TeaSense.ch","url":"https:\/\/teasense.ch\/it\/","logo":{"@type":"ImageObject","inLanguage":"it-CH","@id":"https:\/\/teasense.ch\/it\/#\/schema\/logo\/image\/","url":"https:\/\/teasense.ch\/wp-content\/uploads\/2023\/07\/cropped-logo-teasense-kategorie-onlineshop-alle-produkte.jpg","contentUrl":"https:\/\/teasense.ch\/wp-content\/uploads\/2023\/07\/cropped-logo-teasense-kategorie-onlineshop-alle-produkte.jpg","width":512,"height":512,"caption":"Reale Selection"},"image":{"@id":"https:\/\/teasense.ch\/it\/#\/schema\/logo\/image\/"},"sameAs":["https:\/\/www.facebook.com\/teasense.ch"]}]}},"jetpack-related-posts":[{"id":46306,"url":"https:\/\/teasense.ch\/it\/prodotto\/tee-geschenkset-tasse-kraeutertee\/","url_meta":{"origin":36370,"position":0},"title":"Tee Geschenkset mit Tasse &#038; Kr\u00e4utertee","author":"Reale Selection","date":"27. July 2025","format":false,"excerpt":"Porzellan Becher mit Deckel & 50\u202fg Kr\u00e4utertee.Verpackt im Naturkarton mit Sichtfenster \u2013perfekt als Geschenk f\u00fcr bewusste Tee-Momente. \ud83c\udf43","rel":"","context":"Similar post","block_context":{"text":"Similar post","link":""},"img":{"alt_text":"Tee Geschenkset mit Tasse & Kr\u00e4utertee","src":"https:\/\/i0.wp.com\/teasense.ch\/wp-content\/uploads\/2025\/07\/Tee-Geschenkset-mit-Tasse-Kraeutertee.png?resize=350%2C200&ssl=1","width":350,"height":200,"srcset":"https:\/\/i0.wp.com\/teasense.ch\/wp-content\/uploads\/2025\/07\/Tee-Geschenkset-mit-Tasse-Kraeutertee.png?resize=350%2C200&ssl=1 1x, https:\/\/i0.wp.com\/teasense.ch\/wp-content\/uploads\/2025\/07\/Tee-Geschenkset-mit-Tasse-Kraeutertee.png?resize=525%2C300&ssl=1 1.5x, https:\/\/i0.wp.com\/teasense.ch\/wp-content\/uploads\/2025\/07\/Tee-Geschenkset-mit-Tasse-Kraeutertee.png?resize=700%2C400&ssl=1 2x"},"classes":[]},{"id":43179,"url":"https:\/\/teasense.ch\/it\/prodotto\/waldgefluester\/","url_meta":{"origin":36370,"position":1},"title":"Waldgefl\u00fcster &#8211; Kr\u00e4utermischung","author":"Reale Selection","date":"22. October 2024","format":false,"excerpt":"Zubereitung Waldgefl\u00fcster Kr\u00e4utertee \ud83e\udd44 1 Teel\u00f6ffel \ud83c\udf21\ufe0f 100\u00b0C \u23f3 6 - 10 Minuten","rel":"","context":"Similar post","block_context":{"text":"Similar post","link":""},"img":{"alt_text":"Waldgefl\u00fcster Teemischung","src":"https:\/\/i0.wp.com\/teasense.ch\/wp-content\/uploads\/2024\/10\/waldgefluester.png?resize=350%2C200&ssl=1","width":350,"height":200,"srcset":"https:\/\/i0.wp.com\/teasense.ch\/wp-content\/uploads\/2024\/10\/waldgefluester.png?resize=350%2C200&ssl=1 1x, https:\/\/i0.wp.com\/teasense.ch\/wp-content\/uploads\/2024\/10\/waldgefluester.png?resize=525%2C300&ssl=1 1.5x, https:\/\/i0.wp.com\/teasense.ch\/wp-content\/uploads\/2024\/10\/waldgefluester.png?resize=700%2C400&ssl=1 2x"},"classes":[]},{"id":43165,"url":"https:\/\/teasense.ch\/it\/prodotto\/fichtennadeln\/","url_meta":{"origin":36370,"position":2},"title":"Fichtennadeln","author":"Reale Selection","date":"21. October 2024","format":false,"excerpt":"Zubereitung Fichtennadeltee \ud83e\udd44 1 \u2013 2 Teel\u00f6ffel Fichtennadeln pro Tasse\ud83c\udf21\ufe0f 100 \u00b0C\u23f3 8 \u2013 10 Min. (f\u00fcr intensiven Geschmack bis zu 30 Minuten)","rel":"","context":"Similar post","block_context":{"text":"Similar post","link":""},"img":{"alt_text":"Fichtennadeln Foliae","src":"https:\/\/i0.wp.com\/teasense.ch\/wp-content\/uploads\/2024\/10\/fichtennadeln-natur.png?resize=350%2C200&ssl=1","width":350,"height":200,"srcset":"https:\/\/i0.wp.com\/teasense.ch\/wp-content\/uploads\/2024\/10\/fichtennadeln-natur.png?resize=350%2C200&ssl=1 1x, https:\/\/i0.wp.com\/teasense.ch\/wp-content\/uploads\/2024\/10\/fichtennadeln-natur.png?resize=525%2C300&ssl=1 1.5x, https:\/\/i0.wp.com\/teasense.ch\/wp-content\/uploads\/2024\/10\/fichtennadeln-natur.png?resize=700%2C400&ssl=1 2x"},"classes":[]},{"id":38233,"url":"https:\/\/teasense.ch\/it\/prodotto\/bleib-fresh\/","url_meta":{"origin":36370,"position":3},"title":"Bleib Fresh Kr\u00e4utertee","author":"Reale Selection","date":"22. October 2023","format":false,"excerpt":"Kr\u00e4utertee mit Minze-Lemon-Geschmack Zubereitung Bleib Fresh Kr\u00e4utertee \ud83e\udd44 1-2 Teel\u00f6ffel Kr\u00e4utermischung pro Liter (14g\/Liter) \ud83c\udf21\ufe0f 100 \u00b0C (Kochendes Wasser) \u23f3 5 Minuten","rel":"","context":"Similar post","block_context":{"text":"Similar post","link":""},"img":{"alt_text":"Loser Koriander Teemischung","src":"https:\/\/i0.wp.com\/teasense.ch\/wp-content\/uploads\/2023\/10\/kraeuterteemischung-bleib-fresh-plain.jpg?resize=350%2C200&ssl=1","width":350,"height":200,"srcset":"https:\/\/i0.wp.com\/teasense.ch\/wp-content\/uploads\/2023\/10\/kraeuterteemischung-bleib-fresh-plain.jpg?resize=350%2C200&ssl=1 1x, https:\/\/i0.wp.com\/teasense.ch\/wp-content\/uploads\/2023\/10\/kraeuterteemischung-bleib-fresh-plain.jpg?resize=525%2C300&ssl=1 1.5x, https:\/\/i0.wp.com\/teasense.ch\/wp-content\/uploads\/2023\/10\/kraeuterteemischung-bleib-fresh-plain.jpg?resize=700%2C400&ssl=1 2x"},"classes":[]},{"id":43208,"url":"https:\/\/teasense.ch\/it\/prodotto\/erdbeerblaetter\/","url_meta":{"origin":36370,"position":4},"title":"Erdbeerbl\u00e4tter","author":"Reale Selection","date":"23. October 2024","format":false,"excerpt":"Zubereitung Erdbeerbl\u00e4tter Tee \ud83e\udd44 1 TL Erdbeerbl\u00e4tter pro Tasse\ud83c\udf21\ufe0f 100 \u00b0C\u23f3 5 \u2013 7 Minuten","rel":"","context":"Similar post","block_context":{"text":"Similar post","link":""},"img":{"alt_text":"Erdbeerbl\u00e4tter","src":"https:\/\/i0.wp.com\/teasense.ch\/wp-content\/uploads\/2024\/10\/erdbeerblaetter.png?resize=350%2C200&ssl=1","width":350,"height":200,"srcset":"https:\/\/i0.wp.com\/teasense.ch\/wp-content\/uploads\/2024\/10\/erdbeerblaetter.png?resize=350%2C200&ssl=1 1x, https:\/\/i0.wp.com\/teasense.ch\/wp-content\/uploads\/2024\/10\/erdbeerblaetter.png?resize=525%2C300&ssl=1 1.5x, https:\/\/i0.wp.com\/teasense.ch\/wp-content\/uploads\/2024\/10\/erdbeerblaetter.png?resize=700%2C400&ssl=1 2x"},"classes":[]},{"id":38547,"url":"https:\/\/teasense.ch\/it\/prodotto\/fastenkraeuter\/","url_meta":{"origin":36370,"position":5},"title":"Fastenkr\u00e4uter","author":"Reale Selection","date":"24. October 2023","format":false,"excerpt":"Kr\u00e4utertee mit Mate Zubereitung Fastenkr\u00e4uter Tee \ud83e\udd44 1 \u2013 2 geh\u00e4ufte TL (ca. 2 g) auf 200 ml Wasser\ud83c\udf21\ufe0f 100 \u00b0C\u23f3 6 \u2013 10 Minuten ziehen lassen","rel":"","context":"Similar post","block_context":{"text":"Similar post","link":""},"img":{"alt_text":"","src":"https:\/\/i0.wp.com\/teasense.ch\/wp-content\/uploads\/2023\/10\/fastenkraeuter-plain-teemischung.jpg?resize=350%2C200&ssl=1","width":350,"height":200,"srcset":"https:\/\/i0.wp.com\/teasense.ch\/wp-content\/uploads\/2023\/10\/fastenkraeuter-plain-teemischung.jpg?resize=350%2C200&ssl=1 1x, https:\/\/i0.wp.com\/teasense.ch\/wp-content\/uploads\/2023\/10\/fastenkraeuter-plain-teemischung.jpg?resize=525%2C300&ssl=1 1.5x, https:\/\/i0.wp.com\/teasense.ch\/wp-content\/uploads\/2023\/10\/fastenkraeuter-plain-teemischung.jpg?resize=700%2C400&ssl=1 2x"},"classes":[]}],"jetpack_sharing_enabled":false,"jetpack_likes_enabled":false,"_links":{"self":[{"href":"https:\/\/teasense.ch\/it\/wp-json\/wp\/v2\/product\/36370","targetHints":{"allow":["GET"]}}],"collection":[{"href":"https:\/\/teasense.ch\/it\/wp-json\/wp\/v2\/product"}],"about":[{"href":"https:\/\/teasense.ch\/it\/wp-json\/wp\/v2\/types\/product"}],"replies":[{"embeddable":true,"href":"https:\/\/teasense.ch\/it\/wp-json\/wp\/v2\/comments?post=36370"}],"wp:featuredmedia":[{"embeddable":true,"href":"https:\/\/teasense.ch\/it\/wp-json\/wp\/v2\/media\/36385"}],"wp:attachment":[{"href":"https:\/\/teasense.ch\/it\/wp-json\/wp\/v2\/media?parent=36370"}],"wp:term":[{"taxonomy":"product_brand","embeddable":true,"href":"https:\/\/teasense.ch\/it\/wp-json\/wp\/v2\/product_brand?post=36370"},{"taxonomy":"product_cat","embeddable":true,"href":"https:\/\/teasense.ch\/it\/wp-json\/wp\/v2\/product_cat?post=36370"},{"taxonomy":"product_tag","embeddable":true,"href":"https:\/\/teasense.ch\/it\/wp-json\/wp\/v2\/product_tag?post=36370"}],"curies":[{"name":"wp","href":"https:\/\/api.w.org\/{rel}","templated":true}]}}