{"id":38033,"date":"2023-10-15T19:42:18","date_gmt":"2023-10-15T17:42:18","guid":{"rendered":"https:\/\/teasense.ch\/?post_type=product&#038;p=38033"},"modified":"2026-03-01T19:43:28","modified_gmt":"2026-03-01T18:43:28","slug":"rosenblueten","status":"publish","type":"product","link":"https:\/\/teasense.ch\/it\/prodotto\/rosenblueten\/","title":{"rendered":"Rosenbl\u00fcten"},"content":{"rendered":"<h2 data-pm-slice=\"1 1 []\">Getrocknete Rosenbl\u00fcten kaufen<\/h2>\n<p data-pm-slice=\"1 1 []\"><strong>Eleganz und Genuss<\/strong><\/p>\n<p data-pm-slice=\"1 1 []\">Rosenbl\u00fcten sind nicht nur eine Augenweide, sondern auch eine vielseitige Zutat f\u00fcr Tees, Speisen und kreative Rezeptideen. Ihre zarten, duftenden Bl\u00e4tter verleihen jedem Gericht eine edle, blumige Note und werden seit Jahrtausenden gesch\u00e4tzt \u2013 sei es in der persischen, t\u00fcrkischen oder europ\u00e4ischen K\u00fcche. Besonders bekannt sind sie f\u00fcr die Herstellung von Rosenwasser und Rosen\u00f6l, die in vielen Kulturen eine lange Tradition haben.<\/p>\n<h3>Rosenbl\u00fctentee \u2013 ein duftendes Erlebnis<\/h3>\n<p>Die getrockneten Bl\u00fctenbl\u00e4tter der Rose entfalten in heissem Wasser ihr volles Aroma. Der milde, blumige Geschmack macht den Tee zu einem besonderen Genussmoment \u2013 ob warm an kalten Tagen oder als erfrischender Eistee im Sommer.<\/p>\n<p><strong>Tee-Zubereitung mit Rosenbl\u00fcten:<\/strong> Gib 1-2 TL Rosenbl\u00fcten in eine Tasse (ca. 150 ml) kochendes Wasser und lasse den Tee 5-10 Minuten bedeckt ziehen, damit die \u00e4therischen \u00d6le erhalten bleiben.<\/p>\n<h3 data-pm-slice=\"1 1 []\">Kulinarische Verwendung \u2013 verleihe deinen Gerichten eine besondere Note<\/h3>\n<p>Sie sind eine wunderbare Erg\u00e4nzung f\u00fcr s\u00fcsse und herzhafte Speisen. Sie bringen eine feine, florale Note in:<\/p>\n<ul data-spread=\"false\">\n<li>Kuchen, Kekse und Desserts<\/li>\n<li>M\u00fcslis, Smoothies und Joghurt<\/li>\n<li>Orientalische und mediterrane Gerichte<\/li>\n<li>Selbstgemachtes Rosenwasser, Sirup oder Marmeladen<\/li>\n<\/ul>\n<p>In Kombination mit anderen Zutaten wie Kardamom, Zimt oder Vanille entsteht ein einzigartiges Geschmackserlebnis.<\/p>\n<h3>Rezept Rosenbl\u00fctenwasser<\/h3>\n<p>In eine Sch\u00fcssel 20 Gramm der getrockneten Rosenbl\u00fctenbl\u00e4tter geben. Koche einen Liter Wasser auf und giesse es \u00fcber die Rosenbl\u00fcten. Etwa eine Stunde lang ziehen lassen.<br \/>\nAnschliessend die Rosenbl\u00fcten abseihen und den Rosenbl\u00fctenansatz aufkochen. Weitere 20 Gramm Rosenbl\u00fctenbl\u00e4tter in die Sch\u00fcssel geben. Den kochenden Rosenbl\u00fctenansatz dar\u00fcber giessen und etwa eine Stunde ziehen lassen. Das fertige Rosenwasser abseihen und in eine vorgew\u00e4rmte Flasche geben. \ud83c\udf39<\/p>\n","protected":false},"excerpt":{"rendered":"<p>Rosentee der Rosengew\u00e4chse (Rosaceae)<\/p>\n<h4>Rosenbl\u00fctentee Zubereitung<\/h4>\n<p>\ud83e\udd44 1-2 TL pro Tasse (150 ml)<br \/>\n\ud83c\udf21\ufe0f 100\u00b0C<br \/>\n\u23f3 5-10 Minuten<\/p>\n","protected":false},"featured_media":38035,"comment_status":"closed","ping_status":"closed","template":"","meta":{"_et_pb_use_builder":"","_et_pb_old_content":"","_et_gb_content_width":""},"product_brand":[],"product_cat":[74,184,64,19,155],"product_tag":[],"class_list":{"0":"post-38033","1":"product","2":"type-product","3":"status-publish","4":"has-post-thumbnail","6":"product_cat-alle-produkte","7":"product_cat-bluetentees","8":"product_cat-gewuerze","9":"product_cat-tee","10":"product_cat-monokraeuter","11":"pa_herkunft-pakistan","12":"pa_weight-100-g","13":"pa_weight-20-g","14":"pa_weight-200-g","15":"pa_weight-50-g","17":"first","18":"instock","19":"shipping-taxable","20":"purchasable","21":"product-type-variable","22":"has-default-attributes","23":"add-to-wishlist-before_image"},"yoast_head":"<!-- This site is optimized with the Yoast SEO plugin v27.4 - https:\/\/yoast.com\/product\/yoast-seo-wordpress\/ -->\n<title>Rosenbl\u00fcten - TeaSense.ch - Tee Shop Schweiz<\/title>\n<meta name=\"description\" content=\"Rosenbl\u00fcten sind die duftenden Bl\u00fcten der Rose, einer der beliebtesten und sch\u00f6nsten Blumen weltweit. Vielseitige Verwendung in der K\u00fcche und als Tee.\" \/>\n<meta name=\"robots\" content=\"index, follow, max-snippet:-1, max-image-preview:large, max-video-preview:-1\" \/>\n<link rel=\"canonical\" href=\"https:\/\/teasense.ch\/it\/prodotto\/rosenblueten\/\" \/>\n<meta property=\"og:locale\" content=\"it_IT\" \/>\n<meta property=\"og:type\" content=\"article\" \/>\n<meta property=\"og:title\" content=\"Rosenbl\u00fcten - TeaSense.ch - Tee Shop Schweiz\" \/>\n<meta property=\"og:description\" content=\"Rosenbl\u00fcten sind die duftenden Bl\u00fcten der Rose, einer der beliebtesten und sch\u00f6nsten Blumen weltweit. Vielseitige Verwendung in der K\u00fcche und als Tee.\" \/>\n<meta property=\"og:url\" content=\"https:\/\/teasense.ch\/it\/prodotto\/rosenblueten\/\" \/>\n<meta property=\"og:site_name\" content=\"TeaSense.ch - Tee Shop Schweiz\" \/>\n<meta property=\"article:publisher\" content=\"https:\/\/www.facebook.com\/teasense.ch\" \/>\n<meta property=\"article:modified_time\" content=\"2026-03-01T18:43:28+00:00\" \/>\n<meta property=\"og:image\" content=\"https:\/\/teasense.ch\/wp-content\/uploads\/2023\/10\/rosenblueten-plain.jpg\" \/>\n\t<meta property=\"og:image:width\" content=\"800\" \/>\n\t<meta property=\"og:image:height\" content=\"800\" \/>\n\t<meta property=\"og:image:type\" content=\"image\/jpeg\" \/>\n<meta name=\"twitter:card\" content=\"summary_large_image\" \/>\n<meta name=\"twitter:label1\" content=\"Est. reading time\" \/>\n\t<meta name=\"twitter:data1\" content=\"2 minutes\" \/>\n<!-- \/ Yoast SEO plugin. -->","yoast_head_json":{"title":"Rosenbl\u00fcten - TeaSense.ch - Tee Shop Schweiz","description":"Rosenbl\u00fcten sind die duftenden Bl\u00fcten der Rose, einer der beliebtesten und sch\u00f6nsten Blumen weltweit. Vielseitige Verwendung in der K\u00fcche und als Tee.","robots":{"index":"index","follow":"follow","max-snippet":"max-snippet:-1","max-image-preview":"max-image-preview:large","max-video-preview":"max-video-preview:-1"},"canonical":"https:\/\/teasense.ch\/it\/prodotto\/rosenblueten\/","og_locale":"it_IT","og_type":"article","og_title":"Rosenbl\u00fcten - TeaSense.ch - Tee Shop Schweiz","og_description":"Rosenbl\u00fcten sind die duftenden Bl\u00fcten der Rose, einer der beliebtesten und sch\u00f6nsten Blumen weltweit. Vielseitige Verwendung in der K\u00fcche und als Tee.","og_url":"https:\/\/teasense.ch\/it\/prodotto\/rosenblueten\/","og_site_name":"TeaSense.ch - Tee Shop Schweiz","article_publisher":"https:\/\/www.facebook.com\/teasense.ch","article_modified_time":"2026-03-01T18:43:28+00:00","og_image":[{"width":800,"height":800,"url":"https:\/\/teasense.ch\/wp-content\/uploads\/2023\/10\/rosenblueten-plain.jpg","type":"image\/jpeg"}],"twitter_card":"summary_large_image","twitter_misc":{"Est. reading time":"2 minutes"},"schema":{"@context":"https:\/\/schema.org","@graph":[{"@type":"WebPage","@id":"https:\/\/teasense.ch\/it\/prodotto\/rosenblueten\/","url":"https:\/\/teasense.ch\/it\/prodotto\/rosenblueten\/","name":"Rosenbl\u00fcten - TeaSense.ch - Tee Shop Schweiz","isPartOf":{"@id":"https:\/\/teasense.ch\/it\/#website"},"primaryImageOfPage":{"@id":"https:\/\/teasense.ch\/it\/prodotto\/rosenblueten\/#primaryimage"},"image":{"@id":"https:\/\/teasense.ch\/it\/prodotto\/rosenblueten\/#primaryimage"},"thumbnailUrl":"https:\/\/teasense.ch\/wp-content\/uploads\/2023\/10\/rosenblueten-plain.jpg","datePublished":"2023-10-15T17:42:18+00:00","dateModified":"2026-03-01T18:43:28+00:00","description":"Rosenbl\u00fcten sind die duftenden Bl\u00fcten der Rose, einer der beliebtesten und sch\u00f6nsten Blumen weltweit. Vielseitige Verwendung in der K\u00fcche und als Tee.","breadcrumb":{"@id":"https:\/\/teasense.ch\/it\/prodotto\/rosenblueten\/#breadcrumb"},"inLanguage":"it-CH","potentialAction":[{"@type":"ReadAction","target":["https:\/\/teasense.ch\/it\/prodotto\/rosenblueten\/"]}]},{"@type":"ImageObject","inLanguage":"it-CH","@id":"https:\/\/teasense.ch\/it\/prodotto\/rosenblueten\/#primaryimage","url":"https:\/\/teasense.ch\/wp-content\/uploads\/2023\/10\/rosenblueten-plain.jpg","contentUrl":"https:\/\/teasense.ch\/wp-content\/uploads\/2023\/10\/rosenblueten-plain.jpg","width":800,"height":800,"caption":"Rosenbl\u00fcten mit weissem Hintergrund f\u00fcr die Verwendung von Tee und Gerichte."},{"@type":"BreadcrumbList","@id":"https:\/\/teasense.ch\/it\/prodotto\/rosenblueten\/#breadcrumb","itemListElement":[{"@type":"ListItem","position":1,"name":"Startseite","item":"https:\/\/teasense.ch\/it\/startseite\/"},{"@type":"ListItem","position":2,"name":"Ordina t\u00e8 online in Svizzera","item":"https:\/\/teasense.ch\/it\/shop\/"},{"@type":"ListItem","position":3,"name":"Rosenbl\u00fcten"}]},{"@type":"WebSite","@id":"https:\/\/teasense.ch\/it\/#website","url":"https:\/\/teasense.ch\/it\/","name":"TeaSense.ch","description":"Nat\u00fcrliche Teemischungen und klassischer Tee","publisher":{"@id":"https:\/\/teasense.ch\/it\/#organization"},"alternateName":"TeaSense","potentialAction":[{"@type":"SearchAction","target":{"@type":"EntryPoint","urlTemplate":"https:\/\/teasense.ch\/it\/?s={search_term_string}"},"query-input":{"@type":"PropertyValueSpecification","valueRequired":true,"valueName":"search_term_string"}}],"inLanguage":"it-CH"},{"@type":"Organization","@id":"https:\/\/teasense.ch\/it\/#organization","name":"Reale Selection","alternateName":"TeaSense.ch","url":"https:\/\/teasense.ch\/it\/","logo":{"@type":"ImageObject","inLanguage":"it-CH","@id":"https:\/\/teasense.ch\/it\/#\/schema\/logo\/image\/","url":"https:\/\/teasense.ch\/wp-content\/uploads\/2023\/07\/cropped-logo-teasense-kategorie-onlineshop-alle-produkte.jpg","contentUrl":"https:\/\/teasense.ch\/wp-content\/uploads\/2023\/07\/cropped-logo-teasense-kategorie-onlineshop-alle-produkte.jpg","width":512,"height":512,"caption":"Reale Selection"},"image":{"@id":"https:\/\/teasense.ch\/it\/#\/schema\/logo\/image\/"},"sameAs":["https:\/\/www.facebook.com\/teasense.ch"]}]}},"jetpack-related-posts":[{"id":47272,"url":"https:\/\/teasense.ch\/it\/prodotto\/beerenfrisch-fruechtetee\/","url_meta":{"origin":38033,"position":0},"title":"Beerenfrisch \u2013 Fr\u00fcchtetee","author":"Reale Selection","date":"13. October 2025","format":false,"excerpt":"Zubereitung Beerenfrisch - Fr\u00fcchtetee \ud83e\udd44 1 Teel\u00f6ffel auf 200 ml Wasser\ud83c\udf21\ufe0f 100 \u00b0C\u23f3 10\u201312 Minuten ziehen lassen","rel":"","context":"Similar post","block_context":{"text":"Similar post","link":""},"img":{"alt_text":"Beerenfrisch \u2013 Fr\u00fcchtetee Fruchtige Frische mit beerigem Flair","src":"https:\/\/i0.wp.com\/teasense.ch\/wp-content\/uploads\/2025\/10\/beerenfrisch.png?resize=350%2C200&ssl=1","width":350,"height":200,"srcset":"https:\/\/i0.wp.com\/teasense.ch\/wp-content\/uploads\/2025\/10\/beerenfrisch.png?resize=350%2C200&ssl=1 1x, https:\/\/i0.wp.com\/teasense.ch\/wp-content\/uploads\/2025\/10\/beerenfrisch.png?resize=525%2C300&ssl=1 1.5x, https:\/\/i0.wp.com\/teasense.ch\/wp-content\/uploads\/2025\/10\/beerenfrisch.png?resize=700%2C400&ssl=1 2x"},"classes":[]},{"id":38042,"url":"https:\/\/teasense.ch\/it\/prodotto\/naturklang-kraeutertee\/","url_meta":{"origin":38033,"position":1},"title":"Naturklang Kr\u00e4utertee","author":"Reale Selection","date":"15. October 2023","format":false,"excerpt":"Zubereitung Naturklang Kr\u00e4utertee \ud83e\udd44 1 - 2 Teel\u00f6ffel pro Tasse\ud83c\udf21\ufe0f 100 \u00b0C\u23f3 6 - 8 Minuten","rel":"","context":"Similar post","block_context":{"text":"Similar post","link":""},"img":{"alt_text":"Naturklang Kr\u00e4utertee Teemischung Zutaten auf weissem Hintergrund.","src":"https:\/\/i0.wp.com\/teasense.ch\/wp-content\/uploads\/2023\/10\/winterpunsch-plain.jpg?resize=350%2C200&ssl=1","width":350,"height":200,"srcset":"https:\/\/i0.wp.com\/teasense.ch\/wp-content\/uploads\/2023\/10\/winterpunsch-plain.jpg?resize=350%2C200&ssl=1 1x, https:\/\/i0.wp.com\/teasense.ch\/wp-content\/uploads\/2023\/10\/winterpunsch-plain.jpg?resize=525%2C300&ssl=1 1.5x, https:\/\/i0.wp.com\/teasense.ch\/wp-content\/uploads\/2023\/10\/winterpunsch-plain.jpg?resize=700%2C400&ssl=1 2x"},"classes":[]},{"id":45714,"url":"https:\/\/teasense.ch\/it\/prodotto\/ayurveda-chai-mit-mate\/","url_meta":{"origin":38033,"position":2},"title":"Ayurveda Chai mit Mate","author":"Reale Selection","date":"13. May 2025","format":false,"excerpt":"Zubereitung Ayurveda Chai mit Mate \ud83e\udd44 1\u20132 TL pro Tasse (14g\/Liter)\ud83c\udf21\ufe0f 100 \u00b0C\u23f3 5 Minuten ziehen lassen","rel":"","context":"Similar post","block_context":{"text":"Similar post","link":""},"img":{"alt_text":"Ayurveda Chai mit Mate","src":"https:\/\/i0.wp.com\/teasense.ch\/wp-content\/uploads\/2025\/05\/Ayurveda-Chai-mit-Mate.png?resize=350%2C200&ssl=1","width":350,"height":200,"srcset":"https:\/\/i0.wp.com\/teasense.ch\/wp-content\/uploads\/2025\/05\/Ayurveda-Chai-mit-Mate.png?resize=350%2C200&ssl=1 1x, https:\/\/i0.wp.com\/teasense.ch\/wp-content\/uploads\/2025\/05\/Ayurveda-Chai-mit-Mate.png?resize=525%2C300&ssl=1 1.5x, https:\/\/i0.wp.com\/teasense.ch\/wp-content\/uploads\/2025\/05\/Ayurveda-Chai-mit-Mate.png?resize=700%2C400&ssl=1 2x"},"classes":[]},{"id":43190,"url":"https:\/\/teasense.ch\/it\/prodotto\/lavendelbeeren\/","url_meta":{"origin":38033,"position":3},"title":"Lavendelbeeren &#8211; Fr\u00fcchtetee","author":"Reale Selection","date":"22. October 2024","format":false,"excerpt":"Zubereitung Fr\u00fcchtetee Lavendelbeeren \ud83e\udd44 1 TL pro Tasse \ud83c\udf21\ufe0f 100\u00b0C \u23f3 8 - 10 Minuten","rel":"","context":"Similar post","block_context":{"text":"Similar post","link":""},"img":{"alt_text":"Lavendelbeeren Teemischung","src":"https:\/\/i0.wp.com\/teasense.ch\/wp-content\/uploads\/2024\/10\/produktfoto.png?resize=350%2C200&ssl=1","width":350,"height":200,"srcset":"https:\/\/i0.wp.com\/teasense.ch\/wp-content\/uploads\/2024\/10\/produktfoto.png?resize=350%2C200&ssl=1 1x, https:\/\/i0.wp.com\/teasense.ch\/wp-content\/uploads\/2024\/10\/produktfoto.png?resize=525%2C300&ssl=1 1.5x, https:\/\/i0.wp.com\/teasense.ch\/wp-content\/uploads\/2024\/10\/produktfoto.png?resize=700%2C400&ssl=1 2x"},"classes":[]},{"id":36370,"url":"https:\/\/teasense.ch\/it\/prodotto\/sinneskraeuter-tee\/","url_meta":{"origin":38033,"position":4},"title":"Sinneskr\u00e4uter Tee","author":"Reale Selection","date":"29. August 2023","format":false,"excerpt":"Zubereitung Sinneskr\u00e4uter Tee \ud83e\udd44 2,5 g auf 200 ml Wasser \ud83c\udf21\ufe0f 100 \u00b0C \u23f3 5-8 Minuten","rel":"","context":"Similar post","block_context":{"text":"Similar post","link":""},"img":{"alt_text":"Sinneskr\u00e4uter Lose Teemischung","src":"https:\/\/i0.wp.com\/teasense.ch\/wp-content\/uploads\/2023\/08\/sinneskraeuter-teemischung-plain.jpg?resize=350%2C200&ssl=1","width":350,"height":200,"srcset":"https:\/\/i0.wp.com\/teasense.ch\/wp-content\/uploads\/2023\/08\/sinneskraeuter-teemischung-plain.jpg?resize=350%2C200&ssl=1 1x, https:\/\/i0.wp.com\/teasense.ch\/wp-content\/uploads\/2023\/08\/sinneskraeuter-teemischung-plain.jpg?resize=525%2C300&ssl=1 1.5x, https:\/\/i0.wp.com\/teasense.ch\/wp-content\/uploads\/2023\/08\/sinneskraeuter-teemischung-plain.jpg?resize=700%2C400&ssl=1 2x"},"classes":[]},{"id":34841,"url":"https:\/\/teasense.ch\/it\/prodotto\/wildorange\/","url_meta":{"origin":38033,"position":5},"title":"Wildorange","author":"Reale Selection","date":"8. August 2023","format":false,"excerpt":"Entdecke die Wild Side of Life mit dieser Fr\u00fcchteteemischung!","rel":"","context":"Similar post","block_context":{"text":"Similar post","link":""},"img":{"alt_text":"Tee Wildorange","src":"https:\/\/i0.wp.com\/teasense.ch\/wp-content\/uploads\/2023\/08\/wildorange-main.jpg?resize=350%2C200&ssl=1","width":350,"height":200,"srcset":"https:\/\/i0.wp.com\/teasense.ch\/wp-content\/uploads\/2023\/08\/wildorange-main.jpg?resize=350%2C200&ssl=1 1x, https:\/\/i0.wp.com\/teasense.ch\/wp-content\/uploads\/2023\/08\/wildorange-main.jpg?resize=525%2C300&ssl=1 1.5x, https:\/\/i0.wp.com\/teasense.ch\/wp-content\/uploads\/2023\/08\/wildorange-main.jpg?resize=700%2C400&ssl=1 2x"},"classes":[]}],"jetpack_sharing_enabled":false,"jetpack_likes_enabled":false,"_links":{"self":[{"href":"https:\/\/teasense.ch\/it\/wp-json\/wp\/v2\/product\/38033","targetHints":{"allow":["GET"]}}],"collection":[{"href":"https:\/\/teasense.ch\/it\/wp-json\/wp\/v2\/product"}],"about":[{"href":"https:\/\/teasense.ch\/it\/wp-json\/wp\/v2\/types\/product"}],"replies":[{"embeddable":true,"href":"https:\/\/teasense.ch\/it\/wp-json\/wp\/v2\/comments?post=38033"}],"wp:featuredmedia":[{"embeddable":true,"href":"https:\/\/teasense.ch\/it\/wp-json\/wp\/v2\/media\/38035"}],"wp:attachment":[{"href":"https:\/\/teasense.ch\/it\/wp-json\/wp\/v2\/media?parent=38033"}],"wp:term":[{"taxonomy":"product_brand","embeddable":true,"href":"https:\/\/teasense.ch\/it\/wp-json\/wp\/v2\/product_brand?post=38033"},{"taxonomy":"product_cat","embeddable":true,"href":"https:\/\/teasense.ch\/it\/wp-json\/wp\/v2\/product_cat?post=38033"},{"taxonomy":"product_tag","embeddable":true,"href":"https:\/\/teasense.ch\/it\/wp-json\/wp\/v2\/product_tag?post=38033"}],"curies":[{"name":"wp","href":"https:\/\/api.w.org\/{rel}","templated":true}]}}