{"id":43169,"date":"2024-10-21T16:13:06","date_gmt":"2024-10-21T14:13:06","guid":{"rendered":"https:\/\/teasense.ch\/?post_type=product&#038;p=43169"},"modified":"2026-04-15T15:25:57","modified_gmt":"2026-04-15T13:25:57","slug":"spearmint","status":"publish","type":"product","link":"https:\/\/teasense.ch\/it\/prodotto\/spearmint\/","title":{"rendered":"Spearmint"},"content":{"rendered":"<h1>Spearmint<\/h1>\n<p>Es ist auch bekannt als Gr\u00fcne Minze <span style=\"font-weight: 400;\">oder Krauseminze<\/span>, ist ein sanftes und erfrischendes Kraut, das mit seinem milden, leicht s\u00fcsslichen Minzaroma jede Tasse Tee in ein wohltuendes Erlebnis verwandelt. Diese Monokr\u00e4uter-Variante eignet sich hervorragend f\u00fcr alle, die einen nat\u00fcrlichen, frischen Geschmack ohne k\u00fcnstliche Zus\u00e4tze bevorzugen. Ob du den Tee pur geniesst oder ihn als Basis f\u00fcr Teemischungen nutzt \u2013 die belebende Frische der Minze sorgt f\u00fcr einen klaren Kopf und eine entspannte Auszeit.<\/p>\n<p>Spearmint ist besonders beliebt aufgrund seiner <span style=\"font-weight: 400;\">aromatisch-milden Minze Note<\/span>, die weniger intensiv als Pfefferminze ist.<\/p>\n<p>Sie wird nicht nur als Tee gesch\u00e4tzt, sondern ist auch ein wunderbares Kraut f\u00fcr die Aromatherapie, Badezus\u00e4tze oder als k\u00fchlender Begleiter in Sommerspeisen.<\/p>\n<h3>Zubereitung Spearmint Tee<\/h3>\n<ul>\n<li>Gib 1 bis 2 Teel\u00f6ffel getrocknete Spearmint-Bl\u00e4tter in eine Tasse oder ein Teesieb.<\/li>\n<li>\u00dcbergiesse die Bl\u00e4tter mit 200 ml kochendem Wasser.<\/li>\n<li>Lasse den Tee etwa <span style=\"font-weight: 400;\">6-10 <\/span> Minuten ziehen, je nach gew\u00fcnschter St\u00e4rke.<\/li>\n<li>Anschliessend abseihen und geniessen.<\/li>\n<\/ul>\n<p>Spearmint-Tee schmeckt nicht nur heiss, sondern eignet sich auch hervorragend als erfrischender, kalter Tee an heissen Sommertagen. Einfach abk\u00fchlen lassen, mit Eisw\u00fcrfeln servieren und nach Belieben mit Zitronenscheiben verfeinern.<\/p>\n<p>Kombinationsm\u00f6glichkeiten:<\/p>\n<p>Spearmint ist ein echter Allrounder und kann mit vielen anderen Kr\u00e4utern kombiniert werden, um einzigartige Teemischungen zu kreieren. F\u00fcr eine frische, belebende Mischung kannst du es mit Zitronengras kombinieren \u2013 perfekt f\u00fcr heisse Sommertage.<\/p>\n<p>Auch mit Fenchel, Kamille oder Melisse l\u00e4sst sich Spearmint hervorragend mischen, um einen milden Tee zu geniessen.<\/p>\n<p>Spearmint ist nicht nur f\u00fcr Tees beliebt, sondern auch vielseitig einsetzbar. Die getrocknete Spearmint bewahrt ihr mildes, erfrischendes Aroma und eignet sich hervorragend als Zutat in Desserts, Smoothies oder sogar Salaten. Sie verleiht Sommerspeisen eine leichte Frische und ist ideal f\u00fcr die Zubereitung von aromatischen Tees. Auch in selbstgemachten Badezus\u00e4tzen oder Peelings kannst du es verwenden, um deine Haut zu erfrischen.<\/p>\n<p>Egal ob in der K\u00fcche oder als Pflegeprodukt \u2013 die getrocknete gr\u00fcne Minze bringt \u00fcberall ein St\u00fcck Natur ins Haus!<\/p>\n","protected":false},"excerpt":{"rendered":"<p>Mentha spicata<\/p>\n<h4>Zubereitung Spearmint Tee<\/h4>\n<p>\ud83e\udd44 1 &#8211; 2 TL pro Tasse<br \/>\n\ud83c\udf21\ufe0f 100\u00b0C<br \/>\n\u23f3 6 &#8211; 10 Minuten<\/p>\n","protected":false},"featured_media":43513,"comment_status":"open","ping_status":"closed","template":"","meta":{"_et_pb_use_builder":"","_et_pb_old_content":"","_et_gb_content_width":""},"product_brand":[],"product_cat":[74,150,19,155],"product_tag":[],"class_list":{"0":"post-43169","1":"product","2":"type-product","3":"status-publish","4":"has-post-thumbnail","6":"product_cat-alle-produkte","7":"product_cat-kraeutertee","8":"product_cat-tee","9":"product_cat-monokraeuter","10":"pa_herkunft-aegypten","11":"pa_weight-100-g","12":"pa_weight-200-g","13":"pa_weight-400-g","15":"first","16":"instock","17":"shipping-taxable","18":"purchasable","19":"product-type-variable","20":"has-default-attributes","21":"add-to-wishlist-before_image"},"yoast_head":"<!-- This site is optimized with the Yoast SEO plugin v27.4 - https:\/\/yoast.com\/product\/yoast-seo-wordpress\/ -->\n<title>Spearmint - TeaSense.ch - Tee Shop Schweiz<\/title>\n<meta name=\"description\" content=\"Erfrischende Spearmint (Gr\u00fcne Minze), ideal f\u00fcr Tee oder als Zutat in Teemischungen. Geniesse den milden, minzigen Geschmack \u2013 heiss oder kalt!\" \/>\n<meta name=\"robots\" content=\"index, follow, max-snippet:-1, max-image-preview:large, max-video-preview:-1\" \/>\n<link rel=\"canonical\" href=\"https:\/\/teasense.ch\/it\/prodotto\/spearmint\/\" \/>\n<meta property=\"og:locale\" content=\"it_IT\" \/>\n<meta property=\"og:type\" content=\"article\" \/>\n<meta property=\"og:title\" content=\"Spearmint - TeaSense.ch - Tee Shop Schweiz\" \/>\n<meta property=\"og:description\" content=\"Erfrischende Spearmint (Gr\u00fcne Minze), ideal f\u00fcr Tee oder als Zutat in Teemischungen. Geniesse den milden, minzigen Geschmack \u2013 heiss oder kalt!\" \/>\n<meta property=\"og:url\" content=\"https:\/\/teasense.ch\/it\/prodotto\/spearmint\/\" \/>\n<meta property=\"og:site_name\" content=\"TeaSense.ch - Tee Shop Schweiz\" \/>\n<meta property=\"article:publisher\" content=\"https:\/\/www.facebook.com\/teasense.ch\" \/>\n<meta property=\"article:modified_time\" content=\"2026-04-15T13:25:57+00:00\" \/>\n<meta property=\"og:image\" content=\"https:\/\/teasense.ch\/wp-content\/uploads\/2024\/10\/spearmint.png\" \/>\n\t<meta property=\"og:image:width\" content=\"800\" \/>\n\t<meta property=\"og:image:height\" content=\"800\" \/>\n\t<meta property=\"og:image:type\" content=\"image\/png\" \/>\n<meta name=\"twitter:card\" content=\"summary_large_image\" \/>\n<meta name=\"twitter:label1\" content=\"Est. reading time\" \/>\n\t<meta name=\"twitter:data1\" content=\"2 minutes\" \/>\n<!-- \/ Yoast SEO plugin. -->","yoast_head_json":{"title":"Spearmint - TeaSense.ch - Tee Shop Schweiz","description":"Erfrischende Spearmint (Gr\u00fcne Minze), ideal f\u00fcr Tee oder als Zutat in Teemischungen. Geniesse den milden, minzigen Geschmack \u2013 heiss oder kalt!","robots":{"index":"index","follow":"follow","max-snippet":"max-snippet:-1","max-image-preview":"max-image-preview:large","max-video-preview":"max-video-preview:-1"},"canonical":"https:\/\/teasense.ch\/it\/prodotto\/spearmint\/","og_locale":"it_IT","og_type":"article","og_title":"Spearmint - TeaSense.ch - Tee Shop Schweiz","og_description":"Erfrischende Spearmint (Gr\u00fcne Minze), ideal f\u00fcr Tee oder als Zutat in Teemischungen. Geniesse den milden, minzigen Geschmack \u2013 heiss oder kalt!","og_url":"https:\/\/teasense.ch\/it\/prodotto\/spearmint\/","og_site_name":"TeaSense.ch - Tee Shop Schweiz","article_publisher":"https:\/\/www.facebook.com\/teasense.ch","article_modified_time":"2026-04-15T13:25:57+00:00","og_image":[{"width":800,"height":800,"url":"https:\/\/teasense.ch\/wp-content\/uploads\/2024\/10\/spearmint.png","type":"image\/png"}],"twitter_card":"summary_large_image","twitter_misc":{"Est. reading time":"2 minutes"},"schema":{"@context":"https:\/\/schema.org","@graph":[{"@type":"WebPage","@id":"https:\/\/teasense.ch\/it\/prodotto\/spearmint\/","url":"https:\/\/teasense.ch\/it\/prodotto\/spearmint\/","name":"Spearmint - TeaSense.ch - Tee Shop Schweiz","isPartOf":{"@id":"https:\/\/teasense.ch\/it\/#website"},"primaryImageOfPage":{"@id":"https:\/\/teasense.ch\/it\/prodotto\/spearmint\/#primaryimage"},"image":{"@id":"https:\/\/teasense.ch\/it\/prodotto\/spearmint\/#primaryimage"},"thumbnailUrl":"https:\/\/teasense.ch\/wp-content\/uploads\/2024\/10\/spearmint.png","datePublished":"2024-10-21T14:13:06+00:00","dateModified":"2026-04-15T13:25:57+00:00","description":"Erfrischende Spearmint (Gr\u00fcne Minze), ideal f\u00fcr Tee oder als Zutat in Teemischungen. Geniesse den milden, minzigen Geschmack \u2013 heiss oder kalt!","breadcrumb":{"@id":"https:\/\/teasense.ch\/it\/prodotto\/spearmint\/#breadcrumb"},"inLanguage":"it-CH","potentialAction":[{"@type":"ReadAction","target":["https:\/\/teasense.ch\/it\/prodotto\/spearmint\/"]}]},{"@type":"ImageObject","inLanguage":"it-CH","@id":"https:\/\/teasense.ch\/it\/prodotto\/spearmint\/#primaryimage","url":"https:\/\/teasense.ch\/wp-content\/uploads\/2024\/10\/spearmint.png","contentUrl":"https:\/\/teasense.ch\/wp-content\/uploads\/2024\/10\/spearmint.png","width":800,"height":800,"caption":"Spearmint lose Minze"},{"@type":"BreadcrumbList","@id":"https:\/\/teasense.ch\/it\/prodotto\/spearmint\/#breadcrumb","itemListElement":[{"@type":"ListItem","position":1,"name":"Startseite","item":"https:\/\/teasense.ch\/it\/startseite\/"},{"@type":"ListItem","position":2,"name":"Ordina t\u00e8 online in Svizzera","item":"https:\/\/teasense.ch\/it\/shop\/"},{"@type":"ListItem","position":3,"name":"Spearmint"}]},{"@type":"WebSite","@id":"https:\/\/teasense.ch\/it\/#website","url":"https:\/\/teasense.ch\/it\/","name":"TeaSense.ch","description":"Nat\u00fcrliche Teemischungen und klassischer Tee","publisher":{"@id":"https:\/\/teasense.ch\/it\/#organization"},"alternateName":"TeaSense","potentialAction":[{"@type":"SearchAction","target":{"@type":"EntryPoint","urlTemplate":"https:\/\/teasense.ch\/it\/?s={search_term_string}"},"query-input":{"@type":"PropertyValueSpecification","valueRequired":true,"valueName":"search_term_string"}}],"inLanguage":"it-CH"},{"@type":"Organization","@id":"https:\/\/teasense.ch\/it\/#organization","name":"Reale Selection","alternateName":"TeaSense.ch","url":"https:\/\/teasense.ch\/it\/","logo":{"@type":"ImageObject","inLanguage":"it-CH","@id":"https:\/\/teasense.ch\/it\/#\/schema\/logo\/image\/","url":"https:\/\/teasense.ch\/wp-content\/uploads\/2023\/07\/cropped-logo-teasense-kategorie-onlineshop-alle-produkte.jpg","contentUrl":"https:\/\/teasense.ch\/wp-content\/uploads\/2023\/07\/cropped-logo-teasense-kategorie-onlineshop-alle-produkte.jpg","width":512,"height":512,"caption":"Reale Selection"},"image":{"@id":"https:\/\/teasense.ch\/it\/#\/schema\/logo\/image\/"},"sameAs":["https:\/\/www.facebook.com\/teasense.ch"]}]}},"jetpack-related-posts":[{"id":45704,"url":"https:\/\/teasense.ch\/it\/prodotto\/pfefferminze-geschnitten\/","url_meta":{"origin":43169,"position":0},"title":"Pfefferminze geschnitten","author":"Reale Selection","date":"13. May 2025","format":false,"excerpt":"Zubereitung Pfefferminztee \ud83e\udd44 1 TL pro Tasse (12g\/Liter)\ud83c\udf21\ufe0f 100 \u00b0C\u23f3 5 Minuten ziehen lassen","rel":"","context":"Similar post","block_context":{"text":"Similar post","link":""},"img":{"alt_text":"Pfefferminze geschnitten","src":"https:\/\/i0.wp.com\/teasense.ch\/wp-content\/uploads\/2025\/05\/Pfefferminze-geschnitten.png?resize=350%2C200&ssl=1","width":350,"height":200,"srcset":"https:\/\/i0.wp.com\/teasense.ch\/wp-content\/uploads\/2025\/05\/Pfefferminze-geschnitten.png?resize=350%2C200&ssl=1 1x, https:\/\/i0.wp.com\/teasense.ch\/wp-content\/uploads\/2025\/05\/Pfefferminze-geschnitten.png?resize=525%2C300&ssl=1 1.5x, https:\/\/i0.wp.com\/teasense.ch\/wp-content\/uploads\/2025\/05\/Pfefferminze-geschnitten.png?resize=700%2C400&ssl=1 2x"},"classes":[]},{"id":34606,"url":"https:\/\/teasense.ch\/it\/prodotto\/lavendelblueten\/","url_meta":{"origin":43169,"position":1},"title":"Lavendelbl\u00fcten","author":"Reale Selection","date":"1. August 2023","format":false,"excerpt":"Lavandula angustifolia Zubereitung Lavendel Tee \ud83e\udd44 2 TL pro Tasse (250 ml) \ud83c\udf21\ufe0f 90 \u2013 100\u00b0C (Kochendes Wasser) \u23f3 8 \u2013 10 Minuten ziehen lassen","rel":"","context":"Similar post","block_context":{"text":"Similar post","link":""},"img":{"alt_text":"Lavendelbl\u00fcten","src":"https:\/\/i0.wp.com\/teasense.ch\/wp-content\/uploads\/2023\/08\/lavendelblueten-plain.jpg?resize=350%2C200&ssl=1","width":350,"height":200,"srcset":"https:\/\/i0.wp.com\/teasense.ch\/wp-content\/uploads\/2023\/08\/lavendelblueten-plain.jpg?resize=350%2C200&ssl=1 1x, https:\/\/i0.wp.com\/teasense.ch\/wp-content\/uploads\/2023\/08\/lavendelblueten-plain.jpg?resize=525%2C300&ssl=1 1.5x, https:\/\/i0.wp.com\/teasense.ch\/wp-content\/uploads\/2023\/08\/lavendelblueten-plain.jpg?resize=700%2C400&ssl=1 2x"},"classes":[]},{"id":43208,"url":"https:\/\/teasense.ch\/it\/prodotto\/erdbeerblaetter\/","url_meta":{"origin":43169,"position":2},"title":"Erdbeerbl\u00e4tter","author":"Reale Selection","date":"23. October 2024","format":false,"excerpt":"Zubereitung Erdbeerbl\u00e4tter Tee \ud83e\udd44 1 TL Erdbeerbl\u00e4tter pro Tasse\ud83c\udf21\ufe0f 100 \u00b0C\u23f3 5 \u2013 7 Minuten","rel":"","context":"Similar post","block_context":{"text":"Similar post","link":""},"img":{"alt_text":"Erdbeerbl\u00e4tter","src":"https:\/\/i0.wp.com\/teasense.ch\/wp-content\/uploads\/2024\/10\/erdbeerblaetter.png?resize=350%2C200&ssl=1","width":350,"height":200,"srcset":"https:\/\/i0.wp.com\/teasense.ch\/wp-content\/uploads\/2024\/10\/erdbeerblaetter.png?resize=350%2C200&ssl=1 1x, https:\/\/i0.wp.com\/teasense.ch\/wp-content\/uploads\/2024\/10\/erdbeerblaetter.png?resize=525%2C300&ssl=1 1.5x, https:\/\/i0.wp.com\/teasense.ch\/wp-content\/uploads\/2024\/10\/erdbeerblaetter.png?resize=700%2C400&ssl=1 2x"},"classes":[]},{"id":38003,"url":"https:\/\/teasense.ch\/it\/prodotto\/nana-minze\/","url_meta":{"origin":43169,"position":3},"title":"Nana Minze","author":"Reale Selection","date":"15. October 2023","format":false,"excerpt":"Krauseminze geschnitten Zubereitung Nana Minze Tee \ud83e\udd44 4-5 TL pro Liter (oder 1-2 TL pro Tasse) \ud83c\udf21\ufe0f 100\u00b0C \u23f3 5 Minuten","rel":"","context":"Similar post","block_context":{"text":"Similar post","link":""},"img":{"alt_text":"Nana Minze Marokkanische Minze Tee","src":"https:\/\/i0.wp.com\/teasense.ch\/wp-content\/uploads\/2023\/10\/nana.png?resize=350%2C200&ssl=1","width":350,"height":200,"srcset":"https:\/\/i0.wp.com\/teasense.ch\/wp-content\/uploads\/2023\/10\/nana.png?resize=350%2C200&ssl=1 1x, https:\/\/i0.wp.com\/teasense.ch\/wp-content\/uploads\/2023\/10\/nana.png?resize=525%2C300&ssl=1 1.5x, https:\/\/i0.wp.com\/teasense.ch\/wp-content\/uploads\/2023\/10\/nana.png?resize=700%2C400&ssl=1 2x"},"classes":[]},{"id":44340,"url":"https:\/\/teasense.ch\/it\/prodotto\/hibiskus-tee\/","url_meta":{"origin":43169,"position":4},"title":"Hibiskus Tee","author":"Reale Selection","date":"28. February 2025","format":false,"excerpt":"Zubereitung Hibiskus Tee \ud83e\udd44 1 - 2 geh\u00e4ufte TL (ca. 2 g) auf 200 ml Wasser \ud83c\udf21\ufe0f 100 \u00b0C \u23f3 6 - 10 Minuten ziehen lassen","rel":"","context":"Similar post","block_context":{"text":"Similar post","link":""},"img":{"alt_text":"Hibiskus Tee Lose Hibiskusbl\u00fcten","src":"https:\/\/i0.wp.com\/teasense.ch\/wp-content\/uploads\/2025\/02\/Lose-Blueten-hibiskus-tee.png?resize=350%2C200&ssl=1","width":350,"height":200,"srcset":"https:\/\/i0.wp.com\/teasense.ch\/wp-content\/uploads\/2025\/02\/Lose-Blueten-hibiskus-tee.png?resize=350%2C200&ssl=1 1x, https:\/\/i0.wp.com\/teasense.ch\/wp-content\/uploads\/2025\/02\/Lose-Blueten-hibiskus-tee.png?resize=525%2C300&ssl=1 1.5x, https:\/\/i0.wp.com\/teasense.ch\/wp-content\/uploads\/2025\/02\/Lose-Blueten-hibiskus-tee.png?resize=700%2C400&ssl=1 2x"},"classes":[]},{"id":47213,"url":"https:\/\/teasense.ch\/it\/prodotto\/kakao-chai\/","url_meta":{"origin":43169,"position":5},"title":"Kakao Chai","author":"Reale Selection","date":"30. September 2025","format":false,"excerpt":"Zubereitung Kakao Chai Tee \ud83e\udd44 12\u201315 g\/l\ud83c\udf21\ufe0f 100 \u00b0C\u23f3 7\u201310 Minuten","rel":"","context":"Similar post","block_context":{"text":"Similar post","link":""},"img":{"alt_text":"Kakao Chai Gew\u00fcrz und Kr\u00e4uter Tee mit Kakao Geschmack","src":"https:\/\/i0.wp.com\/teasense.ch\/wp-content\/uploads\/2025\/09\/kakau1.png?resize=350%2C200&ssl=1","width":350,"height":200,"srcset":"https:\/\/i0.wp.com\/teasense.ch\/wp-content\/uploads\/2025\/09\/kakau1.png?resize=350%2C200&ssl=1 1x, https:\/\/i0.wp.com\/teasense.ch\/wp-content\/uploads\/2025\/09\/kakau1.png?resize=525%2C300&ssl=1 1.5x, https:\/\/i0.wp.com\/teasense.ch\/wp-content\/uploads\/2025\/09\/kakau1.png?resize=700%2C400&ssl=1 2x"},"classes":[]}],"jetpack_sharing_enabled":true,"jetpack_likes_enabled":false,"_links":{"self":[{"href":"https:\/\/teasense.ch\/it\/wp-json\/wp\/v2\/product\/43169","targetHints":{"allow":["GET"]}}],"collection":[{"href":"https:\/\/teasense.ch\/it\/wp-json\/wp\/v2\/product"}],"about":[{"href":"https:\/\/teasense.ch\/it\/wp-json\/wp\/v2\/types\/product"}],"replies":[{"embeddable":true,"href":"https:\/\/teasense.ch\/it\/wp-json\/wp\/v2\/comments?post=43169"}],"wp:featuredmedia":[{"embeddable":true,"href":"https:\/\/teasense.ch\/it\/wp-json\/wp\/v2\/media\/43513"}],"wp:attachment":[{"href":"https:\/\/teasense.ch\/it\/wp-json\/wp\/v2\/media?parent=43169"}],"wp:term":[{"taxonomy":"product_brand","embeddable":true,"href":"https:\/\/teasense.ch\/it\/wp-json\/wp\/v2\/product_brand?post=43169"},{"taxonomy":"product_cat","embeddable":true,"href":"https:\/\/teasense.ch\/it\/wp-json\/wp\/v2\/product_cat?post=43169"},{"taxonomy":"product_tag","embeddable":true,"href":"https:\/\/teasense.ch\/it\/wp-json\/wp\/v2\/product_tag?post=43169"}],"curies":[{"name":"wp","href":"https:\/\/api.w.org\/{rel}","templated":true}]}}