{"id":43241,"date":"2024-10-23T16:04:56","date_gmt":"2024-10-23T14:04:56","guid":{"rendered":"https:\/\/teasense.ch\/?post_type=product&#038;p=43241"},"modified":"2025-11-25T16:14:58","modified_gmt":"2025-11-25T15:14:58","slug":"melissenblaetter","status":"publish","type":"product","link":"https:\/\/teasense.ch\/it\/prodotto\/melissenblaetter\/","title":{"rendered":"Melissenbl\u00e4tter"},"content":{"rendered":"<h3>Melissenbl\u00e4tter \u2013 Frischer Genuss f\u00fcr deine Tasse<\/h3>\n<p>Die Melissenbl\u00e4tter, auch als Folia Melissae bekannt, verleihen mit ihrem zarten, leicht zitronigen Aroma deiner Teetasse eine frische, milde Note. Dieses vielseitige Kraut bereichert nicht nur die Teekultur, sondern auch viele Gerichte. Die hellgr\u00fcnen Bl\u00e4tter verstr\u00f6men einen Duft, der sofort an einen Sommerabend im Garten erinnert.<\/p>\n<h3>Historische Bedeutung und kultureller Wert<\/h3>\n<p>Schon im Mittelalter sch\u00e4tzten Menschen die Melisse als \u201eLebenselixier\u201c und bauten sie in Klosterg\u00e4rten an. Dank ihres milden, frischen Geschmacks und ihrer sanften Note blieb die Melisse ein fester Bestandteil traditioneller Rezepturen, die \u00fcber Generationen weitergegeben wurden. Heute ist sie aus der Teekultur und modernen K\u00fcche kaum mehr wegzudenken.<\/p>\n<h3>Zubereitung von Melissen Tee<\/h3>\n<p>Um das volle Aroma der Melisse zu geniessen, empfiehlt sich die Zubereitung eines Tees. F\u00fcr eine Tasse solltest du etwa 1 bis 2 Teel\u00f6ffel getrocknete Melissenbl\u00e4tter verwenden. \u00dcbergiesse die Bl\u00e4tter mit kochendem Wasser (ca. 90 \u00b0C) und lass den Tee etwa 5 bis 10 Minuten ziehen. So entfaltet sich das Aroma optimal und sorgt f\u00fcr ein harmonisches Geschmackserlebnis.<\/p>\n<h3>Geschmack und Aroma<\/h3>\n<p>Mit ihrem milden, leicht zitronigen Geschmack und der sanften S\u00fcsse eignet sich die Melisse f\u00fcr jede Tageszeit. Ob morgens als erfrischender Start oder abends zur Entspannung \u2013 Melissenbl\u00e4tter bieten dir ein vielseitiges Tee-Erlebnis. Besonders erfrischend ist Melisse \u00fcbrigens auch als Eistee, ideal f\u00fcr heisse Sommertage.<\/p>\n<h3>Vielseitige Verwendungsm\u00f6glichkeiten<\/h3>\n<p>Doch Melisse ist nicht nur als Tee beliebt: Sie bereichert auch Salate, Dressings und Saucen mit ihrem Aroma. Selbst Desserts erhalten durch die Zugabe von Melissenbl\u00e4ttern einen feinen Frischekick. Besonders gut harmoniert sie in Kombination mit Fr\u00fcchten, zum Beispiel in einem frischen Fruchtsalat, oder als Zutat in Marinaden f\u00fcr Fleisch und Fisch.<\/p>\n","protected":false},"excerpt":{"rendered":"<h4>Zubereitung Melissenbl\u00e4tter Tee<\/h4>\n<p>\ud83e\udd44 1 \u2013 2 geh\u00e4ufte TL (ca. 1,5 g) auf 200 ml Wasser<br data-start=\"84\" data-end=\"87\" \/>\ud83c\udf21\ufe0f 90 \u00b0C<br data-start=\"96\" data-end=\"99\" \/>\u23f3 5 \u2013 10 Minuten ziehen lassen<\/p>\n","protected":false},"featured_media":43409,"comment_status":"open","ping_status":"closed","template":"","meta":{"_et_pb_use_builder":"","_et_pb_old_content":"","_et_gb_content_width":""},"product_brand":[],"product_cat":[74,150,19,155],"product_tag":[],"class_list":{"0":"post-43241","1":"product","2":"type-product","3":"status-publish","4":"has-post-thumbnail","6":"product_cat-alle-produkte","7":"product_cat-kraeutertee","8":"product_cat-tee","9":"product_cat-monokraeuter","10":"pa_herkunft-serbien","11":"pa_weight-100-g","12":"pa_weight-200-g","13":"pa_weight-50-g","15":"first","16":"instock","17":"shipping-taxable","18":"purchasable","19":"product-type-variable","20":"has-default-attributes","21":"add-to-wishlist-before_image"},"yoast_head":"<!-- This site is optimized with the Yoast SEO plugin v27.4 - https:\/\/yoast.com\/product\/yoast-seo-wordpress\/ -->\n<title>Melissenbl\u00e4tter - TeaSense.ch - Tee Shop Schweiz<\/title>\n<meta name=\"description\" content=\"Entdecke die erfrischenden Melissenbl\u00e4tter \u2013 ein mild-zitroniges Kr\u00e4uterhighlight, das sowohl pur als auch in Teemischungen \u00fcberzeugt.\" \/>\n<meta name=\"robots\" content=\"index, follow, max-snippet:-1, max-image-preview:large, max-video-preview:-1\" \/>\n<link rel=\"canonical\" href=\"https:\/\/teasense.ch\/it\/prodotto\/melissenblaetter\/\" \/>\n<meta property=\"og:locale\" content=\"it_IT\" \/>\n<meta property=\"og:type\" content=\"article\" \/>\n<meta property=\"og:title\" content=\"Melissenbl\u00e4tter - TeaSense.ch - Tee Shop Schweiz\" \/>\n<meta property=\"og:description\" content=\"Entdecke die erfrischenden Melissenbl\u00e4tter \u2013 ein mild-zitroniges Kr\u00e4uterhighlight, das sowohl pur als auch in Teemischungen \u00fcberzeugt.\" \/>\n<meta property=\"og:url\" content=\"https:\/\/teasense.ch\/it\/prodotto\/melissenblaetter\/\" \/>\n<meta property=\"og:site_name\" content=\"TeaSense.ch - Tee Shop Schweiz\" \/>\n<meta property=\"article:publisher\" content=\"https:\/\/www.facebook.com\/teasense.ch\" \/>\n<meta property=\"article:modified_time\" content=\"2025-11-25T15:14:58+00:00\" \/>\n<meta property=\"og:image\" content=\"https:\/\/teasense.ch\/wp-content\/uploads\/2024\/10\/melissenblaetter-weisser-hintergrund.png\" \/>\n\t<meta property=\"og:image:width\" content=\"800\" \/>\n\t<meta property=\"og:image:height\" content=\"800\" \/>\n\t<meta property=\"og:image:type\" content=\"image\/png\" \/>\n<meta name=\"twitter:card\" content=\"summary_large_image\" \/>\n<meta name=\"twitter:label1\" content=\"Est. reading time\" \/>\n\t<meta name=\"twitter:data1\" content=\"2 minutes\" \/>\n<!-- \/ Yoast SEO plugin. -->","yoast_head_json":{"title":"Melissenbl\u00e4tter - TeaSense.ch - Tee Shop Schweiz","description":"Entdecke die erfrischenden Melissenbl\u00e4tter \u2013 ein mild-zitroniges Kr\u00e4uterhighlight, das sowohl pur als auch in Teemischungen \u00fcberzeugt.","robots":{"index":"index","follow":"follow","max-snippet":"max-snippet:-1","max-image-preview":"max-image-preview:large","max-video-preview":"max-video-preview:-1"},"canonical":"https:\/\/teasense.ch\/it\/prodotto\/melissenblaetter\/","og_locale":"it_IT","og_type":"article","og_title":"Melissenbl\u00e4tter - TeaSense.ch - Tee Shop Schweiz","og_description":"Entdecke die erfrischenden Melissenbl\u00e4tter \u2013 ein mild-zitroniges Kr\u00e4uterhighlight, das sowohl pur als auch in Teemischungen \u00fcberzeugt.","og_url":"https:\/\/teasense.ch\/it\/prodotto\/melissenblaetter\/","og_site_name":"TeaSense.ch - Tee Shop Schweiz","article_publisher":"https:\/\/www.facebook.com\/teasense.ch","article_modified_time":"2025-11-25T15:14:58+00:00","og_image":[{"width":800,"height":800,"url":"https:\/\/teasense.ch\/wp-content\/uploads\/2024\/10\/melissenblaetter-weisser-hintergrund.png","type":"image\/png"}],"twitter_card":"summary_large_image","twitter_misc":{"Est. reading time":"2 minutes"},"schema":{"@context":"https:\/\/schema.org","@graph":[{"@type":"WebPage","@id":"https:\/\/teasense.ch\/it\/prodotto\/melissenblaetter\/","url":"https:\/\/teasense.ch\/it\/prodotto\/melissenblaetter\/","name":"Melissenbl\u00e4tter - TeaSense.ch - Tee Shop Schweiz","isPartOf":{"@id":"https:\/\/teasense.ch\/it\/#website"},"primaryImageOfPage":{"@id":"https:\/\/teasense.ch\/it\/prodotto\/melissenblaetter\/#primaryimage"},"image":{"@id":"https:\/\/teasense.ch\/it\/prodotto\/melissenblaetter\/#primaryimage"},"thumbnailUrl":"https:\/\/teasense.ch\/wp-content\/uploads\/2024\/10\/melissenblaetter-weisser-hintergrund.png","datePublished":"2024-10-23T14:04:56+00:00","dateModified":"2025-11-25T15:14:58+00:00","description":"Entdecke die erfrischenden Melissenbl\u00e4tter \u2013 ein mild-zitroniges Kr\u00e4uterhighlight, das sowohl pur als auch in Teemischungen \u00fcberzeugt.","breadcrumb":{"@id":"https:\/\/teasense.ch\/it\/prodotto\/melissenblaetter\/#breadcrumb"},"inLanguage":"it-CH","potentialAction":[{"@type":"ReadAction","target":["https:\/\/teasense.ch\/it\/prodotto\/melissenblaetter\/"]}]},{"@type":"ImageObject","inLanguage":"it-CH","@id":"https:\/\/teasense.ch\/it\/prodotto\/melissenblaetter\/#primaryimage","url":"https:\/\/teasense.ch\/wp-content\/uploads\/2024\/10\/melissenblaetter-weisser-hintergrund.png","contentUrl":"https:\/\/teasense.ch\/wp-content\/uploads\/2024\/10\/melissenblaetter-weisser-hintergrund.png","width":800,"height":800,"caption":"Melissenbl\u00e4tter getrocknet auf weissem Hintergrund"},{"@type":"BreadcrumbList","@id":"https:\/\/teasense.ch\/it\/prodotto\/melissenblaetter\/#breadcrumb","itemListElement":[{"@type":"ListItem","position":1,"name":"Startseite","item":"https:\/\/teasense.ch\/it\/startseite\/"},{"@type":"ListItem","position":2,"name":"Ordina t\u00e8 online in Svizzera","item":"https:\/\/teasense.ch\/it\/shop\/"},{"@type":"ListItem","position":3,"name":"Melissenbl\u00e4tter"}]},{"@type":"WebSite","@id":"https:\/\/teasense.ch\/it\/#website","url":"https:\/\/teasense.ch\/it\/","name":"TeaSense.ch","description":"Nat\u00fcrliche Teemischungen und klassischer Tee","publisher":{"@id":"https:\/\/teasense.ch\/it\/#organization"},"alternateName":"TeaSense","potentialAction":[{"@type":"SearchAction","target":{"@type":"EntryPoint","urlTemplate":"https:\/\/teasense.ch\/it\/?s={search_term_string}"},"query-input":{"@type":"PropertyValueSpecification","valueRequired":true,"valueName":"search_term_string"}}],"inLanguage":"it-CH"},{"@type":"Organization","@id":"https:\/\/teasense.ch\/it\/#organization","name":"Reale Selection","alternateName":"TeaSense.ch","url":"https:\/\/teasense.ch\/it\/","logo":{"@type":"ImageObject","inLanguage":"it-CH","@id":"https:\/\/teasense.ch\/it\/#\/schema\/logo\/image\/","url":"https:\/\/teasense.ch\/wp-content\/uploads\/2023\/07\/cropped-logo-teasense-kategorie-onlineshop-alle-produkte.jpg","contentUrl":"https:\/\/teasense.ch\/wp-content\/uploads\/2023\/07\/cropped-logo-teasense-kategorie-onlineshop-alle-produkte.jpg","width":512,"height":512,"caption":"Reale Selection"},"image":{"@id":"https:\/\/teasense.ch\/it\/#\/schema\/logo\/image\/"},"sameAs":["https:\/\/www.facebook.com\/teasense.ch"]}]}},"jetpack-related-posts":[{"id":43208,"url":"https:\/\/teasense.ch\/it\/prodotto\/erdbeerblaetter\/","url_meta":{"origin":43241,"position":0},"title":"Erdbeerbl\u00e4tter","author":"Reale Selection","date":"23. October 2024","format":false,"excerpt":"Zubereitung Erdbeerbl\u00e4tter Tee \ud83e\udd44 1 TL Erdbeerbl\u00e4tter pro Tasse\ud83c\udf21\ufe0f 100 \u00b0C\u23f3 5 \u2013 7 Minuten","rel":"","context":"Similar post","block_context":{"text":"Similar post","link":""},"img":{"alt_text":"Erdbeerbl\u00e4tter","src":"https:\/\/i0.wp.com\/teasense.ch\/wp-content\/uploads\/2024\/10\/erdbeerblaetter.png?resize=350%2C200&ssl=1","width":350,"height":200,"srcset":"https:\/\/i0.wp.com\/teasense.ch\/wp-content\/uploads\/2024\/10\/erdbeerblaetter.png?resize=350%2C200&ssl=1 1x, https:\/\/i0.wp.com\/teasense.ch\/wp-content\/uploads\/2024\/10\/erdbeerblaetter.png?resize=525%2C300&ssl=1 1.5x, https:\/\/i0.wp.com\/teasense.ch\/wp-content\/uploads\/2024\/10\/erdbeerblaetter.png?resize=700%2C400&ssl=1 2x"},"classes":[]},{"id":45417,"url":"https:\/\/teasense.ch\/it\/prodotto\/stilltee\/","url_meta":{"origin":43241,"position":1},"title":"Stilltee","author":"Reale Selection","date":"10. May 2025","format":false,"excerpt":"Zubereitung \u2013 Stilltee \ud83e\udd44 2 g (ca. 1\u20132 TL) auf 200 ml Wasser\ud83c\udf21\ufe0f 90 \u00b0C\u23f3 8 \u2013 10 Minuten ziehen lassen","rel":"","context":"Similar post","block_context":{"text":"Similar post","link":""},"img":{"alt_text":"Stilltee Teemischung","src":"https:\/\/i0.wp.com\/teasense.ch\/wp-content\/uploads\/2025\/05\/Stilltee.png?resize=350%2C200&ssl=1","width":350,"height":200,"srcset":"https:\/\/i0.wp.com\/teasense.ch\/wp-content\/uploads\/2025\/05\/Stilltee.png?resize=350%2C200&ssl=1 1x, https:\/\/i0.wp.com\/teasense.ch\/wp-content\/uploads\/2025\/05\/Stilltee.png?resize=525%2C300&ssl=1 1.5x, https:\/\/i0.wp.com\/teasense.ch\/wp-content\/uploads\/2025\/05\/Stilltee.png?resize=700%2C400&ssl=1 2x"},"classes":[]},{"id":43169,"url":"https:\/\/teasense.ch\/it\/prodotto\/spearmint\/","url_meta":{"origin":43241,"position":2},"title":"Spearmint","author":"Reale Selection","date":"21. October 2024","format":false,"excerpt":"Mentha spicata Zubereitung Spearmint Tee \ud83e\udd44 1 - 2 TL pro Tasse \ud83c\udf21\ufe0f 100\u00b0C \u23f3 6 - 10 Minuten","rel":"","context":"Similar post","block_context":{"text":"Similar post","link":""},"img":{"alt_text":"Spearmint lose Minze","src":"https:\/\/i0.wp.com\/teasense.ch\/wp-content\/uploads\/2024\/10\/spearmint.png?resize=350%2C200&ssl=1","width":350,"height":200,"srcset":"https:\/\/i0.wp.com\/teasense.ch\/wp-content\/uploads\/2024\/10\/spearmint.png?resize=350%2C200&ssl=1 1x, https:\/\/i0.wp.com\/teasense.ch\/wp-content\/uploads\/2024\/10\/spearmint.png?resize=525%2C300&ssl=1 1.5x, https:\/\/i0.wp.com\/teasense.ch\/wp-content\/uploads\/2024\/10\/spearmint.png?resize=700%2C400&ssl=1 2x"},"classes":[]},{"id":38042,"url":"https:\/\/teasense.ch\/it\/prodotto\/naturklang-kraeutertee\/","url_meta":{"origin":43241,"position":3},"title":"Naturklang Kr\u00e4utertee","author":"Reale Selection","date":"15. October 2023","format":false,"excerpt":"Zubereitung Naturklang Kr\u00e4utertee \ud83e\udd44 1 - 2 Teel\u00f6ffel pro Tasse\ud83c\udf21\ufe0f 100 \u00b0C\u23f3 6 - 8 Minuten","rel":"","context":"Similar post","block_context":{"text":"Similar post","link":""},"img":{"alt_text":"Naturklang Kr\u00e4utertee Teemischung Zutaten auf weissem Hintergrund.","src":"https:\/\/i0.wp.com\/teasense.ch\/wp-content\/uploads\/2023\/10\/winterpunsch-plain.jpg?resize=350%2C200&ssl=1","width":350,"height":200,"srcset":"https:\/\/i0.wp.com\/teasense.ch\/wp-content\/uploads\/2023\/10\/winterpunsch-plain.jpg?resize=350%2C200&ssl=1 1x, https:\/\/i0.wp.com\/teasense.ch\/wp-content\/uploads\/2023\/10\/winterpunsch-plain.jpg?resize=525%2C300&ssl=1 1.5x, https:\/\/i0.wp.com\/teasense.ch\/wp-content\/uploads\/2023\/10\/winterpunsch-plain.jpg?resize=700%2C400&ssl=1 2x"},"classes":[]},{"id":43238,"url":"https:\/\/teasense.ch\/prodotto\/schlafmuetze-kraeutertee\/","url_meta":{"origin":43241,"position":4},"title":"Schlafm\u00fctze Kr\u00e4utertee","author":"Reale Selection","date":"23. October 2024","format":false,"excerpt":"Zubereitung Schlafm\u00fctze Kr\u00e4utertee \ud83e\udd44 1 Teel\u00f6ffel pro Tasse (14g\/Liter)\ud83c\udf21\ufe0f 100 \u00b0C\u23f3 5 Minuten","rel":"","context":"Similar post","block_context":{"text":"Similar post","link":""},"img":{"alt_text":"Schlafm\u00fctze Kr\u00e4utertee weisser Hintergrund","src":"https:\/\/i0.wp.com\/teasense.ch\/wp-content\/uploads\/2024\/10\/schlafmuetze-kraeutertee-weisser-hintergrund.png?resize=350%2C200&ssl=1","width":350,"height":200,"srcset":"https:\/\/i0.wp.com\/teasense.ch\/wp-content\/uploads\/2024\/10\/schlafmuetze-kraeutertee-weisser-hintergrund.png?resize=350%2C200&ssl=1 1x, https:\/\/i0.wp.com\/teasense.ch\/wp-content\/uploads\/2024\/10\/schlafmuetze-kraeutertee-weisser-hintergrund.png?resize=525%2C300&ssl=1 1.5x, https:\/\/i0.wp.com\/teasense.ch\/wp-content\/uploads\/2024\/10\/schlafmuetze-kraeutertee-weisser-hintergrund.png?resize=700%2C400&ssl=1 2x"},"classes":[]},{"id":43179,"url":"https:\/\/teasense.ch\/it\/prodotto\/waldgefluester\/","url_meta":{"origin":43241,"position":5},"title":"Waldgefl\u00fcster &#8211; Kr\u00e4utermischung","author":"Reale Selection","date":"22. October 2024","format":false,"excerpt":"Zubereitung Waldgefl\u00fcster Kr\u00e4utertee \ud83e\udd44 1 Teel\u00f6ffel \ud83c\udf21\ufe0f 100\u00b0C \u23f3 6 - 10 Minuten","rel":"","context":"Similar post","block_context":{"text":"Similar post","link":""},"img":{"alt_text":"Waldgefl\u00fcster Teemischung","src":"https:\/\/i0.wp.com\/teasense.ch\/wp-content\/uploads\/2024\/10\/waldgefluester.png?resize=350%2C200&ssl=1","width":350,"height":200,"srcset":"https:\/\/i0.wp.com\/teasense.ch\/wp-content\/uploads\/2024\/10\/waldgefluester.png?resize=350%2C200&ssl=1 1x, https:\/\/i0.wp.com\/teasense.ch\/wp-content\/uploads\/2024\/10\/waldgefluester.png?resize=525%2C300&ssl=1 1.5x, https:\/\/i0.wp.com\/teasense.ch\/wp-content\/uploads\/2024\/10\/waldgefluester.png?resize=700%2C400&ssl=1 2x"},"classes":[]}],"jetpack_sharing_enabled":true,"jetpack_likes_enabled":false,"_links":{"self":[{"href":"https:\/\/teasense.ch\/it\/wp-json\/wp\/v2\/product\/43241","targetHints":{"allow":["GET"]}}],"collection":[{"href":"https:\/\/teasense.ch\/it\/wp-json\/wp\/v2\/product"}],"about":[{"href":"https:\/\/teasense.ch\/it\/wp-json\/wp\/v2\/types\/product"}],"replies":[{"embeddable":true,"href":"https:\/\/teasense.ch\/it\/wp-json\/wp\/v2\/comments?post=43241"}],"wp:featuredmedia":[{"embeddable":true,"href":"https:\/\/teasense.ch\/it\/wp-json\/wp\/v2\/media\/43409"}],"wp:attachment":[{"href":"https:\/\/teasense.ch\/it\/wp-json\/wp\/v2\/media?parent=43241"}],"wp:term":[{"taxonomy":"product_brand","embeddable":true,"href":"https:\/\/teasense.ch\/it\/wp-json\/wp\/v2\/product_brand?post=43241"},{"taxonomy":"product_cat","embeddable":true,"href":"https:\/\/teasense.ch\/it\/wp-json\/wp\/v2\/product_cat?post=43241"},{"taxonomy":"product_tag","embeddable":true,"href":"https:\/\/teasense.ch\/it\/wp-json\/wp\/v2\/product_tag?post=43241"}],"curies":[{"name":"wp","href":"https:\/\/api.w.org\/{rel}","templated":true}]}}