{"id":43416,"date":"2024-10-28T21:45:24","date_gmt":"2024-10-28T20:45:24","guid":{"rendered":"https:\/\/teasense.ch\/?post_type=product&#038;p=43416"},"modified":"2025-05-10T13:46:51","modified_gmt":"2025-05-10T11:46:51","slug":"porzellan-deckelbecher-hehua","status":"publish","type":"product","link":"https:\/\/teasense.ch\/it\/prodotto\/porzellan-deckelbecher-hehua\/","title":{"rendered":"Porzellan Deckelbecher Hehua"},"content":{"rendered":"<h2>Eleganter Porzellan Deckelbecher mit Edelstahlsieb<\/h2>\n<p>Mit dem Hehua Porzellan Deckelbecher holst du dir schlichte Eleganz und durchdachte Funktionalit\u00e4t in deinen Teegenuss. Der Deckelbecher \u00fcberzeugt mit einem zarten floralen Muster, das sich stilvoll auf der weissen Grundfarbe abhebt und ihm eine zeitlose Sch\u00f6nheit verleiht. Mit 360 ml F\u00fcllmenge bietet der Hehua Becher ausreichend Platz f\u00fcr deinen Lieblingstee \u2013 sei es am fr\u00fchen Morgen, beim Lesen deines Lieblingsbuchs oder bei einer genussvollen Pause zwischendurch.<\/p>\n<h3>Praktisches Edelstahlsieb f\u00fcr perfekten Teegenuss<\/h3>\n<p>Ein echter Vorteil des Hehua Porzellan Deckelbechers ist das praktische Edelstahlsieb, das direkt im Becher eingesetzt wird. So kannst du deinen Lieblingstee unkompliziert aufgiessen, ohne zus\u00e4tzliches Zubeh\u00f6r zu ben\u00f6tigen. Das feinmaschige Sieb h\u00e4lt s\u00e4mtliche Teebl\u00e4tter zur\u00fcck und sorgt f\u00fcr ein klares, reines Teeerlebnis. Egal ob gr\u00fcner Tee, Kr\u00e4uter oder Schwarztee \u2013 das Sieb garantiert dir ein vollmundiges, aromatisches Ergebnis bei jeder Tasse.<\/p>\n<h4>Deckel f\u00fcr l\u00e4ngeren Teegenuss<\/h4>\n<p>Der Deckel ist nicht nur ein optisches Highlight \u2013 er sorgt auch daf\u00fcr, dass dein Tee l\u00e4nger warm und aromatisch bleibt. Nach dem Aufguss dient er zudem als praktische Ablage f\u00fcr das Sieb, sodass du ganz unkompliziert und sauber geniessen kannst. Der <em>Hehua<\/em> Becher ist ideal f\u00fcr alle, die sich Zeit f\u00fcr ihren Tee nehmen und jeden Schluck bewusst geniessen.<\/p>\n<h4>Perfektes Geschenk f\u00fcr Teeliebhaber<\/h4>\n<p>Suchst du ein besonderes Geschenk f\u00fcr eine Freundin oder ein Familienmitglied? Der Hehua Porzellan Deckelbecher eignet sich perfekt f\u00fcr alle, die das Besondere suchen und Wert auf Stil legen. Die floralen Muster und das hochwertige Porzellan machen ihn zu einem wunderbaren Pr\u00e4sent f\u00fcr M\u00fctter, Freundinnen oder Arbeitskolleginnen, die gerne ihren Tee in aller Ruhe geniessen.<\/p>\n<h4>Die Vorteile eines Deckelbechers mit Sieb<\/h4>\n<p>Im Vergleich zur herk\u00f6mmlichen Tasse bietet ein Deckelbecher mit Sieb entscheidende Vorteile: Dein Tee bleibt l\u00e4nger warm, das Sieb sorgt f\u00fcr ein klaren Tee und der Tee l\u00e4sst sich direkt in der Tasse zubereiten. Mit dem Hehua Porzellan Deckelbecher verwandelst du jede Tasse Tee in einen Moment des Luxus.<\/p>\n","protected":false},"excerpt":{"rendered":"<p>Set: Tasse, Sieb und Deckel (ohne Geschenkverpackung)<\/p>\n<p>F\u00fcllmenge: 360 ml<\/p>\n","protected":false},"featured_media":43418,"comment_status":"open","ping_status":"closed","template":"","meta":{"_et_pb_use_builder":"","_et_pb_old_content":"","_et_gb_content_width":""},"product_brand":[],"product_cat":[74,59,79],"product_tag":[],"class_list":{"0":"post-43416","1":"product","2":"type-product","3":"status-publish","4":"has-post-thumbnail","6":"product_cat-alle-produkte","7":"product_cat-tee-geschenke","8":"product_cat-teezubehoer","9":"pa_herkunft-china","11":"first","12":"instock","13":"shipping-taxable","14":"purchasable","15":"product-type-simple","16":"add-to-wishlist-before_image"},"yoast_head":"<!-- This site is optimized with the Yoast SEO plugin v27.4 - https:\/\/yoast.com\/product\/yoast-seo-wordpress\/ -->\n<title>Porzellan Deckelbecher Hehua - TeaSense.ch - Tee Shop Schweiz<\/title>\n<meta name=\"description\" content=\"Eleganter Hehua Porzellan Deckelbecher mit Edelstahlsieb und Deckel. 360 ml F\u00fcllmenge f\u00fcr stilvolle Teemomente. Ideal f\u00fcr entspannte Pausen.\" \/>\n<meta name=\"robots\" content=\"index, follow, max-snippet:-1, max-image-preview:large, max-video-preview:-1\" \/>\n<link rel=\"canonical\" href=\"https:\/\/teasense.ch\/it\/prodotto\/porzellan-deckelbecher-hehua\/\" \/>\n<meta property=\"og:locale\" content=\"it_IT\" \/>\n<meta property=\"og:type\" content=\"article\" \/>\n<meta property=\"og:title\" content=\"Porzellan Deckelbecher Hehua - TeaSense.ch - Tee Shop Schweiz\" \/>\n<meta property=\"og:description\" content=\"Eleganter Hehua Porzellan Deckelbecher mit Edelstahlsieb und Deckel. 360 ml F\u00fcllmenge f\u00fcr stilvolle Teemomente. Ideal f\u00fcr entspannte Pausen.\" \/>\n<meta property=\"og:url\" content=\"https:\/\/teasense.ch\/it\/prodotto\/porzellan-deckelbecher-hehua\/\" \/>\n<meta property=\"og:site_name\" content=\"TeaSense.ch - Tee Shop Schweiz\" \/>\n<meta property=\"article:publisher\" content=\"https:\/\/www.facebook.com\/teasense.ch\" \/>\n<meta property=\"article:modified_time\" content=\"2025-05-10T11:46:51+00:00\" \/>\n<meta property=\"og:image\" content=\"https:\/\/teasense.ch\/wp-content\/uploads\/2024\/10\/porzellan-deckelbecher-hehua-aussen.png\" \/>\n\t<meta property=\"og:image:width\" content=\"800\" \/>\n\t<meta property=\"og:image:height\" content=\"800\" \/>\n\t<meta property=\"og:image:type\" content=\"image\/png\" \/>\n<meta name=\"twitter:card\" content=\"summary_large_image\" \/>\n<meta name=\"twitter:label1\" content=\"Est. reading time\" \/>\n\t<meta name=\"twitter:data1\" content=\"2 minutes\" \/>\n<!-- \/ Yoast SEO plugin. -->","yoast_head_json":{"title":"Porzellan Deckelbecher Hehua - TeaSense.ch - Tee Shop Schweiz","description":"Eleganter Hehua Porzellan Deckelbecher mit Edelstahlsieb und Deckel. 360 ml F\u00fcllmenge f\u00fcr stilvolle Teemomente. Ideal f\u00fcr entspannte Pausen.","robots":{"index":"index","follow":"follow","max-snippet":"max-snippet:-1","max-image-preview":"max-image-preview:large","max-video-preview":"max-video-preview:-1"},"canonical":"https:\/\/teasense.ch\/it\/prodotto\/porzellan-deckelbecher-hehua\/","og_locale":"it_IT","og_type":"article","og_title":"Porzellan Deckelbecher Hehua - TeaSense.ch - Tee Shop Schweiz","og_description":"Eleganter Hehua Porzellan Deckelbecher mit Edelstahlsieb und Deckel. 360 ml F\u00fcllmenge f\u00fcr stilvolle Teemomente. Ideal f\u00fcr entspannte Pausen.","og_url":"https:\/\/teasense.ch\/it\/prodotto\/porzellan-deckelbecher-hehua\/","og_site_name":"TeaSense.ch - Tee Shop Schweiz","article_publisher":"https:\/\/www.facebook.com\/teasense.ch","article_modified_time":"2025-05-10T11:46:51+00:00","og_image":[{"width":800,"height":800,"url":"https:\/\/teasense.ch\/wp-content\/uploads\/2024\/10\/porzellan-deckelbecher-hehua-aussen.png","type":"image\/png"}],"twitter_card":"summary_large_image","twitter_misc":{"Est. reading time":"2 minutes"},"schema":{"@context":"https:\/\/schema.org","@graph":[{"@type":"WebPage","@id":"https:\/\/teasense.ch\/it\/prodotto\/porzellan-deckelbecher-hehua\/","url":"https:\/\/teasense.ch\/it\/prodotto\/porzellan-deckelbecher-hehua\/","name":"Porzellan Deckelbecher Hehua - TeaSense.ch - Tee Shop Schweiz","isPartOf":{"@id":"https:\/\/teasense.ch\/it\/#website"},"primaryImageOfPage":{"@id":"https:\/\/teasense.ch\/it\/prodotto\/porzellan-deckelbecher-hehua\/#primaryimage"},"image":{"@id":"https:\/\/teasense.ch\/it\/prodotto\/porzellan-deckelbecher-hehua\/#primaryimage"},"thumbnailUrl":"https:\/\/teasense.ch\/wp-content\/uploads\/2024\/10\/porzellan-deckelbecher-hehua-aussen.png","datePublished":"2024-10-28T20:45:24+00:00","dateModified":"2025-05-10T11:46:51+00:00","description":"Eleganter Hehua Porzellan Deckelbecher mit Edelstahlsieb und Deckel. 360 ml F\u00fcllmenge f\u00fcr stilvolle Teemomente. Ideal f\u00fcr entspannte Pausen.","breadcrumb":{"@id":"https:\/\/teasense.ch\/it\/prodotto\/porzellan-deckelbecher-hehua\/#breadcrumb"},"inLanguage":"it-CH","potentialAction":[{"@type":"ReadAction","target":["https:\/\/teasense.ch\/it\/prodotto\/porzellan-deckelbecher-hehua\/"]}]},{"@type":"ImageObject","inLanguage":"it-CH","@id":"https:\/\/teasense.ch\/it\/prodotto\/porzellan-deckelbecher-hehua\/#primaryimage","url":"https:\/\/teasense.ch\/wp-content\/uploads\/2024\/10\/porzellan-deckelbecher-hehua-aussen.png","contentUrl":"https:\/\/teasense.ch\/wp-content\/uploads\/2024\/10\/porzellan-deckelbecher-hehua-aussen.png","width":800,"height":800,"caption":"Porzellan Deckelbecher Hehua aussen"},{"@type":"BreadcrumbList","@id":"https:\/\/teasense.ch\/it\/prodotto\/porzellan-deckelbecher-hehua\/#breadcrumb","itemListElement":[{"@type":"ListItem","position":1,"name":"Startseite","item":"https:\/\/teasense.ch\/it\/startseite\/"},{"@type":"ListItem","position":2,"name":"Ordina t\u00e8 online in Svizzera","item":"https:\/\/teasense.ch\/it\/shop\/"},{"@type":"ListItem","position":3,"name":"Porzellan Deckelbecher Hehua"}]},{"@type":"WebSite","@id":"https:\/\/teasense.ch\/it\/#website","url":"https:\/\/teasense.ch\/it\/","name":"TeaSense.ch","description":"Nat\u00fcrliche Teemischungen und klassischer Tee","publisher":{"@id":"https:\/\/teasense.ch\/it\/#organization"},"alternateName":"TeaSense","potentialAction":[{"@type":"SearchAction","target":{"@type":"EntryPoint","urlTemplate":"https:\/\/teasense.ch\/it\/?s={search_term_string}"},"query-input":{"@type":"PropertyValueSpecification","valueRequired":true,"valueName":"search_term_string"}}],"inLanguage":"it-CH"},{"@type":"Organization","@id":"https:\/\/teasense.ch\/it\/#organization","name":"Reale Selection","alternateName":"TeaSense.ch","url":"https:\/\/teasense.ch\/it\/","logo":{"@type":"ImageObject","inLanguage":"it-CH","@id":"https:\/\/teasense.ch\/it\/#\/schema\/logo\/image\/","url":"https:\/\/teasense.ch\/wp-content\/uploads\/2023\/07\/cropped-logo-teasense-kategorie-onlineshop-alle-produkte.jpg","contentUrl":"https:\/\/teasense.ch\/wp-content\/uploads\/2023\/07\/cropped-logo-teasense-kategorie-onlineshop-alle-produkte.jpg","width":512,"height":512,"caption":"Reale Selection"},"image":{"@id":"https:\/\/teasense.ch\/it\/#\/schema\/logo\/image\/"},"sameAs":["https:\/\/www.facebook.com\/teasense.ch"]}]}},"jetpack-related-posts":[{"id":43460,"url":"https:\/\/teasense.ch\/it\/prodotto\/porzellan-deckelbecher-yoshino\/","url_meta":{"origin":43416,"position":0},"title":"Porzellan Deckelbecher Yoshino","author":"Reale Selection","date":"29. October 2024","format":false,"excerpt":"Tasse, Sieb und Deckel (ohne Geschenkverpackung) F\u00fcllmenge: 320 ml","rel":"","context":"Similar post","block_context":{"text":"Similar post","link":""},"img":{"alt_text":"Porzellan Deckelbecher Yoshino Varianten","src":"https:\/\/i0.wp.com\/teasense.ch\/wp-content\/uploads\/2024\/10\/porzellan-deckelbecher-yoshino-varianten.png?resize=350%2C200&ssl=1","width":350,"height":200,"srcset":"https:\/\/i0.wp.com\/teasense.ch\/wp-content\/uploads\/2024\/10\/porzellan-deckelbecher-yoshino-varianten.png?resize=350%2C200&ssl=1 1x, https:\/\/i0.wp.com\/teasense.ch\/wp-content\/uploads\/2024\/10\/porzellan-deckelbecher-yoshino-varianten.png?resize=525%2C300&ssl=1 1.5x, https:\/\/i0.wp.com\/teasense.ch\/wp-content\/uploads\/2024\/10\/porzellan-deckelbecher-yoshino-varianten.png?resize=700%2C400&ssl=1 2x"},"classes":[]},{"id":43454,"url":"https:\/\/teasense.ch\/it\/prodotto\/porzellan-deckelbecher-haku\/","url_meta":{"origin":43416,"position":1},"title":"Porzellan Deckelbecher Haku","author":"Reale Selection","date":"29. October 2024","format":false,"excerpt":"Tasse, Sieb und Deckel (ohne Geschenkverpackung) F\u00fcllmenge: 320 ml","rel":"","context":"Similar post","block_context":{"text":"Similar post","link":""},"img":{"alt_text":"Set Tasse Sieb Deckel Haku","src":"https:\/\/i0.wp.com\/teasense.ch\/wp-content\/uploads\/2024\/10\/porzellan-deckelbecher-haku-set.png?resize=350%2C200&ssl=1","width":350,"height":200,"srcset":"https:\/\/i0.wp.com\/teasense.ch\/wp-content\/uploads\/2024\/10\/porzellan-deckelbecher-haku-set.png?resize=350%2C200&ssl=1 1x, https:\/\/i0.wp.com\/teasense.ch\/wp-content\/uploads\/2024\/10\/porzellan-deckelbecher-haku-set.png?resize=525%2C300&ssl=1 1.5x, https:\/\/i0.wp.com\/teasense.ch\/wp-content\/uploads\/2024\/10\/porzellan-deckelbecher-haku-set.png?resize=700%2C400&ssl=1 2x"},"classes":[]},{"id":43423,"url":"https:\/\/teasense.ch\/it\/prodotto\/porzellan-deckelbecher-birdy\/","url_meta":{"origin":43416,"position":2},"title":"Porzellan Deckelbecher Birdy","author":"Reale Selection","date":"28. October 2024","format":false,"excerpt":"Tasse, Sieb und Deckel (ohne Geschenkverpackung) F\u00fcllmenge: 325 ml","rel":"","context":"Similar post","block_context":{"text":"Similar post","link":""},"img":{"alt_text":"Porzellan Deckelbecher Birdy ganz","src":"https:\/\/i0.wp.com\/teasense.ch\/wp-content\/uploads\/2024\/10\/porzellan-deckelbecher-birdy-ganz.png?resize=350%2C200&ssl=1","width":350,"height":200,"srcset":"https:\/\/i0.wp.com\/teasense.ch\/wp-content\/uploads\/2024\/10\/porzellan-deckelbecher-birdy-ganz.png?resize=350%2C200&ssl=1 1x, https:\/\/i0.wp.com\/teasense.ch\/wp-content\/uploads\/2024\/10\/porzellan-deckelbecher-birdy-ganz.png?resize=525%2C300&ssl=1 1.5x, https:\/\/i0.wp.com\/teasense.ch\/wp-content\/uploads\/2024\/10\/porzellan-deckelbecher-birdy-ganz.png?resize=700%2C400&ssl=1 2x"},"classes":[]},{"id":43435,"url":"https:\/\/teasense.ch\/it\/prodotto\/herz-keramik-deckelbecher\/","url_meta":{"origin":43416,"position":3},"title":"Herz Keramik Deckelbecher","author":"Reale Selection","date":"29. October 2024","format":false,"excerpt":"Tasse, Sieb und Deckel (ohne Geschenkverpackung) F\u00fcllmenge: 250 ml","rel":"","context":"Similar post","block_context":{"text":"Similar post","link":""},"img":{"alt_text":"Herz Keramik Deckelbecher zwei Varianten","src":"https:\/\/i0.wp.com\/teasense.ch\/wp-content\/uploads\/2024\/10\/herz-keramik-deckelbecher-zwei-varianten.png?resize=350%2C200&ssl=1","width":350,"height":200,"srcset":"https:\/\/i0.wp.com\/teasense.ch\/wp-content\/uploads\/2024\/10\/herz-keramik-deckelbecher-zwei-varianten.png?resize=350%2C200&ssl=1 1x, https:\/\/i0.wp.com\/teasense.ch\/wp-content\/uploads\/2024\/10\/herz-keramik-deckelbecher-zwei-varianten.png?resize=525%2C300&ssl=1 1.5x, https:\/\/i0.wp.com\/teasense.ch\/wp-content\/uploads\/2024\/10\/herz-keramik-deckelbecher-zwei-varianten.png?resize=700%2C400&ssl=1 2x"},"classes":[]},{"id":46306,"url":"https:\/\/teasense.ch\/it\/prodotto\/tee-geschenkset-tasse-kraeutertee\/","url_meta":{"origin":43416,"position":4},"title":"Tee Geschenkset mit Tasse &#038; Kr\u00e4utertee","author":"Reale Selection","date":"27. July 2025","format":false,"excerpt":"Porzellan Becher mit Deckel & 50\u202fg Kr\u00e4utertee.Verpackt im Naturkarton mit Sichtfenster \u2013perfekt als Geschenk f\u00fcr bewusste Tee-Momente. \ud83c\udf43","rel":"","context":"Similar post","block_context":{"text":"Similar post","link":""},"img":{"alt_text":"Tee Geschenkset mit Tasse & Kr\u00e4utertee","src":"https:\/\/i0.wp.com\/teasense.ch\/wp-content\/uploads\/2025\/07\/Tee-Geschenkset-mit-Tasse-Kraeutertee.png?resize=350%2C200&ssl=1","width":350,"height":200,"srcset":"https:\/\/i0.wp.com\/teasense.ch\/wp-content\/uploads\/2025\/07\/Tee-Geschenkset-mit-Tasse-Kraeutertee.png?resize=350%2C200&ssl=1 1x, https:\/\/i0.wp.com\/teasense.ch\/wp-content\/uploads\/2025\/07\/Tee-Geschenkset-mit-Tasse-Kraeutertee.png?resize=525%2C300&ssl=1 1.5x, https:\/\/i0.wp.com\/teasense.ch\/wp-content\/uploads\/2025\/07\/Tee-Geschenkset-mit-Tasse-Kraeutertee.png?resize=700%2C400&ssl=1 2x"},"classes":[]},{"id":47697,"url":"https:\/\/teasense.ch\/it\/prodotto\/edelstahl-teesieb-75-mm\/","url_meta":{"origin":43416,"position":5},"title":"Edelstahl-Teesieb 75 mm","author":"Reale Selection","date":"7. January 2026","format":false,"excerpt":"Edelstahlsieb 75 mm (\u00d8 75\/85 x 50 mm)","rel":"","context":"Similar post","block_context":{"text":"Similar post","link":""},"img":{"alt_text":"Edelstahlsieb 75 mm 85 x 50 mm","src":"https:\/\/i0.wp.com\/teasense.ch\/wp-content\/uploads\/2026\/01\/edelstahlsieb-75-mm-85-x-50-mm.png?resize=350%2C200&ssl=1","width":350,"height":200,"srcset":"https:\/\/i0.wp.com\/teasense.ch\/wp-content\/uploads\/2026\/01\/edelstahlsieb-75-mm-85-x-50-mm.png?resize=350%2C200&ssl=1 1x, https:\/\/i0.wp.com\/teasense.ch\/wp-content\/uploads\/2026\/01\/edelstahlsieb-75-mm-85-x-50-mm.png?resize=525%2C300&ssl=1 1.5x, https:\/\/i0.wp.com\/teasense.ch\/wp-content\/uploads\/2026\/01\/edelstahlsieb-75-mm-85-x-50-mm.png?resize=700%2C400&ssl=1 2x"},"classes":[]}],"jetpack_sharing_enabled":true,"jetpack_likes_enabled":false,"_links":{"self":[{"href":"https:\/\/teasense.ch\/it\/wp-json\/wp\/v2\/product\/43416","targetHints":{"allow":["GET"]}}],"collection":[{"href":"https:\/\/teasense.ch\/it\/wp-json\/wp\/v2\/product"}],"about":[{"href":"https:\/\/teasense.ch\/it\/wp-json\/wp\/v2\/types\/product"}],"replies":[{"embeddable":true,"href":"https:\/\/teasense.ch\/it\/wp-json\/wp\/v2\/comments?post=43416"}],"wp:featuredmedia":[{"embeddable":true,"href":"https:\/\/teasense.ch\/it\/wp-json\/wp\/v2\/media\/43418"}],"wp:attachment":[{"href":"https:\/\/teasense.ch\/it\/wp-json\/wp\/v2\/media?parent=43416"}],"wp:term":[{"taxonomy":"product_brand","embeddable":true,"href":"https:\/\/teasense.ch\/it\/wp-json\/wp\/v2\/product_brand?post=43416"},{"taxonomy":"product_cat","embeddable":true,"href":"https:\/\/teasense.ch\/it\/wp-json\/wp\/v2\/product_cat?post=43416"},{"taxonomy":"product_tag","embeddable":true,"href":"https:\/\/teasense.ch\/it\/wp-json\/wp\/v2\/product_tag?post=43416"}],"curies":[{"name":"wp","href":"https:\/\/api.w.org\/{rel}","templated":true}]}}