{"id":43423,"date":"2024-10-28T22:16:29","date_gmt":"2024-10-28T21:16:29","guid":{"rendered":"https:\/\/teasense.ch\/?post_type=product&#038;p=43423"},"modified":"2025-10-17T16:22:09","modified_gmt":"2025-10-17T14:22:09","slug":"porzellan-deckelbecher-birdy","status":"publish","type":"product","link":"https:\/\/teasense.ch\/it\/prodotto\/porzellan-deckelbecher-birdy\/","title":{"rendered":"Porzellan Deckelbecher Birdy"},"content":{"rendered":"<p>Entdecke den Birdy Porzellan Deckelbecher, der nicht nur funktional ist, sondern auch mit seinem charmanten Design begeistert. Mit seinem hellen, freundlichen Farbton sowie den zauberhaften V\u00f6geln, Blumen und Str\u00e4uchern ist dieser Deckelbecher ein echter Blickfang auf jedem Tisch. Er bietet dir die perfekte L\u00f6sung, um deinen Lieblingstee stilvoll zuzubereiten und zu geniessen. Mit einer F\u00fcllmenge von 325 ml ist der Birdy Becher ideal f\u00fcr eine gem\u00fctliche Tasse Tee am Nachmittag oder als Begleiter bei einem entspannenden Moment nach einem langen Tag.<\/p>\n<h3>Vorteile des Edelstahlsiebs<\/h3>\n<p>Ein echtes Highlight des Birdy Porzellan Deckelbechers ist das integrierte Edelstahlsieb, das dir erm\u00f6glicht, deine Teebl\u00e4tter direkt im Becher aufzubr\u00fchen, ohne zus\u00e4tzliche Utensilien verwenden zu m\u00fcssen. Das Sieb sorgt nicht nur daf\u00fcr, dass kein Teeblatt in deine Tasse gelangt, sondern garantiert auch ein reines Geschmackserlebnis. Egal, ob du frischen Kr\u00e4utertee, gr\u00fcnen Tee oder klassischen Schwarztee zubereitest, mit diesem Becher wird jeder Schluck zu einem Genuss.<\/p>\n<h4>Deckel f\u00fcr Aromaschutz<\/h4>\n<p>Der Deckel des Birdy Bechers ist nicht nur dekorativ, sondern auch ausgesprochen praktisch. Er hilft, die Temperatur deines Tees zu halten und das Aroma zu bewahren. Wenn du deinen Tee aufbr\u00fchst, kannst du das Sieb einfach auf den Deckel legen, um eine saubere Ablage zu schaffen. So wird die Zubereitung deines Tees nicht nur einfach, sondern auch angenehm!<\/p>\n<h4>Das perfekte Geschenk f\u00fcr Naturfreunde<\/h4>\n<p>Wenn du auf der Suche nach einem durchdachten Geschenk f\u00fcr einen Teeliebhaber oder jemanden bist, der die Natur liebt, dann ist der Birdy Porzellan Deckelbecher genau das Richtige. Ob f\u00fcr einen Geburtstag, als Mitbringsel zu einem Besuch oder einfach, um jemandem eine Freude zu machen \u2013 dieser Becher begeistert durch sein einzigartiges Design und die hochwertige Verarbeitung.<\/p>\n<h5>Die Vorteile eines Deckelbechers mit Sieb<\/h5>\n<p>Ein Deckelbecher mit Sieb bietet dir im Vergleich zu einer herk\u00f6mmlichen Tasse viele Vorteile. Du kannst deinen Tee direkt im Becher zubereiten, w\u00e4hrend das integrierte Sieb f\u00fcr eine klare Tasse sorgt. Dar\u00fcber hinaus h\u00e4lt der Deckel deinen Tee l\u00e4nger warm. Der Birdy Porzellan Deckelbecher verwandelt jede Teepause in einen besonderen Moment des Genusses und der Entspannung.<\/p>\n","protected":false},"excerpt":{"rendered":"<p>Tasse, Sieb und Deckel (ohne Geschenkverpackung)<\/p>\n<p>F\u00fcllmenge: 325 ml<\/p>\n","protected":false},"featured_media":43424,"comment_status":"open","ping_status":"closed","template":"","meta":{"_et_pb_use_builder":"","_et_pb_old_content":"","_et_gb_content_width":""},"product_brand":[],"product_cat":[74,59,79],"product_tag":[],"class_list":{"0":"post-43423","1":"product","2":"type-product","3":"status-publish","4":"has-post-thumbnail","6":"product_cat-alle-produkte","7":"product_cat-tee-geschenke","8":"product_cat-teezubehoer","9":"pa_herkunft-china","11":"first","12":"instock","13":"shipping-taxable","14":"purchasable","15":"product-type-simple","16":"add-to-wishlist-before_image"},"yoast_head":"<!-- This site is optimized with the Yoast SEO plugin v27.4 - https:\/\/yoast.com\/product\/yoast-seo-wordpress\/ -->\n<title>Porzellan Deckelbecher Birdy - TeaSense.ch - Tee Shop Schweiz<\/title>\n<meta name=\"description\" content=\"Porzellan Deckelbecher Birdy mit Edelstahlsieb und Deckel. 325 ml Fassungsverm\u00f6gen mit fr\u00f6hlichem Vogel- und Blumenmotiv. Perfekt als Geschenk.\" \/>\n<meta name=\"robots\" content=\"index, follow, max-snippet:-1, max-image-preview:large, max-video-preview:-1\" \/>\n<link rel=\"canonical\" href=\"https:\/\/teasense.ch\/it\/prodotto\/porzellan-deckelbecher-birdy\/\" \/>\n<meta property=\"og:locale\" content=\"it_IT\" \/>\n<meta property=\"og:type\" content=\"article\" \/>\n<meta property=\"og:title\" content=\"Porzellan Deckelbecher Birdy - TeaSense.ch - Tee Shop Schweiz\" \/>\n<meta property=\"og:description\" content=\"Porzellan Deckelbecher Birdy mit Edelstahlsieb und Deckel. 325 ml Fassungsverm\u00f6gen mit fr\u00f6hlichem Vogel- und Blumenmotiv. Perfekt als Geschenk.\" \/>\n<meta property=\"og:url\" content=\"https:\/\/teasense.ch\/it\/prodotto\/porzellan-deckelbecher-birdy\/\" \/>\n<meta property=\"og:site_name\" content=\"TeaSense.ch - Tee Shop Schweiz\" \/>\n<meta property=\"article:publisher\" content=\"https:\/\/www.facebook.com\/teasense.ch\" \/>\n<meta property=\"article:modified_time\" content=\"2025-10-17T14:22:09+00:00\" \/>\n<meta property=\"og:image\" content=\"https:\/\/teasense.ch\/wp-content\/uploads\/2024\/10\/porzellan-deckelbecher-birdy-ganz.png\" \/>\n\t<meta property=\"og:image:width\" content=\"800\" \/>\n\t<meta property=\"og:image:height\" content=\"800\" \/>\n\t<meta property=\"og:image:type\" content=\"image\/png\" \/>\n<meta name=\"twitter:card\" content=\"summary_large_image\" \/>\n<meta name=\"twitter:label1\" content=\"Est. reading time\" \/>\n\t<meta name=\"twitter:data1\" content=\"3 minutes\" \/>\n<!-- \/ Yoast SEO plugin. -->","yoast_head_json":{"title":"Porzellan Deckelbecher Birdy - TeaSense.ch - Tee Shop Schweiz","description":"Porzellan Deckelbecher Birdy mit Edelstahlsieb und Deckel. 325 ml Fassungsverm\u00f6gen mit fr\u00f6hlichem Vogel- und Blumenmotiv. Perfekt als Geschenk.","robots":{"index":"index","follow":"follow","max-snippet":"max-snippet:-1","max-image-preview":"max-image-preview:large","max-video-preview":"max-video-preview:-1"},"canonical":"https:\/\/teasense.ch\/it\/prodotto\/porzellan-deckelbecher-birdy\/","og_locale":"it_IT","og_type":"article","og_title":"Porzellan Deckelbecher Birdy - TeaSense.ch - Tee Shop Schweiz","og_description":"Porzellan Deckelbecher Birdy mit Edelstahlsieb und Deckel. 325 ml Fassungsverm\u00f6gen mit fr\u00f6hlichem Vogel- und Blumenmotiv. Perfekt als Geschenk.","og_url":"https:\/\/teasense.ch\/it\/prodotto\/porzellan-deckelbecher-birdy\/","og_site_name":"TeaSense.ch - Tee Shop Schweiz","article_publisher":"https:\/\/www.facebook.com\/teasense.ch","article_modified_time":"2025-10-17T14:22:09+00:00","og_image":[{"width":800,"height":800,"url":"https:\/\/teasense.ch\/wp-content\/uploads\/2024\/10\/porzellan-deckelbecher-birdy-ganz.png","type":"image\/png"}],"twitter_card":"summary_large_image","twitter_misc":{"Est. reading time":"3 minutes"},"schema":{"@context":"https:\/\/schema.org","@graph":[{"@type":"WebPage","@id":"https:\/\/teasense.ch\/it\/prodotto\/porzellan-deckelbecher-birdy\/","url":"https:\/\/teasense.ch\/it\/prodotto\/porzellan-deckelbecher-birdy\/","name":"Porzellan Deckelbecher Birdy - TeaSense.ch - Tee Shop Schweiz","isPartOf":{"@id":"https:\/\/teasense.ch\/it\/#website"},"primaryImageOfPage":{"@id":"https:\/\/teasense.ch\/it\/prodotto\/porzellan-deckelbecher-birdy\/#primaryimage"},"image":{"@id":"https:\/\/teasense.ch\/it\/prodotto\/porzellan-deckelbecher-birdy\/#primaryimage"},"thumbnailUrl":"https:\/\/teasense.ch\/wp-content\/uploads\/2024\/10\/porzellan-deckelbecher-birdy-ganz.png","datePublished":"2024-10-28T21:16:29+00:00","dateModified":"2025-10-17T14:22:09+00:00","description":"Porzellan Deckelbecher Birdy mit Edelstahlsieb und Deckel. 325 ml Fassungsverm\u00f6gen mit fr\u00f6hlichem Vogel- und Blumenmotiv. Perfekt als Geschenk.","breadcrumb":{"@id":"https:\/\/teasense.ch\/it\/prodotto\/porzellan-deckelbecher-birdy\/#breadcrumb"},"inLanguage":"it-CH","potentialAction":[{"@type":"ReadAction","target":["https:\/\/teasense.ch\/it\/prodotto\/porzellan-deckelbecher-birdy\/"]}]},{"@type":"ImageObject","inLanguage":"it-CH","@id":"https:\/\/teasense.ch\/it\/prodotto\/porzellan-deckelbecher-birdy\/#primaryimage","url":"https:\/\/teasense.ch\/wp-content\/uploads\/2024\/10\/porzellan-deckelbecher-birdy-ganz.png","contentUrl":"https:\/\/teasense.ch\/wp-content\/uploads\/2024\/10\/porzellan-deckelbecher-birdy-ganz.png","width":800,"height":800,"caption":"Porzellan Deckelbecher Birdy ganz"},{"@type":"BreadcrumbList","@id":"https:\/\/teasense.ch\/it\/prodotto\/porzellan-deckelbecher-birdy\/#breadcrumb","itemListElement":[{"@type":"ListItem","position":1,"name":"Startseite","item":"https:\/\/teasense.ch\/it\/startseite\/"},{"@type":"ListItem","position":2,"name":"Ordina t\u00e8 online in Svizzera","item":"https:\/\/teasense.ch\/it\/shop\/"},{"@type":"ListItem","position":3,"name":"Porzellan Deckelbecher Birdy"}]},{"@type":"WebSite","@id":"https:\/\/teasense.ch\/it\/#website","url":"https:\/\/teasense.ch\/it\/","name":"TeaSense.ch","description":"Nat\u00fcrliche Teemischungen und klassischer Tee","publisher":{"@id":"https:\/\/teasense.ch\/it\/#organization"},"alternateName":"TeaSense","potentialAction":[{"@type":"SearchAction","target":{"@type":"EntryPoint","urlTemplate":"https:\/\/teasense.ch\/it\/?s={search_term_string}"},"query-input":{"@type":"PropertyValueSpecification","valueRequired":true,"valueName":"search_term_string"}}],"inLanguage":"it-CH"},{"@type":"Organization","@id":"https:\/\/teasense.ch\/it\/#organization","name":"Reale Selection","alternateName":"TeaSense.ch","url":"https:\/\/teasense.ch\/it\/","logo":{"@type":"ImageObject","inLanguage":"it-CH","@id":"https:\/\/teasense.ch\/it\/#\/schema\/logo\/image\/","url":"https:\/\/teasense.ch\/wp-content\/uploads\/2023\/07\/cropped-logo-teasense-kategorie-onlineshop-alle-produkte.jpg","contentUrl":"https:\/\/teasense.ch\/wp-content\/uploads\/2023\/07\/cropped-logo-teasense-kategorie-onlineshop-alle-produkte.jpg","width":512,"height":512,"caption":"Reale Selection"},"image":{"@id":"https:\/\/teasense.ch\/it\/#\/schema\/logo\/image\/"},"sameAs":["https:\/\/www.facebook.com\/teasense.ch"]}]}},"jetpack-related-posts":[{"id":43416,"url":"https:\/\/teasense.ch\/it\/prodotto\/porzellan-deckelbecher-hehua\/","url_meta":{"origin":43423,"position":0},"title":"Porzellan Deckelbecher Hehua","author":"Reale Selection","date":"28. October 2024","format":false,"excerpt":"Set: Tasse, Sieb und Deckel (ohne Geschenkverpackung) F\u00fcllmenge: 360 ml","rel":"","context":"Similar post","block_context":{"text":"Similar post","link":""},"img":{"alt_text":"Porzellan Deckelbecher Hehua aussen","src":"https:\/\/i0.wp.com\/teasense.ch\/wp-content\/uploads\/2024\/10\/porzellan-deckelbecher-hehua-aussen.png?resize=350%2C200&ssl=1","width":350,"height":200,"srcset":"https:\/\/i0.wp.com\/teasense.ch\/wp-content\/uploads\/2024\/10\/porzellan-deckelbecher-hehua-aussen.png?resize=350%2C200&ssl=1 1x, https:\/\/i0.wp.com\/teasense.ch\/wp-content\/uploads\/2024\/10\/porzellan-deckelbecher-hehua-aussen.png?resize=525%2C300&ssl=1 1.5x, https:\/\/i0.wp.com\/teasense.ch\/wp-content\/uploads\/2024\/10\/porzellan-deckelbecher-hehua-aussen.png?resize=700%2C400&ssl=1 2x"},"classes":[]},{"id":43460,"url":"https:\/\/teasense.ch\/it\/prodotto\/porzellan-deckelbecher-yoshino\/","url_meta":{"origin":43423,"position":1},"title":"Porzellan Deckelbecher Yoshino","author":"Reale Selection","date":"29. October 2024","format":false,"excerpt":"Tasse, Sieb und Deckel (ohne Geschenkverpackung) F\u00fcllmenge: 320 ml","rel":"","context":"Similar post","block_context":{"text":"Similar post","link":""},"img":{"alt_text":"Porzellan Deckelbecher Yoshino Varianten","src":"https:\/\/i0.wp.com\/teasense.ch\/wp-content\/uploads\/2024\/10\/porzellan-deckelbecher-yoshino-varianten.png?resize=350%2C200&ssl=1","width":350,"height":200,"srcset":"https:\/\/i0.wp.com\/teasense.ch\/wp-content\/uploads\/2024\/10\/porzellan-deckelbecher-yoshino-varianten.png?resize=350%2C200&ssl=1 1x, https:\/\/i0.wp.com\/teasense.ch\/wp-content\/uploads\/2024\/10\/porzellan-deckelbecher-yoshino-varianten.png?resize=525%2C300&ssl=1 1.5x, https:\/\/i0.wp.com\/teasense.ch\/wp-content\/uploads\/2024\/10\/porzellan-deckelbecher-yoshino-varianten.png?resize=700%2C400&ssl=1 2x"},"classes":[]},{"id":43454,"url":"https:\/\/teasense.ch\/it\/prodotto\/porzellan-deckelbecher-haku\/","url_meta":{"origin":43423,"position":2},"title":"Porzellan Deckelbecher Haku","author":"Reale Selection","date":"29. October 2024","format":false,"excerpt":"Tasse, Sieb und Deckel (ohne Geschenkverpackung) F\u00fcllmenge: 320 ml","rel":"","context":"Similar post","block_context":{"text":"Similar post","link":""},"img":{"alt_text":"Set Tasse Sieb Deckel Haku","src":"https:\/\/i0.wp.com\/teasense.ch\/wp-content\/uploads\/2024\/10\/porzellan-deckelbecher-haku-set.png?resize=350%2C200&ssl=1","width":350,"height":200,"srcset":"https:\/\/i0.wp.com\/teasense.ch\/wp-content\/uploads\/2024\/10\/porzellan-deckelbecher-haku-set.png?resize=350%2C200&ssl=1 1x, https:\/\/i0.wp.com\/teasense.ch\/wp-content\/uploads\/2024\/10\/porzellan-deckelbecher-haku-set.png?resize=525%2C300&ssl=1 1.5x, https:\/\/i0.wp.com\/teasense.ch\/wp-content\/uploads\/2024\/10\/porzellan-deckelbecher-haku-set.png?resize=700%2C400&ssl=1 2x"},"classes":[]},{"id":43435,"url":"https:\/\/teasense.ch\/it\/prodotto\/herz-keramik-deckelbecher\/","url_meta":{"origin":43423,"position":3},"title":"Herz Keramik Deckelbecher","author":"Reale Selection","date":"29. October 2024","format":false,"excerpt":"Tasse, Sieb und Deckel (ohne Geschenkverpackung) F\u00fcllmenge: 250 ml","rel":"","context":"Similar post","block_context":{"text":"Similar post","link":""},"img":{"alt_text":"Herz Keramik Deckelbecher zwei Varianten","src":"https:\/\/i0.wp.com\/teasense.ch\/wp-content\/uploads\/2024\/10\/herz-keramik-deckelbecher-zwei-varianten.png?resize=350%2C200&ssl=1","width":350,"height":200,"srcset":"https:\/\/i0.wp.com\/teasense.ch\/wp-content\/uploads\/2024\/10\/herz-keramik-deckelbecher-zwei-varianten.png?resize=350%2C200&ssl=1 1x, https:\/\/i0.wp.com\/teasense.ch\/wp-content\/uploads\/2024\/10\/herz-keramik-deckelbecher-zwei-varianten.png?resize=525%2C300&ssl=1 1.5x, https:\/\/i0.wp.com\/teasense.ch\/wp-content\/uploads\/2024\/10\/herz-keramik-deckelbecher-zwei-varianten.png?resize=700%2C400&ssl=1 2x"},"classes":[]},{"id":46306,"url":"https:\/\/teasense.ch\/it\/prodotto\/tee-geschenkset-tasse-kraeutertee\/","url_meta":{"origin":43423,"position":4},"title":"Tee Geschenkset mit Tasse &#038; Kr\u00e4utertee","author":"Reale Selection","date":"27. July 2025","format":false,"excerpt":"Porzellan Becher mit Deckel & 50\u202fg Kr\u00e4utertee.Verpackt im Naturkarton mit Sichtfenster \u2013perfekt als Geschenk f\u00fcr bewusste Tee-Momente. \ud83c\udf43","rel":"","context":"Similar post","block_context":{"text":"Similar post","link":""},"img":{"alt_text":"Tee Geschenkset mit Tasse & Kr\u00e4utertee","src":"https:\/\/i0.wp.com\/teasense.ch\/wp-content\/uploads\/2025\/07\/Tee-Geschenkset-mit-Tasse-Kraeutertee.png?resize=350%2C200&ssl=1","width":350,"height":200,"srcset":"https:\/\/i0.wp.com\/teasense.ch\/wp-content\/uploads\/2025\/07\/Tee-Geschenkset-mit-Tasse-Kraeutertee.png?resize=350%2C200&ssl=1 1x, https:\/\/i0.wp.com\/teasense.ch\/wp-content\/uploads\/2025\/07\/Tee-Geschenkset-mit-Tasse-Kraeutertee.png?resize=525%2C300&ssl=1 1.5x, https:\/\/i0.wp.com\/teasense.ch\/wp-content\/uploads\/2025\/07\/Tee-Geschenkset-mit-Tasse-Kraeutertee.png?resize=700%2C400&ssl=1 2x"},"classes":[]},{"id":47697,"url":"https:\/\/teasense.ch\/it\/prodotto\/edelstahl-teesieb-75-mm\/","url_meta":{"origin":43423,"position":5},"title":"Edelstahl-Teesieb 75 mm","author":"Reale Selection","date":"7. January 2026","format":false,"excerpt":"Edelstahlsieb 75 mm (\u00d8 75\/85 x 50 mm)","rel":"","context":"Similar post","block_context":{"text":"Similar post","link":""},"img":{"alt_text":"Edelstahlsieb 75 mm 85 x 50 mm","src":"https:\/\/i0.wp.com\/teasense.ch\/wp-content\/uploads\/2026\/01\/edelstahlsieb-75-mm-85-x-50-mm.png?resize=350%2C200&ssl=1","width":350,"height":200,"srcset":"https:\/\/i0.wp.com\/teasense.ch\/wp-content\/uploads\/2026\/01\/edelstahlsieb-75-mm-85-x-50-mm.png?resize=350%2C200&ssl=1 1x, https:\/\/i0.wp.com\/teasense.ch\/wp-content\/uploads\/2026\/01\/edelstahlsieb-75-mm-85-x-50-mm.png?resize=525%2C300&ssl=1 1.5x, https:\/\/i0.wp.com\/teasense.ch\/wp-content\/uploads\/2026\/01\/edelstahlsieb-75-mm-85-x-50-mm.png?resize=700%2C400&ssl=1 2x"},"classes":[]}],"jetpack_sharing_enabled":true,"jetpack_likes_enabled":false,"_links":{"self":[{"href":"https:\/\/teasense.ch\/it\/wp-json\/wp\/v2\/product\/43423","targetHints":{"allow":["GET"]}}],"collection":[{"href":"https:\/\/teasense.ch\/it\/wp-json\/wp\/v2\/product"}],"about":[{"href":"https:\/\/teasense.ch\/it\/wp-json\/wp\/v2\/types\/product"}],"replies":[{"embeddable":true,"href":"https:\/\/teasense.ch\/it\/wp-json\/wp\/v2\/comments?post=43423"}],"wp:featuredmedia":[{"embeddable":true,"href":"https:\/\/teasense.ch\/it\/wp-json\/wp\/v2\/media\/43424"}],"wp:attachment":[{"href":"https:\/\/teasense.ch\/it\/wp-json\/wp\/v2\/media?parent=43423"}],"wp:term":[{"taxonomy":"product_brand","embeddable":true,"href":"https:\/\/teasense.ch\/it\/wp-json\/wp\/v2\/product_brand?post=43423"},{"taxonomy":"product_cat","embeddable":true,"href":"https:\/\/teasense.ch\/it\/wp-json\/wp\/v2\/product_cat?post=43423"},{"taxonomy":"product_tag","embeddable":true,"href":"https:\/\/teasense.ch\/it\/wp-json\/wp\/v2\/product_tag?post=43423"}],"curies":[{"name":"wp","href":"https:\/\/api.w.org\/{rel}","templated":true}]}}