{"id":43454,"date":"2024-10-29T17:41:09","date_gmt":"2024-10-29T16:41:09","guid":{"rendered":"https:\/\/teasense.ch\/?post_type=product&#038;p=43454"},"modified":"2026-01-13T10:11:20","modified_gmt":"2026-01-13T09:11:20","slug":"porzellan-deckelbecher-haku","status":"publish","type":"product","link":"https:\/\/teasense.ch\/it\/prodotto\/porzellan-deckelbecher-haku\/","title":{"rendered":"Porzellan Deckelbecher Haku"},"content":{"rendered":"<p>Der Porzellan Deckelbecher Haku bringt ein St\u00fcck fern\u00f6stliche Kultur in deinen Alltag und ist mehr als nur eine Teetasse. Das kunstvolle Drachenmotiv auf dem Becher steht f\u00fcr Kraft, Weisheit und Gelassenheit. Diese Symbolik stammt aus der chinesischen Kultur, wo Drachen f\u00fcr St\u00e4rke und innere Balance stehen. Mit einem Fassungsverm\u00f6gen von 320 ml bietet dir dieser Becher ausreichend Platz f\u00fcr deinen Lieblingstee.<\/p>\n<h2>Praktischer Porzellan Deckelbecher Haku f\u00fcr vollen Teegenuss<\/h2>\n<p>Ein herausnehmbares Edelstahlsieb ist im Deckelbecher integriert. So kannst du deinen Tee direkt im Becher aufgie\u00dfen, ohne zus\u00e4tzliches Zubeh\u00f6r zu ben\u00f6tigen. Das feinmaschige Sieb sorgt daf\u00fcr, dass keine Teebl\u00e4tter in die Tasse gelangen. Dadurch bleibt der volle Geschmack deines Tees erhalten. Dank des praktischen Deckels bleibt dein Tee l\u00e4nger warm. So kannst du ihn in Ruhe geniessen und dich entspannen.<\/p>\n<h2>Ein Hauch von fern\u00f6stlicher Kultur f\u00fcr deine Teepause<\/h2>\n<p>Das detailreiche Drachenmotiv verleiht dem Haku Porzellan Deckelbecher einen exotischen Touch. Er ist perfekt f\u00fcr alle, die Teekultur mit einem Hauch Mystik und fern\u00f6stlicher Kunst verbinden m\u00f6chten. In Asien ist der Drache ein m\u00e4chtiges Symbol f\u00fcr innere St\u00e4rke und Harmonie. Der Haku Becher l\u00e4sst dich das sp\u00fcren und macht jede Tasse Tee zu einem Moment der Ruhe. Zudem ist er nicht nur f\u00fcr den Alltag geeignet, sondern auch eine tolle Geschenkidee.<\/p>\n<h3>Porzellan Deckelbecher Haku &#8211; das perfekte Geschenk f\u00fcr besondere Menschen<\/h3>\n<p>Ob als Geschenk f\u00fcr Freunde oder f\u00fcr ein Familienmitglied, der\u00a0Deckelbecher bringt Freude in jeden Teemoment. Besonders gut passt er zu Menschen, die sich f\u00fcr die fern\u00f6stliche Kultur oder f\u00fcr Meditation und Achtsamkeit interessieren. Mit dem traditionellen Drachenmotiv und dem modernen Design wird er zum Highlight f\u00fcr Teeliebhaber, die besonderen Stil zu sch\u00e4tzen wissen.<\/p>\n<h3>Warum ein Deckelbecher mit Sieb?<\/h3>\n<p>Ein Deckelbecher mit Sieb bietet klare Vorteile gegen\u00fcber einer normalen Tasse. Mit dem Sieb kannst du deinen Tee direkt im Becher <span style=\"font-weight: 400;\">aufgiessen<\/span>, was die Zubereitung einfach und sauber macht. Der Deckel h\u00e4lt deinen Tee l\u00e4nger warm und bewahrt das Aroma. Der Haku Porzellan Deckelbecher kombiniert diese Funktionalit\u00e4t mit einem eleganten Drachenmotiv. So wird jeder Teemoment zu einem genussvollen Erlebnis.<\/p>\n","protected":false},"excerpt":{"rendered":"<p>Tasse, Sieb und Deckel (ohne Geschenkverpackung)<\/p>\n<p>F\u00fcllmenge: 320 ml<\/p>\n","protected":false},"featured_media":43458,"comment_status":"open","ping_status":"closed","template":"","meta":{"_et_pb_use_builder":"","_et_pb_old_content":"","_et_gb_content_width":""},"product_brand":[],"product_cat":[74,59,79],"product_tag":[],"class_list":{"0":"post-43454","1":"product","2":"type-product","3":"status-publish","4":"has-post-thumbnail","6":"product_cat-alle-produkte","7":"product_cat-tee-geschenke","8":"product_cat-teezubehoer","10":"first","11":"instock","12":"shipping-taxable","13":"purchasable","14":"product-type-simple","15":"add-to-wishlist-before_image"},"yoast_head":"<!-- This site is optimized with the Yoast SEO plugin v27.4 - https:\/\/yoast.com\/product\/yoast-seo-wordpress\/ -->\n<title>Porzellan Deckelbecher Haku - TeaSense.ch - Tee Shop Schweiz<\/title>\n<meta name=\"description\" content=\"Porzellan Deckelbecher Haku mit Edelstahlsieb und Deckel. 320 ml, Drachenmotiv f\u00fcr Teegenuss mit fern\u00f6stlichem Flair. Perfektes Geschenk f\u00fcr Teeliebhaber.\" \/>\n<meta name=\"robots\" content=\"index, follow, max-snippet:-1, max-image-preview:large, max-video-preview:-1\" \/>\n<link rel=\"canonical\" href=\"https:\/\/teasense.ch\/it\/prodotto\/porzellan-deckelbecher-haku\/\" \/>\n<meta property=\"og:locale\" content=\"it_IT\" \/>\n<meta property=\"og:type\" content=\"article\" \/>\n<meta property=\"og:title\" content=\"Porzellan Deckelbecher Haku - TeaSense.ch - Tee Shop Schweiz\" \/>\n<meta property=\"og:description\" content=\"Porzellan Deckelbecher Haku mit Edelstahlsieb und Deckel. 320 ml, Drachenmotiv f\u00fcr Teegenuss mit fern\u00f6stlichem Flair. Perfektes Geschenk f\u00fcr Teeliebhaber.\" \/>\n<meta property=\"og:url\" content=\"https:\/\/teasense.ch\/it\/prodotto\/porzellan-deckelbecher-haku\/\" \/>\n<meta property=\"og:site_name\" content=\"TeaSense.ch - Tee Shop Schweiz\" \/>\n<meta property=\"article:publisher\" content=\"https:\/\/www.facebook.com\/teasense.ch\" \/>\n<meta property=\"article:modified_time\" content=\"2026-01-13T09:11:20+00:00\" \/>\n<meta property=\"og:image\" content=\"https:\/\/teasense.ch\/wp-content\/uploads\/2024\/10\/porzellan-deckelbecher-haku-set.png\" \/>\n\t<meta property=\"og:image:width\" content=\"800\" \/>\n\t<meta property=\"og:image:height\" content=\"800\" \/>\n\t<meta property=\"og:image:type\" content=\"image\/png\" \/>\n<meta name=\"twitter:card\" content=\"summary_large_image\" \/>\n<meta name=\"twitter:label1\" content=\"Est. reading time\" \/>\n\t<meta name=\"twitter:data1\" content=\"3 minutes\" \/>\n<!-- \/ Yoast SEO plugin. -->","yoast_head_json":{"title":"Porzellan Deckelbecher Haku - TeaSense.ch - Tee Shop Schweiz","description":"Porzellan Deckelbecher Haku mit Edelstahlsieb und Deckel. 320 ml, Drachenmotiv f\u00fcr Teegenuss mit fern\u00f6stlichem Flair. Perfektes Geschenk f\u00fcr Teeliebhaber.","robots":{"index":"index","follow":"follow","max-snippet":"max-snippet:-1","max-image-preview":"max-image-preview:large","max-video-preview":"max-video-preview:-1"},"canonical":"https:\/\/teasense.ch\/it\/prodotto\/porzellan-deckelbecher-haku\/","og_locale":"it_IT","og_type":"article","og_title":"Porzellan Deckelbecher Haku - TeaSense.ch - Tee Shop Schweiz","og_description":"Porzellan Deckelbecher Haku mit Edelstahlsieb und Deckel. 320 ml, Drachenmotiv f\u00fcr Teegenuss mit fern\u00f6stlichem Flair. Perfektes Geschenk f\u00fcr Teeliebhaber.","og_url":"https:\/\/teasense.ch\/it\/prodotto\/porzellan-deckelbecher-haku\/","og_site_name":"TeaSense.ch - Tee Shop Schweiz","article_publisher":"https:\/\/www.facebook.com\/teasense.ch","article_modified_time":"2026-01-13T09:11:20+00:00","og_image":[{"width":800,"height":800,"url":"https:\/\/teasense.ch\/wp-content\/uploads\/2024\/10\/porzellan-deckelbecher-haku-set.png","type":"image\/png"}],"twitter_card":"summary_large_image","twitter_misc":{"Est. reading time":"3 minutes"},"schema":{"@context":"https:\/\/schema.org","@graph":[{"@type":"WebPage","@id":"https:\/\/teasense.ch\/it\/prodotto\/porzellan-deckelbecher-haku\/","url":"https:\/\/teasense.ch\/it\/prodotto\/porzellan-deckelbecher-haku\/","name":"Porzellan Deckelbecher Haku - TeaSense.ch - Tee Shop Schweiz","isPartOf":{"@id":"https:\/\/teasense.ch\/it\/#website"},"primaryImageOfPage":{"@id":"https:\/\/teasense.ch\/it\/prodotto\/porzellan-deckelbecher-haku\/#primaryimage"},"image":{"@id":"https:\/\/teasense.ch\/it\/prodotto\/porzellan-deckelbecher-haku\/#primaryimage"},"thumbnailUrl":"https:\/\/teasense.ch\/wp-content\/uploads\/2024\/10\/porzellan-deckelbecher-haku-set.png","datePublished":"2024-10-29T16:41:09+00:00","dateModified":"2026-01-13T09:11:20+00:00","description":"Porzellan Deckelbecher Haku mit Edelstahlsieb und Deckel. 320 ml, Drachenmotiv f\u00fcr Teegenuss mit fern\u00f6stlichem Flair. Perfektes Geschenk f\u00fcr Teeliebhaber.","breadcrumb":{"@id":"https:\/\/teasense.ch\/it\/prodotto\/porzellan-deckelbecher-haku\/#breadcrumb"},"inLanguage":"it-CH","potentialAction":[{"@type":"ReadAction","target":["https:\/\/teasense.ch\/it\/prodotto\/porzellan-deckelbecher-haku\/"]}]},{"@type":"ImageObject","inLanguage":"it-CH","@id":"https:\/\/teasense.ch\/it\/prodotto\/porzellan-deckelbecher-haku\/#primaryimage","url":"https:\/\/teasense.ch\/wp-content\/uploads\/2024\/10\/porzellan-deckelbecher-haku-set.png","contentUrl":"https:\/\/teasense.ch\/wp-content\/uploads\/2024\/10\/porzellan-deckelbecher-haku-set.png","width":800,"height":800,"caption":"Set Tasse Sieb Deckel Haku"},{"@type":"BreadcrumbList","@id":"https:\/\/teasense.ch\/it\/prodotto\/porzellan-deckelbecher-haku\/#breadcrumb","itemListElement":[{"@type":"ListItem","position":1,"name":"Startseite","item":"https:\/\/teasense.ch\/it\/startseite\/"},{"@type":"ListItem","position":2,"name":"Ordina t\u00e8 online in Svizzera","item":"https:\/\/teasense.ch\/it\/shop\/"},{"@type":"ListItem","position":3,"name":"Porzellan Deckelbecher Haku"}]},{"@type":"WebSite","@id":"https:\/\/teasense.ch\/it\/#website","url":"https:\/\/teasense.ch\/it\/","name":"TeaSense.ch","description":"Nat\u00fcrliche Teemischungen und klassischer Tee","publisher":{"@id":"https:\/\/teasense.ch\/it\/#organization"},"alternateName":"TeaSense","potentialAction":[{"@type":"SearchAction","target":{"@type":"EntryPoint","urlTemplate":"https:\/\/teasense.ch\/it\/?s={search_term_string}"},"query-input":{"@type":"PropertyValueSpecification","valueRequired":true,"valueName":"search_term_string"}}],"inLanguage":"it-CH"},{"@type":"Organization","@id":"https:\/\/teasense.ch\/it\/#organization","name":"Reale Selection","alternateName":"TeaSense.ch","url":"https:\/\/teasense.ch\/it\/","logo":{"@type":"ImageObject","inLanguage":"it-CH","@id":"https:\/\/teasense.ch\/it\/#\/schema\/logo\/image\/","url":"https:\/\/teasense.ch\/wp-content\/uploads\/2023\/07\/cropped-logo-teasense-kategorie-onlineshop-alle-produkte.jpg","contentUrl":"https:\/\/teasense.ch\/wp-content\/uploads\/2023\/07\/cropped-logo-teasense-kategorie-onlineshop-alle-produkte.jpg","width":512,"height":512,"caption":"Reale Selection"},"image":{"@id":"https:\/\/teasense.ch\/it\/#\/schema\/logo\/image\/"},"sameAs":["https:\/\/www.facebook.com\/teasense.ch"]}]}},"jetpack-related-posts":[{"id":48422,"url":"https:\/\/teasense.ch\/en\/prodotto\/stainless-steel-tea-infuser-75-mm\/","url_meta":{"origin":43454,"position":0},"title":"Stainless Steel Tea Infuser 75 mm","author":"Reale Selection","date":"7. January 2026","format":false,"excerpt":"Stainless steel sieve 75 mm (\u00d8 75\/85 x 50 mm)","rel":"","context":"Similar post","block_context":{"text":"Similar post","link":""},"img":{"alt_text":"Edelstahlsieb 75 mm 85 x 50 mm","src":"https:\/\/i0.wp.com\/teasense.ch\/wp-content\/uploads\/2026\/01\/edelstahlsieb-75-mm-85-x-50-mm.png?resize=350%2C200&ssl=1","width":350,"height":200,"srcset":"https:\/\/i0.wp.com\/teasense.ch\/wp-content\/uploads\/2026\/01\/edelstahlsieb-75-mm-85-x-50-mm.png?resize=350%2C200&ssl=1 1x, https:\/\/i0.wp.com\/teasense.ch\/wp-content\/uploads\/2026\/01\/edelstahlsieb-75-mm-85-x-50-mm.png?resize=525%2C300&ssl=1 1.5x, https:\/\/i0.wp.com\/teasense.ch\/wp-content\/uploads\/2026\/01\/edelstahlsieb-75-mm-85-x-50-mm.png?resize=700%2C400&ssl=1 2x"},"classes":[]},{"id":48114,"url":"https:\/\/teasense.ch\/en\/prodotto\/wild-cherry-black-tea\/","url_meta":{"origin":43454,"position":1},"title":"Wild Cherry Black Tea","author":"Reale Selection","date":"17. December 2025","format":false,"excerpt":"Preparation of Wild Cherry Black Tea \ud83e\udd44 1\u20132 tsp per cup (12 g\/L)\ud83c\udf21\ufe0f 100 \u00b0C\u23f3 3 minutes","rel":"","context":"Similar post","block_context":{"text":"Similar post","link":""},"img":{"alt_text":"Schwarztee Wildkirsche Nat\u00fcrliche Teemischung","src":"https:\/\/i0.wp.com\/teasense.ch\/wp-content\/uploads\/2025\/12\/schwarztee-wildkirsche.png?resize=350%2C200&ssl=1","width":350,"height":200,"srcset":"https:\/\/i0.wp.com\/teasense.ch\/wp-content\/uploads\/2025\/12\/schwarztee-wildkirsche.png?resize=350%2C200&ssl=1 1x, https:\/\/i0.wp.com\/teasense.ch\/wp-content\/uploads\/2025\/12\/schwarztee-wildkirsche.png?resize=525%2C300&ssl=1 1.5x, https:\/\/i0.wp.com\/teasense.ch\/wp-content\/uploads\/2025\/12\/schwarztee-wildkirsche.png?resize=700%2C400&ssl=1 2x"},"classes":[]},{"id":48120,"url":"https:\/\/teasense.ch\/it\/prodotto\/kundengeschenk-tee\/","url_meta":{"origin":43454,"position":2},"title":"Regalo t\u00e8 aziendale","author":"Reale Selection","date":"2. March 2026","format":false,"excerpt":"100 g di una miscela di t\u00e8 selezionata Scelta tra tre variet\u00e0 Confezionato in sacchetto kraft con finestra Da 20 pezzi - ordina 100 pezzi nello shop Tempi di consegna ca. 14 giorni lavorativi","rel":"","context":"Similar post","block_context":{"text":"Similar post","link":""},"img":{"alt_text":"Auswahl Tee Kundengeschenke Schwarztee Kr\u00e4utertee Fr\u00fcchtetee","src":"https:\/\/i0.wp.com\/teasense.ch\/wp-content\/uploads\/2026\/03\/auswahl-tee-kundengeschenke.png?resize=350%2C200&ssl=1","width":350,"height":200,"srcset":"https:\/\/i0.wp.com\/teasense.ch\/wp-content\/uploads\/2026\/03\/auswahl-tee-kundengeschenke.png?resize=350%2C200&ssl=1 1x, https:\/\/i0.wp.com\/teasense.ch\/wp-content\/uploads\/2026\/03\/auswahl-tee-kundengeschenke.png?resize=525%2C300&ssl=1 1.5x, https:\/\/i0.wp.com\/teasense.ch\/wp-content\/uploads\/2026\/03\/auswahl-tee-kundengeschenke.png?resize=700%2C400&ssl=1 2x"},"classes":[]},{"id":48162,"url":"https:\/\/teasense.ch\/fr\/prodotto\/abonnement-the\/","url_meta":{"origin":43454,"position":3},"title":"Abonnement de th\u00e9","author":"Reale Selection","date":"25. January 2024","format":false,"excerpt":"\ud83c\udf3f Deux vari\u00e9t\u00e9s de th\u00e9 par mois \ud83d\udcc5 Dur\u00e9e librement choisie \ud83d\udc8c Personnel & sur mesure \ud83c\udf81 Parfait comme cadeau Choisissez le nombre de mois souhait\u00e9 :","rel":"","context":"Similar post","block_context":{"text":"Similar post","link":""},"img":{"alt_text":"Abbonamento al t\u00e8 Scatola di spedizione Teasense Svizzera","src":"https:\/\/i0.wp.com\/teasense.ch\/wp-content\/uploads\/2024\/01\/Tee-Abo-Teasense-Versandbox.png?resize=350%2C200&ssl=1","width":350,"height":200,"srcset":"https:\/\/i0.wp.com\/teasense.ch\/wp-content\/uploads\/2024\/01\/Tee-Abo-Teasense-Versandbox.png?resize=350%2C200&ssl=1 1x, https:\/\/i0.wp.com\/teasense.ch\/wp-content\/uploads\/2024\/01\/Tee-Abo-Teasense-Versandbox.png?resize=525%2C300&ssl=1 1.5x, https:\/\/i0.wp.com\/teasense.ch\/wp-content\/uploads\/2024\/01\/Tee-Abo-Teasense-Versandbox.png?resize=700%2C400&ssl=1 2x"},"classes":[]},{"id":48132,"url":"https:\/\/teasense.ch\/fr\/prodotto\/cadeau-the-entreprise\/","url_meta":{"origin":43454,"position":4},"title":"Cadeau th\u00e9 entreprise","author":"Reale Selection","date":"2. March 2026","format":false,"excerpt":"100 g d\u2019un m\u00e9lange de th\u00e9 s\u00e9lectionn\u00e9 Choix entre trois vari\u00e9t\u00e9s Emball\u00e9 dans un sachet kraft avec fen\u00eatre Commander de 20 \u00e0 100 pi\u00e8ces sur la boutique D\u00e9lai de livraison env. 14 jours ouvrables","rel":"","context":"Similar post","block_context":{"text":"Similar post","link":""},"img":{"alt_text":"Auswahl Tee Kundengeschenke Schwarztee Kr\u00e4utertee Fr\u00fcchtetee","src":"https:\/\/i0.wp.com\/teasense.ch\/wp-content\/uploads\/2026\/03\/auswahl-tee-kundengeschenke.png?resize=350%2C200&ssl=1","width":350,"height":200,"srcset":"https:\/\/i0.wp.com\/teasense.ch\/wp-content\/uploads\/2026\/03\/auswahl-tee-kundengeschenke.png?resize=350%2C200&ssl=1 1x, https:\/\/i0.wp.com\/teasense.ch\/wp-content\/uploads\/2026\/03\/auswahl-tee-kundengeschenke.png?resize=525%2C300&ssl=1 1.5x, https:\/\/i0.wp.com\/teasense.ch\/wp-content\/uploads\/2026\/03\/auswahl-tee-kundengeschenke.png?resize=700%2C400&ssl=1 2x"},"classes":[]},{"id":48103,"url":"https:\/\/teasense.ch\/it\/prodotto\/abbonamento-te\/","url_meta":{"origin":43454,"position":5},"title":"Abbonamento t\u00e8","author":"Reale Selection","date":"25. January 2024","format":false,"excerpt":"\ud83c\udf3f Due tipi di t\u00e8 al mese \ud83d\udcc5 Durata liberamente selezionabile \ud83d\udc8c Personale & personalizzato \ud83c\udf81 Perfetto come regalo Seleziona il numero di mesi desiderato:","rel":"","context":"Similar post","block_context":{"text":"Similar post","link":""},"img":{"alt_text":"Abbonamento al t\u00e8 Scatola di spedizione Teasense Svizzera","src":"https:\/\/i0.wp.com\/teasense.ch\/wp-content\/uploads\/2024\/01\/Tee-Abo-Teasense-Versandbox.png?resize=350%2C200&ssl=1","width":350,"height":200,"srcset":"https:\/\/i0.wp.com\/teasense.ch\/wp-content\/uploads\/2024\/01\/Tee-Abo-Teasense-Versandbox.png?resize=350%2C200&ssl=1 1x, https:\/\/i0.wp.com\/teasense.ch\/wp-content\/uploads\/2024\/01\/Tee-Abo-Teasense-Versandbox.png?resize=525%2C300&ssl=1 1.5x, https:\/\/i0.wp.com\/teasense.ch\/wp-content\/uploads\/2024\/01\/Tee-Abo-Teasense-Versandbox.png?resize=700%2C400&ssl=1 2x"},"classes":[]}],"jetpack_sharing_enabled":true,"jetpack_likes_enabled":false,"_links":{"self":[{"href":"https:\/\/teasense.ch\/it\/wp-json\/wp\/v2\/product\/43454","targetHints":{"allow":["GET"]}}],"collection":[{"href":"https:\/\/teasense.ch\/it\/wp-json\/wp\/v2\/product"}],"about":[{"href":"https:\/\/teasense.ch\/it\/wp-json\/wp\/v2\/types\/product"}],"replies":[{"embeddable":true,"href":"https:\/\/teasense.ch\/it\/wp-json\/wp\/v2\/comments?post=43454"}],"wp:featuredmedia":[{"embeddable":true,"href":"https:\/\/teasense.ch\/it\/wp-json\/wp\/v2\/media\/43458"}],"wp:attachment":[{"href":"https:\/\/teasense.ch\/it\/wp-json\/wp\/v2\/media?parent=43454"}],"wp:term":[{"taxonomy":"product_brand","embeddable":true,"href":"https:\/\/teasense.ch\/it\/wp-json\/wp\/v2\/product_brand?post=43454"},{"taxonomy":"product_cat","embeddable":true,"href":"https:\/\/teasense.ch\/it\/wp-json\/wp\/v2\/product_cat?post=43454"},{"taxonomy":"product_tag","embeddable":true,"href":"https:\/\/teasense.ch\/it\/wp-json\/wp\/v2\/product_tag?post=43454"}],"curies":[{"name":"wp","href":"https:\/\/api.w.org\/{rel}","templated":true}]}}