{"id":43460,"date":"2024-10-29T18:33:34","date_gmt":"2024-10-29T17:33:34","guid":{"rendered":"https:\/\/teasense.ch\/?post_type=product&#038;p=43460"},"modified":"2026-03-05T15:15:52","modified_gmt":"2026-03-05T14:15:52","slug":"porzellan-deckelbecher-yoshino","status":"publish","type":"product","link":"https:\/\/teasense.ch\/it\/prodotto\/porzellan-deckelbecher-yoshino\/","title":{"rendered":"Porzellan Deckelbecher Yoshino"},"content":{"rendered":"<p>Der Yoshino Porzellan Deckelbecher bringt einen Hauch von Eleganz und Leichtigkeit in deinen Teegenuss. Mit seinem zarten Design und dem wundersch\u00f6nen Kirschbl\u00fctenmotiv ist dieser Becher mehr als nur ein praktisches Trinkgef\u00e4ss. Er ist in zwei verschiedenen Farben erh\u00e4ltlich: in sanftem Rosa und klassischem Weiss. Mit einem Fassungsverm\u00f6gen von 320 ml bietet er dir ausreichend Platz, um deinen Lieblingstee in vollen Z\u00fcgen zu geniessen.<\/p>\n<h2>Edelstahlsieb f\u00fcr ungest\u00f6rten Teegenuss<\/h2>\n<p>Der Yoshino Deckelbecher ist mit einem herausnehmbaren Edelstahlsieb ausgestattet, das die Zubereitung deines Tees zum Kinderspiel macht. Du kannst deinen Tee direkt im Becher aufgiessen, ohne dich um Teebl\u00e4tter zu sorgen. Das feinmaschige Sieb sorgt daf\u00fcr, dass kein Blattwerk in deine Tasse gelangt. So bleibt der volle Geschmack deines Tees erhalten. Zus\u00e4tzlich sorgt der Deckel daf\u00fcr, dass dein Tee l\u00e4nger warm bleibt. So kannst du dir Zeit nehmen, um jeden Schluck zu genie\u00dfen.<\/p>\n<h2>Ein Hauch von Natur f\u00fcr deine Teepause<\/h2>\n<p>Das Kirschbl\u00fctenmotiv verleiht dem Yoshino Porzellan Deckelbecher einen zarten und eleganten Touch. Dieses Design erinnert an die Sch\u00f6nheit der Natur und bringt ein St\u00fcck Frische in deinen Alltag. F\u00fcr viele Menschen symbolisieren Kirschbl\u00fcten die Verg\u00e4nglichkeit und die Freude am Moment. Mit diesem Becher wird jede Tasse Tee zu einem besonderen Erlebnis. Er ist nicht nur f\u00fcr den Alltag geeignet, sondern auch eine wunderbare Geschenkidee.<\/p>\n<h3>Porzellan Deckelbecher Yoshino &#8211; das ideale Geschenk f\u00fcr Teeliebhaber<\/h3>\n<p>Ob als Geschenk f\u00fcr einen Freund oder f\u00fcr ein Familienmitglied, der Porzellan Deckelbecher Yoshino\u00a0ist eine perfekte Wahl. Besonders gut passt er zu Menschen, die die Sch\u00f6nheit der Natur und die Kultur des Teetrinkens sch\u00e4tzen. Das elegante Design in Kombination mit den zwei Farbvarianten macht ihn zu einem Highlight in jeder Teesammlung. Auch f\u00fcr einen besonderen Anlass ist dieser Becher eine geschmackvolle Wahl.<\/p>\n<h3>Vorteile eines Deckelbechers mit Tee-Sieb<\/h3>\n<p>Ein Deckelbecher mit Sieb bietet viele Vorteile. Mit dem Yoshino Becher kannst du deinen Tee direkt im Becher aufgiessen, was die Zubereitung erleichtert. Der Deckel h\u00e4lt die W\u00e4rme und bewahrt das Aroma, sodass dein Tee auch nach einigen Minuten noch angenehm warm bleibt. Der Yoshino Porzellan Deckelbecher vereint diese Funktionalit\u00e4t mit einem ansprechenden Design. Damit wird jede Teepause zu einem genussvollen Moment der Entspannung.<\/p>\n","protected":false},"excerpt":{"rendered":"<p>Tasse, Sieb und Deckel (ohne Geschenkverpackung)<\/p>\n<p>F\u00fcllmenge: 320 ml<\/p>\n","protected":false},"featured_media":43463,"comment_status":"open","ping_status":"closed","template":"","meta":{"_et_pb_use_builder":"","_et_pb_old_content":"","_et_gb_content_width":""},"product_brand":[],"product_cat":[74,59,79],"product_tag":[],"class_list":{"0":"post-43460","1":"product","2":"type-product","3":"status-publish","4":"has-post-thumbnail","6":"product_cat-alle-produkte","7":"product_cat-tee-geschenke","8":"product_cat-teezubehoer","9":"pa_farbe-rosa","10":"pa_farbe-weiss","11":"pa_herkunft-china","13":"first","14":"instock","15":"shipping-taxable","16":"purchasable","17":"product-type-variable","18":"add-to-wishlist-before_image"},"yoast_head":"<!-- This site is optimized with the Yoast SEO plugin v27.4 - https:\/\/yoast.com\/product\/yoast-seo-wordpress\/ -->\n<title>Porzellan Deckelbecher Yoshino - TeaSense.ch - Tee Shop Schweiz<\/title>\n<meta name=\"description\" content=\"Yoshino Porzellan Deckelbecher mit Edelstahlsieb und Deckel. 320 ml, Kirschbl\u00fctenmotiv in Rosa und Weiss f\u00fcr eleganten Teegenuss. Ideal als Geschenk.\" \/>\n<meta name=\"robots\" content=\"index, follow, max-snippet:-1, max-image-preview:large, max-video-preview:-1\" \/>\n<link rel=\"canonical\" href=\"https:\/\/teasense.ch\/it\/prodotto\/porzellan-deckelbecher-yoshino\/\" \/>\n<meta property=\"og:locale\" content=\"it_IT\" \/>\n<meta property=\"og:type\" content=\"article\" \/>\n<meta property=\"og:title\" content=\"Porzellan Deckelbecher Yoshino - TeaSense.ch - Tee Shop Schweiz\" \/>\n<meta property=\"og:description\" content=\"Yoshino Porzellan Deckelbecher mit Edelstahlsieb und Deckel. 320 ml, Kirschbl\u00fctenmotiv in Rosa und Weiss f\u00fcr eleganten Teegenuss. Ideal als Geschenk.\" \/>\n<meta property=\"og:url\" content=\"https:\/\/teasense.ch\/it\/prodotto\/porzellan-deckelbecher-yoshino\/\" \/>\n<meta property=\"og:site_name\" content=\"TeaSense.ch - Tee Shop Schweiz\" \/>\n<meta property=\"article:publisher\" content=\"https:\/\/www.facebook.com\/teasense.ch\" \/>\n<meta property=\"article:modified_time\" content=\"2026-03-05T14:15:52+00:00\" \/>\n<meta property=\"og:image\" content=\"https:\/\/teasense.ch\/wp-content\/uploads\/2024\/10\/porzellan-deckelbecher-yoshino-varianten.png\" \/>\n\t<meta property=\"og:image:width\" content=\"800\" \/>\n\t<meta property=\"og:image:height\" content=\"800\" \/>\n\t<meta property=\"og:image:type\" content=\"image\/png\" \/>\n<meta name=\"twitter:card\" content=\"summary_large_image\" \/>\n<meta name=\"twitter:label1\" content=\"Est. reading time\" \/>\n\t<meta name=\"twitter:data1\" content=\"3 minutes\" \/>\n<!-- \/ Yoast SEO plugin. -->","yoast_head_json":{"title":"Porzellan Deckelbecher Yoshino - TeaSense.ch - Tee Shop Schweiz","description":"Yoshino Porzellan Deckelbecher mit Edelstahlsieb und Deckel. 320 ml, Kirschbl\u00fctenmotiv in Rosa und Weiss f\u00fcr eleganten Teegenuss. Ideal als Geschenk.","robots":{"index":"index","follow":"follow","max-snippet":"max-snippet:-1","max-image-preview":"max-image-preview:large","max-video-preview":"max-video-preview:-1"},"canonical":"https:\/\/teasense.ch\/it\/prodotto\/porzellan-deckelbecher-yoshino\/","og_locale":"it_IT","og_type":"article","og_title":"Porzellan Deckelbecher Yoshino - TeaSense.ch - Tee Shop Schweiz","og_description":"Yoshino Porzellan Deckelbecher mit Edelstahlsieb und Deckel. 320 ml, Kirschbl\u00fctenmotiv in Rosa und Weiss f\u00fcr eleganten Teegenuss. Ideal als Geschenk.","og_url":"https:\/\/teasense.ch\/it\/prodotto\/porzellan-deckelbecher-yoshino\/","og_site_name":"TeaSense.ch - Tee Shop Schweiz","article_publisher":"https:\/\/www.facebook.com\/teasense.ch","article_modified_time":"2026-03-05T14:15:52+00:00","og_image":[{"width":800,"height":800,"url":"https:\/\/teasense.ch\/wp-content\/uploads\/2024\/10\/porzellan-deckelbecher-yoshino-varianten.png","type":"image\/png"}],"twitter_card":"summary_large_image","twitter_misc":{"Est. reading time":"3 minutes"},"schema":{"@context":"https:\/\/schema.org","@graph":[{"@type":"WebPage","@id":"https:\/\/teasense.ch\/it\/prodotto\/porzellan-deckelbecher-yoshino\/","url":"https:\/\/teasense.ch\/it\/prodotto\/porzellan-deckelbecher-yoshino\/","name":"Porzellan Deckelbecher Yoshino - TeaSense.ch - Tee Shop Schweiz","isPartOf":{"@id":"https:\/\/teasense.ch\/it\/#website"},"primaryImageOfPage":{"@id":"https:\/\/teasense.ch\/it\/prodotto\/porzellan-deckelbecher-yoshino\/#primaryimage"},"image":{"@id":"https:\/\/teasense.ch\/it\/prodotto\/porzellan-deckelbecher-yoshino\/#primaryimage"},"thumbnailUrl":"https:\/\/teasense.ch\/wp-content\/uploads\/2024\/10\/porzellan-deckelbecher-yoshino-varianten.png","datePublished":"2024-10-29T17:33:34+00:00","dateModified":"2026-03-05T14:15:52+00:00","description":"Yoshino Porzellan Deckelbecher mit Edelstahlsieb und Deckel. 320 ml, Kirschbl\u00fctenmotiv in Rosa und Weiss f\u00fcr eleganten Teegenuss. Ideal als Geschenk.","breadcrumb":{"@id":"https:\/\/teasense.ch\/it\/prodotto\/porzellan-deckelbecher-yoshino\/#breadcrumb"},"inLanguage":"it-CH","potentialAction":[{"@type":"ReadAction","target":["https:\/\/teasense.ch\/it\/prodotto\/porzellan-deckelbecher-yoshino\/"]}]},{"@type":"ImageObject","inLanguage":"it-CH","@id":"https:\/\/teasense.ch\/it\/prodotto\/porzellan-deckelbecher-yoshino\/#primaryimage","url":"https:\/\/teasense.ch\/wp-content\/uploads\/2024\/10\/porzellan-deckelbecher-yoshino-varianten.png","contentUrl":"https:\/\/teasense.ch\/wp-content\/uploads\/2024\/10\/porzellan-deckelbecher-yoshino-varianten.png","width":800,"height":800,"caption":"Porzellan Deckelbecher Yoshino Varianten"},{"@type":"BreadcrumbList","@id":"https:\/\/teasense.ch\/it\/prodotto\/porzellan-deckelbecher-yoshino\/#breadcrumb","itemListElement":[{"@type":"ListItem","position":1,"name":"Startseite","item":"https:\/\/teasense.ch\/it\/startseite\/"},{"@type":"ListItem","position":2,"name":"Ordina t\u00e8 online in Svizzera","item":"https:\/\/teasense.ch\/it\/shop\/"},{"@type":"ListItem","position":3,"name":"Porzellan Deckelbecher Yoshino"}]},{"@type":"WebSite","@id":"https:\/\/teasense.ch\/it\/#website","url":"https:\/\/teasense.ch\/it\/","name":"TeaSense.ch","description":"Nat\u00fcrliche Teemischungen und klassischer Tee","publisher":{"@id":"https:\/\/teasense.ch\/it\/#organization"},"alternateName":"TeaSense","potentialAction":[{"@type":"SearchAction","target":{"@type":"EntryPoint","urlTemplate":"https:\/\/teasense.ch\/it\/?s={search_term_string}"},"query-input":{"@type":"PropertyValueSpecification","valueRequired":true,"valueName":"search_term_string"}}],"inLanguage":"it-CH"},{"@type":"Organization","@id":"https:\/\/teasense.ch\/it\/#organization","name":"Reale Selection","alternateName":"TeaSense.ch","url":"https:\/\/teasense.ch\/it\/","logo":{"@type":"ImageObject","inLanguage":"it-CH","@id":"https:\/\/teasense.ch\/it\/#\/schema\/logo\/image\/","url":"https:\/\/teasense.ch\/wp-content\/uploads\/2023\/07\/cropped-logo-teasense-kategorie-onlineshop-alle-produkte.jpg","contentUrl":"https:\/\/teasense.ch\/wp-content\/uploads\/2023\/07\/cropped-logo-teasense-kategorie-onlineshop-alle-produkte.jpg","width":512,"height":512,"caption":"Reale Selection"},"image":{"@id":"https:\/\/teasense.ch\/it\/#\/schema\/logo\/image\/"},"sameAs":["https:\/\/www.facebook.com\/teasense.ch"]}]}},"jetpack-related-posts":[{"id":43416,"url":"https:\/\/teasense.ch\/it\/prodotto\/porzellan-deckelbecher-hehua\/","url_meta":{"origin":43460,"position":0},"title":"Porzellan Deckelbecher Hehua","author":"Reale Selection","date":"28. October 2024","format":false,"excerpt":"Set: Tasse, Sieb und Deckel (ohne Geschenkverpackung) F\u00fcllmenge: 360 ml","rel":"","context":"Similar post","block_context":{"text":"Similar post","link":""},"img":{"alt_text":"Porzellan Deckelbecher Hehua aussen","src":"https:\/\/i0.wp.com\/teasense.ch\/wp-content\/uploads\/2024\/10\/porzellan-deckelbecher-hehua-aussen.png?resize=350%2C200&ssl=1","width":350,"height":200,"srcset":"https:\/\/i0.wp.com\/teasense.ch\/wp-content\/uploads\/2024\/10\/porzellan-deckelbecher-hehua-aussen.png?resize=350%2C200&ssl=1 1x, https:\/\/i0.wp.com\/teasense.ch\/wp-content\/uploads\/2024\/10\/porzellan-deckelbecher-hehua-aussen.png?resize=525%2C300&ssl=1 1.5x, https:\/\/i0.wp.com\/teasense.ch\/wp-content\/uploads\/2024\/10\/porzellan-deckelbecher-hehua-aussen.png?resize=700%2C400&ssl=1 2x"},"classes":[]},{"id":43454,"url":"https:\/\/teasense.ch\/it\/prodotto\/porzellan-deckelbecher-haku\/","url_meta":{"origin":43460,"position":1},"title":"Porzellan Deckelbecher Haku","author":"Reale Selection","date":"29. October 2024","format":false,"excerpt":"Tasse, Sieb und Deckel (ohne Geschenkverpackung) F\u00fcllmenge: 320 ml","rel":"","context":"Similar post","block_context":{"text":"Similar post","link":""},"img":{"alt_text":"Set Tasse Sieb Deckel Haku","src":"https:\/\/i0.wp.com\/teasense.ch\/wp-content\/uploads\/2024\/10\/porzellan-deckelbecher-haku-set.png?resize=350%2C200&ssl=1","width":350,"height":200,"srcset":"https:\/\/i0.wp.com\/teasense.ch\/wp-content\/uploads\/2024\/10\/porzellan-deckelbecher-haku-set.png?resize=350%2C200&ssl=1 1x, https:\/\/i0.wp.com\/teasense.ch\/wp-content\/uploads\/2024\/10\/porzellan-deckelbecher-haku-set.png?resize=525%2C300&ssl=1 1.5x, https:\/\/i0.wp.com\/teasense.ch\/wp-content\/uploads\/2024\/10\/porzellan-deckelbecher-haku-set.png?resize=700%2C400&ssl=1 2x"},"classes":[]},{"id":43423,"url":"https:\/\/teasense.ch\/it\/prodotto\/porzellan-deckelbecher-birdy\/","url_meta":{"origin":43460,"position":2},"title":"Porzellan Deckelbecher Birdy","author":"Reale Selection","date":"28. October 2024","format":false,"excerpt":"Tasse, Sieb und Deckel (ohne Geschenkverpackung) F\u00fcllmenge: 325 ml","rel":"","context":"Similar post","block_context":{"text":"Similar post","link":""},"img":{"alt_text":"Porzellan Deckelbecher Birdy ganz","src":"https:\/\/i0.wp.com\/teasense.ch\/wp-content\/uploads\/2024\/10\/porzellan-deckelbecher-birdy-ganz.png?resize=350%2C200&ssl=1","width":350,"height":200,"srcset":"https:\/\/i0.wp.com\/teasense.ch\/wp-content\/uploads\/2024\/10\/porzellan-deckelbecher-birdy-ganz.png?resize=350%2C200&ssl=1 1x, https:\/\/i0.wp.com\/teasense.ch\/wp-content\/uploads\/2024\/10\/porzellan-deckelbecher-birdy-ganz.png?resize=525%2C300&ssl=1 1.5x, https:\/\/i0.wp.com\/teasense.ch\/wp-content\/uploads\/2024\/10\/porzellan-deckelbecher-birdy-ganz.png?resize=700%2C400&ssl=1 2x"},"classes":[]},{"id":43435,"url":"https:\/\/teasense.ch\/it\/prodotto\/herz-keramik-deckelbecher\/","url_meta":{"origin":43460,"position":3},"title":"Herz Keramik Deckelbecher","author":"Reale Selection","date":"29. October 2024","format":false,"excerpt":"Tasse, Sieb und Deckel (ohne Geschenkverpackung) F\u00fcllmenge: 250 ml","rel":"","context":"Similar post","block_context":{"text":"Similar post","link":""},"img":{"alt_text":"Herz Keramik Deckelbecher zwei Varianten","src":"https:\/\/i0.wp.com\/teasense.ch\/wp-content\/uploads\/2024\/10\/herz-keramik-deckelbecher-zwei-varianten.png?resize=350%2C200&ssl=1","width":350,"height":200,"srcset":"https:\/\/i0.wp.com\/teasense.ch\/wp-content\/uploads\/2024\/10\/herz-keramik-deckelbecher-zwei-varianten.png?resize=350%2C200&ssl=1 1x, https:\/\/i0.wp.com\/teasense.ch\/wp-content\/uploads\/2024\/10\/herz-keramik-deckelbecher-zwei-varianten.png?resize=525%2C300&ssl=1 1.5x, https:\/\/i0.wp.com\/teasense.ch\/wp-content\/uploads\/2024\/10\/herz-keramik-deckelbecher-zwei-varianten.png?resize=700%2C400&ssl=1 2x"},"classes":[]},{"id":46306,"url":"https:\/\/teasense.ch\/it\/prodotto\/tee-geschenkset-tasse-kraeutertee\/","url_meta":{"origin":43460,"position":4},"title":"Tee Geschenkset mit Tasse &#038; Kr\u00e4utertee","author":"Reale Selection","date":"27. July 2025","format":false,"excerpt":"Porzellan Becher mit Deckel & 50\u202fg Kr\u00e4utertee.Verpackt im Naturkarton mit Sichtfenster \u2013perfekt als Geschenk f\u00fcr bewusste Tee-Momente. \ud83c\udf43","rel":"","context":"Similar post","block_context":{"text":"Similar post","link":""},"img":{"alt_text":"Tee Geschenkset mit Tasse & Kr\u00e4utertee","src":"https:\/\/i0.wp.com\/teasense.ch\/wp-content\/uploads\/2025\/07\/Tee-Geschenkset-mit-Tasse-Kraeutertee.png?resize=350%2C200&ssl=1","width":350,"height":200,"srcset":"https:\/\/i0.wp.com\/teasense.ch\/wp-content\/uploads\/2025\/07\/Tee-Geschenkset-mit-Tasse-Kraeutertee.png?resize=350%2C200&ssl=1 1x, https:\/\/i0.wp.com\/teasense.ch\/wp-content\/uploads\/2025\/07\/Tee-Geschenkset-mit-Tasse-Kraeutertee.png?resize=525%2C300&ssl=1 1.5x, https:\/\/i0.wp.com\/teasense.ch\/wp-content\/uploads\/2025\/07\/Tee-Geschenkset-mit-Tasse-Kraeutertee.png?resize=700%2C400&ssl=1 2x"},"classes":[]},{"id":47697,"url":"https:\/\/teasense.ch\/it\/prodotto\/edelstahl-teesieb-75-mm\/","url_meta":{"origin":43460,"position":5},"title":"Edelstahl-Teesieb 75 mm","author":"Reale Selection","date":"7. January 2026","format":false,"excerpt":"Edelstahlsieb 75 mm (\u00d8 75\/85 x 50 mm)","rel":"","context":"Similar post","block_context":{"text":"Similar post","link":""},"img":{"alt_text":"Edelstahlsieb 75 mm 85 x 50 mm","src":"https:\/\/i0.wp.com\/teasense.ch\/wp-content\/uploads\/2026\/01\/edelstahlsieb-75-mm-85-x-50-mm.png?resize=350%2C200&ssl=1","width":350,"height":200,"srcset":"https:\/\/i0.wp.com\/teasense.ch\/wp-content\/uploads\/2026\/01\/edelstahlsieb-75-mm-85-x-50-mm.png?resize=350%2C200&ssl=1 1x, https:\/\/i0.wp.com\/teasense.ch\/wp-content\/uploads\/2026\/01\/edelstahlsieb-75-mm-85-x-50-mm.png?resize=525%2C300&ssl=1 1.5x, https:\/\/i0.wp.com\/teasense.ch\/wp-content\/uploads\/2026\/01\/edelstahlsieb-75-mm-85-x-50-mm.png?resize=700%2C400&ssl=1 2x"},"classes":[]}],"jetpack_sharing_enabled":true,"jetpack_likes_enabled":false,"_links":{"self":[{"href":"https:\/\/teasense.ch\/it\/wp-json\/wp\/v2\/product\/43460","targetHints":{"allow":["GET"]}}],"collection":[{"href":"https:\/\/teasense.ch\/it\/wp-json\/wp\/v2\/product"}],"about":[{"href":"https:\/\/teasense.ch\/it\/wp-json\/wp\/v2\/types\/product"}],"replies":[{"embeddable":true,"href":"https:\/\/teasense.ch\/it\/wp-json\/wp\/v2\/comments?post=43460"}],"wp:featuredmedia":[{"embeddable":true,"href":"https:\/\/teasense.ch\/it\/wp-json\/wp\/v2\/media\/43463"}],"wp:attachment":[{"href":"https:\/\/teasense.ch\/it\/wp-json\/wp\/v2\/media?parent=43460"}],"wp:term":[{"taxonomy":"product_brand","embeddable":true,"href":"https:\/\/teasense.ch\/it\/wp-json\/wp\/v2\/product_brand?post=43460"},{"taxonomy":"product_cat","embeddable":true,"href":"https:\/\/teasense.ch\/it\/wp-json\/wp\/v2\/product_cat?post=43460"},{"taxonomy":"product_tag","embeddable":true,"href":"https:\/\/teasense.ch\/it\/wp-json\/wp\/v2\/product_tag?post=43460"}],"curies":[{"name":"wp","href":"https:\/\/api.w.org\/{rel}","templated":true}]}}