{"id":44249,"date":"2025-02-26T16:37:49","date_gmt":"2025-02-26T15:37:49","guid":{"rendered":"https:\/\/teasense.ch\/?post_type=product&#038;p=44249"},"modified":"2026-04-07T13:48:37","modified_gmt":"2026-04-07T11:48:37","slug":"mango-stuecke","status":"publish","type":"product","link":"https:\/\/teasense.ch\/it\/prodotto\/mango-stuecke\/","title":{"rendered":"Mangost\u00fccke"},"content":{"rendered":"<h2>Mangost\u00fccke aus Thailand \u2013 Tropisch s\u00fcss &amp; fruchtig<\/h2>\n<p data-start=\"223\" data-end=\"596\">Unsere Mangost\u00fccke aus Thailand bringen dir den sonnengereiften Geschmack Asiens direkt nach Hause. Die erntefrischen Mangos werden sorgf\u00e4ltig verarbeitet, schonend getrocknet und leicht gezuckert, um ihr nat\u00fcrlich s\u00fcsses Aroma noch intensiver zu machen. Dadurch bleiben die St\u00fccke angenehm weich und entfalten ihren exotisch-fruchtigen Geschmack in jedem Bissen.<\/p>\n<p data-start=\"598\" data-end=\"855\">Egal ob als Snack, im M\u00fcesli oder zum Backen \u2013 die getrockneten Mangost\u00fccke sind ein vielseitiger Genuss. Sie enthalten keine k\u00fcnstlichen Aromen oder Farbstoffe, sondern nur den puren Geschmack reifer Mango mit einer angenehmen, nat\u00fcrlichen S\u00fcsse.<\/p>\n<h3 data-start=\"862\" data-end=\"909\">Warum unsere gezuckerten Mangost\u00fccke?<\/h3>\n<ul>\n<li data-start=\"911\" data-end=\"1284\"><strong data-start=\"913\" data-end=\"950\">Sonnengereifte Mango aus Thailand<\/strong> \u2013 intensiver, nat\u00fcrlicher Geschmack<\/li>\n<li data-start=\"911\" data-end=\"1284\"><strong data-start=\"991\" data-end=\"1027\">Fruchtig-s\u00fcss &amp; leicht s\u00e4uerlich<\/strong> \u2013 perfekt abgestimmte Balance<\/li>\n<li data-start=\"911\" data-end=\"1284\"><strong data-start=\"1062\" data-end=\"1092\">Weiche, saftige Konsistenz<\/strong> \u2013 angenehmer Biss und volles Aroma<\/li>\n<li data-start=\"911\" data-end=\"1284\"><strong data-start=\"1132\" data-end=\"1157\">Vielseitig einsetzbar<\/strong> \u2013 als Snack, im M\u00fcesli oder in exotischen Gerichten<\/li>\n<li data-start=\"911\" data-end=\"1284\"><strong data-start=\"1214\" data-end=\"1241\">Ohne k\u00fcnstliche Zus\u00e4tze<\/strong> \u2013 100 % Mango, mit etwas Zucker veredelt<\/li>\n<\/ul>\n<h3 data-start=\"1291\" data-end=\"1322\">Geschmack &amp; Anwendung<\/h3>\n<p data-start=\"1324\" data-end=\"1622\">Unsere getrockneten Mangost\u00fccke bieten eine perfekte Kombination aus S\u00fcsse und leichter S\u00e4ure, die typisch f\u00fcr tropisch gereifte Mango ist. Die Konsistenz ist angenehm weich, wodurch sie sich nicht nur pur geniessen lassen, sondern auch ideal in Smoothies, Joghurt oder M\u00fcesli passen.<\/p>\n<h3 data-start=\"2066\" data-end=\"2084\"><strong data-start=\"2070\" data-end=\"2082\">Lagerung\u00a0<\/strong><\/h3>\n<p data-start=\"2086\" data-end=\"2201\">Damit sie lange weich und aromatisch bleiben, bewahre sie trocken und luftdicht verschlossen auf.<\/p>\n<p data-start=\"1624\" data-end=\"1795\">\ud83d\udca1 Tipp<br \/>\nWeiche die Mangost\u00fccke vor der Verwendung im Wasser ein, wenn du sie zum Backen oder f\u00fcr exotische Speisen wie Mango-Curry oder Chutneys verwendest.<\/p>\n<p>\ud83c\udf4d Entdecke auch unsere <a href=\"https:\/\/teasense.ch\/produkt\/ananasstuecke\/\">Ananasst\u00fccke<\/a>.<\/p>\n","protected":false},"excerpt":{"rendered":"<h4>Zubereitung gezuckerte Mangost\u00fccke als Tee<\/h4>\n<p>\ud83e\udd44 1 &#8211; 2 geh\u00e4ufte TL auf 250 ml Wasser<br \/>\n\ud83c\udf21\ufe0f 100 \u00b0C<br \/>\n\u23f3 10 &#8211; 15 Minuten ziehen lassen<\/p>\n<p><strong>Tipp\ud83d\udca1<\/strong><br \/>\nSchmeckt pur oder in Kombination mit Ingwer und <a href=\"https:\/\/teasense.ch\/produkt\/lemongras\/\">Zitronengras<\/a> besonders erfrischend.<\/p>\n","protected":false},"featured_media":44255,"comment_status":"open","ping_status":"closed","template":"","meta":{"_et_pb_use_builder":"","_et_pb_old_content":"","_et_gb_content_width":""},"product_brand":[],"product_cat":[74,64,151],"product_tag":[],"class_list":{"0":"post-44249","1":"product","2":"type-product","3":"status-publish","4":"has-post-thumbnail","6":"product_cat-alle-produkte","7":"product_cat-gewuerze","8":"product_cat-fruechtetee","9":"pa_herkunft-thailand","10":"pa_weight-100-g","11":"pa_weight-200-g","12":"pa_weight-30-g","14":"first","15":"instock","16":"shipping-taxable","17":"purchasable","18":"product-type-variable","19":"has-default-attributes","20":"add-to-wishlist-before_image"},"yoast_head":"<!-- This site is optimized with the Yoast SEO plugin v27.4 - https:\/\/yoast.com\/product\/yoast-seo-wordpress\/ -->\n<title>Mangost\u00fccke - TeaSense.ch - Tee Shop Schweiz<\/title>\n<meta name=\"description\" content=\"Getrocknete gezuckerte Mangost\u00fccke aus Thailand \u2013 tropisch s\u00fcss, weich &amp; voller Geschmack. Perfekt auch als Snack, f\u00fcrs M\u00fcesli oder zum Backen. \ud83e\udd6d\" \/>\n<meta name=\"robots\" content=\"index, follow, max-snippet:-1, max-image-preview:large, max-video-preview:-1\" \/>\n<link rel=\"canonical\" href=\"https:\/\/teasense.ch\/it\/prodotto\/mango-stuecke\/\" \/>\n<meta property=\"og:locale\" content=\"it_IT\" \/>\n<meta property=\"og:type\" content=\"article\" \/>\n<meta property=\"og:title\" content=\"Mangost\u00fccke - TeaSense.ch - Tee Shop Schweiz\" \/>\n<meta property=\"og:description\" content=\"Getrocknete gezuckerte Mangost\u00fccke aus Thailand \u2013 tropisch s\u00fcss, weich &amp; voller Geschmack. Perfekt auch als Snack, f\u00fcrs M\u00fcesli oder zum Backen. \ud83e\udd6d\" \/>\n<meta property=\"og:url\" content=\"https:\/\/teasense.ch\/it\/prodotto\/mango-stuecke\/\" \/>\n<meta property=\"og:site_name\" content=\"TeaSense.ch - Tee Shop Schweiz\" \/>\n<meta property=\"article:publisher\" content=\"https:\/\/www.facebook.com\/teasense.ch\" \/>\n<meta property=\"article:modified_time\" content=\"2026-04-07T11:48:37+00:00\" \/>\n<meta property=\"og:image\" content=\"https:\/\/teasense.ch\/wp-content\/uploads\/2025\/02\/Mango.png\" \/>\n\t<meta property=\"og:image:width\" content=\"800\" \/>\n\t<meta property=\"og:image:height\" content=\"800\" \/>\n\t<meta property=\"og:image:type\" content=\"image\/png\" \/>\n<meta name=\"twitter:card\" content=\"summary_large_image\" \/>\n<meta name=\"twitter:label1\" content=\"Est. reading time\" \/>\n\t<meta name=\"twitter:data1\" content=\"2 minutes\" \/>\n<!-- \/ Yoast SEO plugin. -->","yoast_head_json":{"title":"Mangost\u00fccke - TeaSense.ch - Tee Shop Schweiz","description":"Getrocknete gezuckerte Mangost\u00fccke aus Thailand \u2013 tropisch s\u00fcss, weich & voller Geschmack. Perfekt auch als Snack, f\u00fcrs M\u00fcesli oder zum Backen. \ud83e\udd6d","robots":{"index":"index","follow":"follow","max-snippet":"max-snippet:-1","max-image-preview":"max-image-preview:large","max-video-preview":"max-video-preview:-1"},"canonical":"https:\/\/teasense.ch\/it\/prodotto\/mango-stuecke\/","og_locale":"it_IT","og_type":"article","og_title":"Mangost\u00fccke - TeaSense.ch - Tee Shop Schweiz","og_description":"Getrocknete gezuckerte Mangost\u00fccke aus Thailand \u2013 tropisch s\u00fcss, weich & voller Geschmack. Perfekt auch als Snack, f\u00fcrs M\u00fcesli oder zum Backen. \ud83e\udd6d","og_url":"https:\/\/teasense.ch\/it\/prodotto\/mango-stuecke\/","og_site_name":"TeaSense.ch - Tee Shop Schweiz","article_publisher":"https:\/\/www.facebook.com\/teasense.ch","article_modified_time":"2026-04-07T11:48:37+00:00","og_image":[{"width":800,"height":800,"url":"https:\/\/teasense.ch\/wp-content\/uploads\/2025\/02\/Mango.png","type":"image\/png"}],"twitter_card":"summary_large_image","twitter_misc":{"Est. reading time":"2 minutes"},"schema":{"@context":"https:\/\/schema.org","@graph":[{"@type":"WebPage","@id":"https:\/\/teasense.ch\/it\/prodotto\/mango-stuecke\/","url":"https:\/\/teasense.ch\/it\/prodotto\/mango-stuecke\/","name":"Mangost\u00fccke - TeaSense.ch - Tee Shop Schweiz","isPartOf":{"@id":"https:\/\/teasense.ch\/it\/#website"},"primaryImageOfPage":{"@id":"https:\/\/teasense.ch\/it\/prodotto\/mango-stuecke\/#primaryimage"},"image":{"@id":"https:\/\/teasense.ch\/it\/prodotto\/mango-stuecke\/#primaryimage"},"thumbnailUrl":"https:\/\/teasense.ch\/wp-content\/uploads\/2025\/02\/Mango.png","datePublished":"2025-02-26T15:37:49+00:00","dateModified":"2026-04-07T11:48:37+00:00","description":"Getrocknete gezuckerte Mangost\u00fccke aus Thailand \u2013 tropisch s\u00fcss, weich & voller Geschmack. Perfekt auch als Snack, f\u00fcrs M\u00fcesli oder zum Backen. \ud83e\udd6d","breadcrumb":{"@id":"https:\/\/teasense.ch\/it\/prodotto\/mango-stuecke\/#breadcrumb"},"inLanguage":"it-CH","potentialAction":[{"@type":"ReadAction","target":["https:\/\/teasense.ch\/it\/prodotto\/mango-stuecke\/"]}]},{"@type":"ImageObject","inLanguage":"it-CH","@id":"https:\/\/teasense.ch\/it\/prodotto\/mango-stuecke\/#primaryimage","url":"https:\/\/teasense.ch\/wp-content\/uploads\/2025\/02\/Mango.png","contentUrl":"https:\/\/teasense.ch\/wp-content\/uploads\/2025\/02\/Mango.png","width":800,"height":800,"caption":"Mango St\u00fccke gezuckert aus Thailand f\u00fcr Tee"},{"@type":"BreadcrumbList","@id":"https:\/\/teasense.ch\/it\/prodotto\/mango-stuecke\/#breadcrumb","itemListElement":[{"@type":"ListItem","position":1,"name":"Startseite","item":"https:\/\/teasense.ch\/it\/startseite\/"},{"@type":"ListItem","position":2,"name":"Ordina t\u00e8 online in Svizzera","item":"https:\/\/teasense.ch\/it\/shop\/"},{"@type":"ListItem","position":3,"name":"Mangost\u00fccke"}]},{"@type":"WebSite","@id":"https:\/\/teasense.ch\/it\/#website","url":"https:\/\/teasense.ch\/it\/","name":"TeaSense.ch","description":"Nat\u00fcrliche Teemischungen und klassischer Tee","publisher":{"@id":"https:\/\/teasense.ch\/it\/#organization"},"alternateName":"TeaSense","potentialAction":[{"@type":"SearchAction","target":{"@type":"EntryPoint","urlTemplate":"https:\/\/teasense.ch\/it\/?s={search_term_string}"},"query-input":{"@type":"PropertyValueSpecification","valueRequired":true,"valueName":"search_term_string"}}],"inLanguage":"it-CH"},{"@type":"Organization","@id":"https:\/\/teasense.ch\/it\/#organization","name":"Reale Selection","alternateName":"TeaSense.ch","url":"https:\/\/teasense.ch\/it\/","logo":{"@type":"ImageObject","inLanguage":"it-CH","@id":"https:\/\/teasense.ch\/it\/#\/schema\/logo\/image\/","url":"https:\/\/teasense.ch\/wp-content\/uploads\/2023\/07\/cropped-logo-teasense-kategorie-onlineshop-alle-produkte.jpg","contentUrl":"https:\/\/teasense.ch\/wp-content\/uploads\/2023\/07\/cropped-logo-teasense-kategorie-onlineshop-alle-produkte.jpg","width":512,"height":512,"caption":"Reale Selection"},"image":{"@id":"https:\/\/teasense.ch\/it\/#\/schema\/logo\/image\/"},"sameAs":["https:\/\/www.facebook.com\/teasense.ch"]}]}},"jetpack-related-posts":[{"id":48095,"url":"https:\/\/teasense.ch\/it\/prodotto\/tisana-dormiglione\/","url_meta":{"origin":44249,"position":0},"title":"Tisana Dormiglione","author":"Reale Selection","date":"23. October 2024","format":false,"excerpt":"Preparazione Tisana Dormiglione \ud83e\udd44 1 cucchiaino per tazza (14g\/litro)\ud83c\udf21\ufe0f 100 \u00b0C\u23f3 5 minuti","rel":"","context":"Similar post","block_context":{"text":"Similar post","link":""},"img":{"alt_text":"Schlafm\u00fctze Kr\u00e4utertee weisser Hintergrund","src":"https:\/\/i0.wp.com\/teasense.ch\/wp-content\/uploads\/2024\/10\/schlafmuetze-kraeutertee-weisser-hintergrund.png?resize=350%2C200&ssl=1","width":350,"height":200,"srcset":"https:\/\/i0.wp.com\/teasense.ch\/wp-content\/uploads\/2024\/10\/schlafmuetze-kraeutertee-weisser-hintergrund.png?resize=350%2C200&ssl=1 1x, https:\/\/i0.wp.com\/teasense.ch\/wp-content\/uploads\/2024\/10\/schlafmuetze-kraeutertee-weisser-hintergrund.png?resize=525%2C300&ssl=1 1.5x, https:\/\/i0.wp.com\/teasense.ch\/wp-content\/uploads\/2024\/10\/schlafmuetze-kraeutertee-weisser-hintergrund.png?resize=700%2C400&ssl=1 2x"},"classes":[]},{"id":48103,"url":"https:\/\/teasense.ch\/it\/prodotto\/abbonamento-te\/","url_meta":{"origin":44249,"position":1},"title":"Abbonamento t\u00e8","author":"Reale Selection","date":"25. January 2024","format":false,"excerpt":"\ud83c\udf3f Due tipi di t\u00e8 al mese \ud83d\udcc5 Durata liberamente selezionabile \ud83d\udc8c Personale & personalizzato \ud83c\udf81 Perfetto come regalo Seleziona il numero di mesi desiderato:","rel":"","context":"Similar post","block_context":{"text":"Similar post","link":""},"img":{"alt_text":"Abbonamento al t\u00e8 Scatola di spedizione Teasense Svizzera","src":"https:\/\/i0.wp.com\/teasense.ch\/wp-content\/uploads\/2024\/01\/Tee-Abo-Teasense-Versandbox.png?resize=350%2C200&ssl=1","width":350,"height":200,"srcset":"https:\/\/i0.wp.com\/teasense.ch\/wp-content\/uploads\/2024\/01\/Tee-Abo-Teasense-Versandbox.png?resize=350%2C200&ssl=1 1x, https:\/\/i0.wp.com\/teasense.ch\/wp-content\/uploads\/2024\/01\/Tee-Abo-Teasense-Versandbox.png?resize=525%2C300&ssl=1 1.5x, https:\/\/i0.wp.com\/teasense.ch\/wp-content\/uploads\/2024\/01\/Tee-Abo-Teasense-Versandbox.png?resize=700%2C400&ssl=1 2x"},"classes":[]},{"id":48120,"url":"https:\/\/teasense.ch\/it\/prodotto\/kundengeschenk-tee\/","url_meta":{"origin":44249,"position":2},"title":"Regalo t\u00e8 aziendale","author":"Reale Selection","date":"2. March 2026","format":false,"excerpt":"100 g di una miscela di t\u00e8 selezionata Scelta tra tre variet\u00e0 Confezionato in sacchetto kraft con finestra Da 20 pezzi - ordina 100 pezzi nello shop Tempi di consegna ca. 14 giorni lavorativi","rel":"","context":"Similar post","block_context":{"text":"Similar post","link":""},"img":{"alt_text":"Auswahl Tee Kundengeschenke Schwarztee Kr\u00e4utertee Fr\u00fcchtetee","src":"https:\/\/i0.wp.com\/teasense.ch\/wp-content\/uploads\/2026\/03\/auswahl-tee-kundengeschenke.png?resize=350%2C200&ssl=1","width":350,"height":200,"srcset":"https:\/\/i0.wp.com\/teasense.ch\/wp-content\/uploads\/2026\/03\/auswahl-tee-kundengeschenke.png?resize=350%2C200&ssl=1 1x, https:\/\/i0.wp.com\/teasense.ch\/wp-content\/uploads\/2026\/03\/auswahl-tee-kundengeschenke.png?resize=525%2C300&ssl=1 1.5x, https:\/\/i0.wp.com\/teasense.ch\/wp-content\/uploads\/2026\/03\/auswahl-tee-kundengeschenke.png?resize=700%2C400&ssl=1 2x"},"classes":[]}],"jetpack_sharing_enabled":true,"jetpack_likes_enabled":false,"_links":{"self":[{"href":"https:\/\/teasense.ch\/it\/wp-json\/wp\/v2\/product\/44249","targetHints":{"allow":["GET"]}}],"collection":[{"href":"https:\/\/teasense.ch\/it\/wp-json\/wp\/v2\/product"}],"about":[{"href":"https:\/\/teasense.ch\/it\/wp-json\/wp\/v2\/types\/product"}],"replies":[{"embeddable":true,"href":"https:\/\/teasense.ch\/it\/wp-json\/wp\/v2\/comments?post=44249"}],"wp:featuredmedia":[{"embeddable":true,"href":"https:\/\/teasense.ch\/it\/wp-json\/wp\/v2\/media\/44255"}],"wp:attachment":[{"href":"https:\/\/teasense.ch\/it\/wp-json\/wp\/v2\/media?parent=44249"}],"wp:term":[{"taxonomy":"product_brand","embeddable":true,"href":"https:\/\/teasense.ch\/it\/wp-json\/wp\/v2\/product_brand?post=44249"},{"taxonomy":"product_cat","embeddable":true,"href":"https:\/\/teasense.ch\/it\/wp-json\/wp\/v2\/product_cat?post=44249"},{"taxonomy":"product_tag","embeddable":true,"href":"https:\/\/teasense.ch\/it\/wp-json\/wp\/v2\/product_tag?post=44249"}],"curies":[{"name":"wp","href":"https:\/\/api.w.org\/{rel}","templated":true}]}}