{"id":45704,"date":"2025-05-13T10:03:48","date_gmt":"2025-05-13T08:03:48","guid":{"rendered":"https:\/\/teasense.ch\/?post_type=product&#038;p=45704"},"modified":"2025-08-21T11:02:10","modified_gmt":"2025-08-21T09:02:10","slug":"pfefferminze-geschnitten","status":"publish","type":"product","link":"https:\/\/teasense.ch\/it\/prodotto\/pfefferminze-geschnitten\/","title":{"rendered":"Pfefferminze geschnitten"},"content":{"rendered":"<h2 data-start=\"570\" data-end=\"629\">Pfefferminze geschnitten \u2013 purer Kr\u00e4utertee mit Frische<\/h2>\n<p>Ob als klassischer Kr\u00e4utertee oder belebender Eistee: Unsere Pfefferminze geschnitten bringt dir eine Extraportion Frische in die Tasse. Die schonend getrockneten und geschnittenen Pfefferminzbl\u00e4tter enthalten keine Zus\u00e4tze und kein Aroma \u2013 sie \u00fcberzeugen durch ihren nat\u00fcrlichen, intensiven Geschmack.<\/p>\n<h3>Klarer, reiner Geschmack \u2013 ganz ohne Kompromisse<\/h3>\n<p>Pfefferminze geh\u00f6rt zu den beliebtesten Kr\u00e4utertees \u00fcberhaupt \u2013 nicht ohne Grund. Ihr frisches, leicht k\u00fchlendes Aroma sorgt f\u00fcr ein wohltuendes Geschmackserlebnis \u2013 ganz pur und unverf\u00e4lscht. Unsere geschnittene Pfefferminze eignet sich ideal zum Aufgiessen als Solo-Kr\u00e4utertee, aber auch als frischer Akzent in deinen eigenen Mischungen.<\/p>\n<p>Ob morgens zum Durchstarten oder am Abend als aromatische Auszeit \u2013 diese Pfefferminze passt sich deinem Alltag perfekt an. Auch als Kaltaufguss im Sommer ist sie eine willkommene Erfrischung.<\/p>\n<h3 data-start=\"570\" data-end=\"629\">Pfefferminze geschnitten &#8211;\u00a0Ideal auch zum Mischen<\/h3>\n<p>Du m\u00f6chtest kreativ werden? Dann kombiniere die Pfefferminze doch mit anderen Zutaten wie Zitronenmelisse, Apfelst\u00fccken, Ingwer oder Beeren. So entsteht dein ganz pers\u00f6nlicher Teegenuss \u2013 nat\u00fcrlich, aromafrei und vielseitig.<\/p>\n<h3 class=\"\" data-start=\"1503\" data-end=\"1532\">Zubereitung Pfefferminztee<\/h3>\n<p class=\"\" data-start=\"1534\" data-end=\"1785\">F\u00fcr eine Tasse Pfefferminztee empfehlen wir 1Teel\u00f6ffel geschnittene Bl\u00e4tter. \u00dcbergiesse sie mit kochendem Wasser (100 \u00b0C) und lasse den Tee 5 bis 7 Minuten ziehen. Je l\u00e4nger die Ziehzeit, desto intensiver wird das Aroma. F\u00fcr einen Eistee kannst du den Aufguss abk\u00fchlen lassen und mit Eisw\u00fcrfeln servieren.<\/p>\n<h3 class=\"\" data-start=\"1875\" data-end=\"1886\">Zutaten<\/h3>\n<p class=\"\" data-start=\"1888\" data-end=\"1979\">100 % geschnittene Pfefferminzbl\u00e4tter (Mentha x piperita)<\/p>\n<p data-start=\"1888\" data-end=\"1979\">Du suchst eine mildere, s\u00fcsslichere Alternative zur klassischen Pfefferminze? Dann probiere doch unsere <a class=\"cursor-pointer\" href=\"https:\/\/teasense.ch\/produkt\/spearmint\/\" target=\"_new\" rel=\"noopener\" data-start=\"271\" data-end=\"364\">geschnittene Krauseminze (Spearmint)<\/a> \u2013 ideal f\u00fcr sanfte Minznoten im Tee.<\/p>\n","protected":false},"excerpt":{"rendered":"<h3>Zubereitung Pfefferminztee<\/h3>\n<p>\ud83e\udd44 1 TL pro Tasse (12g\/Liter)<br data-start=\"1825\" data-end=\"1828\" \/>\ud83c\udf21\ufe0f 100 \u00b0C<br data-start=\"1838\" data-end=\"1841\" \/>\u23f3 5 Minuten ziehen lassen<\/p>\n","protected":false},"featured_media":45711,"comment_status":"open","ping_status":"closed","template":"","meta":{"_et_pb_use_builder":"","_et_pb_old_content":"","_et_gb_content_width":""},"product_brand":[],"product_cat":[74,150,19,155],"product_tag":[],"class_list":{"0":"post-45704","1":"product","2":"type-product","3":"status-publish","4":"has-post-thumbnail","6":"product_cat-alle-produkte","7":"product_cat-kraeutertee","8":"product_cat-tee","9":"product_cat-monokraeuter","10":"pa_herkunft-vereinigte-staaten-von-amerika","11":"pa_weight-100-g","12":"pa_weight-200-g","13":"pa_weight-400-g","14":"pa_weight-50-g","16":"first","17":"instock","18":"shipping-taxable","19":"purchasable","20":"product-type-variable","21":"has-default-attributes","22":"add-to-wishlist-before_image"},"yoast_head":"<!-- This site is optimized with the Yoast SEO plugin v27.4 - https:\/\/yoast.com\/product\/yoast-seo-wordpress\/ -->\n<title>Pfefferminze geschnitten - TeaSense.ch - Tee Shop Schweiz<\/title>\n<meta name=\"description\" content=\"Reine, geschnittene Pfefferminze f\u00fcr puren Kr\u00e4uterteegenuss \u2013 erfrischend, nat\u00fcrlich &amp; aromafrei. Jetzt online bei TeaSense bestellen.\" \/>\n<meta name=\"robots\" content=\"index, follow, max-snippet:-1, max-image-preview:large, max-video-preview:-1\" \/>\n<link rel=\"canonical\" href=\"https:\/\/teasense.ch\/it\/prodotto\/pfefferminze-geschnitten\/\" \/>\n<meta property=\"og:locale\" content=\"it_IT\" \/>\n<meta property=\"og:type\" content=\"article\" \/>\n<meta property=\"og:title\" content=\"Pfefferminze geschnitten - TeaSense.ch - Tee Shop Schweiz\" \/>\n<meta property=\"og:description\" content=\"Reine, geschnittene Pfefferminze f\u00fcr puren Kr\u00e4uterteegenuss \u2013 erfrischend, nat\u00fcrlich &amp; aromafrei. Jetzt online bei TeaSense bestellen.\" \/>\n<meta property=\"og:url\" content=\"https:\/\/teasense.ch\/it\/prodotto\/pfefferminze-geschnitten\/\" \/>\n<meta property=\"og:site_name\" content=\"TeaSense.ch - Tee Shop Schweiz\" \/>\n<meta property=\"article:publisher\" content=\"https:\/\/www.facebook.com\/teasense.ch\" \/>\n<meta property=\"article:modified_time\" content=\"2025-08-21T09:02:10+00:00\" \/>\n<meta property=\"og:image\" content=\"https:\/\/teasense.ch\/wp-content\/uploads\/2025\/05\/Pfefferminze-geschnitten.png\" \/>\n\t<meta property=\"og:image:width\" content=\"800\" \/>\n\t<meta property=\"og:image:height\" content=\"800\" \/>\n\t<meta property=\"og:image:type\" content=\"image\/png\" \/>\n<meta name=\"twitter:card\" content=\"summary_large_image\" \/>\n<meta name=\"twitter:label1\" content=\"Est. reading time\" \/>\n\t<meta name=\"twitter:data1\" content=\"2 minutes\" \/>\n<!-- \/ Yoast SEO plugin. -->","yoast_head_json":{"title":"Pfefferminze geschnitten - TeaSense.ch - Tee Shop Schweiz","description":"Reine, geschnittene Pfefferminze f\u00fcr puren Kr\u00e4uterteegenuss \u2013 erfrischend, nat\u00fcrlich & aromafrei. Jetzt online bei TeaSense bestellen.","robots":{"index":"index","follow":"follow","max-snippet":"max-snippet:-1","max-image-preview":"max-image-preview:large","max-video-preview":"max-video-preview:-1"},"canonical":"https:\/\/teasense.ch\/it\/prodotto\/pfefferminze-geschnitten\/","og_locale":"it_IT","og_type":"article","og_title":"Pfefferminze geschnitten - TeaSense.ch - Tee Shop Schweiz","og_description":"Reine, geschnittene Pfefferminze f\u00fcr puren Kr\u00e4uterteegenuss \u2013 erfrischend, nat\u00fcrlich & aromafrei. Jetzt online bei TeaSense bestellen.","og_url":"https:\/\/teasense.ch\/it\/prodotto\/pfefferminze-geschnitten\/","og_site_name":"TeaSense.ch - Tee Shop Schweiz","article_publisher":"https:\/\/www.facebook.com\/teasense.ch","article_modified_time":"2025-08-21T09:02:10+00:00","og_image":[{"width":800,"height":800,"url":"https:\/\/teasense.ch\/wp-content\/uploads\/2025\/05\/Pfefferminze-geschnitten.png","type":"image\/png"}],"twitter_card":"summary_large_image","twitter_misc":{"Est. reading time":"2 minutes"},"schema":{"@context":"https:\/\/schema.org","@graph":[{"@type":"WebPage","@id":"https:\/\/teasense.ch\/it\/prodotto\/pfefferminze-geschnitten\/","url":"https:\/\/teasense.ch\/it\/prodotto\/pfefferminze-geschnitten\/","name":"Pfefferminze geschnitten - TeaSense.ch - Tee Shop Schweiz","isPartOf":{"@id":"https:\/\/teasense.ch\/it\/#website"},"primaryImageOfPage":{"@id":"https:\/\/teasense.ch\/it\/prodotto\/pfefferminze-geschnitten\/#primaryimage"},"image":{"@id":"https:\/\/teasense.ch\/it\/prodotto\/pfefferminze-geschnitten\/#primaryimage"},"thumbnailUrl":"https:\/\/teasense.ch\/wp-content\/uploads\/2025\/05\/Pfefferminze-geschnitten.png","datePublished":"2025-05-13T08:03:48+00:00","dateModified":"2025-08-21T09:02:10+00:00","description":"Reine, geschnittene Pfefferminze f\u00fcr puren Kr\u00e4uterteegenuss \u2013 erfrischend, nat\u00fcrlich & aromafrei. Jetzt online bei TeaSense bestellen.","breadcrumb":{"@id":"https:\/\/teasense.ch\/it\/prodotto\/pfefferminze-geschnitten\/#breadcrumb"},"inLanguage":"it-CH","potentialAction":[{"@type":"ReadAction","target":["https:\/\/teasense.ch\/it\/prodotto\/pfefferminze-geschnitten\/"]}]},{"@type":"ImageObject","inLanguage":"it-CH","@id":"https:\/\/teasense.ch\/it\/prodotto\/pfefferminze-geschnitten\/#primaryimage","url":"https:\/\/teasense.ch\/wp-content\/uploads\/2025\/05\/Pfefferminze-geschnitten.png","contentUrl":"https:\/\/teasense.ch\/wp-content\/uploads\/2025\/05\/Pfefferminze-geschnitten.png","width":800,"height":800,"caption":"Pfefferminze geschnitten"},{"@type":"BreadcrumbList","@id":"https:\/\/teasense.ch\/it\/prodotto\/pfefferminze-geschnitten\/#breadcrumb","itemListElement":[{"@type":"ListItem","position":1,"name":"Startseite","item":"https:\/\/teasense.ch\/it\/startseite\/"},{"@type":"ListItem","position":2,"name":"Ordina t\u00e8 online in Svizzera","item":"https:\/\/teasense.ch\/it\/shop\/"},{"@type":"ListItem","position":3,"name":"Pfefferminze geschnitten"}]},{"@type":"WebSite","@id":"https:\/\/teasense.ch\/it\/#website","url":"https:\/\/teasense.ch\/it\/","name":"TeaSense.ch","description":"Nat\u00fcrliche Teemischungen und klassischer Tee","publisher":{"@id":"https:\/\/teasense.ch\/it\/#organization"},"alternateName":"TeaSense","potentialAction":[{"@type":"SearchAction","target":{"@type":"EntryPoint","urlTemplate":"https:\/\/teasense.ch\/it\/?s={search_term_string}"},"query-input":{"@type":"PropertyValueSpecification","valueRequired":true,"valueName":"search_term_string"}}],"inLanguage":"it-CH"},{"@type":"Organization","@id":"https:\/\/teasense.ch\/it\/#organization","name":"Reale Selection","alternateName":"TeaSense.ch","url":"https:\/\/teasense.ch\/it\/","logo":{"@type":"ImageObject","inLanguage":"it-CH","@id":"https:\/\/teasense.ch\/it\/#\/schema\/logo\/image\/","url":"https:\/\/teasense.ch\/wp-content\/uploads\/2023\/07\/cropped-logo-teasense-kategorie-onlineshop-alle-produkte.jpg","contentUrl":"https:\/\/teasense.ch\/wp-content\/uploads\/2023\/07\/cropped-logo-teasense-kategorie-onlineshop-alle-produkte.jpg","width":512,"height":512,"caption":"Reale Selection"},"image":{"@id":"https:\/\/teasense.ch\/it\/#\/schema\/logo\/image\/"},"sameAs":["https:\/\/www.facebook.com\/teasense.ch"]}]}},"jetpack-related-posts":[{"id":38042,"url":"https:\/\/teasense.ch\/it\/prodotto\/naturklang-kraeutertee\/","url_meta":{"origin":45704,"position":0},"title":"Naturklang Kr\u00e4utertee","author":"Reale Selection","date":"15. October 2023","format":false,"excerpt":"Zubereitung Naturklang Kr\u00e4utertee \ud83e\udd44 1 - 2 Teel\u00f6ffel pro Tasse\ud83c\udf21\ufe0f 100 \u00b0C\u23f3 6 - 8 Minuten","rel":"","context":"Similar post","block_context":{"text":"Similar post","link":""},"img":{"alt_text":"Naturklang Kr\u00e4utertee Teemischung Zutaten auf weissem Hintergrund.","src":"https:\/\/i0.wp.com\/teasense.ch\/wp-content\/uploads\/2023\/10\/winterpunsch-plain.jpg?resize=350%2C200&ssl=1","width":350,"height":200,"srcset":"https:\/\/i0.wp.com\/teasense.ch\/wp-content\/uploads\/2023\/10\/winterpunsch-plain.jpg?resize=350%2C200&ssl=1 1x, https:\/\/i0.wp.com\/teasense.ch\/wp-content\/uploads\/2023\/10\/winterpunsch-plain.jpg?resize=525%2C300&ssl=1 1.5x, https:\/\/i0.wp.com\/teasense.ch\/wp-content\/uploads\/2023\/10\/winterpunsch-plain.jpg?resize=700%2C400&ssl=1 2x"},"classes":[]},{"id":43238,"url":"https:\/\/teasense.ch\/prodotto\/schlafmuetze-kraeutertee\/","url_meta":{"origin":45704,"position":1},"title":"Schlafm\u00fctze Kr\u00e4utertee","author":"Reale Selection","date":"23. October 2024","format":false,"excerpt":"Zubereitung Schlafm\u00fctze Kr\u00e4utertee \ud83e\udd44 1 Teel\u00f6ffel pro Tasse (14g\/Liter)\ud83c\udf21\ufe0f 100 \u00b0C\u23f3 5 Minuten","rel":"","context":"Similar post","block_context":{"text":"Similar post","link":""},"img":{"alt_text":"Schlafm\u00fctze Kr\u00e4utertee weisser Hintergrund","src":"https:\/\/i0.wp.com\/teasense.ch\/wp-content\/uploads\/2024\/10\/schlafmuetze-kraeutertee-weisser-hintergrund.png?resize=350%2C200&ssl=1","width":350,"height":200,"srcset":"https:\/\/i0.wp.com\/teasense.ch\/wp-content\/uploads\/2024\/10\/schlafmuetze-kraeutertee-weisser-hintergrund.png?resize=350%2C200&ssl=1 1x, https:\/\/i0.wp.com\/teasense.ch\/wp-content\/uploads\/2024\/10\/schlafmuetze-kraeutertee-weisser-hintergrund.png?resize=525%2C300&ssl=1 1.5x, https:\/\/i0.wp.com\/teasense.ch\/wp-content\/uploads\/2024\/10\/schlafmuetze-kraeutertee-weisser-hintergrund.png?resize=700%2C400&ssl=1 2x"},"classes":[]},{"id":45409,"url":"https:\/\/teasense.ch\/it\/prodotto\/apfel-minz-tee\/","url_meta":{"origin":45704,"position":2},"title":"Apfel-Minz-Tee","author":"Reale Selection","date":"10. May 2025","format":false,"excerpt":"Zubereitung \u2013 Apfel-Minz-Tee \ud83e\udd44 2 g (ca. 1\u20132 TL) auf 200 ml Wasser\ud83c\udf21\ufe0f 90 \u00b0C\u23f3 5 \u2013 8 Minuten ziehen lassen","rel":"","context":"Similar post","block_context":{"text":"Similar post","link":""},"img":{"alt_text":"Apfel-Minz-Teemischung","src":"https:\/\/i0.wp.com\/teasense.ch\/wp-content\/uploads\/2025\/05\/Apfel-Minz-Tee.png?resize=350%2C200&ssl=1","width":350,"height":200,"srcset":"https:\/\/i0.wp.com\/teasense.ch\/wp-content\/uploads\/2025\/05\/Apfel-Minz-Tee.png?resize=350%2C200&ssl=1 1x, https:\/\/i0.wp.com\/teasense.ch\/wp-content\/uploads\/2025\/05\/Apfel-Minz-Tee.png?resize=525%2C300&ssl=1 1.5x, https:\/\/i0.wp.com\/teasense.ch\/wp-content\/uploads\/2025\/05\/Apfel-Minz-Tee.png?resize=700%2C400&ssl=1 2x"},"classes":[]},{"id":45724,"url":"https:\/\/teasense.ch\/it\/prodotto\/teenetz-baumwolle-9cm\/","url_meta":{"origin":45704,"position":3},"title":"Teenetz aus Baumwolle \u2013 ungebleicht \u00d8 9 cm","author":"Reale Selection","date":"13. May 2025","format":false,"excerpt":"\ud83c\udf3f Material: Baumwolle (ungebleicht)\ud83d\udccf Masse: \u00d8 9 cm, L\u00e4nge ca. 12,5 cm","rel":"","context":"Similar post","block_context":{"text":"Similar post","link":""},"img":{"alt_text":"Teenetz aus Baumwolle \u2013 ungebleicht \u00d8 9 cm","src":"https:\/\/i0.wp.com\/teasense.ch\/wp-content\/uploads\/2025\/05\/Teenetz-aus-Baumwolle-%E2%80%93-ungebleicht-O-9-cm.png?resize=350%2C200&ssl=1","width":350,"height":200,"srcset":"https:\/\/i0.wp.com\/teasense.ch\/wp-content\/uploads\/2025\/05\/Teenetz-aus-Baumwolle-%E2%80%93-ungebleicht-O-9-cm.png?resize=350%2C200&ssl=1 1x, https:\/\/i0.wp.com\/teasense.ch\/wp-content\/uploads\/2025\/05\/Teenetz-aus-Baumwolle-%E2%80%93-ungebleicht-O-9-cm.png?resize=525%2C300&ssl=1 1.5x, https:\/\/i0.wp.com\/teasense.ch\/wp-content\/uploads\/2025\/05\/Teenetz-aus-Baumwolle-%E2%80%93-ungebleicht-O-9-cm.png?resize=700%2C400&ssl=1 2x"},"classes":[]},{"id":43169,"url":"https:\/\/teasense.ch\/it\/prodotto\/spearmint\/","url_meta":{"origin":45704,"position":4},"title":"Spearmint","author":"Reale Selection","date":"21. October 2024","format":false,"excerpt":"Mentha spicata Zubereitung Spearmint Tee \ud83e\udd44 1 - 2 TL pro Tasse \ud83c\udf21\ufe0f 100\u00b0C \u23f3 6 - 10 Minuten","rel":"","context":"Similar post","block_context":{"text":"Similar post","link":""},"img":{"alt_text":"Spearmint lose Minze","src":"https:\/\/i0.wp.com\/teasense.ch\/wp-content\/uploads\/2024\/10\/spearmint.png?resize=350%2C200&ssl=1","width":350,"height":200,"srcset":"https:\/\/i0.wp.com\/teasense.ch\/wp-content\/uploads\/2024\/10\/spearmint.png?resize=350%2C200&ssl=1 1x, https:\/\/i0.wp.com\/teasense.ch\/wp-content\/uploads\/2024\/10\/spearmint.png?resize=525%2C300&ssl=1 1.5x, https:\/\/i0.wp.com\/teasense.ch\/wp-content\/uploads\/2024\/10\/spearmint.png?resize=700%2C400&ssl=1 2x"},"classes":[]},{"id":47195,"url":"https:\/\/teasense.ch\/it\/prodotto\/herbstgefuehle-fruechtetee\/","url_meta":{"origin":45704,"position":5},"title":"Herbstgef\u00fchle &#8211; Fr\u00fcchtetee","author":"Reale Selection","date":"30. September 2025","format":false,"excerpt":"Zubereitung Herbstgef\u00fchle Fr\u00fcchtetee \ud83e\udd44 12\u201315 g\/l\ud83c\udf21\ufe0f 100 \u00b0C\u23f3 7\u201310 Minuten","rel":"","context":"Similar post","block_context":{"text":"Similar post","link":""},"img":{"alt_text":"Herbstgef\u00fchle - Fr\u00fcchtetee, loser Fr\u00fcchtetee mit Kr\u00e4utern","src":"https:\/\/i0.wp.com\/teasense.ch\/wp-content\/uploads\/2025\/09\/herbst1.png?resize=350%2C200&ssl=1","width":350,"height":200,"srcset":"https:\/\/i0.wp.com\/teasense.ch\/wp-content\/uploads\/2025\/09\/herbst1.png?resize=350%2C200&ssl=1 1x, https:\/\/i0.wp.com\/teasense.ch\/wp-content\/uploads\/2025\/09\/herbst1.png?resize=525%2C300&ssl=1 1.5x, https:\/\/i0.wp.com\/teasense.ch\/wp-content\/uploads\/2025\/09\/herbst1.png?resize=700%2C400&ssl=1 2x"},"classes":[]}],"jetpack_sharing_enabled":true,"jetpack_likes_enabled":false,"_links":{"self":[{"href":"https:\/\/teasense.ch\/it\/wp-json\/wp\/v2\/product\/45704","targetHints":{"allow":["GET"]}}],"collection":[{"href":"https:\/\/teasense.ch\/it\/wp-json\/wp\/v2\/product"}],"about":[{"href":"https:\/\/teasense.ch\/it\/wp-json\/wp\/v2\/types\/product"}],"replies":[{"embeddable":true,"href":"https:\/\/teasense.ch\/it\/wp-json\/wp\/v2\/comments?post=45704"}],"wp:featuredmedia":[{"embeddable":true,"href":"https:\/\/teasense.ch\/it\/wp-json\/wp\/v2\/media\/45711"}],"wp:attachment":[{"href":"https:\/\/teasense.ch\/it\/wp-json\/wp\/v2\/media?parent=45704"}],"wp:term":[{"taxonomy":"product_brand","embeddable":true,"href":"https:\/\/teasense.ch\/it\/wp-json\/wp\/v2\/product_brand?post=45704"},{"taxonomy":"product_cat","embeddable":true,"href":"https:\/\/teasense.ch\/it\/wp-json\/wp\/v2\/product_cat?post=45704"},{"taxonomy":"product_tag","embeddable":true,"href":"https:\/\/teasense.ch\/it\/wp-json\/wp\/v2\/product_tag?post=45704"}],"curies":[{"name":"wp","href":"https:\/\/api.w.org\/{rel}","templated":true}]}}