{"id":47201,"date":"2025-09-30T12:44:36","date_gmt":"2025-09-30T10:44:36","guid":{"rendered":"https:\/\/teasense.ch\/?post_type=product&#038;p=47201"},"modified":"2026-01-04T12:11:15","modified_gmt":"2026-01-04T11:11:15","slug":"koreanischer-gruentee","status":"publish","type":"product","link":"https:\/\/teasense.ch\/it\/prodotto\/koreanischer-gruentee\/","title":{"rendered":"Koreanischer Gr\u00fcntee"},"content":{"rendered":"<h2>Korea Gr\u00fcntee \u2013 feines Aroma aus S\u00fcdkorea<\/h2>\n<p>Der Koreanische Gr\u00fcntee geh\u00f6rt zu den edlen Sorten, die aus Korea stammen und besonders durch ihr frisches, leicht nussiges Aroma \u00fcberzeugen. Schon beim Aufgie\u00dfen entfaltet sich ein harmonisches Bouquet, das an frische Kr\u00e4uter und zartes Gr\u00fcn erinnert. Dieser Tee eignet sich perfekt f\u00fcr alle, die ein klares, mildes Geschmackserlebnis bevorzugen.<\/p>\n<h3>Zutaten und Qualit\u00e4t des Koreanischen Gr\u00fcntees<\/h3>\n<p>Koreanischer Gr\u00fcntee. Die Teebl\u00e4tter werden schonend verarbeitet, sodass sich ihr Aroma und die leuchtende Farbe optimal entfalten. Jede Tasse vermittelt die feine Balance zwischen frischen Kr\u00e4uternoten und leichter S\u00fc\u00dfe, die typisch f\u00fcr Korea Gr\u00fcntee ist.<\/p>\n<h3>Zubereitung Koreanischer Gr\u00fcntee<\/h3>\n<p>F\u00fcr den besten Geschmack 12 bis 15 Gramm pro Liter Wasser bei 80 \u00b0C verwenden. Die Ziehzeit sollte 2 bis 3 Minuten betragen. So entsteht eine harmonische, hellgr\u00fcne Tasse, die sich ideal f\u00fcr bewusste Teepausen eignet.<\/p>\n<h4>Weitere Gr\u00fcntees aus Korea entdecken<\/h4>\n<p>Wer den Koreanischen Gr\u00fcntee sch\u00e4tzt, findet in unserem Sortiment weitere Gr\u00fcntees aus Korea und Asien, die durch ausgew\u00e4hlte Bl\u00e4tter und feine Aromen \u00fcberzeugen.<br \/>\nEine \u00dcbersicht bietet unsere <a href=\"https:\/\/teasense.ch\/produkt-kategorie\/tee\/gruentee\/\">Kategorie Gr\u00fcntee.<\/a><br \/>\n.<\/p>\n","protected":false},"excerpt":{"rendered":"<h4>Zubereitung Koreanischer Gr\u00fcntee<\/h4>\n<p>\ud83e\udd44 12\u201315 g\/l<br \/>\n\ud83c\udf21\ufe0f 80 \u00b0C<br \/>\n\u23f3 2\u20133 Minuten<\/p>\n","protected":false},"featured_media":47182,"comment_status":"open","ping_status":"closed","template":"","meta":{"_et_pb_use_builder":"","_et_pb_old_content":"","_et_gb_content_width":""},"product_brand":[],"product_cat":[74,182,19],"product_tag":[],"class_list":{"0":"post-47201","1":"product","2":"type-product","3":"status-publish","4":"has-post-thumbnail","6":"product_cat-alle-produkte","7":"product_cat-gruentee","8":"product_cat-tee","9":"pa_herkunft-korea","10":"pa_weight-100-g","11":"pa_weight-200-g","12":"pa_weight-400-g","13":"pa_weight-50-g","15":"first","16":"instock","17":"shipping-taxable","18":"purchasable","19":"product-type-variable","20":"has-default-attributes","21":"add-to-wishlist-before_image"},"yoast_head":"<!-- This site is optimized with the Yoast SEO plugin v27.4 - https:\/\/yoast.com\/product\/yoast-seo-wordpress\/ -->\n<title>Koreanischer Gr\u00fcntee - TeaSense.ch - Tee Shop Schweiz<\/title>\n<meta name=\"description\" content=\"Koreanischer Gr\u00fcntee \u2013 mildes Aroma und harmonische Tasse. Entdecke Korea Gr\u00fcntee und weitere Gr\u00fcntees mit feinen, ausgew\u00e4hlten Bl\u00e4ttern.\" \/>\n<meta name=\"robots\" content=\"index, follow, max-snippet:-1, max-image-preview:large, max-video-preview:-1\" \/>\n<link rel=\"canonical\" href=\"https:\/\/teasense.ch\/it\/prodotto\/koreanischer-gruentee\/\" \/>\n<meta property=\"og:locale\" content=\"it_IT\" \/>\n<meta property=\"og:type\" content=\"article\" \/>\n<meta property=\"og:title\" content=\"Koreanischer Gr\u00fcntee - TeaSense.ch - Tee Shop Schweiz\" \/>\n<meta property=\"og:description\" content=\"Koreanischer Gr\u00fcntee \u2013 mildes Aroma und harmonische Tasse. Entdecke Korea Gr\u00fcntee und weitere Gr\u00fcntees mit feinen, ausgew\u00e4hlten Bl\u00e4ttern.\" \/>\n<meta property=\"og:url\" content=\"https:\/\/teasense.ch\/it\/prodotto\/koreanischer-gruentee\/\" \/>\n<meta property=\"og:site_name\" content=\"TeaSense.ch - Tee Shop Schweiz\" \/>\n<meta property=\"article:publisher\" content=\"https:\/\/www.facebook.com\/teasense.ch\" \/>\n<meta property=\"article:modified_time\" content=\"2026-01-04T11:11:15+00:00\" \/>\n<meta property=\"og:image\" content=\"https:\/\/teasense.ch\/wp-content\/uploads\/2025\/09\/korea1.png\" \/>\n\t<meta property=\"og:image:width\" content=\"800\" \/>\n\t<meta property=\"og:image:height\" content=\"800\" \/>\n\t<meta property=\"og:image:type\" content=\"image\/png\" \/>\n<meta name=\"twitter:card\" content=\"summary_large_image\" \/>\n<meta name=\"twitter:label1\" content=\"Est. reading time\" \/>\n\t<meta name=\"twitter:data1\" content=\"2 minutes\" \/>\n<!-- \/ Yoast SEO plugin. -->","yoast_head_json":{"title":"Koreanischer Gr\u00fcntee - TeaSense.ch - Tee Shop Schweiz","description":"Koreanischer Gr\u00fcntee \u2013 mildes Aroma und harmonische Tasse. Entdecke Korea Gr\u00fcntee und weitere Gr\u00fcntees mit feinen, ausgew\u00e4hlten Bl\u00e4ttern.","robots":{"index":"index","follow":"follow","max-snippet":"max-snippet:-1","max-image-preview":"max-image-preview:large","max-video-preview":"max-video-preview:-1"},"canonical":"https:\/\/teasense.ch\/it\/prodotto\/koreanischer-gruentee\/","og_locale":"it_IT","og_type":"article","og_title":"Koreanischer Gr\u00fcntee - TeaSense.ch - Tee Shop Schweiz","og_description":"Koreanischer Gr\u00fcntee \u2013 mildes Aroma und harmonische Tasse. Entdecke Korea Gr\u00fcntee und weitere Gr\u00fcntees mit feinen, ausgew\u00e4hlten Bl\u00e4ttern.","og_url":"https:\/\/teasense.ch\/it\/prodotto\/koreanischer-gruentee\/","og_site_name":"TeaSense.ch - Tee Shop Schweiz","article_publisher":"https:\/\/www.facebook.com\/teasense.ch","article_modified_time":"2026-01-04T11:11:15+00:00","og_image":[{"width":800,"height":800,"url":"https:\/\/teasense.ch\/wp-content\/uploads\/2025\/09\/korea1.png","type":"image\/png"}],"twitter_card":"summary_large_image","twitter_misc":{"Est. reading time":"2 minutes"},"schema":{"@context":"https:\/\/schema.org","@graph":[{"@type":"WebPage","@id":"https:\/\/teasense.ch\/it\/prodotto\/koreanischer-gruentee\/","url":"https:\/\/teasense.ch\/it\/prodotto\/koreanischer-gruentee\/","name":"Koreanischer Gr\u00fcntee - TeaSense.ch - Tee Shop Schweiz","isPartOf":{"@id":"https:\/\/teasense.ch\/it\/#website"},"primaryImageOfPage":{"@id":"https:\/\/teasense.ch\/it\/prodotto\/koreanischer-gruentee\/#primaryimage"},"image":{"@id":"https:\/\/teasense.ch\/it\/prodotto\/koreanischer-gruentee\/#primaryimage"},"thumbnailUrl":"https:\/\/teasense.ch\/wp-content\/uploads\/2025\/09\/korea1.png","datePublished":"2025-09-30T10:44:36+00:00","dateModified":"2026-01-04T11:11:15+00:00","description":"Koreanischer Gr\u00fcntee \u2013 mildes Aroma und harmonische Tasse. Entdecke Korea Gr\u00fcntee und weitere Gr\u00fcntees mit feinen, ausgew\u00e4hlten Bl\u00e4ttern.","breadcrumb":{"@id":"https:\/\/teasense.ch\/it\/prodotto\/koreanischer-gruentee\/#breadcrumb"},"inLanguage":"it-CH","potentialAction":[{"@type":"ReadAction","target":["https:\/\/teasense.ch\/it\/prodotto\/koreanischer-gruentee\/"]}]},{"@type":"ImageObject","inLanguage":"it-CH","@id":"https:\/\/teasense.ch\/it\/prodotto\/koreanischer-gruentee\/#primaryimage","url":"https:\/\/teasense.ch\/wp-content\/uploads\/2025\/09\/korea1.png","contentUrl":"https:\/\/teasense.ch\/wp-content\/uploads\/2025\/09\/korea1.png","width":800,"height":800,"caption":"Koreanischer Gr\u00fcntee lsoe Teebl\u00e4tter"},{"@type":"BreadcrumbList","@id":"https:\/\/teasense.ch\/it\/prodotto\/koreanischer-gruentee\/#breadcrumb","itemListElement":[{"@type":"ListItem","position":1,"name":"Startseite","item":"https:\/\/teasense.ch\/it\/startseite\/"},{"@type":"ListItem","position":2,"name":"Ordina t\u00e8 online in Svizzera","item":"https:\/\/teasense.ch\/it\/shop\/"},{"@type":"ListItem","position":3,"name":"Koreanischer Gr\u00fcntee"}]},{"@type":"WebSite","@id":"https:\/\/teasense.ch\/it\/#website","url":"https:\/\/teasense.ch\/it\/","name":"TeaSense.ch","description":"Nat\u00fcrliche Teemischungen und klassischer Tee","publisher":{"@id":"https:\/\/teasense.ch\/it\/#organization"},"alternateName":"TeaSense","potentialAction":[{"@type":"SearchAction","target":{"@type":"EntryPoint","urlTemplate":"https:\/\/teasense.ch\/it\/?s={search_term_string}"},"query-input":{"@type":"PropertyValueSpecification","valueRequired":true,"valueName":"search_term_string"}}],"inLanguage":"it-CH"},{"@type":"Organization","@id":"https:\/\/teasense.ch\/it\/#organization","name":"Reale Selection","alternateName":"TeaSense.ch","url":"https:\/\/teasense.ch\/it\/","logo":{"@type":"ImageObject","inLanguage":"it-CH","@id":"https:\/\/teasense.ch\/it\/#\/schema\/logo\/image\/","url":"https:\/\/teasense.ch\/wp-content\/uploads\/2023\/07\/cropped-logo-teasense-kategorie-onlineshop-alle-produkte.jpg","contentUrl":"https:\/\/teasense.ch\/wp-content\/uploads\/2023\/07\/cropped-logo-teasense-kategorie-onlineshop-alle-produkte.jpg","width":512,"height":512,"caption":"Reale Selection"},"image":{"@id":"https:\/\/teasense.ch\/it\/#\/schema\/logo\/image\/"},"sameAs":["https:\/\/www.facebook.com\/teasense.ch"]}]}},"jetpack-related-posts":[{"id":47219,"url":"https:\/\/teasense.ch\/it\/prodotto\/japan-genmaicha\/","url_meta":{"origin":47201,"position":0},"title":"Japan Genmaicha","author":"Reale Selection","date":"30. September 2025","format":false,"excerpt":"Zubereitung Japan Genmaicha \ud83e\udd44 12\u201315 g\/l \ud83c\udf21\ufe0f 80\u201390 \u00b0C \u23f3 1\u20132 Minuten","rel":"","context":"Similar post","block_context":{"text":"Similar post","link":""},"img":{"alt_text":"Japan Genmaicha, Gr\u00fcntee mit ger\u00f6stetem Reis, Popcorn Tee","src":"https:\/\/i0.wp.com\/teasense.ch\/wp-content\/uploads\/2025\/09\/genmaicha1.png?resize=350%2C200&ssl=1","width":350,"height":200,"srcset":"https:\/\/i0.wp.com\/teasense.ch\/wp-content\/uploads\/2025\/09\/genmaicha1.png?resize=350%2C200&ssl=1 1x, https:\/\/i0.wp.com\/teasense.ch\/wp-content\/uploads\/2025\/09\/genmaicha1.png?resize=525%2C300&ssl=1 1.5x, https:\/\/i0.wp.com\/teasense.ch\/wp-content\/uploads\/2025\/09\/genmaicha1.png?resize=700%2C400&ssl=1 2x"},"classes":[]},{"id":44280,"url":"https:\/\/teasense.ch\/it\/prodotto\/china-jasmin-gruentee\/","url_meta":{"origin":47201,"position":1},"title":"China Jasmin Gr\u00fcntee","author":"Reale Selection","date":"27. February 2025","format":false,"excerpt":"Zubereitung China Jasmin Gr\u00fcntee \ud83e\udd44 1 TL auf 200 ml Wasser \ud83c\udf21\ufe0f 75 - 80 \u00b0C \u23f3 2 - 3 Minuten ziehen lassen","rel":"","context":"Similar post","block_context":{"text":"Similar post","link":""},"img":{"alt_text":"China Jasmin Gr\u00fcntee","src":"https:\/\/i0.wp.com\/teasense.ch\/wp-content\/uploads\/2025\/02\/China-Jasmin-Gruentee.png?resize=350%2C200&ssl=1","width":350,"height":200,"srcset":"https:\/\/i0.wp.com\/teasense.ch\/wp-content\/uploads\/2025\/02\/China-Jasmin-Gruentee.png?resize=350%2C200&ssl=1 1x, https:\/\/i0.wp.com\/teasense.ch\/wp-content\/uploads\/2025\/02\/China-Jasmin-Gruentee.png?resize=525%2C300&ssl=1 1.5x, https:\/\/i0.wp.com\/teasense.ch\/wp-content\/uploads\/2025\/02\/China-Jasmin-Gruentee.png?resize=700%2C400&ssl=1 2x"},"classes":[]},{"id":44167,"url":"https:\/\/teasense.ch\/it\/prodotto\/japan-sencha-fine-gruentee\/","url_meta":{"origin":47201,"position":2},"title":"Japan Sencha Fine \u2013 Hochwertiger Gr\u00fcntee aus Japan","author":"Reale Selection","date":"25. February 2025","format":false,"excerpt":"Zubereitung Japan Sencha Fine \ud83e\udd44 1 Teel\u00f6ffel (ca. 2 g) auf 200 ml Wasser \ud83c\udf21\ufe0f 90 \u00b0C \u23f3 2 Minuten ziehen lassen Tipp\ud83d\udca1 Mehrere Aufg\u00fcsse m\u00f6glich \u2013 die Ziehzeit bei den Folgez\u00fcgen leicht variieren.","rel":"","context":"Similar post","block_context":{"text":"Similar post","link":""},"img":{"alt_text":"Japan Sencha Fine \u2013 T\u00e8 verde di alta qualit\u00e0 dal Giappone Loose Tea Shop Svizzera","src":"https:\/\/i0.wp.com\/teasense.ch\/wp-content\/uploads\/2025\/02\/Japan-Sencha-Fine-%E2%80%93-Hochwertiger-Gruentee-aus-Japan-4.png?resize=350%2C200&ssl=1","width":350,"height":200,"srcset":"https:\/\/i0.wp.com\/teasense.ch\/wp-content\/uploads\/2025\/02\/Japan-Sencha-Fine-%E2%80%93-Hochwertiger-Gruentee-aus-Japan-4.png?resize=350%2C200&ssl=1 1x, https:\/\/i0.wp.com\/teasense.ch\/wp-content\/uploads\/2025\/02\/Japan-Sencha-Fine-%E2%80%93-Hochwertiger-Gruentee-aus-Japan-4.png?resize=525%2C300&ssl=1 1.5x, https:\/\/i0.wp.com\/teasense.ch\/wp-content\/uploads\/2025\/02\/Japan-Sencha-Fine-%E2%80%93-Hochwertiger-Gruentee-aus-Japan-4.png?resize=700%2C400&ssl=1 2x"},"classes":[]},{"id":44293,"url":"https:\/\/teasense.ch\/it\/prodotto\/china-gunpowder-gruentee\/","url_meta":{"origin":47201,"position":3},"title":"China Gunpowder Gr\u00fcntee","author":"Reale Selection","date":"27. February 2025","format":false,"excerpt":"Zubereitung China Gunpowder Gr\u00fcntee \ud83e\udd44 1 TL auf 200 ml Wasser \ud83c\udf21\ufe0f 80 \u00b0C \u23f3 2 Minuten ziehen lassen","rel":"","context":"Similar post","block_context":{"text":"Similar post","link":""},"img":{"alt_text":"China Gunpowder Gr\u00fcntee Loser Tee","src":"https:\/\/i0.wp.com\/teasense.ch\/wp-content\/uploads\/2025\/02\/China-Gunpowder.png?resize=350%2C200&ssl=1","width":350,"height":200,"srcset":"https:\/\/i0.wp.com\/teasense.ch\/wp-content\/uploads\/2025\/02\/China-Gunpowder.png?resize=350%2C200&ssl=1 1x, https:\/\/i0.wp.com\/teasense.ch\/wp-content\/uploads\/2025\/02\/China-Gunpowder.png?resize=525%2C300&ssl=1 1.5x, https:\/\/i0.wp.com\/teasense.ch\/wp-content\/uploads\/2025\/02\/China-Gunpowder.png?resize=700%2C400&ssl=1 2x"},"classes":[]},{"id":46847,"url":"https:\/\/teasense.ch\/it\/prodotto\/encosta-de-bruma-azoren-gruentee\/","url_meta":{"origin":47201,"position":4},"title":"Encosta de Bruma &#8211; Azoren Gr\u00fcntee","author":"Reale Selection","date":"20. August 2025","format":false,"excerpt":"Zubereitung Encosta de Bruma \u2013 Azoren Gr\u00fcntee \ud83e\udd44 1\u20132 geh\u00e4ufte TL (ca. 2\u202fg) auf 200\u202fml Wasser\ud83c\udf21\ufe0f 75\u201380\u202f\u00b0C\u23f3 2\u20133 Minuten ziehen lassen","rel":"","context":"Similar post","block_context":{"text":"Similar post","link":""},"img":{"alt_text":"Encosta de Bruma - Azoren Gr\u00fcntee","src":"https:\/\/i0.wp.com\/teasense.ch\/wp-content\/uploads\/2025\/08\/encosta-de-bruma-azoren-gruentee.png?resize=350%2C200&ssl=1","width":350,"height":200,"srcset":"https:\/\/i0.wp.com\/teasense.ch\/wp-content\/uploads\/2025\/08\/encosta-de-bruma-azoren-gruentee.png?resize=350%2C200&ssl=1 1x, https:\/\/i0.wp.com\/teasense.ch\/wp-content\/uploads\/2025\/08\/encosta-de-bruma-azoren-gruentee.png?resize=525%2C300&ssl=1 1.5x, https:\/\/i0.wp.com\/teasense.ch\/wp-content\/uploads\/2025\/08\/encosta-de-bruma-azoren-gruentee.png?resize=700%2C400&ssl=1 2x"},"classes":[]},{"id":46858,"url":"https:\/\/teasense.ch\/it\/prodotto\/lata-de-cha-edicao-delux-gorreana-gruentee\/","url_meta":{"origin":47201,"position":5},"title":"Lata de Ch\u00e1 (Edi\u00e7\u00e3o Delux) \u2013 Gorreana Gr\u00fcntee","author":"Reale Selection","date":"20. August 2025","format":false,"excerpt":"Zubereitung Gorreana Gr\u00fcntee \ud83e\udd44 1\u20132 geh\u00e4ufte TL (ca. 2\u202fg) auf 200\u202fml Wasser \ud83c\udf21\ufe0f 75\u201380\u202f\u00b0C \u23f3 2\u20133 Minuten ziehen lassen","rel":"","context":"Similar post","block_context":{"text":"Similar post","link":""},"img":{"alt_text":"Encosta de Bruma - Premium Gr\u00fcntee aus den Azoren als Geschenk","src":"https:\/\/i0.wp.com\/teasense.ch\/wp-content\/uploads\/2025\/08\/encosta-de-bruma-premium.png?resize=350%2C200&ssl=1","width":350,"height":200,"srcset":"https:\/\/i0.wp.com\/teasense.ch\/wp-content\/uploads\/2025\/08\/encosta-de-bruma-premium.png?resize=350%2C200&ssl=1 1x, https:\/\/i0.wp.com\/teasense.ch\/wp-content\/uploads\/2025\/08\/encosta-de-bruma-premium.png?resize=525%2C300&ssl=1 1.5x, https:\/\/i0.wp.com\/teasense.ch\/wp-content\/uploads\/2025\/08\/encosta-de-bruma-premium.png?resize=700%2C400&ssl=1 2x"},"classes":[]}],"jetpack_sharing_enabled":true,"jetpack_likes_enabled":false,"_links":{"self":[{"href":"https:\/\/teasense.ch\/it\/wp-json\/wp\/v2\/product\/47201","targetHints":{"allow":["GET"]}}],"collection":[{"href":"https:\/\/teasense.ch\/it\/wp-json\/wp\/v2\/product"}],"about":[{"href":"https:\/\/teasense.ch\/it\/wp-json\/wp\/v2\/types\/product"}],"replies":[{"embeddable":true,"href":"https:\/\/teasense.ch\/it\/wp-json\/wp\/v2\/comments?post=47201"}],"wp:featuredmedia":[{"embeddable":true,"href":"https:\/\/teasense.ch\/it\/wp-json\/wp\/v2\/media\/47182"}],"wp:attachment":[{"href":"https:\/\/teasense.ch\/it\/wp-json\/wp\/v2\/media?parent=47201"}],"wp:term":[{"taxonomy":"product_brand","embeddable":true,"href":"https:\/\/teasense.ch\/it\/wp-json\/wp\/v2\/product_brand?post=47201"},{"taxonomy":"product_cat","embeddable":true,"href":"https:\/\/teasense.ch\/it\/wp-json\/wp\/v2\/product_cat?post=47201"},{"taxonomy":"product_tag","embeddable":true,"href":"https:\/\/teasense.ch\/it\/wp-json\/wp\/v2\/product_tag?post=47201"}],"curies":[{"name":"wp","href":"https:\/\/api.w.org\/{rel}","templated":true}]}}