{"id":47444,"date":"2025-11-10T20:49:13","date_gmt":"2025-11-10T19:49:13","guid":{"rendered":"https:\/\/teasense.ch\/?post_type=product&#038;p=47444"},"modified":"2025-11-10T21:10:01","modified_gmt":"2025-11-10T20:10:01","slug":"soba-cha-buchweizen-tee-baked","status":"publish","type":"product","link":"https:\/\/teasense.ch\/it\/prodotto\/soba-cha-buchweizen-tee-baked\/","title":{"rendered":"Soba Cha &#8211; Buchweizen Tee (Baked)"},"content":{"rendered":"<h2>Soba Cha &#8211; Buchweizen Tee (Baked)<\/h2>\n<p>Entdecke den mild-nussigen Geschmack von Soba Cha, dem Buchweizen Tee. Durch das Baken erh\u00e4lt er eine sanfte S\u00fcsse und ein vollmundiges Aroma, das pur oder leicht abgek\u00fchlt besonders lecker ist.<\/p>\n<p>Buchweizen ist eigentlich gar kein Getreide, sondern geh\u00f6rt zur Familie der Kn\u00f6terichgew\u00e4chse und ist daher von Natur aus glutenfrei. Sein leicht s\u00fcsslicher, nussiger Geschmack macht Soba Cha zu einer ideale Alternative zu klassischen Teesorten.<\/p>\n<h3>Zubereitung Buchweizen Tee<\/h3>\n<p>F\u00fcr die Zubereitung einfach 14 g Buchweizen Tee mit 100\u00b0C heissem Wasser \u00fcbergiessen und 2 Minuten ziehen lassen. Schon fertig \u2013 einfach, schnell und aromatisch.<\/p>\n<p>Soba Cha \u00fcberzeugt durch seinen vollmundigen, nussigen Geschmack und l\u00e4sst sich zu jeder Tageszeit geniessen. Ob warm oder kalt \u2013 dieser Tee ist ein sanfter Begleiter f\u00fcr entspannte Momente.<\/p>\n","protected":false},"excerpt":{"rendered":"<p>\ud83e\udd44 2 TL pro Tasse (14 g pro Liter)<br \/>\n\ud83c\udf21\ufe0f 100 \u00b0C<br \/>\n\u23f3 2 Minuten<\/p>\n","protected":false},"featured_media":47450,"comment_status":"open","ping_status":"closed","template":"","meta":{"_et_pb_use_builder":"","_et_pb_old_content":"","_et_gb_content_width":""},"product_brand":[],"product_cat":[74,150,19,155],"product_tag":[],"class_list":{"0":"post-47444","1":"product","2":"type-product","3":"status-publish","4":"has-post-thumbnail","6":"product_cat-alle-produkte","7":"product_cat-kraeutertee","8":"product_cat-tee","9":"product_cat-monokraeuter","10":"pa_herkunft-china","11":"pa_weight-100-g","12":"pa_weight-200-g","13":"pa_weight-400-g","14":"pa_weight-50-g","16":"first","17":"instock","18":"shipping-taxable","19":"purchasable","20":"product-type-variable","21":"has-default-attributes","22":"add-to-wishlist-before_image"},"yoast_head":"<!-- This site is optimized with the Yoast SEO plugin v27.4 - https:\/\/yoast.com\/product\/yoast-seo-wordpress\/ -->\n<title>Soba Cha - Buchweizen Tee (Baked) - TeaSense.ch - Tee Shop Schweiz<\/title>\n<meta name=\"description\" content=\"Entdecke Soba Cha, den baked Buchweizen Tee mit suesslich-nussigem Geschmack. Schnell zubereitet, vollmundig im Aroma \u2013 ideal fuer jede Tageszeit.\" \/>\n<meta name=\"robots\" content=\"index, follow, max-snippet:-1, max-image-preview:large, max-video-preview:-1\" \/>\n<link rel=\"canonical\" href=\"https:\/\/teasense.ch\/it\/prodotto\/soba-cha-buchweizen-tee-baked\/\" \/>\n<meta property=\"og:locale\" content=\"it_IT\" \/>\n<meta property=\"og:type\" content=\"article\" \/>\n<meta property=\"og:title\" content=\"Soba Cha - Buchweizen Tee (Baked) - TeaSense.ch - Tee Shop Schweiz\" \/>\n<meta property=\"og:description\" content=\"Entdecke Soba Cha, den baked Buchweizen Tee mit suesslich-nussigem Geschmack. Schnell zubereitet, vollmundig im Aroma \u2013 ideal fuer jede Tageszeit.\" \/>\n<meta property=\"og:url\" content=\"https:\/\/teasense.ch\/it\/prodotto\/soba-cha-buchweizen-tee-baked\/\" \/>\n<meta property=\"og:site_name\" content=\"TeaSense.ch - Tee Shop Schweiz\" \/>\n<meta property=\"article:publisher\" content=\"https:\/\/www.facebook.com\/teasense.ch\" \/>\n<meta property=\"article:modified_time\" content=\"2025-11-10T20:10:01+00:00\" \/>\n<meta property=\"og:image\" content=\"https:\/\/teasense.ch\/wp-content\/uploads\/2025\/11\/buchweizen.png\" \/>\n\t<meta property=\"og:image:width\" content=\"800\" \/>\n\t<meta property=\"og:image:height\" content=\"800\" \/>\n\t<meta property=\"og:image:type\" content=\"image\/png\" \/>\n<meta name=\"twitter:card\" content=\"summary_large_image\" \/>\n<meta name=\"twitter:label1\" content=\"Est. reading time\" \/>\n\t<meta name=\"twitter:data1\" content=\"1 minute\" \/>\n<!-- \/ Yoast SEO plugin. -->","yoast_head_json":{"title":"Soba Cha - Buchweizen Tee (Baked) - TeaSense.ch - Tee Shop Schweiz","description":"Entdecke Soba Cha, den baked Buchweizen Tee mit suesslich-nussigem Geschmack. Schnell zubereitet, vollmundig im Aroma \u2013 ideal fuer jede Tageszeit.","robots":{"index":"index","follow":"follow","max-snippet":"max-snippet:-1","max-image-preview":"max-image-preview:large","max-video-preview":"max-video-preview:-1"},"canonical":"https:\/\/teasense.ch\/it\/prodotto\/soba-cha-buchweizen-tee-baked\/","og_locale":"it_IT","og_type":"article","og_title":"Soba Cha - Buchweizen Tee (Baked) - TeaSense.ch - Tee Shop Schweiz","og_description":"Entdecke Soba Cha, den baked Buchweizen Tee mit suesslich-nussigem Geschmack. Schnell zubereitet, vollmundig im Aroma \u2013 ideal fuer jede Tageszeit.","og_url":"https:\/\/teasense.ch\/it\/prodotto\/soba-cha-buchweizen-tee-baked\/","og_site_name":"TeaSense.ch - Tee Shop Schweiz","article_publisher":"https:\/\/www.facebook.com\/teasense.ch","article_modified_time":"2025-11-10T20:10:01+00:00","og_image":[{"width":800,"height":800,"url":"https:\/\/teasense.ch\/wp-content\/uploads\/2025\/11\/buchweizen.png","type":"image\/png"}],"twitter_card":"summary_large_image","twitter_misc":{"Est. reading time":"1 minute"},"schema":{"@context":"https:\/\/schema.org","@graph":[{"@type":"WebPage","@id":"https:\/\/teasense.ch\/it\/prodotto\/soba-cha-buchweizen-tee-baked\/","url":"https:\/\/teasense.ch\/it\/prodotto\/soba-cha-buchweizen-tee-baked\/","name":"Soba Cha - Buchweizen Tee (Baked) - TeaSense.ch - Tee Shop Schweiz","isPartOf":{"@id":"https:\/\/teasense.ch\/it\/#website"},"primaryImageOfPage":{"@id":"https:\/\/teasense.ch\/it\/prodotto\/soba-cha-buchweizen-tee-baked\/#primaryimage"},"image":{"@id":"https:\/\/teasense.ch\/it\/prodotto\/soba-cha-buchweizen-tee-baked\/#primaryimage"},"thumbnailUrl":"https:\/\/teasense.ch\/wp-content\/uploads\/2025\/11\/buchweizen.png","datePublished":"2025-11-10T19:49:13+00:00","dateModified":"2025-11-10T20:10:01+00:00","description":"Entdecke Soba Cha, den baked Buchweizen Tee mit suesslich-nussigem Geschmack. Schnell zubereitet, vollmundig im Aroma \u2013 ideal fuer jede Tageszeit.","breadcrumb":{"@id":"https:\/\/teasense.ch\/it\/prodotto\/soba-cha-buchweizen-tee-baked\/#breadcrumb"},"inLanguage":"it-CH","potentialAction":[{"@type":"ReadAction","target":["https:\/\/teasense.ch\/it\/prodotto\/soba-cha-buchweizen-tee-baked\/"]}]},{"@type":"ImageObject","inLanguage":"it-CH","@id":"https:\/\/teasense.ch\/it\/prodotto\/soba-cha-buchweizen-tee-baked\/#primaryimage","url":"https:\/\/teasense.ch\/wp-content\/uploads\/2025\/11\/buchweizen.png","contentUrl":"https:\/\/teasense.ch\/wp-content\/uploads\/2025\/11\/buchweizen.png","width":800,"height":800,"caption":"Soba Cha \u2013 gebackener Buchweizen Tee"},{"@type":"BreadcrumbList","@id":"https:\/\/teasense.ch\/it\/prodotto\/soba-cha-buchweizen-tee-baked\/#breadcrumb","itemListElement":[{"@type":"ListItem","position":1,"name":"Startseite","item":"https:\/\/teasense.ch\/it\/startseite\/"},{"@type":"ListItem","position":2,"name":"Ordina t\u00e8 online in Svizzera","item":"https:\/\/teasense.ch\/it\/shop\/"},{"@type":"ListItem","position":3,"name":"Soba Cha &#8211; Buchweizen Tee (Baked)"}]},{"@type":"WebSite","@id":"https:\/\/teasense.ch\/it\/#website","url":"https:\/\/teasense.ch\/it\/","name":"TeaSense.ch","description":"Nat\u00fcrliche Teemischungen und klassischer Tee","publisher":{"@id":"https:\/\/teasense.ch\/it\/#organization"},"alternateName":"TeaSense","potentialAction":[{"@type":"SearchAction","target":{"@type":"EntryPoint","urlTemplate":"https:\/\/teasense.ch\/it\/?s={search_term_string}"},"query-input":{"@type":"PropertyValueSpecification","valueRequired":true,"valueName":"search_term_string"}}],"inLanguage":"it-CH"},{"@type":"Organization","@id":"https:\/\/teasense.ch\/it\/#organization","name":"Reale Selection","alternateName":"TeaSense.ch","url":"https:\/\/teasense.ch\/it\/","logo":{"@type":"ImageObject","inLanguage":"it-CH","@id":"https:\/\/teasense.ch\/it\/#\/schema\/logo\/image\/","url":"https:\/\/teasense.ch\/wp-content\/uploads\/2023\/07\/cropped-logo-teasense-kategorie-onlineshop-alle-produkte.jpg","contentUrl":"https:\/\/teasense.ch\/wp-content\/uploads\/2023\/07\/cropped-logo-teasense-kategorie-onlineshop-alle-produkte.jpg","width":512,"height":512,"caption":"Reale Selection"},"image":{"@id":"https:\/\/teasense.ch\/it\/#\/schema\/logo\/image\/"},"sameAs":["https:\/\/www.facebook.com\/teasense.ch"]}]}},"jetpack-related-posts":[{"id":46967,"url":"https:\/\/teasense.ch\/it\/prodotto\/sho-cha-matcha-nr-1\/","url_meta":{"origin":47444,"position":0},"title":"SHO CHA Matcha Nr. 1","author":"Reale Selection","date":"31. August 2025","format":false,"excerpt":"\u2696\ufe0f 30\u202fGramm \ud83d\udc9a Matcha aus Shizuoka \u2b50 Great Taste Awards 2024 \ud83c\udf3f Vollmundig, s\u00fcsslich-w\u00fcrzig","rel":"","context":"Similar post","block_context":{"text":"Similar post","link":""},"img":{"alt_text":"Sho Cha Matcha Nr. 1 Japan 30g","src":"https:\/\/i0.wp.com\/teasense.ch\/wp-content\/uploads\/2025\/08\/sho-cha-matcha-nr.-1-japan-30g.png?resize=350%2C200&ssl=1","width":350,"height":200,"srcset":"https:\/\/i0.wp.com\/teasense.ch\/wp-content\/uploads\/2025\/08\/sho-cha-matcha-nr.-1-japan-30g.png?resize=350%2C200&ssl=1 1x, https:\/\/i0.wp.com\/teasense.ch\/wp-content\/uploads\/2025\/08\/sho-cha-matcha-nr.-1-japan-30g.png?resize=525%2C300&ssl=1 1.5x, https:\/\/i0.wp.com\/teasense.ch\/wp-content\/uploads\/2025\/08\/sho-cha-matcha-nr.-1-japan-30g.png?resize=700%2C400&ssl=1 2x"},"classes":[]},{"id":43056,"url":"https:\/\/teasense.ch\/it\/prodotto\/orange-pekoe\/","url_meta":{"origin":47444,"position":1},"title":"Orange Pekoe","author":"Reale Selection","date":"13. September 2024","format":false,"excerpt":"Schwarzer Tee aus den Azoren (Portugal) Zubereitung Ch\u00e1 Gorreana Orange Pekoe \ud83e\udd44 1 geh\u00e4ufter TL (ca. 2 g) auf 200 ml Wasser\ud83c\udf21\ufe0f 90 \u2013 95 \u00b0C\u23f3 3 \u2013 5 Minuten ziehen lassen","rel":"","context":"Similar post","block_context":{"text":"Similar post","link":""},"img":{"alt_text":"acores-orange-pekoe-loose-leaf-100g","src":"https:\/\/i0.wp.com\/teasense.ch\/wp-content\/uploads\/2024\/09\/acores-orange-pekoe-loose-leaf-100g.png?resize=350%2C200&ssl=1","width":350,"height":200,"srcset":"https:\/\/i0.wp.com\/teasense.ch\/wp-content\/uploads\/2024\/09\/acores-orange-pekoe-loose-leaf-100g.png?resize=350%2C200&ssl=1 1x, https:\/\/i0.wp.com\/teasense.ch\/wp-content\/uploads\/2024\/09\/acores-orange-pekoe-loose-leaf-100g.png?resize=525%2C300&ssl=1 1.5x, https:\/\/i0.wp.com\/teasense.ch\/wp-content\/uploads\/2024\/09\/acores-orange-pekoe-loose-leaf-100g.png?resize=700%2C400&ssl=1 2x"},"classes":[]},{"id":43045,"url":"https:\/\/teasense.ch\/it\/prodotto\/hysson\/","url_meta":{"origin":47444,"position":2},"title":"Hysson","author":"Reale Selection","date":"13. September 2024","format":false,"excerpt":"Gr\u00fcner Tee aus den Azoren (Portugal) 100 Gramm in Originalverpackung Zubereitung Hysson Gr\u00fcntee \ud83e\udd44 1 Teel\u00f6ffel (ca. 2 g) pro Tasse \ud83c\udf21\ufe0f 80\u201385 \u00b0C \u23f3 2\u20133 Minuten","rel":"","context":"Similar post","block_context":{"text":"Similar post","link":""},"img":{"alt_text":"Ch\u00e1 Gorreana Verde Hysson","src":"https:\/\/i0.wp.com\/teasense.ch\/wp-content\/uploads\/2024\/09\/acores-hysson-loose-leaf-100g.png?resize=350%2C200&ssl=1","width":350,"height":200,"srcset":"https:\/\/i0.wp.com\/teasense.ch\/wp-content\/uploads\/2024\/09\/acores-hysson-loose-leaf-100g.png?resize=350%2C200&ssl=1 1x, https:\/\/i0.wp.com\/teasense.ch\/wp-content\/uploads\/2024\/09\/acores-hysson-loose-leaf-100g.png?resize=525%2C300&ssl=1 1.5x, https:\/\/i0.wp.com\/teasense.ch\/wp-content\/uploads\/2024\/09\/acores-hysson-loose-leaf-100g.png?resize=700%2C400&ssl=1 2x"},"classes":[]},{"id":46858,"url":"https:\/\/teasense.ch\/it\/prodotto\/lata-de-cha-edicao-delux-gorreana-gruentee\/","url_meta":{"origin":47444,"position":3},"title":"Lata de Ch\u00e1 (Edi\u00e7\u00e3o Delux) \u2013 Gorreana Gr\u00fcntee","author":"Reale Selection","date":"20. August 2025","format":false,"excerpt":"Zubereitung Gorreana Gr\u00fcntee \ud83e\udd44 1\u20132 geh\u00e4ufte TL (ca. 2\u202fg) auf 200\u202fml Wasser \ud83c\udf21\ufe0f 75\u201380\u202f\u00b0C \u23f3 2\u20133 Minuten ziehen lassen","rel":"","context":"Similar post","block_context":{"text":"Similar post","link":""},"img":{"alt_text":"Encosta de Bruma - Premium Gr\u00fcntee aus den Azoren als Geschenk","src":"https:\/\/i0.wp.com\/teasense.ch\/wp-content\/uploads\/2025\/08\/encosta-de-bruma-premium.png?resize=350%2C200&ssl=1","width":350,"height":200,"srcset":"https:\/\/i0.wp.com\/teasense.ch\/wp-content\/uploads\/2025\/08\/encosta-de-bruma-premium.png?resize=350%2C200&ssl=1 1x, https:\/\/i0.wp.com\/teasense.ch\/wp-content\/uploads\/2025\/08\/encosta-de-bruma-premium.png?resize=525%2C300&ssl=1 1.5x, https:\/\/i0.wp.com\/teasense.ch\/wp-content\/uploads\/2025\/08\/encosta-de-bruma-premium.png?resize=700%2C400&ssl=1 2x"},"classes":[]},{"id":47279,"url":"https:\/\/teasense.ch\/it\/prodotto\/china-pu-erh-tee\/","url_meta":{"origin":47444,"position":4},"title":"China Pu Erh Tee","author":"Reale Selection","date":"13. October 2025","format":false,"excerpt":"Zubereitung China Pu Erh Tee (Westliche Methode) \ud83e\udd44 1 Teel\u00f6ffel auf 200 ml Wasser \ud83c\udf21\ufe0f 95 \u00b0C \u23f3 2-4 Minuten ziehen lassen","rel":"","context":"Similar post","block_context":{"text":"Similar post","link":""},"img":{"alt_text":"China Pu Erh Tee Fermentierter Schwarztee aus Yunnan","src":"https:\/\/i0.wp.com\/teasense.ch\/wp-content\/uploads\/2025\/10\/china-pu-erh-tee.png?resize=350%2C200&ssl=1","width":350,"height":200,"srcset":"https:\/\/i0.wp.com\/teasense.ch\/wp-content\/uploads\/2025\/10\/china-pu-erh-tee.png?resize=350%2C200&ssl=1 1x, https:\/\/i0.wp.com\/teasense.ch\/wp-content\/uploads\/2025\/10\/china-pu-erh-tee.png?resize=525%2C300&ssl=1 1.5x, https:\/\/i0.wp.com\/teasense.ch\/wp-content\/uploads\/2025\/10\/china-pu-erh-tee.png?resize=700%2C400&ssl=1 2x"},"classes":[]},{"id":46847,"url":"https:\/\/teasense.ch\/it\/prodotto\/encosta-de-bruma-azoren-gruentee\/","url_meta":{"origin":47444,"position":5},"title":"Encosta de Bruma &#8211; Azoren Gr\u00fcntee","author":"Reale Selection","date":"20. August 2025","format":false,"excerpt":"Zubereitung Encosta de Bruma \u2013 Azoren Gr\u00fcntee \ud83e\udd44 1\u20132 geh\u00e4ufte TL (ca. 2\u202fg) auf 200\u202fml Wasser\ud83c\udf21\ufe0f 75\u201380\u202f\u00b0C\u23f3 2\u20133 Minuten ziehen lassen","rel":"","context":"Similar post","block_context":{"text":"Similar post","link":""},"img":{"alt_text":"Encosta de Bruma - Azoren Gr\u00fcntee","src":"https:\/\/i0.wp.com\/teasense.ch\/wp-content\/uploads\/2025\/08\/encosta-de-bruma-azoren-gruentee.png?resize=350%2C200&ssl=1","width":350,"height":200,"srcset":"https:\/\/i0.wp.com\/teasense.ch\/wp-content\/uploads\/2025\/08\/encosta-de-bruma-azoren-gruentee.png?resize=350%2C200&ssl=1 1x, https:\/\/i0.wp.com\/teasense.ch\/wp-content\/uploads\/2025\/08\/encosta-de-bruma-azoren-gruentee.png?resize=525%2C300&ssl=1 1.5x, https:\/\/i0.wp.com\/teasense.ch\/wp-content\/uploads\/2025\/08\/encosta-de-bruma-azoren-gruentee.png?resize=700%2C400&ssl=1 2x"},"classes":[]}],"jetpack_sharing_enabled":true,"jetpack_likes_enabled":false,"_links":{"self":[{"href":"https:\/\/teasense.ch\/it\/wp-json\/wp\/v2\/product\/47444","targetHints":{"allow":["GET"]}}],"collection":[{"href":"https:\/\/teasense.ch\/it\/wp-json\/wp\/v2\/product"}],"about":[{"href":"https:\/\/teasense.ch\/it\/wp-json\/wp\/v2\/types\/product"}],"replies":[{"embeddable":true,"href":"https:\/\/teasense.ch\/it\/wp-json\/wp\/v2\/comments?post=47444"}],"wp:featuredmedia":[{"embeddable":true,"href":"https:\/\/teasense.ch\/it\/wp-json\/wp\/v2\/media\/47450"}],"wp:attachment":[{"href":"https:\/\/teasense.ch\/it\/wp-json\/wp\/v2\/media?parent=47444"}],"wp:term":[{"taxonomy":"product_brand","embeddable":true,"href":"https:\/\/teasense.ch\/it\/wp-json\/wp\/v2\/product_brand?post=47444"},{"taxonomy":"product_cat","embeddable":true,"href":"https:\/\/teasense.ch\/it\/wp-json\/wp\/v2\/product_cat?post=47444"},{"taxonomy":"product_tag","embeddable":true,"href":"https:\/\/teasense.ch\/it\/wp-json\/wp\/v2\/product_tag?post=47444"}],"curies":[{"name":"wp","href":"https:\/\/api.w.org\/{rel}","templated":true}]}}