{"id":47464,"date":"2025-11-11T15:47:27","date_gmt":"2025-11-11T14:47:27","guid":{"rendered":"https:\/\/teasense.ch\/?post_type=product&#038;p=47464"},"modified":"2025-11-11T15:56:39","modified_gmt":"2025-11-11T14:56:39","slug":"matcha-schale-mit-ausguss","status":"publish","type":"product","link":"https:\/\/teasense.ch\/it\/prodotto\/matcha-schale-mit-ausguss\/","title":{"rendered":"Matcha Schale mit Ausguss"},"content":{"rendered":"<h2>Japanisches Matcha-Gef\u00fchl f\u00fcr zu Hause<\/h2>\n<p>Mit dieser edlen Matcha-Schale aus weissem Porzellan gelingt dir das Zubereiten deines Matchas stilvoll und entspannt.<br \/>\nDie schlichte, helle Farbe bringt das kr\u00e4ftige Gr\u00fcn des Matcha-Tees besonders sch\u00f6n zur Geltung \u2013 perfekt f\u00fcr alle, die die ruhige \u00c4sthetik japanischer Teekultur lieben.<\/p>\n<h3>Praktischer Ausguss f\u00fcr pr\u00e4zises Servieren<\/h3>\n<p>Dank des integrierten Ausgusses kannst du deinen aufgeschlagenen Matcha m\u00fchelos und tropffrei in eine Tasse oder ein Glas giessen.<br \/>\nIdeal auch, wenn du Matcha zum Kochen oder Backen verwendest \u2013 kein Versch\u00fctten, kein Tropfen.<\/p>\n<p>Die Schale liegt angenehm in der Hand und bietet mit einem Fassungsverm\u00f6gen von 350 ml gen\u00fcgend Platz, um Matcha mit dem Bambusbesen (<a href=\"https:\/\/teasense.ch\/produkt\/chasen-matcha-besen\/\">Chasen<\/a>) cremig aufzuschlagen. Porzellan ist robust und pflegeleicht.<\/p>\n<h3>Schale mit Ausguss f\u00fcr Matcha<\/h3>\n<p>Kombiniere die Schale mit unserem hochwertigen <a href=\"https:\/\/teasense.ch\/produkt\/matcha-vivant\/\">Matcha-Tee<\/a> f\u00fcr ein authentisches Matcha-Erlebnis zu Hause.<\/p>\n<p>Produktdetails:<\/p>\n<ul>\n<li>Material: Porzellan (weiss)<\/li>\n<li>Mit praktischem Ausguss<\/li>\n<li>Fassungsverm\u00f6gen: ca. 350 ml<\/li>\n<li>Masse: \u00d8 120 mm, H\u00f6he 62 mm<\/li>\n<\/ul>\n","protected":false},"excerpt":{"rendered":"<p>Aus Porzellan, weiss, 350 ml \u2013 ideal zum Aufschlagen und Ausgiessen von Matcha.<\/p>\n","protected":false},"featured_media":47465,"comment_status":"open","ping_status":"closed","template":"","meta":{"_et_pb_use_builder":"","_et_pb_old_content":"","_et_gb_content_width":""},"product_brand":[],"product_cat":[74,63,79],"product_tag":[],"class_list":{"0":"post-47464","1":"product","2":"type-product","3":"status-publish","4":"has-post-thumbnail","6":"product_cat-alle-produkte","7":"product_cat-matcha","8":"product_cat-teezubehoer","10":"first","11":"instock","12":"shipping-taxable","13":"purchasable","14":"product-type-simple","15":"add-to-wishlist-before_image"},"yoast_head":"<!-- This site is optimized with the Yoast SEO plugin v27.4 - https:\/\/yoast.com\/product\/yoast-seo-wordpress\/ -->\n<title>Matcha Schale mit Ausguss - TeaSense.ch - Tee Shop Schweiz<\/title>\n<meta name=\"description\" content=\"Weisse Porzellan Matcha Schale mit Ausguss, 350 ml \u2013 ideal zum Aufschlagen und Ausgiessen von Matcha. Robust, schlicht und pflegeleicht.\" \/>\n<meta name=\"robots\" content=\"index, follow, max-snippet:-1, max-image-preview:large, max-video-preview:-1\" \/>\n<link rel=\"canonical\" href=\"https:\/\/teasense.ch\/it\/prodotto\/matcha-schale-mit-ausguss\/\" \/>\n<meta property=\"og:locale\" content=\"it_IT\" \/>\n<meta property=\"og:type\" content=\"article\" \/>\n<meta property=\"og:title\" content=\"Matcha Schale mit Ausguss - TeaSense.ch - Tee Shop Schweiz\" \/>\n<meta property=\"og:description\" content=\"Weisse Porzellan Matcha Schale mit Ausguss, 350 ml \u2013 ideal zum Aufschlagen und Ausgiessen von Matcha. Robust, schlicht und pflegeleicht.\" \/>\n<meta property=\"og:url\" content=\"https:\/\/teasense.ch\/it\/prodotto\/matcha-schale-mit-ausguss\/\" \/>\n<meta property=\"og:site_name\" content=\"TeaSense.ch - Tee Shop Schweiz\" \/>\n<meta property=\"article:publisher\" content=\"https:\/\/www.facebook.com\/teasense.ch\" \/>\n<meta property=\"article:modified_time\" content=\"2025-11-11T14:56:39+00:00\" \/>\n<meta property=\"og:image\" content=\"https:\/\/teasense.ch\/wp-content\/uploads\/2025\/11\/matcha-schale-aus-porzellan-mit-ausguss.png\" \/>\n\t<meta property=\"og:image:width\" content=\"800\" \/>\n\t<meta property=\"og:image:height\" content=\"800\" \/>\n\t<meta property=\"og:image:type\" content=\"image\/png\" \/>\n<meta name=\"twitter:card\" content=\"summary_large_image\" \/>\n<meta name=\"twitter:label1\" content=\"Est. reading time\" \/>\n\t<meta name=\"twitter:data1\" content=\"2 minutes\" \/>\n<!-- \/ Yoast SEO plugin. -->","yoast_head_json":{"title":"Matcha Schale mit Ausguss - TeaSense.ch - Tee Shop Schweiz","description":"Weisse Porzellan Matcha Schale mit Ausguss, 350 ml \u2013 ideal zum Aufschlagen und Ausgiessen von Matcha. Robust, schlicht und pflegeleicht.","robots":{"index":"index","follow":"follow","max-snippet":"max-snippet:-1","max-image-preview":"max-image-preview:large","max-video-preview":"max-video-preview:-1"},"canonical":"https:\/\/teasense.ch\/it\/prodotto\/matcha-schale-mit-ausguss\/","og_locale":"it_IT","og_type":"article","og_title":"Matcha Schale mit Ausguss - TeaSense.ch - Tee Shop Schweiz","og_description":"Weisse Porzellan Matcha Schale mit Ausguss, 350 ml \u2013 ideal zum Aufschlagen und Ausgiessen von Matcha. Robust, schlicht und pflegeleicht.","og_url":"https:\/\/teasense.ch\/it\/prodotto\/matcha-schale-mit-ausguss\/","og_site_name":"TeaSense.ch - Tee Shop Schweiz","article_publisher":"https:\/\/www.facebook.com\/teasense.ch","article_modified_time":"2025-11-11T14:56:39+00:00","og_image":[{"width":800,"height":800,"url":"https:\/\/teasense.ch\/wp-content\/uploads\/2025\/11\/matcha-schale-aus-porzellan-mit-ausguss.png","type":"image\/png"}],"twitter_card":"summary_large_image","twitter_misc":{"Est. reading time":"2 minutes"},"schema":{"@context":"https:\/\/schema.org","@graph":[{"@type":"WebPage","@id":"https:\/\/teasense.ch\/it\/prodotto\/matcha-schale-mit-ausguss\/","url":"https:\/\/teasense.ch\/it\/prodotto\/matcha-schale-mit-ausguss\/","name":"Matcha Schale mit Ausguss - TeaSense.ch - Tee Shop Schweiz","isPartOf":{"@id":"https:\/\/teasense.ch\/it\/#website"},"primaryImageOfPage":{"@id":"https:\/\/teasense.ch\/it\/prodotto\/matcha-schale-mit-ausguss\/#primaryimage"},"image":{"@id":"https:\/\/teasense.ch\/it\/prodotto\/matcha-schale-mit-ausguss\/#primaryimage"},"thumbnailUrl":"https:\/\/teasense.ch\/wp-content\/uploads\/2025\/11\/matcha-schale-aus-porzellan-mit-ausguss.png","datePublished":"2025-11-11T14:47:27+00:00","dateModified":"2025-11-11T14:56:39+00:00","description":"Weisse Porzellan Matcha Schale mit Ausguss, 350 ml \u2013 ideal zum Aufschlagen und Ausgiessen von Matcha. Robust, schlicht und pflegeleicht.","breadcrumb":{"@id":"https:\/\/teasense.ch\/it\/prodotto\/matcha-schale-mit-ausguss\/#breadcrumb"},"inLanguage":"it-CH","potentialAction":[{"@type":"ReadAction","target":["https:\/\/teasense.ch\/it\/prodotto\/matcha-schale-mit-ausguss\/"]}]},{"@type":"ImageObject","inLanguage":"it-CH","@id":"https:\/\/teasense.ch\/it\/prodotto\/matcha-schale-mit-ausguss\/#primaryimage","url":"https:\/\/teasense.ch\/wp-content\/uploads\/2025\/11\/matcha-schale-aus-porzellan-mit-ausguss.png","contentUrl":"https:\/\/teasense.ch\/wp-content\/uploads\/2025\/11\/matcha-schale-aus-porzellan-mit-ausguss.png","width":800,"height":800,"caption":"Matcha-Schale aus Porzellan mit Ausguss weiss"},{"@type":"BreadcrumbList","@id":"https:\/\/teasense.ch\/it\/prodotto\/matcha-schale-mit-ausguss\/#breadcrumb","itemListElement":[{"@type":"ListItem","position":1,"name":"Startseite","item":"https:\/\/teasense.ch\/it\/startseite\/"},{"@type":"ListItem","position":2,"name":"Ordina t\u00e8 online in Svizzera","item":"https:\/\/teasense.ch\/it\/shop\/"},{"@type":"ListItem","position":3,"name":"Matcha Schale mit Ausguss"}]},{"@type":"WebSite","@id":"https:\/\/teasense.ch\/it\/#website","url":"https:\/\/teasense.ch\/it\/","name":"TeaSense.ch","description":"Nat\u00fcrliche Teemischungen und klassischer Tee","publisher":{"@id":"https:\/\/teasense.ch\/it\/#organization"},"alternateName":"TeaSense","potentialAction":[{"@type":"SearchAction","target":{"@type":"EntryPoint","urlTemplate":"https:\/\/teasense.ch\/it\/?s={search_term_string}"},"query-input":{"@type":"PropertyValueSpecification","valueRequired":true,"valueName":"search_term_string"}}],"inLanguage":"it-CH"},{"@type":"Organization","@id":"https:\/\/teasense.ch\/it\/#organization","name":"Reale Selection","alternateName":"TeaSense.ch","url":"https:\/\/teasense.ch\/it\/","logo":{"@type":"ImageObject","inLanguage":"it-CH","@id":"https:\/\/teasense.ch\/it\/#\/schema\/logo\/image\/","url":"https:\/\/teasense.ch\/wp-content\/uploads\/2023\/07\/cropped-logo-teasense-kategorie-onlineshop-alle-produkte.jpg","contentUrl":"https:\/\/teasense.ch\/wp-content\/uploads\/2023\/07\/cropped-logo-teasense-kategorie-onlineshop-alle-produkte.jpg","width":512,"height":512,"caption":"Reale Selection"},"image":{"@id":"https:\/\/teasense.ch\/it\/#\/schema\/logo\/image\/"},"sameAs":["https:\/\/www.facebook.com\/teasense.ch"]}]}},"jetpack-related-posts":[{"id":47474,"url":"https:\/\/teasense.ch\/it\/prodotto\/matcha-bambusbesenhalter-weiss\/","url_meta":{"origin":47464,"position":0},"title":"Matcha Bambusbesenhalter Weiss","author":"Reale Selection","date":"13. November 2025","format":false,"excerpt":"Porzellan Matcha-Besenhalter Passendes Zubeh\u00f6r zu unserem Matcha Vivant.","rel":"","context":"Similar post","block_context":{"text":"Similar post","link":""},"img":{"alt_text":"Matcha Bambusbesenhalter Weiss aus Porzellan f\u00fcr Chasen Matchabesen","src":"https:\/\/i0.wp.com\/teasense.ch\/wp-content\/uploads\/2025\/11\/produktfoto-1.png?resize=350%2C200&ssl=1","width":350,"height":200,"srcset":"https:\/\/i0.wp.com\/teasense.ch\/wp-content\/uploads\/2025\/11\/produktfoto-1.png?resize=350%2C200&ssl=1 1x, https:\/\/i0.wp.com\/teasense.ch\/wp-content\/uploads\/2025\/11\/produktfoto-1.png?resize=525%2C300&ssl=1 1.5x, https:\/\/i0.wp.com\/teasense.ch\/wp-content\/uploads\/2025\/11\/produktfoto-1.png?resize=700%2C400&ssl=1 2x"},"classes":[]},{"id":43194,"url":"https:\/\/teasense.ch\/it\/prodotto\/matcha-bambusbesenhalter-schwarz\/","url_meta":{"origin":47464,"position":1},"title":"Matcha Bambusbesenhalter Schwarz","author":"Reale Selection","date":"22. October 2024","format":false,"excerpt":"Matcha Besen Halter zur Aufbewahrung Passendes Zubeh\u00f6r zu unserem Matcha Vivant.","rel":"","context":"Similar post","block_context":{"text":"Similar post","link":""},"img":{"alt_text":"Bambusbesenhalter weisser Hintergrund","src":"https:\/\/i0.wp.com\/teasense.ch\/wp-content\/uploads\/2024\/10\/bambusbesenhalter-weisser-hintergrund.png?resize=350%2C200&ssl=1","width":350,"height":200,"srcset":"https:\/\/i0.wp.com\/teasense.ch\/wp-content\/uploads\/2024\/10\/bambusbesenhalter-weisser-hintergrund.png?resize=350%2C200&ssl=1 1x, https:\/\/i0.wp.com\/teasense.ch\/wp-content\/uploads\/2024\/10\/bambusbesenhalter-weisser-hintergrund.png?resize=525%2C300&ssl=1 1.5x, https:\/\/i0.wp.com\/teasense.ch\/wp-content\/uploads\/2024\/10\/bambusbesenhalter-weisser-hintergrund.png?resize=700%2C400&ssl=1 2x"},"classes":[]},{"id":33118,"url":"https:\/\/teasense.ch\/it\/prodotto\/chasen-matcha-besen\/","url_meta":{"origin":47464,"position":2},"title":"Chasen &#8211; Matcha Besen","author":"Reale Selection","date":"29. June 2023","format":false,"excerpt":"Matcha Bambusbesen","rel":"","context":"Similar post","block_context":{"text":"Similar post","link":""},"img":{"alt_text":"Matcha Besen Chasen mit Matcha Pulver auf L\u00f6ffel","src":"https:\/\/i0.wp.com\/teasense.ch\/wp-content\/uploads\/2023\/07\/matcha-besen-teasense.jpg?resize=350%2C200&ssl=1","width":350,"height":200,"srcset":"https:\/\/i0.wp.com\/teasense.ch\/wp-content\/uploads\/2023\/07\/matcha-besen-teasense.jpg?resize=350%2C200&ssl=1 1x, https:\/\/i0.wp.com\/teasense.ch\/wp-content\/uploads\/2023\/07\/matcha-besen-teasense.jpg?resize=525%2C300&ssl=1 1.5x, https:\/\/i0.wp.com\/teasense.ch\/wp-content\/uploads\/2023\/07\/matcha-besen-teasense.jpg?resize=700%2C400&ssl=1 2x"},"classes":[]},{"id":36408,"url":"https:\/\/teasense.ch\/it\/prodotto\/matcha-vivant\/","url_meta":{"origin":47464,"position":3},"title":"Matcha Vivant","author":"Reale Selection","date":"30. August 2023","format":false,"excerpt":"Zubereitung Matcha Vivant \ud83e\udd44 1\/2 Teel\u00f6ffel oder 1 Matcha L\u00f6ffel \ud83c\udf21\ufe0f 60\u201370 \u00b0C \u23f3 \u00a02-3 Minuten","rel":"","context":"Similar post","block_context":{"text":"Similar post","link":""},"img":{"alt_text":"Matcha Pulver auf L\u00f6ffel mit Spruch I love you so matcha","src":"https:\/\/i0.wp.com\/teasense.ch\/wp-content\/uploads\/2023\/08\/produktfoto-matcha-mit-spruch.jpg?resize=350%2C200&ssl=1","width":350,"height":200,"srcset":"https:\/\/i0.wp.com\/teasense.ch\/wp-content\/uploads\/2023\/08\/produktfoto-matcha-mit-spruch.jpg?resize=350%2C200&ssl=1 1x, https:\/\/i0.wp.com\/teasense.ch\/wp-content\/uploads\/2023\/08\/produktfoto-matcha-mit-spruch.jpg?resize=525%2C300&ssl=1 1.5x, https:\/\/i0.wp.com\/teasense.ch\/wp-content\/uploads\/2023\/08\/produktfoto-matcha-mit-spruch.jpg?resize=700%2C400&ssl=1 2x"},"classes":[]},{"id":43203,"url":"https:\/\/teasense.ch\/it\/prodotto\/matcha-bambusbesen-griff\/","url_meta":{"origin":47464,"position":4},"title":"Matcha-Bambusbesen mit langem Griff","author":"Reale Selection","date":"22. October 2024","format":false,"excerpt":"Chasen","rel":"","context":"Similar post","block_context":{"text":"Similar post","link":""},"img":{"alt_text":"Bambusbesen mit langem Griff","src":"https:\/\/i0.wp.com\/teasense.ch\/wp-content\/uploads\/2024\/10\/bambusbesen-griff-zusammen.png?resize=350%2C200&ssl=1","width":350,"height":200,"srcset":"https:\/\/i0.wp.com\/teasense.ch\/wp-content\/uploads\/2024\/10\/bambusbesen-griff-zusammen.png?resize=350%2C200&ssl=1 1x, https:\/\/i0.wp.com\/teasense.ch\/wp-content\/uploads\/2024\/10\/bambusbesen-griff-zusammen.png?resize=525%2C300&ssl=1 1.5x, https:\/\/i0.wp.com\/teasense.ch\/wp-content\/uploads\/2024\/10\/bambusbesen-griff-zusammen.png?resize=700%2C400&ssl=1 2x"},"classes":[]},{"id":46967,"url":"https:\/\/teasense.ch\/it\/prodotto\/sho-cha-matcha-nr-1\/","url_meta":{"origin":47464,"position":5},"title":"SHO CHA Matcha Nr. 1","author":"Reale Selection","date":"31. August 2025","format":false,"excerpt":"\u2696\ufe0f 30\u202fGramm \ud83d\udc9a Matcha aus Shizuoka \u2b50 Great Taste Awards 2024 \ud83c\udf3f Vollmundig, s\u00fcsslich-w\u00fcrzig","rel":"","context":"Similar post","block_context":{"text":"Similar post","link":""},"img":{"alt_text":"Sho Cha Matcha Nr. 1 Japan 30g","src":"https:\/\/i0.wp.com\/teasense.ch\/wp-content\/uploads\/2025\/08\/sho-cha-matcha-nr.-1-japan-30g.png?resize=350%2C200&ssl=1","width":350,"height":200,"srcset":"https:\/\/i0.wp.com\/teasense.ch\/wp-content\/uploads\/2025\/08\/sho-cha-matcha-nr.-1-japan-30g.png?resize=350%2C200&ssl=1 1x, https:\/\/i0.wp.com\/teasense.ch\/wp-content\/uploads\/2025\/08\/sho-cha-matcha-nr.-1-japan-30g.png?resize=525%2C300&ssl=1 1.5x, https:\/\/i0.wp.com\/teasense.ch\/wp-content\/uploads\/2025\/08\/sho-cha-matcha-nr.-1-japan-30g.png?resize=700%2C400&ssl=1 2x"},"classes":[]}],"jetpack_sharing_enabled":true,"jetpack_likes_enabled":false,"_links":{"self":[{"href":"https:\/\/teasense.ch\/it\/wp-json\/wp\/v2\/product\/47464","targetHints":{"allow":["GET"]}}],"collection":[{"href":"https:\/\/teasense.ch\/it\/wp-json\/wp\/v2\/product"}],"about":[{"href":"https:\/\/teasense.ch\/it\/wp-json\/wp\/v2\/types\/product"}],"replies":[{"embeddable":true,"href":"https:\/\/teasense.ch\/it\/wp-json\/wp\/v2\/comments?post=47464"}],"wp:featuredmedia":[{"embeddable":true,"href":"https:\/\/teasense.ch\/it\/wp-json\/wp\/v2\/media\/47465"}],"wp:attachment":[{"href":"https:\/\/teasense.ch\/it\/wp-json\/wp\/v2\/media?parent=47464"}],"wp:term":[{"taxonomy":"product_brand","embeddable":true,"href":"https:\/\/teasense.ch\/it\/wp-json\/wp\/v2\/product_brand?post=47464"},{"taxonomy":"product_cat","embeddable":true,"href":"https:\/\/teasense.ch\/it\/wp-json\/wp\/v2\/product_cat?post=47464"},{"taxonomy":"product_tag","embeddable":true,"href":"https:\/\/teasense.ch\/it\/wp-json\/wp\/v2\/product_tag?post=47464"}],"curies":[{"name":"wp","href":"https:\/\/api.w.org\/{rel}","templated":true}]}}