{"id":47626,"date":"2025-12-16T15:38:05","date_gmt":"2025-12-16T14:38:05","guid":{"rendered":"https:\/\/teasense.ch\/?post_type=product&#038;p=47626"},"modified":"2026-03-14T08:51:44","modified_gmt":"2026-03-14T07:51:44","slug":"tee-komposition","status":"publish","type":"product","link":"https:\/\/teasense.ch\/it\/prodotto\/tee-komposition\/","title":{"rendered":"Tee Komposition"},"content":{"rendered":"<h2>Teemischung aus Schwarz-, Gr\u00fcn-, Weiss- und Pu-Erh-Tee<\/h2>\n<p>Tee Komposition vereint ausgew\u00e4hlte Teesorten aus verschiedenen Teearten zu einer harmonischen und vielschichtigen Mischung. Sencha-Gr\u00fcntee, schwarzer chinesischer Tee, Pu-Erh-Tee und Pai Mu Tan (Weisstee) erg\u00e4nzen sich zu einer ausgewogenen Teebasis mit Tiefe und feiner Leichtigkeit. Zitronenschalen und Orangenbl\u00fcten verleihen der Mischung eine dezente Frische, die den Charakter der Tees unterstreicht, ohne ihn zu \u00fcberdecken.<\/p>\n<p>Der Geschmack ist rund und ausgewogen. Der Gr\u00fcntee bringt Frische, der Schwarztee sorgt f\u00fcr Struktur, der Weisstee f\u00fcr eine sanfte Note und der Pu-Erh-Tee f\u00fcr Tiefe. Die feine Zitronennote bleibt angenehm zur\u00fcckhaltend und rundet die Mischung harmonisch ab. So entsteht eine Teekomposition, die vielseitig ist und sich zu unterschiedlichen Tageszeiten geniessen l\u00e4sst.<\/p>\n<h3>Tee Komposition &#8211; Harmonisch &amp; vielseitig<\/h3>\n<p>Diese aromatisierte Teemischung richtet sich an alle, die die Vielfalt echter Tees sch\u00e4tzen und gerne verschiedene Teearten in einer Tasse entdecken. Die Tee Komposition kommt ohne k\u00fcnstliche Zus\u00e4tze aus und \u00fcberzeugt durch ihre ausgewogene Zusammenstellung. Ob f\u00fcr eine bewusste Teepause oder als Begleiter durch den Tag \u2013 diese Mischung l\u00e4dt zum entspannten Geniessen ein.<\/p>\n<p><strong>Zutaten<\/strong>: Sencha (Gr\u00fcntee), schwarzer chinesischer Tee, Pu-Erh-Tee, Pai Mu Tan (Weisstee), Zitronenschalen, Orangenbl\u00fcten, nat\u00fcrliches Aroma.<\/p>\n","protected":false},"excerpt":{"rendered":"<h4>Zubereitung Tee Komposition<\/h4>\n<p>\ud83e\udd44 1 &#8211; 2 TL pro Tasse (12 g\/Liter)<br data-start=\"1519\" data-end=\"1522\" \/>\ud83c\udf21\ufe0f 100 \u00b0C<br data-start=\"1564\" data-end=\"1567\" \/>\u23f3 3 Minuten<\/p>\n","protected":false},"featured_media":47627,"comment_status":"open","ping_status":"closed","template":"","meta":{"_et_pb_use_builder":"","_et_pb_old_content":"","_et_gb_content_width":""},"product_brand":[],"product_cat":[74,182,19,169,148,202],"product_tag":[],"class_list":{"0":"post-47626","1":"product","2":"type-product","3":"status-publish","4":"has-post-thumbnail","6":"product_cat-alle-produkte","7":"product_cat-gruentee","8":"product_cat-tee","9":"product_cat-pu-erh-tee","10":"product_cat-schwarztee","11":"product_cat-weisstee","12":"pa_herkunft-deutschland","13":"pa_weight-100-g","14":"pa_weight-200-g","15":"pa_weight-400-g","16":"pa_weight-50-g","18":"first","19":"instock","20":"shipping-taxable","21":"purchasable","22":"product-type-variable","23":"has-default-attributes","24":"add-to-wishlist-before_image"},"yoast_head":"<!-- This site is optimized with the Yoast SEO plugin v27.4 - https:\/\/yoast.com\/product\/yoast-seo-wordpress\/ -->\n<title>Tee Komposition - TeaSense.ch - Tee Shop Schweiz<\/title>\n<meta name=\"description\" content=\"Tee Komposition mit Sencha, Schwarztee, Weisstee und Pu-Erh-Tee. Aromatisierte Teemischung mit feiner Zitrusnote und ausgewogenem Geschmack.\" \/>\n<meta name=\"robots\" content=\"index, follow, max-snippet:-1, max-image-preview:large, max-video-preview:-1\" \/>\n<link rel=\"canonical\" href=\"https:\/\/teasense.ch\/it\/prodotto\/tee-komposition\/\" \/>\n<meta property=\"og:locale\" content=\"it_IT\" \/>\n<meta property=\"og:type\" content=\"article\" \/>\n<meta property=\"og:title\" content=\"Tee Komposition - TeaSense.ch - Tee Shop Schweiz\" \/>\n<meta property=\"og:description\" content=\"Tee Komposition mit Sencha, Schwarztee, Weisstee und Pu-Erh-Tee. Aromatisierte Teemischung mit feiner Zitrusnote und ausgewogenem Geschmack.\" \/>\n<meta property=\"og:url\" content=\"https:\/\/teasense.ch\/it\/prodotto\/tee-komposition\/\" \/>\n<meta property=\"og:site_name\" content=\"TeaSense.ch - Tee Shop Schweiz\" \/>\n<meta property=\"article:publisher\" content=\"https:\/\/www.facebook.com\/teasense.ch\" \/>\n<meta property=\"article:modified_time\" content=\"2026-03-14T07:51:44+00:00\" \/>\n<meta property=\"og:image\" content=\"https:\/\/teasense.ch\/wp-content\/uploads\/2025\/12\/tee-trilogie-\u2013-schwarz-gruen-und-pu-erh-tee.png\" \/>\n\t<meta property=\"og:image:width\" content=\"800\" \/>\n\t<meta property=\"og:image:height\" content=\"800\" \/>\n\t<meta property=\"og:image:type\" content=\"image\/png\" \/>\n<meta name=\"twitter:card\" content=\"summary_large_image\" \/>\n<meta name=\"twitter:label1\" content=\"Est. reading time\" \/>\n\t<meta name=\"twitter:data1\" content=\"2 minutes\" \/>\n<!-- \/ Yoast SEO plugin. -->","yoast_head_json":{"title":"Tee Komposition - TeaSense.ch - Tee Shop Schweiz","description":"Tee Komposition mit Sencha, Schwarztee, Weisstee und Pu-Erh-Tee. Aromatisierte Teemischung mit feiner Zitrusnote und ausgewogenem Geschmack.","robots":{"index":"index","follow":"follow","max-snippet":"max-snippet:-1","max-image-preview":"max-image-preview:large","max-video-preview":"max-video-preview:-1"},"canonical":"https:\/\/teasense.ch\/it\/prodotto\/tee-komposition\/","og_locale":"it_IT","og_type":"article","og_title":"Tee Komposition - TeaSense.ch - Tee Shop Schweiz","og_description":"Tee Komposition mit Sencha, Schwarztee, Weisstee und Pu-Erh-Tee. Aromatisierte Teemischung mit feiner Zitrusnote und ausgewogenem Geschmack.","og_url":"https:\/\/teasense.ch\/it\/prodotto\/tee-komposition\/","og_site_name":"TeaSense.ch - Tee Shop Schweiz","article_publisher":"https:\/\/www.facebook.com\/teasense.ch","article_modified_time":"2026-03-14T07:51:44+00:00","og_image":[{"width":800,"height":800,"url":"https:\/\/teasense.ch\/wp-content\/uploads\/2025\/12\/tee-trilogie-\u2013-schwarz-gruen-und-pu-erh-tee.png","type":"image\/png"}],"twitter_card":"summary_large_image","twitter_misc":{"Est. reading time":"2 minutes"},"schema":{"@context":"https:\/\/schema.org","@graph":[{"@type":"WebPage","@id":"https:\/\/teasense.ch\/it\/prodotto\/tee-komposition\/","url":"https:\/\/teasense.ch\/it\/prodotto\/tee-komposition\/","name":"Tee Komposition - TeaSense.ch - Tee Shop Schweiz","isPartOf":{"@id":"https:\/\/teasense.ch\/it\/#website"},"primaryImageOfPage":{"@id":"https:\/\/teasense.ch\/it\/prodotto\/tee-komposition\/#primaryimage"},"image":{"@id":"https:\/\/teasense.ch\/it\/prodotto\/tee-komposition\/#primaryimage"},"thumbnailUrl":"https:\/\/teasense.ch\/wp-content\/uploads\/2025\/12\/tee-trilogie-\u2013-schwarz-gruen-und-pu-erh-tee.png","datePublished":"2025-12-16T14:38:05+00:00","dateModified":"2026-03-14T07:51:44+00:00","description":"Tee Komposition mit Sencha, Schwarztee, Weisstee und Pu-Erh-Tee. Aromatisierte Teemischung mit feiner Zitrusnote und ausgewogenem Geschmack.","breadcrumb":{"@id":"https:\/\/teasense.ch\/it\/prodotto\/tee-komposition\/#breadcrumb"},"inLanguage":"it-CH","potentialAction":[{"@type":"ReadAction","target":["https:\/\/teasense.ch\/it\/prodotto\/tee-komposition\/"]}]},{"@type":"ImageObject","inLanguage":"it-CH","@id":"https:\/\/teasense.ch\/it\/prodotto\/tee-komposition\/#primaryimage","url":"https:\/\/teasense.ch\/wp-content\/uploads\/2025\/12\/tee-trilogie-\u2013-schwarz-gruen-und-pu-erh-tee.png","contentUrl":"https:\/\/teasense.ch\/wp-content\/uploads\/2025\/12\/tee-trilogie-\u2013-schwarz-gruen-und-pu-erh-tee.png","width":800,"height":800,"caption":"Tee Trilogie \u2013 Schwarz-, Gr\u00fcn- und Pu-Erh-Tee"},{"@type":"BreadcrumbList","@id":"https:\/\/teasense.ch\/it\/prodotto\/tee-komposition\/#breadcrumb","itemListElement":[{"@type":"ListItem","position":1,"name":"Startseite","item":"https:\/\/teasense.ch\/it\/startseite\/"},{"@type":"ListItem","position":2,"name":"Ordina t\u00e8 online in Svizzera","item":"https:\/\/teasense.ch\/it\/shop\/"},{"@type":"ListItem","position":3,"name":"Tee Komposition"}]},{"@type":"WebSite","@id":"https:\/\/teasense.ch\/it\/#website","url":"https:\/\/teasense.ch\/it\/","name":"TeaSense.ch","description":"Nat\u00fcrliche Teemischungen und klassischer Tee","publisher":{"@id":"https:\/\/teasense.ch\/it\/#organization"},"alternateName":"TeaSense","potentialAction":[{"@type":"SearchAction","target":{"@type":"EntryPoint","urlTemplate":"https:\/\/teasense.ch\/it\/?s={search_term_string}"},"query-input":{"@type":"PropertyValueSpecification","valueRequired":true,"valueName":"search_term_string"}}],"inLanguage":"it-CH"},{"@type":"Organization","@id":"https:\/\/teasense.ch\/it\/#organization","name":"Reale Selection","alternateName":"TeaSense.ch","url":"https:\/\/teasense.ch\/it\/","logo":{"@type":"ImageObject","inLanguage":"it-CH","@id":"https:\/\/teasense.ch\/it\/#\/schema\/logo\/image\/","url":"https:\/\/teasense.ch\/wp-content\/uploads\/2023\/07\/cropped-logo-teasense-kategorie-onlineshop-alle-produkte.jpg","contentUrl":"https:\/\/teasense.ch\/wp-content\/uploads\/2023\/07\/cropped-logo-teasense-kategorie-onlineshop-alle-produkte.jpg","width":512,"height":512,"caption":"Reale Selection"},"image":{"@id":"https:\/\/teasense.ch\/it\/#\/schema\/logo\/image\/"},"sameAs":["https:\/\/www.facebook.com\/teasense.ch"]}]}},"jetpack-related-posts":[{"id":47301,"url":"https:\/\/teasense.ch\/it\/prodotto\/pu-erh-zitrone\/","url_meta":{"origin":47626,"position":0},"title":"Pu Erh Zitrone","author":"Reale Selection","date":"13. October 2025","format":false,"excerpt":"Zubereitung Pu Erh Zitrone \ud83e\udd44 1 Teel\u00f6ffel auf 200 ml Wasser\ud83c\udf21\ufe0f 90 \u00b0C\u23f3 2 Minuten ziehen lassen","rel":"","context":"Similar post","block_context":{"text":"Similar post","link":""},"img":{"alt_text":"Pu Erh Zitrone - China Pu Erh Tee mit der frischen Note von Zitronenschalen und Lemongras","src":"https:\/\/i0.wp.com\/teasense.ch\/wp-content\/uploads\/2025\/10\/pu-erh-zitrone.png?resize=350%2C200&ssl=1","width":350,"height":200,"srcset":"https:\/\/i0.wp.com\/teasense.ch\/wp-content\/uploads\/2025\/10\/pu-erh-zitrone.png?resize=350%2C200&ssl=1 1x, https:\/\/i0.wp.com\/teasense.ch\/wp-content\/uploads\/2025\/10\/pu-erh-zitrone.png?resize=525%2C300&ssl=1 1.5x, https:\/\/i0.wp.com\/teasense.ch\/wp-content\/uploads\/2025\/10\/pu-erh-zitrone.png?resize=700%2C400&ssl=1 2x"},"classes":[]},{"id":43174,"url":"https:\/\/teasense.ch\/it\/prodotto\/china-pu-erh-white-peacock-brick\/","url_meta":{"origin":47626,"position":1},"title":"China Pu-Erh White Peacock Brick","author":"Reale Selection","date":"22. October 2024","format":false,"excerpt":"5 x 30 g Zubereitung China Pu-Erh White Peacock Brick \ud83e\udd44 15 g auf 200 ml Wasser\ud83c\udf21\ufe0f 100 \u00b0C\u23f3 2 \u2013 4 Minuten ziehen lassen","rel":"","context":"Similar post","block_context":{"text":"Similar post","link":""},"img":{"alt_text":"China Pu-Erh White Peacock Brick","src":"https:\/\/i0.wp.com\/teasense.ch\/wp-content\/uploads\/2024\/10\/china-pu-erh-white-peacock-brick.png?resize=350%2C200&ssl=1","width":350,"height":200,"srcset":"https:\/\/i0.wp.com\/teasense.ch\/wp-content\/uploads\/2024\/10\/china-pu-erh-white-peacock-brick.png?resize=350%2C200&ssl=1 1x, https:\/\/i0.wp.com\/teasense.ch\/wp-content\/uploads\/2024\/10\/china-pu-erh-white-peacock-brick.png?resize=525%2C300&ssl=1 1.5x, https:\/\/i0.wp.com\/teasense.ch\/wp-content\/uploads\/2024\/10\/china-pu-erh-white-peacock-brick.png?resize=700%2C400&ssl=1 2x"},"classes":[]},{"id":33277,"url":"https:\/\/teasense.ch\/it\/prodotto\/green-refresher\/","url_meta":{"origin":47626,"position":2},"title":"Green Refresher Gr\u00fcnteemischung","author":"Reale Selection","date":"5. July 2023","format":false,"excerpt":"Zubereitung Green Refresher Gr\u00fcnteemischung \ud83e\udd44 12 g\/Liter\ud83c\udf21\ufe0f 90\u00b0C\u23f3 2 Minuten","rel":"","context":"Similar post","block_context":{"text":"Similar post","link":""},"img":{"alt_text":"Teemischung Gr\u00fcntee","src":"https:\/\/i0.wp.com\/teasense.ch\/wp-content\/uploads\/2023\/07\/green-refresher.jpg?resize=350%2C200&ssl=1","width":350,"height":200,"srcset":"https:\/\/i0.wp.com\/teasense.ch\/wp-content\/uploads\/2023\/07\/green-refresher.jpg?resize=350%2C200&ssl=1 1x, https:\/\/i0.wp.com\/teasense.ch\/wp-content\/uploads\/2023\/07\/green-refresher.jpg?resize=525%2C300&ssl=1 1.5x, https:\/\/i0.wp.com\/teasense.ch\/wp-content\/uploads\/2023\/07\/green-refresher.jpg?resize=700%2C400&ssl=1 2x"},"classes":[]},{"id":47279,"url":"https:\/\/teasense.ch\/it\/prodotto\/china-pu-erh-tee\/","url_meta":{"origin":47626,"position":3},"title":"China Pu Erh Tee","author":"Reale Selection","date":"13. October 2025","format":false,"excerpt":"Zubereitung China Pu Erh Tee (Westliche Methode) \ud83e\udd44 1 Teel\u00f6ffel auf 200 ml Wasser \ud83c\udf21\ufe0f 95 \u00b0C \u23f3 2-4 Minuten ziehen lassen","rel":"","context":"Similar post","block_context":{"text":"Similar post","link":""},"img":{"alt_text":"China Pu Erh Tee Fermentierter Schwarztee aus Yunnan","src":"https:\/\/i0.wp.com\/teasense.ch\/wp-content\/uploads\/2025\/10\/china-pu-erh-tee.png?resize=350%2C200&ssl=1","width":350,"height":200,"srcset":"https:\/\/i0.wp.com\/teasense.ch\/wp-content\/uploads\/2025\/10\/china-pu-erh-tee.png?resize=350%2C200&ssl=1 1x, https:\/\/i0.wp.com\/teasense.ch\/wp-content\/uploads\/2025\/10\/china-pu-erh-tee.png?resize=525%2C300&ssl=1 1.5x, https:\/\/i0.wp.com\/teasense.ch\/wp-content\/uploads\/2025\/10\/china-pu-erh-tee.png?resize=700%2C400&ssl=1 2x"},"classes":[]},{"id":38042,"url":"https:\/\/teasense.ch\/it\/prodotto\/naturklang-kraeutertee\/","url_meta":{"origin":47626,"position":4},"title":"Naturklang Kr\u00e4utertee","author":"Reale Selection","date":"15. October 2023","format":false,"excerpt":"Zubereitung Naturklang Kr\u00e4utertee \ud83e\udd44 1 - 2 Teel\u00f6ffel pro Tasse\ud83c\udf21\ufe0f 100 \u00b0C\u23f3 6 - 8 Minuten","rel":"","context":"Similar post","block_context":{"text":"Similar post","link":""},"img":{"alt_text":"Naturklang Kr\u00e4utertee Teemischung Zutaten auf weissem Hintergrund.","src":"https:\/\/i0.wp.com\/teasense.ch\/wp-content\/uploads\/2023\/10\/winterpunsch-plain.jpg?resize=350%2C200&ssl=1","width":350,"height":200,"srcset":"https:\/\/i0.wp.com\/teasense.ch\/wp-content\/uploads\/2023\/10\/winterpunsch-plain.jpg?resize=350%2C200&ssl=1 1x, https:\/\/i0.wp.com\/teasense.ch\/wp-content\/uploads\/2023\/10\/winterpunsch-plain.jpg?resize=525%2C300&ssl=1 1.5x, https:\/\/i0.wp.com\/teasense.ch\/wp-content\/uploads\/2023\/10\/winterpunsch-plain.jpg?resize=700%2C400&ssl=1 2x"},"classes":[]},{"id":36344,"url":"https:\/\/teasense.ch\/it\/prodotto\/waldbeere-fruechtetee\/","url_meta":{"origin":47626,"position":5},"title":"Waldbeere Fr\u00fcchtetee","author":"Reale Selection","date":"29. August 2023","format":false,"excerpt":"Zubereitung \u2013 Waldbeere Fr\u00fcchtetee \ud83e\udd44 2 g (ca. 1\u20132 TL) auf 200 ml Wasser\ud83c\udf21\ufe0f 100 \u00b0C\u23f3 5 \u2013 10 Minuten ziehen lassen","rel":"","context":"Similar post","block_context":{"text":"Similar post","link":""},"img":{"alt_text":"Waldbeere Fr\u00fcchtetee","src":"https:\/\/i0.wp.com\/teasense.ch\/wp-content\/uploads\/2023\/08\/Waldbeere-Fruechtetee.png?resize=350%2C200&ssl=1","width":350,"height":200,"srcset":"https:\/\/i0.wp.com\/teasense.ch\/wp-content\/uploads\/2023\/08\/Waldbeere-Fruechtetee.png?resize=350%2C200&ssl=1 1x, https:\/\/i0.wp.com\/teasense.ch\/wp-content\/uploads\/2023\/08\/Waldbeere-Fruechtetee.png?resize=525%2C300&ssl=1 1.5x, https:\/\/i0.wp.com\/teasense.ch\/wp-content\/uploads\/2023\/08\/Waldbeere-Fruechtetee.png?resize=700%2C400&ssl=1 2x"},"classes":[]}],"jetpack_sharing_enabled":true,"jetpack_likes_enabled":false,"_links":{"self":[{"href":"https:\/\/teasense.ch\/it\/wp-json\/wp\/v2\/product\/47626","targetHints":{"allow":["GET"]}}],"collection":[{"href":"https:\/\/teasense.ch\/it\/wp-json\/wp\/v2\/product"}],"about":[{"href":"https:\/\/teasense.ch\/it\/wp-json\/wp\/v2\/types\/product"}],"replies":[{"embeddable":true,"href":"https:\/\/teasense.ch\/it\/wp-json\/wp\/v2\/comments?post=47626"}],"wp:featuredmedia":[{"embeddable":true,"href":"https:\/\/teasense.ch\/it\/wp-json\/wp\/v2\/media\/47627"}],"wp:attachment":[{"href":"https:\/\/teasense.ch\/it\/wp-json\/wp\/v2\/media?parent=47626"}],"wp:term":[{"taxonomy":"product_brand","embeddable":true,"href":"https:\/\/teasense.ch\/it\/wp-json\/wp\/v2\/product_brand?post=47626"},{"taxonomy":"product_cat","embeddable":true,"href":"https:\/\/teasense.ch\/it\/wp-json\/wp\/v2\/product_cat?post=47626"},{"taxonomy":"product_tag","embeddable":true,"href":"https:\/\/teasense.ch\/it\/wp-json\/wp\/v2\/product_tag?post=47626"}],"curies":[{"name":"wp","href":"https:\/\/api.w.org\/{rel}","templated":true}]}}