{"id":48103,"date":"2024-01-25T09:28:02","date_gmt":"2024-01-25T08:28:02","guid":{"rendered":"https:\/\/teasense.ch\/produkt\/tee-abo\/"},"modified":"2024-01-25T09:28:02","modified_gmt":"2024-01-25T08:28:02","slug":"tee-abo","status":"publish","type":"product","link":"https:\/\/teasense.ch\/it\/prodotto\/tee-abo\/","title":{"rendered":"Abbonamento t\u00e8"},"content":{"rendered":"<h2>Il nostro abbonamento t\u00e8 \u2013 semplice, personalizzato, in tutta la Svizzera<\/h2>\n<p>\u00c8 semplice e flessibile. Ecco come funziona: <\/p>\n<h3>1. Scegli la durata<\/h3>\n<p>Scegli la durata desiderata indicando il numero di mesi.<\/p>\n<h3>2. Comunica le tue preferenze direttamente al momento dell&#8217;ordine<\/h3>\n<p>Ti preghiamo di indicare le seguenti informazioni nel campo note al momento del checkout:<\/p>\n<ul>\n<li>data di inizio consegna desiderata<\/li>\n<li>le tue preferenze di t\u00e8 (ad es. tisana, t\u00e8 alla frutta, no t\u00e8 nero, ecc.)<\/li>\n<li>possibili allergie o intolleranze<\/li>\n<\/ul>\n<p>In questo modo possiamo personalizzare perfettamente il tuo abbonamento fin dall&#8217;inizio.<\/p>\n<h3>Regala un abbonamento t\u00e8 \ud83c\udf81<\/h3>\n<p>Vuoi ordinare l&#8217;abbonamento t\u00e8 come regalo?<br \/>\nNessun problema \u2013 ti basta indicare l&#8217;indirizzo della persona a cui \u00e8 destinato il regalo come indirizzo di consegna.<br \/>\nNel campo note al momento del checkout puoi aggiungere:<\/p>\n<ul>\n<li>che si tratta di un regalo<\/li>\n<li>se possiamo includere un messaggio di auguri personale (indica il testo)<\/li>\n<li>da quando deve iniziare l&#8217;abbonamento<\/li>\n<\/ul>\n<p>Ci occuperemo noi del resto \u2013 confezionato con cura e spedito in tempo.<\/p>\n<h3>Consegna mensile di t\u00e8 \u2013 proprio come piace a te<\/h3>\n<p>Ogni mese riceverai (o la persona a cui \u00e8 destinato il regalo) due diverse variet\u00e0 di t\u00e8 \u2013 sempre senza aromi artificiali e selezionate con grande cura.<br \/>\nSe ci comunichi le tue preferenze, le terremo ovviamente in considerazione.<br \/>\nSe non fornisci indicazioni, ti sorprenderemo con una raffinata selezione dal nostro assortimento.<\/p>\n<p>Molti clienti ci scrivono, ad esempio:<\/p>\n<p>\u201eBevo principalmente tisane, niente t\u00e8 nero per favore.\u201c &#8211; \u201eSorprendimi e basta \u2013 l&#8217;importante \u00e8 che non sia menta piperita.&#8221;<\/p>\n<h3>Abbonamento t\u00e8 come Mystery Box di t\u00e8<\/h3>\n<p>Puoi decidere liberamente se comunicarci le tue preferenze o lasciarti sorprendere completamente. Allergie o cose che non ti piacciono affatto saranno ovviamente sempre prese in considerazione. <\/p>\n<h3>Durata del tuo abbonamento t\u00e8<\/h3>\n<p>Hai trovato i tuoi t\u00e8 preferiti e non hai pi\u00f9 bisogno di un abbonamento? Nessun problema \u2013 l&#8217;abbonamento termina automaticamente dopo la durata da te scelta.<br \/>\nNon devi disdire nulla. Se vuoi continuare, puoi semplicemente ordinare un nuovo abbonamento \u2013 in modo molto semplice.  <\/p>\n<p>Maggiori informazioni sull&#8217;abbonamento t\u00e8 le trovi sulla nostra pagina <a href=\"https:\/\/teasense.ch\/tee-abonnement\/\">Informazioni Abbonamento T\u00e8<\/a>.<\/p>\n","protected":false},"excerpt":{"rendered":"<p class=\"\" data-start=\"102\" data-end=\"144\">\ud83c\udf3f Due tipi di t\u00e8 al mese<br \/>\n\ud83d\udcc5 Durata liberamente selezionabile<br \/>\n\ud83d\udc8c Personale &amp; personalizzato<br \/>\n\ud83c\udf81 Perfetto come regalo<\/p>\n<p><strong>Seleziona il numero di mesi desiderato:<\/strong><\/p>\n","protected":false},"featured_media":40224,"comment_status":"open","ping_status":"closed","template":"","meta":{"_et_pb_use_builder":"","_et_pb_old_content":"","_et_gb_content_width":""},"product_brand":[],"product_cat":[344,339],"product_tag":[],"class_list":{"0":"post-48103","1":"product","2":"type-product","3":"status-publish","4":"has-post-thumbnail","6":"product_cat-regali-di-te","7":"product_cat-te-sfuso","9":"first","10":"instock","11":"purchasable","12":"product-type-simple","13":"add-to-wishlist-before_image"},"yoast_head":"<!-- This site is optimized with the Yoast SEO plugin v27.3 - https:\/\/yoast.com\/product\/yoast-seo-wordpress\/ -->\n<title>Abbonamento t\u00e8 - TeaSense.ch - Tee Shop Schweiz<\/title>\n<meta name=\"description\" content=\"Abbonamento t\u00e8 dalla Svizzera: ogni mese due tipi di t\u00e8, personalizzati o a sorpresa. Senza aromi artificiali. Abbonati ora in modo flessibile.\" \/>\n<meta name=\"robots\" content=\"index, follow, max-snippet:-1, max-image-preview:large, max-video-preview:-1\" \/>\n<link rel=\"canonical\" href=\"https:\/\/teasense.ch\/it\/prodotto\/tee-abo\/\" \/>\n<meta property=\"og:locale\" content=\"it_IT\" \/>\n<meta property=\"og:type\" content=\"article\" \/>\n<meta property=\"og:title\" content=\"Abbonamento t\u00e8 - TeaSense.ch - Tee Shop Schweiz\" \/>\n<meta property=\"og:description\" content=\"Abbonamento t\u00e8 dalla Svizzera: ogni mese due tipi di t\u00e8, personalizzati o a sorpresa. Senza aromi artificiali. Abbonati ora in modo flessibile.\" \/>\n<meta property=\"og:url\" content=\"https:\/\/teasense.ch\/it\/prodotto\/tee-abo\/\" \/>\n<meta property=\"og:site_name\" content=\"TeaSense.ch - Tee Shop Schweiz\" \/>\n<meta property=\"article:publisher\" content=\"https:\/\/www.facebook.com\/teasense.ch\" \/>\n<meta property=\"og:image\" content=\"https:\/\/teasense.ch\/wp-content\/uploads\/2024\/01\/Tee-Abo-Teasense-Versandbox.png\" \/>\n\t<meta property=\"og:image:width\" content=\"800\" \/>\n\t<meta property=\"og:image:height\" content=\"800\" \/>\n\t<meta property=\"og:image:type\" content=\"image\/png\" \/>\n<meta name=\"twitter:card\" content=\"summary_large_image\" \/>\n<meta name=\"twitter:label1\" content=\"Tempo di lettura stimato\" \/>\n\t<meta name=\"twitter:data1\" content=\"2 minuti\" \/>\n<!-- \/ Yoast SEO plugin. -->","yoast_head_json":{"title":"Abbonamento t\u00e8 - TeaSense.ch - Tee Shop Schweiz","description":"Abbonamento t\u00e8 dalla Svizzera: ogni mese due tipi di t\u00e8, personalizzati o a sorpresa. Senza aromi artificiali. Abbonati ora in modo flessibile.","robots":{"index":"index","follow":"follow","max-snippet":"max-snippet:-1","max-image-preview":"max-image-preview:large","max-video-preview":"max-video-preview:-1"},"canonical":"https:\/\/teasense.ch\/it\/prodotto\/tee-abo\/","og_locale":"it_IT","og_type":"article","og_title":"Abbonamento t\u00e8 - TeaSense.ch - Tee Shop Schweiz","og_description":"Abbonamento t\u00e8 dalla Svizzera: ogni mese due tipi di t\u00e8, personalizzati o a sorpresa. Senza aromi artificiali. Abbonati ora in modo flessibile.","og_url":"https:\/\/teasense.ch\/it\/prodotto\/tee-abo\/","og_site_name":"TeaSense.ch - Tee Shop Schweiz","article_publisher":"https:\/\/www.facebook.com\/teasense.ch","og_image":[{"width":800,"height":800,"url":"https:\/\/teasense.ch\/wp-content\/uploads\/2024\/01\/Tee-Abo-Teasense-Versandbox.png","type":"image\/png"}],"twitter_card":"summary_large_image","twitter_misc":{"Tempo di lettura stimato":"2 minuti"},"schema":{"@context":"https:\/\/schema.org","@graph":[{"@type":"WebPage","@id":"https:\/\/teasense.ch\/it\/prodotto\/tee-abo\/","url":"https:\/\/teasense.ch\/it\/prodotto\/tee-abo\/","name":"Abbonamento t\u00e8 - TeaSense.ch - Tee Shop Schweiz","isPartOf":{"@id":"https:\/\/teasense.ch\/it\/#website"},"primaryImageOfPage":{"@id":"https:\/\/teasense.ch\/it\/prodotto\/tee-abo\/#primaryimage"},"image":{"@id":"https:\/\/teasense.ch\/it\/prodotto\/tee-abo\/#primaryimage"},"thumbnailUrl":"https:\/\/teasense.ch\/wp-content\/uploads\/2024\/01\/Tee-Abo-Teasense-Versandbox.png","datePublished":"2024-01-25T08:28:02+00:00","description":"Abbonamento t\u00e8 dalla Svizzera: ogni mese due tipi di t\u00e8, personalizzati o a sorpresa. Senza aromi artificiali. Abbonati ora in modo flessibile.","breadcrumb":{"@id":"https:\/\/teasense.ch\/it\/prodotto\/tee-abo\/#breadcrumb"},"inLanguage":"it-IT","potentialAction":[{"@type":"ReadAction","target":["https:\/\/teasense.ch\/it\/prodotto\/tee-abo\/"]}]},{"@type":"ImageObject","inLanguage":"it-IT","@id":"https:\/\/teasense.ch\/it\/prodotto\/tee-abo\/#primaryimage","url":"https:\/\/teasense.ch\/wp-content\/uploads\/2024\/01\/Tee-Abo-Teasense-Versandbox.png","contentUrl":"https:\/\/teasense.ch\/wp-content\/uploads\/2024\/01\/Tee-Abo-Teasense-Versandbox.png","width":800,"height":800,"caption":"Abbonamento al t\u00e8 Scatola di spedizione Teasense Svizzera"},{"@type":"BreadcrumbList","@id":"https:\/\/teasense.ch\/it\/prodotto\/tee-abo\/#breadcrumb","itemListElement":[{"@type":"ListItem","position":1,"name":"Startseite","item":"https:\/\/teasense.ch\/it\/startseite\/"},{"@type":"ListItem","position":2,"name":"Shop","item":"https:\/\/teasense.ch\/it\/shop\/"},{"@type":"ListItem","position":3,"name":"Abbonamento t\u00e8"}]},{"@type":"WebSite","@id":"https:\/\/teasense.ch\/it\/#website","url":"https:\/\/teasense.ch\/it\/","name":"TeaSense.ch","description":"Nat\u00fcrliche Teemischungen und klassischer Tee","publisher":{"@id":"https:\/\/teasense.ch\/it\/#organization"},"alternateName":"TeaSense","potentialAction":[{"@type":"SearchAction","target":{"@type":"EntryPoint","urlTemplate":"https:\/\/teasense.ch\/it\/?s={search_term_string}"},"query-input":{"@type":"PropertyValueSpecification","valueRequired":true,"valueName":"search_term_string"}}],"inLanguage":"it-IT"},{"@type":"Organization","@id":"https:\/\/teasense.ch\/it\/#organization","name":"Reale Selection","alternateName":"TeaSense.ch","url":"https:\/\/teasense.ch\/it\/","logo":{"@type":"ImageObject","inLanguage":"it-IT","@id":"https:\/\/teasense.ch\/it\/#\/schema\/logo\/image\/","url":"https:\/\/teasense.ch\/wp-content\/uploads\/2023\/07\/cropped-logo-teasense-kategorie-onlineshop-alle-produkte.jpg","contentUrl":"https:\/\/teasense.ch\/wp-content\/uploads\/2023\/07\/cropped-logo-teasense-kategorie-onlineshop-alle-produkte.jpg","width":512,"height":512,"caption":"Reale Selection"},"image":{"@id":"https:\/\/teasense.ch\/it\/#\/schema\/logo\/image\/"},"sameAs":["https:\/\/www.facebook.com\/teasense.ch"]}]}},"jetpack-related-posts":[{"id":48144,"url":"https:\/\/teasense.ch\/it\/prodotto\/schwarztee-wildkirsche\/","url_meta":{"origin":48103,"position":0},"title":"T\u00e8 nero Ciliegia selvatica","author":"Reale Selection","date":"17. Dicembre 2025","format":false,"excerpt":"Preparazione T\u00e8 nero Ciliegia selvatica naturale \ud83e\udd44 1 \u2013 2 cucchiaini per tazza (12 g\/litro)\ud83c\udf21\ufe0f 100 \u00b0C\u23f3 3 minuti","rel":"","context":"Articolo simile","block_context":{"text":"Articolo simile","link":""},"img":{"alt_text":"Schwarztee Wildkirsche Nat\u00fcrliche Teemischung","src":"https:\/\/i0.wp.com\/teasense.ch\/wp-content\/uploads\/2025\/12\/schwarztee-wildkirsche.png?resize=350%2C200&ssl=1","width":350,"height":200,"srcset":"https:\/\/i0.wp.com\/teasense.ch\/wp-content\/uploads\/2025\/12\/schwarztee-wildkirsche.png?resize=350%2C200&ssl=1 1x, https:\/\/i0.wp.com\/teasense.ch\/wp-content\/uploads\/2025\/12\/schwarztee-wildkirsche.png?resize=525%2C300&ssl=1 1.5x, https:\/\/i0.wp.com\/teasense.ch\/wp-content\/uploads\/2025\/12\/schwarztee-wildkirsche.png?resize=700%2C400&ssl=1 2x"},"classes":[]},{"id":48150,"url":"https:\/\/teasense.ch\/it\/prodotto\/schwarztee-vanille\/","url_meta":{"origin":48103,"position":1},"title":"T\u00e8 nero vaniglia","author":"Reale Selection","date":"17. Dicembre 2025","format":false,"excerpt":"Preparazione T\u00e8 nero vaniglia naturale \ud83e\udd44 1 \u2013 2 cucchiaini per tazza (12 g\/litro)\ud83c\udf21\ufe0f 100 \u00b0C\u23f3 3 minuti","rel":"","context":"Articolo simile","block_context":{"text":"Articolo simile","link":""},"img":{"alt_text":"Schwarztee Vanille Nat\u00fcrlich","src":"https:\/\/i0.wp.com\/teasense.ch\/wp-content\/uploads\/2025\/12\/vanille-schwarztee.png?resize=350%2C200&ssl=1","width":350,"height":200,"srcset":"https:\/\/i0.wp.com\/teasense.ch\/wp-content\/uploads\/2025\/12\/vanille-schwarztee.png?resize=350%2C200&ssl=1 1x, https:\/\/i0.wp.com\/teasense.ch\/wp-content\/uploads\/2025\/12\/vanille-schwarztee.png?resize=525%2C300&ssl=1 1.5x, https:\/\/i0.wp.com\/teasense.ch\/wp-content\/uploads\/2025\/12\/vanille-schwarztee.png?resize=700%2C400&ssl=1 2x"},"classes":[]},{"id":39976,"url":"https:\/\/teasense.ch\/produkt\/tee-abo\/","url_meta":{"origin":48103,"position":2},"title":"Tee Abo","author":"Reale Selection","date":"25. Gennaio 2024","format":false,"excerpt":"\ud83c\udf3f Zwei Teesorten pro Monat \ud83d\udcc5 Laufzeit frei w\u00e4hlbar \ud83d\udc8c Pers\u00f6nlich & individuell \ud83c\udf81 Perfekt als Geschenk W\u00e4hle die gew\u00fcnschte Anzahl Monate aus:","rel":"","context":"Articolo simile","block_context":{"text":"Articolo simile","link":""},"img":{"alt_text":"Abbonamento al t\u00e8 Scatola di spedizione Teasense Svizzera","src":"https:\/\/i0.wp.com\/teasense.ch\/wp-content\/uploads\/2024\/01\/Tee-Abo-Teasense-Versandbox.png?resize=350%2C200&ssl=1","width":350,"height":200,"srcset":"https:\/\/i0.wp.com\/teasense.ch\/wp-content\/uploads\/2024\/01\/Tee-Abo-Teasense-Versandbox.png?resize=350%2C200&ssl=1 1x, https:\/\/i0.wp.com\/teasense.ch\/wp-content\/uploads\/2024\/01\/Tee-Abo-Teasense-Versandbox.png?resize=525%2C300&ssl=1 1.5x, https:\/\/i0.wp.com\/teasense.ch\/wp-content\/uploads\/2024\/01\/Tee-Abo-Teasense-Versandbox.png?resize=700%2C400&ssl=1 2x"},"classes":[]},{"id":48162,"url":"https:\/\/teasense.ch\/fr\/produit\/tee-abo\/","url_meta":{"origin":48103,"position":3},"title":"Abonnement de th\u00e9","author":"Reale Selection","date":"25. Gennaio 2024","format":false,"excerpt":"\ud83c\udf3f Deux vari\u00e9t\u00e9s de th\u00e9 par mois \ud83d\udcc5 Dur\u00e9e librement choisie \ud83d\udc8c Personnel & sur mesure \ud83c\udf81 Parfait comme cadeau Choisissez le nombre de mois souhait\u00e9 :","rel":"","context":"Articolo simile","block_context":{"text":"Articolo simile","link":""},"img":{"alt_text":"Abbonamento al t\u00e8 Scatola di spedizione Teasense Svizzera","src":"https:\/\/i0.wp.com\/teasense.ch\/wp-content\/uploads\/2024\/01\/Tee-Abo-Teasense-Versandbox.png?resize=350%2C200&ssl=1","width":350,"height":200,"srcset":"https:\/\/i0.wp.com\/teasense.ch\/wp-content\/uploads\/2024\/01\/Tee-Abo-Teasense-Versandbox.png?resize=350%2C200&ssl=1 1x, https:\/\/i0.wp.com\/teasense.ch\/wp-content\/uploads\/2024\/01\/Tee-Abo-Teasense-Versandbox.png?resize=525%2C300&ssl=1 1.5x, https:\/\/i0.wp.com\/teasense.ch\/wp-content\/uploads\/2024\/01\/Tee-Abo-Teasense-Versandbox.png?resize=700%2C400&ssl=1 2x"},"classes":[]},{"id":44167,"url":"https:\/\/teasense.ch\/produkt\/japan-sencha-fine-gruentee\/","url_meta":{"origin":48103,"position":4},"title":"Japan Sencha Fine \u2013 Hochwertiger Gr\u00fcntee aus Japan","author":"Reale Selection","date":"25. Febbraio 2025","format":false,"excerpt":"Zubereitung Japan Sencha Fine \ud83e\udd44 1 Teel\u00f6ffel (ca. 2 g) auf 200 ml Wasser \ud83c\udf21\ufe0f 90 \u00b0C \u23f3 2 Minuten ziehen lassen Tipp\ud83d\udca1 Mehrere Aufg\u00fcsse m\u00f6glich \u2013 die Ziehzeit bei den Folgez\u00fcgen leicht variieren.","rel":"","context":"Articolo simile","block_context":{"text":"Articolo simile","link":""},"img":{"alt_text":"Japan Sencha Fine \u2013 T\u00e8 verde di alta qualit\u00e0 dal Giappone Loose Tea Shop Svizzera","src":"https:\/\/i0.wp.com\/teasense.ch\/wp-content\/uploads\/2025\/02\/Japan-Sencha-Fine-%E2%80%93-Hochwertiger-Gruentee-aus-Japan-4.png?resize=350%2C200&ssl=1","width":350,"height":200,"srcset":"https:\/\/i0.wp.com\/teasense.ch\/wp-content\/uploads\/2025\/02\/Japan-Sencha-Fine-%E2%80%93-Hochwertiger-Gruentee-aus-Japan-4.png?resize=350%2C200&ssl=1 1x, https:\/\/i0.wp.com\/teasense.ch\/wp-content\/uploads\/2025\/02\/Japan-Sencha-Fine-%E2%80%93-Hochwertiger-Gruentee-aus-Japan-4.png?resize=525%2C300&ssl=1 1.5x, https:\/\/i0.wp.com\/teasense.ch\/wp-content\/uploads\/2025\/02\/Japan-Sencha-Fine-%E2%80%93-Hochwertiger-Gruentee-aus-Japan-4.png?resize=700%2C400&ssl=1 2x"},"classes":[]},{"id":48175,"url":"https:\/\/teasense.ch\/fr\/produit\/schlafmuetze-kraeutertee\/","url_meta":{"origin":48103,"position":5},"title":"Tisane Douce Nuit","author":"Reale Selection","date":"23. Ottobre 2024","format":false,"excerpt":"Pr\u00e9paration de la Tisane Douce Nuit \ud83e\udd44 1 cuill\u00e8re \u00e0 caf\u00e9 par tasse (14 g\/litre)\ud83c\udf21\ufe0f 100 \u00b0C\u23f3 5 minutes","rel":"","context":"Articolo simile","block_context":{"text":"Articolo simile","link":""},"img":{"alt_text":"Schlafm\u00fctze Kr\u00e4utertee weisser Hintergrund","src":"https:\/\/i0.wp.com\/teasense.ch\/wp-content\/uploads\/2024\/10\/schlafmuetze-kraeutertee-weisser-hintergrund.png?resize=350%2C200&ssl=1","width":350,"height":200,"srcset":"https:\/\/i0.wp.com\/teasense.ch\/wp-content\/uploads\/2024\/10\/schlafmuetze-kraeutertee-weisser-hintergrund.png?resize=350%2C200&ssl=1 1x, https:\/\/i0.wp.com\/teasense.ch\/wp-content\/uploads\/2024\/10\/schlafmuetze-kraeutertee-weisser-hintergrund.png?resize=525%2C300&ssl=1 1.5x, https:\/\/i0.wp.com\/teasense.ch\/wp-content\/uploads\/2024\/10\/schlafmuetze-kraeutertee-weisser-hintergrund.png?resize=700%2C400&ssl=1 2x"},"classes":[]}],"jetpack_sharing_enabled":true,"jetpack_likes_enabled":false,"_links":{"self":[{"href":"https:\/\/teasense.ch\/it\/wp-json\/wp\/v2\/product\/48103","targetHints":{"allow":["GET"]}}],"collection":[{"href":"https:\/\/teasense.ch\/it\/wp-json\/wp\/v2\/product"}],"about":[{"href":"https:\/\/teasense.ch\/it\/wp-json\/wp\/v2\/types\/product"}],"replies":[{"embeddable":true,"href":"https:\/\/teasense.ch\/it\/wp-json\/wp\/v2\/comments?post=48103"}],"wp:featuredmedia":[{"embeddable":true,"href":"https:\/\/teasense.ch\/it\/wp-json\/wp\/v2\/media\/40224"}],"wp:attachment":[{"href":"https:\/\/teasense.ch\/it\/wp-json\/wp\/v2\/media?parent=48103"}],"wp:term":[{"taxonomy":"product_brand","embeddable":true,"href":"https:\/\/teasense.ch\/it\/wp-json\/wp\/v2\/product_brand?post=48103"},{"taxonomy":"product_cat","embeddable":true,"href":"https:\/\/teasense.ch\/it\/wp-json\/wp\/v2\/product_cat?post=48103"},{"taxonomy":"product_tag","embeddable":true,"href":"https:\/\/teasense.ch\/it\/wp-json\/wp\/v2\/product_tag?post=48103"}],"curies":[{"name":"wp","href":"https:\/\/api.w.org\/{rel}","templated":true}]}}