{"id":48144,"date":"2025-12-17T11:46:41","date_gmt":"2025-12-17T10:46:41","guid":{"rendered":"https:\/\/teasense.ch\/produkt\/schwarztee-wildkirsche\/"},"modified":"2025-12-17T11:46:41","modified_gmt":"2025-12-17T10:46:41","slug":"schwarztee-wildkirsche","status":"publish","type":"product","link":"https:\/\/teasense.ch\/it\/prodotto\/schwarztee-wildkirsche\/","title":{"rendered":"T\u00e8 nero Ciliegia selvatica"},"content":{"rendered":"<h2>T\u00e8 nero aromatizzato al gusto di ciliegia<\/h2>\n<p>Il T\u00e8 nero Ciliegia selvatica combina il classico t\u00e8 nero con pezzi di ciliegia e aroma naturale di ciliegia. La nota fruttata della ciliegia selvatica completa armoniosamente il carattere deciso del t\u00e8 nero e conferisce alla miscela una freschezza piacevole e leggermente dolce.<\/p>\n<p>Il gusto \u00e8 equilibrato e rotondo. Il t\u00e8 nero costituisce una base corposa, mentre la ciliegia selvatica aggiunge una nota fruttata ma non invadente. Gli aromi di ciliegia rimangono discretamente sullo sfondo e non coprono il t\u00e8, ma lo completano delicatamente. Per questo, il T\u00e8 nero Ciliegia selvatica \u00e8 adatto sia per essere gustato puro che leggermente zuccherato.<\/p>\n<p>Questa miscela di t\u00e8 nero aromatizzato \u00e8 pensata per tutti coloro che amano il classico t\u00e8 nero e desiderano gustarlo con una nota fruttata. La combinazione di t\u00e8 nero, pezzi di ciliegia e aroma naturale di ciliegia crea un&#8217;esperienza di t\u00e8 armoniosa che si integra bene nella vita quotidiana e si adatta a diversi momenti della giornata.<\/p>\n<p><strong>Ingredienti<\/strong>: T\u00e8 nero dal Ruanda, pezzi di ciliegia, aroma naturale di ciliegia<\/p>\n","protected":false},"excerpt":{"rendered":"<h4>Preparazione T\u00e8 nero Ciliegia selvatica naturale<\/h4>\n<p>\ud83e\udd44 1 \u2013 2 cucchiaini per tazza (12 g\/litro)<br data-start=\"1519\" data-end=\"1522\">\ud83c\udf21\ufe0f 100 \u00b0C<br data-start=\"1564\" data-end=\"1567\">\u23f3 3 minuti<\/p>\n","protected":false},"featured_media":47650,"comment_status":"open","ping_status":"closed","template":"","meta":{"_et_pb_use_builder":"","_et_pb_old_content":"","_et_gb_content_width":""},"product_brand":[],"product_cat":[374,340],"product_tag":[],"class_list":{"0":"post-48144","1":"product","2":"type-product","3":"status-publish","4":"has-post-thumbnail","6":"product_cat-te-nero","7":"product_cat-tutti-prodotti","8":"pa_herkunft-germania","9":"pa_weight-100-g","10":"pa_weight-200-g","11":"pa_weight-400-g","12":"pa_weight-50-g","14":"first","15":"instock","16":"shipping-taxable","17":"purchasable","18":"product-type-variable","19":"has-default-attributes","20":"add-to-wishlist-before_image"},"yoast_head":"<!-- This site is optimized with the Yoast SEO plugin v27.3 - https:\/\/yoast.com\/product\/yoast-seo-wordpress\/ -->\n<title>T\u00e8 nero Ciliegia selvatica - TeaSense.ch - Tee Shop Schweiz<\/title>\n<meta name=\"description\" content=\"T\u00e8 nero Ciliegia selvatica con pezzi di ciliegia e aroma naturale di ciliegia. T\u00e8 nero fruttato dal gusto equilibrato per tutti i giorni.\" \/>\n<meta name=\"robots\" content=\"index, follow, max-snippet:-1, max-image-preview:large, max-video-preview:-1\" \/>\n<link rel=\"canonical\" href=\"https:\/\/teasense.ch\/it\/prodotto\/schwarztee-wildkirsche\/\" \/>\n<meta property=\"og:locale\" content=\"it_IT\" \/>\n<meta property=\"og:type\" content=\"article\" \/>\n<meta property=\"og:title\" content=\"T\u00e8 nero Ciliegia selvatica - TeaSense.ch - Tee Shop Schweiz\" \/>\n<meta property=\"og:description\" content=\"T\u00e8 nero Ciliegia selvatica con pezzi di ciliegia e aroma naturale di ciliegia. T\u00e8 nero fruttato dal gusto equilibrato per tutti i giorni.\" \/>\n<meta property=\"og:url\" content=\"https:\/\/teasense.ch\/it\/prodotto\/schwarztee-wildkirsche\/\" \/>\n<meta property=\"og:site_name\" content=\"TeaSense.ch - Tee Shop Schweiz\" \/>\n<meta property=\"article:publisher\" content=\"https:\/\/www.facebook.com\/teasense.ch\" \/>\n<meta property=\"og:image\" content=\"https:\/\/teasense.ch\/wp-content\/uploads\/2025\/12\/schwarztee-wildkirsche.png\" \/>\n\t<meta property=\"og:image:width\" content=\"800\" \/>\n\t<meta property=\"og:image:height\" content=\"800\" \/>\n\t<meta property=\"og:image:type\" content=\"image\/png\" \/>\n<meta name=\"twitter:card\" content=\"summary_large_image\" \/>\n<meta name=\"twitter:label1\" content=\"Tempo di lettura stimato\" \/>\n\t<meta name=\"twitter:data1\" content=\"1 minuto\" \/>\n<!-- \/ Yoast SEO plugin. -->","yoast_head_json":{"title":"T\u00e8 nero Ciliegia selvatica - TeaSense.ch - Tee Shop Schweiz","description":"T\u00e8 nero Ciliegia selvatica con pezzi di ciliegia e aroma naturale di ciliegia. T\u00e8 nero fruttato dal gusto equilibrato per tutti i giorni.","robots":{"index":"index","follow":"follow","max-snippet":"max-snippet:-1","max-image-preview":"max-image-preview:large","max-video-preview":"max-video-preview:-1"},"canonical":"https:\/\/teasense.ch\/it\/prodotto\/schwarztee-wildkirsche\/","og_locale":"it_IT","og_type":"article","og_title":"T\u00e8 nero Ciliegia selvatica - TeaSense.ch - Tee Shop Schweiz","og_description":"T\u00e8 nero Ciliegia selvatica con pezzi di ciliegia e aroma naturale di ciliegia. T\u00e8 nero fruttato dal gusto equilibrato per tutti i giorni.","og_url":"https:\/\/teasense.ch\/it\/prodotto\/schwarztee-wildkirsche\/","og_site_name":"TeaSense.ch - Tee Shop Schweiz","article_publisher":"https:\/\/www.facebook.com\/teasense.ch","og_image":[{"width":800,"height":800,"url":"https:\/\/teasense.ch\/wp-content\/uploads\/2025\/12\/schwarztee-wildkirsche.png","type":"image\/png"}],"twitter_card":"summary_large_image","twitter_misc":{"Tempo di lettura stimato":"1 minuto"},"schema":{"@context":"https:\/\/schema.org","@graph":[{"@type":"WebPage","@id":"https:\/\/teasense.ch\/it\/prodotto\/schwarztee-wildkirsche\/","url":"https:\/\/teasense.ch\/it\/prodotto\/schwarztee-wildkirsche\/","name":"T\u00e8 nero Ciliegia selvatica - TeaSense.ch - Tee Shop Schweiz","isPartOf":{"@id":"https:\/\/teasense.ch\/it\/#website"},"primaryImageOfPage":{"@id":"https:\/\/teasense.ch\/it\/prodotto\/schwarztee-wildkirsche\/#primaryimage"},"image":{"@id":"https:\/\/teasense.ch\/it\/prodotto\/schwarztee-wildkirsche\/#primaryimage"},"thumbnailUrl":"https:\/\/teasense.ch\/wp-content\/uploads\/2025\/12\/schwarztee-wildkirsche.png","datePublished":"2025-12-17T10:46:41+00:00","description":"T\u00e8 nero Ciliegia selvatica con pezzi di ciliegia e aroma naturale di ciliegia. T\u00e8 nero fruttato dal gusto equilibrato per tutti i giorni.","breadcrumb":{"@id":"https:\/\/teasense.ch\/it\/prodotto\/schwarztee-wildkirsche\/#breadcrumb"},"inLanguage":"it-IT","potentialAction":[{"@type":"ReadAction","target":["https:\/\/teasense.ch\/it\/prodotto\/schwarztee-wildkirsche\/"]}]},{"@type":"ImageObject","inLanguage":"it-IT","@id":"https:\/\/teasense.ch\/it\/prodotto\/schwarztee-wildkirsche\/#primaryimage","url":"https:\/\/teasense.ch\/wp-content\/uploads\/2025\/12\/schwarztee-wildkirsche.png","contentUrl":"https:\/\/teasense.ch\/wp-content\/uploads\/2025\/12\/schwarztee-wildkirsche.png","width":800,"height":800,"caption":"Schwarztee Wildkirsche Nat\u00fcrliche Teemischung"},{"@type":"BreadcrumbList","@id":"https:\/\/teasense.ch\/it\/prodotto\/schwarztee-wildkirsche\/#breadcrumb","itemListElement":[{"@type":"ListItem","position":1,"name":"Startseite","item":"https:\/\/teasense.ch\/it\/startseite\/"},{"@type":"ListItem","position":2,"name":"Shop","item":"https:\/\/teasense.ch\/it\/shop\/"},{"@type":"ListItem","position":3,"name":"T\u00e8 nero Ciliegia selvatica"}]},{"@type":"WebSite","@id":"https:\/\/teasense.ch\/it\/#website","url":"https:\/\/teasense.ch\/it\/","name":"TeaSense.ch","description":"Nat\u00fcrliche Teemischungen und klassischer Tee","publisher":{"@id":"https:\/\/teasense.ch\/it\/#organization"},"alternateName":"TeaSense","potentialAction":[{"@type":"SearchAction","target":{"@type":"EntryPoint","urlTemplate":"https:\/\/teasense.ch\/it\/?s={search_term_string}"},"query-input":{"@type":"PropertyValueSpecification","valueRequired":true,"valueName":"search_term_string"}}],"inLanguage":"it-IT"},{"@type":"Organization","@id":"https:\/\/teasense.ch\/it\/#organization","name":"Reale Selection","alternateName":"TeaSense.ch","url":"https:\/\/teasense.ch\/it\/","logo":{"@type":"ImageObject","inLanguage":"it-IT","@id":"https:\/\/teasense.ch\/it\/#\/schema\/logo\/image\/","url":"https:\/\/teasense.ch\/wp-content\/uploads\/2023\/07\/cropped-logo-teasense-kategorie-onlineshop-alle-produkte.jpg","contentUrl":"https:\/\/teasense.ch\/wp-content\/uploads\/2023\/07\/cropped-logo-teasense-kategorie-onlineshop-alle-produkte.jpg","width":512,"height":512,"caption":"Reale Selection"},"image":{"@id":"https:\/\/teasense.ch\/it\/#\/schema\/logo\/image\/"},"sameAs":["https:\/\/www.facebook.com\/teasense.ch"]}]}},"jetpack-related-posts":[{"id":48150,"url":"https:\/\/teasense.ch\/it\/prodotto\/schwarztee-vanille\/","url_meta":{"origin":48144,"position":0},"title":"T\u00e8 nero vaniglia","author":"Reale Selection","date":"17. Dicembre 2025","format":false,"excerpt":"Preparazione T\u00e8 nero vaniglia naturale \ud83e\udd44 1 \u2013 2 cucchiaini per tazza (12 g\/litro)\ud83c\udf21\ufe0f 100 \u00b0C\u23f3 3 minuti","rel":"","context":"Articolo simile","block_context":{"text":"Articolo simile","link":""},"img":{"alt_text":"Schwarztee Vanille Nat\u00fcrlich","src":"https:\/\/i0.wp.com\/teasense.ch\/wp-content\/uploads\/2025\/12\/vanille-schwarztee.png?resize=350%2C200&ssl=1","width":350,"height":200,"srcset":"https:\/\/i0.wp.com\/teasense.ch\/wp-content\/uploads\/2025\/12\/vanille-schwarztee.png?resize=350%2C200&ssl=1 1x, https:\/\/i0.wp.com\/teasense.ch\/wp-content\/uploads\/2025\/12\/vanille-schwarztee.png?resize=525%2C300&ssl=1 1.5x, https:\/\/i0.wp.com\/teasense.ch\/wp-content\/uploads\/2025\/12\/vanille-schwarztee.png?resize=700%2C400&ssl=1 2x"},"classes":[]},{"id":44167,"url":"https:\/\/teasense.ch\/produkt\/japan-sencha-fine-gruentee\/","url_meta":{"origin":48144,"position":1},"title":"Japan Sencha Fine \u2013 Hochwertiger Gr\u00fcntee aus Japan","author":"Reale Selection","date":"25. Febbraio 2025","format":false,"excerpt":"Zubereitung Japan Sencha Fine \ud83e\udd44 1 Teel\u00f6ffel (ca. 2 g) auf 200 ml Wasser \ud83c\udf21\ufe0f 90 \u00b0C \u23f3 2 Minuten ziehen lassen Tipp\ud83d\udca1 Mehrere Aufg\u00fcsse m\u00f6glich \u2013 die Ziehzeit bei den Folgez\u00fcgen leicht variieren.","rel":"","context":"Articolo simile","block_context":{"text":"Articolo simile","link":""},"img":{"alt_text":"Japan Sencha Fine \u2013 T\u00e8 verde di alta qualit\u00e0 dal Giappone Loose Tea Shop Svizzera","src":"https:\/\/i0.wp.com\/teasense.ch\/wp-content\/uploads\/2025\/02\/Japan-Sencha-Fine-%E2%80%93-Hochwertiger-Gruentee-aus-Japan-4.png?resize=350%2C200&ssl=1","width":350,"height":200,"srcset":"https:\/\/i0.wp.com\/teasense.ch\/wp-content\/uploads\/2025\/02\/Japan-Sencha-Fine-%E2%80%93-Hochwertiger-Gruentee-aus-Japan-4.png?resize=350%2C200&ssl=1 1x, https:\/\/i0.wp.com\/teasense.ch\/wp-content\/uploads\/2025\/02\/Japan-Sencha-Fine-%E2%80%93-Hochwertiger-Gruentee-aus-Japan-4.png?resize=525%2C300&ssl=1 1.5x, https:\/\/i0.wp.com\/teasense.ch\/wp-content\/uploads\/2025\/02\/Japan-Sencha-Fine-%E2%80%93-Hochwertiger-Gruentee-aus-Japan-4.png?resize=700%2C400&ssl=1 2x"},"classes":[]},{"id":39976,"url":"https:\/\/teasense.ch\/produkt\/tee-abo\/","url_meta":{"origin":48144,"position":2},"title":"Tee Abo","author":"Reale Selection","date":"25. Gennaio 2024","format":false,"excerpt":"\ud83c\udf3f Zwei Teesorten pro Monat \ud83d\udcc5 Laufzeit frei w\u00e4hlbar \ud83d\udc8c Pers\u00f6nlich & individuell \ud83c\udf81 Perfekt als Geschenk W\u00e4hle die gew\u00fcnschte Anzahl Monate aus:","rel":"","context":"Articolo simile","block_context":{"text":"Articolo simile","link":""},"img":{"alt_text":"Abbonamento al t\u00e8 Scatola di spedizione Teasense Svizzera","src":"https:\/\/i0.wp.com\/teasense.ch\/wp-content\/uploads\/2024\/01\/Tee-Abo-Teasense-Versandbox.png?resize=350%2C200&ssl=1","width":350,"height":200,"srcset":"https:\/\/i0.wp.com\/teasense.ch\/wp-content\/uploads\/2024\/01\/Tee-Abo-Teasense-Versandbox.png?resize=350%2C200&ssl=1 1x, https:\/\/i0.wp.com\/teasense.ch\/wp-content\/uploads\/2024\/01\/Tee-Abo-Teasense-Versandbox.png?resize=525%2C300&ssl=1 1.5x, https:\/\/i0.wp.com\/teasense.ch\/wp-content\/uploads\/2024\/01\/Tee-Abo-Teasense-Versandbox.png?resize=700%2C400&ssl=1 2x"},"classes":[]},{"id":48162,"url":"https:\/\/teasense.ch\/fr\/produit\/tee-abo\/","url_meta":{"origin":48144,"position":3},"title":"Abonnement de th\u00e9","author":"Reale Selection","date":"25. Gennaio 2024","format":false,"excerpt":"\ud83c\udf3f Deux vari\u00e9t\u00e9s de th\u00e9 par mois \ud83d\udcc5 Dur\u00e9e librement choisie \ud83d\udc8c Personnel & sur mesure \ud83c\udf81 Parfait comme cadeau Choisissez le nombre de mois souhait\u00e9 :","rel":"","context":"Articolo simile","block_context":{"text":"Articolo simile","link":""},"img":{"alt_text":"Abbonamento al t\u00e8 Scatola di spedizione Teasense Svizzera","src":"https:\/\/i0.wp.com\/teasense.ch\/wp-content\/uploads\/2024\/01\/Tee-Abo-Teasense-Versandbox.png?resize=350%2C200&ssl=1","width":350,"height":200,"srcset":"https:\/\/i0.wp.com\/teasense.ch\/wp-content\/uploads\/2024\/01\/Tee-Abo-Teasense-Versandbox.png?resize=350%2C200&ssl=1 1x, https:\/\/i0.wp.com\/teasense.ch\/wp-content\/uploads\/2024\/01\/Tee-Abo-Teasense-Versandbox.png?resize=525%2C300&ssl=1 1.5x, https:\/\/i0.wp.com\/teasense.ch\/wp-content\/uploads\/2024\/01\/Tee-Abo-Teasense-Versandbox.png?resize=700%2C400&ssl=1 2x"},"classes":[]},{"id":48156,"url":"https:\/\/teasense.ch\/fr\/produit\/schwarztee-wildkirsche\/","url_meta":{"origin":48144,"position":4},"title":"Th\u00e9 noir cerise sauvage","author":"Reale Selection","date":"17. Dicembre 2025","format":false,"excerpt":"Pr\u00e9paration th\u00e9 noir cerise sauvage naturel \ud83e\udd44 1 \u2013 2 c. \u00e0 c. par tasse (12 g\/litre)\ud83c\udf21\ufe0f 100 \u00b0C\u23f3 3 minutes","rel":"","context":"Articolo simile","block_context":{"text":"Articolo simile","link":""},"img":{"alt_text":"Schwarztee Wildkirsche Nat\u00fcrliche Teemischung","src":"https:\/\/i0.wp.com\/teasense.ch\/wp-content\/uploads\/2025\/12\/schwarztee-wildkirsche.png?resize=350%2C200&ssl=1","width":350,"height":200,"srcset":"https:\/\/i0.wp.com\/teasense.ch\/wp-content\/uploads\/2025\/12\/schwarztee-wildkirsche.png?resize=350%2C200&ssl=1 1x, https:\/\/i0.wp.com\/teasense.ch\/wp-content\/uploads\/2025\/12\/schwarztee-wildkirsche.png?resize=525%2C300&ssl=1 1.5x, https:\/\/i0.wp.com\/teasense.ch\/wp-content\/uploads\/2025\/12\/schwarztee-wildkirsche.png?resize=700%2C400&ssl=1 2x"},"classes":[]},{"id":48175,"url":"https:\/\/teasense.ch\/fr\/produit\/schlafmuetze-kraeutertee\/","url_meta":{"origin":48144,"position":5},"title":"Tisane Douce Nuit","author":"Reale Selection","date":"23. Ottobre 2024","format":false,"excerpt":"Pr\u00e9paration de la Tisane Douce Nuit \ud83e\udd44 1 cuill\u00e8re \u00e0 caf\u00e9 par tasse (14 g\/litre)\ud83c\udf21\ufe0f 100 \u00b0C\u23f3 5 minutes","rel":"","context":"Articolo simile","block_context":{"text":"Articolo simile","link":""},"img":{"alt_text":"Schlafm\u00fctze Kr\u00e4utertee weisser Hintergrund","src":"https:\/\/i0.wp.com\/teasense.ch\/wp-content\/uploads\/2024\/10\/schlafmuetze-kraeutertee-weisser-hintergrund.png?resize=350%2C200&ssl=1","width":350,"height":200,"srcset":"https:\/\/i0.wp.com\/teasense.ch\/wp-content\/uploads\/2024\/10\/schlafmuetze-kraeutertee-weisser-hintergrund.png?resize=350%2C200&ssl=1 1x, https:\/\/i0.wp.com\/teasense.ch\/wp-content\/uploads\/2024\/10\/schlafmuetze-kraeutertee-weisser-hintergrund.png?resize=525%2C300&ssl=1 1.5x, https:\/\/i0.wp.com\/teasense.ch\/wp-content\/uploads\/2024\/10\/schlafmuetze-kraeutertee-weisser-hintergrund.png?resize=700%2C400&ssl=1 2x"},"classes":[]}],"jetpack_sharing_enabled":true,"jetpack_likes_enabled":false,"_links":{"self":[{"href":"https:\/\/teasense.ch\/it\/wp-json\/wp\/v2\/product\/48144","targetHints":{"allow":["GET"]}}],"collection":[{"href":"https:\/\/teasense.ch\/it\/wp-json\/wp\/v2\/product"}],"about":[{"href":"https:\/\/teasense.ch\/it\/wp-json\/wp\/v2\/types\/product"}],"replies":[{"embeddable":true,"href":"https:\/\/teasense.ch\/it\/wp-json\/wp\/v2\/comments?post=48144"}],"wp:featuredmedia":[{"embeddable":true,"href":"https:\/\/teasense.ch\/it\/wp-json\/wp\/v2\/media\/47650"}],"wp:attachment":[{"href":"https:\/\/teasense.ch\/it\/wp-json\/wp\/v2\/media?parent=48144"}],"wp:term":[{"taxonomy":"product_brand","embeddable":true,"href":"https:\/\/teasense.ch\/it\/wp-json\/wp\/v2\/product_brand?post=48144"},{"taxonomy":"product_cat","embeddable":true,"href":"https:\/\/teasense.ch\/it\/wp-json\/wp\/v2\/product_cat?post=48144"},{"taxonomy":"product_tag","embeddable":true,"href":"https:\/\/teasense.ch\/it\/wp-json\/wp\/v2\/product_tag?post=48144"}],"curies":[{"name":"wp","href":"https:\/\/api.w.org\/{rel}","templated":true}]}}