{"id":48150,"date":"2025-12-17T10:36:20","date_gmt":"2025-12-17T09:36:20","guid":{"rendered":"https:\/\/teasense.ch\/produkt\/schwarztee-vanille\/"},"modified":"2025-12-17T10:36:20","modified_gmt":"2025-12-17T09:36:20","slug":"schwarztee-vanille","status":"publish","type":"product","link":"https:\/\/teasense.ch\/it\/prodotto\/schwarztee-vanille\/","title":{"rendered":"T\u00e8 nero vaniglia"},"content":{"rendered":"<h3 data-start=\"212\" data-end=\"269\">T\u00e8 nero aromatizzato con una naturale nota di vaniglia<\/h3>\n<p data-start=\"270\" data-end=\"599\">T\u00e8 nero vaniglia combina t\u00e8 nero di alta qualit\u00e0 dal Ruanda con aroma naturale di vaniglia. La base robusta e corposa del t\u00e8 nero \u00e8 armoniosamente completata dalla delicata nota di vaniglia. Si crea cos\u00ec una miscela di t\u00e8 equilibrata, piacevolmente morbida e che conserva il carattere tipico del t\u00e8 nero.  <\/p>\n<p data-start=\"615\" data-end=\"953\">Il gusto \u00e8 rotondo ed equilibrato. Il t\u00e8 nero apporta profondit\u00e0 e una leggera maltosit\u00e0, mentre la vaniglia contribuisce con una dolcezza delicata e discreta. La nota di vaniglia rimane volutamente sottile e non copre il t\u00e8, ma lo completa elegantemente. Per questo, il t\u00e8 nero vaniglia \u00e8 ottimo sia puro che leggermente zuccherato.   <\/p>\n<h3 data-start=\"955\" data-end=\"988\">Caratteristiche della miscela di t\u00e8 naturale<\/h3>\n<p data-start=\"989\" data-end=\"1325\">Questa miscela di t\u00e8 nero aromatizzato \u00e8 pensata per tutti coloro che amano il t\u00e8 nero classico e desiderano gustarlo con una delicata nota di sapore. L&#8217;uso di aroma naturale di vaniglia rende il t\u00e8 chiaro ed equilibrato. Il t\u00e8 nero vaniglia si adatta bene alla vita di tutti i giorni e pu\u00f2 essere bevuto in diversi momenti della giornata.  <\/p>\n<p data-start=\"1327\" data-end=\"1338\"><strong>Ingredienti<\/strong>: T\u00e8 nero dal Ruanda, aroma naturale di vaniglia<\/p>\n","protected":false},"excerpt":{"rendered":"<h4>Preparazione T\u00e8 nero vaniglia naturale<\/h4>\n<p>\ud83e\udd44 1 \u2013 2 cucchiaini per tazza (12 g\/litro)<br data-start=\"1519\" data-end=\"1522\">\ud83c\udf21\ufe0f 100 \u00b0C<br data-start=\"1564\" data-end=\"1567\">\u23f3 3 minuti<\/p>\n","protected":false},"featured_media":47633,"comment_status":"open","ping_status":"closed","template":"","meta":{"_et_pb_use_builder":"","_et_pb_old_content":"","_et_gb_content_width":""},"product_brand":[],"product_cat":[374,340],"product_tag":[],"class_list":{"0":"post-48150","1":"product","2":"type-product","3":"status-publish","4":"has-post-thumbnail","6":"product_cat-te-nero","7":"product_cat-tutti-prodotti","8":"pa_herkunft-germania","9":"pa_weight-100-g","10":"pa_weight-200-g","11":"pa_weight-400-g","12":"pa_weight-50-g","14":"first","15":"instock","16":"shipping-taxable","17":"purchasable","18":"product-type-variable","19":"has-default-attributes","20":"add-to-wishlist-before_image"},"yoast_head":"<!-- This site is optimized with the Yoast SEO plugin v27.3 - https:\/\/yoast.com\/product\/yoast-seo-wordpress\/ -->\n<title>T\u00e8 nero vaniglia - TeaSense.ch - Tee Shop Schweiz<\/title>\n<meta name=\"description\" content=\"T\u00e8 nero vaniglia dal Ruanda con aroma naturale di vaniglia. T\u00e8 nero aromatizzato dal gusto corposo e una delicata nota di vaniglia.\" \/>\n<meta name=\"robots\" content=\"index, follow, max-snippet:-1, max-image-preview:large, max-video-preview:-1\" \/>\n<link rel=\"canonical\" href=\"https:\/\/teasense.ch\/it\/prodotto\/schwarztee-vanille\/\" \/>\n<meta property=\"og:locale\" content=\"it_IT\" \/>\n<meta property=\"og:type\" content=\"article\" \/>\n<meta property=\"og:title\" content=\"T\u00e8 nero vaniglia - TeaSense.ch - Tee Shop Schweiz\" \/>\n<meta property=\"og:description\" content=\"T\u00e8 nero vaniglia dal Ruanda con aroma naturale di vaniglia. T\u00e8 nero aromatizzato dal gusto corposo e una delicata nota di vaniglia.\" \/>\n<meta property=\"og:url\" content=\"https:\/\/teasense.ch\/it\/prodotto\/schwarztee-vanille\/\" \/>\n<meta property=\"og:site_name\" content=\"TeaSense.ch - Tee Shop Schweiz\" \/>\n<meta property=\"article:publisher\" content=\"https:\/\/www.facebook.com\/teasense.ch\" \/>\n<meta property=\"og:image\" content=\"https:\/\/teasense.ch\/wp-content\/uploads\/2025\/12\/vanille-schwarztee.png\" \/>\n\t<meta property=\"og:image:width\" content=\"800\" \/>\n\t<meta property=\"og:image:height\" content=\"800\" \/>\n\t<meta property=\"og:image:type\" content=\"image\/png\" \/>\n<meta name=\"twitter:card\" content=\"summary_large_image\" \/>\n<meta name=\"twitter:label1\" content=\"Tempo di lettura stimato\" \/>\n\t<meta name=\"twitter:data1\" content=\"1 minuto\" \/>\n<!-- \/ Yoast SEO plugin. -->","yoast_head_json":{"title":"T\u00e8 nero vaniglia - TeaSense.ch - Tee Shop Schweiz","description":"T\u00e8 nero vaniglia dal Ruanda con aroma naturale di vaniglia. T\u00e8 nero aromatizzato dal gusto corposo e una delicata nota di vaniglia.","robots":{"index":"index","follow":"follow","max-snippet":"max-snippet:-1","max-image-preview":"max-image-preview:large","max-video-preview":"max-video-preview:-1"},"canonical":"https:\/\/teasense.ch\/it\/prodotto\/schwarztee-vanille\/","og_locale":"it_IT","og_type":"article","og_title":"T\u00e8 nero vaniglia - TeaSense.ch - Tee Shop Schweiz","og_description":"T\u00e8 nero vaniglia dal Ruanda con aroma naturale di vaniglia. T\u00e8 nero aromatizzato dal gusto corposo e una delicata nota di vaniglia.","og_url":"https:\/\/teasense.ch\/it\/prodotto\/schwarztee-vanille\/","og_site_name":"TeaSense.ch - Tee Shop Schweiz","article_publisher":"https:\/\/www.facebook.com\/teasense.ch","og_image":[{"width":800,"height":800,"url":"https:\/\/teasense.ch\/wp-content\/uploads\/2025\/12\/vanille-schwarztee.png","type":"image\/png"}],"twitter_card":"summary_large_image","twitter_misc":{"Tempo di lettura stimato":"1 minuto"},"schema":{"@context":"https:\/\/schema.org","@graph":[{"@type":"WebPage","@id":"https:\/\/teasense.ch\/it\/prodotto\/schwarztee-vanille\/","url":"https:\/\/teasense.ch\/it\/prodotto\/schwarztee-vanille\/","name":"T\u00e8 nero vaniglia - TeaSense.ch - Tee Shop Schweiz","isPartOf":{"@id":"https:\/\/teasense.ch\/it\/#website"},"primaryImageOfPage":{"@id":"https:\/\/teasense.ch\/it\/prodotto\/schwarztee-vanille\/#primaryimage"},"image":{"@id":"https:\/\/teasense.ch\/it\/prodotto\/schwarztee-vanille\/#primaryimage"},"thumbnailUrl":"https:\/\/teasense.ch\/wp-content\/uploads\/2025\/12\/vanille-schwarztee.png","datePublished":"2025-12-17T09:36:20+00:00","description":"T\u00e8 nero vaniglia dal Ruanda con aroma naturale di vaniglia. T\u00e8 nero aromatizzato dal gusto corposo e una delicata nota di vaniglia.","breadcrumb":{"@id":"https:\/\/teasense.ch\/it\/prodotto\/schwarztee-vanille\/#breadcrumb"},"inLanguage":"it-IT","potentialAction":[{"@type":"ReadAction","target":["https:\/\/teasense.ch\/it\/prodotto\/schwarztee-vanille\/"]}]},{"@type":"ImageObject","inLanguage":"it-IT","@id":"https:\/\/teasense.ch\/it\/prodotto\/schwarztee-vanille\/#primaryimage","url":"https:\/\/teasense.ch\/wp-content\/uploads\/2025\/12\/vanille-schwarztee.png","contentUrl":"https:\/\/teasense.ch\/wp-content\/uploads\/2025\/12\/vanille-schwarztee.png","width":800,"height":800,"caption":"Schwarztee Vanille Nat\u00fcrlich"},{"@type":"BreadcrumbList","@id":"https:\/\/teasense.ch\/it\/prodotto\/schwarztee-vanille\/#breadcrumb","itemListElement":[{"@type":"ListItem","position":1,"name":"Startseite","item":"https:\/\/teasense.ch\/it\/startseite\/"},{"@type":"ListItem","position":2,"name":"Shop","item":"https:\/\/teasense.ch\/it\/shop\/"},{"@type":"ListItem","position":3,"name":"T\u00e8 nero vaniglia"}]},{"@type":"WebSite","@id":"https:\/\/teasense.ch\/it\/#website","url":"https:\/\/teasense.ch\/it\/","name":"TeaSense.ch","description":"Nat\u00fcrliche Teemischungen und klassischer Tee","publisher":{"@id":"https:\/\/teasense.ch\/it\/#organization"},"alternateName":"TeaSense","potentialAction":[{"@type":"SearchAction","target":{"@type":"EntryPoint","urlTemplate":"https:\/\/teasense.ch\/it\/?s={search_term_string}"},"query-input":{"@type":"PropertyValueSpecification","valueRequired":true,"valueName":"search_term_string"}}],"inLanguage":"it-IT"},{"@type":"Organization","@id":"https:\/\/teasense.ch\/it\/#organization","name":"Reale Selection","alternateName":"TeaSense.ch","url":"https:\/\/teasense.ch\/it\/","logo":{"@type":"ImageObject","inLanguage":"it-IT","@id":"https:\/\/teasense.ch\/it\/#\/schema\/logo\/image\/","url":"https:\/\/teasense.ch\/wp-content\/uploads\/2023\/07\/cropped-logo-teasense-kategorie-onlineshop-alle-produkte.jpg","contentUrl":"https:\/\/teasense.ch\/wp-content\/uploads\/2023\/07\/cropped-logo-teasense-kategorie-onlineshop-alle-produkte.jpg","width":512,"height":512,"caption":"Reale Selection"},"image":{"@id":"https:\/\/teasense.ch\/it\/#\/schema\/logo\/image\/"},"sameAs":["https:\/\/www.facebook.com\/teasense.ch"]}]}},"jetpack-related-posts":[{"id":48144,"url":"https:\/\/teasense.ch\/it\/prodotto\/schwarztee-wildkirsche\/","url_meta":{"origin":48150,"position":0},"title":"T\u00e8 nero Ciliegia selvatica","author":"Reale Selection","date":"17. Dicembre 2025","format":false,"excerpt":"Preparazione T\u00e8 nero Ciliegia selvatica naturale \ud83e\udd44 1 \u2013 2 cucchiaini per tazza (12 g\/litro)\ud83c\udf21\ufe0f 100 \u00b0C\u23f3 3 minuti","rel":"","context":"Articolo simile","block_context":{"text":"Articolo simile","link":""},"img":{"alt_text":"Schwarztee Wildkirsche Nat\u00fcrliche Teemischung","src":"https:\/\/i0.wp.com\/teasense.ch\/wp-content\/uploads\/2025\/12\/schwarztee-wildkirsche.png?resize=350%2C200&ssl=1","width":350,"height":200,"srcset":"https:\/\/i0.wp.com\/teasense.ch\/wp-content\/uploads\/2025\/12\/schwarztee-wildkirsche.png?resize=350%2C200&ssl=1 1x, https:\/\/i0.wp.com\/teasense.ch\/wp-content\/uploads\/2025\/12\/schwarztee-wildkirsche.png?resize=525%2C300&ssl=1 1.5x, https:\/\/i0.wp.com\/teasense.ch\/wp-content\/uploads\/2025\/12\/schwarztee-wildkirsche.png?resize=700%2C400&ssl=1 2x"},"classes":[]},{"id":44167,"url":"https:\/\/teasense.ch\/produkt\/japan-sencha-fine-gruentee\/","url_meta":{"origin":48150,"position":1},"title":"Japan Sencha Fine \u2013 Hochwertiger Gr\u00fcntee aus Japan","author":"Reale Selection","date":"25. Febbraio 2025","format":false,"excerpt":"Zubereitung Japan Sencha Fine \ud83e\udd44 1 Teel\u00f6ffel (ca. 2 g) auf 200 ml Wasser \ud83c\udf21\ufe0f 90 \u00b0C \u23f3 2 Minuten ziehen lassen Tipp\ud83d\udca1 Mehrere Aufg\u00fcsse m\u00f6glich \u2013 die Ziehzeit bei den Folgez\u00fcgen leicht variieren.","rel":"","context":"Articolo simile","block_context":{"text":"Articolo simile","link":""},"img":{"alt_text":"Japan Sencha Fine \u2013 T\u00e8 verde di alta qualit\u00e0 dal Giappone Loose Tea Shop Svizzera","src":"https:\/\/i0.wp.com\/teasense.ch\/wp-content\/uploads\/2025\/02\/Japan-Sencha-Fine-%E2%80%93-Hochwertiger-Gruentee-aus-Japan-4.png?resize=350%2C200&ssl=1","width":350,"height":200,"srcset":"https:\/\/i0.wp.com\/teasense.ch\/wp-content\/uploads\/2025\/02\/Japan-Sencha-Fine-%E2%80%93-Hochwertiger-Gruentee-aus-Japan-4.png?resize=350%2C200&ssl=1 1x, https:\/\/i0.wp.com\/teasense.ch\/wp-content\/uploads\/2025\/02\/Japan-Sencha-Fine-%E2%80%93-Hochwertiger-Gruentee-aus-Japan-4.png?resize=525%2C300&ssl=1 1.5x, https:\/\/i0.wp.com\/teasense.ch\/wp-content\/uploads\/2025\/02\/Japan-Sencha-Fine-%E2%80%93-Hochwertiger-Gruentee-aus-Japan-4.png?resize=700%2C400&ssl=1 2x"},"classes":[]},{"id":39976,"url":"https:\/\/teasense.ch\/produkt\/tee-abo\/","url_meta":{"origin":48150,"position":2},"title":"Tee Abo","author":"Reale Selection","date":"25. Gennaio 2024","format":false,"excerpt":"\ud83c\udf3f Zwei Teesorten pro Monat \ud83d\udcc5 Laufzeit frei w\u00e4hlbar \ud83d\udc8c Pers\u00f6nlich & individuell \ud83c\udf81 Perfekt als Geschenk W\u00e4hle die gew\u00fcnschte Anzahl Monate aus:","rel":"","context":"Articolo simile","block_context":{"text":"Articolo simile","link":""},"img":{"alt_text":"Abbonamento al t\u00e8 Scatola di spedizione Teasense Svizzera","src":"https:\/\/i0.wp.com\/teasense.ch\/wp-content\/uploads\/2024\/01\/Tee-Abo-Teasense-Versandbox.png?resize=350%2C200&ssl=1","width":350,"height":200,"srcset":"https:\/\/i0.wp.com\/teasense.ch\/wp-content\/uploads\/2024\/01\/Tee-Abo-Teasense-Versandbox.png?resize=350%2C200&ssl=1 1x, https:\/\/i0.wp.com\/teasense.ch\/wp-content\/uploads\/2024\/01\/Tee-Abo-Teasense-Versandbox.png?resize=525%2C300&ssl=1 1.5x, https:\/\/i0.wp.com\/teasense.ch\/wp-content\/uploads\/2024\/01\/Tee-Abo-Teasense-Versandbox.png?resize=700%2C400&ssl=1 2x"},"classes":[]},{"id":48162,"url":"https:\/\/teasense.ch\/fr\/produit\/tee-abo\/","url_meta":{"origin":48150,"position":3},"title":"Abonnement de th\u00e9","author":"Reale Selection","date":"25. Gennaio 2024","format":false,"excerpt":"\ud83c\udf3f Deux vari\u00e9t\u00e9s de th\u00e9 par mois \ud83d\udcc5 Dur\u00e9e librement choisie \ud83d\udc8c Personnel & sur mesure \ud83c\udf81 Parfait comme cadeau Choisissez le nombre de mois souhait\u00e9 :","rel":"","context":"Articolo simile","block_context":{"text":"Articolo simile","link":""},"img":{"alt_text":"Abbonamento al t\u00e8 Scatola di spedizione Teasense Svizzera","src":"https:\/\/i0.wp.com\/teasense.ch\/wp-content\/uploads\/2024\/01\/Tee-Abo-Teasense-Versandbox.png?resize=350%2C200&ssl=1","width":350,"height":200,"srcset":"https:\/\/i0.wp.com\/teasense.ch\/wp-content\/uploads\/2024\/01\/Tee-Abo-Teasense-Versandbox.png?resize=350%2C200&ssl=1 1x, https:\/\/i0.wp.com\/teasense.ch\/wp-content\/uploads\/2024\/01\/Tee-Abo-Teasense-Versandbox.png?resize=525%2C300&ssl=1 1.5x, https:\/\/i0.wp.com\/teasense.ch\/wp-content\/uploads\/2024\/01\/Tee-Abo-Teasense-Versandbox.png?resize=700%2C400&ssl=1 2x"},"classes":[]},{"id":48156,"url":"https:\/\/teasense.ch\/fr\/produit\/schwarztee-wildkirsche\/","url_meta":{"origin":48150,"position":4},"title":"Th\u00e9 noir cerise sauvage","author":"Reale Selection","date":"17. Dicembre 2025","format":false,"excerpt":"Pr\u00e9paration th\u00e9 noir cerise sauvage naturel \ud83e\udd44 1 \u2013 2 c. \u00e0 c. par tasse (12 g\/litre)\ud83c\udf21\ufe0f 100 \u00b0C\u23f3 3 minutes","rel":"","context":"Articolo simile","block_context":{"text":"Articolo simile","link":""},"img":{"alt_text":"Schwarztee Wildkirsche Nat\u00fcrliche Teemischung","src":"https:\/\/i0.wp.com\/teasense.ch\/wp-content\/uploads\/2025\/12\/schwarztee-wildkirsche.png?resize=350%2C200&ssl=1","width":350,"height":200,"srcset":"https:\/\/i0.wp.com\/teasense.ch\/wp-content\/uploads\/2025\/12\/schwarztee-wildkirsche.png?resize=350%2C200&ssl=1 1x, https:\/\/i0.wp.com\/teasense.ch\/wp-content\/uploads\/2025\/12\/schwarztee-wildkirsche.png?resize=525%2C300&ssl=1 1.5x, https:\/\/i0.wp.com\/teasense.ch\/wp-content\/uploads\/2025\/12\/schwarztee-wildkirsche.png?resize=700%2C400&ssl=1 2x"},"classes":[]},{"id":48167,"url":"https:\/\/teasense.ch\/en\/product\/schlafmuetze-kraeutertee\/","url_meta":{"origin":48150,"position":5},"title":"Nightcap Herbal Tea","author":"Reale Selection","date":"23. Ottobre 2024","format":false,"excerpt":"Preparing Nightcap Herbal Tea \ud83e\udd44 1 teaspoon per cup (14 g\/liter)\ud83c\udf21\ufe0f 100 \u00b0C\u23f3 5 minutes","rel":"","context":"Articolo simile","block_context":{"text":"Articolo simile","link":""},"img":{"alt_text":"Schlafm\u00fctze Kr\u00e4utertee weisser Hintergrund","src":"https:\/\/i0.wp.com\/teasense.ch\/wp-content\/uploads\/2024\/10\/schlafmuetze-kraeutertee-weisser-hintergrund.png?resize=350%2C200&ssl=1","width":350,"height":200,"srcset":"https:\/\/i0.wp.com\/teasense.ch\/wp-content\/uploads\/2024\/10\/schlafmuetze-kraeutertee-weisser-hintergrund.png?resize=350%2C200&ssl=1 1x, https:\/\/i0.wp.com\/teasense.ch\/wp-content\/uploads\/2024\/10\/schlafmuetze-kraeutertee-weisser-hintergrund.png?resize=525%2C300&ssl=1 1.5x, https:\/\/i0.wp.com\/teasense.ch\/wp-content\/uploads\/2024\/10\/schlafmuetze-kraeutertee-weisser-hintergrund.png?resize=700%2C400&ssl=1 2x"},"classes":[]}],"jetpack_sharing_enabled":true,"jetpack_likes_enabled":false,"_links":{"self":[{"href":"https:\/\/teasense.ch\/it\/wp-json\/wp\/v2\/product\/48150","targetHints":{"allow":["GET"]}}],"collection":[{"href":"https:\/\/teasense.ch\/it\/wp-json\/wp\/v2\/product"}],"about":[{"href":"https:\/\/teasense.ch\/it\/wp-json\/wp\/v2\/types\/product"}],"replies":[{"embeddable":true,"href":"https:\/\/teasense.ch\/it\/wp-json\/wp\/v2\/comments?post=48150"}],"wp:featuredmedia":[{"embeddable":true,"href":"https:\/\/teasense.ch\/it\/wp-json\/wp\/v2\/media\/47633"}],"wp:attachment":[{"href":"https:\/\/teasense.ch\/it\/wp-json\/wp\/v2\/media?parent=48150"}],"wp:term":[{"taxonomy":"product_brand","embeddable":true,"href":"https:\/\/teasense.ch\/it\/wp-json\/wp\/v2\/product_brand?post=48150"},{"taxonomy":"product_cat","embeddable":true,"href":"https:\/\/teasense.ch\/it\/wp-json\/wp\/v2\/product_cat?post=48150"},{"taxonomy":"product_tag","embeddable":true,"href":"https:\/\/teasense.ch\/it\/wp-json\/wp\/v2\/product_tag?post=48150"}],"curies":[{"name":"wp","href":"https:\/\/api.w.org\/{rel}","templated":true}]}}