{"id":48503,"date":"2025-11-13T11:16:02","date_gmt":"2025-11-13T10:16:02","guid":{"rendered":"https:\/\/teasense.ch\/produkt\/filtro-te-54\/"},"modified":"2025-11-13T11:16:02","modified_gmt":"2025-11-13T10:16:02","slug":"filtro-te-54","status":"publish","type":"product","link":"https:\/\/teasense.ch\/it\/prodotto\/filtro-te-54\/","title":{"rendered":"Filtro t\u00e8 54 mm"},"content":{"rendered":"<h2>Filtro t\u00e8 \u00d8 54 mm<\/h2>\n<p>Semplice e pratico, ideale per la tua pausa t\u00e8 \u2013 questo filtro in acciaio inox con un diametro di 54 mm \u00e8 perfetto per tazze e teiere di piccole e medie dimensioni.<\/p>\n<p>La maglia fine trattiene anche le foglie pi\u00f9 piccole e garantisce un\u2019infusione pulita. Il manico a forma di teiera permette una presa comoda e facilita la rimozione. <\/p>\n<p>Questo filtro t\u00e8 \u00e8 anche una bella idea regalo. Puoi abbinarlo a una <a href=\"https:\/\/teasense.ch\/prodotto\/fastenkraeuter\/\">tisana<\/a> del nostro assortimento e creare un piccolo regalo dedicato al t\u00e8. <\/p>\n","protected":false},"excerpt":{"rendered":"<h4>Filtro t\u00e8 54 mm<\/h4>\n","protected":false},"featured_media":47472,"comment_status":"open","ping_status":"closed","template":"","meta":{"_et_pb_use_builder":"","_et_pb_old_content":"","_et_gb_content_width":""},"product_brand":[],"product_cat":[344,455,340],"product_tag":[],"class_list":{"0":"post-48503","1":"product","2":"type-product","3":"status-publish","4":"has-post-thumbnail","6":"product_cat-regali-te","7":"product_cat-accessori-te","8":"product_cat-tutti-prodotti","10":"first","11":"instock","12":"shipping-taxable","13":"purchasable","14":"product-type-simple","15":"add-to-wishlist-before_image"},"yoast_head":"<!-- This site is optimized with the Yoast SEO plugin v27.4 - https:\/\/yoast.com\/product\/yoast-seo-wordpress\/ -->\n<title>Filtro t\u00e8 54 mm - TeaSense.ch - Tee Shop Schweiz<\/title>\n<meta name=\"description\" content=\"Filtro t\u00e8 in acciaio inox 54 mm con maglia fine. Ideale per tazze e teiere.\" \/>\n<meta name=\"robots\" content=\"index, follow, max-snippet:-1, max-image-preview:large, max-video-preview:-1\" \/>\n<link rel=\"canonical\" href=\"https:\/\/teasense.ch\/it\/prodotto\/filtro-te-54\/\" \/>\n<meta property=\"og:locale\" content=\"it_IT\" \/>\n<meta property=\"og:type\" content=\"article\" \/>\n<meta property=\"og:title\" content=\"Filtro t\u00e8 54 mm - TeaSense.ch - Tee Shop Schweiz\" \/>\n<meta property=\"og:description\" content=\"Filtro t\u00e8 in acciaio inox 54 mm con maglia fine. Ideale per tazze e teiere.\" \/>\n<meta property=\"og:url\" content=\"https:\/\/teasense.ch\/it\/prodotto\/filtro-te-54\/\" \/>\n<meta property=\"og:site_name\" content=\"TeaSense.ch - Tee Shop Schweiz\" \/>\n<meta property=\"article:publisher\" content=\"https:\/\/www.facebook.com\/teasense.ch\" \/>\n<meta property=\"og:image\" content=\"https:\/\/teasense.ch\/wp-content\/uploads\/2025\/11\/teesieb.png\" \/>\n\t<meta property=\"og:image:width\" content=\"800\" \/>\n\t<meta property=\"og:image:height\" content=\"800\" \/>\n\t<meta property=\"og:image:type\" content=\"image\/png\" \/>\n<meta name=\"twitter:card\" content=\"summary_large_image\" \/>\n<!-- \/ Yoast SEO plugin. -->","yoast_head_json":{"title":"Filtro t\u00e8 54 mm - TeaSense.ch - Tee Shop Schweiz","description":"Filtro t\u00e8 in acciaio inox 54 mm con maglia fine. Ideale per tazze e teiere.","robots":{"index":"index","follow":"follow","max-snippet":"max-snippet:-1","max-image-preview":"max-image-preview:large","max-video-preview":"max-video-preview:-1"},"canonical":"https:\/\/teasense.ch\/it\/prodotto\/filtro-te-54\/","og_locale":"it_IT","og_type":"article","og_title":"Filtro t\u00e8 54 mm - TeaSense.ch - Tee Shop Schweiz","og_description":"Filtro t\u00e8 in acciaio inox 54 mm con maglia fine. Ideale per tazze e teiere.","og_url":"https:\/\/teasense.ch\/it\/prodotto\/filtro-te-54\/","og_site_name":"TeaSense.ch - Tee Shop Schweiz","article_publisher":"https:\/\/www.facebook.com\/teasense.ch","og_image":[{"width":800,"height":800,"url":"https:\/\/teasense.ch\/wp-content\/uploads\/2025\/11\/teesieb.png","type":"image\/png"}],"twitter_card":"summary_large_image","schema":{"@context":"https:\/\/schema.org","@graph":[{"@type":"WebPage","@id":"https:\/\/teasense.ch\/it\/prodotto\/filtro-te-54\/","url":"https:\/\/teasense.ch\/it\/prodotto\/filtro-te-54\/","name":"Filtro t\u00e8 54 mm - TeaSense.ch - Tee Shop Schweiz","isPartOf":{"@id":"https:\/\/teasense.ch\/it\/#website"},"primaryImageOfPage":{"@id":"https:\/\/teasense.ch\/it\/prodotto\/filtro-te-54\/#primaryimage"},"image":{"@id":"https:\/\/teasense.ch\/it\/prodotto\/filtro-te-54\/#primaryimage"},"thumbnailUrl":"https:\/\/teasense.ch\/wp-content\/uploads\/2025\/11\/teesieb.png","datePublished":"2025-11-13T10:16:02+00:00","description":"Filtro t\u00e8 in acciaio inox 54 mm con maglia fine. Ideale per tazze e teiere.","breadcrumb":{"@id":"https:\/\/teasense.ch\/it\/prodotto\/filtro-te-54\/#breadcrumb"},"inLanguage":"it-CH","potentialAction":[{"@type":"ReadAction","target":["https:\/\/teasense.ch\/it\/prodotto\/filtro-te-54\/"]}]},{"@type":"ImageObject","inLanguage":"it-CH","@id":"https:\/\/teasense.ch\/it\/prodotto\/filtro-te-54\/#primaryimage","url":"https:\/\/teasense.ch\/wp-content\/uploads\/2025\/11\/teesieb.png","contentUrl":"https:\/\/teasense.ch\/wp-content\/uploads\/2025\/11\/teesieb.png","width":800,"height":800,"caption":"Teesieb 54 mm Durchmesser mit Teekanne Charm"},{"@type":"BreadcrumbList","@id":"https:\/\/teasense.ch\/it\/prodotto\/filtro-te-54\/#breadcrumb","itemListElement":[{"@type":"ListItem","position":1,"name":"Startseite","item":"https:\/\/teasense.ch\/it\/startseite\/"},{"@type":"ListItem","position":2,"name":"Ordina t\u00e8 online in Svizzera","item":"https:\/\/teasense.ch\/it\/shop\/"},{"@type":"ListItem","position":3,"name":"Filtro t\u00e8 54 mm"}]},{"@type":"WebSite","@id":"https:\/\/teasense.ch\/it\/#website","url":"https:\/\/teasense.ch\/it\/","name":"TeaSense.ch","description":"Nat\u00fcrliche Teemischungen und klassischer Tee","publisher":{"@id":"https:\/\/teasense.ch\/it\/#organization"},"alternateName":"TeaSense","potentialAction":[{"@type":"SearchAction","target":{"@type":"EntryPoint","urlTemplate":"https:\/\/teasense.ch\/it\/?s={search_term_string}"},"query-input":{"@type":"PropertyValueSpecification","valueRequired":true,"valueName":"search_term_string"}}],"inLanguage":"it-CH"},{"@type":"Organization","@id":"https:\/\/teasense.ch\/it\/#organization","name":"Reale Selection","alternateName":"TeaSense.ch","url":"https:\/\/teasense.ch\/it\/","logo":{"@type":"ImageObject","inLanguage":"it-CH","@id":"https:\/\/teasense.ch\/it\/#\/schema\/logo\/image\/","url":"https:\/\/teasense.ch\/wp-content\/uploads\/2023\/07\/cropped-logo-teasense-kategorie-onlineshop-alle-produkte.jpg","contentUrl":"https:\/\/teasense.ch\/wp-content\/uploads\/2023\/07\/cropped-logo-teasense-kategorie-onlineshop-alle-produkte.jpg","width":512,"height":512,"caption":"Reale Selection"},"image":{"@id":"https:\/\/teasense.ch\/it\/#\/schema\/logo\/image\/"},"sameAs":["https:\/\/www.facebook.com\/teasense.ch"]}]}},"jetpack-related-posts":[{"id":48437,"url":"https:\/\/teasense.ch\/it\/prodotto\/filtro-te-inox-75-mm\/","url_meta":{"origin":48503,"position":0},"title":"Filtro t\u00e8 in acciaio inox 75 mm","author":"Reale Selection","date":"7. January 2026","format":false,"excerpt":"Setaccio in acciaio inox da 75 mm (\u00d8 75\/85 x 50 mm)","rel":"","context":"Similar post","block_context":{"text":"Similar post","link":""},"img":{"alt_text":"Edelstahlsieb 75 mm 85 x 50 mm","src":"https:\/\/i0.wp.com\/teasense.ch\/wp-content\/uploads\/2026\/01\/edelstahlsieb-75-mm-85-x-50-mm.png?resize=350%2C200&ssl=1","width":350,"height":200,"srcset":"https:\/\/i0.wp.com\/teasense.ch\/wp-content\/uploads\/2026\/01\/edelstahlsieb-75-mm-85-x-50-mm.png?resize=350%2C200&ssl=1 1x, https:\/\/i0.wp.com\/teasense.ch\/wp-content\/uploads\/2026\/01\/edelstahlsieb-75-mm-85-x-50-mm.png?resize=525%2C300&ssl=1 1.5x, https:\/\/i0.wp.com\/teasense.ch\/wp-content\/uploads\/2026\/01\/edelstahlsieb-75-mm-85-x-50-mm.png?resize=700%2C400&ssl=1 2x"},"classes":[]},{"id":48561,"url":"https:\/\/teasense.ch\/it\/prodotto\/tazza-mate-ceramica-verde-marmorizzato\/","url_meta":{"origin":48503,"position":1},"title":"Tazza mate in ceramica \u2013 verde marmorizzato","author":"Reale Selection","date":"10. November 2025","format":false,"excerpt":"Materiale: ceramica Colore: smalto verde marmorizzato Capacit\u00e0: 350 ml","rel":"","context":"Similar post","block_context":{"text":"Similar post","link":""},"img":{"alt_text":"Mate Becher aus Keramik mit Marmor Design Gr\u00fcn","src":"https:\/\/i0.wp.com\/teasense.ch\/wp-content\/uploads\/2025\/11\/mate-becher-keramik.png?resize=350%2C200&ssl=1","width":350,"height":200,"srcset":"https:\/\/i0.wp.com\/teasense.ch\/wp-content\/uploads\/2025\/11\/mate-becher-keramik.png?resize=350%2C200&ssl=1 1x, https:\/\/i0.wp.com\/teasense.ch\/wp-content\/uploads\/2025\/11\/mate-becher-keramik.png?resize=525%2C300&ssl=1 1.5x, https:\/\/i0.wp.com\/teasense.ch\/wp-content\/uploads\/2025\/11\/mate-becher-keramik.png?resize=700%2C400&ssl=1 2x"},"classes":[]},{"id":48467,"url":"https:\/\/teasense.ch\/it\/prodotto\/cucchiaio-te-legno-7-cm\/","url_meta":{"origin":48503,"position":2},"title":"Cucchiaio da t\u00e8 in legno 7 cm","author":"Reale Selection","date":"16. November 2025","format":false,"excerpt":"Lunghezza: 7 cm Materiale: legno","rel":"","context":"Similar post","block_context":{"text":"Similar post","link":""},"img":{"alt_text":"Teeschaufel aus Holz 7 cm f\u00fcr Losen Tee oder Gew\u00fcrze","src":"https:\/\/i0.wp.com\/teasense.ch\/wp-content\/uploads\/2025\/11\/teeschaufel-aus-holz-7-cm.png?resize=350%2C200&ssl=1","width":350,"height":200,"srcset":"https:\/\/i0.wp.com\/teasense.ch\/wp-content\/uploads\/2025\/11\/teeschaufel-aus-holz-7-cm.png?resize=350%2C200&ssl=1 1x, https:\/\/i0.wp.com\/teasense.ch\/wp-content\/uploads\/2025\/11\/teeschaufel-aus-holz-7-cm.png?resize=525%2C300&ssl=1 1.5x, https:\/\/i0.wp.com\/teasense.ch\/wp-content\/uploads\/2025\/11\/teeschaufel-aus-holz-7-cm.png?resize=700%2C400&ssl=1 2x"},"classes":[]},{"id":48509,"url":"https:\/\/teasense.ch\/it\/prodotto\/ciotola-matcha-beccuccio-350-ml\/","url_meta":{"origin":48503,"position":3},"title":"Ciotola di Matcha con beccuccio 350 ml","author":"Reale Selection","date":"11. November 2025","format":false,"excerpt":"In porcellana, bianca, 350 ml \u2013 ideale per montare e versare il matcha.","rel":"","context":"Similar post","block_context":{"text":"Similar post","link":""},"img":{"alt_text":"Matcha-Schale aus Porzellan mit Ausguss weiss","src":"https:\/\/i0.wp.com\/teasense.ch\/wp-content\/uploads\/2025\/11\/matcha-schale-aus-porzellan-mit-ausguss.png?resize=350%2C200&ssl=1","width":350,"height":200,"srcset":"https:\/\/i0.wp.com\/teasense.ch\/wp-content\/uploads\/2025\/11\/matcha-schale-aus-porzellan-mit-ausguss.png?resize=350%2C200&ssl=1 1x, https:\/\/i0.wp.com\/teasense.ch\/wp-content\/uploads\/2025\/11\/matcha-schale-aus-porzellan-mit-ausguss.png?resize=525%2C300&ssl=1 1.5x, https:\/\/i0.wp.com\/teasense.ch\/wp-content\/uploads\/2025\/11\/matcha-schale-aus-porzellan-mit-ausguss.png?resize=700%2C400&ssl=1 2x"},"classes":[]},{"id":48515,"url":"https:\/\/teasense.ch\/it\/prodotto\/bombilla-mate-argentata\/","url_meta":{"origin":48503,"position":4},"title":"Bombilla mate argentata","author":"Reale Selection","date":"11. November 2025","format":false,"excerpt":"Bombilla mate argentata dritta","rel":"","context":"Similar post","block_context":{"text":"Similar post","link":""},"img":{"alt_text":"","src":"https:\/\/i0.wp.com\/teasense.ch\/wp-content\/uploads\/2025\/11\/bombilla-mate-versilbert.png?resize=350%2C200&ssl=1","width":350,"height":200,"srcset":"https:\/\/i0.wp.com\/teasense.ch\/wp-content\/uploads\/2025\/11\/bombilla-mate-versilbert.png?resize=350%2C200&ssl=1 1x, https:\/\/i0.wp.com\/teasense.ch\/wp-content\/uploads\/2025\/11\/bombilla-mate-versilbert.png?resize=525%2C300&ssl=1 1.5x, https:\/\/i0.wp.com\/teasense.ch\/wp-content\/uploads\/2025\/11\/bombilla-mate-versilbert.png?resize=700%2C400&ssl=1 2x"},"classes":[]},{"id":48144,"url":"https:\/\/teasense.ch\/it\/prodotto\/te-nero-ciliegia-selvatica\/","url_meta":{"origin":48503,"position":5},"title":"T\u00e8 nero Ciliegia selvatica","author":"Reale Selection","date":"17. December 2025","format":false,"excerpt":"Preparazione T\u00e8 nero Ciliegia selvatica naturale \ud83e\udd44 1 \u2013 2 cucchiaini per tazza (12 g\/litro)\ud83c\udf21\ufe0f 100 \u00b0C\u23f3 3 minuti","rel":"","context":"Similar post","block_context":{"text":"Similar post","link":""},"img":{"alt_text":"Schwarztee Wildkirsche Nat\u00fcrliche Teemischung","src":"https:\/\/i0.wp.com\/teasense.ch\/wp-content\/uploads\/2025\/12\/schwarztee-wildkirsche.png?resize=350%2C200&ssl=1","width":350,"height":200,"srcset":"https:\/\/i0.wp.com\/teasense.ch\/wp-content\/uploads\/2025\/12\/schwarztee-wildkirsche.png?resize=350%2C200&ssl=1 1x, https:\/\/i0.wp.com\/teasense.ch\/wp-content\/uploads\/2025\/12\/schwarztee-wildkirsche.png?resize=525%2C300&ssl=1 1.5x, https:\/\/i0.wp.com\/teasense.ch\/wp-content\/uploads\/2025\/12\/schwarztee-wildkirsche.png?resize=700%2C400&ssl=1 2x"},"classes":[]}],"jetpack_sharing_enabled":true,"jetpack_likes_enabled":false,"_links":{"self":[{"href":"https:\/\/teasense.ch\/it\/wp-json\/wp\/v2\/product\/48503","targetHints":{"allow":["GET"]}}],"collection":[{"href":"https:\/\/teasense.ch\/it\/wp-json\/wp\/v2\/product"}],"about":[{"href":"https:\/\/teasense.ch\/it\/wp-json\/wp\/v2\/types\/product"}],"replies":[{"embeddable":true,"href":"https:\/\/teasense.ch\/it\/wp-json\/wp\/v2\/comments?post=48503"}],"wp:featuredmedia":[{"embeddable":true,"href":"https:\/\/teasense.ch\/it\/wp-json\/wp\/v2\/media\/47472"}],"wp:attachment":[{"href":"https:\/\/teasense.ch\/it\/wp-json\/wp\/v2\/media?parent=48503"}],"wp:term":[{"taxonomy":"product_brand","embeddable":true,"href":"https:\/\/teasense.ch\/it\/wp-json\/wp\/v2\/product_brand?post=48503"},{"taxonomy":"product_cat","embeddable":true,"href":"https:\/\/teasense.ch\/it\/wp-json\/wp\/v2\/product_cat?post=48503"},{"taxonomy":"product_tag","embeddable":true,"href":"https:\/\/teasense.ch\/it\/wp-json\/wp\/v2\/product_tag?post=48503"}],"curies":[{"name":"wp","href":"https:\/\/api.w.org\/{rel}","templated":true}]}}