{"id":48527,"date":"2025-11-10T21:35:58","date_gmt":"2025-11-10T20:35:58","guid":{"rendered":"https:\/\/teasense.ch\/produkt\/foglie-stevia\/"},"modified":"2025-11-10T21:35:58","modified_gmt":"2025-11-10T20:35:58","slug":"foglie-stevia","status":"publish","type":"product","link":"https:\/\/teasense.ch\/it\/prodotto\/foglie-stevia\/","title":{"rendered":"Foglie di stevia"},"content":{"rendered":"<h2>Foglie di stevia \u2013 ingrediente naturale per tisane<\/h2>\n<p>Le nostre foglie di stevia sono essiccate delicatamente e sono ideali come ingrediente naturale per <a href=\"https:\/\/teasense.ch\/it\/categoria-prodotto\/te-sfuso\/tisana\/\">tisane<\/a> e infusi alla frutta. Dal giugno 2017, le foglie di Stevia rebaudiana Bertoni sono autorizzate per l\u2019uso nelle tisane.  <\/p>\n<h3>Stevia per le tue miscele<\/h3>\n<p>Le foglie si integrano bene con erbe e frutta e completano gli aromi in modo naturale. Si consiglia circa 1\u20132 % del peso totale della miscela.  <\/p>\n<h3>Utilizzo<\/h3>\n<p>Aggiungere le foglie alla miscela di tisana e preparare come di consueto. <\/p>\n<p>Il risultato \u00e8 un infuso equilibrato.<\/p>\n","protected":false},"excerpt":{"rendered":"<h4>Preparazione<\/h4>\n<p>\ud83e\udd44 1 cucchiaino per tazza nella miscela<br \/>\n\ud83c\udf21\ufe0f 100 \u00b0C<br \/>\n\u23f3 5\u20138 minuti (a seconda della miscela)<\/p>\n","protected":false},"featured_media":47458,"comment_status":"open","ping_status":"closed","template":"","meta":{"_et_pb_use_builder":"","_et_pb_old_content":"","_et_gb_content_width":""},"product_brand":[],"product_cat":[443,339,341,340],"product_tag":[],"class_list":{"0":"post-48527","1":"product","2":"type-product","3":"status-publish","4":"has-post-thumbnail","6":"product_cat-monoerbe","7":"product_cat-te-sfuso","8":"product_cat-tisana","9":"product_cat-tutti-prodotti","10":"pa_herkunft-spagna","11":"pa_weight-100-g","12":"pa_weight-20-g","13":"pa_weight-50-g","15":"first","16":"instock","17":"shipping-taxable","18":"purchasable","19":"product-type-variable","20":"has-default-attributes","21":"add-to-wishlist-before_image"},"yoast_head":"<!-- This site is optimized with the Yoast SEO plugin v27.4 - https:\/\/yoast.com\/product\/yoast-seo-wordpress\/ -->\n<title>Foglie di stevia - TeaSense.ch - Tee Shop Schweiz<\/title>\n<meta name=\"description\" content=\"Foglie di stevia per tisane. Ingrediente naturale per creare e arricchire le tue miscele di t\u00e8.\" \/>\n<meta name=\"robots\" content=\"index, follow, max-snippet:-1, max-image-preview:large, max-video-preview:-1\" \/>\n<link rel=\"canonical\" href=\"https:\/\/teasense.ch\/it\/prodotto\/foglie-stevia\/\" \/>\n<meta property=\"og:locale\" content=\"it_IT\" \/>\n<meta property=\"og:type\" content=\"article\" \/>\n<meta property=\"og:title\" content=\"Foglie di stevia - TeaSense.ch - Tee Shop Schweiz\" \/>\n<meta property=\"og:description\" content=\"Foglie di stevia per tisane. Ingrediente naturale per creare e arricchire le tue miscele di t\u00e8.\" \/>\n<meta property=\"og:url\" content=\"https:\/\/teasense.ch\/it\/prodotto\/foglie-stevia\/\" \/>\n<meta property=\"og:site_name\" content=\"TeaSense.ch - Tee Shop Schweiz\" \/>\n<meta property=\"article:publisher\" content=\"https:\/\/www.facebook.com\/teasense.ch\" \/>\n<meta property=\"og:image\" content=\"https:\/\/teasense.ch\/wp-content\/uploads\/2025\/11\/steviablaetter-als-tee.png\" \/>\n\t<meta property=\"og:image:width\" content=\"800\" \/>\n\t<meta property=\"og:image:height\" content=\"800\" \/>\n\t<meta property=\"og:image:type\" content=\"image\/png\" \/>\n<meta name=\"twitter:card\" content=\"summary_large_image\" \/>\n<!-- \/ Yoast SEO plugin. -->","yoast_head_json":{"title":"Foglie di stevia - TeaSense.ch - Tee Shop Schweiz","description":"Foglie di stevia per tisane. Ingrediente naturale per creare e arricchire le tue miscele di t\u00e8.","robots":{"index":"index","follow":"follow","max-snippet":"max-snippet:-1","max-image-preview":"max-image-preview:large","max-video-preview":"max-video-preview:-1"},"canonical":"https:\/\/teasense.ch\/it\/prodotto\/foglie-stevia\/","og_locale":"it_IT","og_type":"article","og_title":"Foglie di stevia - TeaSense.ch - Tee Shop Schweiz","og_description":"Foglie di stevia per tisane. Ingrediente naturale per creare e arricchire le tue miscele di t\u00e8.","og_url":"https:\/\/teasense.ch\/it\/prodotto\/foglie-stevia\/","og_site_name":"TeaSense.ch - Tee Shop Schweiz","article_publisher":"https:\/\/www.facebook.com\/teasense.ch","og_image":[{"width":800,"height":800,"url":"https:\/\/teasense.ch\/wp-content\/uploads\/2025\/11\/steviablaetter-als-tee.png","type":"image\/png"}],"twitter_card":"summary_large_image","schema":{"@context":"https:\/\/schema.org","@graph":[{"@type":"WebPage","@id":"https:\/\/teasense.ch\/it\/prodotto\/foglie-stevia\/","url":"https:\/\/teasense.ch\/it\/prodotto\/foglie-stevia\/","name":"Foglie di stevia - TeaSense.ch - Tee Shop Schweiz","isPartOf":{"@id":"https:\/\/teasense.ch\/it\/#website"},"primaryImageOfPage":{"@id":"https:\/\/teasense.ch\/it\/prodotto\/foglie-stevia\/#primaryimage"},"image":{"@id":"https:\/\/teasense.ch\/it\/prodotto\/foglie-stevia\/#primaryimage"},"thumbnailUrl":"https:\/\/teasense.ch\/wp-content\/uploads\/2025\/11\/steviablaetter-als-tee.png","datePublished":"2025-11-10T20:35:58+00:00","description":"Foglie di stevia per tisane. Ingrediente naturale per creare e arricchire le tue miscele di t\u00e8.","breadcrumb":{"@id":"https:\/\/teasense.ch\/it\/prodotto\/foglie-stevia\/#breadcrumb"},"inLanguage":"it-CH","potentialAction":[{"@type":"ReadAction","target":["https:\/\/teasense.ch\/it\/prodotto\/foglie-stevia\/"]}]},{"@type":"ImageObject","inLanguage":"it-CH","@id":"https:\/\/teasense.ch\/it\/prodotto\/foglie-stevia\/#primaryimage","url":"https:\/\/teasense.ch\/wp-content\/uploads\/2025\/11\/steviablaetter-als-tee.png","contentUrl":"https:\/\/teasense.ch\/wp-content\/uploads\/2025\/11\/steviablaetter-als-tee.png","width":800,"height":800,"caption":"Stevia Bl\u00e4tter als Tee Zutat f\u00fcr Fr\u00fcchte und Kr\u00e4utertee"},{"@type":"BreadcrumbList","@id":"https:\/\/teasense.ch\/it\/prodotto\/foglie-stevia\/#breadcrumb","itemListElement":[{"@type":"ListItem","position":1,"name":"Startseite","item":"https:\/\/teasense.ch\/it\/startseite\/"},{"@type":"ListItem","position":2,"name":"Ordina t\u00e8 online in Svizzera","item":"https:\/\/teasense.ch\/it\/shop\/"},{"@type":"ListItem","position":3,"name":"Foglie di stevia"}]},{"@type":"WebSite","@id":"https:\/\/teasense.ch\/it\/#website","url":"https:\/\/teasense.ch\/it\/","name":"TeaSense.ch","description":"Nat\u00fcrliche Teemischungen und klassischer Tee","publisher":{"@id":"https:\/\/teasense.ch\/it\/#organization"},"alternateName":"TeaSense","potentialAction":[{"@type":"SearchAction","target":{"@type":"EntryPoint","urlTemplate":"https:\/\/teasense.ch\/it\/?s={search_term_string}"},"query-input":{"@type":"PropertyValueSpecification","valueRequired":true,"valueName":"search_term_string"}}],"inLanguage":"it-CH"},{"@type":"Organization","@id":"https:\/\/teasense.ch\/it\/#organization","name":"Reale Selection","alternateName":"TeaSense.ch","url":"https:\/\/teasense.ch\/it\/","logo":{"@type":"ImageObject","inLanguage":"it-CH","@id":"https:\/\/teasense.ch\/it\/#\/schema\/logo\/image\/","url":"https:\/\/teasense.ch\/wp-content\/uploads\/2023\/07\/cropped-logo-teasense-kategorie-onlineshop-alle-produkte.jpg","contentUrl":"https:\/\/teasense.ch\/wp-content\/uploads\/2023\/07\/cropped-logo-teasense-kategorie-onlineshop-alle-produkte.jpg","width":512,"height":512,"caption":"Reale Selection"},"image":{"@id":"https:\/\/teasense.ch\/it\/#\/schema\/logo\/image\/"},"sameAs":["https:\/\/www.facebook.com\/teasense.ch"]}]}},"jetpack-related-posts":[{"id":48482,"url":"https:\/\/teasense.ch\/it\/prodotto\/tisana-cacao-menta\/","url_meta":{"origin":48527,"position":0},"title":"Cacao Menta &#8211; Miscela di tisane","author":"Reale Selection","date":"16. November 2025","format":false,"excerpt":"Preparazione \ud83e\udd44 1 cucchiaino (10\u201312 g per litro)\ud83c\udf21\ufe0f 100 \u00b0C\u23f3 5 - 8 minuti","rel":"","context":"Similar post","block_context":{"text":"Similar post","link":""},"img":{"alt_text":"Schoko Minze - Kr\u00e4uterteemischung","src":"https:\/\/i0.wp.com\/teasense.ch\/wp-content\/uploads\/2025\/11\/schoko-minze-kraeuterteemischung.png?resize=350%2C200&ssl=1","width":350,"height":200,"srcset":"https:\/\/i0.wp.com\/teasense.ch\/wp-content\/uploads\/2025\/11\/schoko-minze-kraeuterteemischung.png?resize=350%2C200&ssl=1 1x, https:\/\/i0.wp.com\/teasense.ch\/wp-content\/uploads\/2025\/11\/schoko-minze-kraeuterteemischung.png?resize=525%2C300&ssl=1 1.5x, https:\/\/i0.wp.com\/teasense.ch\/wp-content\/uploads\/2025\/11\/schoko-minze-kraeuterteemischung.png?resize=700%2C400&ssl=1 2x"},"classes":[]},{"id":48467,"url":"https:\/\/teasense.ch\/it\/prodotto\/cucchiaio-te-legno-7-cm\/","url_meta":{"origin":48527,"position":1},"title":"Cucchiaio da t\u00e8 in legno 7 cm","author":"Reale Selection","date":"16. November 2025","format":false,"excerpt":"Lunghezza: 7 cm Materiale: legno","rel":"","context":"Similar post","block_context":{"text":"Similar post","link":""},"img":{"alt_text":"Teeschaufel aus Holz 7 cm f\u00fcr Losen Tee oder Gew\u00fcrze","src":"https:\/\/i0.wp.com\/teasense.ch\/wp-content\/uploads\/2025\/11\/teeschaufel-aus-holz-7-cm.png?resize=350%2C200&ssl=1","width":350,"height":200,"srcset":"https:\/\/i0.wp.com\/teasense.ch\/wp-content\/uploads\/2025\/11\/teeschaufel-aus-holz-7-cm.png?resize=350%2C200&ssl=1 1x, https:\/\/i0.wp.com\/teasense.ch\/wp-content\/uploads\/2025\/11\/teeschaufel-aus-holz-7-cm.png?resize=525%2C300&ssl=1 1.5x, https:\/\/i0.wp.com\/teasense.ch\/wp-content\/uploads\/2025\/11\/teeschaufel-aus-holz-7-cm.png?resize=700%2C400&ssl=1 2x"},"classes":[]},{"id":48573,"url":"https:\/\/teasense.ch\/it\/prodotto\/miscela-curcuma-spezie\/","url_meta":{"origin":48527,"position":2},"title":"Miscela di spezie alla curcuma","author":"Reale Selection","date":"22. October 2025","format":false,"excerpt":"Curcuma con citronella, limone, zenzero e coriandolo Ideale come infuso, in cucina o per una bevanda alla curcuma Colore dorato, 100 % ingredienti naturali \u2013 senza additivi","rel":"","context":"Similar post","block_context":{"text":"Similar post","link":""},"img":{"alt_text":"Kurkuma Gew\u00fcrz-Mix Zitronengras, Zitrone, Ingwer und Koriander","src":"https:\/\/i0.wp.com\/teasense.ch\/wp-content\/uploads\/2025\/09\/kurkuma-zitrone-1.png?resize=350%2C200&ssl=1","width":350,"height":200,"srcset":"https:\/\/i0.wp.com\/teasense.ch\/wp-content\/uploads\/2025\/09\/kurkuma-zitrone-1.png?resize=350%2C200&ssl=1 1x, https:\/\/i0.wp.com\/teasense.ch\/wp-content\/uploads\/2025\/09\/kurkuma-zitrone-1.png?resize=525%2C300&ssl=1 1.5x, https:\/\/i0.wp.com\/teasense.ch\/wp-content\/uploads\/2025\/09\/kurkuma-zitrone-1.png?resize=700%2C400&ssl=1 2x"},"classes":[]},{"id":48150,"url":"https:\/\/teasense.ch\/it\/prodotto\/te-nero-vaniglia\/","url_meta":{"origin":48527,"position":3},"title":"T\u00e8 nero vaniglia","author":"Reale Selection","date":"17. December 2025","format":false,"excerpt":"Preparazione T\u00e8 nero vaniglia naturale \ud83e\udd44 1 \u2013 2 cucchiaini per tazza (12 g\/litro)\ud83c\udf21\ufe0f 100 \u00b0C\u23f3 3 minuti","rel":"","context":"Similar post","block_context":{"text":"Similar post","link":""},"img":{"alt_text":"Schwarztee Vanille Nat\u00fcrlich","src":"https:\/\/i0.wp.com\/teasense.ch\/wp-content\/uploads\/2025\/12\/vanille-schwarztee.png?resize=350%2C200&ssl=1","width":350,"height":200,"srcset":"https:\/\/i0.wp.com\/teasense.ch\/wp-content\/uploads\/2025\/12\/vanille-schwarztee.png?resize=350%2C200&ssl=1 1x, https:\/\/i0.wp.com\/teasense.ch\/wp-content\/uploads\/2025\/12\/vanille-schwarztee.png?resize=525%2C300&ssl=1 1.5x, https:\/\/i0.wp.com\/teasense.ch\/wp-content\/uploads\/2025\/12\/vanille-schwarztee.png?resize=700%2C400&ssl=1 2x"},"classes":[]},{"id":48437,"url":"https:\/\/teasense.ch\/it\/prodotto\/filtro-te-inox-75-mm\/","url_meta":{"origin":48527,"position":4},"title":"Filtro t\u00e8 in acciaio inox 75 mm","author":"Reale Selection","date":"7. January 2026","format":false,"excerpt":"Setaccio in acciaio inox da 75 mm (\u00d8 75\/85 x 50 mm)","rel":"","context":"Similar post","block_context":{"text":"Similar post","link":""},"img":{"alt_text":"Edelstahlsieb 75 mm 85 x 50 mm","src":"https:\/\/i0.wp.com\/teasense.ch\/wp-content\/uploads\/2026\/01\/edelstahlsieb-75-mm-85-x-50-mm.png?resize=350%2C200&ssl=1","width":350,"height":200,"srcset":"https:\/\/i0.wp.com\/teasense.ch\/wp-content\/uploads\/2026\/01\/edelstahlsieb-75-mm-85-x-50-mm.png?resize=350%2C200&ssl=1 1x, https:\/\/i0.wp.com\/teasense.ch\/wp-content\/uploads\/2026\/01\/edelstahlsieb-75-mm-85-x-50-mm.png?resize=525%2C300&ssl=1 1.5x, https:\/\/i0.wp.com\/teasense.ch\/wp-content\/uploads\/2026\/01\/edelstahlsieb-75-mm-85-x-50-mm.png?resize=700%2C400&ssl=1 2x"},"classes":[]},{"id":48515,"url":"https:\/\/teasense.ch\/it\/prodotto\/bombilla-mate-argentata\/","url_meta":{"origin":48527,"position":5},"title":"Bombilla mate argentata","author":"Reale Selection","date":"11. November 2025","format":false,"excerpt":"Bombilla mate argentata dritta","rel":"","context":"Similar post","block_context":{"text":"Similar post","link":""},"img":{"alt_text":"","src":"https:\/\/i0.wp.com\/teasense.ch\/wp-content\/uploads\/2025\/11\/bombilla-mate-versilbert.png?resize=350%2C200&ssl=1","width":350,"height":200,"srcset":"https:\/\/i0.wp.com\/teasense.ch\/wp-content\/uploads\/2025\/11\/bombilla-mate-versilbert.png?resize=350%2C200&ssl=1 1x, https:\/\/i0.wp.com\/teasense.ch\/wp-content\/uploads\/2025\/11\/bombilla-mate-versilbert.png?resize=525%2C300&ssl=1 1.5x, https:\/\/i0.wp.com\/teasense.ch\/wp-content\/uploads\/2025\/11\/bombilla-mate-versilbert.png?resize=700%2C400&ssl=1 2x"},"classes":[]}],"jetpack_sharing_enabled":true,"jetpack_likes_enabled":false,"_links":{"self":[{"href":"https:\/\/teasense.ch\/it\/wp-json\/wp\/v2\/product\/48527","targetHints":{"allow":["GET"]}}],"collection":[{"href":"https:\/\/teasense.ch\/it\/wp-json\/wp\/v2\/product"}],"about":[{"href":"https:\/\/teasense.ch\/it\/wp-json\/wp\/v2\/types\/product"}],"replies":[{"embeddable":true,"href":"https:\/\/teasense.ch\/it\/wp-json\/wp\/v2\/comments?post=48527"}],"wp:featuredmedia":[{"embeddable":true,"href":"https:\/\/teasense.ch\/it\/wp-json\/wp\/v2\/media\/47458"}],"wp:attachment":[{"href":"https:\/\/teasense.ch\/it\/wp-json\/wp\/v2\/media?parent=48527"}],"wp:term":[{"taxonomy":"product_brand","embeddable":true,"href":"https:\/\/teasense.ch\/it\/wp-json\/wp\/v2\/product_brand?post=48527"},{"taxonomy":"product_cat","embeddable":true,"href":"https:\/\/teasense.ch\/it\/wp-json\/wp\/v2\/product_cat?post=48527"},{"taxonomy":"product_tag","embeddable":true,"href":"https:\/\/teasense.ch\/it\/wp-json\/wp\/v2\/product_tag?post=48527"}],"curies":[{"name":"wp","href":"https:\/\/api.w.org\/{rel}","templated":true}]}}