{"id":48673,"date":"2025-10-13T10:11:13","date_gmt":"2025-10-13T08:11:13","guid":{"rendered":"https:\/\/teasense.ch\/produkt\/armonia-frutti-di-bosco-infuso-frutta\/"},"modified":"2025-10-13T10:11:13","modified_gmt":"2025-10-13T08:11:13","slug":"armonia-frutti-di-bosco-infuso-frutta","status":"publish","type":"product","link":"https:\/\/teasense.ch\/it\/prodotto\/armonia-frutti-di-bosco-infuso-frutta\/","title":{"rendered":"Armonia di Frutti di Bosco \u2013 Infuso di frutta"},"content":{"rendered":"<h2>Infuso ai frutti di bosco con una nota fresca<\/h2>\n<p>Questo infuso conquista con il suo carattere fruttato e una leggera nota di freschezza. Durante l\u2019infusione si sviluppano intensi aromi di lampone e menta, accompagnati da un profumo armonioso che ricorda le giornate estive.  <\/p>\n<h3>La combinazione di dolcezza fruttata e freschezza delicata crea un gusto vivace e ben equilibrato.<\/h3>\n<p>Anche dal punto di vista visivo questo infuso \u00e8 speciale: petali di rosa, lamponi interi e bacche di sambuco scure lo rendono particolarmente attraente. \u00c8 ideale per le giornate calde, ma si gusta perfettamente anche caldo. <\/p>\n<p><strong>Ingredienti<\/strong>: pezzi di mela, bucce di rosa canina, uvetta di Corinto, ibisco, bacche di sambuco, pezzi di carota, lamponi interi, petali di rosa, boccioli di rosa, foglie di menta piperita, aroma naturale.<\/p>\n<h3>Preparazione Infuso di frutta<\/h3>\n<p>Preparazione: Utilizzare circa 15\u201320 g per litro d\u2019acqua. Versare acqua bollente e lasciare in infusione per 10\u201312 minuti per ottenere tutto l\u2019aroma fruttato e fresco.  <\/p>\n<h4>Scopri altri momenti fruttati<\/h4>\n<p>Se ti piace questo infuso, prova anche il nostro <a href=\"https:\/\/teasense.ch\/prodotto\/herbstgefuehle-fruechtetee\/\">infuso autunnale<\/a>.<br \/>\nOgni miscela mostra quanto pu\u00f2 essere versatile un infuso di frutta.<\/p>\n","protected":false},"excerpt":{"rendered":"<h4>Preparazione Armonia di Frutti di Bosco \u2013 Infuso di frutta<\/h4>\n<p>\ud83e\udd441 cucchiaino per 200 ml<br data-start=\"2256\" data-end=\"2259\">\ud83c\udf21\ufe0f 100 \u00b0C<br data-start=\"2269\" data-end=\"2272\">\u23f3 10\u201312 minuti<\/p>\n","protected":false},"featured_media":47273,"comment_status":"open","ping_status":"closed","template":"","meta":{"_et_pb_use_builder":"","_et_pb_old_content":"","_et_gb_content_width":""},"product_brand":[],"product_cat":[413,339,340],"product_tag":[],"class_list":{"0":"post-48673","1":"product","2":"type-product","3":"status-publish","4":"has-post-thumbnail","6":"product_cat-infuso-frutta","7":"product_cat-te-sfuso","8":"product_cat-tutti-prodotti","9":"pa_herkunft-germania","10":"pa_weight-100-g","11":"pa_weight-200-g","12":"pa_weight-400-g","13":"pa_weight-50-g","15":"first","16":"instock","17":"shipping-taxable","18":"purchasable","19":"product-type-variable","20":"has-default-attributes","21":"add-to-wishlist-before_image"},"yoast_head":"<!-- This site is optimized with the Yoast SEO plugin v27.5 - https:\/\/yoast.com\/product\/yoast-seo-wordpress\/ -->\n<title>Armonia di Frutti di Bosco \u2013 Infuso di frutta - TeaSense.ch - Tee Shop Schweiz<\/title>\n<meta name=\"description\" content=\"Infuso di frutta ai frutti di bosco con una delicata nota fresca. Equilibrato, aromatico e ideale caldo o freddo.\" \/>\n<meta name=\"robots\" content=\"index, follow, max-snippet:-1, max-image-preview:large, max-video-preview:-1\" \/>\n<link rel=\"canonical\" href=\"https:\/\/teasense.ch\/it\/prodotto\/armonia-frutti-di-bosco-infuso-frutta\/\" \/>\n<meta property=\"og:locale\" content=\"it_IT\" \/>\n<meta property=\"og:type\" content=\"article\" \/>\n<meta property=\"og:title\" content=\"Armonia di Frutti di Bosco \u2013 Infuso di frutta - TeaSense.ch - Tee Shop Schweiz\" \/>\n<meta property=\"og:description\" content=\"Infuso di frutta ai frutti di bosco con una delicata nota fresca. Equilibrato, aromatico e ideale caldo o freddo.\" \/>\n<meta property=\"og:url\" content=\"https:\/\/teasense.ch\/it\/prodotto\/armonia-frutti-di-bosco-infuso-frutta\/\" \/>\n<meta property=\"og:site_name\" content=\"TeaSense.ch - Tee Shop Schweiz\" \/>\n<meta property=\"article:publisher\" content=\"https:\/\/www.facebook.com\/teasense.ch\" \/>\n<meta property=\"og:image\" content=\"https:\/\/teasense.ch\/wp-content\/uploads\/2025\/10\/beerenfrisch.png\" \/>\n\t<meta property=\"og:image:width\" content=\"800\" \/>\n\t<meta property=\"og:image:height\" content=\"800\" \/>\n\t<meta property=\"og:image:type\" content=\"image\/png\" \/>\n<meta name=\"twitter:card\" content=\"summary_large_image\" \/>\n<meta name=\"twitter:label1\" content=\"Est. reading time\" \/>\n\t<meta name=\"twitter:data1\" content=\"1 minute\" \/>\n<!-- \/ Yoast SEO plugin. -->","yoast_head_json":{"title":"Armonia di Frutti di Bosco \u2013 Infuso di frutta - TeaSense.ch - Tee Shop Schweiz","description":"Infuso di frutta ai frutti di bosco con una delicata nota fresca. Equilibrato, aromatico e ideale caldo o freddo.","robots":{"index":"index","follow":"follow","max-snippet":"max-snippet:-1","max-image-preview":"max-image-preview:large","max-video-preview":"max-video-preview:-1"},"canonical":"https:\/\/teasense.ch\/it\/prodotto\/armonia-frutti-di-bosco-infuso-frutta\/","og_locale":"it_IT","og_type":"article","og_title":"Armonia di Frutti di Bosco \u2013 Infuso di frutta - TeaSense.ch - Tee Shop Schweiz","og_description":"Infuso di frutta ai frutti di bosco con una delicata nota fresca. Equilibrato, aromatico e ideale caldo o freddo.","og_url":"https:\/\/teasense.ch\/it\/prodotto\/armonia-frutti-di-bosco-infuso-frutta\/","og_site_name":"TeaSense.ch - Tee Shop Schweiz","article_publisher":"https:\/\/www.facebook.com\/teasense.ch","og_image":[{"width":800,"height":800,"url":"https:\/\/teasense.ch\/wp-content\/uploads\/2025\/10\/beerenfrisch.png","type":"image\/png"}],"twitter_card":"summary_large_image","twitter_misc":{"Est. reading time":"1 minute"},"schema":{"@context":"https:\/\/schema.org","@graph":[{"@type":"WebPage","@id":"https:\/\/teasense.ch\/it\/prodotto\/armonia-frutti-di-bosco-infuso-frutta\/","url":"https:\/\/teasense.ch\/it\/prodotto\/armonia-frutti-di-bosco-infuso-frutta\/","name":"Armonia di Frutti di Bosco \u2013 Infuso di frutta - TeaSense.ch - Tee Shop Schweiz","isPartOf":{"@id":"https:\/\/teasense.ch\/it\/#website"},"primaryImageOfPage":{"@id":"https:\/\/teasense.ch\/it\/prodotto\/armonia-frutti-di-bosco-infuso-frutta\/#primaryimage"},"image":{"@id":"https:\/\/teasense.ch\/it\/prodotto\/armonia-frutti-di-bosco-infuso-frutta\/#primaryimage"},"thumbnailUrl":"https:\/\/teasense.ch\/wp-content\/uploads\/2025\/10\/beerenfrisch.png","datePublished":"2025-10-13T08:11:13+00:00","description":"Infuso di frutta ai frutti di bosco con una delicata nota fresca. Equilibrato, aromatico e ideale caldo o freddo.","breadcrumb":{"@id":"https:\/\/teasense.ch\/it\/prodotto\/armonia-frutti-di-bosco-infuso-frutta\/#breadcrumb"},"inLanguage":"it-CH","potentialAction":[{"@type":"ReadAction","target":["https:\/\/teasense.ch\/it\/prodotto\/armonia-frutti-di-bosco-infuso-frutta\/"]}]},{"@type":"ImageObject","inLanguage":"it-CH","@id":"https:\/\/teasense.ch\/it\/prodotto\/armonia-frutti-di-bosco-infuso-frutta\/#primaryimage","url":"https:\/\/teasense.ch\/wp-content\/uploads\/2025\/10\/beerenfrisch.png","contentUrl":"https:\/\/teasense.ch\/wp-content\/uploads\/2025\/10\/beerenfrisch.png","width":800,"height":800,"caption":"Beerenfrisch \u2013 Fr\u00fcchtetee Fruchtige Frische mit beerigem Flair"},{"@type":"BreadcrumbList","@id":"https:\/\/teasense.ch\/it\/prodotto\/armonia-frutti-di-bosco-infuso-frutta\/#breadcrumb","itemListElement":[{"@type":"ListItem","position":1,"name":"Startseite","item":"https:\/\/teasense.ch\/it\/startseite\/"},{"@type":"ListItem","position":2,"name":"Ordina t\u00e8 online in Svizzera","item":"https:\/\/teasense.ch\/it\/shop\/"},{"@type":"ListItem","position":3,"name":"Armonia di Frutti di Bosco \u2013 Infuso di frutta"}]},{"@type":"WebSite","@id":"https:\/\/teasense.ch\/it\/#website","url":"https:\/\/teasense.ch\/it\/","name":"TeaSense.ch","description":"Nat\u00fcrliche Teemischungen und klassischer Tee","publisher":{"@id":"https:\/\/teasense.ch\/it\/#organization"},"alternateName":"TeaSense","potentialAction":[{"@type":"SearchAction","target":{"@type":"EntryPoint","urlTemplate":"https:\/\/teasense.ch\/it\/?s={search_term_string}"},"query-input":{"@type":"PropertyValueSpecification","valueRequired":true,"valueName":"search_term_string"}}],"inLanguage":"it-CH"},{"@type":"Organization","@id":"https:\/\/teasense.ch\/it\/#organization","name":"Reale Selection","alternateName":"TeaSense.ch","url":"https:\/\/teasense.ch\/it\/","logo":{"@type":"ImageObject","inLanguage":"it-CH","@id":"https:\/\/teasense.ch\/it\/#\/schema\/logo\/image\/","url":"https:\/\/teasense.ch\/wp-content\/uploads\/2023\/07\/cropped-logo-teasense-kategorie-onlineshop-alle-produkte.jpg","contentUrl":"https:\/\/teasense.ch\/wp-content\/uploads\/2023\/07\/cropped-logo-teasense-kategorie-onlineshop-alle-produkte.jpg","width":512,"height":512,"caption":"Reale Selection"},"image":{"@id":"https:\/\/teasense.ch\/it\/#\/schema\/logo\/image\/"},"sameAs":["https:\/\/www.facebook.com\/teasense.ch"]}]}},"jetpack-related-posts":[{"id":48691,"url":"https:\/\/teasense.ch\/it\/prodotto\/te-earl-grey-darjeeling\/","url_meta":{"origin":48673,"position":0},"title":"T\u00e8 Earl Grey Darjeeling","author":"Reale Selection","date":"12. October 2025","format":false,"excerpt":"Preparazione t\u00e8 Earl Grey Darjeeling \ud83e\udd441 cucchiaino per 200 ml\ud83c\udf21\ufe0f 100 \u00b0C\u23f3 3 minuti","rel":"","context":"Similar post","block_context":{"text":"Similar post","link":""},"img":{"alt_text":"Earl Grey Darjeeling \u2013 klassischer Schwarztee mit feinem Bergamotte-Duft","src":"https:\/\/i0.wp.com\/teasense.ch\/wp-content\/uploads\/2025\/10\/produktfoto-5.png?resize=350%2C200&ssl=1","width":350,"height":200,"srcset":"https:\/\/i0.wp.com\/teasense.ch\/wp-content\/uploads\/2025\/10\/produktfoto-5.png?resize=350%2C200&ssl=1 1x, https:\/\/i0.wp.com\/teasense.ch\/wp-content\/uploads\/2025\/10\/produktfoto-5.png?resize=525%2C300&ssl=1 1.5x, https:\/\/i0.wp.com\/teasense.ch\/wp-content\/uploads\/2025\/10\/produktfoto-5.png?resize=700%2C400&ssl=1 2x"},"classes":[]},{"id":48736,"url":"https:\/\/teasense.ch\/it\/prodotto\/perle-gelsomino-dragon\/","url_meta":{"origin":48673,"position":1},"title":"Perle di Gelsomino Dragon","author":"Reale Selection","date":"2. October 2025","format":false,"excerpt":"Preparazione Perle di Gelsomino Dragon \ud83e\udd441 cucchiaino per 200 ml \ud83c\udf21\ufe0f 70\u201380 \u00b0C \u23f3 2\u20133 minuti \ud83d\udd01 pi\u00f9 infusioni possibili","rel":"","context":"Similar post","block_context":{"text":"Similar post","link":""},"img":{"alt_text":"Jasmin Dragon Pearls Jasmin Tee Perlen","src":"https:\/\/i0.wp.com\/teasense.ch\/wp-content\/uploads\/2025\/10\/jasmin-dragon-pearls1.png?resize=350%2C200&ssl=1","width":350,"height":200,"srcset":"https:\/\/i0.wp.com\/teasense.ch\/wp-content\/uploads\/2025\/10\/jasmin-dragon-pearls1.png?resize=350%2C200&ssl=1 1x, https:\/\/i0.wp.com\/teasense.ch\/wp-content\/uploads\/2025\/10\/jasmin-dragon-pearls1.png?resize=525%2C300&ssl=1 1.5x, https:\/\/i0.wp.com\/teasense.ch\/wp-content\/uploads\/2025\/10\/jasmin-dragon-pearls1.png?resize=700%2C400&ssl=1 2x"},"classes":[]},{"id":48704,"url":"https:\/\/teasense.ch\/fr\/prodotto\/hojicha-the-vert-grille-japon\/","url_meta":{"origin":48673,"position":2},"title":"Hojicha \u2013 Th\u00e9 vert grill\u00e9 du Japon","author":"Reale Selection","date":"12. October 2025","format":false,"excerpt":"Pr\u00e9paration Hojicha \ud83e\udd44 1 cuill\u00e8re \u00e0 caf\u00e9 pour 200 ml\ud83c\udf21\ufe0f 75 \u00b0C\u23f3 1 minute\ud83d\udd01 plusieurs infusions possibles","rel":"","context":"Similar post","block_context":{"text":"Similar post","link":""},"img":{"alt_text":"Houjicha Cultivar Yabukita Kagoshima S\u00fcden Japans.","src":"https:\/\/i0.wp.com\/teasense.ch\/wp-content\/uploads\/2025\/10\/produktfoto-3.png?resize=350%2C200&ssl=1","width":350,"height":200,"srcset":"https:\/\/i0.wp.com\/teasense.ch\/wp-content\/uploads\/2025\/10\/produktfoto-3.png?resize=350%2C200&ssl=1 1x, https:\/\/i0.wp.com\/teasense.ch\/wp-content\/uploads\/2025\/10\/produktfoto-3.png?resize=525%2C300&ssl=1 1.5x, https:\/\/i0.wp.com\/teasense.ch\/wp-content\/uploads\/2025\/10\/produktfoto-3.png?resize=700%2C400&ssl=1 2x"},"classes":[]},{"id":48132,"url":"https:\/\/teasense.ch\/fr\/prodotto\/cadeau-the-entreprise\/","url_meta":{"origin":48673,"position":3},"title":"Cadeau th\u00e9 entreprise","author":"Reale Selection","date":"2. March 2026","format":false,"excerpt":"100 g d\u2019un m\u00e9lange de th\u00e9 s\u00e9lectionn\u00e9 Choix entre trois vari\u00e9t\u00e9s Emball\u00e9 dans un sachet kraft avec fen\u00eatre Commander de 20 \u00e0 100 pi\u00e8ces sur la boutique D\u00e9lai de livraison env. 14 jours ouvrables","rel":"","context":"Similar post","block_context":{"text":"Similar post","link":""},"img":{"alt_text":"Auswahl Tee Kundengeschenke Schwarztee Kr\u00e4utertee Fr\u00fcchtetee","src":"https:\/\/i0.wp.com\/teasense.ch\/wp-content\/uploads\/2026\/03\/auswahl-tee-kundengeschenke.png?resize=350%2C200&ssl=1","width":350,"height":200,"srcset":"https:\/\/i0.wp.com\/teasense.ch\/wp-content\/uploads\/2026\/03\/auswahl-tee-kundengeschenke.png?resize=350%2C200&ssl=1 1x, https:\/\/i0.wp.com\/teasense.ch\/wp-content\/uploads\/2026\/03\/auswahl-tee-kundengeschenke.png?resize=525%2C300&ssl=1 1.5x, https:\/\/i0.wp.com\/teasense.ch\/wp-content\/uploads\/2026\/03\/auswahl-tee-kundengeschenke.png?resize=700%2C400&ssl=1 2x"},"classes":[]},{"id":48685,"url":"https:\/\/teasense.ch\/fr\/prodotto\/the-earl-grey-darjeeling\/","url_meta":{"origin":48673,"position":4},"title":"Th\u00e9 Earl Grey Darjeeling","author":"Reale Selection","date":"12. October 2025","format":false,"excerpt":"Pr\u00e9paration Earl Grey Darjeeling \ud83e\udd44 1 cuill\u00e8re \u00e0 caf\u00e9 pour 200 ml\ud83c\udf21\ufe0f 100 \u00b0C\u23f3 3 minutes","rel":"","context":"Similar post","block_context":{"text":"Similar post","link":""},"img":{"alt_text":"Earl Grey Darjeeling \u2013 klassischer Schwarztee mit feinem Bergamotte-Duft","src":"https:\/\/i0.wp.com\/teasense.ch\/wp-content\/uploads\/2025\/10\/produktfoto-5.png?resize=350%2C200&ssl=1","width":350,"height":200,"srcset":"https:\/\/i0.wp.com\/teasense.ch\/wp-content\/uploads\/2025\/10\/produktfoto-5.png?resize=350%2C200&ssl=1 1x, https:\/\/i0.wp.com\/teasense.ch\/wp-content\/uploads\/2025\/10\/produktfoto-5.png?resize=525%2C300&ssl=1 1.5x, https:\/\/i0.wp.com\/teasense.ch\/wp-content\/uploads\/2025\/10\/produktfoto-5.png?resize=700%2C400&ssl=1 2x"},"classes":[]}],"jetpack_sharing_enabled":true,"jetpack_likes_enabled":false,"_links":{"self":[{"href":"https:\/\/teasense.ch\/it\/wp-json\/wp\/v2\/product\/48673","targetHints":{"allow":["GET"]}}],"collection":[{"href":"https:\/\/teasense.ch\/it\/wp-json\/wp\/v2\/product"}],"about":[{"href":"https:\/\/teasense.ch\/it\/wp-json\/wp\/v2\/types\/product"}],"replies":[{"embeddable":true,"href":"https:\/\/teasense.ch\/it\/wp-json\/wp\/v2\/comments?post=48673"}],"wp:featuredmedia":[{"embeddable":true,"href":"https:\/\/teasense.ch\/it\/wp-json\/wp\/v2\/media\/47273"}],"wp:attachment":[{"href":"https:\/\/teasense.ch\/it\/wp-json\/wp\/v2\/media?parent=48673"}],"wp:term":[{"taxonomy":"product_brand","embeddable":true,"href":"https:\/\/teasense.ch\/it\/wp-json\/wp\/v2\/product_brand?post=48673"},{"taxonomy":"product_cat","embeddable":true,"href":"https:\/\/teasense.ch\/it\/wp-json\/wp\/v2\/product_cat?post=48673"},{"taxonomy":"product_tag","embeddable":true,"href":"https:\/\/teasense.ch\/it\/wp-json\/wp\/v2\/product_tag?post=48673"}],"curies":[{"name":"wp","href":"https:\/\/api.w.org\/{rel}","templated":true}]}}