{"id":48711,"date":"2025-10-12T10:45:39","date_gmt":"2025-10-12T08:45:39","guid":{"rendered":"https:\/\/teasense.ch\/produkt\/hojicha-te-verde-tostato-giapponese\/"},"modified":"2025-10-12T10:45:39","modified_gmt":"2025-10-12T08:45:39","slug":"hojicha-te-verde-tostato-giapponese","status":"publish","type":"product","link":"https:\/\/teasense.ch\/it\/prodotto\/hojicha-te-verde-tostato-giapponese\/","title":{"rendered":"Hojicha \u2013 T\u00e8 verde tostato giapponese"},"content":{"rendered":"<h2>T\u00e8 verde giapponese tostato<\/h2>\n<p>L\u2019Hojicha \u00e8 un t\u00e8 verde giapponese particolare, ottenuto tramite un processo di tostatura. Le foglie e i gambi vengono riscaldati delicatamente, creando un infuso dal colore ambrato e un aroma caldo e avvolgente. Il gusto \u00e8 morbido ed equilibrato, con note tostate, una leggera dolcezza naturale e sfumature di cacao e caramello.  <\/p>\n<h2>Origine e produzione Hojicha<\/h2>\n<p>Questo Hojicha proviene da Kagoshima, nel sud del Giappone, una regione nota per la sua cultura del t\u00e8. \u00c8 prodotto dal cultivar Yabukita, uno dei pi\u00f9 diffusi in Giappone. A differenza di molti t\u00e8 verdi, l\u2019Hojicha viene tostato e non solo lavorato a vapore. Il termine \u201cHouji\u201d significa \u201ctostato\u201d e \u201ccha\u201d significa \u201ct\u00e8\u201d. Questo processo conferisce un profilo delicato e armonioso con un basso contenuto di caffeina, ideale anche la sera.    <\/p>\n<p><strong>Ingredienti<\/strong>: t\u00e8 verde (foglie e gambi tostati) dal Giappone, cultivar Yabukita.<\/p>\n<h3>Preparazione Hojicha<\/h3>\n<p>Utilizzare circa 15 g per litro d\u2019acqua. Portare l\u2019acqua a circa 75 \u00b0C e lasciare in infusione per circa 1 minuto. Il t\u00e8 pu\u00f2 essere infuso pi\u00f9 volte, con aromi che evolvono ad ogni infusione.  <\/p>\n<h4>Scopri altri t\u00e8 verdi giapponesi<\/h4>\n<p>Se ti piace il t\u00e8 verde, prova anche il nostro <a href=\"https:\/\/teasense.ch\/prodotto\/japan-genmaicha\/\">Genmaicha giapponese<\/a>. <\/p>\n","protected":false},"excerpt":{"rendered":"<h4>Preparazione Hojicha<\/h4>\n<p>\ud83e\udd441 cucchiaino per 200 ml<br data-start=\"2094\" data-end=\"2097\">\ud83c\udf21\ufe0f 75 \u00b0C<br data-start=\"2106\" data-end=\"2109\">\u23f3 1 minuto<br data-start=\"2133\" data-end=\"2136\">\ud83d\udd01 pi\u00f9 infusioni possibili<\/p>\n","protected":false},"featured_media":47260,"comment_status":"open","ping_status":"closed","template":"","meta":{"_et_pb_use_builder":"","_et_pb_old_content":"","_et_gb_content_width":""},"product_brand":[],"product_cat":[339,416,340],"product_tag":[],"class_list":{"0":"post-48711","1":"product","2":"type-product","3":"status-publish","4":"has-post-thumbnail","6":"product_cat-te-sfuso","7":"product_cat-te-verde","8":"product_cat-tutti-prodotti","9":"pa_herkunft-giappone","10":"pa_weight-100-g","11":"pa_weight-200-g","12":"pa_weight-400-g","13":"pa_weight-50-g","15":"first","16":"instock","17":"shipping-taxable","18":"purchasable","19":"product-type-variable","20":"has-default-attributes","21":"add-to-wishlist-before_image"},"yoast_head":"<!-- This site is optimized with the Yoast SEO plugin v27.5 - https:\/\/yoast.com\/product\/yoast-seo-wordpress\/ -->\n<title>Hojicha \u2013 T\u00e8 verde tostato giapponese - TeaSense.ch - Tee Shop Schweiz<\/title>\n<meta name=\"description\" content=\"Hojicha t\u00e8 verde tostato giapponese \ud83c\udf75 Delicato, povero di caffeina con note di caramello e cacao \u2013 perfetto la sera.\" \/>\n<meta name=\"robots\" content=\"index, follow, max-snippet:-1, max-image-preview:large, max-video-preview:-1\" \/>\n<link rel=\"canonical\" href=\"https:\/\/teasense.ch\/it\/prodotto\/hojicha-te-verde-tostato-giapponese\/\" \/>\n<meta property=\"og:locale\" content=\"it_IT\" \/>\n<meta property=\"og:type\" content=\"article\" \/>\n<meta property=\"og:title\" content=\"Hojicha \u2013 T\u00e8 verde tostato giapponese - TeaSense.ch - Tee Shop Schweiz\" \/>\n<meta property=\"og:description\" content=\"Hojicha t\u00e8 verde tostato giapponese \ud83c\udf75 Delicato, povero di caffeina con note di caramello e cacao \u2013 perfetto la sera.\" \/>\n<meta property=\"og:url\" content=\"https:\/\/teasense.ch\/it\/prodotto\/hojicha-te-verde-tostato-giapponese\/\" \/>\n<meta property=\"og:site_name\" content=\"TeaSense.ch - Tee Shop Schweiz\" \/>\n<meta property=\"article:publisher\" content=\"https:\/\/www.facebook.com\/teasense.ch\" \/>\n<meta property=\"og:image\" content=\"https:\/\/teasense.ch\/wp-content\/uploads\/2025\/10\/produktfoto-3.png\" \/>\n\t<meta property=\"og:image:width\" content=\"800\" \/>\n\t<meta property=\"og:image:height\" content=\"800\" \/>\n\t<meta property=\"og:image:type\" content=\"image\/png\" \/>\n<meta name=\"twitter:card\" content=\"summary_large_image\" \/>\n<meta name=\"twitter:label1\" content=\"Est. reading time\" \/>\n\t<meta name=\"twitter:data1\" content=\"1 minute\" \/>\n<!-- \/ Yoast SEO plugin. -->","yoast_head_json":{"title":"Hojicha \u2013 T\u00e8 verde tostato giapponese - TeaSense.ch - Tee Shop Schweiz","description":"Hojicha t\u00e8 verde tostato giapponese \ud83c\udf75 Delicato, povero di caffeina con note di caramello e cacao \u2013 perfetto la sera.","robots":{"index":"index","follow":"follow","max-snippet":"max-snippet:-1","max-image-preview":"max-image-preview:large","max-video-preview":"max-video-preview:-1"},"canonical":"https:\/\/teasense.ch\/it\/prodotto\/hojicha-te-verde-tostato-giapponese\/","og_locale":"it_IT","og_type":"article","og_title":"Hojicha \u2013 T\u00e8 verde tostato giapponese - TeaSense.ch - Tee Shop Schweiz","og_description":"Hojicha t\u00e8 verde tostato giapponese \ud83c\udf75 Delicato, povero di caffeina con note di caramello e cacao \u2013 perfetto la sera.","og_url":"https:\/\/teasense.ch\/it\/prodotto\/hojicha-te-verde-tostato-giapponese\/","og_site_name":"TeaSense.ch - Tee Shop Schweiz","article_publisher":"https:\/\/www.facebook.com\/teasense.ch","og_image":[{"width":800,"height":800,"url":"https:\/\/teasense.ch\/wp-content\/uploads\/2025\/10\/produktfoto-3.png","type":"image\/png"}],"twitter_card":"summary_large_image","twitter_misc":{"Est. reading time":"1 minute"},"schema":{"@context":"https:\/\/schema.org","@graph":[{"@type":"WebPage","@id":"https:\/\/teasense.ch\/it\/prodotto\/hojicha-te-verde-tostato-giapponese\/","url":"https:\/\/teasense.ch\/it\/prodotto\/hojicha-te-verde-tostato-giapponese\/","name":"Hojicha \u2013 T\u00e8 verde tostato giapponese - TeaSense.ch - Tee Shop Schweiz","isPartOf":{"@id":"https:\/\/teasense.ch\/it\/#website"},"primaryImageOfPage":{"@id":"https:\/\/teasense.ch\/it\/prodotto\/hojicha-te-verde-tostato-giapponese\/#primaryimage"},"image":{"@id":"https:\/\/teasense.ch\/it\/prodotto\/hojicha-te-verde-tostato-giapponese\/#primaryimage"},"thumbnailUrl":"https:\/\/teasense.ch\/wp-content\/uploads\/2025\/10\/produktfoto-3.png","datePublished":"2025-10-12T08:45:39+00:00","description":"Hojicha t\u00e8 verde tostato giapponese \ud83c\udf75 Delicato, povero di caffeina con note di caramello e cacao \u2013 perfetto la sera.","breadcrumb":{"@id":"https:\/\/teasense.ch\/it\/prodotto\/hojicha-te-verde-tostato-giapponese\/#breadcrumb"},"inLanguage":"it-CH","potentialAction":[{"@type":"ReadAction","target":["https:\/\/teasense.ch\/it\/prodotto\/hojicha-te-verde-tostato-giapponese\/"]}]},{"@type":"ImageObject","inLanguage":"it-CH","@id":"https:\/\/teasense.ch\/it\/prodotto\/hojicha-te-verde-tostato-giapponese\/#primaryimage","url":"https:\/\/teasense.ch\/wp-content\/uploads\/2025\/10\/produktfoto-3.png","contentUrl":"https:\/\/teasense.ch\/wp-content\/uploads\/2025\/10\/produktfoto-3.png","width":800,"height":800,"caption":"Houjicha Cultivar Yabukita Kagoshima S\u00fcden Japans."},{"@type":"BreadcrumbList","@id":"https:\/\/teasense.ch\/it\/prodotto\/hojicha-te-verde-tostato-giapponese\/#breadcrumb","itemListElement":[{"@type":"ListItem","position":1,"name":"Startseite","item":"https:\/\/teasense.ch\/it\/startseite\/"},{"@type":"ListItem","position":2,"name":"Ordina t\u00e8 online in Svizzera","item":"https:\/\/teasense.ch\/it\/shop\/"},{"@type":"ListItem","position":3,"name":"Hojicha \u2013 T\u00e8 verde tostato giapponese"}]},{"@type":"WebSite","@id":"https:\/\/teasense.ch\/it\/#website","url":"https:\/\/teasense.ch\/it\/","name":"TeaSense.ch","description":"Nat\u00fcrliche Teemischungen und klassischer Tee","publisher":{"@id":"https:\/\/teasense.ch\/it\/#organization"},"alternateName":"TeaSense","potentialAction":[{"@type":"SearchAction","target":{"@type":"EntryPoint","urlTemplate":"https:\/\/teasense.ch\/it\/?s={search_term_string}"},"query-input":{"@type":"PropertyValueSpecification","valueRequired":true,"valueName":"search_term_string"}}],"inLanguage":"it-CH"},{"@type":"Organization","@id":"https:\/\/teasense.ch\/it\/#organization","name":"Reale Selection","alternateName":"TeaSense.ch","url":"https:\/\/teasense.ch\/it\/","logo":{"@type":"ImageObject","inLanguage":"it-CH","@id":"https:\/\/teasense.ch\/it\/#\/schema\/logo\/image\/","url":"https:\/\/teasense.ch\/wp-content\/uploads\/2023\/07\/cropped-logo-teasense-kategorie-onlineshop-alle-produkte.jpg","contentUrl":"https:\/\/teasense.ch\/wp-content\/uploads\/2023\/07\/cropped-logo-teasense-kategorie-onlineshop-alle-produkte.jpg","width":512,"height":512,"caption":"Reale Selection"},"image":{"@id":"https:\/\/teasense.ch\/it\/#\/schema\/logo\/image\/"},"sameAs":["https:\/\/www.facebook.com\/teasense.ch"]}]}},"jetpack-related-posts":[{"id":48561,"url":"https:\/\/teasense.ch\/it\/prodotto\/tazza-mate-ceramica-verde-marmorizzato\/","url_meta":{"origin":48711,"position":0},"title":"Tazza mate in ceramica \u2013 verde marmorizzato","author":"Reale Selection","date":"10. November 2025","format":false,"excerpt":"Materiale: ceramica Colore: smalto verde marmorizzato Capacit\u00e0: 350 ml","rel":"","context":"Similar post","block_context":{"text":"Similar post","link":""},"img":{"alt_text":"Mate Becher aus Keramik mit Marmor Design Gr\u00fcn","src":"https:\/\/i0.wp.com\/teasense.ch\/wp-content\/uploads\/2025\/11\/mate-becher-keramik.png?resize=350%2C200&ssl=1","width":350,"height":200,"srcset":"https:\/\/i0.wp.com\/teasense.ch\/wp-content\/uploads\/2025\/11\/mate-becher-keramik.png?resize=350%2C200&ssl=1 1x, https:\/\/i0.wp.com\/teasense.ch\/wp-content\/uploads\/2025\/11\/mate-becher-keramik.png?resize=525%2C300&ssl=1 1.5x, https:\/\/i0.wp.com\/teasense.ch\/wp-content\/uploads\/2025\/11\/mate-becher-keramik.png?resize=700%2C400&ssl=1 2x"},"classes":[]},{"id":48150,"url":"https:\/\/teasense.ch\/it\/prodotto\/te-nero-vaniglia\/","url_meta":{"origin":48711,"position":1},"title":"T\u00e8 nero vaniglia","author":"Reale Selection","date":"17. December 2025","format":false,"excerpt":"Preparazione T\u00e8 nero vaniglia naturale \ud83e\udd44 1 \u2013 2 cucchiaini per tazza (12 g\/litro)\ud83c\udf21\ufe0f 100 \u00b0C\u23f3 3 minuti","rel":"","context":"Similar post","block_context":{"text":"Similar post","link":""},"img":{"alt_text":"Schwarztee Vanille Nat\u00fcrlich","src":"https:\/\/i0.wp.com\/teasense.ch\/wp-content\/uploads\/2025\/12\/vanille-schwarztee.png?resize=350%2C200&ssl=1","width":350,"height":200,"srcset":"https:\/\/i0.wp.com\/teasense.ch\/wp-content\/uploads\/2025\/12\/vanille-schwarztee.png?resize=350%2C200&ssl=1 1x, https:\/\/i0.wp.com\/teasense.ch\/wp-content\/uploads\/2025\/12\/vanille-schwarztee.png?resize=525%2C300&ssl=1 1.5x, https:\/\/i0.wp.com\/teasense.ch\/wp-content\/uploads\/2025\/12\/vanille-schwarztee.png?resize=700%2C400&ssl=1 2x"},"classes":[]},{"id":48619,"url":"https:\/\/teasense.ch\/it\/prodotto\/te-nero-kenya-gfop-marinyn\/","url_meta":{"origin":48711,"position":2},"title":"T\u00e8 nero Kenya GFOP Marinyn","author":"Reale Selection","date":"13. October 2025","format":false,"excerpt":"Preparazione Kenya GFOP Marinyn \ud83e\udd441 cucchiaino per 200 ml\ud83c\udf21\ufe0f 100 \u00b0C\u23f3 3 minuti","rel":"","context":"Similar post","block_context":{"text":"Similar post","link":""},"img":{"alt_text":"Schwarztee aus Kenia loser Tee Kenya GFOP Marinyn","src":"https:\/\/i0.wp.com\/teasense.ch\/wp-content\/uploads\/2025\/10\/kenya-gfop-marinyn.png?resize=350%2C200&ssl=1","width":350,"height":200,"srcset":"https:\/\/i0.wp.com\/teasense.ch\/wp-content\/uploads\/2025\/10\/kenya-gfop-marinyn.png?resize=350%2C200&ssl=1 1x, https:\/\/i0.wp.com\/teasense.ch\/wp-content\/uploads\/2025\/10\/kenya-gfop-marinyn.png?resize=525%2C300&ssl=1 1.5x, https:\/\/i0.wp.com\/teasense.ch\/wp-content\/uploads\/2025\/10\/kenya-gfop-marinyn.png?resize=700%2C400&ssl=1 2x"},"classes":[]},{"id":48637,"url":"https:\/\/teasense.ch\/it\/prodotto\/tisana-foglie-lampone\/","url_meta":{"origin":48711,"position":3},"title":"Tisana di foglie di lampone","author":"Reale Selection","date":"13. October 2025","format":false,"excerpt":"Preparazione foglie di lampone \ud83e\udd44 1-2 cucchiaini per 200 ml\ud83c\udf21\ufe0f 95 \u00b0C\u23f3 5-7 minuti","rel":"","context":"Similar post","block_context":{"text":"Similar post","link":""},"img":{"alt_text":"Himbeerbl\u00e4tter Tee \u2013 mild, aromatisch und wohlschmeckend","src":"https:\/\/i0.wp.com\/teasense.ch\/wp-content\/uploads\/2025\/10\/himbeerblaetter.png?resize=350%2C200&ssl=1","width":350,"height":200,"srcset":"https:\/\/i0.wp.com\/teasense.ch\/wp-content\/uploads\/2025\/10\/himbeerblaetter.png?resize=350%2C200&ssl=1 1x, https:\/\/i0.wp.com\/teasense.ch\/wp-content\/uploads\/2025\/10\/himbeerblaetter.png?resize=525%2C300&ssl=1 1.5x, https:\/\/i0.wp.com\/teasense.ch\/wp-content\/uploads\/2025\/10\/himbeerblaetter.png?resize=700%2C400&ssl=1 2x"},"classes":[]},{"id":48503,"url":"https:\/\/teasense.ch\/it\/prodotto\/filtro-te-54\/","url_meta":{"origin":48711,"position":4},"title":"Filtro t\u00e8 54 mm","author":"Reale Selection","date":"13. November 2025","format":false,"excerpt":"Filtro t\u00e8 54 mm","rel":"","context":"Similar post","block_context":{"text":"Similar post","link":""},"img":{"alt_text":"Teesieb 54 mm Durchmesser mit Teekanne Charm","src":"https:\/\/i0.wp.com\/teasense.ch\/wp-content\/uploads\/2025\/11\/teesieb.png?resize=350%2C200&ssl=1","width":350,"height":200,"srcset":"https:\/\/i0.wp.com\/teasense.ch\/wp-content\/uploads\/2025\/11\/teesieb.png?resize=350%2C200&ssl=1 1x, https:\/\/i0.wp.com\/teasense.ch\/wp-content\/uploads\/2025\/11\/teesieb.png?resize=525%2C300&ssl=1 1.5x, https:\/\/i0.wp.com\/teasense.ch\/wp-content\/uploads\/2025\/11\/teesieb.png?resize=700%2C400&ssl=1 2x"},"classes":[]},{"id":48144,"url":"https:\/\/teasense.ch\/it\/prodotto\/te-nero-ciliegia-selvatica\/","url_meta":{"origin":48711,"position":5},"title":"T\u00e8 nero Ciliegia selvatica","author":"Reale Selection","date":"17. December 2025","format":false,"excerpt":"Preparazione T\u00e8 nero Ciliegia selvatica naturale \ud83e\udd44 1 \u2013 2 cucchiaini per tazza (12 g\/litro)\ud83c\udf21\ufe0f 100 \u00b0C\u23f3 3 minuti","rel":"","context":"Similar post","block_context":{"text":"Similar post","link":""},"img":{"alt_text":"Schwarztee Wildkirsche Nat\u00fcrliche Teemischung","src":"https:\/\/i0.wp.com\/teasense.ch\/wp-content\/uploads\/2025\/12\/schwarztee-wildkirsche.png?resize=350%2C200&ssl=1","width":350,"height":200,"srcset":"https:\/\/i0.wp.com\/teasense.ch\/wp-content\/uploads\/2025\/12\/schwarztee-wildkirsche.png?resize=350%2C200&ssl=1 1x, https:\/\/i0.wp.com\/teasense.ch\/wp-content\/uploads\/2025\/12\/schwarztee-wildkirsche.png?resize=525%2C300&ssl=1 1.5x, https:\/\/i0.wp.com\/teasense.ch\/wp-content\/uploads\/2025\/12\/schwarztee-wildkirsche.png?resize=700%2C400&ssl=1 2x"},"classes":[]}],"jetpack_sharing_enabled":true,"jetpack_likes_enabled":false,"_links":{"self":[{"href":"https:\/\/teasense.ch\/it\/wp-json\/wp\/v2\/product\/48711","targetHints":{"allow":["GET"]}}],"collection":[{"href":"https:\/\/teasense.ch\/it\/wp-json\/wp\/v2\/product"}],"about":[{"href":"https:\/\/teasense.ch\/it\/wp-json\/wp\/v2\/types\/product"}],"replies":[{"embeddable":true,"href":"https:\/\/teasense.ch\/it\/wp-json\/wp\/v2\/comments?post=48711"}],"wp:featuredmedia":[{"embeddable":true,"href":"https:\/\/teasense.ch\/it\/wp-json\/wp\/v2\/media\/47260"}],"wp:attachment":[{"href":"https:\/\/teasense.ch\/it\/wp-json\/wp\/v2\/media?parent=48711"}],"wp:term":[{"taxonomy":"product_brand","embeddable":true,"href":"https:\/\/teasense.ch\/it\/wp-json\/wp\/v2\/product_brand?post=48711"},{"taxonomy":"product_cat","embeddable":true,"href":"https:\/\/teasense.ch\/it\/wp-json\/wp\/v2\/product_cat?post=48711"},{"taxonomy":"product_tag","embeddable":true,"href":"https:\/\/teasense.ch\/it\/wp-json\/wp\/v2\/product_tag?post=48711"}],"curies":[{"name":"wp","href":"https:\/\/api.w.org\/{rel}","templated":true}]}}