{"id":48759,"date":"2025-10-01T15:07:55","date_gmt":"2025-10-01T13:07:55","guid":{"rendered":"https:\/\/teasense.ch\/produkt\/te-verde-bancha-giapponese\/"},"modified":"2025-10-01T15:07:55","modified_gmt":"2025-10-01T13:07:55","slug":"te-verde-bancha-giapponese","status":"publish","type":"product","link":"https:\/\/teasense.ch\/it\/prodotto\/te-verde-bancha-giapponese\/","title":{"rendered":"T\u00e8 verde Bancha giapponese"},"content":{"rendered":"<h2>T\u00e8 verde Bancha giapponese \u2013 delicato e bilanciato<\/h2>\n<p>Il Bancha giapponese \u00e8 un t\u00e8 verde di alta qualit\u00e0 ottenuto da foglie pi\u00f9 grandi raccolte pi\u00f9 tardi nella stagione. Si distingue per il suo gusto morbido e leggero, ideale per il consumo quotidiano. Le foglie lunghe si aprono in infusione creando una bevanda chiara, di colore verde tenue, fresca e piacevole. Essendo raccolto pi\u00f9 tardi, il Bancha contiene meno caffeina rispetto ad altri t\u00e8 verdi e offre un profilo pi\u00f9 delicato ed equilibrato. \u00c8 perfetto da gustare in qualsiasi momento della giornata.  <\/p>\n<h3>Preparazione t\u00e8 verde<\/h3>\n<p>Utilizzare 12\u201315 grammi per litro d\u2019acqua. Portare l\u2019acqua a 80\u201390 \u00b0C e lasciare in infusione per 1,5\u20132 minuti. Si ottiene una tazza leggera, morbida e rinfrescante.  <\/p>\n<h4>Scopri altri t\u00e8 verdi<\/h4>\n<p>Se ti piace il t\u00e8 verde, prova anche il nostro <a href=\"https:\/\/teasense.ch\/prodotto\/japan-genmaicha\/\">Genmaicha giapponese<\/a>. <\/p>\n","protected":false},"excerpt":{"rendered":"<h4>Preparazione t\u00e8 verde Bancha giapponese<\/h4>\n<p>\ud83e\udd44 12\u201315 g per litro<br \/>\n\ud83c\udf21\ufe0f 80\u201390 \u00b0C<br \/>\n\u23f3 1,5\u20132 minuti<\/p>\n","protected":false},"featured_media":47235,"comment_status":"open","ping_status":"closed","template":"","meta":{"_et_pb_use_builder":"","_et_pb_old_content":"","_et_gb_content_width":""},"product_brand":[],"product_cat":[339,416,340],"product_tag":[],"class_list":{"0":"post-48759","1":"product","2":"type-product","3":"status-publish","4":"has-post-thumbnail","6":"product_cat-te-sfuso","7":"product_cat-te-verde","8":"product_cat-tutti-prodotti","9":"pa_herkunft-giappone","10":"pa_weight-100-g","11":"pa_weight-200-g","12":"pa_weight-400-g","13":"pa_weight-50-g","15":"first","16":"instock","17":"shipping-taxable","18":"purchasable","19":"product-type-variable","20":"has-default-attributes","21":"add-to-wishlist-before_image"},"yoast_head":"<!-- This site is optimized with the Yoast SEO plugin v27.5 - https:\/\/yoast.com\/product\/yoast-seo-wordpress\/ -->\n<title>T\u00e8 verde Bancha giapponese - TeaSense.ch - Tee Shop Schweiz<\/title>\n<meta name=\"description\" content=\"T\u00e8 verde Bancha giapponese \ud83c\udf43 Delicato, leggero e povero di caffeina \u2013 ideale per il consumo quotidiano.\" \/>\n<meta name=\"robots\" content=\"index, follow, max-snippet:-1, max-image-preview:large, max-video-preview:-1\" \/>\n<link rel=\"canonical\" href=\"https:\/\/teasense.ch\/it\/prodotto\/te-verde-bancha-giapponese\/\" \/>\n<meta property=\"og:locale\" content=\"it_IT\" \/>\n<meta property=\"og:type\" content=\"article\" \/>\n<meta property=\"og:title\" content=\"T\u00e8 verde Bancha giapponese - TeaSense.ch - Tee Shop Schweiz\" \/>\n<meta property=\"og:description\" content=\"T\u00e8 verde Bancha giapponese \ud83c\udf43 Delicato, leggero e povero di caffeina \u2013 ideale per il consumo quotidiano.\" \/>\n<meta property=\"og:url\" content=\"https:\/\/teasense.ch\/it\/prodotto\/te-verde-bancha-giapponese\/\" \/>\n<meta property=\"og:site_name\" content=\"TeaSense.ch - Tee Shop Schweiz\" \/>\n<meta property=\"article:publisher\" content=\"https:\/\/www.facebook.com\/teasense.ch\" \/>\n<meta property=\"og:image\" content=\"https:\/\/teasense.ch\/wp-content\/uploads\/2025\/10\/japan-bancha1.png\" \/>\n\t<meta property=\"og:image:width\" content=\"800\" \/>\n\t<meta property=\"og:image:height\" content=\"800\" \/>\n\t<meta property=\"og:image:type\" content=\"image\/png\" \/>\n<meta name=\"twitter:card\" content=\"summary_large_image\" \/>\n<meta name=\"twitter:label1\" content=\"Est. reading time\" \/>\n\t<meta name=\"twitter:data1\" content=\"1 minute\" \/>\n<!-- \/ Yoast SEO plugin. -->","yoast_head_json":{"title":"T\u00e8 verde Bancha giapponese - TeaSense.ch - Tee Shop Schweiz","description":"T\u00e8 verde Bancha giapponese \ud83c\udf43 Delicato, leggero e povero di caffeina \u2013 ideale per il consumo quotidiano.","robots":{"index":"index","follow":"follow","max-snippet":"max-snippet:-1","max-image-preview":"max-image-preview:large","max-video-preview":"max-video-preview:-1"},"canonical":"https:\/\/teasense.ch\/it\/prodotto\/te-verde-bancha-giapponese\/","og_locale":"it_IT","og_type":"article","og_title":"T\u00e8 verde Bancha giapponese - TeaSense.ch - Tee Shop Schweiz","og_description":"T\u00e8 verde Bancha giapponese \ud83c\udf43 Delicato, leggero e povero di caffeina \u2013 ideale per il consumo quotidiano.","og_url":"https:\/\/teasense.ch\/it\/prodotto\/te-verde-bancha-giapponese\/","og_site_name":"TeaSense.ch - Tee Shop Schweiz","article_publisher":"https:\/\/www.facebook.com\/teasense.ch","og_image":[{"width":800,"height":800,"url":"https:\/\/teasense.ch\/wp-content\/uploads\/2025\/10\/japan-bancha1.png","type":"image\/png"}],"twitter_card":"summary_large_image","twitter_misc":{"Est. reading time":"1 minute"},"schema":{"@context":"https:\/\/schema.org","@graph":[{"@type":"WebPage","@id":"https:\/\/teasense.ch\/it\/prodotto\/te-verde-bancha-giapponese\/","url":"https:\/\/teasense.ch\/it\/prodotto\/te-verde-bancha-giapponese\/","name":"T\u00e8 verde Bancha giapponese - TeaSense.ch - Tee Shop Schweiz","isPartOf":{"@id":"https:\/\/teasense.ch\/it\/#website"},"primaryImageOfPage":{"@id":"https:\/\/teasense.ch\/it\/prodotto\/te-verde-bancha-giapponese\/#primaryimage"},"image":{"@id":"https:\/\/teasense.ch\/it\/prodotto\/te-verde-bancha-giapponese\/#primaryimage"},"thumbnailUrl":"https:\/\/teasense.ch\/wp-content\/uploads\/2025\/10\/japan-bancha1.png","datePublished":"2025-10-01T13:07:55+00:00","description":"T\u00e8 verde Bancha giapponese \ud83c\udf43 Delicato, leggero e povero di caffeina \u2013 ideale per il consumo quotidiano.","breadcrumb":{"@id":"https:\/\/teasense.ch\/it\/prodotto\/te-verde-bancha-giapponese\/#breadcrumb"},"inLanguage":"it-CH","potentialAction":[{"@type":"ReadAction","target":["https:\/\/teasense.ch\/it\/prodotto\/te-verde-bancha-giapponese\/"]}]},{"@type":"ImageObject","inLanguage":"it-CH","@id":"https:\/\/teasense.ch\/it\/prodotto\/te-verde-bancha-giapponese\/#primaryimage","url":"https:\/\/teasense.ch\/wp-content\/uploads\/2025\/10\/japan-bancha1.png","contentUrl":"https:\/\/teasense.ch\/wp-content\/uploads\/2025\/10\/japan-bancha1.png","width":800,"height":800,"caption":"Japan Bancha \u2013 milder Gr\u00fcntee mit langem Blatt"},{"@type":"BreadcrumbList","@id":"https:\/\/teasense.ch\/it\/prodotto\/te-verde-bancha-giapponese\/#breadcrumb","itemListElement":[{"@type":"ListItem","position":1,"name":"Startseite","item":"https:\/\/teasense.ch\/it\/startseite\/"},{"@type":"ListItem","position":2,"name":"Ordina t\u00e8 online in Svizzera","item":"https:\/\/teasense.ch\/it\/shop\/"},{"@type":"ListItem","position":3,"name":"T\u00e8 verde Bancha giapponese"}]},{"@type":"WebSite","@id":"https:\/\/teasense.ch\/it\/#website","url":"https:\/\/teasense.ch\/it\/","name":"TeaSense.ch","description":"Nat\u00fcrliche Teemischungen und klassischer Tee","publisher":{"@id":"https:\/\/teasense.ch\/it\/#organization"},"alternateName":"TeaSense","potentialAction":[{"@type":"SearchAction","target":{"@type":"EntryPoint","urlTemplate":"https:\/\/teasense.ch\/it\/?s={search_term_string}"},"query-input":{"@type":"PropertyValueSpecification","valueRequired":true,"valueName":"search_term_string"}}],"inLanguage":"it-CH"},{"@type":"Organization","@id":"https:\/\/teasense.ch\/it\/#organization","name":"Reale Selection","alternateName":"TeaSense.ch","url":"https:\/\/teasense.ch\/it\/","logo":{"@type":"ImageObject","inLanguage":"it-CH","@id":"https:\/\/teasense.ch\/it\/#\/schema\/logo\/image\/","url":"https:\/\/teasense.ch\/wp-content\/uploads\/2023\/07\/cropped-logo-teasense-kategorie-onlineshop-alle-produkte.jpg","contentUrl":"https:\/\/teasense.ch\/wp-content\/uploads\/2023\/07\/cropped-logo-teasense-kategorie-onlineshop-alle-produkte.jpg","width":512,"height":512,"caption":"Reale Selection"},"image":{"@id":"https:\/\/teasense.ch\/it\/#\/schema\/logo\/image\/"},"sameAs":["https:\/\/www.facebook.com\/teasense.ch"]}]}},"jetpack-related-posts":[{"id":48637,"url":"https:\/\/teasense.ch\/it\/prodotto\/tisana-foglie-lampone\/","url_meta":{"origin":48759,"position":0},"title":"Tisana di foglie di lampone","author":"Reale Selection","date":"13. October 2025","format":false,"excerpt":"Preparazione foglie di lampone \ud83e\udd44 1-2 cucchiaini per 200 ml\ud83c\udf21\ufe0f 95 \u00b0C\u23f3 5-7 minuti","rel":"","context":"Similar post","block_context":{"text":"Similar post","link":""},"img":{"alt_text":"Himbeerbl\u00e4tter Tee \u2013 mild, aromatisch und wohlschmeckend","src":"https:\/\/i0.wp.com\/teasense.ch\/wp-content\/uploads\/2025\/10\/himbeerblaetter.png?resize=350%2C200&ssl=1","width":350,"height":200,"srcset":"https:\/\/i0.wp.com\/teasense.ch\/wp-content\/uploads\/2025\/10\/himbeerblaetter.png?resize=350%2C200&ssl=1 1x, https:\/\/i0.wp.com\/teasense.ch\/wp-content\/uploads\/2025\/10\/himbeerblaetter.png?resize=525%2C300&ssl=1 1.5x, https:\/\/i0.wp.com\/teasense.ch\/wp-content\/uploads\/2025\/10\/himbeerblaetter.png?resize=700%2C400&ssl=1 2x"},"classes":[]},{"id":48561,"url":"https:\/\/teasense.ch\/it\/prodotto\/tazza-mate-ceramica-verde-marmorizzato\/","url_meta":{"origin":48759,"position":1},"title":"Tazza mate in ceramica \u2013 verde marmorizzato","author":"Reale Selection","date":"10. November 2025","format":false,"excerpt":"Materiale: ceramica Colore: smalto verde marmorizzato Capacit\u00e0: 350 ml","rel":"","context":"Similar post","block_context":{"text":"Similar post","link":""},"img":{"alt_text":"Mate Becher aus Keramik mit Marmor Design Gr\u00fcn","src":"https:\/\/i0.wp.com\/teasense.ch\/wp-content\/uploads\/2025\/11\/mate-becher-keramik.png?resize=350%2C200&ssl=1","width":350,"height":200,"srcset":"https:\/\/i0.wp.com\/teasense.ch\/wp-content\/uploads\/2025\/11\/mate-becher-keramik.png?resize=350%2C200&ssl=1 1x, https:\/\/i0.wp.com\/teasense.ch\/wp-content\/uploads\/2025\/11\/mate-becher-keramik.png?resize=525%2C300&ssl=1 1.5x, https:\/\/i0.wp.com\/teasense.ch\/wp-content\/uploads\/2025\/11\/mate-becher-keramik.png?resize=700%2C400&ssl=1 2x"},"classes":[]},{"id":48655,"url":"https:\/\/teasense.ch\/it\/prodotto\/te-pu-erh-cina\/","url_meta":{"origin":48759,"position":2},"title":"T\u00e8 Pu Erh Cina","author":"Reale Selection","date":"13. October 2025","format":false,"excerpt":"Preparazione t\u00e8 Pu Erh Cina \ud83e\udd441 cucchiaino per 200 ml \ud83c\udf21\ufe0f 95 \u00b0C \u23f3 2-4 minuti","rel":"","context":"Similar post","block_context":{"text":"Similar post","link":""},"img":{"alt_text":"China Pu Erh Tee Fermentierter Schwarztee aus Yunnan","src":"https:\/\/i0.wp.com\/teasense.ch\/wp-content\/uploads\/2025\/10\/china-pu-erh-tee.png?resize=350%2C200&ssl=1","width":350,"height":200,"srcset":"https:\/\/i0.wp.com\/teasense.ch\/wp-content\/uploads\/2025\/10\/china-pu-erh-tee.png?resize=350%2C200&ssl=1 1x, https:\/\/i0.wp.com\/teasense.ch\/wp-content\/uploads\/2025\/10\/china-pu-erh-tee.png?resize=525%2C300&ssl=1 1.5x, https:\/\/i0.wp.com\/teasense.ch\/wp-content\/uploads\/2025\/10\/china-pu-erh-tee.png?resize=700%2C400&ssl=1 2x"},"classes":[]},{"id":48619,"url":"https:\/\/teasense.ch\/it\/prodotto\/te-nero-kenya-gfop-marinyn\/","url_meta":{"origin":48759,"position":3},"title":"T\u00e8 nero Kenya GFOP Marinyn","author":"Reale Selection","date":"13. October 2025","format":false,"excerpt":"Preparazione Kenya GFOP Marinyn \ud83e\udd441 cucchiaino per 200 ml\ud83c\udf21\ufe0f 100 \u00b0C\u23f3 3 minuti","rel":"","context":"Similar post","block_context":{"text":"Similar post","link":""},"img":{"alt_text":"Schwarztee aus Kenia loser Tee Kenya GFOP Marinyn","src":"https:\/\/i0.wp.com\/teasense.ch\/wp-content\/uploads\/2025\/10\/kenya-gfop-marinyn.png?resize=350%2C200&ssl=1","width":350,"height":200,"srcset":"https:\/\/i0.wp.com\/teasense.ch\/wp-content\/uploads\/2025\/10\/kenya-gfop-marinyn.png?resize=350%2C200&ssl=1 1x, https:\/\/i0.wp.com\/teasense.ch\/wp-content\/uploads\/2025\/10\/kenya-gfop-marinyn.png?resize=525%2C300&ssl=1 1.5x, https:\/\/i0.wp.com\/teasense.ch\/wp-content\/uploads\/2025\/10\/kenya-gfop-marinyn.png?resize=700%2C400&ssl=1 2x"},"classes":[]},{"id":48459,"url":"https:\/\/teasense.ch\/it\/prodotto\/composizione-te\/","url_meta":{"origin":48759,"position":4},"title":"Composizione di t\u00e8","author":"Reale Selection","date":"16. December 2025","format":false,"excerpt":"Preparazione Composizione di t\u00e8 \ud83e\udd44 1\u20132 cucchiaini per tazza (12 g per litro)\ud83c\udf21\ufe0f 100 \u00b0C\u23f3 3 minuti","rel":"","context":"Similar post","block_context":{"text":"Similar post","link":""},"img":{"alt_text":"Tee Trilogie \u2013 Schwarz-, Gr\u00fcn- und Pu-Erh-Tee","src":"https:\/\/i0.wp.com\/teasense.ch\/wp-content\/uploads\/2025\/12\/tee-trilogie-%E2%80%93-schwarz-gruen-und-pu-erh-tee.png?resize=350%2C200&ssl=1","width":350,"height":200,"srcset":"https:\/\/i0.wp.com\/teasense.ch\/wp-content\/uploads\/2025\/12\/tee-trilogie-%E2%80%93-schwarz-gruen-und-pu-erh-tee.png?resize=350%2C200&ssl=1 1x, https:\/\/i0.wp.com\/teasense.ch\/wp-content\/uploads\/2025\/12\/tee-trilogie-%E2%80%93-schwarz-gruen-und-pu-erh-tee.png?resize=525%2C300&ssl=1 1.5x, https:\/\/i0.wp.com\/teasense.ch\/wp-content\/uploads\/2025\/12\/tee-trilogie-%E2%80%93-schwarz-gruen-und-pu-erh-tee.png?resize=700%2C400&ssl=1 2x"},"classes":[]},{"id":48549,"url":"https:\/\/teasense.ch\/it\/prodotto\/soba-cha-te-grano-saraceno-al-forno\/","url_meta":{"origin":48759,"position":5},"title":"Soba Cha \u2013 t\u00e8 di grano saraceno al forno","author":"Reale Selection","date":"10. November 2025","format":false,"excerpt":"\ud83e\udd44 2 cucchiaini per tazza (14 g\/litro) \ud83c\udf21\ufe0f 100 \u00b0C \u23f3 2 minuti","rel":"","context":"Similar post","block_context":{"text":"Similar post","link":""},"img":{"alt_text":"Soba Cha \u2013 gebackener Buchweizen Tee","src":"https:\/\/i0.wp.com\/teasense.ch\/wp-content\/uploads\/2025\/11\/buchweizen.png?resize=350%2C200&ssl=1","width":350,"height":200,"srcset":"https:\/\/i0.wp.com\/teasense.ch\/wp-content\/uploads\/2025\/11\/buchweizen.png?resize=350%2C200&ssl=1 1x, https:\/\/i0.wp.com\/teasense.ch\/wp-content\/uploads\/2025\/11\/buchweizen.png?resize=525%2C300&ssl=1 1.5x, https:\/\/i0.wp.com\/teasense.ch\/wp-content\/uploads\/2025\/11\/buchweizen.png?resize=700%2C400&ssl=1 2x"},"classes":[]}],"jetpack_sharing_enabled":true,"jetpack_likes_enabled":false,"_links":{"self":[{"href":"https:\/\/teasense.ch\/it\/wp-json\/wp\/v2\/product\/48759","targetHints":{"allow":["GET"]}}],"collection":[{"href":"https:\/\/teasense.ch\/it\/wp-json\/wp\/v2\/product"}],"about":[{"href":"https:\/\/teasense.ch\/it\/wp-json\/wp\/v2\/types\/product"}],"replies":[{"embeddable":true,"href":"https:\/\/teasense.ch\/it\/wp-json\/wp\/v2\/comments?post=48759"}],"wp:featuredmedia":[{"embeddable":true,"href":"https:\/\/teasense.ch\/it\/wp-json\/wp\/v2\/media\/47235"}],"wp:attachment":[{"href":"https:\/\/teasense.ch\/it\/wp-json\/wp\/v2\/media?parent=48759"}],"wp:term":[{"taxonomy":"product_brand","embeddable":true,"href":"https:\/\/teasense.ch\/it\/wp-json\/wp\/v2\/product_brand?post=48759"},{"taxonomy":"product_cat","embeddable":true,"href":"https:\/\/teasense.ch\/it\/wp-json\/wp\/v2\/product_cat?post=48759"},{"taxonomy":"product_tag","embeddable":true,"href":"https:\/\/teasense.ch\/it\/wp-json\/wp\/v2\/product_tag?post=48759"}],"curies":[{"name":"wp","href":"https:\/\/api.w.org\/{rel}","templated":true}]}}