{"id":49039,"date":"2025-08-27T16:49:26","date_gmt":"2025-08-27T14:49:26","guid":{"rendered":"https:\/\/teasense.ch\/produkt\/box-degustazione-te\/"},"modified":"2026-04-30T23:15:09","modified_gmt":"2026-04-30T21:15:09","slug":"box-degustazione-te","status":"publish","type":"product","link":"https:\/\/teasense.ch\/it\/prodotto\/box-degustazione-te\/","title":{"rendered":"Box degustazione t\u00e8"},"content":{"rendered":"<h2 data-start=\"324\" data-end=\"740\">Box degustazione t\u00e8<\/h2>\n<p data-start=\"324\" data-end=\"740\">La nostra box di t\u00e8 \u00e8 perfetta per scoprire diverse variet\u00e0 e nuovi sapori. Ogni variante include una selezione di t\u00e8 (40\u201360 g ciascuno) e una confezione di 50 filtri vuoti. La selezione comprende t\u00e8 verde, t\u00e8 nero, tisane, infusi di frutta, rooibos e specialit\u00e0 stagionali \u2013 per un\u2019esperienza sempre varia.<\/p>\n<h3 data-start=\"742\" data-end=\"786\">Selezione casuale<\/h3>\n<p data-start=\"788\" data-end=\"1109\">I t\u00e8 vengono scelti casualmente, rendendo ogni box una piccola sorpresa. Cos\u00ec puoi scoprire sempre nuovi preferiti.<\/p>\n<h3 data-start=\"1111\" data-end=\"1150\">Versatile e pratica<\/h3>\n<p data-start=\"1152\" data-end=\"1452\">I <a href=\"https:\/\/teasense.ch\/prodotto\/teetassenbeutel\/\">filtri da t\u00e8<\/a> inclusi rendono il dosaggio semplice e permettono una preparazione immediata. Ogni variet\u00e0 \u00e8 sufficiente per pi\u00f9 tazze, per un piacere sempre diverso.<\/p>\n<h3>Ideale per casa o ufficio<\/h3>\n<p>La box \u00e8 perfetta sia per momenti di relax a casa sia per spazi condivisi o piccoli team in ufficio. Porta variet\u00e0 nella quotidianit\u00e0 e offre una pausa piacevole.<\/p>\n<h3>Box regalo t\u00e8<\/h3>\n<p>Per amici, famiglia o colleghi \u2013 questa box \u00e8 un regalo semplice e versatile. La selezione garantisce momenti di degustazione vari. Imballaggio e spedizione sono inclusi, cos\u00ec puoi regalarla direttamente.<\/p>\n<p data-start=\"1481\" data-end=\"1843\">La box viene spedita in un cartone resistente. La spedizione \u00e8 inclusa nel prezzo.<br \/>\nTutti i t\u00e8 sono selezionati con cura e senza aromi artificiali \u2013 per un\u2019esperienza naturale.<\/p>\n<ul>\n<li>10, 20 o 30 variet\u00e0 di t\u00e8<\/li>\n<li>1 confezione di filtri da t\u00e8 vuoti<\/li>\n<li>Spedizione inclusa<\/li>\n<\/ul>\n","protected":false},"excerpt":{"rendered":"<p>\ud83e\udd44 Dipende dal tipo di t\u00e8<br \/>\n\ud83c\udf21\ufe0f Dipende dal tipo di t\u00e8<br \/>\n\u23f3 Seguire le istruzioni di ogni t\u00e8<\/p>\n","protected":false},"featured_media":46961,"comment_status":"open","ping_status":"closed","template":"","meta":{"_et_pb_use_builder":"","_et_pb_old_content":"","_et_gb_content_width":""},"product_brand":[],"product_cat":[344,339,340],"product_tag":[],"class_list":{"0":"post-49039","1":"product","2":"type-product","3":"status-publish","4":"has-post-thumbnail","6":"product_cat-regali-te","7":"product_cat-te-sfuso","8":"product_cat-tutti-prodotti","9":"pa_packungen-637","10":"pa_packungen-641","11":"pa_packungen-642","13":"first","14":"instock","15":"shipping-taxable","16":"purchasable","17":"product-type-variable","18":"add-to-wishlist-before_image"},"yoast_head":"<!-- This site is optimized with the Yoast SEO plugin v27.5 - https:\/\/yoast.com\/product\/yoast-seo-wordpress\/ -->\n<title>Box degustazione t\u00e8 - TeaSense.ch - Tee Shop Schweiz<\/title>\n<meta name=\"description\" content=\"Scopri nuovi t\u00e8 \ud83c\udf75 Box assortita con diverse variet\u00e0 \u2013 ideale come regalo o per provare.\" \/>\n<meta name=\"robots\" content=\"index, follow, max-snippet:-1, max-image-preview:large, max-video-preview:-1\" \/>\n<link rel=\"canonical\" href=\"https:\/\/teasense.ch\/it\/prodotto\/box-degustazione-te\/\" \/>\n<meta property=\"og:locale\" content=\"it_IT\" \/>\n<meta property=\"og:type\" content=\"article\" \/>\n<meta property=\"og:title\" content=\"Box degustazione t\u00e8 - TeaSense.ch - Tee Shop Schweiz\" \/>\n<meta property=\"og:description\" content=\"Scopri nuovi t\u00e8 \ud83c\udf75 Box assortita con diverse variet\u00e0 \u2013 ideale come regalo o per provare.\" \/>\n<meta property=\"og:url\" content=\"https:\/\/teasense.ch\/it\/prodotto\/box-degustazione-te\/\" \/>\n<meta property=\"og:site_name\" content=\"TeaSense.ch - Tee Shop Schweiz\" \/>\n<meta property=\"article:publisher\" content=\"https:\/\/www.facebook.com\/teasense.ch\" \/>\n<meta property=\"article:modified_time\" content=\"2026-04-30T21:15:09+00:00\" \/>\n<meta property=\"og:image\" content=\"https:\/\/teasense.ch\/wp-content\/uploads\/2025\/02\/hibiskus-tee-lose-und-aufgegossen-in-Tassen.png\" \/>\n\t<meta property=\"og:image:width\" content=\"800\" \/>\n\t<meta property=\"og:image:height\" content=\"800\" \/>\n\t<meta property=\"og:image:type\" content=\"image\/png\" \/>\n<meta name=\"twitter:card\" content=\"summary_large_image\" \/>\n<meta name=\"twitter:label1\" content=\"Est. reading time\" \/>\n\t<meta name=\"twitter:data1\" content=\"1 minute\" \/>\n<!-- \/ Yoast SEO plugin. -->","yoast_head_json":{"title":"Box degustazione t\u00e8 - TeaSense.ch - Tee Shop Schweiz","description":"Scopri nuovi t\u00e8 \ud83c\udf75 Box assortita con diverse variet\u00e0 \u2013 ideale come regalo o per provare.","robots":{"index":"index","follow":"follow","max-snippet":"max-snippet:-1","max-image-preview":"max-image-preview:large","max-video-preview":"max-video-preview:-1"},"canonical":"https:\/\/teasense.ch\/it\/prodotto\/box-degustazione-te\/","og_locale":"it_IT","og_type":"article","og_title":"Box degustazione t\u00e8 - TeaSense.ch - Tee Shop Schweiz","og_description":"Scopri nuovi t\u00e8 \ud83c\udf75 Box assortita con diverse variet\u00e0 \u2013 ideale come regalo o per provare.","og_url":"https:\/\/teasense.ch\/it\/prodotto\/box-degustazione-te\/","og_site_name":"TeaSense.ch - Tee Shop Schweiz","article_publisher":"https:\/\/www.facebook.com\/teasense.ch","article_modified_time":"2026-04-30T21:15:09+00:00","og_image":[{"width":800,"height":800,"url":"https:\/\/teasense.ch\/wp-content\/uploads\/2025\/02\/hibiskus-tee-lose-und-aufgegossen-in-Tassen.png","type":"image\/png"}],"twitter_card":"summary_large_image","twitter_misc":{"Est. reading time":"1 minute"},"schema":{"@context":"https:\/\/schema.org","@graph":[{"@type":"WebPage","@id":"https:\/\/teasense.ch\/it\/prodotto\/box-degustazione-te\/","url":"https:\/\/teasense.ch\/it\/prodotto\/box-degustazione-te\/","name":"Box degustazione t\u00e8 - TeaSense.ch - Tee Shop Schweiz","isPartOf":{"@id":"https:\/\/teasense.ch\/it\/#website"},"primaryImageOfPage":{"@id":"https:\/\/teasense.ch\/it\/prodotto\/box-degustazione-te\/#primaryimage"},"image":{"@id":"https:\/\/teasense.ch\/it\/prodotto\/box-degustazione-te\/#primaryimage"},"thumbnailUrl":"https:\/\/teasense.ch\/wp-content\/uploads\/2025\/08\/teebox.png","datePublished":"2025-08-27T14:49:26+00:00","dateModified":"2026-04-30T21:15:09+00:00","description":"Scopri nuovi t\u00e8 \ud83c\udf75 Box assortita con diverse variet\u00e0 \u2013 ideale come regalo o per provare.","breadcrumb":{"@id":"https:\/\/teasense.ch\/it\/prodotto\/box-degustazione-te\/#breadcrumb"},"inLanguage":"it-CH","potentialAction":[{"@type":"ReadAction","target":["https:\/\/teasense.ch\/it\/prodotto\/box-degustazione-te\/"]}]},{"@type":"ImageObject","inLanguage":"it-CH","@id":"https:\/\/teasense.ch\/it\/prodotto\/box-degustazione-te\/#primaryimage","url":"https:\/\/teasense.ch\/wp-content\/uploads\/2025\/08\/teebox.png","contentUrl":"https:\/\/teasense.ch\/wp-content\/uploads\/2025\/08\/teebox.png","width":800,"height":800,"caption":"Tee Box - handverlesene Teesorten inklusive Teetassenbeuteln"},{"@type":"BreadcrumbList","@id":"https:\/\/teasense.ch\/it\/prodotto\/box-degustazione-te\/#breadcrumb","itemListElement":[{"@type":"ListItem","position":1,"name":"Startseite","item":"https:\/\/teasense.ch\/it\/startseite\/"},{"@type":"ListItem","position":2,"name":"Ordina t\u00e8 online in Svizzera","item":"https:\/\/teasense.ch\/it\/shop\/"},{"@type":"ListItem","position":3,"name":"Box degustazione t\u00e8"}]},{"@type":"WebSite","@id":"https:\/\/teasense.ch\/it\/#website","url":"https:\/\/teasense.ch\/it\/","name":"TeaSense.ch","description":"Nat\u00fcrliche Teemischungen und klassischer Tee","publisher":{"@id":"https:\/\/teasense.ch\/it\/#organization"},"alternateName":"TeaSense","potentialAction":[{"@type":"SearchAction","target":{"@type":"EntryPoint","urlTemplate":"https:\/\/teasense.ch\/it\/?s={search_term_string}"},"query-input":{"@type":"PropertyValueSpecification","valueRequired":true,"valueName":"search_term_string"}}],"inLanguage":"it-CH"},{"@type":"Organization","@id":"https:\/\/teasense.ch\/it\/#organization","name":"Reale Selection","alternateName":"TeaSense.ch","url":"https:\/\/teasense.ch\/it\/","logo":{"@type":"ImageObject","inLanguage":"it-CH","@id":"https:\/\/teasense.ch\/it\/#\/schema\/logo\/image\/","url":"https:\/\/teasense.ch\/wp-content\/uploads\/2023\/07\/cropped-logo-teasense-kategorie-onlineshop-alle-produkte.jpg","contentUrl":"https:\/\/teasense.ch\/wp-content\/uploads\/2023\/07\/cropped-logo-teasense-kategorie-onlineshop-alle-produkte.jpg","width":512,"height":512,"caption":"Reale Selection"},"image":{"@id":"https:\/\/teasense.ch\/it\/#\/schema\/logo\/image\/"},"sameAs":["https:\/\/www.facebook.com\/teasense.ch"]}]}},"jetpack-related-posts":[{"id":49133,"url":"https:\/\/teasense.ch\/it\/prodotto\/trio-dei-sensi\/","url_meta":{"origin":49039,"position":0},"title":"Trio dei sensi","author":"Reale Selection","date":"31. January 2024","format":false,"excerpt":"Ogni set contiene tre provette con circa 5 g di ingredienti, confezionate in una scatola regalo con tag a forma di cuore.","rel":"","context":"Similar post","block_context":{"text":"Similar post","link":""},"img":{"alt_text":"Geschenkverpackung Trio der Sinne mit Schlaufe","src":"https:\/\/i0.wp.com\/teasense.ch\/wp-content\/uploads\/2024\/01\/geschenkverpackung-trio-der-sinne.png?resize=350%2C200&ssl=1","width":350,"height":200,"srcset":"https:\/\/i0.wp.com\/teasense.ch\/wp-content\/uploads\/2024\/01\/geschenkverpackung-trio-der-sinne.png?resize=350%2C200&ssl=1 1x, https:\/\/i0.wp.com\/teasense.ch\/wp-content\/uploads\/2024\/01\/geschenkverpackung-trio-der-sinne.png?resize=525%2C300&ssl=1 1.5x, https:\/\/i0.wp.com\/teasense.ch\/wp-content\/uploads\/2024\/01\/geschenkverpackung-trio-der-sinne.png?resize=700%2C400&ssl=1 2x"},"classes":[]},{"id":48993,"url":"https:\/\/teasense.ch\/it\/prodotto\/formosa-oolong-selezione\/","url_meta":{"origin":49039,"position":1},"title":"Formosa Oolong Selezione","author":"Reale Selection","date":"19. September 2025","format":false,"excerpt":"Formosa Oolong Selezione \u2013 Preparazione \ud83e\udd44 1\u20132 cucchiaini per 200 ml di acqua\ud83c\udf21\ufe0f 80\u201390\u00b0C (acqua calda, non bollente)\u23f3 2\u20134 minuti, reinfusibile pi\u00f9 volte","rel":"","context":"Similar post","block_context":{"text":"Similar post","link":""},"img":{"alt_text":"Formosa Fine Oolong loser Tee","src":"https:\/\/i0.wp.com\/teasense.ch\/wp-content\/uploads\/2025\/09\/formosa-fine-oolong.png?resize=350%2C200&ssl=1","width":350,"height":200,"srcset":"https:\/\/i0.wp.com\/teasense.ch\/wp-content\/uploads\/2025\/09\/formosa-fine-oolong.png?resize=350%2C200&ssl=1 1x, https:\/\/i0.wp.com\/teasense.ch\/wp-content\/uploads\/2025\/09\/formosa-fine-oolong.png?resize=525%2C300&ssl=1 1.5x, https:\/\/i0.wp.com\/teasense.ch\/wp-content\/uploads\/2025\/09\/formosa-fine-oolong.png?resize=700%2C400&ssl=1 2x"},"classes":[]},{"id":48103,"url":"https:\/\/teasense.ch\/it\/prodotto\/abbonamento-te\/","url_meta":{"origin":49039,"position":2},"title":"Abbonamento t\u00e8","author":"Reale Selection","date":"25. January 2024","format":false,"excerpt":"\ud83c\udf3f Due tipi di t\u00e8 al mese \ud83d\udcc5 Durata liberamente selezionabile \ud83d\udc8c Personale & personalizzato \ud83c\udf81 Perfetto come regalo Seleziona il numero di mesi desiderato:","rel":"","context":"Similar post","block_context":{"text":"Similar post","link":""},"img":{"alt_text":"Abbonamento al t\u00e8 Scatola di spedizione Teasense Svizzera","src":"https:\/\/i0.wp.com\/teasense.ch\/wp-content\/uploads\/2024\/01\/Tee-Abo-Teasense-Versandbox.png?resize=350%2C200&ssl=1","width":350,"height":200,"srcset":"https:\/\/i0.wp.com\/teasense.ch\/wp-content\/uploads\/2024\/01\/Tee-Abo-Teasense-Versandbox.png?resize=350%2C200&ssl=1 1x, https:\/\/i0.wp.com\/teasense.ch\/wp-content\/uploads\/2024\/01\/Tee-Abo-Teasense-Versandbox.png?resize=525%2C300&ssl=1 1.5x, https:\/\/i0.wp.com\/teasense.ch\/wp-content\/uploads\/2024\/01\/Tee-Abo-Teasense-Versandbox.png?resize=700%2C400&ssl=1 2x"},"classes":[]},{"id":48443,"url":"https:\/\/teasense.ch\/it\/prodotto\/tazza-chai-kulhad-argilla-130-ml\/","url_meta":{"origin":49039,"position":3},"title":"Tazza chai Kulhad in argilla 130 ml","author":"Reale Selection","date":"7. January 2026","format":false,"excerpt":"Tazza chai in argilla senza manico Capacit\u00e0 di 130 ml","rel":"","context":"Similar post","block_context":{"text":"Similar post","link":""},"img":{"alt_text":"Kulhad Chai Becher aus Ton \u2013 Kulhar Teetasse 130 ml","src":"https:\/\/i0.wp.com\/teasense.ch\/wp-content\/uploads\/2026\/01\/chai-toncup-kulhar-130-ml.png?resize=350%2C200&ssl=1","width":350,"height":200,"srcset":"https:\/\/i0.wp.com\/teasense.ch\/wp-content\/uploads\/2026\/01\/chai-toncup-kulhar-130-ml.png?resize=350%2C200&ssl=1 1x, https:\/\/i0.wp.com\/teasense.ch\/wp-content\/uploads\/2026\/01\/chai-toncup-kulhar-130-ml.png?resize=525%2C300&ssl=1 1.5x, https:\/\/i0.wp.com\/teasense.ch\/wp-content\/uploads\/2026\/01\/chai-toncup-kulhar-130-ml.png?resize=700%2C400&ssl=1 2x"},"classes":[]},{"id":49188,"url":"https:\/\/teasense.ch\/it\/prodotto\/rooibos-limone\/","url_meta":{"origin":49039,"position":4},"title":"Rooibos limone","author":"Reale Selection","date":"12. May 2025","format":false,"excerpt":"Preparazione rooibos limone \ud83e\udd44 1 cucchiaino per 200 ml (14 g\/litro) \ud83c\udf21\ufe0f 100 \u00b0C \u23f3 5 minuti","rel":"","context":"Similar post","block_context":{"text":"Similar post","link":""},"img":{"alt_text":"Rooibusch Zitrone Teemischung","src":"https:\/\/i0.wp.com\/teasense.ch\/wp-content\/uploads\/2025\/05\/Rooibusch-Zitrone.png?resize=350%2C200&ssl=1","width":350,"height":200,"srcset":"https:\/\/i0.wp.com\/teasense.ch\/wp-content\/uploads\/2025\/05\/Rooibusch-Zitrone.png?resize=350%2C200&ssl=1 1x, https:\/\/i0.wp.com\/teasense.ch\/wp-content\/uploads\/2025\/05\/Rooibusch-Zitrone.png?resize=525%2C300&ssl=1 1.5x, https:\/\/i0.wp.com\/teasense.ch\/wp-content\/uploads\/2025\/05\/Rooibusch-Zitrone.png?resize=700%2C400&ssl=1 2x"},"classes":[]},{"id":48095,"url":"https:\/\/teasense.ch\/it\/prodotto\/tisana-dormiglione\/","url_meta":{"origin":49039,"position":5},"title":"Tisana Dormiglione","author":"Reale Selection","date":"23. October 2024","format":false,"excerpt":"Preparazione Tisana Dormiglione \ud83e\udd44 1 cucchiaino per tazza (14g\/litro)\ud83c\udf21\ufe0f 100 \u00b0C\u23f3 5 minuti","rel":"","context":"Similar post","block_context":{"text":"Similar post","link":""},"img":{"alt_text":"Schlafm\u00fctze Kr\u00e4utertee weisser Hintergrund","src":"https:\/\/i0.wp.com\/teasense.ch\/wp-content\/uploads\/2024\/10\/schlafmuetze-kraeutertee-weisser-hintergrund.png?resize=350%2C200&ssl=1","width":350,"height":200,"srcset":"https:\/\/i0.wp.com\/teasense.ch\/wp-content\/uploads\/2024\/10\/schlafmuetze-kraeutertee-weisser-hintergrund.png?resize=350%2C200&ssl=1 1x, https:\/\/i0.wp.com\/teasense.ch\/wp-content\/uploads\/2024\/10\/schlafmuetze-kraeutertee-weisser-hintergrund.png?resize=525%2C300&ssl=1 1.5x, https:\/\/i0.wp.com\/teasense.ch\/wp-content\/uploads\/2024\/10\/schlafmuetze-kraeutertee-weisser-hintergrund.png?resize=700%2C400&ssl=1 2x"},"classes":[]}],"jetpack_sharing_enabled":true,"jetpack_likes_enabled":false,"_links":{"self":[{"href":"https:\/\/teasense.ch\/it\/wp-json\/wp\/v2\/product\/49039","targetHints":{"allow":["GET"]}}],"collection":[{"href":"https:\/\/teasense.ch\/it\/wp-json\/wp\/v2\/product"}],"about":[{"href":"https:\/\/teasense.ch\/it\/wp-json\/wp\/v2\/types\/product"}],"replies":[{"embeddable":true,"href":"https:\/\/teasense.ch\/it\/wp-json\/wp\/v2\/comments?post=49039"}],"wp:featuredmedia":[{"embeddable":true,"href":"https:\/\/teasense.ch\/it\/wp-json\/wp\/v2\/media\/46961"}],"wp:attachment":[{"href":"https:\/\/teasense.ch\/it\/wp-json\/wp\/v2\/media?parent=49039"}],"wp:term":[{"taxonomy":"product_brand","embeddable":true,"href":"https:\/\/teasense.ch\/it\/wp-json\/wp\/v2\/product_brand?post=49039"},{"taxonomy":"product_cat","embeddable":true,"href":"https:\/\/teasense.ch\/it\/wp-json\/wp\/v2\/product_cat?post=49039"},{"taxonomy":"product_tag","embeddable":true,"href":"https:\/\/teasense.ch\/it\/wp-json\/wp\/v2\/product_tag?post=49039"}],"curies":[{"name":"wp","href":"https:\/\/api.w.org\/{rel}","templated":true}]}}