{"id":49075,"date":"2025-03-30T19:54:16","date_gmt":"2025-03-30T17:54:16","guid":{"rendered":"https:\/\/teasense.ch\/produkt\/calendario-dellavvento-del-te\/"},"modified":"2026-05-01T03:07:20","modified_gmt":"2026-05-01T01:07:20","slug":"calendario-dellavvento-del-te","status":"publish","type":"product","link":"https:\/\/teasense.ch\/it\/prodotto\/calendario-dellavvento-del-te\/","title":{"rendered":"Calendario dell\u2019Avvento del t\u00e8 \u2013 24 momenti di degustazione"},"content":{"rendered":"<h2 data-start=\"128\" data-end=\"340\">Calendario dell\u2019Avvento del t\u00e8 \u2013 24 momenti di degustazione in scatola<\/h2>\n<p class=\"\" data-start=\"136\" data-end=\"392\">Scopri 24 giorni di t\u00e8 con questo calendario. Ogni giorno una miscela diversa \u2013 t\u00e8 nero, verde, tisane e blend invernali.<\/p>\n<p class=\"\" data-start=\"394\" data-end=\"624\">Le 24 variet\u00e0 sono confezionate a mano e permettono due tazze ciascuna.<\/p>\n<p data-start=\"394\" data-end=\"624\"><strong>Nota:<\/strong> Le immagini possono variare, il contenuto resta invariato.<\/p>\n<p class=\"\" data-start=\"394\" data-end=\"624\">Un modo semplice per scoprire nuovi t\u00e8 durante il periodo natalizio.<\/p>\n<p class=\"\" data-start=\"626\" data-end=\"863\">\ud83c\udf84 <strong>Un t\u00e8 ogni giorno<br \/>\n<\/strong>Numerati da 1 a 24.<\/p>\n<p class=\"\" data-start=\"865\" data-end=\"1038\">\ud83c\udf3f <strong>24 variet\u00e0 selezionate<br \/>\n<\/strong>T\u00e8 nero, verde, rooibos e tisane.<\/p>\n<p class=\"\" data-start=\"1040\" data-end=\"1174\"><strong>\ud83e\udef6 Confezionato a mano<br \/>\n<\/strong>Ogni porzione \u00e8 preparata con cura.<\/p>\n<p>\ud83c\udf75 <strong>2 tazze al giorno<br \/>\n<\/strong>Ogni porzione per due tazze.<\/p>\n<p class=\"\" data-start=\"1176\" data-end=\"1314\">\ud83c\udf81 <strong>In una <a href=\"https:\/\/teasense.ch\/it\/prodotto\/barattolo-te-15-kg\/\">scatola riutilizzabile<\/a><br \/>\n<\/strong>Ideale dopo l\u2019uso.<\/p>\n<p>Perfetto come regalo.<\/p>\n<p><strong>Nota:<\/strong> Le etichette sulla scatola e sulle confezioni sono solo in tedesco \u2013 perfetto per scoprire nuovi t\u00e8 e magari imparare anche qualche parola \ud83c\udf0d<\/p>\n<p>\ud83d\udca1Idea regalo<br \/>\n\ud83c\udf81Spedizione diretta disponibile<\/p>\n","protected":false},"excerpt":{"rendered":"<p>\ud83e\udd44 1 porzione al giorno<br \/>\n\ud83c\udf21\ufe0f Dipende dal t\u00e8<br \/>\n\u23f3 Seguire indicazioni<\/p>\n","protected":false},"featured_media":47041,"comment_status":"open","ping_status":"closed","template":"","meta":{"_et_pb_use_builder":"","_et_pb_old_content":"","_et_gb_content_width":""},"product_brand":[],"product_cat":[344,452,339,340],"product_tag":[],"class_list":{"0":"post-49075","1":"product","2":"type-product","3":"status-publish","4":"has-post-thumbnail","6":"product_cat-regali-te","7":"product_cat-te-invernali","8":"product_cat-te-sfuso","9":"product_cat-tutti-prodotti","10":"pa_weight-120-g","12":"first","13":"instock","14":"shipping-taxable","15":"purchasable","16":"product-type-simple","17":"add-to-wishlist-before_image"},"yoast_head":"<!-- This site is optimized with the Yoast SEO plugin v27.5 - https:\/\/yoast.com\/product\/yoast-seo-wordpress\/ -->\n<title>Calendario dell\u2019Avvento del t\u00e8 \u2013 24 momenti di degustazione - TeaSense.ch - Tee Shop Schweiz<\/title>\n<meta name=\"description\" content=\"Calendario t\u00e8 \ud83c\udf75 24 tisane e t\u00e8 sfusi \u2013 2 tazze al giorno, in barattolo riutilizzabile.\" \/>\n<meta name=\"robots\" content=\"index, follow, max-snippet:-1, max-image-preview:large, max-video-preview:-1\" \/>\n<link rel=\"canonical\" href=\"https:\/\/teasense.ch\/it\/prodotto\/calendario-dellavvento-del-te\/\" \/>\n<meta property=\"og:locale\" content=\"it_IT\" \/>\n<meta property=\"og:type\" content=\"article\" \/>\n<meta property=\"og:title\" content=\"Calendario dell\u2019Avvento del t\u00e8 \u2013 24 momenti di degustazione - TeaSense.ch - Tee Shop Schweiz\" \/>\n<meta property=\"og:description\" content=\"Calendario t\u00e8 \ud83c\udf75 24 tisane e t\u00e8 sfusi \u2013 2 tazze al giorno, in barattolo riutilizzabile.\" \/>\n<meta property=\"og:url\" content=\"https:\/\/teasense.ch\/it\/prodotto\/calendario-dellavvento-del-te\/\" \/>\n<meta property=\"og:site_name\" content=\"TeaSense.ch - Tee Shop Schweiz\" \/>\n<meta property=\"article:publisher\" content=\"https:\/\/www.facebook.com\/teasense.ch\" \/>\n<meta property=\"article:modified_time\" content=\"2026-05-01T01:07:20+00:00\" \/>\n<meta property=\"og:image\" content=\"https:\/\/teasense.ch\/wp-content\/uploads\/2025\/02\/hibiskus-tee-lose-und-aufgegossen-in-Tassen.png\" \/>\n\t<meta property=\"og:image:width\" content=\"800\" \/>\n\t<meta property=\"og:image:height\" content=\"800\" \/>\n\t<meta property=\"og:image:type\" content=\"image\/png\" \/>\n<meta name=\"twitter:card\" content=\"summary_large_image\" \/>\n<meta name=\"twitter:label1\" content=\"Est. reading time\" \/>\n\t<meta name=\"twitter:data1\" content=\"1 minute\" \/>\n<!-- \/ Yoast SEO plugin. -->","yoast_head_json":{"title":"Calendario dell\u2019Avvento del t\u00e8 \u2013 24 momenti di degustazione - TeaSense.ch - Tee Shop Schweiz","description":"Calendario t\u00e8 \ud83c\udf75 24 tisane e t\u00e8 sfusi \u2013 2 tazze al giorno, in barattolo riutilizzabile.","robots":{"index":"index","follow":"follow","max-snippet":"max-snippet:-1","max-image-preview":"max-image-preview:large","max-video-preview":"max-video-preview:-1"},"canonical":"https:\/\/teasense.ch\/it\/prodotto\/calendario-dellavvento-del-te\/","og_locale":"it_IT","og_type":"article","og_title":"Calendario dell\u2019Avvento del t\u00e8 \u2013 24 momenti di degustazione - TeaSense.ch - Tee Shop Schweiz","og_description":"Calendario t\u00e8 \ud83c\udf75 24 tisane e t\u00e8 sfusi \u2013 2 tazze al giorno, in barattolo riutilizzabile.","og_url":"https:\/\/teasense.ch\/it\/prodotto\/calendario-dellavvento-del-te\/","og_site_name":"TeaSense.ch - Tee Shop Schweiz","article_publisher":"https:\/\/www.facebook.com\/teasense.ch","article_modified_time":"2026-05-01T01:07:20+00:00","og_image":[{"width":800,"height":800,"url":"https:\/\/teasense.ch\/wp-content\/uploads\/2025\/02\/hibiskus-tee-lose-und-aufgegossen-in-Tassen.png","type":"image\/png"}],"twitter_card":"summary_large_image","twitter_misc":{"Est. reading time":"1 minute"},"schema":{"@context":"https:\/\/schema.org","@graph":[{"@type":"WebPage","@id":"https:\/\/teasense.ch\/it\/prodotto\/calendario-dellavvento-del-te\/","url":"https:\/\/teasense.ch\/it\/prodotto\/calendario-dellavvento-del-te\/","name":"Calendario dell\u2019Avvento del t\u00e8 \u2013 24 momenti di degustazione - TeaSense.ch - Tee Shop Schweiz","isPartOf":{"@id":"https:\/\/teasense.ch\/it\/#website"},"primaryImageOfPage":{"@id":"https:\/\/teasense.ch\/it\/prodotto\/calendario-dellavvento-del-te\/#primaryimage"},"image":{"@id":"https:\/\/teasense.ch\/it\/prodotto\/calendario-dellavvento-del-te\/#primaryimage"},"thumbnailUrl":"https:\/\/teasense.ch\/wp-content\/uploads\/2025\/03\/adventskalender-tee-beutel.png","datePublished":"2025-03-30T17:54:16+00:00","dateModified":"2026-05-01T01:07:20+00:00","description":"Calendario t\u00e8 \ud83c\udf75 24 tisane e t\u00e8 sfusi \u2013 2 tazze al giorno, in barattolo riutilizzabile.","breadcrumb":{"@id":"https:\/\/teasense.ch\/it\/prodotto\/calendario-dellavvento-del-te\/#breadcrumb"},"inLanguage":"it-CH","potentialAction":[{"@type":"ReadAction","target":["https:\/\/teasense.ch\/it\/prodotto\/calendario-dellavvento-del-te\/"]}]},{"@type":"ImageObject","inLanguage":"it-CH","@id":"https:\/\/teasense.ch\/it\/prodotto\/calendario-dellavvento-del-te\/#primaryimage","url":"https:\/\/teasense.ch\/wp-content\/uploads\/2025\/03\/adventskalender-tee-beutel.png","contentUrl":"https:\/\/teasense.ch\/wp-content\/uploads\/2025\/03\/adventskalender-tee-beutel.png","width":800,"height":800,"caption":"Adventskalender stehend Tee von TeaSense.ch"},{"@type":"BreadcrumbList","@id":"https:\/\/teasense.ch\/it\/prodotto\/calendario-dellavvento-del-te\/#breadcrumb","itemListElement":[{"@type":"ListItem","position":1,"name":"Startseite","item":"https:\/\/teasense.ch\/it\/startseite\/"},{"@type":"ListItem","position":2,"name":"Ordina t\u00e8 online in Svizzera","item":"https:\/\/teasense.ch\/it\/shop\/"},{"@type":"ListItem","position":3,"name":"Calendario dell\u2019Avvento del t\u00e8 \u2013 24 momenti di degustazione"}]},{"@type":"WebSite","@id":"https:\/\/teasense.ch\/it\/#website","url":"https:\/\/teasense.ch\/it\/","name":"TeaSense.ch","description":"Nat\u00fcrliche Teemischungen und klassischer Tee","publisher":{"@id":"https:\/\/teasense.ch\/it\/#organization"},"alternateName":"TeaSense","potentialAction":[{"@type":"SearchAction","target":{"@type":"EntryPoint","urlTemplate":"https:\/\/teasense.ch\/it\/?s={search_term_string}"},"query-input":{"@type":"PropertyValueSpecification","valueRequired":true,"valueName":"search_term_string"}}],"inLanguage":"it-CH"},{"@type":"Organization","@id":"https:\/\/teasense.ch\/it\/#organization","name":"Reale Selection","alternateName":"TeaSense.ch","url":"https:\/\/teasense.ch\/it\/","logo":{"@type":"ImageObject","inLanguage":"it-CH","@id":"https:\/\/teasense.ch\/it\/#\/schema\/logo\/image\/","url":"https:\/\/teasense.ch\/wp-content\/uploads\/2023\/07\/cropped-logo-teasense-kategorie-onlineshop-alle-produkte.jpg","contentUrl":"https:\/\/teasense.ch\/wp-content\/uploads\/2023\/07\/cropped-logo-teasense-kategorie-onlineshop-alle-produkte.jpg","width":512,"height":512,"caption":"Reale Selection"},"image":{"@id":"https:\/\/teasense.ch\/it\/#\/schema\/logo\/image\/"},"sameAs":["https:\/\/www.facebook.com\/teasense.ch"]}]}},"jetpack-related-posts":[{"id":48443,"url":"https:\/\/teasense.ch\/it\/prodotto\/tazza-chai-kulhad-argilla-130-ml\/","url_meta":{"origin":49075,"position":0},"title":"Tazza chai Kulhad in argilla 130 ml","author":"Reale Selection","date":"7. January 2026","format":false,"excerpt":"Tazza chai in argilla senza manico Capacit\u00e0 di 130 ml","rel":"","context":"Similar post","block_context":{"text":"Similar post","link":""},"img":{"alt_text":"Kulhad Chai Becher aus Ton \u2013 Kulhar Teetasse 130 ml","src":"https:\/\/i0.wp.com\/teasense.ch\/wp-content\/uploads\/2026\/01\/chai-toncup-kulhar-130-ml.png?resize=350%2C200&ssl=1","width":350,"height":200,"srcset":"https:\/\/i0.wp.com\/teasense.ch\/wp-content\/uploads\/2026\/01\/chai-toncup-kulhar-130-ml.png?resize=350%2C200&ssl=1 1x, https:\/\/i0.wp.com\/teasense.ch\/wp-content\/uploads\/2026\/01\/chai-toncup-kulhar-130-ml.png?resize=525%2C300&ssl=1 1.5x, https:\/\/i0.wp.com\/teasense.ch\/wp-content\/uploads\/2026\/01\/chai-toncup-kulhar-130-ml.png?resize=700%2C400&ssl=1 2x"},"classes":[]},{"id":48993,"url":"https:\/\/teasense.ch\/it\/prodotto\/formosa-oolong-selezione\/","url_meta":{"origin":49075,"position":1},"title":"Formosa Oolong Selezione","author":"Reale Selection","date":"19. September 2025","format":false,"excerpt":"Formosa Oolong Selezione \u2013 Preparazione \ud83e\udd44 1\u20132 cucchiaini per 200 ml di acqua\ud83c\udf21\ufe0f 80\u201390\u00b0C (acqua calda, non bollente)\u23f3 2\u20134 minuti, reinfusibile pi\u00f9 volte","rel":"","context":"Similar post","block_context":{"text":"Similar post","link":""},"img":{"alt_text":"Formosa Fine Oolong loser Tee","src":"https:\/\/i0.wp.com\/teasense.ch\/wp-content\/uploads\/2025\/09\/formosa-fine-oolong.png?resize=350%2C200&ssl=1","width":350,"height":200,"srcset":"https:\/\/i0.wp.com\/teasense.ch\/wp-content\/uploads\/2025\/09\/formosa-fine-oolong.png?resize=350%2C200&ssl=1 1x, https:\/\/i0.wp.com\/teasense.ch\/wp-content\/uploads\/2025\/09\/formosa-fine-oolong.png?resize=525%2C300&ssl=1 1.5x, https:\/\/i0.wp.com\/teasense.ch\/wp-content\/uploads\/2025\/09\/formosa-fine-oolong.png?resize=700%2C400&ssl=1 2x"},"classes":[]},{"id":48103,"url":"https:\/\/teasense.ch\/it\/prodotto\/abbonamento-te\/","url_meta":{"origin":49075,"position":2},"title":"Abbonamento t\u00e8","author":"Reale Selection","date":"25. January 2024","format":false,"excerpt":"\ud83c\udf3f Due tipi di t\u00e8 al mese \ud83d\udcc5 Durata liberamente selezionabile \ud83d\udc8c Personale & personalizzato \ud83c\udf81 Perfetto come regalo Seleziona il numero di mesi desiderato:","rel":"","context":"Similar post","block_context":{"text":"Similar post","link":""},"img":{"alt_text":"Abbonamento al t\u00e8 Scatola di spedizione Teasense Svizzera","src":"https:\/\/i0.wp.com\/teasense.ch\/wp-content\/uploads\/2024\/01\/Tee-Abo-Teasense-Versandbox.png?resize=350%2C200&ssl=1","width":350,"height":200,"srcset":"https:\/\/i0.wp.com\/teasense.ch\/wp-content\/uploads\/2024\/01\/Tee-Abo-Teasense-Versandbox.png?resize=350%2C200&ssl=1 1x, https:\/\/i0.wp.com\/teasense.ch\/wp-content\/uploads\/2024\/01\/Tee-Abo-Teasense-Versandbox.png?resize=525%2C300&ssl=1 1.5x, https:\/\/i0.wp.com\/teasense.ch\/wp-content\/uploads\/2024\/01\/Tee-Abo-Teasense-Versandbox.png?resize=700%2C400&ssl=1 2x"},"classes":[]},{"id":49127,"url":"https:\/\/teasense.ch\/it\/prodotto\/cha-gorreana-orange-pekoe-te-nero-delle-azzorre\/","url_meta":{"origin":49075,"position":3},"title":"Ch\u00e1 Gorreana Orange Pekoe \u2013 T\u00e8 nero delle Azzorre","author":"Reale Selection","date":"13. September 2024","format":false,"excerpt":"T\u00e8 nero delle Azzorre (Portogallo) Preparazione Ch\u00e1 Gorreana Orange Pekoe \ud83e\udd44 1 cucchiaino (ca. 2 g) per 200 ml di acqua\ud83c\udf21\ufe0f 90\u201395 \u00b0C\u23f3 3\u20135 minuti","rel":"","context":"Similar post","block_context":{"text":"Similar post","link":""},"img":{"alt_text":"acores-orange-pekoe-loose-leaf-100g","src":"https:\/\/i0.wp.com\/teasense.ch\/wp-content\/uploads\/2024\/09\/acores-orange-pekoe-loose-leaf-100g.png?resize=350%2C200&ssl=1","width":350,"height":200,"srcset":"https:\/\/i0.wp.com\/teasense.ch\/wp-content\/uploads\/2024\/09\/acores-orange-pekoe-loose-leaf-100g.png?resize=350%2C200&ssl=1 1x, https:\/\/i0.wp.com\/teasense.ch\/wp-content\/uploads\/2024\/09\/acores-orange-pekoe-loose-leaf-100g.png?resize=525%2C300&ssl=1 1.5x, https:\/\/i0.wp.com\/teasense.ch\/wp-content\/uploads\/2024\/09\/acores-orange-pekoe-loose-leaf-100g.png?resize=700%2C400&ssl=1 2x"},"classes":[]},{"id":48095,"url":"https:\/\/teasense.ch\/it\/prodotto\/tisana-dormiglione\/","url_meta":{"origin":49075,"position":4},"title":"Tisana Dormiglione","author":"Reale Selection","date":"23. October 2024","format":false,"excerpt":"Preparazione Tisana Dormiglione \ud83e\udd44 1 cucchiaino per tazza (14g\/litro)\ud83c\udf21\ufe0f 100 \u00b0C\u23f3 5 minuti","rel":"","context":"Similar post","block_context":{"text":"Similar post","link":""},"img":{"alt_text":"Schlafm\u00fctze Kr\u00e4utertee weisser Hintergrund","src":"https:\/\/i0.wp.com\/teasense.ch\/wp-content\/uploads\/2024\/10\/schlafmuetze-kraeutertee-weisser-hintergrund.png?resize=350%2C200&ssl=1","width":350,"height":200,"srcset":"https:\/\/i0.wp.com\/teasense.ch\/wp-content\/uploads\/2024\/10\/schlafmuetze-kraeutertee-weisser-hintergrund.png?resize=350%2C200&ssl=1 1x, https:\/\/i0.wp.com\/teasense.ch\/wp-content\/uploads\/2024\/10\/schlafmuetze-kraeutertee-weisser-hintergrund.png?resize=525%2C300&ssl=1 1.5x, https:\/\/i0.wp.com\/teasense.ch\/wp-content\/uploads\/2024\/10\/schlafmuetze-kraeutertee-weisser-hintergrund.png?resize=700%2C400&ssl=1 2x"},"classes":[]},{"id":49023,"url":"https:\/\/teasense.ch\/it\/prodotto\/chai-ayurvedico-con-mate\/","url_meta":{"origin":49075,"position":5},"title":"Chai ayurvedico con mate","author":"Reale Selection","date":"13. May 2025","format":false,"excerpt":"Zubereitung Ayurveda Chai mit Mate \ud83e\udd44 1\u20132 cucchiaini per tazza (14g\/litro)\ud83c\udf21\ufe0f 100 \u00b0C\u23f3 5 minuti","rel":"","context":"Similar post","block_context":{"text":"Similar post","link":""},"img":{"alt_text":"Ayurveda Chai mit Mate","src":"https:\/\/i0.wp.com\/teasense.ch\/wp-content\/uploads\/2025\/05\/Ayurveda-Chai-mit-Mate.png?resize=350%2C200&ssl=1","width":350,"height":200,"srcset":"https:\/\/i0.wp.com\/teasense.ch\/wp-content\/uploads\/2025\/05\/Ayurveda-Chai-mit-Mate.png?resize=350%2C200&ssl=1 1x, https:\/\/i0.wp.com\/teasense.ch\/wp-content\/uploads\/2025\/05\/Ayurveda-Chai-mit-Mate.png?resize=525%2C300&ssl=1 1.5x, https:\/\/i0.wp.com\/teasense.ch\/wp-content\/uploads\/2025\/05\/Ayurveda-Chai-mit-Mate.png?resize=700%2C400&ssl=1 2x"},"classes":[]}],"jetpack_sharing_enabled":true,"jetpack_likes_enabled":false,"_links":{"self":[{"href":"https:\/\/teasense.ch\/it\/wp-json\/wp\/v2\/product\/49075","targetHints":{"allow":["GET"]}}],"collection":[{"href":"https:\/\/teasense.ch\/it\/wp-json\/wp\/v2\/product"}],"about":[{"href":"https:\/\/teasense.ch\/it\/wp-json\/wp\/v2\/types\/product"}],"replies":[{"embeddable":true,"href":"https:\/\/teasense.ch\/it\/wp-json\/wp\/v2\/comments?post=49075"}],"wp:featuredmedia":[{"embeddable":true,"href":"https:\/\/teasense.ch\/it\/wp-json\/wp\/v2\/media\/47041"}],"wp:attachment":[{"href":"https:\/\/teasense.ch\/it\/wp-json\/wp\/v2\/media?parent=49075"}],"wp:term":[{"taxonomy":"product_brand","embeddable":true,"href":"https:\/\/teasense.ch\/it\/wp-json\/wp\/v2\/product_brand?post=49075"},{"taxonomy":"product_cat","embeddable":true,"href":"https:\/\/teasense.ch\/it\/wp-json\/wp\/v2\/product_cat?post=49075"},{"taxonomy":"product_tag","embeddable":true,"href":"https:\/\/teasense.ch\/it\/wp-json\/wp\/v2\/product_tag?post=49075"}],"curies":[{"name":"wp","href":"https:\/\/api.w.org\/{rel}","templated":true}]}}