{"id":49084,"date":"2024-09-13T13:16:34","date_gmt":"2024-09-13T11:16:34","guid":{"rendered":"https:\/\/teasense.ch\/produkt\/cha-gorreana-te-verde-hysson\/"},"modified":"2024-09-13T13:16:34","modified_gmt":"2024-09-13T11:16:34","slug":"cha-gorreana-te-verde-hysson","status":"publish","type":"product","link":"https:\/\/teasense.ch\/it\/prodotto\/cha-gorreana-te-verde-hysson\/","title":{"rendered":"Ch\u00e1 Gorreana t\u00e8 verde Hysson"},"content":{"rendered":"<h2>Ch\u00e1 Gorreana t\u00e8 verde Hysson \u2013 t\u00e8 delle Azzorre<\/h2>\n<p>Scopri il t\u00e8 verde Hysson prodotto nella piantagione Ch\u00e1 Gorreana sull\u2019isola di S\u00e3o Miguel. Dal 1883 sinonimo di qualit\u00e0.<\/p>\n<h3>Aroma fresco e delicato<\/h3>\n<p>Un t\u00e8 leggero con una nota fresca e leggermente dolce. Perfetto ogni giorno.<\/p>\n<h3>Preparazione<\/h3>\n<p>1 cucchiaino (circa 2 g) per tazza, acqua a 80\u201385 \u00b0C, infusione 2\u20133 minuti.<\/p>\n<h3>Un t\u00e8 delle Azzorre<\/h3>\n<p>Un prodotto naturale e autentico.<\/p>\n<h3>Ingredienti<\/h3>\n<p>100% t\u00e8 verde.<\/p>\n<p>Un classico della piantagione Gorreana.<\/p>\n<p>T\u00e8 verde delle Azzorre (Portogallo)<br \/>\n100 g confezione originale<\/p>\n","protected":false},"excerpt":{"rendered":"<p>\ud83e\udd44 1 cucchiaino (circa 2 g) per tazza<br \/>\n\ud83c\udf21\ufe0f 80\u201385 \u00b0C<br \/>\n\u23f3 2\u20133 minuti<\/p>\n","protected":false},"featured_media":43046,"comment_status":"open","ping_status":"closed","template":"","meta":{"_et_pb_use_builder":"","_et_pb_old_content":"","_et_gb_content_width":""},"product_brand":[],"product_cat":[401,339,416,340],"product_tag":[],"class_list":{"0":"post-49084","1":"product","2":"type-product","3":"status-publish","4":"has-post-thumbnail","6":"product_cat-te-azzorre","7":"product_cat-te-sfuso","8":"product_cat-te-verde","9":"product_cat-tutti-prodotti","10":"pa_herkunft-portogallo","11":"pa_weight-100-g","13":"first","14":"instock","15":"shipping-taxable","16":"purchasable","17":"product-type-simple","18":"add-to-wishlist-before_image"},"yoast_head":"<!-- This site is optimized with the Yoast SEO plugin v27.5 - https:\/\/yoast.com\/product\/yoast-seo-wordpress\/ -->\n<title>Ch\u00e1 Gorreana t\u00e8 verde Hysson - TeaSense.ch - Tee Shop Schweiz<\/title>\n<meta name=\"description\" content=\"T\u00e8 verde Hysson Azzorre \ud83c\udf43 T\u00e8 sfuso dal gusto fresco e leggero, senza aromi artificiali.\" \/>\n<meta name=\"robots\" content=\"index, follow, max-snippet:-1, max-image-preview:large, max-video-preview:-1\" \/>\n<link rel=\"canonical\" href=\"https:\/\/teasense.ch\/it\/prodotto\/cha-gorreana-te-verde-hysson\/\" \/>\n<meta property=\"og:locale\" content=\"it_IT\" \/>\n<meta property=\"og:type\" content=\"article\" \/>\n<meta property=\"og:title\" content=\"Ch\u00e1 Gorreana t\u00e8 verde Hysson - TeaSense.ch - Tee Shop Schweiz\" \/>\n<meta property=\"og:description\" content=\"T\u00e8 verde Hysson Azzorre \ud83c\udf43 T\u00e8 sfuso dal gusto fresco e leggero, senza aromi artificiali.\" \/>\n<meta property=\"og:url\" content=\"https:\/\/teasense.ch\/it\/prodotto\/cha-gorreana-te-verde-hysson\/\" \/>\n<meta property=\"og:site_name\" content=\"TeaSense.ch - Tee Shop Schweiz\" \/>\n<meta property=\"article:publisher\" content=\"https:\/\/www.facebook.com\/teasense.ch\" \/>\n<meta property=\"og:image\" content=\"https:\/\/teasense.ch\/wp-content\/uploads\/2025\/02\/hibiskus-tee-lose-und-aufgegossen-in-Tassen.png\" \/>\n\t<meta property=\"og:image:width\" content=\"800\" \/>\n\t<meta property=\"og:image:height\" content=\"800\" \/>\n\t<meta property=\"og:image:type\" content=\"image\/png\" \/>\n<meta name=\"twitter:card\" content=\"summary_large_image\" \/>\n<!-- \/ Yoast SEO plugin. -->","yoast_head_json":{"title":"Ch\u00e1 Gorreana t\u00e8 verde Hysson - TeaSense.ch - Tee Shop Schweiz","description":"T\u00e8 verde Hysson Azzorre \ud83c\udf43 T\u00e8 sfuso dal gusto fresco e leggero, senza aromi artificiali.","robots":{"index":"index","follow":"follow","max-snippet":"max-snippet:-1","max-image-preview":"max-image-preview:large","max-video-preview":"max-video-preview:-1"},"canonical":"https:\/\/teasense.ch\/it\/prodotto\/cha-gorreana-te-verde-hysson\/","og_locale":"it_IT","og_type":"article","og_title":"Ch\u00e1 Gorreana t\u00e8 verde Hysson - TeaSense.ch - Tee Shop Schweiz","og_description":"T\u00e8 verde Hysson Azzorre \ud83c\udf43 T\u00e8 sfuso dal gusto fresco e leggero, senza aromi artificiali.","og_url":"https:\/\/teasense.ch\/it\/prodotto\/cha-gorreana-te-verde-hysson\/","og_site_name":"TeaSense.ch - Tee Shop Schweiz","article_publisher":"https:\/\/www.facebook.com\/teasense.ch","og_image":[{"width":800,"height":800,"url":"https:\/\/teasense.ch\/wp-content\/uploads\/2025\/02\/hibiskus-tee-lose-und-aufgegossen-in-Tassen.png","type":"image\/png"}],"twitter_card":"summary_large_image","schema":{"@context":"https:\/\/schema.org","@graph":[{"@type":"WebPage","@id":"https:\/\/teasense.ch\/it\/prodotto\/cha-gorreana-te-verde-hysson\/","url":"https:\/\/teasense.ch\/it\/prodotto\/cha-gorreana-te-verde-hysson\/","name":"Ch\u00e1 Gorreana t\u00e8 verde Hysson - TeaSense.ch - Tee Shop Schweiz","isPartOf":{"@id":"https:\/\/teasense.ch\/it\/#website"},"primaryImageOfPage":{"@id":"https:\/\/teasense.ch\/it\/prodotto\/cha-gorreana-te-verde-hysson\/#primaryimage"},"image":{"@id":"https:\/\/teasense.ch\/it\/prodotto\/cha-gorreana-te-verde-hysson\/#primaryimage"},"thumbnailUrl":"https:\/\/teasense.ch\/wp-content\/uploads\/2024\/09\/acores-hysson-loose-leaf-100g.png","datePublished":"2024-09-13T11:16:34+00:00","description":"T\u00e8 verde Hysson Azzorre \ud83c\udf43 T\u00e8 sfuso dal gusto fresco e leggero, senza aromi artificiali.","breadcrumb":{"@id":"https:\/\/teasense.ch\/it\/prodotto\/cha-gorreana-te-verde-hysson\/#breadcrumb"},"inLanguage":"it-CH","potentialAction":[{"@type":"ReadAction","target":["https:\/\/teasense.ch\/it\/prodotto\/cha-gorreana-te-verde-hysson\/"]}]},{"@type":"ImageObject","inLanguage":"it-CH","@id":"https:\/\/teasense.ch\/it\/prodotto\/cha-gorreana-te-verde-hysson\/#primaryimage","url":"https:\/\/teasense.ch\/wp-content\/uploads\/2024\/09\/acores-hysson-loose-leaf-100g.png","contentUrl":"https:\/\/teasense.ch\/wp-content\/uploads\/2024\/09\/acores-hysson-loose-leaf-100g.png","width":800,"height":800,"caption":"Ch\u00e1 Gorreana Verde Hysson"},{"@type":"BreadcrumbList","@id":"https:\/\/teasense.ch\/it\/prodotto\/cha-gorreana-te-verde-hysson\/#breadcrumb","itemListElement":[{"@type":"ListItem","position":1,"name":"Startseite","item":"https:\/\/teasense.ch\/it\/startseite\/"},{"@type":"ListItem","position":2,"name":"Ordina t\u00e8 online in Svizzera","item":"https:\/\/teasense.ch\/it\/shop\/"},{"@type":"ListItem","position":3,"name":"Ch\u00e1 Gorreana t\u00e8 verde Hysson"}]},{"@type":"WebSite","@id":"https:\/\/teasense.ch\/it\/#website","url":"https:\/\/teasense.ch\/it\/","name":"TeaSense.ch","description":"Nat\u00fcrliche Teemischungen und klassischer Tee","publisher":{"@id":"https:\/\/teasense.ch\/it\/#organization"},"alternateName":"TeaSense","potentialAction":[{"@type":"SearchAction","target":{"@type":"EntryPoint","urlTemplate":"https:\/\/teasense.ch\/it\/?s={search_term_string}"},"query-input":{"@type":"PropertyValueSpecification","valueRequired":true,"valueName":"search_term_string"}}],"inLanguage":"it-CH"},{"@type":"Organization","@id":"https:\/\/teasense.ch\/it\/#organization","name":"Reale Selection","alternateName":"TeaSense.ch","url":"https:\/\/teasense.ch\/it\/","logo":{"@type":"ImageObject","inLanguage":"it-CH","@id":"https:\/\/teasense.ch\/it\/#\/schema\/logo\/image\/","url":"https:\/\/teasense.ch\/wp-content\/uploads\/2023\/07\/cropped-logo-teasense-kategorie-onlineshop-alle-produkte.jpg","contentUrl":"https:\/\/teasense.ch\/wp-content\/uploads\/2023\/07\/cropped-logo-teasense-kategorie-onlineshop-alle-produkte.jpg","width":512,"height":512,"caption":"Reale Selection"},"image":{"@id":"https:\/\/teasense.ch\/it\/#\/schema\/logo\/image\/"},"sameAs":["https:\/\/www.facebook.com\/teasense.ch"]}]}},"jetpack-related-posts":[{"id":49054,"url":"https:\/\/teasense.ch\/it\/prodotto\/encosta-de-bruma-te-verde-delle-azzorre\/","url_meta":{"origin":49084,"position":0},"title":"Encosta de Bruma \u2013 T\u00e8 verde delle Azzorre","author":"Reale Selection","date":"20. August 2025","format":false,"excerpt":"Preparazione Encosta de Bruma \u2013 t\u00e8 verde delle Azzorre \ud83e\udd44 1\u20132 cucchiaini colmi (ca. 2 g) per 200 ml d\u2019acqua\ud83c\udf21\ufe0f 75\u201380 \u00b0C\u23f3 2\u20133 minuti","rel":"","context":"Similar post","block_context":{"text":"Similar post","link":""},"img":{"alt_text":"Encosta de Bruma - Azoren Gr\u00fcntee","src":"https:\/\/i0.wp.com\/teasense.ch\/wp-content\/uploads\/2025\/08\/encosta-de-bruma-azoren-gruentee.png?resize=350%2C200&ssl=1","width":350,"height":200,"srcset":"https:\/\/i0.wp.com\/teasense.ch\/wp-content\/uploads\/2025\/08\/encosta-de-bruma-azoren-gruentee.png?resize=350%2C200&ssl=1 1x, https:\/\/i0.wp.com\/teasense.ch\/wp-content\/uploads\/2025\/08\/encosta-de-bruma-azoren-gruentee.png?resize=525%2C300&ssl=1 1.5x, https:\/\/i0.wp.com\/teasense.ch\/wp-content\/uploads\/2025\/08\/encosta-de-bruma-azoren-gruentee.png?resize=700%2C400&ssl=1 2x"},"classes":[]},{"id":49051,"url":"https:\/\/teasense.ch\/it\/prodotto\/pekoe-te-nero-gorreana\/","url_meta":{"origin":49084,"position":1},"title":"Pekoe \u2013 T\u00e8 nero Gorreana","author":"Reale Selection","date":"20. August 2025","format":false,"excerpt":"Preparazione t\u00e8 nero Pekoe \u2013 Gorreana \ud83e\udd44 1\u20132 cucchiaini colmi (ca. 2 g) per 200 ml d\u2019acqua\ud83c\udf21\ufe0f 100 \u00b0C\u23f3 6\u201310 minuti","rel":"","context":"Similar post","block_context":{"text":"Similar post","link":""},"img":{"alt_text":"schwarzertee pekoe aus den Azoren Portugal","src":"https:\/\/i0.wp.com\/teasense.ch\/wp-content\/uploads\/2025\/08\/schwarzertee-pekoe.png?resize=350%2C200&ssl=1","width":350,"height":200,"srcset":"https:\/\/i0.wp.com\/teasense.ch\/wp-content\/uploads\/2025\/08\/schwarzertee-pekoe.png?resize=350%2C200&ssl=1 1x, https:\/\/i0.wp.com\/teasense.ch\/wp-content\/uploads\/2025\/08\/schwarzertee-pekoe.png?resize=525%2C300&ssl=1 1.5x, https:\/\/i0.wp.com\/teasense.ch\/wp-content\/uploads\/2025\/08\/schwarzertee-pekoe.png?resize=700%2C400&ssl=1 2x"},"classes":[]},{"id":49253,"url":"https:\/\/teasense.ch\/it\/prodotto\/rooibos-verde\/","url_meta":{"origin":49084,"position":2},"title":"Rooibos verde","author":"Reale Selection","date":"12. May 2025","format":false,"excerpt":"Preparazione \u2013 rooibos verde \ud83e\udd44 1 cucchiaino per 200 ml (20 g\/litro) \ud83c\udf21\ufe0f 90 \u00b0C \u23f3 5 minuti","rel":"","context":"Similar post","block_context":{"text":"Similar post","link":""},"img":{"alt_text":"Gr\u00fcner Rooibos Tee","src":"https:\/\/i0.wp.com\/teasense.ch\/wp-content\/uploads\/2025\/05\/Gruener-Rooibusch.png?resize=350%2C200&ssl=1","width":350,"height":200,"srcset":"https:\/\/i0.wp.com\/teasense.ch\/wp-content\/uploads\/2025\/05\/Gruener-Rooibusch.png?resize=350%2C200&ssl=1 1x, https:\/\/i0.wp.com\/teasense.ch\/wp-content\/uploads\/2025\/05\/Gruener-Rooibusch.png?resize=525%2C300&ssl=1 1.5x, https:\/\/i0.wp.com\/teasense.ch\/wp-content\/uploads\/2025\/05\/Gruener-Rooibusch.png?resize=700%2C400&ssl=1 2x"},"classes":[]},{"id":48619,"url":"https:\/\/teasense.ch\/it\/prodotto\/te-nero-kenya-gfop-marinyn\/","url_meta":{"origin":49084,"position":3},"title":"T\u00e8 nero Kenya GFOP Marinyn","author":"Reale Selection","date":"13. October 2025","format":false,"excerpt":"Preparazione Kenya GFOP Marinyn \ud83e\udd441 cucchiaino per 200 ml\ud83c\udf21\ufe0f 100 \u00b0C\u23f3 3 minuti","rel":"","context":"Similar post","block_context":{"text":"Similar post","link":""},"img":{"alt_text":"Schwarztee aus Kenia loser Tee Kenya GFOP Marinyn","src":"https:\/\/i0.wp.com\/teasense.ch\/wp-content\/uploads\/2025\/10\/kenya-gfop-marinyn.png?resize=350%2C200&ssl=1","width":350,"height":200,"srcset":"https:\/\/i0.wp.com\/teasense.ch\/wp-content\/uploads\/2025\/10\/kenya-gfop-marinyn.png?resize=350%2C200&ssl=1 1x, https:\/\/i0.wp.com\/teasense.ch\/wp-content\/uploads\/2025\/10\/kenya-gfop-marinyn.png?resize=525%2C300&ssl=1 1.5x, https:\/\/i0.wp.com\/teasense.ch\/wp-content\/uploads\/2025\/10\/kenya-gfop-marinyn.png?resize=700%2C400&ssl=1 2x"},"classes":[]},{"id":48549,"url":"https:\/\/teasense.ch\/it\/prodotto\/soba-cha-te-grano-saraceno-al-forno\/","url_meta":{"origin":49084,"position":4},"title":"Soba Cha \u2013 t\u00e8 di grano saraceno al forno","author":"Reale Selection","date":"10. November 2025","format":false,"excerpt":"\ud83e\udd44 2 cucchiaini per tazza (14 g\/litro) \ud83c\udf21\ufe0f 100 \u00b0C \u23f3 2 minuti","rel":"","context":"Similar post","block_context":{"text":"Similar post","link":""},"img":{"alt_text":"Soba Cha \u2013 gebackener Buchweizen Tee","src":"https:\/\/i0.wp.com\/teasense.ch\/wp-content\/uploads\/2025\/11\/buchweizen.png?resize=350%2C200&ssl=1","width":350,"height":200,"srcset":"https:\/\/i0.wp.com\/teasense.ch\/wp-content\/uploads\/2025\/11\/buchweizen.png?resize=350%2C200&ssl=1 1x, https:\/\/i0.wp.com\/teasense.ch\/wp-content\/uploads\/2025\/11\/buchweizen.png?resize=525%2C300&ssl=1 1.5x, https:\/\/i0.wp.com\/teasense.ch\/wp-content\/uploads\/2025\/11\/buchweizen.png?resize=700%2C400&ssl=1 2x"},"classes":[]},{"id":48599,"url":"https:\/\/teasense.ch\/it\/prodotto\/pu-erh-limone\/","url_meta":{"origin":49084,"position":5},"title":"Pu Erh Limone","author":"Reale Selection","date":"13. October 2025","format":false,"excerpt":"Preparazione Pu Erh Limone \ud83e\udd441 cucchiaino per 200 ml\ud83c\udf21\ufe0f 90 \u00b0C\u23f3 2 minuti","rel":"","context":"Similar post","block_context":{"text":"Similar post","link":""},"img":{"alt_text":"Pu Erh Zitrone - China Pu Erh Tee mit der frischen Note von Zitronenschalen und Lemongras","src":"https:\/\/i0.wp.com\/teasense.ch\/wp-content\/uploads\/2025\/10\/pu-erh-zitrone.png?resize=350%2C200&ssl=1","width":350,"height":200,"srcset":"https:\/\/i0.wp.com\/teasense.ch\/wp-content\/uploads\/2025\/10\/pu-erh-zitrone.png?resize=350%2C200&ssl=1 1x, https:\/\/i0.wp.com\/teasense.ch\/wp-content\/uploads\/2025\/10\/pu-erh-zitrone.png?resize=525%2C300&ssl=1 1.5x, https:\/\/i0.wp.com\/teasense.ch\/wp-content\/uploads\/2025\/10\/pu-erh-zitrone.png?resize=700%2C400&ssl=1 2x"},"classes":[]}],"jetpack_sharing_enabled":true,"jetpack_likes_enabled":false,"_links":{"self":[{"href":"https:\/\/teasense.ch\/it\/wp-json\/wp\/v2\/product\/49084","targetHints":{"allow":["GET"]}}],"collection":[{"href":"https:\/\/teasense.ch\/it\/wp-json\/wp\/v2\/product"}],"about":[{"href":"https:\/\/teasense.ch\/it\/wp-json\/wp\/v2\/types\/product"}],"replies":[{"embeddable":true,"href":"https:\/\/teasense.ch\/it\/wp-json\/wp\/v2\/comments?post=49084"}],"wp:featuredmedia":[{"embeddable":true,"href":"https:\/\/teasense.ch\/it\/wp-json\/wp\/v2\/media\/43046"}],"wp:attachment":[{"href":"https:\/\/teasense.ch\/it\/wp-json\/wp\/v2\/media?parent=49084"}],"wp:term":[{"taxonomy":"product_brand","embeddable":true,"href":"https:\/\/teasense.ch\/it\/wp-json\/wp\/v2\/product_brand?post=49084"},{"taxonomy":"product_cat","embeddable":true,"href":"https:\/\/teasense.ch\/it\/wp-json\/wp\/v2\/product_cat?post=49084"},{"taxonomy":"product_tag","embeddable":true,"href":"https:\/\/teasense.ch\/it\/wp-json\/wp\/v2\/product_tag?post=49084"}],"curies":[{"name":"wp","href":"https:\/\/api.w.org\/{rel}","templated":true}]}}