{"id":49094,"date":"2024-11-01T15:04:00","date_gmt":"2024-11-01T14:04:00","guid":{"rendered":"https:\/\/teasense.ch\/produkt\/appendino-per-bottiglia-con-spezie-vin-brule\/"},"modified":"2024-11-01T15:04:00","modified_gmt":"2024-11-01T14:04:00","slug":"appendino-per-bottiglia-con-spezie-vin-brule","status":"publish","type":"product","link":"https:\/\/teasense.ch\/it\/prodotto\/appendino-per-bottiglia-con-spezie-vin-brule\/","title":{"rendered":"Appendino per bottiglia con spezie vin brul\u00e8"},"content":{"rendered":"<p>Un\u2019idea regalo originale: questo appendino per bottiglia in carta kraft trasforma ogni bottiglia in un regalo. Contiene 40 g di <a href=\"https:\/\/teasense.ch\/prodotto\/gluehweingewuerz\/\">miscela di spezie per vin brul\u00e8<\/a>.<\/p>\n<p>La miscela include scorze di arancia e limone, pezzi di mela, cannella, chiodi di garofano, finocchio, anice, bacche di ginepro e vaniglia.<\/p>\n<h3>Idee di utilizzo<\/h3>\n<p><strong>Vin brul\u00e8<\/strong> : scaldare con vino rosso.<\/p>\n<p><strong>Punch<\/strong> : con succo di pera e zenzero.<\/p>\n<p><strong>Dessert<\/strong> : per dolci e composte.<\/p>\n<h3>Idea regalo<\/h3>\n<p>Perfetto come piccolo regalo.<\/p>\n","protected":false},"excerpt":{"rendered":"<p>1 pezzo con 40 g di spezie per vin brul\u00e8 \u2013 bottiglia non inclusa.<\/p>\n","protected":false},"featured_media":43553,"comment_status":"open","ping_status":"closed","template":"","meta":{"_et_pb_use_builder":"","_et_pb_old_content":"","_et_gb_content_width":""},"product_brand":[],"product_cat":[344,452,340],"product_tag":[],"class_list":{"0":"post-49094","1":"product","2":"type-product","3":"status-publish","4":"has-post-thumbnail","6":"product_cat-regali-te","7":"product_cat-te-invernali","8":"product_cat-tutti-prodotti","9":"pa_herkunft-germania","10":"pa_weight-40-g","12":"first","13":"instock","14":"shipping-taxable","15":"purchasable","16":"product-type-simple","17":"add-to-wishlist-before_image"},"yoast_head":"<!-- This site is optimized with the Yoast SEO plugin v27.5 - https:\/\/yoast.com\/product\/yoast-seo-wordpress\/ -->\n<title>Appendino per bottiglia con spezie vin brul\u00e8 - TeaSense.ch - Tee Shop Schweiz<\/title>\n<meta name=\"description\" content=\"Spezie vin brul\u00e8 \ud83c\udf84 Appendino bottiglia 40g \u2013 idea regalo per vino o punch.\" \/>\n<meta name=\"robots\" content=\"index, follow, max-snippet:-1, max-image-preview:large, max-video-preview:-1\" \/>\n<link rel=\"canonical\" href=\"https:\/\/teasense.ch\/it\/prodotto\/appendino-per-bottiglia-con-spezie-vin-brule\/\" \/>\n<meta property=\"og:locale\" content=\"it_IT\" \/>\n<meta property=\"og:type\" content=\"article\" \/>\n<meta property=\"og:title\" content=\"Appendino per bottiglia con spezie vin brul\u00e8 - TeaSense.ch - Tee Shop Schweiz\" \/>\n<meta property=\"og:description\" content=\"Spezie vin brul\u00e8 \ud83c\udf84 Appendino bottiglia 40g \u2013 idea regalo per vino o punch.\" \/>\n<meta property=\"og:url\" content=\"https:\/\/teasense.ch\/it\/prodotto\/appendino-per-bottiglia-con-spezie-vin-brule\/\" \/>\n<meta property=\"og:site_name\" content=\"TeaSense.ch - Tee Shop Schweiz\" \/>\n<meta property=\"article:publisher\" content=\"https:\/\/www.facebook.com\/teasense.ch\" \/>\n<meta property=\"og:image\" content=\"https:\/\/teasense.ch\/wp-content\/uploads\/2025\/02\/hibiskus-tee-lose-und-aufgegossen-in-Tassen.png\" \/>\n\t<meta property=\"og:image:width\" content=\"800\" \/>\n\t<meta property=\"og:image:height\" content=\"800\" \/>\n\t<meta property=\"og:image:type\" content=\"image\/png\" \/>\n<meta name=\"twitter:card\" content=\"summary_large_image\" \/>\n<!-- \/ Yoast SEO plugin. -->","yoast_head_json":{"title":"Appendino per bottiglia con spezie vin brul\u00e8 - TeaSense.ch - Tee Shop Schweiz","description":"Spezie vin brul\u00e8 \ud83c\udf84 Appendino bottiglia 40g \u2013 idea regalo per vino o punch.","robots":{"index":"index","follow":"follow","max-snippet":"max-snippet:-1","max-image-preview":"max-image-preview:large","max-video-preview":"max-video-preview:-1"},"canonical":"https:\/\/teasense.ch\/it\/prodotto\/appendino-per-bottiglia-con-spezie-vin-brule\/","og_locale":"it_IT","og_type":"article","og_title":"Appendino per bottiglia con spezie vin brul\u00e8 - TeaSense.ch - Tee Shop Schweiz","og_description":"Spezie vin brul\u00e8 \ud83c\udf84 Appendino bottiglia 40g \u2013 idea regalo per vino o punch.","og_url":"https:\/\/teasense.ch\/it\/prodotto\/appendino-per-bottiglia-con-spezie-vin-brule\/","og_site_name":"TeaSense.ch - Tee Shop Schweiz","article_publisher":"https:\/\/www.facebook.com\/teasense.ch","og_image":[{"width":800,"height":800,"url":"https:\/\/teasense.ch\/wp-content\/uploads\/2025\/02\/hibiskus-tee-lose-und-aufgegossen-in-Tassen.png","type":"image\/png"}],"twitter_card":"summary_large_image","schema":{"@context":"https:\/\/schema.org","@graph":[{"@type":"WebPage","@id":"https:\/\/teasense.ch\/it\/prodotto\/appendino-per-bottiglia-con-spezie-vin-brule\/","url":"https:\/\/teasense.ch\/it\/prodotto\/appendino-per-bottiglia-con-spezie-vin-brule\/","name":"Appendino per bottiglia con spezie vin brul\u00e8 - TeaSense.ch - Tee Shop Schweiz","isPartOf":{"@id":"https:\/\/teasense.ch\/it\/#website"},"primaryImageOfPage":{"@id":"https:\/\/teasense.ch\/it\/prodotto\/appendino-per-bottiglia-con-spezie-vin-brule\/#primaryimage"},"image":{"@id":"https:\/\/teasense.ch\/it\/prodotto\/appendino-per-bottiglia-con-spezie-vin-brule\/#primaryimage"},"thumbnailUrl":"https:\/\/teasense.ch\/wp-content\/uploads\/2024\/11\/flaschenanhaenger.png","datePublished":"2024-11-01T14:04:00+00:00","description":"Spezie vin brul\u00e8 \ud83c\udf84 Appendino bottiglia 40g \u2013 idea regalo per vino o punch.","breadcrumb":{"@id":"https:\/\/teasense.ch\/it\/prodotto\/appendino-per-bottiglia-con-spezie-vin-brule\/#breadcrumb"},"inLanguage":"it-CH","potentialAction":[{"@type":"ReadAction","target":["https:\/\/teasense.ch\/it\/prodotto\/appendino-per-bottiglia-con-spezie-vin-brule\/"]}]},{"@type":"ImageObject","inLanguage":"it-CH","@id":"https:\/\/teasense.ch\/it\/prodotto\/appendino-per-bottiglia-con-spezie-vin-brule\/#primaryimage","url":"https:\/\/teasense.ch\/wp-content\/uploads\/2024\/11\/flaschenanhaenger.png","contentUrl":"https:\/\/teasense.ch\/wp-content\/uploads\/2024\/11\/flaschenanhaenger.png","width":800,"height":800,"caption":"Gl\u00fchweingew\u00fcrz-Flaschenanh\u00e4nger"},{"@type":"BreadcrumbList","@id":"https:\/\/teasense.ch\/it\/prodotto\/appendino-per-bottiglia-con-spezie-vin-brule\/#breadcrumb","itemListElement":[{"@type":"ListItem","position":1,"name":"Startseite","item":"https:\/\/teasense.ch\/it\/startseite\/"},{"@type":"ListItem","position":2,"name":"Ordina t\u00e8 online in Svizzera","item":"https:\/\/teasense.ch\/it\/shop\/"},{"@type":"ListItem","position":3,"name":"Appendino per bottiglia con spezie vin brul\u00e8"}]},{"@type":"WebSite","@id":"https:\/\/teasense.ch\/it\/#website","url":"https:\/\/teasense.ch\/it\/","name":"TeaSense.ch","description":"Nat\u00fcrliche Teemischungen und klassischer Tee","publisher":{"@id":"https:\/\/teasense.ch\/it\/#organization"},"alternateName":"TeaSense","potentialAction":[{"@type":"SearchAction","target":{"@type":"EntryPoint","urlTemplate":"https:\/\/teasense.ch\/it\/?s={search_term_string}"},"query-input":{"@type":"PropertyValueSpecification","valueRequired":true,"valueName":"search_term_string"}}],"inLanguage":"it-CH"},{"@type":"Organization","@id":"https:\/\/teasense.ch\/it\/#organization","name":"Reale Selection","alternateName":"TeaSense.ch","url":"https:\/\/teasense.ch\/it\/","logo":{"@type":"ImageObject","inLanguage":"it-CH","@id":"https:\/\/teasense.ch\/it\/#\/schema\/logo\/image\/","url":"https:\/\/teasense.ch\/wp-content\/uploads\/2023\/07\/cropped-logo-teasense-kategorie-onlineshop-alle-produkte.jpg","contentUrl":"https:\/\/teasense.ch\/wp-content\/uploads\/2023\/07\/cropped-logo-teasense-kategorie-onlineshop-alle-produkte.jpg","width":512,"height":512,"caption":"Reale Selection"},"image":{"@id":"https:\/\/teasense.ch\/it\/#\/schema\/logo\/image\/"},"sameAs":["https:\/\/www.facebook.com\/teasense.ch"]}]}},"jetpack-related-posts":[{"id":48467,"url":"https:\/\/teasense.ch\/it\/prodotto\/cucchiaio-te-legno-7-cm\/","url_meta":{"origin":49094,"position":0},"title":"Cucchiaio da t\u00e8 in legno 7 cm","author":"Reale Selection","date":"16. November 2025","format":false,"excerpt":"Lunghezza: 7 cm Materiale: legno","rel":"","context":"Similar post","block_context":{"text":"Similar post","link":""},"img":{"alt_text":"Teeschaufel aus Holz 7 cm f\u00fcr Losen Tee oder Gew\u00fcrze","src":"https:\/\/i0.wp.com\/teasense.ch\/wp-content\/uploads\/2025\/11\/teeschaufel-aus-holz-7-cm.png?resize=350%2C200&ssl=1","width":350,"height":200,"srcset":"https:\/\/i0.wp.com\/teasense.ch\/wp-content\/uploads\/2025\/11\/teeschaufel-aus-holz-7-cm.png?resize=350%2C200&ssl=1 1x, https:\/\/i0.wp.com\/teasense.ch\/wp-content\/uploads\/2025\/11\/teeschaufel-aus-holz-7-cm.png?resize=525%2C300&ssl=1 1.5x, https:\/\/i0.wp.com\/teasense.ch\/wp-content\/uploads\/2025\/11\/teeschaufel-aus-holz-7-cm.png?resize=700%2C400&ssl=1 2x"},"classes":[]},{"id":49097,"url":"https:\/\/teasense.ch\/it\/prodotto\/lattina-te-yule\/","url_meta":{"origin":49094,"position":1},"title":"Lattina t\u00e8 Yule","author":"Reale Selection","date":"31. October 2024","format":false,"excerpt":"Lattina t\u00e8 senza contenuto","rel":"","context":"Similar post","block_context":{"text":"Similar post","link":""},"img":{"alt_text":"Steckdeckeldose Yule offen","src":"https:\/\/i0.wp.com\/teasense.ch\/wp-content\/uploads\/2024\/10\/steckdeckeldose-yule.png?resize=350%2C200&ssl=1","width":350,"height":200,"srcset":"https:\/\/i0.wp.com\/teasense.ch\/wp-content\/uploads\/2024\/10\/steckdeckeldose-yule.png?resize=350%2C200&ssl=1 1x, https:\/\/i0.wp.com\/teasense.ch\/wp-content\/uploads\/2024\/10\/steckdeckeldose-yule.png?resize=525%2C300&ssl=1 1.5x, https:\/\/i0.wp.com\/teasense.ch\/wp-content\/uploads\/2024\/10\/steckdeckeldose-yule.png?resize=700%2C400&ssl=1 2x"},"classes":[]},{"id":49100,"url":"https:\/\/teasense.ch\/it\/prodotto\/tazza-da-te-con-infusore-e-coperchio-haku\/","url_meta":{"origin":49094,"position":2},"title":"Tazza da t\u00e8 con infusore e coperchio \u2013 Haku","author":"Reale Selection","date":"29. October 2024","format":false,"excerpt":"Tazza, infusore e coperchio (senza confezione regalo) Capacit\u00e0: 320 ml","rel":"","context":"Similar post","block_context":{"text":"Similar post","link":""},"img":{"alt_text":"Set Tasse Sieb Deckel Haku","src":"https:\/\/i0.wp.com\/teasense.ch\/wp-content\/uploads\/2024\/10\/porzellan-deckelbecher-haku-set.png?resize=350%2C200&ssl=1","width":350,"height":200,"srcset":"https:\/\/i0.wp.com\/teasense.ch\/wp-content\/uploads\/2024\/10\/porzellan-deckelbecher-haku-set.png?resize=350%2C200&ssl=1 1x, https:\/\/i0.wp.com\/teasense.ch\/wp-content\/uploads\/2024\/10\/porzellan-deckelbecher-haku-set.png?resize=525%2C300&ssl=1 1.5x, https:\/\/i0.wp.com\/teasense.ch\/wp-content\/uploads\/2024\/10\/porzellan-deckelbecher-haku-set.png?resize=700%2C400&ssl=1 2x"},"classes":[]},{"id":49103,"url":"https:\/\/teasense.ch\/it\/prodotto\/tazza-da-te-con-infusore-e-coperchio-birdy\/","url_meta":{"origin":49094,"position":3},"title":"Tazza da t\u00e8 con infusore e coperchio \u2013 Birdy","author":"Reale Selection","date":"28. October 2024","format":false,"excerpt":"Tazza, infusore e coperchio (senza confezione regalo) Capacit\u00e0: 325 ml","rel":"","context":"Similar post","block_context":{"text":"Similar post","link":""},"img":{"alt_text":"Porzellan Deckelbecher Birdy ganz","src":"https:\/\/i0.wp.com\/teasense.ch\/wp-content\/uploads\/2024\/10\/porzellan-deckelbecher-birdy-ganz.png?resize=350%2C200&ssl=1","width":350,"height":200,"srcset":"https:\/\/i0.wp.com\/teasense.ch\/wp-content\/uploads\/2024\/10\/porzellan-deckelbecher-birdy-ganz.png?resize=350%2C200&ssl=1 1x, https:\/\/i0.wp.com\/teasense.ch\/wp-content\/uploads\/2024\/10\/porzellan-deckelbecher-birdy-ganz.png?resize=525%2C300&ssl=1 1.5x, https:\/\/i0.wp.com\/teasense.ch\/wp-content\/uploads\/2024\/10\/porzellan-deckelbecher-birdy-ganz.png?resize=700%2C400&ssl=1 2x"},"classes":[]},{"id":48573,"url":"https:\/\/teasense.ch\/it\/prodotto\/miscela-curcuma-spezie\/","url_meta":{"origin":49094,"position":4},"title":"Miscela di spezie alla curcuma","author":"Reale Selection","date":"22. October 2025","format":false,"excerpt":"Curcuma con citronella, limone, zenzero e coriandolo Ideale come infuso, in cucina o per una bevanda alla curcuma Colore dorato, 100 % ingredienti naturali \u2013 senza additivi","rel":"","context":"Similar post","block_context":{"text":"Similar post","link":""},"img":{"alt_text":"Kurkuma Gew\u00fcrz-Mix Zitronengras, Zitrone, Ingwer und Koriander","src":"https:\/\/i0.wp.com\/teasense.ch\/wp-content\/uploads\/2025\/09\/kurkuma-zitrone-1.png?resize=350%2C200&ssl=1","width":350,"height":200,"srcset":"https:\/\/i0.wp.com\/teasense.ch\/wp-content\/uploads\/2025\/09\/kurkuma-zitrone-1.png?resize=350%2C200&ssl=1 1x, https:\/\/i0.wp.com\/teasense.ch\/wp-content\/uploads\/2025\/09\/kurkuma-zitrone-1.png?resize=525%2C300&ssl=1 1.5x, https:\/\/i0.wp.com\/teasense.ch\/wp-content\/uploads\/2025\/09\/kurkuma-zitrone-1.png?resize=700%2C400&ssl=1 2x"},"classes":[]},{"id":48503,"url":"https:\/\/teasense.ch\/it\/prodotto\/filtro-te-54\/","url_meta":{"origin":49094,"position":5},"title":"Filtro t\u00e8 54 mm","author":"Reale Selection","date":"13. November 2025","format":false,"excerpt":"Filtro t\u00e8 54 mm","rel":"","context":"Similar post","block_context":{"text":"Similar post","link":""},"img":{"alt_text":"Teesieb 54 mm Durchmesser mit Teekanne Charm","src":"https:\/\/i0.wp.com\/teasense.ch\/wp-content\/uploads\/2025\/11\/teesieb.png?resize=350%2C200&ssl=1","width":350,"height":200,"srcset":"https:\/\/i0.wp.com\/teasense.ch\/wp-content\/uploads\/2025\/11\/teesieb.png?resize=350%2C200&ssl=1 1x, https:\/\/i0.wp.com\/teasense.ch\/wp-content\/uploads\/2025\/11\/teesieb.png?resize=525%2C300&ssl=1 1.5x, https:\/\/i0.wp.com\/teasense.ch\/wp-content\/uploads\/2025\/11\/teesieb.png?resize=700%2C400&ssl=1 2x"},"classes":[]}],"jetpack_sharing_enabled":true,"jetpack_likes_enabled":false,"_links":{"self":[{"href":"https:\/\/teasense.ch\/it\/wp-json\/wp\/v2\/product\/49094","targetHints":{"allow":["GET"]}}],"collection":[{"href":"https:\/\/teasense.ch\/it\/wp-json\/wp\/v2\/product"}],"about":[{"href":"https:\/\/teasense.ch\/it\/wp-json\/wp\/v2\/types\/product"}],"replies":[{"embeddable":true,"href":"https:\/\/teasense.ch\/it\/wp-json\/wp\/v2\/comments?post=49094"}],"wp:featuredmedia":[{"embeddable":true,"href":"https:\/\/teasense.ch\/it\/wp-json\/wp\/v2\/media\/43553"}],"wp:attachment":[{"href":"https:\/\/teasense.ch\/it\/wp-json\/wp\/v2\/media?parent=49094"}],"wp:term":[{"taxonomy":"product_brand","embeddable":true,"href":"https:\/\/teasense.ch\/it\/wp-json\/wp\/v2\/product_brand?post=49094"},{"taxonomy":"product_cat","embeddable":true,"href":"https:\/\/teasense.ch\/it\/wp-json\/wp\/v2\/product_cat?post=49094"},{"taxonomy":"product_tag","embeddable":true,"href":"https:\/\/teasense.ch\/it\/wp-json\/wp\/v2\/product_tag?post=49094"}],"curies":[{"name":"wp","href":"https:\/\/api.w.org\/{rel}","templated":true}]}}