{"id":49097,"date":"2024-10-31T13:18:33","date_gmt":"2024-10-31T12:18:33","guid":{"rendered":"https:\/\/teasense.ch\/produkt\/lattina-te-yule\/"},"modified":"2024-10-31T13:18:33","modified_gmt":"2024-10-31T12:18:33","slug":"lattina-te-yule","status":"publish","type":"product","link":"https:\/\/teasense.ch\/it\/prodotto\/lattina-te-yule\/","title":{"rendered":"Lattina t\u00e8 Yule"},"content":{"rendered":"<h3>Scatola festiva per il periodo natalizio<\/h3>\n<p>La lattina t\u00e8 Yule \u00e8 perfetta per le feste. Con dimensioni di 72 x 72 x 100 mm, contiene circa 100 g di t\u00e8 a seconda del tipo. Il design con stelle dorate dona un tocco natalizio.<\/p>\n<h3>Conservazione del t\u00e8<\/h3>\n<p>Il coperchio protegge il contenuto da luce e umidit\u00e0.<\/p>\n<h3>Uso versatile<\/h3>\n<p>Adatta anche per spezie, zucchero o biscotti.<\/p>\n<h3>Idea regalo<\/h3>\n<p>Perfetta come regalo semplice o abbinata al t\u00e8.<\/p>\n<p><a href=\"https:\/\/teasense.ch\/prodotto\/weihnachts-teedose\/\">Versione con t\u00e8 disponibile qui.<\/a><\/p>\n","protected":false},"excerpt":{"rendered":"<p>Lattina t\u00e8 senza contenuto<\/p>\n","protected":false},"featured_media":43516,"comment_status":"open","ping_status":"closed","template":"","meta":{"_et_pb_use_builder":"","_et_pb_old_content":"","_et_gb_content_width":""},"product_brand":[],"product_cat":[455,452,340],"product_tag":[],"class_list":{"0":"post-49097","1":"product","2":"type-product","3":"status-publish","4":"has-post-thumbnail","6":"product_cat-accessori-te","7":"product_cat-te-invernali","8":"product_cat-tutti-prodotti","10":"first","11":"instock","12":"shipping-taxable","13":"purchasable","14":"product-type-simple","15":"add-to-wishlist-before_image"},"yoast_head":"<!-- This site is optimized with the Yoast SEO plugin v27.5 - https:\/\/yoast.com\/product\/yoast-seo-wordpress\/ -->\n<title>Lattina t\u00e8 Yule - TeaSense.ch<\/title>\n<meta name=\"description\" content=\"Scatola t\u00e8 Natale \ud83c\udf84 Lattina Yule per t\u00e8 sfuso \u2013 pratica e decorativa.\" \/>\n<meta name=\"robots\" content=\"index, follow, max-snippet:-1, max-image-preview:large, max-video-preview:-1\" \/>\n<link rel=\"canonical\" href=\"https:\/\/teasense.ch\/it\/prodotto\/lattina-te-yule\/\" \/>\n<meta property=\"og:locale\" content=\"it_IT\" \/>\n<meta property=\"og:type\" content=\"article\" \/>\n<meta property=\"og:title\" content=\"Lattina t\u00e8 Yule - TeaSense.ch\" \/>\n<meta property=\"og:description\" content=\"Scatola t\u00e8 Natale \ud83c\udf84 Lattina Yule per t\u00e8 sfuso \u2013 pratica e decorativa.\" \/>\n<meta property=\"og:url\" content=\"https:\/\/teasense.ch\/it\/prodotto\/lattina-te-yule\/\" \/>\n<meta property=\"og:site_name\" content=\"TeaSense.ch\" \/>\n<meta property=\"article:publisher\" content=\"https:\/\/www.facebook.com\/teasense.ch\" \/>\n<meta property=\"og:image\" content=\"https:\/\/teasense.ch\/wp-content\/uploads\/2025\/02\/hibiskus-tee-lose-und-aufgegossen-in-Tassen.png\" \/>\n\t<meta property=\"og:image:width\" content=\"800\" \/>\n\t<meta property=\"og:image:height\" content=\"800\" \/>\n\t<meta property=\"og:image:type\" content=\"image\/png\" \/>\n<meta name=\"twitter:card\" content=\"summary_large_image\" \/>\n<!-- \/ Yoast SEO plugin. -->","yoast_head_json":{"title":"Lattina t\u00e8 Yule - TeaSense.ch","description":"Scatola t\u00e8 Natale \ud83c\udf84 Lattina Yule per t\u00e8 sfuso \u2013 pratica e decorativa.","robots":{"index":"index","follow":"follow","max-snippet":"max-snippet:-1","max-image-preview":"max-image-preview:large","max-video-preview":"max-video-preview:-1"},"canonical":"https:\/\/teasense.ch\/it\/prodotto\/lattina-te-yule\/","og_locale":"it_IT","og_type":"article","og_title":"Lattina t\u00e8 Yule - TeaSense.ch","og_description":"Scatola t\u00e8 Natale \ud83c\udf84 Lattina Yule per t\u00e8 sfuso \u2013 pratica e decorativa.","og_url":"https:\/\/teasense.ch\/it\/prodotto\/lattina-te-yule\/","og_site_name":"TeaSense.ch","article_publisher":"https:\/\/www.facebook.com\/teasense.ch","og_image":[{"width":800,"height":800,"url":"https:\/\/teasense.ch\/wp-content\/uploads\/2025\/02\/hibiskus-tee-lose-und-aufgegossen-in-Tassen.png","type":"image\/png"}],"twitter_card":"summary_large_image","schema":{"@context":"https:\/\/schema.org","@graph":[{"@type":"WebPage","@id":"https:\/\/teasense.ch\/it\/prodotto\/lattina-te-yule\/","url":"https:\/\/teasense.ch\/it\/prodotto\/lattina-te-yule\/","name":"Lattina t\u00e8 Yule - TeaSense.ch","isPartOf":{"@id":"https:\/\/teasense.ch\/it\/#website"},"primaryImageOfPage":{"@id":"https:\/\/teasense.ch\/it\/prodotto\/lattina-te-yule\/#primaryimage"},"image":{"@id":"https:\/\/teasense.ch\/it\/prodotto\/lattina-te-yule\/#primaryimage"},"thumbnailUrl":"https:\/\/teasense.ch\/wp-content\/uploads\/2024\/10\/steckdeckeldose-yule.png","datePublished":"2024-10-31T12:18:33+00:00","description":"Scatola t\u00e8 Natale \ud83c\udf84 Lattina Yule per t\u00e8 sfuso \u2013 pratica e decorativa.","breadcrumb":{"@id":"https:\/\/teasense.ch\/it\/prodotto\/lattina-te-yule\/#breadcrumb"},"inLanguage":"it-CH","potentialAction":[{"@type":"ReadAction","target":["https:\/\/teasense.ch\/it\/prodotto\/lattina-te-yule\/"]}]},{"@type":"ImageObject","inLanguage":"it-CH","@id":"https:\/\/teasense.ch\/it\/prodotto\/lattina-te-yule\/#primaryimage","url":"https:\/\/teasense.ch\/wp-content\/uploads\/2024\/10\/steckdeckeldose-yule.png","contentUrl":"https:\/\/teasense.ch\/wp-content\/uploads\/2024\/10\/steckdeckeldose-yule.png","width":800,"height":800,"caption":"Steckdeckeldose Yule offen"},{"@type":"BreadcrumbList","@id":"https:\/\/teasense.ch\/it\/prodotto\/lattina-te-yule\/#breadcrumb","itemListElement":[{"@type":"ListItem","position":1,"name":"Startseite","item":"https:\/\/teasense.ch\/it\/"},{"@type":"ListItem","position":2,"name":"Ordina t\u00e8 online in Svizzera","item":"https:\/\/teasense.ch\/it\/shop\/"},{"@type":"ListItem","position":3,"name":"Lattina t\u00e8 Yule"}]},{"@type":"WebSite","@id":"https:\/\/teasense.ch\/it\/#website","url":"https:\/\/teasense.ch\/it\/","name":"TeaSense.ch","description":"Nat\u00fcrliche Teemischungen und klassischer Tee","publisher":{"@id":"https:\/\/teasense.ch\/it\/#organization"},"alternateName":"TeaSense","potentialAction":[{"@type":"SearchAction","target":{"@type":"EntryPoint","urlTemplate":"https:\/\/teasense.ch\/it\/?s={search_term_string}"},"query-input":{"@type":"PropertyValueSpecification","valueRequired":true,"valueName":"search_term_string"}}],"inLanguage":"it-CH"},{"@type":"Organization","@id":"https:\/\/teasense.ch\/it\/#organization","name":"Reale Selection","alternateName":"TeaSense.ch","url":"https:\/\/teasense.ch\/it\/","logo":{"@type":"ImageObject","inLanguage":"it-CH","@id":"https:\/\/teasense.ch\/it\/#\/schema\/logo\/image\/","url":"https:\/\/teasense.ch\/wp-content\/uploads\/2023\/07\/cropped-logo-teasense-kategorie-onlineshop-alle-produkte.jpg","contentUrl":"https:\/\/teasense.ch\/wp-content\/uploads\/2023\/07\/cropped-logo-teasense-kategorie-onlineshop-alle-produkte.jpg","width":512,"height":512,"caption":"Reale Selection"},"image":{"@id":"https:\/\/teasense.ch\/it\/#\/schema\/logo\/image\/"},"sameAs":["https:\/\/www.facebook.com\/teasense.ch"]}]}},"jetpack-related-posts":[{"id":49100,"url":"https:\/\/teasense.ch\/it\/prodotto\/tazza-da-te-con-infusore-e-coperchio-haku\/","url_meta":{"origin":49097,"position":0},"title":"Tazza da t\u00e8 con infusore e coperchio \u2013 Haku","author":"Reale Selection","date":"29 October 2024","format":false,"excerpt":"Tazza, infusore e coperchio (senza confezione regalo) Capacit\u00e0: 320 ml","rel":"","context":"Similar post","block_context":{"text":"Similar post","link":""},"img":{"alt_text":"Set Tasse Sieb Deckel Haku","src":"https:\/\/i0.wp.com\/teasense.ch\/wp-content\/uploads\/2024\/10\/porzellan-deckelbecher-haku-set.png?resize=350%2C200&ssl=1","width":350,"height":200,"srcset":"https:\/\/i0.wp.com\/teasense.ch\/wp-content\/uploads\/2024\/10\/porzellan-deckelbecher-haku-set.png?resize=350%2C200&ssl=1 1x, https:\/\/i0.wp.com\/teasense.ch\/wp-content\/uploads\/2024\/10\/porzellan-deckelbecher-haku-set.png?resize=525%2C300&ssl=1 1.5x, https:\/\/i0.wp.com\/teasense.ch\/wp-content\/uploads\/2024\/10\/porzellan-deckelbecher-haku-set.png?resize=700%2C400&ssl=1 2x"},"classes":[]},{"id":49103,"url":"https:\/\/teasense.ch\/it\/prodotto\/tazza-da-te-con-infusore-e-coperchio-birdy\/","url_meta":{"origin":49097,"position":1},"title":"Tazza da t\u00e8 con infusore e coperchio \u2013 Birdy","author":"Reale Selection","date":"28 October 2024","format":false,"excerpt":"Tazza, infusore e coperchio (senza confezione regalo) Capacit\u00e0: 325 ml","rel":"","context":"Similar post","block_context":{"text":"Similar post","link":""},"img":{"alt_text":"Porzellan Deckelbecher Birdy ganz","src":"https:\/\/i0.wp.com\/teasense.ch\/wp-content\/uploads\/2024\/10\/porzellan-deckelbecher-birdy-ganz.png?resize=350%2C200&ssl=1","width":350,"height":200,"srcset":"https:\/\/i0.wp.com\/teasense.ch\/wp-content\/uploads\/2024\/10\/porzellan-deckelbecher-birdy-ganz.png?resize=350%2C200&ssl=1 1x, https:\/\/i0.wp.com\/teasense.ch\/wp-content\/uploads\/2024\/10\/porzellan-deckelbecher-birdy-ganz.png?resize=525%2C300&ssl=1 1.5x, https:\/\/i0.wp.com\/teasense.ch\/wp-content\/uploads\/2024\/10\/porzellan-deckelbecher-birdy-ganz.png?resize=700%2C400&ssl=1 2x"},"classes":[]},{"id":49580,"url":"https:\/\/teasense.ch\/it\/prodotto\/mate-tostato\/","url_meta":{"origin":49097,"position":2},"title":"T\u00e8 mate tostato","author":"Reale Selection","date":"23 October 2024","format":false,"excerpt":"T\u00e8 mate tostato tradizionale Preparazione mate tostato \ud83e\udd44 1 cucchiaino per tazza (12 g\/litro)\ud83c\udf21\ufe0f 80 - 90 \u00b0C\u23f3 5 minuti","rel":"","context":"Similar post","block_context":{"text":"Similar post","link":""},"img":{"alt_text":"Mate ger\u00f6stet auf weissem Hintergrund","src":"https:\/\/i0.wp.com\/teasense.ch\/wp-content\/uploads\/2024\/10\/mate-geroestet-auf-weissem-hintergrund.png?resize=350%2C200&ssl=1","width":350,"height":200,"srcset":"https:\/\/i0.wp.com\/teasense.ch\/wp-content\/uploads\/2024\/10\/mate-geroestet-auf-weissem-hintergrund.png?resize=350%2C200&ssl=1 1x, https:\/\/i0.wp.com\/teasense.ch\/wp-content\/uploads\/2024\/10\/mate-geroestet-auf-weissem-hintergrund.png?resize=525%2C300&ssl=1 1.5x, https:\/\/i0.wp.com\/teasense.ch\/wp-content\/uploads\/2024\/10\/mate-geroestet-auf-weissem-hintergrund.png?resize=700%2C400&ssl=1 2x"},"classes":[]},{"id":48619,"url":"https:\/\/teasense.ch\/it\/prodotto\/te-nero-kenya-gfop-marinyn\/","url_meta":{"origin":49097,"position":3},"title":"T\u00e8 nero Kenya GFOP Marinyn","author":"Reale Selection","date":"13 October 2025","format":false,"excerpt":"Preparazione Kenya GFOP Marinyn \ud83e\udd441 cucchiaino per 200 ml\ud83c\udf21\ufe0f 100 \u00b0C\u23f3 3 minuti","rel":"","context":"Similar post","block_context":{"text":"Similar post","link":""},"img":{"alt_text":"Schwarztee aus Kenia loser Tee Kenya GFOP Marinyn","src":"https:\/\/i0.wp.com\/teasense.ch\/wp-content\/uploads\/2025\/10\/kenya-gfop-marinyn.png?resize=350%2C200&ssl=1","width":350,"height":200,"srcset":"https:\/\/i0.wp.com\/teasense.ch\/wp-content\/uploads\/2025\/10\/kenya-gfop-marinyn.png?resize=350%2C200&ssl=1 1x, https:\/\/i0.wp.com\/teasense.ch\/wp-content\/uploads\/2025\/10\/kenya-gfop-marinyn.png?resize=525%2C300&ssl=1 1.5x, https:\/\/i0.wp.com\/teasense.ch\/wp-content\/uploads\/2025\/10\/kenya-gfop-marinyn.png?resize=700%2C400&ssl=1 2x"},"classes":[]},{"id":50122,"url":"https:\/\/teasense.ch\/it\/prodotto\/cannella-a-pezzi\/","url_meta":{"origin":49097,"position":4},"title":"Cannella a pezzi","author":"Reale Selection","date":"7 July 2023","format":false,"excerpt":"Preparazione t\u00e8 alla cannella \ud83e\udd44 1\u20132 cucchiaini di cannella a pezzi per tazza \ud83c\udf21\ufe0f 95 \u00b0C \u23f3 10\u201315 minuti","rel":"","context":"Similar post","block_context":{"text":"Similar post","link":""},"img":{"alt_text":"Zimtrinde Cassia geschnitten auf einem weissen Blatt Papier","src":"https:\/\/i0.wp.com\/teasense.ch\/wp-content\/uploads\/2023\/07\/zimtstuecke-auf-einem-weissen-blatt-papier.png?resize=350%2C200&ssl=1","width":350,"height":200,"srcset":"https:\/\/i0.wp.com\/teasense.ch\/wp-content\/uploads\/2023\/07\/zimtstuecke-auf-einem-weissen-blatt-papier.png?resize=350%2C200&ssl=1 1x, https:\/\/i0.wp.com\/teasense.ch\/wp-content\/uploads\/2023\/07\/zimtstuecke-auf-einem-weissen-blatt-papier.png?resize=525%2C300&ssl=1 1.5x, https:\/\/i0.wp.com\/teasense.ch\/wp-content\/uploads\/2023\/07\/zimtstuecke-auf-einem-weissen-blatt-papier.png?resize=700%2C400&ssl=1 2x"},"classes":[]},{"id":48561,"url":"https:\/\/teasense.ch\/it\/prodotto\/tazza-mate-ceramica-verde-marmorizzato\/","url_meta":{"origin":49097,"position":5},"title":"Tazza mate in ceramica \u2013 verde marmorizzato","author":"Reale Selection","date":"10 November 2025","format":false,"excerpt":"Materiale: ceramica Colore: smalto verde marmorizzato Capacit\u00e0: 350 ml","rel":"","context":"Similar post","block_context":{"text":"Similar post","link":""},"img":{"alt_text":"Mate Becher aus Keramik mit Marmor Design Gr\u00fcn","src":"https:\/\/i0.wp.com\/teasense.ch\/wp-content\/uploads\/2025\/11\/mate-becher-keramik.png?resize=350%2C200&ssl=1","width":350,"height":200,"srcset":"https:\/\/i0.wp.com\/teasense.ch\/wp-content\/uploads\/2025\/11\/mate-becher-keramik.png?resize=350%2C200&ssl=1 1x, https:\/\/i0.wp.com\/teasense.ch\/wp-content\/uploads\/2025\/11\/mate-becher-keramik.png?resize=525%2C300&ssl=1 1.5x, https:\/\/i0.wp.com\/teasense.ch\/wp-content\/uploads\/2025\/11\/mate-becher-keramik.png?resize=700%2C400&ssl=1 2x"},"classes":[]}],"jetpack_sharing_enabled":true,"jetpack_likes_enabled":false,"_links":{"self":[{"href":"https:\/\/teasense.ch\/it\/wp-json\/wp\/v2\/product\/49097","targetHints":{"allow":["GET"]}}],"collection":[{"href":"https:\/\/teasense.ch\/it\/wp-json\/wp\/v2\/product"}],"about":[{"href":"https:\/\/teasense.ch\/it\/wp-json\/wp\/v2\/types\/product"}],"replies":[{"embeddable":true,"href":"https:\/\/teasense.ch\/it\/wp-json\/wp\/v2\/comments?post=49097"}],"wp:featuredmedia":[{"embeddable":true,"href":"https:\/\/teasense.ch\/it\/wp-json\/wp\/v2\/media\/43516"}],"wp:attachment":[{"href":"https:\/\/teasense.ch\/it\/wp-json\/wp\/v2\/media?parent=49097"}],"wp:term":[{"taxonomy":"product_brand","embeddable":true,"href":"https:\/\/teasense.ch\/it\/wp-json\/wp\/v2\/product_brand?post=49097"},{"taxonomy":"product_cat","embeddable":true,"href":"https:\/\/teasense.ch\/it\/wp-json\/wp\/v2\/product_cat?post=49097"},{"taxonomy":"product_tag","embeddable":true,"href":"https:\/\/teasense.ch\/it\/wp-json\/wp\/v2\/product_tag?post=49097"}],"curies":[{"name":"wp","href":"https:\/\/api.w.org\/{rel}","templated":true}]}}