{"id":49106,"date":"2024-10-28T21:45:24","date_gmt":"2024-10-28T20:45:24","guid":{"rendered":"https:\/\/teasense.ch\/produkt\/tazza-da-te-con-infusore-e-coperchio-hehua\/"},"modified":"2024-10-28T21:45:24","modified_gmt":"2024-10-28T20:45:24","slug":"tazza-da-te-con-infusore-e-coperchio-hehua","status":"publish","type":"product","link":"https:\/\/teasense.ch\/it\/prodotto\/tazza-da-te-con-infusore-e-coperchio-hehua\/","title":{"rendered":"Tazza da t\u00e8 con infusore e coperchio \u2013 Hehua"},"content":{"rendered":"<h2>Tazza da t\u00e8 elegante in porcellana con infusore<\/h2>\n<p>La tazza da t\u00e8 Hehua unisce design semplice e funzionalit\u00e0. Il motivo floreale su fondo bianco le dona uno stile senza tempo. Con 360 ml \u00e8 perfetta per il t\u00e8.<\/p>\n<h3>Infusore in acciaio inox<\/h3>\n<p>L\u2019infusore permette di preparare il t\u00e8 direttamente nella tazza e trattiene le foglie.<\/p>\n<h4>Coperchio pratico<\/h4>\n<p>Il coperchio mantiene il calore e pu\u00f2 essere usato come supporto per l\u2019infusore.<\/p>\n<h4>Idea regalo<\/h4>\n<p>Una tazza elegante e utile.<\/p>\n<h4>Perch\u00e9 una tazza con infusore?<\/h4>\n<p>Permette una preparazione semplice e pulita del t\u00e8.<\/p>\n","protected":false},"excerpt":{"rendered":"<p>Set: tazza, infusore e coperchio (senza confezione regalo)<\/p>\n<p>Capacit\u00e0: 360 ml<\/p>\n","protected":false},"featured_media":43418,"comment_status":"open","ping_status":"closed","template":"","meta":{"_et_pb_use_builder":"","_et_pb_old_content":"","_et_gb_content_width":""},"product_brand":[],"product_cat":[344,455,340],"product_tag":[],"class_list":{"0":"post-49106","1":"product","2":"type-product","3":"status-publish","4":"has-post-thumbnail","6":"product_cat-regali-te","7":"product_cat-accessori-te","8":"product_cat-tutti-prodotti","9":"pa_herkunft-cina","11":"first","12":"instock","13":"shipping-taxable","14":"purchasable","15":"product-type-simple","16":"add-to-wishlist-before_image"},"yoast_head":"<!-- This site is optimized with the Yoast SEO plugin v27.5 - https:\/\/yoast.com\/product\/yoast-seo-wordpress\/ -->\n<title>Tazza da t\u00e8 con infusore e coperchio \u2013 Hehua - TeaSense.ch - Tee Shop Schweiz<\/title>\n<meta name=\"robots\" content=\"index, follow, max-snippet:-1, max-image-preview:large, max-video-preview:-1\" \/>\n<link rel=\"canonical\" href=\"https:\/\/teasense.ch\/it\/prodotto\/tazza-da-te-con-infusore-e-coperchio-hehua\/\" \/>\n<meta property=\"og:locale\" content=\"it_IT\" \/>\n<meta property=\"og:type\" content=\"article\" \/>\n<meta property=\"og:title\" content=\"Tazza da t\u00e8 con infusore e coperchio \u2013 Hehua - TeaSense.ch - Tee Shop Schweiz\" \/>\n<meta property=\"og:description\" content=\"Set: tazza, infusore e coperchio (senza confezione regalo) Capacit\u00e0: 360 ml\" \/>\n<meta property=\"og:url\" content=\"https:\/\/teasense.ch\/it\/prodotto\/tazza-da-te-con-infusore-e-coperchio-hehua\/\" \/>\n<meta property=\"og:site_name\" content=\"TeaSense.ch - Tee Shop Schweiz\" \/>\n<meta property=\"article:publisher\" content=\"https:\/\/www.facebook.com\/teasense.ch\" \/>\n<meta property=\"og:image\" content=\"https:\/\/teasense.ch\/wp-content\/uploads\/2025\/02\/hibiskus-tee-lose-und-aufgegossen-in-Tassen.png\" \/>\n\t<meta property=\"og:image:width\" content=\"800\" \/>\n\t<meta property=\"og:image:height\" content=\"800\" \/>\n\t<meta property=\"og:image:type\" content=\"image\/png\" \/>\n<meta name=\"twitter:card\" content=\"summary_large_image\" \/>\n<!-- \/ Yoast SEO plugin. -->","yoast_head_json":{"title":"Tazza da t\u00e8 con infusore e coperchio \u2013 Hehua - TeaSense.ch - Tee Shop Schweiz","robots":{"index":"index","follow":"follow","max-snippet":"max-snippet:-1","max-image-preview":"max-image-preview:large","max-video-preview":"max-video-preview:-1"},"canonical":"https:\/\/teasense.ch\/it\/prodotto\/tazza-da-te-con-infusore-e-coperchio-hehua\/","og_locale":"it_IT","og_type":"article","og_title":"Tazza da t\u00e8 con infusore e coperchio \u2013 Hehua - TeaSense.ch - Tee Shop Schweiz","og_description":"Set: tazza, infusore e coperchio (senza confezione regalo) Capacit\u00e0: 360 ml","og_url":"https:\/\/teasense.ch\/it\/prodotto\/tazza-da-te-con-infusore-e-coperchio-hehua\/","og_site_name":"TeaSense.ch - Tee Shop Schweiz","article_publisher":"https:\/\/www.facebook.com\/teasense.ch","og_image":[{"width":800,"height":800,"url":"https:\/\/teasense.ch\/wp-content\/uploads\/2025\/02\/hibiskus-tee-lose-und-aufgegossen-in-Tassen.png","type":"image\/png"}],"twitter_card":"summary_large_image","schema":{"@context":"https:\/\/schema.org","@graph":[{"@type":"WebPage","@id":"https:\/\/teasense.ch\/it\/prodotto\/tazza-da-te-con-infusore-e-coperchio-hehua\/","url":"https:\/\/teasense.ch\/it\/prodotto\/tazza-da-te-con-infusore-e-coperchio-hehua\/","name":"Tazza da t\u00e8 con infusore e coperchio \u2013 Hehua - TeaSense.ch - Tee Shop Schweiz","isPartOf":{"@id":"https:\/\/teasense.ch\/it\/#website"},"primaryImageOfPage":{"@id":"https:\/\/teasense.ch\/it\/prodotto\/tazza-da-te-con-infusore-e-coperchio-hehua\/#primaryimage"},"image":{"@id":"https:\/\/teasense.ch\/it\/prodotto\/tazza-da-te-con-infusore-e-coperchio-hehua\/#primaryimage"},"thumbnailUrl":"https:\/\/teasense.ch\/wp-content\/uploads\/2024\/10\/porzellan-deckelbecher-hehua-aussen.png","datePublished":"2024-10-28T20:45:24+00:00","breadcrumb":{"@id":"https:\/\/teasense.ch\/it\/prodotto\/tazza-da-te-con-infusore-e-coperchio-hehua\/#breadcrumb"},"inLanguage":"it-CH","potentialAction":[{"@type":"ReadAction","target":["https:\/\/teasense.ch\/it\/prodotto\/tazza-da-te-con-infusore-e-coperchio-hehua\/"]}]},{"@type":"ImageObject","inLanguage":"it-CH","@id":"https:\/\/teasense.ch\/it\/prodotto\/tazza-da-te-con-infusore-e-coperchio-hehua\/#primaryimage","url":"https:\/\/teasense.ch\/wp-content\/uploads\/2024\/10\/porzellan-deckelbecher-hehua-aussen.png","contentUrl":"https:\/\/teasense.ch\/wp-content\/uploads\/2024\/10\/porzellan-deckelbecher-hehua-aussen.png","width":800,"height":800,"caption":"Porzellan Deckelbecher Hehua aussen"},{"@type":"BreadcrumbList","@id":"https:\/\/teasense.ch\/it\/prodotto\/tazza-da-te-con-infusore-e-coperchio-hehua\/#breadcrumb","itemListElement":[{"@type":"ListItem","position":1,"name":"Startseite","item":"https:\/\/teasense.ch\/it\/startseite\/"},{"@type":"ListItem","position":2,"name":"Ordina t\u00e8 online in Svizzera","item":"https:\/\/teasense.ch\/it\/shop\/"},{"@type":"ListItem","position":3,"name":"Tazza da t\u00e8 con infusore e coperchio \u2013 Hehua"}]},{"@type":"WebSite","@id":"https:\/\/teasense.ch\/it\/#website","url":"https:\/\/teasense.ch\/it\/","name":"TeaSense.ch","description":"Nat\u00fcrliche Teemischungen und klassischer Tee","publisher":{"@id":"https:\/\/teasense.ch\/it\/#organization"},"alternateName":"TeaSense","potentialAction":[{"@type":"SearchAction","target":{"@type":"EntryPoint","urlTemplate":"https:\/\/teasense.ch\/it\/?s={search_term_string}"},"query-input":{"@type":"PropertyValueSpecification","valueRequired":true,"valueName":"search_term_string"}}],"inLanguage":"it-CH"},{"@type":"Organization","@id":"https:\/\/teasense.ch\/it\/#organization","name":"Reale Selection","alternateName":"TeaSense.ch","url":"https:\/\/teasense.ch\/it\/","logo":{"@type":"ImageObject","inLanguage":"it-CH","@id":"https:\/\/teasense.ch\/it\/#\/schema\/logo\/image\/","url":"https:\/\/teasense.ch\/wp-content\/uploads\/2023\/07\/cropped-logo-teasense-kategorie-onlineshop-alle-produkte.jpg","contentUrl":"https:\/\/teasense.ch\/wp-content\/uploads\/2023\/07\/cropped-logo-teasense-kategorie-onlineshop-alle-produkte.jpg","width":512,"height":512,"caption":"Reale Selection"},"image":{"@id":"https:\/\/teasense.ch\/it\/#\/schema\/logo\/image\/"},"sameAs":["https:\/\/www.facebook.com\/teasense.ch"]}]}},"jetpack-related-posts":[{"id":48443,"url":"https:\/\/teasense.ch\/it\/prodotto\/tazza-chai-kulhad-argilla-130-ml\/","url_meta":{"origin":49106,"position":0},"title":"Tazza chai Kulhad in argilla 130 ml","author":"Reale Selection","date":"7. January 2026","format":false,"excerpt":"Tazza chai in argilla senza manico Capacit\u00e0 di 130 ml","rel":"","context":"Similar post","block_context":{"text":"Similar post","link":""},"img":{"alt_text":"Kulhad Chai Becher aus Ton \u2013 Kulhar Teetasse 130 ml","src":"https:\/\/i0.wp.com\/teasense.ch\/wp-content\/uploads\/2026\/01\/chai-toncup-kulhar-130-ml.png?resize=350%2C200&ssl=1","width":350,"height":200,"srcset":"https:\/\/i0.wp.com\/teasense.ch\/wp-content\/uploads\/2026\/01\/chai-toncup-kulhar-130-ml.png?resize=350%2C200&ssl=1 1x, https:\/\/i0.wp.com\/teasense.ch\/wp-content\/uploads\/2026\/01\/chai-toncup-kulhar-130-ml.png?resize=525%2C300&ssl=1 1.5x, https:\/\/i0.wp.com\/teasense.ch\/wp-content\/uploads\/2026\/01\/chai-toncup-kulhar-130-ml.png?resize=700%2C400&ssl=1 2x"},"classes":[]},{"id":48993,"url":"https:\/\/teasense.ch\/it\/prodotto\/formosa-oolong-selezione\/","url_meta":{"origin":49106,"position":1},"title":"Formosa Oolong Selezione","author":"Reale Selection","date":"19. September 2025","format":false,"excerpt":"Formosa Oolong Selezione \u2013 Preparazione \ud83e\udd44 1\u20132 cucchiaini per 200 ml di acqua\ud83c\udf21\ufe0f 80\u201390\u00b0C (acqua calda, non bollente)\u23f3 2\u20134 minuti, reinfusibile pi\u00f9 volte","rel":"","context":"Similar post","block_context":{"text":"Similar post","link":""},"img":{"alt_text":"Formosa Fine Oolong loser Tee","src":"https:\/\/i0.wp.com\/teasense.ch\/wp-content\/uploads\/2025\/09\/formosa-fine-oolong.png?resize=350%2C200&ssl=1","width":350,"height":200,"srcset":"https:\/\/i0.wp.com\/teasense.ch\/wp-content\/uploads\/2025\/09\/formosa-fine-oolong.png?resize=350%2C200&ssl=1 1x, https:\/\/i0.wp.com\/teasense.ch\/wp-content\/uploads\/2025\/09\/formosa-fine-oolong.png?resize=525%2C300&ssl=1 1.5x, https:\/\/i0.wp.com\/teasense.ch\/wp-content\/uploads\/2025\/09\/formosa-fine-oolong.png?resize=700%2C400&ssl=1 2x"},"classes":[]},{"id":48095,"url":"https:\/\/teasense.ch\/it\/prodotto\/tisana-dormiglione\/","url_meta":{"origin":49106,"position":2},"title":"Tisana Dormiglione","author":"Reale Selection","date":"23. October 2024","format":false,"excerpt":"Preparazione Tisana Dormiglione \ud83e\udd44 1 cucchiaino per tazza (14g\/litro)\ud83c\udf21\ufe0f 100 \u00b0C\u23f3 5 minuti","rel":"","context":"Similar post","block_context":{"text":"Similar post","link":""},"img":{"alt_text":"Schlafm\u00fctze Kr\u00e4utertee weisser Hintergrund","src":"https:\/\/i0.wp.com\/teasense.ch\/wp-content\/uploads\/2024\/10\/schlafmuetze-kraeutertee-weisser-hintergrund.png?resize=350%2C200&ssl=1","width":350,"height":200,"srcset":"https:\/\/i0.wp.com\/teasense.ch\/wp-content\/uploads\/2024\/10\/schlafmuetze-kraeutertee-weisser-hintergrund.png?resize=350%2C200&ssl=1 1x, https:\/\/i0.wp.com\/teasense.ch\/wp-content\/uploads\/2024\/10\/schlafmuetze-kraeutertee-weisser-hintergrund.png?resize=525%2C300&ssl=1 1.5x, https:\/\/i0.wp.com\/teasense.ch\/wp-content\/uploads\/2024\/10\/schlafmuetze-kraeutertee-weisser-hintergrund.png?resize=700%2C400&ssl=1 2x"},"classes":[]},{"id":48780,"url":"https:\/\/teasense.ch\/it\/prodotto\/genmaicha-giapponese-te-verde\/","url_meta":{"origin":49106,"position":3},"title":"Genmaicha giapponese","author":"Reale Selection","date":"30. September 2025","format":false,"excerpt":"Preparazione Genmaicha giapponese \ud83e\udd44 12\u201315 g per litro \ud83c\udf21\ufe0f 80\u201390 \u00b0C \u23f3 1\u20132 minuti","rel":"","context":"Similar post","block_context":{"text":"Similar post","link":""},"img":{"alt_text":"Japan Genmaicha, Gr\u00fcntee mit ger\u00f6stetem Reis, Popcorn Tee","src":"https:\/\/i0.wp.com\/teasense.ch\/wp-content\/uploads\/2025\/09\/genmaicha1.png?resize=350%2C200&ssl=1","width":350,"height":200,"srcset":"https:\/\/i0.wp.com\/teasense.ch\/wp-content\/uploads\/2025\/09\/genmaicha1.png?resize=350%2C200&ssl=1 1x, https:\/\/i0.wp.com\/teasense.ch\/wp-content\/uploads\/2025\/09\/genmaicha1.png?resize=525%2C300&ssl=1 1.5x, https:\/\/i0.wp.com\/teasense.ch\/wp-content\/uploads\/2025\/09\/genmaicha1.png?resize=700%2C400&ssl=1 2x"},"classes":[]},{"id":49127,"url":"https:\/\/teasense.ch\/it\/prodotto\/cha-gorreana-orange-pekoe-te-nero-delle-azzorre\/","url_meta":{"origin":49106,"position":4},"title":"Ch\u00e1 Gorreana Orange Pekoe \u2013 T\u00e8 nero delle Azzorre","author":"Reale Selection","date":"13. September 2024","format":false,"excerpt":"T\u00e8 nero delle Azzorre (Portogallo) Preparazione Ch\u00e1 Gorreana Orange Pekoe \ud83e\udd44 1 cucchiaino (ca. 2 g) per 200 ml di acqua\ud83c\udf21\ufe0f 90\u201395 \u00b0C\u23f3 3\u20135 minuti","rel":"","context":"Similar post","block_context":{"text":"Similar post","link":""},"img":{"alt_text":"acores-orange-pekoe-loose-leaf-100g","src":"https:\/\/i0.wp.com\/teasense.ch\/wp-content\/uploads\/2024\/09\/acores-orange-pekoe-loose-leaf-100g.png?resize=350%2C200&ssl=1","width":350,"height":200,"srcset":"https:\/\/i0.wp.com\/teasense.ch\/wp-content\/uploads\/2024\/09\/acores-orange-pekoe-loose-leaf-100g.png?resize=350%2C200&ssl=1 1x, https:\/\/i0.wp.com\/teasense.ch\/wp-content\/uploads\/2024\/09\/acores-orange-pekoe-loose-leaf-100g.png?resize=525%2C300&ssl=1 1.5x, https:\/\/i0.wp.com\/teasense.ch\/wp-content\/uploads\/2024\/09\/acores-orange-pekoe-loose-leaf-100g.png?resize=700%2C400&ssl=1 2x"},"classes":[]},{"id":49023,"url":"https:\/\/teasense.ch\/it\/prodotto\/chai-ayurvedico-con-mate\/","url_meta":{"origin":49106,"position":5},"title":"Chai ayurvedico con mate","author":"Reale Selection","date":"13. May 2025","format":false,"excerpt":"Zubereitung Ayurveda Chai mit Mate \ud83e\udd44 1\u20132 cucchiaini per tazza (14g\/litro)\ud83c\udf21\ufe0f 100 \u00b0C\u23f3 5 minuti","rel":"","context":"Similar post","block_context":{"text":"Similar post","link":""},"img":{"alt_text":"Ayurveda Chai mit Mate","src":"https:\/\/i0.wp.com\/teasense.ch\/wp-content\/uploads\/2025\/05\/Ayurveda-Chai-mit-Mate.png?resize=350%2C200&ssl=1","width":350,"height":200,"srcset":"https:\/\/i0.wp.com\/teasense.ch\/wp-content\/uploads\/2025\/05\/Ayurveda-Chai-mit-Mate.png?resize=350%2C200&ssl=1 1x, https:\/\/i0.wp.com\/teasense.ch\/wp-content\/uploads\/2025\/05\/Ayurveda-Chai-mit-Mate.png?resize=525%2C300&ssl=1 1.5x, https:\/\/i0.wp.com\/teasense.ch\/wp-content\/uploads\/2025\/05\/Ayurveda-Chai-mit-Mate.png?resize=700%2C400&ssl=1 2x"},"classes":[]}],"jetpack_sharing_enabled":true,"jetpack_likes_enabled":false,"_links":{"self":[{"href":"https:\/\/teasense.ch\/it\/wp-json\/wp\/v2\/product\/49106","targetHints":{"allow":["GET"]}}],"collection":[{"href":"https:\/\/teasense.ch\/it\/wp-json\/wp\/v2\/product"}],"about":[{"href":"https:\/\/teasense.ch\/it\/wp-json\/wp\/v2\/types\/product"}],"replies":[{"embeddable":true,"href":"https:\/\/teasense.ch\/it\/wp-json\/wp\/v2\/comments?post=49106"}],"wp:featuredmedia":[{"embeddable":true,"href":"https:\/\/teasense.ch\/it\/wp-json\/wp\/v2\/media\/43418"}],"wp:attachment":[{"href":"https:\/\/teasense.ch\/it\/wp-json\/wp\/v2\/media?parent=49106"}],"wp:term":[{"taxonomy":"product_brand","embeddable":true,"href":"https:\/\/teasense.ch\/it\/wp-json\/wp\/v2\/product_brand?post=49106"},{"taxonomy":"product_cat","embeddable":true,"href":"https:\/\/teasense.ch\/it\/wp-json\/wp\/v2\/product_cat?post=49106"},{"taxonomy":"product_tag","embeddable":true,"href":"https:\/\/teasense.ch\/it\/wp-json\/wp\/v2\/product_tag?post=49106"}],"curies":[{"name":"wp","href":"https:\/\/api.w.org\/{rel}","templated":true}]}}