{"id":49109,"date":"2024-10-23T09:20:07","date_gmt":"2024-10-23T07:20:07","guid":{"rendered":"https:\/\/teasense.ch\/produkt\/cucchiaio-da-te-in-legno\/"},"modified":"2024-10-23T09:20:07","modified_gmt":"2024-10-23T07:20:07","slug":"cucchiaio-da-te-in-legno","status":"publish","type":"product","link":"https:\/\/teasense.ch\/it\/prodotto\/cucchiaio-da-te-in-legno\/","title":{"rendered":"Cucchiaio da t\u00e8 in legno"},"content":{"rendered":"<h2>Cucchiaio da t\u00e8 in legno per un dosaggio preciso<\/h2>\n<p>Il cucchiaio da t\u00e8 in legno \u00e8 uno strumento pratico per misurare la giusta quantit\u00e0 di t\u00e8. Ideale per una tazza o una teiera.<\/p>\n<h3>Dosaggio preciso<\/h3>\n<p>La quantit\u00e0 corretta di t\u00e8 \u00e8 importante per il gusto. Questo cucchiaio ti aiuta a trovare il giusto equilibrio.<\/p>\n<p>Adatto per t\u00e8 verde, nero o tisane.<\/p>\n<h3>Materiale naturale<\/h3>\n<p>Realizzato in legno, \u00e8 una scelta semplice e senza plastica.<\/p>\n<h4>Uso versatile<\/h4>\n<p>Adatto anche per erbe, spezie o caff\u00e8.<\/p>\n<h4>Facile da pulire<\/h4>\n<p>Pulire con acqua tiepida e asciugare bene.<\/p>\n<h4>Accessorio per il t\u00e8<\/h4>\n<p>Da abbinare ad altri accessori come una <a href=\"https:\/\/teasense.ch\/produkt\/chasen\/\" rel=\"noopener\">frusta matcha in bamb\u00f9<\/a>.<\/p>\n","protected":false},"excerpt":{"rendered":"<p>Cucchiaio da t\u00e8 in legno per un dosaggio preciso Il cucchiaio da t\u00e8 in legno \u00e8 uno strumento pratico per misurare la giusta quantit\u00e0 di t\u00e8. Ideale per una tazza o una teiera. Dosaggio preciso La quantit\u00e0 corretta di t\u00e8 \u00e8 importante per il gusto. Questo cucchiaio ti aiuta a trovare il giusto equilibrio. Adatto [&hellip;]<\/p>\n","protected":false},"featured_media":43336,"comment_status":"open","ping_status":"closed","template":"","meta":{"_et_pb_use_builder":"","_et_pb_old_content":"","_et_gb_content_width":""},"product_brand":[],"product_cat":[344,455,458,340],"product_tag":[],"class_list":{"0":"post-49109","1":"product","2":"type-product","3":"status-publish","4":"has-post-thumbnail","6":"product_cat-regali-te","7":"product_cat-accessori-te","8":"product_cat-cucchiaida-te","9":"product_cat-tutti-prodotti","11":"first","12":"instock","13":"shipping-taxable","14":"purchasable","15":"product-type-simple","16":"add-to-wishlist-before_image"},"yoast_head":"<!-- This site is optimized with the Yoast SEO plugin v27.5 - https:\/\/yoast.com\/product\/yoast-seo-wordpress\/ -->\n<title>Cucchiaio da t\u00e8 in legno - TeaSense.ch - Tee Shop Schweiz<\/title>\n<meta name=\"robots\" content=\"index, follow, max-snippet:-1, max-image-preview:large, max-video-preview:-1\" \/>\n<link rel=\"canonical\" href=\"https:\/\/teasense.ch\/it\/prodotto\/cucchiaio-da-te-in-legno\/\" \/>\n<meta property=\"og:locale\" content=\"it_IT\" \/>\n<meta property=\"og:type\" content=\"article\" \/>\n<meta property=\"og:title\" content=\"Cucchiaio da t\u00e8 in legno - TeaSense.ch - Tee Shop Schweiz\" \/>\n<meta property=\"og:description\" content=\"Cucchiaio da t\u00e8 in legno per un dosaggio preciso Il cucchiaio da t\u00e8 in legno \u00e8 uno strumento pratico per misurare la giusta quantit\u00e0 di t\u00e8. Ideale per una tazza o una teiera. Dosaggio preciso La quantit\u00e0 corretta di t\u00e8 \u00e8 importante per il gusto. Questo cucchiaio ti aiuta a trovare il giusto equilibrio. Adatto [&hellip;]\" \/>\n<meta property=\"og:url\" content=\"https:\/\/teasense.ch\/it\/prodotto\/cucchiaio-da-te-in-legno\/\" \/>\n<meta property=\"og:site_name\" content=\"TeaSense.ch - Tee Shop Schweiz\" \/>\n<meta property=\"article:publisher\" content=\"https:\/\/www.facebook.com\/teasense.ch\" \/>\n<meta property=\"og:image\" content=\"https:\/\/teasense.ch\/wp-content\/uploads\/2025\/02\/hibiskus-tee-lose-und-aufgegossen-in-Tassen.png\" \/>\n\t<meta property=\"og:image:width\" content=\"800\" \/>\n\t<meta property=\"og:image:height\" content=\"800\" \/>\n\t<meta property=\"og:image:type\" content=\"image\/png\" \/>\n<meta name=\"twitter:card\" content=\"summary_large_image\" \/>\n<meta name=\"twitter:label1\" content=\"Est. reading time\" \/>\n\t<meta name=\"twitter:data1\" content=\"1 minute\" \/>\n<!-- \/ Yoast SEO plugin. -->","yoast_head_json":{"title":"Cucchiaio da t\u00e8 in legno - TeaSense.ch - Tee Shop Schweiz","robots":{"index":"index","follow":"follow","max-snippet":"max-snippet:-1","max-image-preview":"max-image-preview:large","max-video-preview":"max-video-preview:-1"},"canonical":"https:\/\/teasense.ch\/it\/prodotto\/cucchiaio-da-te-in-legno\/","og_locale":"it_IT","og_type":"article","og_title":"Cucchiaio da t\u00e8 in legno - TeaSense.ch - Tee Shop Schweiz","og_description":"Cucchiaio da t\u00e8 in legno per un dosaggio preciso Il cucchiaio da t\u00e8 in legno \u00e8 uno strumento pratico per misurare la giusta quantit\u00e0 di t\u00e8. Ideale per una tazza o una teiera. Dosaggio preciso La quantit\u00e0 corretta di t\u00e8 \u00e8 importante per il gusto. Questo cucchiaio ti aiuta a trovare il giusto equilibrio. Adatto [&hellip;]","og_url":"https:\/\/teasense.ch\/it\/prodotto\/cucchiaio-da-te-in-legno\/","og_site_name":"TeaSense.ch - Tee Shop Schweiz","article_publisher":"https:\/\/www.facebook.com\/teasense.ch","og_image":[{"width":800,"height":800,"url":"https:\/\/teasense.ch\/wp-content\/uploads\/2025\/02\/hibiskus-tee-lose-und-aufgegossen-in-Tassen.png","type":"image\/png"}],"twitter_card":"summary_large_image","twitter_misc":{"Est. reading time":"1 minute"},"schema":{"@context":"https:\/\/schema.org","@graph":[{"@type":"WebPage","@id":"https:\/\/teasense.ch\/it\/prodotto\/cucchiaio-da-te-in-legno\/","url":"https:\/\/teasense.ch\/it\/prodotto\/cucchiaio-da-te-in-legno\/","name":"Cucchiaio da t\u00e8 in legno - TeaSense.ch - Tee Shop Schweiz","isPartOf":{"@id":"https:\/\/teasense.ch\/it\/#website"},"primaryImageOfPage":{"@id":"https:\/\/teasense.ch\/it\/prodotto\/cucchiaio-da-te-in-legno\/#primaryimage"},"image":{"@id":"https:\/\/teasense.ch\/it\/prodotto\/cucchiaio-da-te-in-legno\/#primaryimage"},"thumbnailUrl":"https:\/\/teasense.ch\/wp-content\/uploads\/2024\/10\/tee-messloeffel-aus-holz.png","datePublished":"2024-10-23T07:20:07+00:00","breadcrumb":{"@id":"https:\/\/teasense.ch\/it\/prodotto\/cucchiaio-da-te-in-legno\/#breadcrumb"},"inLanguage":"it-CH","potentialAction":[{"@type":"ReadAction","target":["https:\/\/teasense.ch\/it\/prodotto\/cucchiaio-da-te-in-legno\/"]}]},{"@type":"ImageObject","inLanguage":"it-CH","@id":"https:\/\/teasense.ch\/it\/prodotto\/cucchiaio-da-te-in-legno\/#primaryimage","url":"https:\/\/teasense.ch\/wp-content\/uploads\/2024\/10\/tee-messloeffel-aus-holz.png","contentUrl":"https:\/\/teasense.ch\/wp-content\/uploads\/2024\/10\/tee-messloeffel-aus-holz.png","width":800,"height":800,"caption":"Tee-Messl\u00f6ffel aus Holz"},{"@type":"BreadcrumbList","@id":"https:\/\/teasense.ch\/it\/prodotto\/cucchiaio-da-te-in-legno\/#breadcrumb","itemListElement":[{"@type":"ListItem","position":1,"name":"Startseite","item":"https:\/\/teasense.ch\/it\/startseite\/"},{"@type":"ListItem","position":2,"name":"Ordina t\u00e8 online in Svizzera","item":"https:\/\/teasense.ch\/it\/shop\/"},{"@type":"ListItem","position":3,"name":"Cucchiaio da t\u00e8 in legno"}]},{"@type":"WebSite","@id":"https:\/\/teasense.ch\/it\/#website","url":"https:\/\/teasense.ch\/it\/","name":"TeaSense.ch","description":"Nat\u00fcrliche Teemischungen und klassischer Tee","publisher":{"@id":"https:\/\/teasense.ch\/it\/#organization"},"alternateName":"TeaSense","potentialAction":[{"@type":"SearchAction","target":{"@type":"EntryPoint","urlTemplate":"https:\/\/teasense.ch\/it\/?s={search_term_string}"},"query-input":{"@type":"PropertyValueSpecification","valueRequired":true,"valueName":"search_term_string"}}],"inLanguage":"it-CH"},{"@type":"Organization","@id":"https:\/\/teasense.ch\/it\/#organization","name":"Reale Selection","alternateName":"TeaSense.ch","url":"https:\/\/teasense.ch\/it\/","logo":{"@type":"ImageObject","inLanguage":"it-CH","@id":"https:\/\/teasense.ch\/it\/#\/schema\/logo\/image\/","url":"https:\/\/teasense.ch\/wp-content\/uploads\/2023\/07\/cropped-logo-teasense-kategorie-onlineshop-alle-produkte.jpg","contentUrl":"https:\/\/teasense.ch\/wp-content\/uploads\/2023\/07\/cropped-logo-teasense-kategorie-onlineshop-alle-produkte.jpg","width":512,"height":512,"caption":"Reale Selection"},"image":{"@id":"https:\/\/teasense.ch\/it\/#\/schema\/logo\/image\/"},"sameAs":["https:\/\/www.facebook.com\/teasense.ch"]}]}},"jetpack-related-posts":[{"id":48150,"url":"https:\/\/teasense.ch\/it\/prodotto\/te-nero-vaniglia\/","url_meta":{"origin":49109,"position":0},"title":"T\u00e8 nero vaniglia","author":"Reale Selection","date":"17. December 2025","format":false,"excerpt":"Preparazione T\u00e8 nero vaniglia naturale \ud83e\udd44 1 \u2013 2 cucchiaini per tazza (12 g\/litro)\ud83c\udf21\ufe0f 100 \u00b0C\u23f3 3 minuti","rel":"","context":"Similar post","block_context":{"text":"Similar post","link":""},"img":{"alt_text":"Schwarztee Vanille Nat\u00fcrlich","src":"https:\/\/i0.wp.com\/teasense.ch\/wp-content\/uploads\/2025\/12\/vanille-schwarztee.png?resize=350%2C200&ssl=1","width":350,"height":200,"srcset":"https:\/\/i0.wp.com\/teasense.ch\/wp-content\/uploads\/2025\/12\/vanille-schwarztee.png?resize=350%2C200&ssl=1 1x, https:\/\/i0.wp.com\/teasense.ch\/wp-content\/uploads\/2025\/12\/vanille-schwarztee.png?resize=525%2C300&ssl=1 1.5x, https:\/\/i0.wp.com\/teasense.ch\/wp-content\/uploads\/2025\/12\/vanille-schwarztee.png?resize=700%2C400&ssl=1 2x"},"classes":[]},{"id":48144,"url":"https:\/\/teasense.ch\/it\/prodotto\/te-nero-ciliegia-selvatica\/","url_meta":{"origin":49109,"position":1},"title":"T\u00e8 nero Ciliegia selvatica","author":"Reale Selection","date":"17. December 2025","format":false,"excerpt":"Preparazione T\u00e8 nero Ciliegia selvatica naturale \ud83e\udd44 1 \u2013 2 cucchiaini per tazza (12 g\/litro)\ud83c\udf21\ufe0f 100 \u00b0C\u23f3 3 minuti","rel":"","context":"Similar post","block_context":{"text":"Similar post","link":""},"img":{"alt_text":"Schwarztee Wildkirsche Nat\u00fcrliche Teemischung","src":"https:\/\/i0.wp.com\/teasense.ch\/wp-content\/uploads\/2025\/12\/schwarztee-wildkirsche.png?resize=350%2C200&ssl=1","width":350,"height":200,"srcset":"https:\/\/i0.wp.com\/teasense.ch\/wp-content\/uploads\/2025\/12\/schwarztee-wildkirsche.png?resize=350%2C200&ssl=1 1x, https:\/\/i0.wp.com\/teasense.ch\/wp-content\/uploads\/2025\/12\/schwarztee-wildkirsche.png?resize=525%2C300&ssl=1 1.5x, https:\/\/i0.wp.com\/teasense.ch\/wp-content\/uploads\/2025\/12\/schwarztee-wildkirsche.png?resize=700%2C400&ssl=1 2x"},"classes":[]},{"id":49100,"url":"https:\/\/teasense.ch\/it\/prodotto\/tazza-da-te-con-infusore-e-coperchio-haku\/","url_meta":{"origin":49109,"position":2},"title":"Tazza da t\u00e8 con infusore e coperchio \u2013 Haku","author":"Reale Selection","date":"29. October 2024","format":false,"excerpt":"Tazza, infusore e coperchio (senza confezione regalo) Capacit\u00e0: 320 ml","rel":"","context":"Similar post","block_context":{"text":"Similar post","link":""},"img":{"alt_text":"Set Tasse Sieb Deckel Haku","src":"https:\/\/i0.wp.com\/teasense.ch\/wp-content\/uploads\/2024\/10\/porzellan-deckelbecher-haku-set.png?resize=350%2C200&ssl=1","width":350,"height":200,"srcset":"https:\/\/i0.wp.com\/teasense.ch\/wp-content\/uploads\/2024\/10\/porzellan-deckelbecher-haku-set.png?resize=350%2C200&ssl=1 1x, https:\/\/i0.wp.com\/teasense.ch\/wp-content\/uploads\/2024\/10\/porzellan-deckelbecher-haku-set.png?resize=525%2C300&ssl=1 1.5x, https:\/\/i0.wp.com\/teasense.ch\/wp-content\/uploads\/2024\/10\/porzellan-deckelbecher-haku-set.png?resize=700%2C400&ssl=1 2x"},"classes":[]},{"id":49051,"url":"https:\/\/teasense.ch\/it\/prodotto\/pekoe-te-nero-gorreana\/","url_meta":{"origin":49109,"position":3},"title":"Pekoe \u2013 T\u00e8 nero Gorreana","author":"Reale Selection","date":"20. August 2025","format":false,"excerpt":"Preparazione t\u00e8 nero Pekoe \u2013 Gorreana \ud83e\udd44 1\u20132 cucchiaini colmi (ca. 2 g) per 200 ml d\u2019acqua\ud83c\udf21\ufe0f 100 \u00b0C\u23f3 6\u201310 minuti","rel":"","context":"Similar post","block_context":{"text":"Similar post","link":""},"img":{"alt_text":"schwarzertee pekoe aus den Azoren Portugal","src":"https:\/\/i0.wp.com\/teasense.ch\/wp-content\/uploads\/2025\/08\/schwarzertee-pekoe.png?resize=350%2C200&ssl=1","width":350,"height":200,"srcset":"https:\/\/i0.wp.com\/teasense.ch\/wp-content\/uploads\/2025\/08\/schwarzertee-pekoe.png?resize=350%2C200&ssl=1 1x, https:\/\/i0.wp.com\/teasense.ch\/wp-content\/uploads\/2025\/08\/schwarzertee-pekoe.png?resize=525%2C300&ssl=1 1.5x, https:\/\/i0.wp.com\/teasense.ch\/wp-content\/uploads\/2025\/08\/schwarzertee-pekoe.png?resize=700%2C400&ssl=1 2x"},"classes":[]},{"id":48467,"url":"https:\/\/teasense.ch\/it\/prodotto\/cucchiaio-te-legno-7-cm\/","url_meta":{"origin":49109,"position":4},"title":"Cucchiaio da t\u00e8 in legno 7 cm","author":"Reale Selection","date":"16. November 2025","format":false,"excerpt":"Lunghezza: 7 cm Materiale: legno","rel":"","context":"Similar post","block_context":{"text":"Similar post","link":""},"img":{"alt_text":"Teeschaufel aus Holz 7 cm f\u00fcr Losen Tee oder Gew\u00fcrze","src":"https:\/\/i0.wp.com\/teasense.ch\/wp-content\/uploads\/2025\/11\/teeschaufel-aus-holz-7-cm.png?resize=350%2C200&ssl=1","width":350,"height":200,"srcset":"https:\/\/i0.wp.com\/teasense.ch\/wp-content\/uploads\/2025\/11\/teeschaufel-aus-holz-7-cm.png?resize=350%2C200&ssl=1 1x, https:\/\/i0.wp.com\/teasense.ch\/wp-content\/uploads\/2025\/11\/teeschaufel-aus-holz-7-cm.png?resize=525%2C300&ssl=1 1.5x, https:\/\/i0.wp.com\/teasense.ch\/wp-content\/uploads\/2025\/11\/teeschaufel-aus-holz-7-cm.png?resize=700%2C400&ssl=1 2x"},"classes":[]},{"id":48503,"url":"https:\/\/teasense.ch\/it\/prodotto\/filtro-te-54\/","url_meta":{"origin":49109,"position":5},"title":"Filtro t\u00e8 54 mm","author":"Reale Selection","date":"13. November 2025","format":false,"excerpt":"Filtro t\u00e8 54 mm","rel":"","context":"Similar post","block_context":{"text":"Similar post","link":""},"img":{"alt_text":"Teesieb 54 mm Durchmesser mit Teekanne Charm","src":"https:\/\/i0.wp.com\/teasense.ch\/wp-content\/uploads\/2025\/11\/teesieb.png?resize=350%2C200&ssl=1","width":350,"height":200,"srcset":"https:\/\/i0.wp.com\/teasense.ch\/wp-content\/uploads\/2025\/11\/teesieb.png?resize=350%2C200&ssl=1 1x, https:\/\/i0.wp.com\/teasense.ch\/wp-content\/uploads\/2025\/11\/teesieb.png?resize=525%2C300&ssl=1 1.5x, https:\/\/i0.wp.com\/teasense.ch\/wp-content\/uploads\/2025\/11\/teesieb.png?resize=700%2C400&ssl=1 2x"},"classes":[]}],"jetpack_sharing_enabled":true,"jetpack_likes_enabled":false,"_links":{"self":[{"href":"https:\/\/teasense.ch\/it\/wp-json\/wp\/v2\/product\/49109","targetHints":{"allow":["GET"]}}],"collection":[{"href":"https:\/\/teasense.ch\/it\/wp-json\/wp\/v2\/product"}],"about":[{"href":"https:\/\/teasense.ch\/it\/wp-json\/wp\/v2\/types\/product"}],"replies":[{"embeddable":true,"href":"https:\/\/teasense.ch\/it\/wp-json\/wp\/v2\/comments?post=49109"}],"wp:featuredmedia":[{"embeddable":true,"href":"https:\/\/teasense.ch\/it\/wp-json\/wp\/v2\/media\/43336"}],"wp:attachment":[{"href":"https:\/\/teasense.ch\/it\/wp-json\/wp\/v2\/media?parent=49109"}],"wp:term":[{"taxonomy":"product_brand","embeddable":true,"href":"https:\/\/teasense.ch\/it\/wp-json\/wp\/v2\/product_brand?post=49109"},{"taxonomy":"product_cat","embeddable":true,"href":"https:\/\/teasense.ch\/it\/wp-json\/wp\/v2\/product_cat?post=49109"},{"taxonomy":"product_tag","embeddable":true,"href":"https:\/\/teasense.ch\/it\/wp-json\/wp\/v2\/product_tag?post=49109"}],"curies":[{"name":"wp","href":"https:\/\/api.w.org\/{rel}","templated":true}]}}