{"id":49127,"date":"2024-09-13T14:16:01","date_gmt":"2024-09-13T12:16:01","guid":{"rendered":"https:\/\/teasense.ch\/produkt\/cha-gorreana-orange-pekoe-te-nero-delle-azzorre\/"},"modified":"2024-09-13T14:16:01","modified_gmt":"2024-09-13T12:16:01","slug":"cha-gorreana-orange-pekoe-te-nero-delle-azzorre","status":"publish","type":"product","link":"https:\/\/teasense.ch\/it\/prodotto\/cha-gorreana-orange-pekoe-te-nero-delle-azzorre\/","title":{"rendered":"Ch\u00e1 Gorreana Orange Pekoe \u2013 T\u00e8 nero delle Azzorre"},"content":{"rendered":"<h2>Orange Pekoe \u2013 T\u00e8 nero delle Azzorre<\/h2>\n<p>Scopri il Ch\u00e1 Gorreana Orange Pekoe, un t\u00e8 nero proveniente dalla storica piantagione Ch\u00e1 Gorreana sull\u2019isola di S\u00e3o Miguel, nelle Azzorre. Fondata nel 1883, \u00e8 la pi\u00f9 antica piantagione di t\u00e8 in Europa.<\/p>\n<p>Questo t\u00e8 \u00e8 prodotto con le foglie pi\u00f9 giovani della pianta. La lavorazione accurata preserva un profilo aromatico deciso, con note maltate e leggermente fruttate. Adatto per il mattino o durante la giornata.<\/p>\n<p>Per la preparazione, aggiungi un cucchiaino di t\u00e8 in una tazza. Versa acqua a 90\u201395\u00b0C e lascia in infusione per 3\u20135 minuti.<\/p>\n<p>Il Ch\u00e1 Gorreana Orange Pekoe offre un equilibrio tra intensit\u00e0 e armonia. Un t\u00e8 nero classico con una provenienza particolare.<\/p>\n<p><strong>Ingredienti:<\/strong> 100% t\u00e8 nero, senza aromi artificiali<\/p>\n<p>Scopri il Ch\u00e1 Gorreana Orange Pekoe e il gusto delle Azzorre.<\/p>\n<p>Prova anche il <a href=\"https:\/\/teasense.ch\/it\/prodotto\/cha-gorreana-te-verde-hysson\/\">Ch\u00e1 Gorreana Verde Hysson<\/a>, t\u00e8 verde della stessa piantagione.<\/p>\n","protected":false},"excerpt":{"rendered":"<p>T\u00e8 nero delle Azzorre (Portogallo)<\/p>\n<h4>Preparazione Ch\u00e1 Gorreana Orange Pekoe<\/h4>\n<p>\ud83e\udd44 1 cucchiaino (ca. 2 g) per 200 ml di acqua<br \/>\ud83c\udf21\ufe0f 90\u201395 \u00b0C<br \/>\u23f3 3\u20135 minuti<\/p>\n","protected":false},"featured_media":43047,"comment_status":"open","ping_status":"closed","template":"","meta":{"_et_pb_use_builder":"","_et_pb_old_content":"","_et_gb_content_width":""},"product_brand":[],"product_cat":[401,374,339,340],"product_tag":[],"class_list":{"0":"post-49127","1":"product","2":"type-product","3":"status-publish","4":"has-post-thumbnail","6":"product_cat-te-azzorre","7":"product_cat-te-nero","8":"product_cat-te-sfuso","9":"product_cat-tutti-prodotti","10":"pa_herkunft-portogallo","11":"pa_weight-100-g","13":"first","14":"instock","15":"shipping-taxable","16":"purchasable","17":"product-type-simple","18":"add-to-wishlist-before_image"},"yoast_head":"<!-- This site is optimized with the Yoast SEO plugin v27.5 - https:\/\/yoast.com\/product\/yoast-seo-wordpress\/ -->\n<title>Ch\u00e1 Gorreana Orange Pekoe \u2013 T\u00e8 nero delle Azzorre - TeaSense.ch - Tee Shop Schweiz<\/title>\n<meta name=\"description\" content=\"T\u00e8 nero Orange Pekoe delle Azzorre \u2013 t\u00e8 aromatico dalla piantagione Ch\u00e1 Gorreana.\" \/>\n<meta name=\"robots\" content=\"index, follow, max-snippet:-1, max-image-preview:large, max-video-preview:-1\" \/>\n<link rel=\"canonical\" href=\"https:\/\/teasense.ch\/it\/prodotto\/cha-gorreana-orange-pekoe-te-nero-delle-azzorre\/\" \/>\n<meta property=\"og:locale\" content=\"it_IT\" \/>\n<meta property=\"og:type\" content=\"article\" \/>\n<meta property=\"og:title\" content=\"Ch\u00e1 Gorreana Orange Pekoe \u2013 T\u00e8 nero delle Azzorre - TeaSense.ch - Tee Shop Schweiz\" \/>\n<meta property=\"og:description\" content=\"T\u00e8 nero Orange Pekoe delle Azzorre \u2013 t\u00e8 aromatico dalla piantagione Ch\u00e1 Gorreana.\" \/>\n<meta property=\"og:url\" content=\"https:\/\/teasense.ch\/it\/prodotto\/cha-gorreana-orange-pekoe-te-nero-delle-azzorre\/\" \/>\n<meta property=\"og:site_name\" content=\"TeaSense.ch - Tee Shop Schweiz\" \/>\n<meta property=\"article:publisher\" content=\"https:\/\/www.facebook.com\/teasense.ch\" \/>\n<meta property=\"og:image\" content=\"https:\/\/teasense.ch\/wp-content\/uploads\/2025\/02\/hibiskus-tee-lose-und-aufgegossen-in-Tassen.png\" \/>\n\t<meta property=\"og:image:width\" content=\"800\" \/>\n\t<meta property=\"og:image:height\" content=\"800\" \/>\n\t<meta property=\"og:image:type\" content=\"image\/png\" \/>\n<meta name=\"twitter:card\" content=\"summary_large_image\" \/>\n<meta name=\"twitter:label1\" content=\"Est. reading time\" \/>\n\t<meta name=\"twitter:data1\" content=\"1 minute\" \/>\n<!-- \/ Yoast SEO plugin. -->","yoast_head_json":{"title":"Ch\u00e1 Gorreana Orange Pekoe \u2013 T\u00e8 nero delle Azzorre - TeaSense.ch - Tee Shop Schweiz","description":"T\u00e8 nero Orange Pekoe delle Azzorre \u2013 t\u00e8 aromatico dalla piantagione Ch\u00e1 Gorreana.","robots":{"index":"index","follow":"follow","max-snippet":"max-snippet:-1","max-image-preview":"max-image-preview:large","max-video-preview":"max-video-preview:-1"},"canonical":"https:\/\/teasense.ch\/it\/prodotto\/cha-gorreana-orange-pekoe-te-nero-delle-azzorre\/","og_locale":"it_IT","og_type":"article","og_title":"Ch\u00e1 Gorreana Orange Pekoe \u2013 T\u00e8 nero delle Azzorre - TeaSense.ch - Tee Shop Schweiz","og_description":"T\u00e8 nero Orange Pekoe delle Azzorre \u2013 t\u00e8 aromatico dalla piantagione Ch\u00e1 Gorreana.","og_url":"https:\/\/teasense.ch\/it\/prodotto\/cha-gorreana-orange-pekoe-te-nero-delle-azzorre\/","og_site_name":"TeaSense.ch - Tee Shop Schweiz","article_publisher":"https:\/\/www.facebook.com\/teasense.ch","og_image":[{"width":800,"height":800,"url":"https:\/\/teasense.ch\/wp-content\/uploads\/2025\/02\/hibiskus-tee-lose-und-aufgegossen-in-Tassen.png","type":"image\/png"}],"twitter_card":"summary_large_image","twitter_misc":{"Est. reading time":"1 minute"},"schema":{"@context":"https:\/\/schema.org","@graph":[{"@type":"WebPage","@id":"https:\/\/teasense.ch\/it\/prodotto\/cha-gorreana-orange-pekoe-te-nero-delle-azzorre\/","url":"https:\/\/teasense.ch\/it\/prodotto\/cha-gorreana-orange-pekoe-te-nero-delle-azzorre\/","name":"Ch\u00e1 Gorreana Orange Pekoe \u2013 T\u00e8 nero delle Azzorre - TeaSense.ch - Tee Shop Schweiz","isPartOf":{"@id":"https:\/\/teasense.ch\/it\/#website"},"primaryImageOfPage":{"@id":"https:\/\/teasense.ch\/it\/prodotto\/cha-gorreana-orange-pekoe-te-nero-delle-azzorre\/#primaryimage"},"image":{"@id":"https:\/\/teasense.ch\/it\/prodotto\/cha-gorreana-orange-pekoe-te-nero-delle-azzorre\/#primaryimage"},"thumbnailUrl":"https:\/\/teasense.ch\/wp-content\/uploads\/2024\/09\/acores-orange-pekoe-loose-leaf-100g.png","datePublished":"2024-09-13T12:16:01+00:00","description":"T\u00e8 nero Orange Pekoe delle Azzorre \u2013 t\u00e8 aromatico dalla piantagione Ch\u00e1 Gorreana.","breadcrumb":{"@id":"https:\/\/teasense.ch\/it\/prodotto\/cha-gorreana-orange-pekoe-te-nero-delle-azzorre\/#breadcrumb"},"inLanguage":"it-CH","potentialAction":[{"@type":"ReadAction","target":["https:\/\/teasense.ch\/it\/prodotto\/cha-gorreana-orange-pekoe-te-nero-delle-azzorre\/"]}]},{"@type":"ImageObject","inLanguage":"it-CH","@id":"https:\/\/teasense.ch\/it\/prodotto\/cha-gorreana-orange-pekoe-te-nero-delle-azzorre\/#primaryimage","url":"https:\/\/teasense.ch\/wp-content\/uploads\/2024\/09\/acores-orange-pekoe-loose-leaf-100g.png","contentUrl":"https:\/\/teasense.ch\/wp-content\/uploads\/2024\/09\/acores-orange-pekoe-loose-leaf-100g.png","width":800,"height":800,"caption":"acores-orange-pekoe-loose-leaf-100g"},{"@type":"BreadcrumbList","@id":"https:\/\/teasense.ch\/it\/prodotto\/cha-gorreana-orange-pekoe-te-nero-delle-azzorre\/#breadcrumb","itemListElement":[{"@type":"ListItem","position":1,"name":"Startseite","item":"https:\/\/teasense.ch\/it\/startseite\/"},{"@type":"ListItem","position":2,"name":"Ordina t\u00e8 online in Svizzera","item":"https:\/\/teasense.ch\/it\/shop\/"},{"@type":"ListItem","position":3,"name":"Ch\u00e1 Gorreana Orange Pekoe \u2013 T\u00e8 nero delle Azzorre"}]},{"@type":"WebSite","@id":"https:\/\/teasense.ch\/it\/#website","url":"https:\/\/teasense.ch\/it\/","name":"TeaSense.ch","description":"Nat\u00fcrliche Teemischungen und klassischer Tee","publisher":{"@id":"https:\/\/teasense.ch\/it\/#organization"},"alternateName":"TeaSense","potentialAction":[{"@type":"SearchAction","target":{"@type":"EntryPoint","urlTemplate":"https:\/\/teasense.ch\/it\/?s={search_term_string}"},"query-input":{"@type":"PropertyValueSpecification","valueRequired":true,"valueName":"search_term_string"}}],"inLanguage":"it-CH"},{"@type":"Organization","@id":"https:\/\/teasense.ch\/it\/#organization","name":"Reale Selection","alternateName":"TeaSense.ch","url":"https:\/\/teasense.ch\/it\/","logo":{"@type":"ImageObject","inLanguage":"it-CH","@id":"https:\/\/teasense.ch\/it\/#\/schema\/logo\/image\/","url":"https:\/\/teasense.ch\/wp-content\/uploads\/2023\/07\/cropped-logo-teasense-kategorie-onlineshop-alle-produkte.jpg","contentUrl":"https:\/\/teasense.ch\/wp-content\/uploads\/2023\/07\/cropped-logo-teasense-kategorie-onlineshop-alle-produkte.jpg","width":512,"height":512,"caption":"Reale Selection"},"image":{"@id":"https:\/\/teasense.ch\/it\/#\/schema\/logo\/image\/"},"sameAs":["https:\/\/www.facebook.com\/teasense.ch"]}]}},"jetpack-related-posts":[{"id":49126,"url":"https:\/\/teasense.ch\/fr\/prodotto\/cha-gorreana-orange-pekoe-the-noir-des-acores\/","url_meta":{"origin":49127,"position":0},"title":"Ch\u00e1 Gorreana Orange Pekoe \u2013 Th\u00e9 noir des A\u00e7ores","author":"Reale Selection","date":"13. September 2024","format":false,"excerpt":"Th\u00e9 noir des A\u00e7ores (Portugal) Pr\u00e9paration Ch\u00e1 Gorreana Orange Pekoe \ud83e\udd44 1 cuill\u00e8re \u00e0 caf\u00e9 (env. 2 g) pour 200 ml d\u2019eau\ud83c\udf21\ufe0f 90\u201395 \u00b0C\u23f3 3\u20135 minutes","rel":"","context":"Similar post","block_context":{"text":"Similar post","link":""},"img":{"alt_text":"acores-orange-pekoe-loose-leaf-100g","src":"https:\/\/i0.wp.com\/teasense.ch\/wp-content\/uploads\/2024\/09\/acores-orange-pekoe-loose-leaf-100g.png?resize=350%2C200&ssl=1","width":350,"height":200,"srcset":"https:\/\/i0.wp.com\/teasense.ch\/wp-content\/uploads\/2024\/09\/acores-orange-pekoe-loose-leaf-100g.png?resize=350%2C200&ssl=1 1x, https:\/\/i0.wp.com\/teasense.ch\/wp-content\/uploads\/2024\/09\/acores-orange-pekoe-loose-leaf-100g.png?resize=525%2C300&ssl=1 1.5x, https:\/\/i0.wp.com\/teasense.ch\/wp-content\/uploads\/2024\/09\/acores-orange-pekoe-loose-leaf-100g.png?resize=700%2C400&ssl=1 2x"},"classes":[]},{"id":49125,"url":"https:\/\/teasense.ch\/en\/prodotto\/cha-gorreana-orange-pekoe-black-tea-from-the-azores\/","url_meta":{"origin":49127,"position":1},"title":"Ch\u00e1 Gorreana Orange Pekoe \u2013 Black Tea from the Azores","author":"Reale Selection","date":"13. September 2024","format":false,"excerpt":"Black tea from the Azores (Portugal) Preparation Ch\u00e1 Gorreana Orange Pekoe \ud83e\udd44 1 heaped tsp (approx. 2 g) per 200 ml water\ud83c\udf21\ufe0f 90\u201395 \u00b0C\u23f3 3\u20135 minutes","rel":"","context":"Similar post","block_context":{"text":"Similar post","link":""},"img":{"alt_text":"acores-orange-pekoe-loose-leaf-100g","src":"https:\/\/i0.wp.com\/teasense.ch\/wp-content\/uploads\/2024\/09\/acores-orange-pekoe-loose-leaf-100g.png?resize=350%2C200&ssl=1","width":350,"height":200,"srcset":"https:\/\/i0.wp.com\/teasense.ch\/wp-content\/uploads\/2024\/09\/acores-orange-pekoe-loose-leaf-100g.png?resize=350%2C200&ssl=1 1x, https:\/\/i0.wp.com\/teasense.ch\/wp-content\/uploads\/2024\/09\/acores-orange-pekoe-loose-leaf-100g.png?resize=525%2C300&ssl=1 1.5x, https:\/\/i0.wp.com\/teasense.ch\/wp-content\/uploads\/2024\/09\/acores-orange-pekoe-loose-leaf-100g.png?resize=700%2C400&ssl=1 2x"},"classes":[]},{"id":49050,"url":"https:\/\/teasense.ch\/fr\/prodotto\/pekoe-the-noir-gorreana\/","url_meta":{"origin":49127,"position":2},"title":"Pekoe \u2013 Th\u00e9 noir Gorreana","author":"Reale Selection","date":"20. August 2025","format":false,"excerpt":"Th\u00e9 Pekoe \u2013 th\u00e9 noir classique de Gorreana Le Pekoe de Gorreana est un th\u00e9 noir classique des A\u00e7ores, appr\u00e9ci\u00e9 pour son caract\u00e8re \u00e9quilibr\u00e9 et doux. Alors que le Orange Pekoe repr\u00e9sente une qualit\u00e9 de feuille plus fine, le Pekoe s\u00e9duit par sa simplicit\u00e9 et convient parfaitement au quotidien. Origine\u2026","rel":"","context":"Similar post","block_context":{"text":"Similar post","link":""},"img":{"alt_text":"schwarzertee pekoe aus den Azoren Portugal","src":"https:\/\/i0.wp.com\/teasense.ch\/wp-content\/uploads\/2025\/08\/schwarzertee-pekoe.png?resize=350%2C200&ssl=1","width":350,"height":200,"srcset":"https:\/\/i0.wp.com\/teasense.ch\/wp-content\/uploads\/2025\/08\/schwarzertee-pekoe.png?resize=350%2C200&ssl=1 1x, https:\/\/i0.wp.com\/teasense.ch\/wp-content\/uploads\/2025\/08\/schwarzertee-pekoe.png?resize=525%2C300&ssl=1 1.5x, https:\/\/i0.wp.com\/teasense.ch\/wp-content\/uploads\/2025\/08\/schwarzertee-pekoe.png?resize=700%2C400&ssl=1 2x"},"classes":[]},{"id":49023,"url":"https:\/\/teasense.ch\/it\/prodotto\/chai-ayurvedico-con-mate\/","url_meta":{"origin":49127,"position":3},"title":"Chai ayurvedico con mate","author":"Reale Selection","date":"13. May 2025","format":false,"excerpt":"Zubereitung Ayurveda Chai mit Mate \ud83e\udd44 1\u20132 cucchiaini per tazza (14g\/litro)\ud83c\udf21\ufe0f 100 \u00b0C\u23f3 5 minuti","rel":"","context":"Similar post","block_context":{"text":"Similar post","link":""},"img":{"alt_text":"Ayurveda Chai mit Mate","src":"https:\/\/i0.wp.com\/teasense.ch\/wp-content\/uploads\/2025\/05\/Ayurveda-Chai-mit-Mate.png?resize=350%2C200&ssl=1","width":350,"height":200,"srcset":"https:\/\/i0.wp.com\/teasense.ch\/wp-content\/uploads\/2025\/05\/Ayurveda-Chai-mit-Mate.png?resize=350%2C200&ssl=1 1x, https:\/\/i0.wp.com\/teasense.ch\/wp-content\/uploads\/2025\/05\/Ayurveda-Chai-mit-Mate.png?resize=525%2C300&ssl=1 1.5x, https:\/\/i0.wp.com\/teasense.ch\/wp-content\/uploads\/2025\/05\/Ayurveda-Chai-mit-Mate.png?resize=700%2C400&ssl=1 2x"},"classes":[]},{"id":49203,"url":"https:\/\/teasense.ch\/it\/prodotto\/miscela-di-spezie-chai\/","url_meta":{"origin":49127,"position":4},"title":"Miscela di spezie chai","author":"Reale Selection","date":"27. February 2025","format":false,"excerpt":"Preparazione \u2013 chai classico \ud83e\udd44 15\u201320 g per litro d\u2019acqua \ud83e\udd44 1\u20132 cucchiaini di t\u00e8 nero \ud83c\udf21\ufe0f 100 \u00b0C \u23f3 7\u201310 minuti \ud83e\udd5b Aggiungere latte a piacere","rel":"","context":"Similar post","block_context":{"text":"Similar post","link":""},"img":{"alt_text":"Chai Gew\u00fcrzmischung","src":"https:\/\/i0.wp.com\/teasense.ch\/wp-content\/uploads\/2025\/02\/Chai-Gewuerzmischung.png?resize=350%2C200&ssl=1","width":350,"height":200,"srcset":"https:\/\/i0.wp.com\/teasense.ch\/wp-content\/uploads\/2025\/02\/Chai-Gewuerzmischung.png?resize=350%2C200&ssl=1 1x, https:\/\/i0.wp.com\/teasense.ch\/wp-content\/uploads\/2025\/02\/Chai-Gewuerzmischung.png?resize=525%2C300&ssl=1 1.5x, https:\/\/i0.wp.com\/teasense.ch\/wp-content\/uploads\/2025\/02\/Chai-Gewuerzmischung.png?resize=700%2C400&ssl=1 2x"},"classes":[]},{"id":48993,"url":"https:\/\/teasense.ch\/it\/prodotto\/formosa-oolong-selezione\/","url_meta":{"origin":49127,"position":5},"title":"Formosa Oolong Selezione","author":"Reale Selection","date":"19. September 2025","format":false,"excerpt":"Formosa Oolong Selezione \u2013 Preparazione \ud83e\udd44 1\u20132 cucchiaini per 200 ml di acqua\ud83c\udf21\ufe0f 80\u201390\u00b0C (acqua calda, non bollente)\u23f3 2\u20134 minuti, reinfusibile pi\u00f9 volte","rel":"","context":"Similar post","block_context":{"text":"Similar post","link":""},"img":{"alt_text":"Formosa Fine Oolong loser Tee","src":"https:\/\/i0.wp.com\/teasense.ch\/wp-content\/uploads\/2025\/09\/formosa-fine-oolong.png?resize=350%2C200&ssl=1","width":350,"height":200,"srcset":"https:\/\/i0.wp.com\/teasense.ch\/wp-content\/uploads\/2025\/09\/formosa-fine-oolong.png?resize=350%2C200&ssl=1 1x, https:\/\/i0.wp.com\/teasense.ch\/wp-content\/uploads\/2025\/09\/formosa-fine-oolong.png?resize=525%2C300&ssl=1 1.5x, https:\/\/i0.wp.com\/teasense.ch\/wp-content\/uploads\/2025\/09\/formosa-fine-oolong.png?resize=700%2C400&ssl=1 2x"},"classes":[]}],"jetpack_sharing_enabled":true,"jetpack_likes_enabled":false,"_links":{"self":[{"href":"https:\/\/teasense.ch\/it\/wp-json\/wp\/v2\/product\/49127","targetHints":{"allow":["GET"]}}],"collection":[{"href":"https:\/\/teasense.ch\/it\/wp-json\/wp\/v2\/product"}],"about":[{"href":"https:\/\/teasense.ch\/it\/wp-json\/wp\/v2\/types\/product"}],"replies":[{"embeddable":true,"href":"https:\/\/teasense.ch\/it\/wp-json\/wp\/v2\/comments?post=49127"}],"wp:featuredmedia":[{"embeddable":true,"href":"https:\/\/teasense.ch\/it\/wp-json\/wp\/v2\/media\/43047"}],"wp:attachment":[{"href":"https:\/\/teasense.ch\/it\/wp-json\/wp\/v2\/media?parent=49127"}],"wp:term":[{"taxonomy":"product_brand","embeddable":true,"href":"https:\/\/teasense.ch\/it\/wp-json\/wp\/v2\/product_brand?post=49127"},{"taxonomy":"product_cat","embeddable":true,"href":"https:\/\/teasense.ch\/it\/wp-json\/wp\/v2\/product_cat?post=49127"},{"taxonomy":"product_tag","embeddable":true,"href":"https:\/\/teasense.ch\/it\/wp-json\/wp\/v2\/product_tag?post=49127"}],"curies":[{"name":"wp","href":"https:\/\/api.w.org\/{rel}","templated":true}]}}