{"id":49139,"date":"2023-08-08T13:04:26","date_gmt":"2023-08-08T11:04:26","guid":{"rendered":"https:\/\/teasense.ch\/produkt\/bacche-di-ginepro-intere\/"},"modified":"2023-08-08T13:04:26","modified_gmt":"2023-08-08T11:04:26","slug":"bacche-di-ginepro-intere","status":"publish","type":"product","link":"https:\/\/teasense.ch\/it\/prodotto\/bacche-di-ginepro-intere\/","title":{"rendered":"Bacche di ginepro intere"},"content":{"rendered":"<h3>Bacche di ginepro: versatili per infusi e cucina<\/h3>\n<p>Le bacche di ginepro sono ingredienti aromatici utilizzabili sia come infuso che come spezia.<\/p>\n<h4>Preparazione infuso<\/h4>\n<p>Per preparare l\u2019infuso:<\/p>\n<ul>\n<li>1 cucchiaino di bacche di ginepro<\/li>\n<\/ul>\n<p>Preparazione:<\/p>\n<ol>\n<li>Schiaccia leggermente le bacche.<\/li>\n<li>Aggiungi 200 ml di acqua bollente.<\/li>\n<li>Lascia in infusione per 5\u201310 minuti.<\/li>\n<li>Filtra e gusta.<\/li>\n<\/ol>\n<p>Puoi combinarle con <a href=\"https:\/\/teasense.ch\/prodotto\/nana-minze\/\">menta nana<\/a> o <a href=\"https:\/\/teasense.ch\/produkt\/ingwer\/\">zenzero<\/a>.<\/p>\n<h4>Uso in cucina<\/h4>\n<p>Le bacche di ginepro hanno un aroma intenso e si usano in diversi piatti:<\/p>\n<ul>\n<li><strong>Marinate<\/strong><\/li>\n<li><strong>Salse<\/strong><\/li>\n<li><strong>Stufati<\/strong><\/li>\n<\/ul>\n<p>Usarle con moderazione.<\/p>\n<h4>Versatilit\u00e0<\/h4>\n<p>Sono adatte sia per infusi che per ricette in cucina.<\/p>\n","protected":false},"excerpt":{"rendered":"<h4>Bacche di ginepro intere<\/h4>\n<p>30 grammi<\/p>\n","protected":false},"featured_media":34924,"comment_status":"open","ping_status":"closed","template":"","meta":{"_et_pb_use_builder":"","_et_pb_old_content":"","_et_gb_content_width":""},"product_brand":[],"product_cat":[395,339,340],"product_tag":[],"class_list":{"0":"post-49139","1":"product","2":"type-product","3":"status-publish","4":"has-post-thumbnail","6":"product_cat-frutta-spezie","7":"product_cat-te-sfuso","8":"product_cat-tutti-prodotti","9":"pa_herkunft-kosovo","10":"pa_weight-30-g","12":"first","13":"instock","14":"shipping-taxable","15":"purchasable","16":"product-type-simple","17":"add-to-wishlist-before_image"},"yoast_head":"<!-- This site is optimized with the Yoast SEO plugin v27.5 - https:\/\/yoast.com\/product\/yoast-seo-wordpress\/ -->\n<title>Bacche di ginepro intere - TeaSense.ch - Tee Shop Schweiz<\/title>\n<meta name=\"description\" content=\"Bacche di ginepro intere \u2013 ideali per infusi e cucina, aroma intenso e versatile.\" \/>\n<meta name=\"robots\" content=\"index, follow, max-snippet:-1, max-image-preview:large, max-video-preview:-1\" \/>\n<link rel=\"canonical\" href=\"https:\/\/teasense.ch\/it\/prodotto\/bacche-di-ginepro-intere\/\" \/>\n<meta property=\"og:locale\" content=\"it_IT\" \/>\n<meta property=\"og:type\" content=\"article\" \/>\n<meta property=\"og:title\" content=\"Bacche di ginepro intere - TeaSense.ch - Tee Shop Schweiz\" \/>\n<meta property=\"og:description\" content=\"Bacche di ginepro intere \u2013 ideali per infusi e cucina, aroma intenso e versatile.\" \/>\n<meta property=\"og:url\" content=\"https:\/\/teasense.ch\/it\/prodotto\/bacche-di-ginepro-intere\/\" \/>\n<meta property=\"og:site_name\" content=\"TeaSense.ch - Tee Shop Schweiz\" \/>\n<meta property=\"article:publisher\" content=\"https:\/\/www.facebook.com\/teasense.ch\" \/>\n<meta property=\"og:image\" content=\"https:\/\/teasense.ch\/wp-content\/uploads\/2025\/02\/hibiskus-tee-lose-und-aufgegossen-in-Tassen.png\" \/>\n\t<meta property=\"og:image:width\" content=\"800\" \/>\n\t<meta property=\"og:image:height\" content=\"800\" \/>\n\t<meta property=\"og:image:type\" content=\"image\/png\" \/>\n<meta name=\"twitter:card\" content=\"summary_large_image\" \/>\n<!-- \/ Yoast SEO plugin. -->","yoast_head_json":{"title":"Bacche di ginepro intere - TeaSense.ch - Tee Shop Schweiz","description":"Bacche di ginepro intere \u2013 ideali per infusi e cucina, aroma intenso e versatile.","robots":{"index":"index","follow":"follow","max-snippet":"max-snippet:-1","max-image-preview":"max-image-preview:large","max-video-preview":"max-video-preview:-1"},"canonical":"https:\/\/teasense.ch\/it\/prodotto\/bacche-di-ginepro-intere\/","og_locale":"it_IT","og_type":"article","og_title":"Bacche di ginepro intere - TeaSense.ch - Tee Shop Schweiz","og_description":"Bacche di ginepro intere \u2013 ideali per infusi e cucina, aroma intenso e versatile.","og_url":"https:\/\/teasense.ch\/it\/prodotto\/bacche-di-ginepro-intere\/","og_site_name":"TeaSense.ch - Tee Shop Schweiz","article_publisher":"https:\/\/www.facebook.com\/teasense.ch","og_image":[{"width":800,"height":800,"url":"https:\/\/teasense.ch\/wp-content\/uploads\/2025\/02\/hibiskus-tee-lose-und-aufgegossen-in-Tassen.png","type":"image\/png"}],"twitter_card":"summary_large_image","schema":{"@context":"https:\/\/schema.org","@graph":[{"@type":"WebPage","@id":"https:\/\/teasense.ch\/it\/prodotto\/bacche-di-ginepro-intere\/","url":"https:\/\/teasense.ch\/it\/prodotto\/bacche-di-ginepro-intere\/","name":"Bacche di ginepro intere - TeaSense.ch - Tee Shop Schweiz","isPartOf":{"@id":"https:\/\/teasense.ch\/it\/#website"},"primaryImageOfPage":{"@id":"https:\/\/teasense.ch\/it\/prodotto\/bacche-di-ginepro-intere\/#primaryimage"},"image":{"@id":"https:\/\/teasense.ch\/it\/prodotto\/bacche-di-ginepro-intere\/#primaryimage"},"thumbnailUrl":"https:\/\/teasense.ch\/wp-content\/uploads\/2023\/08\/bio-wacholderbeeri-plain.jpg","datePublished":"2023-08-08T11:04:26+00:00","description":"Bacche di ginepro intere \u2013 ideali per infusi e cucina, aroma intenso e versatile.","breadcrumb":{"@id":"https:\/\/teasense.ch\/it\/prodotto\/bacche-di-ginepro-intere\/#breadcrumb"},"inLanguage":"it-CH","potentialAction":[{"@type":"ReadAction","target":["https:\/\/teasense.ch\/it\/prodotto\/bacche-di-ginepro-intere\/"]}]},{"@type":"ImageObject","inLanguage":"it-CH","@id":"https:\/\/teasense.ch\/it\/prodotto\/bacche-di-ginepro-intere\/#primaryimage","url":"https:\/\/teasense.ch\/wp-content\/uploads\/2023\/08\/bio-wacholderbeeri-plain.jpg","contentUrl":"https:\/\/teasense.ch\/wp-content\/uploads\/2023\/08\/bio-wacholderbeeri-plain.jpg","width":800,"height":800,"caption":"Wacholderbeeren"},{"@type":"BreadcrumbList","@id":"https:\/\/teasense.ch\/it\/prodotto\/bacche-di-ginepro-intere\/#breadcrumb","itemListElement":[{"@type":"ListItem","position":1,"name":"Startseite","item":"https:\/\/teasense.ch\/it\/startseite\/"},{"@type":"ListItem","position":2,"name":"Ordina t\u00e8 online in Svizzera","item":"https:\/\/teasense.ch\/it\/shop\/"},{"@type":"ListItem","position":3,"name":"Bacche di ginepro intere"}]},{"@type":"WebSite","@id":"https:\/\/teasense.ch\/it\/#website","url":"https:\/\/teasense.ch\/it\/","name":"TeaSense.ch","description":"Nat\u00fcrliche Teemischungen und klassischer Tee","publisher":{"@id":"https:\/\/teasense.ch\/it\/#organization"},"alternateName":"TeaSense","potentialAction":[{"@type":"SearchAction","target":{"@type":"EntryPoint","urlTemplate":"https:\/\/teasense.ch\/it\/?s={search_term_string}"},"query-input":{"@type":"PropertyValueSpecification","valueRequired":true,"valueName":"search_term_string"}}],"inLanguage":"it-CH"},{"@type":"Organization","@id":"https:\/\/teasense.ch\/it\/#organization","name":"Reale Selection","alternateName":"TeaSense.ch","url":"https:\/\/teasense.ch\/it\/","logo":{"@type":"ImageObject","inLanguage":"it-CH","@id":"https:\/\/teasense.ch\/it\/#\/schema\/logo\/image\/","url":"https:\/\/teasense.ch\/wp-content\/uploads\/2023\/07\/cropped-logo-teasense-kategorie-onlineshop-alle-produkte.jpg","contentUrl":"https:\/\/teasense.ch\/wp-content\/uploads\/2023\/07\/cropped-logo-teasense-kategorie-onlineshop-alle-produkte.jpg","width":512,"height":512,"caption":"Reale Selection"},"image":{"@id":"https:\/\/teasense.ch\/it\/#\/schema\/logo\/image\/"},"sameAs":["https:\/\/www.facebook.com\/teasense.ch"]}]}},"jetpack-related-posts":[{"id":48673,"url":"https:\/\/teasense.ch\/it\/prodotto\/armonia-frutti-di-bosco-infuso-frutta\/","url_meta":{"origin":49139,"position":0},"title":"Armonia di Frutti di Bosco \u2013 Infuso di frutta","author":"Reale Selection","date":"13. October 2025","format":false,"excerpt":"Preparazione Armonia di Frutti di Bosco \u2013 Infuso di frutta \ud83e\udd441 cucchiaino per 200 ml\ud83c\udf21\ufe0f 100 \u00b0C\u23f3 10\u201312 minuti","rel":"","context":"Similar post","block_context":{"text":"Similar post","link":""},"img":{"alt_text":"Beerenfrisch \u2013 Fr\u00fcchtetee Fruchtige Frische mit beerigem Flair","src":"https:\/\/i0.wp.com\/teasense.ch\/wp-content\/uploads\/2025\/10\/beerenfrisch.png?resize=350%2C200&ssl=1","width":350,"height":200,"srcset":"https:\/\/i0.wp.com\/teasense.ch\/wp-content\/uploads\/2025\/10\/beerenfrisch.png?resize=350%2C200&ssl=1 1x, https:\/\/i0.wp.com\/teasense.ch\/wp-content\/uploads\/2025\/10\/beerenfrisch.png?resize=525%2C300&ssl=1 1.5x, https:\/\/i0.wp.com\/teasense.ch\/wp-content\/uploads\/2025\/10\/beerenfrisch.png?resize=700%2C400&ssl=1 2x"},"classes":[]},{"id":49023,"url":"https:\/\/teasense.ch\/it\/prodotto\/chai-ayurvedico-con-mate\/","url_meta":{"origin":49139,"position":1},"title":"Chai ayurvedico con mate","author":"Reale Selection","date":"13. May 2025","format":false,"excerpt":"Zubereitung Ayurveda Chai mit Mate \ud83e\udd44 1\u20132 cucchiaini per tazza (14g\/litro)\ud83c\udf21\ufe0f 100 \u00b0C\u23f3 5 minuti","rel":"","context":"Similar post","block_context":{"text":"Similar post","link":""},"img":{"alt_text":"Ayurveda Chai mit Mate","src":"https:\/\/i0.wp.com\/teasense.ch\/wp-content\/uploads\/2025\/05\/Ayurveda-Chai-mit-Mate.png?resize=350%2C200&ssl=1","width":350,"height":200,"srcset":"https:\/\/i0.wp.com\/teasense.ch\/wp-content\/uploads\/2025\/05\/Ayurveda-Chai-mit-Mate.png?resize=350%2C200&ssl=1 1x, https:\/\/i0.wp.com\/teasense.ch\/wp-content\/uploads\/2025\/05\/Ayurveda-Chai-mit-Mate.png?resize=525%2C300&ssl=1 1.5x, https:\/\/i0.wp.com\/teasense.ch\/wp-content\/uploads\/2025\/05\/Ayurveda-Chai-mit-Mate.png?resize=700%2C400&ssl=1 2x"},"classes":[]},{"id":48095,"url":"https:\/\/teasense.ch\/it\/prodotto\/tisana-dormiglione\/","url_meta":{"origin":49139,"position":2},"title":"Tisana Dormiglione","author":"Reale Selection","date":"23. October 2024","format":false,"excerpt":"Preparazione Tisana Dormiglione \ud83e\udd44 1 cucchiaino per tazza (14g\/litro)\ud83c\udf21\ufe0f 100 \u00b0C\u23f3 5 minuti","rel":"","context":"Similar post","block_context":{"text":"Similar post","link":""},"img":{"alt_text":"Schlafm\u00fctze Kr\u00e4utertee weisser Hintergrund","src":"https:\/\/i0.wp.com\/teasense.ch\/wp-content\/uploads\/2024\/10\/schlafmuetze-kraeutertee-weisser-hintergrund.png?resize=350%2C200&ssl=1","width":350,"height":200,"srcset":"https:\/\/i0.wp.com\/teasense.ch\/wp-content\/uploads\/2024\/10\/schlafmuetze-kraeutertee-weisser-hintergrund.png?resize=350%2C200&ssl=1 1x, https:\/\/i0.wp.com\/teasense.ch\/wp-content\/uploads\/2024\/10\/schlafmuetze-kraeutertee-weisser-hintergrund.png?resize=525%2C300&ssl=1 1.5x, https:\/\/i0.wp.com\/teasense.ch\/wp-content\/uploads\/2024\/10\/schlafmuetze-kraeutertee-weisser-hintergrund.png?resize=700%2C400&ssl=1 2x"},"classes":[]},{"id":48993,"url":"https:\/\/teasense.ch\/it\/prodotto\/formosa-oolong-selezione\/","url_meta":{"origin":49139,"position":3},"title":"Formosa Oolong Selezione","author":"Reale Selection","date":"19. September 2025","format":false,"excerpt":"Formosa Oolong Selezione \u2013 Preparazione \ud83e\udd44 1\u20132 cucchiaini per 200 ml di acqua\ud83c\udf21\ufe0f 80\u201390\u00b0C (acqua calda, non bollente)\u23f3 2\u20134 minuti, reinfusibile pi\u00f9 volte","rel":"","context":"Similar post","block_context":{"text":"Similar post","link":""},"img":{"alt_text":"Formosa Fine Oolong loser Tee","src":"https:\/\/i0.wp.com\/teasense.ch\/wp-content\/uploads\/2025\/09\/formosa-fine-oolong.png?resize=350%2C200&ssl=1","width":350,"height":200,"srcset":"https:\/\/i0.wp.com\/teasense.ch\/wp-content\/uploads\/2025\/09\/formosa-fine-oolong.png?resize=350%2C200&ssl=1 1x, https:\/\/i0.wp.com\/teasense.ch\/wp-content\/uploads\/2025\/09\/formosa-fine-oolong.png?resize=525%2C300&ssl=1 1.5x, https:\/\/i0.wp.com\/teasense.ch\/wp-content\/uploads\/2025\/09\/formosa-fine-oolong.png?resize=700%2C400&ssl=1 2x"},"classes":[]},{"id":49203,"url":"https:\/\/teasense.ch\/it\/prodotto\/miscela-di-spezie-chai\/","url_meta":{"origin":49139,"position":4},"title":"Miscela di spezie chai","author":"Reale Selection","date":"27. February 2025","format":false,"excerpt":"Preparazione \u2013 chai classico \ud83e\udd44 15\u201320 g per litro d\u2019acqua \ud83e\udd44 1\u20132 cucchiaini di t\u00e8 nero \ud83c\udf21\ufe0f 100 \u00b0C \u23f3 7\u201310 minuti \ud83e\udd5b Aggiungere latte a piacere","rel":"","context":"Similar post","block_context":{"text":"Similar post","link":""},"img":{"alt_text":"Chai Gew\u00fcrzmischung","src":"https:\/\/i0.wp.com\/teasense.ch\/wp-content\/uploads\/2025\/02\/Chai-Gewuerzmischung.png?resize=350%2C200&ssl=1","width":350,"height":200,"srcset":"https:\/\/i0.wp.com\/teasense.ch\/wp-content\/uploads\/2025\/02\/Chai-Gewuerzmischung.png?resize=350%2C200&ssl=1 1x, https:\/\/i0.wp.com\/teasense.ch\/wp-content\/uploads\/2025\/02\/Chai-Gewuerzmischung.png?resize=525%2C300&ssl=1 1.5x, https:\/\/i0.wp.com\/teasense.ch\/wp-content\/uploads\/2025\/02\/Chai-Gewuerzmischung.png?resize=700%2C400&ssl=1 2x"},"classes":[]},{"id":48120,"url":"https:\/\/teasense.ch\/it\/prodotto\/kundengeschenk-tee\/","url_meta":{"origin":49139,"position":5},"title":"Regalo t\u00e8 aziendale","author":"Reale Selection","date":"2. March 2026","format":false,"excerpt":"100 g di una miscela di t\u00e8 selezionata Scelta tra tre variet\u00e0 Confezionato in sacchetto kraft con finestra Da 20 pezzi - ordina 100 pezzi nello shop Tempi di consegna ca. 14 giorni lavorativi","rel":"","context":"Similar post","block_context":{"text":"Similar post","link":""},"img":{"alt_text":"Auswahl Tee Kundengeschenke Schwarztee Kr\u00e4utertee Fr\u00fcchtetee","src":"https:\/\/i0.wp.com\/teasense.ch\/wp-content\/uploads\/2026\/03\/auswahl-tee-kundengeschenke.png?resize=350%2C200&ssl=1","width":350,"height":200,"srcset":"https:\/\/i0.wp.com\/teasense.ch\/wp-content\/uploads\/2026\/03\/auswahl-tee-kundengeschenke.png?resize=350%2C200&ssl=1 1x, https:\/\/i0.wp.com\/teasense.ch\/wp-content\/uploads\/2026\/03\/auswahl-tee-kundengeschenke.png?resize=525%2C300&ssl=1 1.5x, https:\/\/i0.wp.com\/teasense.ch\/wp-content\/uploads\/2026\/03\/auswahl-tee-kundengeschenke.png?resize=700%2C400&ssl=1 2x"},"classes":[]}],"jetpack_sharing_enabled":true,"jetpack_likes_enabled":false,"_links":{"self":[{"href":"https:\/\/teasense.ch\/it\/wp-json\/wp\/v2\/product\/49139","targetHints":{"allow":["GET"]}}],"collection":[{"href":"https:\/\/teasense.ch\/it\/wp-json\/wp\/v2\/product"}],"about":[{"href":"https:\/\/teasense.ch\/it\/wp-json\/wp\/v2\/types\/product"}],"replies":[{"embeddable":true,"href":"https:\/\/teasense.ch\/it\/wp-json\/wp\/v2\/comments?post=49139"}],"wp:featuredmedia":[{"embeddable":true,"href":"https:\/\/teasense.ch\/it\/wp-json\/wp\/v2\/media\/34924"}],"wp:attachment":[{"href":"https:\/\/teasense.ch\/it\/wp-json\/wp\/v2\/media?parent=49139"}],"wp:term":[{"taxonomy":"product_brand","embeddable":true,"href":"https:\/\/teasense.ch\/it\/wp-json\/wp\/v2\/product_brand?post=49139"},{"taxonomy":"product_cat","embeddable":true,"href":"https:\/\/teasense.ch\/it\/wp-json\/wp\/v2\/product_cat?post=49139"},{"taxonomy":"product_tag","embeddable":true,"href":"https:\/\/teasense.ch\/it\/wp-json\/wp\/v2\/product_tag?post=49139"}],"curies":[{"name":"wp","href":"https:\/\/api.w.org\/{rel}","templated":true}]}}