{"id":49533,"date":"2025-02-27T14:51:14","date_gmt":"2025-02-27T13:51:14","guid":{"rendered":"https:\/\/teasense.ch\/produkt\/te-verde-gunpowder-cina\/"},"modified":"2026-05-04T10:11:17","modified_gmt":"2026-05-04T08:11:17","slug":"te-verde-gunpowder-cina","status":"publish","type":"product","link":"https:\/\/teasense.ch\/it\/prodotto\/te-verde-gunpowder-cina\/","title":{"rendered":"T\u00e8 verde Gunpowder Cina"},"content":{"rendered":"<h2>T\u00e8 verde Gunpowder Cina \u2013 t\u00e8 verde intenso e leggermente affumicato<\/h2>\n<p>Il t\u00e8 verde Gunpowder \u00e8 una specialit\u00e0 tradizionale cinese con foglie arrotolate in piccole sfere. Durante l\u2019infusione si aprono lentamente, rilasciando tutto il loro aroma.<\/p>\n<p>Questo metodo di lavorazione preserva la freschezza e dona un gusto deciso con una leggera nota affumicata e fresca. Ideale da gustare puro o come base per il t\u00e8 alla menta.<\/p>\n<h3>Perch\u00e9 sceglierlo?<\/h3>\n<ul>\n<li><strong>Foglie arrotolate<\/strong> \u2013 aroma protetto<\/li>\n<li><strong>Gusto deciso e leggermente affumicato<\/strong><\/li>\n<li><strong>Pi\u00f9 infusioni possibili<\/strong><\/li>\n<li><strong>Versatile<\/strong> \u2013 puro o con menta<\/li>\n<li><strong>Origine Cina (Zhejiang)<\/strong><\/li>\n<\/ul>\n<h3>Gusto &#038; aroma<\/h3>\n<p>Un t\u00e8 verde dal gusto intenso e leggermente amaro con una nota affumicata. Le infusioni successive diventano pi\u00f9 morbide e delicate.<\/p>\n<h3>Preparazione<\/h3>\n<p>Usa 1 cucchiaino (2 g) per 200 ml di acqua a 75\u201380 \u00b0C. Lascia in infusione 1\u20132 minuti.<\/p>\n","protected":false},"excerpt":{"rendered":"<h4>Preparazione \u2013 T\u00e8 verde Gunpowder Cina<\/h4>\n<p>\ud83e\udd44 1 cucchiaino per 200 ml<br \/>\n\ud83c\udf21\ufe0f 80 \u00b0C<br \/>\n\u23f3 2 minuti<\/p>\n","protected":false},"featured_media":44303,"comment_status":"open","ping_status":"closed","template":"","meta":{"_et_pb_use_builder":"","_et_pb_old_content":"","_et_gb_content_width":""},"product_brand":[],"product_cat":[339,416,340],"product_tag":[],"class_list":{"0":"post-49533","1":"product","2":"type-product","3":"status-publish","4":"has-post-thumbnail","6":"product_cat-te-sfuso","7":"product_cat-te-verde","8":"product_cat-tutti-prodotti","9":"pa_herkunft-cina","10":"pa_weight-100-g","11":"pa_weight-200-g","12":"pa_weight-400-g","13":"pa_weight-50-g","15":"first","16":"instock","17":"shipping-taxable","18":"purchasable","19":"product-type-variable","20":"has-default-attributes","21":"add-to-wishlist-before_image"},"yoast_head":"<!-- This site is optimized with the Yoast SEO plugin v27.5 - https:\/\/yoast.com\/product\/yoast-seo-wordpress\/ -->\n<title>T\u00e8 verde Gunpowder Cina - TeaSense.ch - Tee Shop Schweiz<\/title>\n<meta name=\"description\" content=\"T\u00e8 verde Gunpowder Cina \u2013 t\u00e8 verde intenso con leggera nota affumicata. Perfetto puro o per t\u00e8 alla menta.\" \/>\n<meta name=\"robots\" content=\"index, follow, max-snippet:-1, max-image-preview:large, max-video-preview:-1\" \/>\n<link rel=\"canonical\" href=\"https:\/\/teasense.ch\/it\/prodotto\/te-verde-gunpowder-cina\/\" \/>\n<meta property=\"og:locale\" content=\"it_IT\" \/>\n<meta property=\"og:type\" content=\"article\" \/>\n<meta property=\"og:title\" content=\"T\u00e8 verde Gunpowder Cina - TeaSense.ch - Tee Shop Schweiz\" \/>\n<meta property=\"og:description\" content=\"T\u00e8 verde Gunpowder Cina \u2013 t\u00e8 verde intenso con leggera nota affumicata. Perfetto puro o per t\u00e8 alla menta.\" \/>\n<meta property=\"og:url\" content=\"https:\/\/teasense.ch\/it\/prodotto\/te-verde-gunpowder-cina\/\" \/>\n<meta property=\"og:site_name\" content=\"TeaSense.ch - Tee Shop Schweiz\" \/>\n<meta property=\"article:publisher\" content=\"https:\/\/www.facebook.com\/teasense.ch\" \/>\n<meta property=\"article:modified_time\" content=\"2026-05-04T08:11:17+00:00\" \/>\n<meta property=\"og:image\" content=\"https:\/\/teasense.ch\/wp-content\/uploads\/2025\/02\/hibiskus-tee-lose-und-aufgegossen-in-Tassen.png\" \/>\n\t<meta property=\"og:image:width\" content=\"800\" \/>\n\t<meta property=\"og:image:height\" content=\"800\" \/>\n\t<meta property=\"og:image:type\" content=\"image\/png\" \/>\n<meta name=\"twitter:card\" content=\"summary_large_image\" \/>\n<meta name=\"twitter:label1\" content=\"Est. reading time\" \/>\n\t<meta name=\"twitter:data1\" content=\"1 minute\" \/>\n<!-- \/ Yoast SEO plugin. -->","yoast_head_json":{"title":"T\u00e8 verde Gunpowder Cina - TeaSense.ch - Tee Shop Schweiz","description":"T\u00e8 verde Gunpowder Cina \u2013 t\u00e8 verde intenso con leggera nota affumicata. Perfetto puro o per t\u00e8 alla menta.","robots":{"index":"index","follow":"follow","max-snippet":"max-snippet:-1","max-image-preview":"max-image-preview:large","max-video-preview":"max-video-preview:-1"},"canonical":"https:\/\/teasense.ch\/it\/prodotto\/te-verde-gunpowder-cina\/","og_locale":"it_IT","og_type":"article","og_title":"T\u00e8 verde Gunpowder Cina - TeaSense.ch - Tee Shop Schweiz","og_description":"T\u00e8 verde Gunpowder Cina \u2013 t\u00e8 verde intenso con leggera nota affumicata. Perfetto puro o per t\u00e8 alla menta.","og_url":"https:\/\/teasense.ch\/it\/prodotto\/te-verde-gunpowder-cina\/","og_site_name":"TeaSense.ch - Tee Shop Schweiz","article_publisher":"https:\/\/www.facebook.com\/teasense.ch","article_modified_time":"2026-05-04T08:11:17+00:00","og_image":[{"width":800,"height":800,"url":"https:\/\/teasense.ch\/wp-content\/uploads\/2025\/02\/hibiskus-tee-lose-und-aufgegossen-in-Tassen.png","type":"image\/png"}],"twitter_card":"summary_large_image","twitter_misc":{"Est. reading time":"1 minute"},"schema":{"@context":"https:\/\/schema.org","@graph":[{"@type":"WebPage","@id":"https:\/\/teasense.ch\/it\/prodotto\/te-verde-gunpowder-cina\/","url":"https:\/\/teasense.ch\/it\/prodotto\/te-verde-gunpowder-cina\/","name":"T\u00e8 verde Gunpowder Cina - TeaSense.ch - Tee Shop Schweiz","isPartOf":{"@id":"https:\/\/teasense.ch\/it\/#website"},"primaryImageOfPage":{"@id":"https:\/\/teasense.ch\/it\/prodotto\/te-verde-gunpowder-cina\/#primaryimage"},"image":{"@id":"https:\/\/teasense.ch\/it\/prodotto\/te-verde-gunpowder-cina\/#primaryimage"},"thumbnailUrl":"https:\/\/teasense.ch\/wp-content\/uploads\/2025\/02\/China-Gunpowder.png","datePublished":"2025-02-27T13:51:14+00:00","dateModified":"2026-05-04T08:11:17+00:00","description":"T\u00e8 verde Gunpowder Cina \u2013 t\u00e8 verde intenso con leggera nota affumicata. Perfetto puro o per t\u00e8 alla menta.","breadcrumb":{"@id":"https:\/\/teasense.ch\/it\/prodotto\/te-verde-gunpowder-cina\/#breadcrumb"},"inLanguage":"it-CH","potentialAction":[{"@type":"ReadAction","target":["https:\/\/teasense.ch\/it\/prodotto\/te-verde-gunpowder-cina\/"]}]},{"@type":"ImageObject","inLanguage":"it-CH","@id":"https:\/\/teasense.ch\/it\/prodotto\/te-verde-gunpowder-cina\/#primaryimage","url":"https:\/\/teasense.ch\/wp-content\/uploads\/2025\/02\/China-Gunpowder.png","contentUrl":"https:\/\/teasense.ch\/wp-content\/uploads\/2025\/02\/China-Gunpowder.png","width":800,"height":800,"caption":"China Gunpowder Gr\u00fcntee Loser Tee"},{"@type":"BreadcrumbList","@id":"https:\/\/teasense.ch\/it\/prodotto\/te-verde-gunpowder-cina\/#breadcrumb","itemListElement":[{"@type":"ListItem","position":1,"name":"Startseite","item":"https:\/\/teasense.ch\/it\/"},{"@type":"ListItem","position":2,"name":"Ordina t\u00e8 online in Svizzera","item":"https:\/\/teasense.ch\/it\/shop\/"},{"@type":"ListItem","position":3,"name":"T\u00e8 verde Gunpowder Cina"}]},{"@type":"WebSite","@id":"https:\/\/teasense.ch\/it\/#website","url":"https:\/\/teasense.ch\/it\/","name":"TeaSense.ch","description":"Nat\u00fcrliche Teemischungen und klassischer Tee","publisher":{"@id":"https:\/\/teasense.ch\/it\/#organization"},"alternateName":"TeaSense","potentialAction":[{"@type":"SearchAction","target":{"@type":"EntryPoint","urlTemplate":"https:\/\/teasense.ch\/it\/?s={search_term_string}"},"query-input":{"@type":"PropertyValueSpecification","valueRequired":true,"valueName":"search_term_string"}}],"inLanguage":"it-CH"},{"@type":"Organization","@id":"https:\/\/teasense.ch\/it\/#organization","name":"Reale Selection","alternateName":"TeaSense.ch","url":"https:\/\/teasense.ch\/it\/","logo":{"@type":"ImageObject","inLanguage":"it-CH","@id":"https:\/\/teasense.ch\/it\/#\/schema\/logo\/image\/","url":"https:\/\/teasense.ch\/wp-content\/uploads\/2023\/07\/cropped-logo-teasense-kategorie-onlineshop-alle-produkte.jpg","contentUrl":"https:\/\/teasense.ch\/wp-content\/uploads\/2023\/07\/cropped-logo-teasense-kategorie-onlineshop-alle-produkte.jpg","width":512,"height":512,"caption":"Reale Selection"},"image":{"@id":"https:\/\/teasense.ch\/it\/#\/schema\/logo\/image\/"},"sameAs":["https:\/\/www.facebook.com\/teasense.ch"]}]}},"jetpack-related-posts":[{"id":49489,"url":"https:\/\/teasense.ch\/it\/prodotto\/mate-verde\/","url_meta":{"origin":49533,"position":0},"title":"Mate verde","author":"Reale Selection","date":"23. October 2024","format":false,"excerpt":"Preparazione \u2013 Mate verde \ud83e\udd44 2 g per 200 ml \ud83c\udf21\ufe0f 70\u201380 \u00b0C \u23f3 5\u20137 minuti","rel":"","context":"Similar post","block_context":{"text":"Similar post","link":""},"img":{"alt_text":"Meta Gr\u00fcn mit weissem Hintergrund","src":"https:\/\/i0.wp.com\/teasense.ch\/wp-content\/uploads\/2024\/10\/mate-gruen-weisser-hintergrund.png?resize=350%2C200&ssl=1","width":350,"height":200,"srcset":"https:\/\/i0.wp.com\/teasense.ch\/wp-content\/uploads\/2024\/10\/mate-gruen-weisser-hintergrund.png?resize=350%2C200&ssl=1 1x, https:\/\/i0.wp.com\/teasense.ch\/wp-content\/uploads\/2024\/10\/mate-gruen-weisser-hintergrund.png?resize=525%2C300&ssl=1 1.5x, https:\/\/i0.wp.com\/teasense.ch\/wp-content\/uploads\/2024\/10\/mate-gruen-weisser-hintergrund.png?resize=700%2C400&ssl=1 2x"},"classes":[]},{"id":49023,"url":"https:\/\/teasense.ch\/it\/prodotto\/chai-ayurvedico-con-mate\/","url_meta":{"origin":49533,"position":1},"title":"Chai ayurvedico con mate","author":"Reale Selection","date":"13. May 2025","format":false,"excerpt":"Zubereitung Ayurveda Chai mit Mate \ud83e\udd44 1\u20132 cucchiaini per tazza (14g\/litro)\ud83c\udf21\ufe0f 100 \u00b0C\u23f3 5 minuti","rel":"","context":"Similar post","block_context":{"text":"Similar post","link":""},"img":{"alt_text":"Ayurveda Chai mit Mate","src":"https:\/\/i0.wp.com\/teasense.ch\/wp-content\/uploads\/2025\/05\/Ayurveda-Chai-mit-Mate.png?resize=350%2C200&ssl=1","width":350,"height":200,"srcset":"https:\/\/i0.wp.com\/teasense.ch\/wp-content\/uploads\/2025\/05\/Ayurveda-Chai-mit-Mate.png?resize=350%2C200&ssl=1 1x, https:\/\/i0.wp.com\/teasense.ch\/wp-content\/uploads\/2025\/05\/Ayurveda-Chai-mit-Mate.png?resize=525%2C300&ssl=1 1.5x, https:\/\/i0.wp.com\/teasense.ch\/wp-content\/uploads\/2025\/05\/Ayurveda-Chai-mit-Mate.png?resize=700%2C400&ssl=1 2x"},"classes":[]},{"id":48993,"url":"https:\/\/teasense.ch\/it\/prodotto\/formosa-oolong-selezione\/","url_meta":{"origin":49533,"position":2},"title":"Formosa Oolong Selezione","author":"Reale Selection","date":"19. September 2025","format":false,"excerpt":"Formosa Oolong Selezione \u2013 Preparazione \ud83e\udd44 1\u20132 cucchiaini per 200 ml di acqua\ud83c\udf21\ufe0f 80\u201390\u00b0C (acqua calda, non bollente)\u23f3 2\u20134 minuti, reinfusibile pi\u00f9 volte","rel":"","context":"Similar post","block_context":{"text":"Similar post","link":""},"img":{"alt_text":"Formosa Fine Oolong loser Tee","src":"https:\/\/i0.wp.com\/teasense.ch\/wp-content\/uploads\/2025\/09\/formosa-fine-oolong.png?resize=350%2C200&ssl=1","width":350,"height":200,"srcset":"https:\/\/i0.wp.com\/teasense.ch\/wp-content\/uploads\/2025\/09\/formosa-fine-oolong.png?resize=350%2C200&ssl=1 1x, https:\/\/i0.wp.com\/teasense.ch\/wp-content\/uploads\/2025\/09\/formosa-fine-oolong.png?resize=525%2C300&ssl=1 1.5x, https:\/\/i0.wp.com\/teasense.ch\/wp-content\/uploads\/2025\/09\/formosa-fine-oolong.png?resize=700%2C400&ssl=1 2x"},"classes":[]},{"id":49538,"url":"https:\/\/teasense.ch\/it\/prodotto\/fiori-ibisco\/","url_meta":{"origin":49533,"position":3},"title":"T\u00e8 all\u2019ibisco","author":"Reale Selection","date":"28. February 2025","format":false,"excerpt":"Preparazione t\u00e8 all\u2019ibisco \ud83e\udd44 1 - 2 cucchiaini colmi (circa 2 g) per 200 ml d\u2019acqua \ud83c\udf21\ufe0f 100 \u00b0C \u23f3 Lascia in infusione 6 - 10 minuti","rel":"","context":"Similar post","block_context":{"text":"Similar post","link":""},"img":{"alt_text":"Hibiskus Tee Lose Hibiskusbl\u00fcten","src":"https:\/\/i0.wp.com\/teasense.ch\/wp-content\/uploads\/2025\/02\/Lose-Blueten-hibiskus-tee.png?resize=350%2C200&ssl=1","width":350,"height":200,"srcset":"https:\/\/i0.wp.com\/teasense.ch\/wp-content\/uploads\/2025\/02\/Lose-Blueten-hibiskus-tee.png?resize=350%2C200&ssl=1 1x, https:\/\/i0.wp.com\/teasense.ch\/wp-content\/uploads\/2025\/02\/Lose-Blueten-hibiskus-tee.png?resize=525%2C300&ssl=1 1.5x, https:\/\/i0.wp.com\/teasense.ch\/wp-content\/uploads\/2025\/02\/Lose-Blueten-hibiskus-tee.png?resize=700%2C400&ssl=1 2x"},"classes":[]},{"id":49127,"url":"https:\/\/teasense.ch\/it\/prodotto\/cha-gorreana-orange-pekoe-te-nero-delle-azzorre\/","url_meta":{"origin":49533,"position":4},"title":"Ch\u00e1 Gorreana Orange Pekoe \u2013 T\u00e8 nero delle Azzorre","author":"Reale Selection","date":"13. September 2024","format":false,"excerpt":"T\u00e8 nero delle Azzorre (Portogallo) Preparazione Ch\u00e1 Gorreana Orange Pekoe \ud83e\udd44 1 cucchiaino (ca. 2 g) per 200 ml di acqua\ud83c\udf21\ufe0f 90\u201395 \u00b0C\u23f3 3\u20135 minuti","rel":"","context":"Similar post","block_context":{"text":"Similar post","link":""},"img":{"alt_text":"acores-orange-pekoe-loose-leaf-100g","src":"https:\/\/i0.wp.com\/teasense.ch\/wp-content\/uploads\/2024\/09\/acores-orange-pekoe-loose-leaf-100g.png?resize=350%2C200&ssl=1","width":350,"height":200,"srcset":"https:\/\/i0.wp.com\/teasense.ch\/wp-content\/uploads\/2024\/09\/acores-orange-pekoe-loose-leaf-100g.png?resize=350%2C200&ssl=1 1x, https:\/\/i0.wp.com\/teasense.ch\/wp-content\/uploads\/2024\/09\/acores-orange-pekoe-loose-leaf-100g.png?resize=525%2C300&ssl=1 1.5x, https:\/\/i0.wp.com\/teasense.ch\/wp-content\/uploads\/2024\/09\/acores-orange-pekoe-loose-leaf-100g.png?resize=700%2C400&ssl=1 2x"},"classes":[]},{"id":48759,"url":"https:\/\/teasense.ch\/it\/prodotto\/te-verde-bancha-giapponese\/","url_meta":{"origin":49533,"position":5},"title":"T\u00e8 verde Bancha giapponese","author":"Reale Selection","date":"1. October 2025","format":false,"excerpt":"Preparazione t\u00e8 verde Bancha giapponese \ud83e\udd44 12\u201315 g per litro \ud83c\udf21\ufe0f 80\u201390 \u00b0C \u23f3 1,5\u20132 minuti","rel":"","context":"Similar post","block_context":{"text":"Similar post","link":""},"img":{"alt_text":"Japan Bancha \u2013 milder Gr\u00fcntee mit langem Blatt","src":"https:\/\/i0.wp.com\/teasense.ch\/wp-content\/uploads\/2025\/10\/japan-bancha1.png?resize=350%2C200&ssl=1","width":350,"height":200,"srcset":"https:\/\/i0.wp.com\/teasense.ch\/wp-content\/uploads\/2025\/10\/japan-bancha1.png?resize=350%2C200&ssl=1 1x, https:\/\/i0.wp.com\/teasense.ch\/wp-content\/uploads\/2025\/10\/japan-bancha1.png?resize=525%2C300&ssl=1 1.5x, https:\/\/i0.wp.com\/teasense.ch\/wp-content\/uploads\/2025\/10\/japan-bancha1.png?resize=700%2C400&ssl=1 2x"},"classes":[]}],"jetpack_sharing_enabled":true,"jetpack_likes_enabled":false,"_links":{"self":[{"href":"https:\/\/teasense.ch\/it\/wp-json\/wp\/v2\/product\/49533","targetHints":{"allow":["GET"]}}],"collection":[{"href":"https:\/\/teasense.ch\/it\/wp-json\/wp\/v2\/product"}],"about":[{"href":"https:\/\/teasense.ch\/it\/wp-json\/wp\/v2\/types\/product"}],"replies":[{"embeddable":true,"href":"https:\/\/teasense.ch\/it\/wp-json\/wp\/v2\/comments?post=49533"}],"wp:featuredmedia":[{"embeddable":true,"href":"https:\/\/teasense.ch\/it\/wp-json\/wp\/v2\/media\/44303"}],"wp:attachment":[{"href":"https:\/\/teasense.ch\/it\/wp-json\/wp\/v2\/media?parent=49533"}],"wp:term":[{"taxonomy":"product_brand","embeddable":true,"href":"https:\/\/teasense.ch\/it\/wp-json\/wp\/v2\/product_brand?post=49533"},{"taxonomy":"product_cat","embeddable":true,"href":"https:\/\/teasense.ch\/it\/wp-json\/wp\/v2\/product_cat?post=49533"},{"taxonomy":"product_tag","embeddable":true,"href":"https:\/\/teasense.ch\/it\/wp-json\/wp\/v2\/product_tag?post=49533"}],"curies":[{"name":"wp","href":"https:\/\/api.w.org\/{rel}","templated":true}]}}