{"id":49538,"date":"2025-02-28T09:15:59","date_gmt":"2025-02-28T08:15:59","guid":{"rendered":"https:\/\/teasense.ch\/produkt\/hibiskus-tee\/"},"modified":"2026-05-04T12:03:35","modified_gmt":"2026-05-04T10:03:35","slug":"fiori-ibisco","status":"publish","type":"product","link":"https:\/\/teasense.ch\/it\/prodotto\/fiori-ibisco\/","title":{"rendered":"T\u00e8 all\u2019ibisco"},"content":{"rendered":"<h2 data-start=\"97\" data-end=\"181\">T\u00e8 all\u2019ibisco \u2013 infuso fruttato e acidulo dal colore brillante<\/h2>\n<p>Il t\u00e8 all\u2019ibisco conquista con il suo gusto intenso, fruttato e acidulo e con la tazza rosso brillante. Puoi gustarlo puro, berlo come infuso rinfrescante oppure usarlo come base per miscele di t\u00e8 alla frutta, t\u00e8 freddo, punch e dessert. <\/p>\n<p>I fiori di ibisco essiccati sprigionano un aroma naturalmente fruttato con una piacevole acidit\u00e0 che ricorda i frutti di bosco rossi. Allo stesso tempo, le loro sostanze vegetali naturali donano al tuo t\u00e8 il caratteristico colore rosso intenso. Soprattutto in estate, il t\u00e8 all\u2019ibisco rinfresca se lo servi freddo. Abbinalo volentieri ad altre erbe o frutti per scoprire nuove creazioni di gusto.   <\/p>\n<h3 data-start=\"1244\" data-end=\"1283\">Perch\u00e9 i fiori di ibisco per il t\u00e8?<\/h3>\n<ul>\n<li data-start=\"1285\" data-end=\"1623\"><strong data-start=\"1287\" data-end=\"1317\">Aroma fruttato e acidulo<\/strong> \u2013 perfetto per t\u00e8, t\u00e8 freddo &amp; miscele<\/li>\n<li data-start=\"1285\" data-end=\"1623\"><strong data-start=\"1361\" data-end=\"1391\">Colore della tazza rosso brillante<\/strong> \u2013 intenso &amp; invitante<\/li>\n<li data-start=\"1285\" data-end=\"1623\"><strong data-start=\"1421\" data-end=\"1446\">Versatile<\/strong> \u2013 come t\u00e8, nei punch o nei dessert<\/li>\n<li data-start=\"1285\" data-end=\"1623\"><strong data-start=\"1486\" data-end=\"1524\">Da gustare puro o in combinazione<\/strong> \u2013 si abbina a erbe &amp; frutti<\/li>\n<li data-start=\"1285\" data-end=\"1623\"><strong data-start=\"1566\" data-end=\"1593\">Senza additivi artificiali<\/strong> \u2013 fiori essiccati puri<\/li>\n<\/ul>\n<h3 data-start=\"1630\" data-end=\"1657\">T\u00e8 all\u2019ibisco &#8211; gusto &amp; aroma<\/h3>\n<p data-start=\"1659\" data-end=\"1877\">I fiori di ibisco hanno un gusto fresco, fruttato e acidulo, ricordano i frutti di bosco rossi e donano alle tue miscele di t\u00e8 una nota naturale, leggermente amarognola. Con fette d\u2019arancia o menta fresca puoi personalizzare ancora di pi\u00f9 il sapore. <\/p>\n<h3 data-start=\"2498\" data-end=\"2516\">Conservazione<\/h3>\n<p data-start=\"2518\" data-end=\"2654\">Conserva i fiori di ibisco in un luogo asciutto, in un contenitore ermetico e al riparo dalla luce, cos\u00ec da mantenerne l\u2019aroma intenso.<\/p>\n<p data-start=\"2518\" data-end=\"2654\">\ud83d\udc49 Scopri anche i nostri altri <a href=\"https:\/\/teasense.ch\/it\/categoria-prodotto\/te-sfuso\/tisane-fiori\/\">t\u00e8 ai fiori<\/a>.<\/p>\n","protected":false},"excerpt":{"rendered":"<h4>Preparazione t\u00e8 all\u2019ibisco<\/h4>\n<p>\ud83e\udd44 1 &#8211; 2 cucchiaini colmi (circa 2 g) per 200 ml d\u2019acqua<br \/>\n\ud83c\udf21\ufe0f 100 \u00b0C<br \/>\n\u23f3 Lascia in infusione 6 &#8211; 10 minuti<\/p>\n","protected":false},"featured_media":44346,"comment_status":"open","ping_status":"closed","template":"","meta":{"_et_pb_use_builder":"","_et_pb_old_content":"","_et_gb_content_width":""},"product_brand":[],"product_cat":[443,404,339,340],"product_tag":[],"class_list":{"0":"post-49538","1":"product","2":"type-product","3":"status-publish","4":"has-post-thumbnail","6":"product_cat-monoerbe","7":"product_cat-tisane-fiori","8":"product_cat-te-sfuso","9":"product_cat-tutti-prodotti","10":"pa_herkunft-nigeria","11":"pa_weight-100-g","12":"pa_weight-200-g","13":"pa_weight-400-g","14":"pa_weight-50-g","16":"first","17":"instock","18":"shipping-taxable","19":"purchasable","20":"product-type-variable","21":"has-default-attributes","22":"add-to-wishlist-before_image"},"yoast_head":"<!-- This site is optimized with the Yoast SEO plugin v27.5 - https:\/\/yoast.com\/product\/yoast-seo-wordpress\/ -->\n<title>T\u00e8 all\u2019ibisco - TeaSense.ch - Tee Shop Schweiz<\/title>\n<meta name=\"description\" content=\"T\u00e8 all\u2019ibisco \u2013 tisana fruttata e acidula dal colore brillante. Gustalo caldo o come t\u00e8 freddo. Scopri ora &amp; prepara il tuo t\u00e8 all\u2019ibisco! \ud83c\udf75\u2728\" \/>\n<meta name=\"robots\" content=\"index, follow, max-snippet:-1, max-image-preview:large, max-video-preview:-1\" \/>\n<link rel=\"canonical\" href=\"https:\/\/teasense.ch\/it\/prodotto\/fiori-ibisco\/\" \/>\n<meta property=\"og:locale\" content=\"it_IT\" \/>\n<meta property=\"og:type\" content=\"article\" \/>\n<meta property=\"og:title\" content=\"T\u00e8 all\u2019ibisco - TeaSense.ch - Tee Shop Schweiz\" \/>\n<meta property=\"og:description\" content=\"T\u00e8 all\u2019ibisco \u2013 tisana fruttata e acidula dal colore brillante. Gustalo caldo o come t\u00e8 freddo. Scopri ora &amp; prepara il tuo t\u00e8 all\u2019ibisco! \ud83c\udf75\u2728\" \/>\n<meta property=\"og:url\" content=\"https:\/\/teasense.ch\/it\/prodotto\/fiori-ibisco\/\" \/>\n<meta property=\"og:site_name\" content=\"TeaSense.ch - Tee Shop Schweiz\" \/>\n<meta property=\"article:publisher\" content=\"https:\/\/www.facebook.com\/teasense.ch\" \/>\n<meta property=\"article:modified_time\" content=\"2026-05-04T10:03:35+00:00\" \/>\n<meta property=\"og:image\" content=\"https:\/\/teasense.ch\/wp-content\/uploads\/2025\/02\/hibiskus-tee-lose-und-aufgegossen-in-Tassen.png\" \/>\n\t<meta property=\"og:image:width\" content=\"800\" \/>\n\t<meta property=\"og:image:height\" content=\"800\" \/>\n\t<meta property=\"og:image:type\" content=\"image\/png\" \/>\n<meta name=\"twitter:card\" content=\"summary_large_image\" \/>\n<meta name=\"twitter:label1\" content=\"Est. reading time\" \/>\n\t<meta name=\"twitter:data1\" content=\"2 minutes\" \/>\n<!-- \/ Yoast SEO plugin. -->","yoast_head_json":{"title":"T\u00e8 all\u2019ibisco - TeaSense.ch - Tee Shop Schweiz","description":"T\u00e8 all\u2019ibisco \u2013 tisana fruttata e acidula dal colore brillante. Gustalo caldo o come t\u00e8 freddo. Scopri ora & prepara il tuo t\u00e8 all\u2019ibisco! \ud83c\udf75\u2728","robots":{"index":"index","follow":"follow","max-snippet":"max-snippet:-1","max-image-preview":"max-image-preview:large","max-video-preview":"max-video-preview:-1"},"canonical":"https:\/\/teasense.ch\/it\/prodotto\/fiori-ibisco\/","og_locale":"it_IT","og_type":"article","og_title":"T\u00e8 all\u2019ibisco - TeaSense.ch - Tee Shop Schweiz","og_description":"T\u00e8 all\u2019ibisco \u2013 tisana fruttata e acidula dal colore brillante. Gustalo caldo o come t\u00e8 freddo. Scopri ora & prepara il tuo t\u00e8 all\u2019ibisco! \ud83c\udf75\u2728","og_url":"https:\/\/teasense.ch\/it\/prodotto\/fiori-ibisco\/","og_site_name":"TeaSense.ch - Tee Shop Schweiz","article_publisher":"https:\/\/www.facebook.com\/teasense.ch","article_modified_time":"2026-05-04T10:03:35+00:00","og_image":[{"width":800,"height":800,"url":"https:\/\/teasense.ch\/wp-content\/uploads\/2025\/02\/hibiskus-tee-lose-und-aufgegossen-in-Tassen.png","type":"image\/png"}],"twitter_card":"summary_large_image","twitter_misc":{"Est. reading time":"2 minutes"},"schema":{"@context":"https:\/\/schema.org","@graph":[{"@type":"WebPage","@id":"https:\/\/teasense.ch\/it\/prodotto\/fiori-ibisco\/","url":"https:\/\/teasense.ch\/it\/prodotto\/fiori-ibisco\/","name":"T\u00e8 all\u2019ibisco - TeaSense.ch - Tee Shop Schweiz","isPartOf":{"@id":"https:\/\/teasense.ch\/it\/#website"},"primaryImageOfPage":{"@id":"https:\/\/teasense.ch\/it\/prodotto\/fiori-ibisco\/#primaryimage"},"image":{"@id":"https:\/\/teasense.ch\/it\/prodotto\/fiori-ibisco\/#primaryimage"},"thumbnailUrl":"https:\/\/teasense.ch\/wp-content\/uploads\/2025\/02\/Lose-Blueten-hibiskus-tee.png","datePublished":"2025-02-28T08:15:59+00:00","dateModified":"2026-05-04T10:03:35+00:00","description":"T\u00e8 all\u2019ibisco \u2013 tisana fruttata e acidula dal colore brillante. Gustalo caldo o come t\u00e8 freddo. Scopri ora & prepara il tuo t\u00e8 all\u2019ibisco! \ud83c\udf75\u2728","breadcrumb":{"@id":"https:\/\/teasense.ch\/it\/prodotto\/fiori-ibisco\/#breadcrumb"},"inLanguage":"it-CH","potentialAction":[{"@type":"ReadAction","target":["https:\/\/teasense.ch\/it\/prodotto\/fiori-ibisco\/"]}]},{"@type":"ImageObject","inLanguage":"it-CH","@id":"https:\/\/teasense.ch\/it\/prodotto\/fiori-ibisco\/#primaryimage","url":"https:\/\/teasense.ch\/wp-content\/uploads\/2025\/02\/Lose-Blueten-hibiskus-tee.png","contentUrl":"https:\/\/teasense.ch\/wp-content\/uploads\/2025\/02\/Lose-Blueten-hibiskus-tee.png","width":800,"height":800,"caption":"Hibiskus Tee Lose Hibiskusbl\u00fcten"},{"@type":"BreadcrumbList","@id":"https:\/\/teasense.ch\/it\/prodotto\/fiori-ibisco\/#breadcrumb","itemListElement":[{"@type":"ListItem","position":1,"name":"Startseite","item":"https:\/\/teasense.ch\/it\/"},{"@type":"ListItem","position":2,"name":"Ordina t\u00e8 online in Svizzera","item":"https:\/\/teasense.ch\/it\/shop\/"},{"@type":"ListItem","position":3,"name":"T\u00e8 all\u2019ibisco"}]},{"@type":"WebSite","@id":"https:\/\/teasense.ch\/it\/#website","url":"https:\/\/teasense.ch\/it\/","name":"TeaSense.ch","description":"Nat\u00fcrliche Teemischungen und klassischer Tee","publisher":{"@id":"https:\/\/teasense.ch\/it\/#organization"},"alternateName":"TeaSense","potentialAction":[{"@type":"SearchAction","target":{"@type":"EntryPoint","urlTemplate":"https:\/\/teasense.ch\/it\/?s={search_term_string}"},"query-input":{"@type":"PropertyValueSpecification","valueRequired":true,"valueName":"search_term_string"}}],"inLanguage":"it-CH"},{"@type":"Organization","@id":"https:\/\/teasense.ch\/it\/#organization","name":"Reale Selection","alternateName":"TeaSense.ch","url":"https:\/\/teasense.ch\/it\/","logo":{"@type":"ImageObject","inLanguage":"it-CH","@id":"https:\/\/teasense.ch\/it\/#\/schema\/logo\/image\/","url":"https:\/\/teasense.ch\/wp-content\/uploads\/2023\/07\/cropped-logo-teasense-kategorie-onlineshop-alle-produkte.jpg","contentUrl":"https:\/\/teasense.ch\/wp-content\/uploads\/2023\/07\/cropped-logo-teasense-kategorie-onlineshop-alle-produkte.jpg","width":512,"height":512,"caption":"Reale Selection"},"image":{"@id":"https:\/\/teasense.ch\/it\/#\/schema\/logo\/image\/"},"sameAs":["https:\/\/www.facebook.com\/teasense.ch"]}]}},"jetpack-related-posts":[{"id":48619,"url":"https:\/\/teasense.ch\/it\/prodotto\/te-nero-kenya-gfop-marinyn\/","url_meta":{"origin":49538,"position":0},"title":"T\u00e8 nero Kenya GFOP Marinyn","author":"Reale Selection","date":"13. October 2025","format":false,"excerpt":"Preparazione Kenya GFOP Marinyn \ud83e\udd441 cucchiaino per 200 ml\ud83c\udf21\ufe0f 100 \u00b0C\u23f3 3 minuti","rel":"","context":"Similar post","block_context":{"text":"Similar post","link":""},"img":{"alt_text":"Schwarztee aus Kenia loser Tee Kenya GFOP Marinyn","src":"https:\/\/i0.wp.com\/teasense.ch\/wp-content\/uploads\/2025\/10\/kenya-gfop-marinyn.png?resize=350%2C200&ssl=1","width":350,"height":200,"srcset":"https:\/\/i0.wp.com\/teasense.ch\/wp-content\/uploads\/2025\/10\/kenya-gfop-marinyn.png?resize=350%2C200&ssl=1 1x, https:\/\/i0.wp.com\/teasense.ch\/wp-content\/uploads\/2025\/10\/kenya-gfop-marinyn.png?resize=525%2C300&ssl=1 1.5x, https:\/\/i0.wp.com\/teasense.ch\/wp-content\/uploads\/2025\/10\/kenya-gfop-marinyn.png?resize=700%2C400&ssl=1 2x"},"classes":[]},{"id":49051,"url":"https:\/\/teasense.ch\/it\/prodotto\/pekoe-te-nero-gorreana\/","url_meta":{"origin":49538,"position":1},"title":"Pekoe \u2013 T\u00e8 nero Gorreana","author":"Reale Selection","date":"20. August 2025","format":false,"excerpt":"Preparazione t\u00e8 nero Pekoe \u2013 Gorreana \ud83e\udd44 1\u20132 cucchiaini colmi (ca. 2 g) per 200 ml d\u2019acqua\ud83c\udf21\ufe0f 100 \u00b0C\u23f3 6\u201310 minuti","rel":"","context":"Similar post","block_context":{"text":"Similar post","link":""},"img":{"alt_text":"schwarzertee pekoe aus den Azoren Portugal","src":"https:\/\/i0.wp.com\/teasense.ch\/wp-content\/uploads\/2025\/08\/schwarzertee-pekoe.png?resize=350%2C200&ssl=1","width":350,"height":200,"srcset":"https:\/\/i0.wp.com\/teasense.ch\/wp-content\/uploads\/2025\/08\/schwarzertee-pekoe.png?resize=350%2C200&ssl=1 1x, https:\/\/i0.wp.com\/teasense.ch\/wp-content\/uploads\/2025\/08\/schwarzertee-pekoe.png?resize=525%2C300&ssl=1 1.5x, https:\/\/i0.wp.com\/teasense.ch\/wp-content\/uploads\/2025\/08\/schwarzertee-pekoe.png?resize=700%2C400&ssl=1 2x"},"classes":[]},{"id":49580,"url":"https:\/\/teasense.ch\/it\/prodotto\/mate-tostato\/","url_meta":{"origin":49538,"position":2},"title":"T\u00e8 mate tostato","author":"Reale Selection","date":"23. October 2024","format":false,"excerpt":"T\u00e8 mate tostato tradizionale Preparazione mate tostato \ud83e\udd44 1 cucchiaino per tazza (12 g\/litro)\ud83c\udf21\ufe0f 80 - 90 \u00b0C\u23f3 5 minuti","rel":"","context":"Similar post","block_context":{"text":"Similar post","link":""},"img":{"alt_text":"Mate ger\u00f6stet auf weissem Hintergrund","src":"https:\/\/i0.wp.com\/teasense.ch\/wp-content\/uploads\/2024\/10\/mate-geroestet-auf-weissem-hintergrund.png?resize=350%2C200&ssl=1","width":350,"height":200,"srcset":"https:\/\/i0.wp.com\/teasense.ch\/wp-content\/uploads\/2024\/10\/mate-geroestet-auf-weissem-hintergrund.png?resize=350%2C200&ssl=1 1x, https:\/\/i0.wp.com\/teasense.ch\/wp-content\/uploads\/2024\/10\/mate-geroestet-auf-weissem-hintergrund.png?resize=525%2C300&ssl=1 1.5x, https:\/\/i0.wp.com\/teasense.ch\/wp-content\/uploads\/2024\/10\/mate-geroestet-auf-weissem-hintergrund.png?resize=700%2C400&ssl=1 2x"},"classes":[]},{"id":48144,"url":"https:\/\/teasense.ch\/it\/prodotto\/te-nero-ciliegia-selvatica\/","url_meta":{"origin":49538,"position":3},"title":"T\u00e8 nero Ciliegia selvatica","author":"Reale Selection","date":"17. December 2025","format":false,"excerpt":"Preparazione T\u00e8 nero Ciliegia selvatica naturale \ud83e\udd44 1 \u2013 2 cucchiaini per tazza (12 g\/litro)\ud83c\udf21\ufe0f 100 \u00b0C\u23f3 3 minuti","rel":"","context":"Similar post","block_context":{"text":"Similar post","link":""},"img":{"alt_text":"Schwarztee Wildkirsche Nat\u00fcrliche Teemischung","src":"https:\/\/i0.wp.com\/teasense.ch\/wp-content\/uploads\/2025\/12\/schwarztee-wildkirsche.png?resize=350%2C200&ssl=1","width":350,"height":200,"srcset":"https:\/\/i0.wp.com\/teasense.ch\/wp-content\/uploads\/2025\/12\/schwarztee-wildkirsche.png?resize=350%2C200&ssl=1 1x, https:\/\/i0.wp.com\/teasense.ch\/wp-content\/uploads\/2025\/12\/schwarztee-wildkirsche.png?resize=525%2C300&ssl=1 1.5x, https:\/\/i0.wp.com\/teasense.ch\/wp-content\/uploads\/2025\/12\/schwarztee-wildkirsche.png?resize=700%2C400&ssl=1 2x"},"classes":[]},{"id":48150,"url":"https:\/\/teasense.ch\/it\/prodotto\/te-nero-vaniglia\/","url_meta":{"origin":49538,"position":4},"title":"T\u00e8 nero vaniglia","author":"Reale Selection","date":"17. December 2025","format":false,"excerpt":"Preparazione T\u00e8 nero vaniglia naturale \ud83e\udd44 1 \u2013 2 cucchiaini per tazza (12 g\/litro)\ud83c\udf21\ufe0f 100 \u00b0C\u23f3 3 minuti","rel":"","context":"Similar post","block_context":{"text":"Similar post","link":""},"img":{"alt_text":"Schwarztee Vanille Nat\u00fcrlich","src":"https:\/\/i0.wp.com\/teasense.ch\/wp-content\/uploads\/2025\/12\/vanille-schwarztee.png?resize=350%2C200&ssl=1","width":350,"height":200,"srcset":"https:\/\/i0.wp.com\/teasense.ch\/wp-content\/uploads\/2025\/12\/vanille-schwarztee.png?resize=350%2C200&ssl=1 1x, https:\/\/i0.wp.com\/teasense.ch\/wp-content\/uploads\/2025\/12\/vanille-schwarztee.png?resize=525%2C300&ssl=1 1.5x, https:\/\/i0.wp.com\/teasense.ch\/wp-content\/uploads\/2025\/12\/vanille-schwarztee.png?resize=700%2C400&ssl=1 2x"},"classes":[]},{"id":49054,"url":"https:\/\/teasense.ch\/it\/prodotto\/encosta-de-bruma-te-verde-delle-azzorre\/","url_meta":{"origin":49538,"position":5},"title":"Encosta de Bruma \u2013 T\u00e8 verde delle Azzorre","author":"Reale Selection","date":"20. August 2025","format":false,"excerpt":"Preparazione Encosta de Bruma \u2013 t\u00e8 verde delle Azzorre \ud83e\udd44 1\u20132 cucchiaini colmi (ca. 2 g) per 200 ml d\u2019acqua\ud83c\udf21\ufe0f 75\u201380 \u00b0C\u23f3 2\u20133 minuti","rel":"","context":"Similar post","block_context":{"text":"Similar post","link":""},"img":{"alt_text":"Encosta de Bruma - Azoren Gr\u00fcntee","src":"https:\/\/i0.wp.com\/teasense.ch\/wp-content\/uploads\/2025\/08\/encosta-de-bruma-azoren-gruentee.png?resize=350%2C200&ssl=1","width":350,"height":200,"srcset":"https:\/\/i0.wp.com\/teasense.ch\/wp-content\/uploads\/2025\/08\/encosta-de-bruma-azoren-gruentee.png?resize=350%2C200&ssl=1 1x, https:\/\/i0.wp.com\/teasense.ch\/wp-content\/uploads\/2025\/08\/encosta-de-bruma-azoren-gruentee.png?resize=525%2C300&ssl=1 1.5x, https:\/\/i0.wp.com\/teasense.ch\/wp-content\/uploads\/2025\/08\/encosta-de-bruma-azoren-gruentee.png?resize=700%2C400&ssl=1 2x"},"classes":[]}],"jetpack_sharing_enabled":true,"jetpack_likes_enabled":false,"_links":{"self":[{"href":"https:\/\/teasense.ch\/it\/wp-json\/wp\/v2\/product\/49538","targetHints":{"allow":["GET"]}}],"collection":[{"href":"https:\/\/teasense.ch\/it\/wp-json\/wp\/v2\/product"}],"about":[{"href":"https:\/\/teasense.ch\/it\/wp-json\/wp\/v2\/types\/product"}],"replies":[{"embeddable":true,"href":"https:\/\/teasense.ch\/it\/wp-json\/wp\/v2\/comments?post=49538"}],"wp:featuredmedia":[{"embeddable":true,"href":"https:\/\/teasense.ch\/it\/wp-json\/wp\/v2\/media\/44346"}],"wp:attachment":[{"href":"https:\/\/teasense.ch\/it\/wp-json\/wp\/v2\/media?parent=49538"}],"wp:term":[{"taxonomy":"product_brand","embeddable":true,"href":"https:\/\/teasense.ch\/it\/wp-json\/wp\/v2\/product_brand?post=49538"},{"taxonomy":"product_cat","embeddable":true,"href":"https:\/\/teasense.ch\/it\/wp-json\/wp\/v2\/product_cat?post=49538"},{"taxonomy":"product_tag","embeddable":true,"href":"https:\/\/teasense.ch\/it\/wp-json\/wp\/v2\/product_tag?post=49538"}],"curies":[{"name":"wp","href":"https:\/\/api.w.org\/{rel}","templated":true}]}}