{"id":49626,"date":"2025-02-27T11:43:02","date_gmt":"2025-02-27T10:43:02","guid":{"rendered":"https:\/\/teasense.ch\/produkt\/te-verde-al-gelsomino\/"},"modified":"2026-05-04T16:25:59","modified_gmt":"2026-05-04T14:25:59","slug":"te-verde-al-gelsomino","status":"publish","type":"product","link":"https:\/\/teasense.ch\/it\/prodotto\/te-verde-al-gelsomino\/","title":{"rendered":"T\u00e8 verde al gelsomino"},"content":{"rendered":"<h2>T\u00e8 verde al gelsomino<\/h2>\n<p>Il t\u00e8 verde al gelsomino \u00e8 uno dei t\u00e8 pi\u00f9 conosciuti e apprezzati. Questa specialit\u00e0 combina t\u00e8 verde di qualit\u00e0 con il profumo naturale dei fiori di gelsomino. Durante la lavorazione, le foglie di t\u00e8 vengono messe pi\u00f9 volte a contatto con fiori freschi, assorbendone l\u2019aroma in modo naturale. Il risultato \u00e8 un t\u00e8 morbido, leggermente dolce, con una raffinata nota floreale.<\/p>\n<p>Questo t\u00e8 ha una lunga tradizione ed \u00e8 apprezzato sia nella vita quotidiana che nelle occasioni speciali. L\u2019equilibrio tra freschezza del t\u00e8 verde e aroma floreale lo rende versatile e perfetto per momenti di relax. Ottimo sia caldo che freddo.<\/p>\n<h3>Perch\u00e9 scegliere questo t\u00e8 verde al gelsomino?<\/h3>\n<ul>\n<li><strong>T\u00e8 verde di qualit\u00e0 con aroma naturale di gelsomino<\/strong> \u2013 gusto delicato<\/li>\n<li><strong>Profumo floreale leggero<\/strong> \u2013 elegante e piacevole<\/li>\n<li><strong>Versatile<\/strong> \u2013 caldo o freddo<\/li>\n<li><strong>Pi\u00f9 infusioni possibili<\/strong> \u2013 ogni tazza offre nuove sfumature<\/li>\n<li><strong>Lavorazione tradizionale<\/strong> \u2013 secondo la tradizione<\/li>\n<\/ul>\n<h3>Gusto &#038; aroma<\/h3>\n<p>Il gusto \u00e8 un equilibrio tra la freschezza del t\u00e8 verde e la dolcezza floreale del gelsomino. L\u2019aroma resta delicato e armonioso. La tazza \u00e8 giallo chiaro con riflessi leggermente verdi e un finale morbido.<\/p>\n<h3>Conservazione<\/h3>\n<p>Conservare in luogo fresco, asciutto e al riparo dalla luce. Un contenitore ermetico aiuta a mantenere l\u2019aroma.<\/p>\n","protected":false},"excerpt":{"rendered":"<p>T\u00e8 verde profumato naturalmente al gelsomino<\/p>\n<h4>Preparazione t\u00e8 verde al gelsomino<\/h4>\n<p>\ud83e\udd44 1 cucchiaino per 200 ml acqua<br \/>\n\ud83c\udf21\ufe0f 75 &#8211; 80 \u00b0C<br \/>\n\u23f3 2 &#8211; 3 minuti<\/p>\n","protected":false},"featured_media":44289,"comment_status":"open","ping_status":"closed","template":"","meta":{"_et_pb_use_builder":"","_et_pb_old_content":"","_et_gb_content_width":""},"product_brand":[],"product_cat":[404,339,416,340],"product_tag":[],"class_list":{"0":"post-49626","1":"product","2":"type-product","3":"status-publish","4":"has-post-thumbnail","6":"product_cat-tisane-fiori","7":"product_cat-te-sfuso","8":"product_cat-te-verde","9":"product_cat-tutti-prodotti","10":"pa_herkunft-cina","11":"pa_weight-100-g","12":"pa_weight-200-g","13":"pa_weight-400-g","14":"pa_weight-50-g","16":"first","17":"instock","18":"shipping-taxable","19":"purchasable","20":"product-type-variable","21":"has-default-attributes","22":"add-to-wishlist-before_image"},"yoast_head":"<!-- This site is optimized with the Yoast SEO plugin v27.5 - https:\/\/yoast.com\/product\/yoast-seo-wordpress\/ -->\n<title>T\u00e8 verde al gelsomino - TeaSense.ch - Tee Shop Schweiz<\/title>\n<meta name=\"description\" content=\"T\u00e8 verde al gelsomino \u2013 t\u00e8 verde delicato dal profumo floreale. Morbido ed equilibrato.\" \/>\n<meta name=\"robots\" content=\"index, follow, max-snippet:-1, max-image-preview:large, max-video-preview:-1\" \/>\n<link rel=\"canonical\" href=\"https:\/\/teasense.ch\/it\/prodotto\/te-verde-al-gelsomino\/\" \/>\n<meta property=\"og:locale\" content=\"it_IT\" \/>\n<meta property=\"og:type\" content=\"article\" \/>\n<meta property=\"og:title\" content=\"T\u00e8 verde al gelsomino - TeaSense.ch - Tee Shop Schweiz\" \/>\n<meta property=\"og:description\" content=\"T\u00e8 verde al gelsomino \u2013 t\u00e8 verde delicato dal profumo floreale. Morbido ed equilibrato.\" \/>\n<meta property=\"og:url\" content=\"https:\/\/teasense.ch\/it\/prodotto\/te-verde-al-gelsomino\/\" \/>\n<meta property=\"og:site_name\" content=\"TeaSense.ch - Tee Shop Schweiz\" \/>\n<meta property=\"article:publisher\" content=\"https:\/\/www.facebook.com\/teasense.ch\" \/>\n<meta property=\"article:modified_time\" content=\"2026-05-04T14:25:59+00:00\" \/>\n<meta property=\"og:image\" content=\"https:\/\/teasense.ch\/wp-content\/uploads\/2025\/02\/hibiskus-tee-lose-und-aufgegossen-in-Tassen.png\" \/>\n\t<meta property=\"og:image:width\" content=\"800\" \/>\n\t<meta property=\"og:image:height\" content=\"800\" \/>\n\t<meta property=\"og:image:type\" content=\"image\/png\" \/>\n<meta name=\"twitter:card\" content=\"summary_large_image\" \/>\n<meta name=\"twitter:label1\" content=\"Est. reading time\" \/>\n\t<meta name=\"twitter:data1\" content=\"1 minute\" \/>\n<!-- \/ Yoast SEO plugin. -->","yoast_head_json":{"title":"T\u00e8 verde al gelsomino - TeaSense.ch - Tee Shop Schweiz","description":"T\u00e8 verde al gelsomino \u2013 t\u00e8 verde delicato dal profumo floreale. Morbido ed equilibrato.","robots":{"index":"index","follow":"follow","max-snippet":"max-snippet:-1","max-image-preview":"max-image-preview:large","max-video-preview":"max-video-preview:-1"},"canonical":"https:\/\/teasense.ch\/it\/prodotto\/te-verde-al-gelsomino\/","og_locale":"it_IT","og_type":"article","og_title":"T\u00e8 verde al gelsomino - TeaSense.ch - Tee Shop Schweiz","og_description":"T\u00e8 verde al gelsomino \u2013 t\u00e8 verde delicato dal profumo floreale. Morbido ed equilibrato.","og_url":"https:\/\/teasense.ch\/it\/prodotto\/te-verde-al-gelsomino\/","og_site_name":"TeaSense.ch - Tee Shop Schweiz","article_publisher":"https:\/\/www.facebook.com\/teasense.ch","article_modified_time":"2026-05-04T14:25:59+00:00","og_image":[{"width":800,"height":800,"url":"https:\/\/teasense.ch\/wp-content\/uploads\/2025\/02\/hibiskus-tee-lose-und-aufgegossen-in-Tassen.png","type":"image\/png"}],"twitter_card":"summary_large_image","twitter_misc":{"Est. reading time":"1 minute"},"schema":{"@context":"https:\/\/schema.org","@graph":[{"@type":"WebPage","@id":"https:\/\/teasense.ch\/it\/prodotto\/te-verde-al-gelsomino\/","url":"https:\/\/teasense.ch\/it\/prodotto\/te-verde-al-gelsomino\/","name":"T\u00e8 verde al gelsomino - TeaSense.ch - Tee Shop Schweiz","isPartOf":{"@id":"https:\/\/teasense.ch\/it\/#website"},"primaryImageOfPage":{"@id":"https:\/\/teasense.ch\/it\/prodotto\/te-verde-al-gelsomino\/#primaryimage"},"image":{"@id":"https:\/\/teasense.ch\/it\/prodotto\/te-verde-al-gelsomino\/#primaryimage"},"thumbnailUrl":"https:\/\/teasense.ch\/wp-content\/uploads\/2025\/02\/China-Jasmin-Gruentee.png","datePublished":"2025-02-27T10:43:02+00:00","dateModified":"2026-05-04T14:25:59+00:00","description":"T\u00e8 verde al gelsomino \u2013 t\u00e8 verde delicato dal profumo floreale. Morbido ed equilibrato.","breadcrumb":{"@id":"https:\/\/teasense.ch\/it\/prodotto\/te-verde-al-gelsomino\/#breadcrumb"},"inLanguage":"it-CH","potentialAction":[{"@type":"ReadAction","target":["https:\/\/teasense.ch\/it\/prodotto\/te-verde-al-gelsomino\/"]}]},{"@type":"ImageObject","inLanguage":"it-CH","@id":"https:\/\/teasense.ch\/it\/prodotto\/te-verde-al-gelsomino\/#primaryimage","url":"https:\/\/teasense.ch\/wp-content\/uploads\/2025\/02\/China-Jasmin-Gruentee.png","contentUrl":"https:\/\/teasense.ch\/wp-content\/uploads\/2025\/02\/China-Jasmin-Gruentee.png","width":800,"height":800,"caption":"China Jasmin Gr\u00fcntee"},{"@type":"BreadcrumbList","@id":"https:\/\/teasense.ch\/it\/prodotto\/te-verde-al-gelsomino\/#breadcrumb","itemListElement":[{"@type":"ListItem","position":1,"name":"Startseite","item":"https:\/\/teasense.ch\/it\/"},{"@type":"ListItem","position":2,"name":"Ordina t\u00e8 online in Svizzera","item":"https:\/\/teasense.ch\/it\/shop\/"},{"@type":"ListItem","position":3,"name":"T\u00e8 verde al gelsomino"}]},{"@type":"WebSite","@id":"https:\/\/teasense.ch\/it\/#website","url":"https:\/\/teasense.ch\/it\/","name":"TeaSense.ch","description":"Nat\u00fcrliche Teemischungen und klassischer Tee","publisher":{"@id":"https:\/\/teasense.ch\/it\/#organization"},"alternateName":"TeaSense","potentialAction":[{"@type":"SearchAction","target":{"@type":"EntryPoint","urlTemplate":"https:\/\/teasense.ch\/it\/?s={search_term_string}"},"query-input":{"@type":"PropertyValueSpecification","valueRequired":true,"valueName":"search_term_string"}}],"inLanguage":"it-CH"},{"@type":"Organization","@id":"https:\/\/teasense.ch\/it\/#organization","name":"Reale Selection","alternateName":"TeaSense.ch","url":"https:\/\/teasense.ch\/it\/","logo":{"@type":"ImageObject","inLanguage":"it-CH","@id":"https:\/\/teasense.ch\/it\/#\/schema\/logo\/image\/","url":"https:\/\/teasense.ch\/wp-content\/uploads\/2023\/07\/cropped-logo-teasense-kategorie-onlineshop-alle-produkte.jpg","contentUrl":"https:\/\/teasense.ch\/wp-content\/uploads\/2023\/07\/cropped-logo-teasense-kategorie-onlineshop-alle-produkte.jpg","width":512,"height":512,"caption":"Reale Selection"},"image":{"@id":"https:\/\/teasense.ch\/it\/#\/schema\/logo\/image\/"},"sameAs":["https:\/\/www.facebook.com\/teasense.ch"]}]}},"jetpack-related-posts":[{"id":48561,"url":"https:\/\/teasense.ch\/it\/prodotto\/tazza-mate-ceramica-verde-marmorizzato\/","url_meta":{"origin":49626,"position":0},"title":"Tazza mate in ceramica \u2013 verde marmorizzato","author":"Reale Selection","date":"10. November 2025","format":false,"excerpt":"Materiale: ceramica Colore: smalto verde marmorizzato Capacit\u00e0: 350 ml","rel":"","context":"Similar post","block_context":{"text":"Similar post","link":""},"img":{"alt_text":"Mate Becher aus Keramik mit Marmor Design Gr\u00fcn","src":"https:\/\/i0.wp.com\/teasense.ch\/wp-content\/uploads\/2025\/11\/mate-becher-keramik.png?resize=350%2C200&ssl=1","width":350,"height":200,"srcset":"https:\/\/i0.wp.com\/teasense.ch\/wp-content\/uploads\/2025\/11\/mate-becher-keramik.png?resize=350%2C200&ssl=1 1x, https:\/\/i0.wp.com\/teasense.ch\/wp-content\/uploads\/2025\/11\/mate-becher-keramik.png?resize=525%2C300&ssl=1 1.5x, https:\/\/i0.wp.com\/teasense.ch\/wp-content\/uploads\/2025\/11\/mate-becher-keramik.png?resize=700%2C400&ssl=1 2x"},"classes":[]},{"id":49051,"url":"https:\/\/teasense.ch\/it\/prodotto\/pekoe-te-nero-gorreana\/","url_meta":{"origin":49626,"position":1},"title":"Pekoe \u2013 T\u00e8 nero Gorreana","author":"Reale Selection","date":"20. August 2025","format":false,"excerpt":"Preparazione t\u00e8 nero Pekoe \u2013 Gorreana \ud83e\udd44 1\u20132 cucchiaini colmi (ca. 2 g) per 200 ml d\u2019acqua\ud83c\udf21\ufe0f 100 \u00b0C\u23f3 6\u201310 minuti","rel":"","context":"Similar post","block_context":{"text":"Similar post","link":""},"img":{"alt_text":"schwarzertee pekoe aus den Azoren Portugal","src":"https:\/\/i0.wp.com\/teasense.ch\/wp-content\/uploads\/2025\/08\/schwarzertee-pekoe.png?resize=350%2C200&ssl=1","width":350,"height":200,"srcset":"https:\/\/i0.wp.com\/teasense.ch\/wp-content\/uploads\/2025\/08\/schwarzertee-pekoe.png?resize=350%2C200&ssl=1 1x, https:\/\/i0.wp.com\/teasense.ch\/wp-content\/uploads\/2025\/08\/schwarzertee-pekoe.png?resize=525%2C300&ssl=1 1.5x, https:\/\/i0.wp.com\/teasense.ch\/wp-content\/uploads\/2025\/08\/schwarzertee-pekoe.png?resize=700%2C400&ssl=1 2x"},"classes":[]},{"id":48467,"url":"https:\/\/teasense.ch\/it\/prodotto\/cucchiaio-te-legno-7-cm\/","url_meta":{"origin":49626,"position":2},"title":"Cucchiaio da t\u00e8 in legno 7 cm","author":"Reale Selection","date":"16. November 2025","format":false,"excerpt":"Lunghezza: 7 cm Materiale: legno","rel":"","context":"Similar post","block_context":{"text":"Similar post","link":""},"img":{"alt_text":"Teeschaufel aus Holz 7 cm f\u00fcr Losen Tee oder Gew\u00fcrze","src":"https:\/\/i0.wp.com\/teasense.ch\/wp-content\/uploads\/2025\/11\/teeschaufel-aus-holz-7-cm.png?resize=350%2C200&ssl=1","width":350,"height":200,"srcset":"https:\/\/i0.wp.com\/teasense.ch\/wp-content\/uploads\/2025\/11\/teeschaufel-aus-holz-7-cm.png?resize=350%2C200&ssl=1 1x, https:\/\/i0.wp.com\/teasense.ch\/wp-content\/uploads\/2025\/11\/teeschaufel-aus-holz-7-cm.png?resize=525%2C300&ssl=1 1.5x, https:\/\/i0.wp.com\/teasense.ch\/wp-content\/uploads\/2025\/11\/teeschaufel-aus-holz-7-cm.png?resize=700%2C400&ssl=1 2x"},"classes":[]},{"id":49044,"url":"https:\/\/teasense.ch\/it\/prodotto\/sho-cha-matcha-n-1\/","url_meta":{"origin":49626,"position":3},"title":"Sho Cha Matcha N. 1","author":"Reale Selection","date":"31. August 2025","format":false,"excerpt":"\ud83e\udd44 1 cucchiaino per 75\u2013125 ml d\u2019acqua \ud83c\udf21\ufe0f 60\u201370 \u00b0C \u23f3 montare fino a ottenere una schiuma fine","rel":"","context":"Similar post","block_context":{"text":"Similar post","link":""},"img":{"alt_text":"Sho Cha Matcha Nr. 1 Japan 30g","src":"https:\/\/i0.wp.com\/teasense.ch\/wp-content\/uploads\/2025\/08\/sho-cha-matcha-nr.-1-japan-30g.png?resize=350%2C200&ssl=1","width":350,"height":200,"srcset":"https:\/\/i0.wp.com\/teasense.ch\/wp-content\/uploads\/2025\/08\/sho-cha-matcha-nr.-1-japan-30g.png?resize=350%2C200&ssl=1 1x, https:\/\/i0.wp.com\/teasense.ch\/wp-content\/uploads\/2025\/08\/sho-cha-matcha-nr.-1-japan-30g.png?resize=525%2C300&ssl=1 1.5x, https:\/\/i0.wp.com\/teasense.ch\/wp-content\/uploads\/2025\/08\/sho-cha-matcha-nr.-1-japan-30g.png?resize=700%2C400&ssl=1 2x"},"classes":[]},{"id":49054,"url":"https:\/\/teasense.ch\/it\/prodotto\/encosta-de-bruma-te-verde-delle-azzorre\/","url_meta":{"origin":49626,"position":4},"title":"Encosta de Bruma \u2013 T\u00e8 verde delle Azzorre","author":"Reale Selection","date":"20. August 2025","format":false,"excerpt":"Preparazione Encosta de Bruma \u2013 t\u00e8 verde delle Azzorre \ud83e\udd44 1\u20132 cucchiaini colmi (ca. 2 g) per 200 ml d\u2019acqua\ud83c\udf21\ufe0f 75\u201380 \u00b0C\u23f3 2\u20133 minuti","rel":"","context":"Similar post","block_context":{"text":"Similar post","link":""},"img":{"alt_text":"Encosta de Bruma - Azoren Gr\u00fcntee","src":"https:\/\/i0.wp.com\/teasense.ch\/wp-content\/uploads\/2025\/08\/encosta-de-bruma-azoren-gruentee.png?resize=350%2C200&ssl=1","width":350,"height":200,"srcset":"https:\/\/i0.wp.com\/teasense.ch\/wp-content\/uploads\/2025\/08\/encosta-de-bruma-azoren-gruentee.png?resize=350%2C200&ssl=1 1x, https:\/\/i0.wp.com\/teasense.ch\/wp-content\/uploads\/2025\/08\/encosta-de-bruma-azoren-gruentee.png?resize=525%2C300&ssl=1 1.5x, https:\/\/i0.wp.com\/teasense.ch\/wp-content\/uploads\/2025\/08\/encosta-de-bruma-azoren-gruentee.png?resize=700%2C400&ssl=1 2x"},"classes":[]},{"id":48459,"url":"https:\/\/teasense.ch\/it\/prodotto\/composizione-te\/","url_meta":{"origin":49626,"position":5},"title":"Composizione di t\u00e8","author":"Reale Selection","date":"16. December 2025","format":false,"excerpt":"Preparazione Composizione di t\u00e8 \ud83e\udd44 1\u20132 cucchiaini per tazza (12 g per litro)\ud83c\udf21\ufe0f 100 \u00b0C\u23f3 3 minuti","rel":"","context":"Similar post","block_context":{"text":"Similar post","link":""},"img":{"alt_text":"Tee Trilogie \u2013 Schwarz-, Gr\u00fcn- und Pu-Erh-Tee","src":"https:\/\/i0.wp.com\/teasense.ch\/wp-content\/uploads\/2025\/12\/tee-trilogie-%E2%80%93-schwarz-gruen-und-pu-erh-tee.png?resize=350%2C200&ssl=1","width":350,"height":200,"srcset":"https:\/\/i0.wp.com\/teasense.ch\/wp-content\/uploads\/2025\/12\/tee-trilogie-%E2%80%93-schwarz-gruen-und-pu-erh-tee.png?resize=350%2C200&ssl=1 1x, https:\/\/i0.wp.com\/teasense.ch\/wp-content\/uploads\/2025\/12\/tee-trilogie-%E2%80%93-schwarz-gruen-und-pu-erh-tee.png?resize=525%2C300&ssl=1 1.5x, https:\/\/i0.wp.com\/teasense.ch\/wp-content\/uploads\/2025\/12\/tee-trilogie-%E2%80%93-schwarz-gruen-und-pu-erh-tee.png?resize=700%2C400&ssl=1 2x"},"classes":[]}],"jetpack_sharing_enabled":true,"jetpack_likes_enabled":false,"_links":{"self":[{"href":"https:\/\/teasense.ch\/it\/wp-json\/wp\/v2\/product\/49626","targetHints":{"allow":["GET"]}}],"collection":[{"href":"https:\/\/teasense.ch\/it\/wp-json\/wp\/v2\/product"}],"about":[{"href":"https:\/\/teasense.ch\/it\/wp-json\/wp\/v2\/types\/product"}],"replies":[{"embeddable":true,"href":"https:\/\/teasense.ch\/it\/wp-json\/wp\/v2\/comments?post=49626"}],"wp:featuredmedia":[{"embeddable":true,"href":"https:\/\/teasense.ch\/it\/wp-json\/wp\/v2\/media\/44289"}],"wp:attachment":[{"href":"https:\/\/teasense.ch\/it\/wp-json\/wp\/v2\/media?parent=49626"}],"wp:term":[{"taxonomy":"product_brand","embeddable":true,"href":"https:\/\/teasense.ch\/it\/wp-json\/wp\/v2\/product_brand?post=49626"},{"taxonomy":"product_cat","embeddable":true,"href":"https:\/\/teasense.ch\/it\/wp-json\/wp\/v2\/product_cat?post=49626"},{"taxonomy":"product_tag","embeddable":true,"href":"https:\/\/teasense.ch\/it\/wp-json\/wp\/v2\/product_tag?post=49626"}],"curies":[{"name":"wp","href":"https:\/\/api.w.org\/{rel}","templated":true}]}}