{"id":49643,"date":"2025-02-27T09:27:05","date_gmt":"2025-02-27T08:27:05","guid":{"rendered":"https:\/\/teasense.ch\/produkt\/te-nero-nilgiri-op-parkside\/"},"modified":"2026-05-05T11:52:40","modified_gmt":"2026-05-05T09:52:40","slug":"te-nero-nilgiri-op-parkside","status":"publish","type":"product","link":"https:\/\/teasense.ch\/it\/prodotto\/te-nero-nilgiri-op-parkside\/","title":{"rendered":"T\u00e8 nero Nilgiri OP Parkside"},"content":{"rendered":"<h2>T\u00e8 nero Nilgiri OP Parkside<\/h2>\n<p>Il t\u00e8 nero Nilgiri OP Parkside proviene dalle montagne Nilgiri nel sud dell\u2019India. Le condizioni di coltivazione in alta quota permettono alle foglie di sviluppare lentamente un profilo aromatico raffinato.<\/p>\n<p>Si distingue per una tazza limpida dal colore ramato e un aroma fresco con leggere note floreali. Il gusto \u00e8 morbido, con una delicata speziatura e una lieve dolcezza naturale. Pu\u00f2 essere gustato puro oppure come base per t\u00e8 con latte.<\/p>\n<p>Per una preparazione ideale, usa 1 cucchiaino (circa 2 g) per 200 ml di acqua a 90\u201395 \u00b0C. Dopo 3\u20135 minuti di infusione, il t\u00e8 sviluppa un equilibrio armonioso tra freschezza floreale e dolcezza. Per un gusto pi\u00f9 intenso, prolunga l\u2019infusione.<\/p>\n<p>Ottimo sia caldo che come t\u00e8 freddo.<\/p>\n<h3>Perch\u00e9 scegliere questo t\u00e8 nero Nilgiri?<\/h3>\n<ul>\n<li><strong>T\u00e8 nero di qualit\u00e0 dall\u2019India del sud<\/strong> \u2013 aroma fine e tazza limpida<\/li>\n<li><strong>Fresco e aromatico<\/strong> \u2013 con leggere note floreali<\/li>\n<li><strong>Versatile<\/strong> \u2013 da gustare puro, con latte o freddo<\/li>\n<li><strong>Lavorazione accurata<\/strong> \u2013 qualit\u00e0 costante<\/li>\n<\/ul>\n<h3>Conservazione<\/h3>\n<p>Conservare in luogo fresco, asciutto e al riparo dalla luce. Un contenitore ermetico aiuta a mantenere l\u2019aroma.<\/p>\n","protected":false},"excerpt":{"rendered":"<p>T\u00e8 nero dalle montagne Nilgiri nel sud dell\u2019India<\/p>\n<h4>Preparazione t\u00e8 nero Nilgiri OP Parkside<\/h4>\n<p>\ud83e\udd44 1 cucchiaino (ca. 2 g) per 200 ml acqua<br \/>\n\ud83c\udf21\ufe0f 90 &#8211; 95 \u00b0C<br \/>\n\u23f3 3 &#8211; 5 minuti<\/p>\n","protected":false},"featured_media":44263,"comment_status":"open","ping_status":"closed","template":"","meta":{"_et_pb_use_builder":"","_et_pb_old_content":"","_et_gb_content_width":""},"product_brand":[],"product_cat":[374,339,340],"product_tag":[],"class_list":{"0":"post-49643","1":"product","2":"type-product","3":"status-publish","4":"has-post-thumbnail","6":"product_cat-te-nero","7":"product_cat-te-sfuso","8":"product_cat-tutti-prodotti","9":"pa_herkunft-india","10":"pa_weight-100-g","11":"pa_weight-200-g","12":"pa_weight-400-g","13":"pa_weight-50-g","15":"first","16":"instock","17":"shipping-taxable","18":"purchasable","19":"product-type-variable","20":"has-default-attributes","21":"add-to-wishlist-before_image"},"yoast_head":"<!-- This site is optimized with the Yoast SEO plugin v27.5 - https:\/\/yoast.com\/product\/yoast-seo-wordpress\/ -->\n<title>T\u00e8 nero Nilgiri OP Parkside - TeaSense.ch<\/title>\n<meta name=\"description\" content=\"T\u00e8 nero Nilgiri OP Parkside \u2013 t\u00e8 nero raffinato dal sud dell\u2019India con note floreali e tazza ramata.\" \/>\n<meta name=\"robots\" content=\"index, follow, max-snippet:-1, max-image-preview:large, max-video-preview:-1\" \/>\n<link rel=\"canonical\" href=\"https:\/\/teasense.ch\/it\/prodotto\/te-nero-nilgiri-op-parkside\/\" \/>\n<meta property=\"og:locale\" content=\"it_IT\" \/>\n<meta property=\"og:type\" content=\"article\" \/>\n<meta property=\"og:title\" content=\"T\u00e8 nero Nilgiri OP Parkside - TeaSense.ch\" \/>\n<meta property=\"og:description\" content=\"T\u00e8 nero Nilgiri OP Parkside \u2013 t\u00e8 nero raffinato dal sud dell\u2019India con note floreali e tazza ramata.\" \/>\n<meta property=\"og:url\" content=\"https:\/\/teasense.ch\/it\/prodotto\/te-nero-nilgiri-op-parkside\/\" \/>\n<meta property=\"og:site_name\" content=\"TeaSense.ch\" \/>\n<meta property=\"article:publisher\" content=\"https:\/\/www.facebook.com\/teasense.ch\" \/>\n<meta property=\"article:modified_time\" content=\"2026-05-05T09:52:40+00:00\" \/>\n<meta property=\"og:image\" content=\"https:\/\/teasense.ch\/wp-content\/uploads\/2025\/02\/hibiskus-tee-lose-und-aufgegossen-in-Tassen.png\" \/>\n\t<meta property=\"og:image:width\" content=\"800\" \/>\n\t<meta property=\"og:image:height\" content=\"800\" \/>\n\t<meta property=\"og:image:type\" content=\"image\/png\" \/>\n<meta name=\"twitter:card\" content=\"summary_large_image\" \/>\n<meta name=\"twitter:label1\" content=\"Est. reading time\" \/>\n\t<meta name=\"twitter:data1\" content=\"1 minute\" \/>\n<!-- \/ Yoast SEO plugin. -->","yoast_head_json":{"title":"T\u00e8 nero Nilgiri OP Parkside - TeaSense.ch","description":"T\u00e8 nero Nilgiri OP Parkside \u2013 t\u00e8 nero raffinato dal sud dell\u2019India con note floreali e tazza ramata.","robots":{"index":"index","follow":"follow","max-snippet":"max-snippet:-1","max-image-preview":"max-image-preview:large","max-video-preview":"max-video-preview:-1"},"canonical":"https:\/\/teasense.ch\/it\/prodotto\/te-nero-nilgiri-op-parkside\/","og_locale":"it_IT","og_type":"article","og_title":"T\u00e8 nero Nilgiri OP Parkside - TeaSense.ch","og_description":"T\u00e8 nero Nilgiri OP Parkside \u2013 t\u00e8 nero raffinato dal sud dell\u2019India con note floreali e tazza ramata.","og_url":"https:\/\/teasense.ch\/it\/prodotto\/te-nero-nilgiri-op-parkside\/","og_site_name":"TeaSense.ch","article_publisher":"https:\/\/www.facebook.com\/teasense.ch","article_modified_time":"2026-05-05T09:52:40+00:00","og_image":[{"width":800,"height":800,"url":"https:\/\/teasense.ch\/wp-content\/uploads\/2025\/02\/hibiskus-tee-lose-und-aufgegossen-in-Tassen.png","type":"image\/png"}],"twitter_card":"summary_large_image","twitter_misc":{"Est. reading time":"1 minute"},"schema":{"@context":"https:\/\/schema.org","@graph":[{"@type":"WebPage","@id":"https:\/\/teasense.ch\/it\/prodotto\/te-nero-nilgiri-op-parkside\/","url":"https:\/\/teasense.ch\/it\/prodotto\/te-nero-nilgiri-op-parkside\/","name":"T\u00e8 nero Nilgiri OP Parkside - TeaSense.ch","isPartOf":{"@id":"https:\/\/teasense.ch\/it\/#website"},"primaryImageOfPage":{"@id":"https:\/\/teasense.ch\/it\/prodotto\/te-nero-nilgiri-op-parkside\/#primaryimage"},"image":{"@id":"https:\/\/teasense.ch\/it\/prodotto\/te-nero-nilgiri-op-parkside\/#primaryimage"},"thumbnailUrl":"https:\/\/teasense.ch\/wp-content\/uploads\/2025\/02\/Schwarztee-Suedindien.png","datePublished":"2025-02-27T08:27:05+00:00","dateModified":"2026-05-05T09:52:40+00:00","description":"T\u00e8 nero Nilgiri OP Parkside \u2013 t\u00e8 nero raffinato dal sud dell\u2019India con note floreali e tazza ramata.","breadcrumb":{"@id":"https:\/\/teasense.ch\/it\/prodotto\/te-nero-nilgiri-op-parkside\/#breadcrumb"},"inLanguage":"it-CH","potentialAction":[{"@type":"ReadAction","target":["https:\/\/teasense.ch\/it\/prodotto\/te-nero-nilgiri-op-parkside\/"]}]},{"@type":"ImageObject","inLanguage":"it-CH","@id":"https:\/\/teasense.ch\/it\/prodotto\/te-nero-nilgiri-op-parkside\/#primaryimage","url":"https:\/\/teasense.ch\/wp-content\/uploads\/2025\/02\/Schwarztee-Suedindien.png","contentUrl":"https:\/\/teasense.ch\/wp-content\/uploads\/2025\/02\/Schwarztee-Suedindien.png","width":800,"height":800,"caption":"Nilgiri OP Parkside \u2013 S\u00fcdindien Schwarztee Loser Tee von den Nilgiri Bergen"},{"@type":"BreadcrumbList","@id":"https:\/\/teasense.ch\/it\/prodotto\/te-nero-nilgiri-op-parkside\/#breadcrumb","itemListElement":[{"@type":"ListItem","position":1,"name":"Startseite","item":"https:\/\/teasense.ch\/it\/"},{"@type":"ListItem","position":2,"name":"Ordina t\u00e8 online in Svizzera","item":"https:\/\/teasense.ch\/it\/shop\/"},{"@type":"ListItem","position":3,"name":"T\u00e8 nero Nilgiri OP Parkside"}]},{"@type":"WebSite","@id":"https:\/\/teasense.ch\/it\/#website","url":"https:\/\/teasense.ch\/it\/","name":"TeaSense.ch","description":"Nat\u00fcrliche Teemischungen und klassischer Tee","publisher":{"@id":"https:\/\/teasense.ch\/it\/#organization"},"alternateName":"TeaSense","potentialAction":[{"@type":"SearchAction","target":{"@type":"EntryPoint","urlTemplate":"https:\/\/teasense.ch\/it\/?s={search_term_string}"},"query-input":{"@type":"PropertyValueSpecification","valueRequired":true,"valueName":"search_term_string"}}],"inLanguage":"it-CH"},{"@type":"Organization","@id":"https:\/\/teasense.ch\/it\/#organization","name":"Reale Selection","alternateName":"TeaSense.ch","url":"https:\/\/teasense.ch\/it\/","logo":{"@type":"ImageObject","inLanguage":"it-CH","@id":"https:\/\/teasense.ch\/it\/#\/schema\/logo\/image\/","url":"https:\/\/teasense.ch\/wp-content\/uploads\/2023\/07\/cropped-logo-teasense-kategorie-onlineshop-alle-produkte.jpg","contentUrl":"https:\/\/teasense.ch\/wp-content\/uploads\/2023\/07\/cropped-logo-teasense-kategorie-onlineshop-alle-produkte.jpg","width":512,"height":512,"caption":"Reale Selection"},"image":{"@id":"https:\/\/teasense.ch\/it\/#\/schema\/logo\/image\/"},"sameAs":["https:\/\/www.facebook.com\/teasense.ch"]}]}},"jetpack-related-posts":[{"id":48150,"url":"https:\/\/teasense.ch\/it\/prodotto\/te-nero-vaniglia\/","url_meta":{"origin":49643,"position":0},"title":"T\u00e8 nero vaniglia","author":"Reale Selection","date":"17 December 2025","format":false,"excerpt":"Preparazione T\u00e8 nero vaniglia naturale \ud83e\udd44 1 \u2013 2 cucchiaini per tazza (12 g\/litro)\ud83c\udf21\ufe0f 100 \u00b0C\u23f3 3 minuti","rel":"","context":"Similar post","block_context":{"text":"Similar post","link":""},"img":{"alt_text":"Schwarztee Vanille Nat\u00fcrlich","src":"https:\/\/i0.wp.com\/teasense.ch\/wp-content\/uploads\/2025\/12\/vanille-schwarztee.png?resize=350%2C200&ssl=1","width":350,"height":200,"srcset":"https:\/\/i0.wp.com\/teasense.ch\/wp-content\/uploads\/2025\/12\/vanille-schwarztee.png?resize=350%2C200&ssl=1 1x, https:\/\/i0.wp.com\/teasense.ch\/wp-content\/uploads\/2025\/12\/vanille-schwarztee.png?resize=525%2C300&ssl=1 1.5x, https:\/\/i0.wp.com\/teasense.ch\/wp-content\/uploads\/2025\/12\/vanille-schwarztee.png?resize=700%2C400&ssl=1 2x"},"classes":[]},{"id":49797,"url":"https:\/\/teasense.ch\/it\/prodotto\/earl-grey-gelsomino\/","url_meta":{"origin":49643,"position":1},"title":"Earl Grey al gelsomino","author":"Reale Selection","date":"25 February 2025","format":false,"excerpt":"Preparazione Earl Grey al gelsomino \ud83e\udd44 2,5 g per 200 ml acqua \ud83c\udf21\ufe0f 90 - 95 \u00b0C \u23f3 3 - 5 minuti Consiglio \ud83d\udca1 Ridurre il tempo di infusione per un gusto pi\u00f9 delicato.","rel":"","context":"Similar post","block_context":{"text":"Similar post","link":""},"img":{"alt_text":"Earl Grey mit Jasminbl\u00fcten \u2013 Aromatisierter Schwarztee mit feiner Blumennote","src":"https:\/\/i0.wp.com\/teasense.ch\/wp-content\/uploads\/2025\/02\/Earl-Grey-mit-Jasminblueten.png?resize=350%2C200&ssl=1","width":350,"height":200,"srcset":"https:\/\/i0.wp.com\/teasense.ch\/wp-content\/uploads\/2025\/02\/Earl-Grey-mit-Jasminblueten.png?resize=350%2C200&ssl=1 1x, https:\/\/i0.wp.com\/teasense.ch\/wp-content\/uploads\/2025\/02\/Earl-Grey-mit-Jasminblueten.png?resize=525%2C300&ssl=1 1.5x, https:\/\/i0.wp.com\/teasense.ch\/wp-content\/uploads\/2025\/02\/Earl-Grey-mit-Jasminblueten.png?resize=700%2C400&ssl=1 2x"},"classes":[]},{"id":49051,"url":"https:\/\/teasense.ch\/it\/prodotto\/pekoe-te-nero-gorreana\/","url_meta":{"origin":49643,"position":2},"title":"Pekoe \u2013 T\u00e8 nero Gorreana","author":"Reale Selection","date":"20 August 2025","format":false,"excerpt":"Preparazione t\u00e8 nero Pekoe \u2013 Gorreana \ud83e\udd44 1\u20132 cucchiaini colmi (ca. 2 g) per 200 ml d\u2019acqua\ud83c\udf21\ufe0f 100 \u00b0C\u23f3 6\u201310 minuti","rel":"","context":"Similar post","block_context":{"text":"Similar post","link":""},"img":{"alt_text":"schwarzertee pekoe aus den Azoren Portugal","src":"https:\/\/i0.wp.com\/teasense.ch\/wp-content\/uploads\/2025\/08\/schwarzertee-pekoe.png?resize=350%2C200&ssl=1","width":350,"height":200,"srcset":"https:\/\/i0.wp.com\/teasense.ch\/wp-content\/uploads\/2025\/08\/schwarzertee-pekoe.png?resize=350%2C200&ssl=1 1x, https:\/\/i0.wp.com\/teasense.ch\/wp-content\/uploads\/2025\/08\/schwarzertee-pekoe.png?resize=525%2C300&ssl=1 1.5x, https:\/\/i0.wp.com\/teasense.ch\/wp-content\/uploads\/2025\/08\/schwarzertee-pekoe.png?resize=700%2C400&ssl=1 2x"},"classes":[]},{"id":48619,"url":"https:\/\/teasense.ch\/it\/prodotto\/te-nero-kenya-gfop-marinyn\/","url_meta":{"origin":49643,"position":3},"title":"T\u00e8 nero Kenya GFOP Marinyn","author":"Reale Selection","date":"13 October 2025","format":false,"excerpt":"Preparazione Kenya GFOP Marinyn \ud83e\udd441 cucchiaino per 200 ml\ud83c\udf21\ufe0f 100 \u00b0C\u23f3 3 minuti","rel":"","context":"Similar post","block_context":{"text":"Similar post","link":""},"img":{"alt_text":"Schwarztee aus Kenia loser Tee Kenya GFOP Marinyn","src":"https:\/\/i0.wp.com\/teasense.ch\/wp-content\/uploads\/2025\/10\/kenya-gfop-marinyn.png?resize=350%2C200&ssl=1","width":350,"height":200,"srcset":"https:\/\/i0.wp.com\/teasense.ch\/wp-content\/uploads\/2025\/10\/kenya-gfop-marinyn.png?resize=350%2C200&ssl=1 1x, https:\/\/i0.wp.com\/teasense.ch\/wp-content\/uploads\/2025\/10\/kenya-gfop-marinyn.png?resize=525%2C300&ssl=1 1.5x, https:\/\/i0.wp.com\/teasense.ch\/wp-content\/uploads\/2025\/10\/kenya-gfop-marinyn.png?resize=700%2C400&ssl=1 2x"},"classes":[]},{"id":48144,"url":"https:\/\/teasense.ch\/it\/prodotto\/te-nero-ciliegia-selvatica\/","url_meta":{"origin":49643,"position":4},"title":"T\u00e8 nero Ciliegia selvatica","author":"Reale Selection","date":"17 December 2025","format":false,"excerpt":"Preparazione T\u00e8 nero Ciliegia selvatica naturale \ud83e\udd44 1 \u2013 2 cucchiaini per tazza (12 g\/litro)\ud83c\udf21\ufe0f 100 \u00b0C\u23f3 3 minuti","rel":"","context":"Similar post","block_context":{"text":"Similar post","link":""},"img":{"alt_text":"Schwarztee Wildkirsche Nat\u00fcrliche Teemischung","src":"https:\/\/i0.wp.com\/teasense.ch\/wp-content\/uploads\/2025\/12\/schwarztee-wildkirsche.png?resize=350%2C200&ssl=1","width":350,"height":200,"srcset":"https:\/\/i0.wp.com\/teasense.ch\/wp-content\/uploads\/2025\/12\/schwarztee-wildkirsche.png?resize=350%2C200&ssl=1 1x, https:\/\/i0.wp.com\/teasense.ch\/wp-content\/uploads\/2025\/12\/schwarztee-wildkirsche.png?resize=525%2C300&ssl=1 1.5x, https:\/\/i0.wp.com\/teasense.ch\/wp-content\/uploads\/2025\/12\/schwarztee-wildkirsche.png?resize=700%2C400&ssl=1 2x"},"classes":[]},{"id":50238,"url":"https:\/\/teasense.ch\/it\/prodotto\/earl-grey-blue-royal\/","url_meta":{"origin":49643,"position":5},"title":"Earl Grey Blue Royal","author":"Reale Selection","date":"29 August 2023","format":false,"excerpt":"T\u00e8 nero aromatizzato naturalmente Preparazione Earl Grey Blue Royal \ud83e\udd44 2,5 g per 200 ml d\u2019acqua \ud83c\udf21\ufe0f 100 \u00b0C \u23f3 3\u20135 minuti","rel":"","context":"Similar post","block_context":{"text":"Similar post","link":""},"img":{"alt_text":"Lose Schwarzteemischung","src":"https:\/\/i0.wp.com\/teasense.ch\/wp-content\/uploads\/2023\/08\/earl-grey-blue-royal-plain.jpg?resize=350%2C200&ssl=1","width":350,"height":200,"srcset":"https:\/\/i0.wp.com\/teasense.ch\/wp-content\/uploads\/2023\/08\/earl-grey-blue-royal-plain.jpg?resize=350%2C200&ssl=1 1x, https:\/\/i0.wp.com\/teasense.ch\/wp-content\/uploads\/2023\/08\/earl-grey-blue-royal-plain.jpg?resize=525%2C300&ssl=1 1.5x, https:\/\/i0.wp.com\/teasense.ch\/wp-content\/uploads\/2023\/08\/earl-grey-blue-royal-plain.jpg?resize=700%2C400&ssl=1 2x"},"classes":[]}],"jetpack_sharing_enabled":true,"jetpack_likes_enabled":false,"_links":{"self":[{"href":"https:\/\/teasense.ch\/it\/wp-json\/wp\/v2\/product\/49643","targetHints":{"allow":["GET"]}}],"collection":[{"href":"https:\/\/teasense.ch\/it\/wp-json\/wp\/v2\/product"}],"about":[{"href":"https:\/\/teasense.ch\/it\/wp-json\/wp\/v2\/types\/product"}],"replies":[{"embeddable":true,"href":"https:\/\/teasense.ch\/it\/wp-json\/wp\/v2\/comments?post=49643"}],"wp:featuredmedia":[{"embeddable":true,"href":"https:\/\/teasense.ch\/it\/wp-json\/wp\/v2\/media\/44263"}],"wp:attachment":[{"href":"https:\/\/teasense.ch\/it\/wp-json\/wp\/v2\/media?parent=49643"}],"wp:term":[{"taxonomy":"product_brand","embeddable":true,"href":"https:\/\/teasense.ch\/it\/wp-json\/wp\/v2\/product_brand?post=49643"},{"taxonomy":"product_cat","embeddable":true,"href":"https:\/\/teasense.ch\/it\/wp-json\/wp\/v2\/product_cat?post=49643"},{"taxonomy":"product_tag","embeddable":true,"href":"https:\/\/teasense.ch\/it\/wp-json\/wp\/v2\/product_tag?post=49643"}],"curies":[{"name":"wp","href":"https:\/\/api.w.org\/{rel}","templated":true}]}}