{"id":49698,"date":"2024-10-22T15:37:22","date_gmt":"2024-10-22T13:37:22","guid":{"rendered":"https:\/\/teasense.ch\/produkt\/infuso-lavanda-e-frutti-di-bosco\/"},"modified":"2026-05-05T14:44:44","modified_gmt":"2026-05-05T12:44:44","slug":"infuso-lavanda-e-frutti-di-bosco","status":"publish","type":"product","link":"https:\/\/teasense.ch\/it\/prodotto\/infuso-lavanda-e-frutti-di-bosco\/","title":{"rendered":"Infuso lavanda e frutti di bosco"},"content":{"rendered":"<h2>Infuso lavanda e frutti di bosco \u2013 Gusto fruttato e floreale<\/h2>\n<p>Questo infuso unisce in modo armonioso aromi fruttati e floreali. Gli ingredienti selezionati creano un\u2019esperienza equilibrata e piacevole in ogni tazza.<\/p>\n<h3>Ingredienti selezionati<\/h3>\n<p>Contiene pezzi di mela, barbabietola, rosa canina, fiori di lavanda (5%), ibisco, mirtilli (2%), bacche di sambuco, aroma naturale di mirtillo e mora e petali di rosa. Questa combinazione offre un perfetto equilibrio tra dolcezza, freschezza e note floreali.<\/p>\n<h3>Perfetto in ogni momento<\/h3>\n<p>Adatto per ogni momento della giornata, caldo per rilassarsi o freddo come bevanda rinfrescante.<\/p>\n<h3>Preparazione<\/h3>\n<p>Usa 1 cucchiaino per tazza, versa acqua calda (100 \u00b0C) e lascia in infusione per 8\u201310 minuti. Gustalo al naturale o con un tocco di limone.<\/p>\n","protected":false},"excerpt":{"rendered":"<h4>Preparazione infuso lavanda e frutti di bosco<\/h4>\n<p>\ud83e\udd44 1 cucchiaino per tazza<br \/>\n\ud83c\udf21\ufe0f 100 \u00b0C<br \/>\n\u23f3 8 &#8211; 10 minuti<\/p>\n","protected":false},"featured_media":43496,"comment_status":"open","ping_status":"closed","template":"","meta":{"_et_pb_use_builder":"","_et_pb_old_content":"","_et_gb_content_width":""},"product_brand":[],"product_cat":[413,339,340],"product_tag":[],"class_list":{"0":"post-49698","1":"product","2":"type-product","3":"status-publish","4":"has-post-thumbnail","6":"product_cat-infuso-frutta","7":"product_cat-te-sfuso","8":"product_cat-tutti-prodotti","9":"pa_herkunft-germania","10":"pa_weight-100-g","11":"pa_weight-200-g","12":"pa_weight-400-g","13":"pa_weight-50-g","15":"first","16":"instock","17":"shipping-taxable","18":"purchasable","19":"product-type-variable","20":"has-default-attributes","21":"add-to-wishlist-before_image"},"yoast_head":"<!-- This site is optimized with the Yoast SEO plugin v27.5 - https:\/\/yoast.com\/product\/yoast-seo-wordpress\/ -->\n<title>Infuso lavanda e frutti di bosco - TeaSense.ch<\/title>\n<meta name=\"description\" content=\"Infuso lavanda e frutti di bosco \u2013 miscela fruttata e floreale con mela, ibisco e lavanda. \ud83c\udf38\ud83c\udf53\" \/>\n<meta name=\"robots\" content=\"index, follow, max-snippet:-1, max-image-preview:large, max-video-preview:-1\" \/>\n<link rel=\"canonical\" href=\"https:\/\/teasense.ch\/it\/prodotto\/infuso-lavanda-e-frutti-di-bosco\/\" \/>\n<meta property=\"og:locale\" content=\"it_IT\" \/>\n<meta property=\"og:type\" content=\"article\" \/>\n<meta property=\"og:title\" content=\"Infuso lavanda e frutti di bosco - TeaSense.ch\" \/>\n<meta property=\"og:description\" content=\"Infuso lavanda e frutti di bosco \u2013 miscela fruttata e floreale con mela, ibisco e lavanda. \ud83c\udf38\ud83c\udf53\" \/>\n<meta property=\"og:url\" content=\"https:\/\/teasense.ch\/it\/prodotto\/infuso-lavanda-e-frutti-di-bosco\/\" \/>\n<meta property=\"og:site_name\" content=\"TeaSense.ch\" \/>\n<meta property=\"article:publisher\" content=\"https:\/\/www.facebook.com\/teasense.ch\" \/>\n<meta property=\"article:modified_time\" content=\"2026-05-05T12:44:44+00:00\" \/>\n<meta property=\"og:image\" content=\"https:\/\/teasense.ch\/wp-content\/uploads\/2025\/02\/hibiskus-tee-lose-und-aufgegossen-in-Tassen.png\" \/>\n\t<meta property=\"og:image:width\" content=\"800\" \/>\n\t<meta property=\"og:image:height\" content=\"800\" \/>\n\t<meta property=\"og:image:type\" content=\"image\/png\" \/>\n<meta name=\"twitter:card\" content=\"summary_large_image\" \/>\n<meta name=\"twitter:label1\" content=\"Est. reading time\" \/>\n\t<meta name=\"twitter:data1\" content=\"1 minute\" \/>\n<!-- \/ Yoast SEO plugin. -->","yoast_head_json":{"title":"Infuso lavanda e frutti di bosco - TeaSense.ch","description":"Infuso lavanda e frutti di bosco \u2013 miscela fruttata e floreale con mela, ibisco e lavanda. \ud83c\udf38\ud83c\udf53","robots":{"index":"index","follow":"follow","max-snippet":"max-snippet:-1","max-image-preview":"max-image-preview:large","max-video-preview":"max-video-preview:-1"},"canonical":"https:\/\/teasense.ch\/it\/prodotto\/infuso-lavanda-e-frutti-di-bosco\/","og_locale":"it_IT","og_type":"article","og_title":"Infuso lavanda e frutti di bosco - TeaSense.ch","og_description":"Infuso lavanda e frutti di bosco \u2013 miscela fruttata e floreale con mela, ibisco e lavanda. \ud83c\udf38\ud83c\udf53","og_url":"https:\/\/teasense.ch\/it\/prodotto\/infuso-lavanda-e-frutti-di-bosco\/","og_site_name":"TeaSense.ch","article_publisher":"https:\/\/www.facebook.com\/teasense.ch","article_modified_time":"2026-05-05T12:44:44+00:00","og_image":[{"width":800,"height":800,"url":"https:\/\/teasense.ch\/wp-content\/uploads\/2025\/02\/hibiskus-tee-lose-und-aufgegossen-in-Tassen.png","type":"image\/png"}],"twitter_card":"summary_large_image","twitter_misc":{"Est. reading time":"1 minute"},"schema":{"@context":"https:\/\/schema.org","@graph":[{"@type":"WebPage","@id":"https:\/\/teasense.ch\/it\/prodotto\/infuso-lavanda-e-frutti-di-bosco\/","url":"https:\/\/teasense.ch\/it\/prodotto\/infuso-lavanda-e-frutti-di-bosco\/","name":"Infuso lavanda e frutti di bosco - TeaSense.ch","isPartOf":{"@id":"https:\/\/teasense.ch\/it\/#website"},"primaryImageOfPage":{"@id":"https:\/\/teasense.ch\/it\/prodotto\/infuso-lavanda-e-frutti-di-bosco\/#primaryimage"},"image":{"@id":"https:\/\/teasense.ch\/it\/prodotto\/infuso-lavanda-e-frutti-di-bosco\/#primaryimage"},"thumbnailUrl":"https:\/\/teasense.ch\/wp-content\/uploads\/2024\/10\/produktfoto.png","datePublished":"2024-10-22T13:37:22+00:00","dateModified":"2026-05-05T12:44:44+00:00","description":"Infuso lavanda e frutti di bosco \u2013 miscela fruttata e floreale con mela, ibisco e lavanda. \ud83c\udf38\ud83c\udf53","breadcrumb":{"@id":"https:\/\/teasense.ch\/it\/prodotto\/infuso-lavanda-e-frutti-di-bosco\/#breadcrumb"},"inLanguage":"it-CH","potentialAction":[{"@type":"ReadAction","target":["https:\/\/teasense.ch\/it\/prodotto\/infuso-lavanda-e-frutti-di-bosco\/"]}]},{"@type":"ImageObject","inLanguage":"it-CH","@id":"https:\/\/teasense.ch\/it\/prodotto\/infuso-lavanda-e-frutti-di-bosco\/#primaryimage","url":"https:\/\/teasense.ch\/wp-content\/uploads\/2024\/10\/produktfoto.png","contentUrl":"https:\/\/teasense.ch\/wp-content\/uploads\/2024\/10\/produktfoto.png","width":800,"height":800,"caption":"Lavendelbeeren Teemischung"},{"@type":"BreadcrumbList","@id":"https:\/\/teasense.ch\/it\/prodotto\/infuso-lavanda-e-frutti-di-bosco\/#breadcrumb","itemListElement":[{"@type":"ListItem","position":1,"name":"Startseite","item":"https:\/\/teasense.ch\/it\/"},{"@type":"ListItem","position":2,"name":"Ordina t\u00e8 online in Svizzera","item":"https:\/\/teasense.ch\/it\/shop\/"},{"@type":"ListItem","position":3,"name":"Infuso lavanda e frutti di bosco"}]},{"@type":"WebSite","@id":"https:\/\/teasense.ch\/it\/#website","url":"https:\/\/teasense.ch\/it\/","name":"TeaSense.ch","description":"Nat\u00fcrliche Teemischungen und klassischer Tee","publisher":{"@id":"https:\/\/teasense.ch\/it\/#organization"},"alternateName":"TeaSense","potentialAction":[{"@type":"SearchAction","target":{"@type":"EntryPoint","urlTemplate":"https:\/\/teasense.ch\/it\/?s={search_term_string}"},"query-input":{"@type":"PropertyValueSpecification","valueRequired":true,"valueName":"search_term_string"}}],"inLanguage":"it-CH"},{"@type":"Organization","@id":"https:\/\/teasense.ch\/it\/#organization","name":"Reale Selection","alternateName":"TeaSense.ch","url":"https:\/\/teasense.ch\/it\/","logo":{"@type":"ImageObject","inLanguage":"it-CH","@id":"https:\/\/teasense.ch\/it\/#\/schema\/logo\/image\/","url":"https:\/\/teasense.ch\/wp-content\/uploads\/2023\/07\/cropped-logo-teasense-kategorie-onlineshop-alle-produkte.jpg","contentUrl":"https:\/\/teasense.ch\/wp-content\/uploads\/2023\/07\/cropped-logo-teasense-kategorie-onlineshop-alle-produkte.jpg","width":512,"height":512,"caption":"Reale Selection"},"image":{"@id":"https:\/\/teasense.ch\/it\/#\/schema\/logo\/image\/"},"sameAs":["https:\/\/www.facebook.com\/teasense.ch"]}]}},"jetpack-related-posts":[{"id":49156,"url":"https:\/\/teasense.ch\/it\/prodotto\/menta-piperita-tagliata\/","url_meta":{"origin":49698,"position":0},"title":"Menta piperita tagliata","author":"Reale Selection","date":"13 May 2025","format":false,"excerpt":"Preparazione \ud83e\udd44 1 cucchiaino per tazza (12 g\/litro) \ud83c\udf21\ufe0f 100 \u00b0C \u23f3 5 minuti","rel":"","context":"Similar post","block_context":{"text":"Similar post","link":""},"img":{"alt_text":"Pfefferminze geschnitten","src":"https:\/\/i0.wp.com\/teasense.ch\/wp-content\/uploads\/2025\/05\/Pfefferminze-geschnitten.png?resize=350%2C200&ssl=1","width":350,"height":200,"srcset":"https:\/\/i0.wp.com\/teasense.ch\/wp-content\/uploads\/2025\/05\/Pfefferminze-geschnitten.png?resize=350%2C200&ssl=1 1x, https:\/\/i0.wp.com\/teasense.ch\/wp-content\/uploads\/2025\/05\/Pfefferminze-geschnitten.png?resize=525%2C300&ssl=1 1.5x, https:\/\/i0.wp.com\/teasense.ch\/wp-content\/uploads\/2025\/05\/Pfefferminze-geschnitten.png?resize=700%2C400&ssl=1 2x"},"classes":[]},{"id":48798,"url":"https:\/\/teasense.ch\/it\/prodotto\/sapori-autunno-infuso-frutta\/","url_meta":{"origin":49698,"position":1},"title":"Sapori d\u2019autunno \u2013 Infuso di frutta","author":"Reale Selection","date":"30 September 2025","format":false,"excerpt":"Preparazione infuso Sapori d\u2019autunno \ud83e\udd44 12\u201315 g\/l \ud83c\udf21\ufe0f 100 \u00b0C \u23f3 7\u201310 minuti","rel":"","context":"Similar post","block_context":{"text":"Similar post","link":""},"img":{"alt_text":"Herbstgef\u00fchle - Fr\u00fcchtetee, loser Fr\u00fcchtetee mit Kr\u00e4utern","src":"https:\/\/i0.wp.com\/teasense.ch\/wp-content\/uploads\/2025\/09\/herbst1.png?resize=350%2C200&ssl=1","width":350,"height":200,"srcset":"https:\/\/i0.wp.com\/teasense.ch\/wp-content\/uploads\/2025\/09\/herbst1.png?resize=350%2C200&ssl=1 1x, https:\/\/i0.wp.com\/teasense.ch\/wp-content\/uploads\/2025\/09\/herbst1.png?resize=525%2C300&ssl=1 1.5x, https:\/\/i0.wp.com\/teasense.ch\/wp-content\/uploads\/2025\/09\/herbst1.png?resize=700%2C400&ssl=1 2x"},"classes":[]},{"id":49886,"url":"https:\/\/teasense.ch\/it\/prodotto\/infuso-armonia-con-mate\/","url_meta":{"origin":49698,"position":2},"title":"Infuso Armonia con mate","author":"Reale Selection","date":"25 February 2025","format":false,"excerpt":"Preparazione infuso Armonia con mate \ud83e\udd44 1 - 2 cucchiaini colmi (ca. 2 g) per 200 ml acqua \ud83c\udf21\ufe0f 100 \u00b0C \u23f3 6 - 10 minuti","rel":"","context":"Similar post","block_context":{"text":"Similar post","link":""},"img":{"alt_text":"Harmonie Kr\u00e4utertee \u2013 Sanfte Kr\u00e4utermischung mit Mate","src":"https:\/\/i0.wp.com\/teasense.ch\/wp-content\/uploads\/2025\/02\/Harmonie-Kraeutertee-%E2%80%93-Sanfte-Kraeutermischung-mit-Mate.png?resize=350%2C200&ssl=1","width":350,"height":200,"srcset":"https:\/\/i0.wp.com\/teasense.ch\/wp-content\/uploads\/2025\/02\/Harmonie-Kraeutertee-%E2%80%93-Sanfte-Kraeutermischung-mit-Mate.png?resize=350%2C200&ssl=1 1x, https:\/\/i0.wp.com\/teasense.ch\/wp-content\/uploads\/2025\/02\/Harmonie-Kraeutertee-%E2%80%93-Sanfte-Kraeutermischung-mit-Mate.png?resize=525%2C300&ssl=1 1.5x, https:\/\/i0.wp.com\/teasense.ch\/wp-content\/uploads\/2025\/02\/Harmonie-Kraeutertee-%E2%80%93-Sanfte-Kraeutermischung-mit-Mate.png?resize=700%2C400&ssl=1 2x"},"classes":[]},{"id":49008,"url":"https:\/\/teasense.ch\/it\/prodotto\/tisana-di-olmaria\/","url_meta":{"origin":49698,"position":3},"title":"Tisana di Olmaria","author":"Reale Selection","date":"14 September 2025","format":false,"excerpt":"\ud83e\udd44 1\u20132 cucchiaini per tazza \ud83c\udf21\ufe0f 95\u2013100 \u00b0C \u23f3 8\u201310 minuti","rel":"","context":"Similar post","block_context":{"text":"Similar post","link":""},"img":{"alt_text":"M\u00e4des\u00fcssbl\u00fcten mit Kraut bio gerebelt, Spierblume, Wiesengeissbart, spireae ulmariae flos cum herba","src":"https:\/\/i0.wp.com\/teasense.ch\/wp-content\/uploads\/2025\/09\/maedesuessblueten-mit-kraut-bio-gerebelt-spierblume-wiesengeissbart-spireae-ulmariae-flos-cum-herba.png?resize=350%2C200&ssl=1","width":350,"height":200,"srcset":"https:\/\/i0.wp.com\/teasense.ch\/wp-content\/uploads\/2025\/09\/maedesuessblueten-mit-kraut-bio-gerebelt-spierblume-wiesengeissbart-spireae-ulmariae-flos-cum-herba.png?resize=350%2C200&ssl=1 1x, https:\/\/i0.wp.com\/teasense.ch\/wp-content\/uploads\/2025\/09\/maedesuessblueten-mit-kraut-bio-gerebelt-spierblume-wiesengeissbart-spireae-ulmariae-flos-cum-herba.png?resize=525%2C300&ssl=1 1.5x, https:\/\/i0.wp.com\/teasense.ch\/wp-content\/uploads\/2025\/09\/maedesuessblueten-mit-kraut-bio-gerebelt-spierblume-wiesengeissbart-spireae-ulmariae-flos-cum-herba.png?resize=700%2C400&ssl=1 2x"},"classes":[]},{"id":49574,"url":"https:\/\/teasense.ch\/it\/prodotto\/tisana-frutta-bambini\/","url_meta":{"origin":49698,"position":4},"title":"Tisana alla frutta per bambini","author":"Reale Selection","date":"22 October 2024","format":false,"excerpt":"Il classico, senza aromi aggiunti e senza caffeina. Preparazione tisana alla frutta per bambini \ud83e\udd44 1 cucchiaino per tazza \ud83c\udf21\ufe0f 100\u00b0C \u23f3 6 - 10 minuti","rel":"","context":"Similar post","block_context":{"text":"Similar post","link":""},"img":{"alt_text":"Kinderfr\u00fcchtetee Natur","src":"https:\/\/i0.wp.com\/teasense.ch\/wp-content\/uploads\/2024\/10\/kinderfruechtetee.png?resize=350%2C200&ssl=1","width":350,"height":200,"srcset":"https:\/\/i0.wp.com\/teasense.ch\/wp-content\/uploads\/2024\/10\/kinderfruechtetee.png?resize=350%2C200&ssl=1 1x, https:\/\/i0.wp.com\/teasense.ch\/wp-content\/uploads\/2024\/10\/kinderfruechtetee.png?resize=525%2C300&ssl=1 1.5x, https:\/\/i0.wp.com\/teasense.ch\/wp-content\/uploads\/2024\/10\/kinderfruechtetee.png?resize=700%2C400&ssl=1 2x"},"classes":[]},{"id":49856,"url":"https:\/\/teasense.ch\/it\/prodotto\/infuso-ayurveda-pitta-erbe-e-spezie\/","url_meta":{"origin":49698,"position":5},"title":"Infuso Ayurveda Pitta erbe e spezie","author":"Reale Selection","date":"26 March 2024","format":false,"excerpt":"Dosha fuoco e acqua Preparazione infuso Ayurveda Pitta \ud83e\udd44 2 g (circa 1 cucchiaino) per 200 ml acqua \ud83c\udf21\ufe0f 70 \u2013 80 \u00b0C \u23f3 5 \u2013 7 minuti","rel":"","context":"Similar post","block_context":{"text":"Similar post","link":""},"img":{"alt_text":"Ayurveda Pitta Kr\u00e4uter- und Gew\u00fcrztee","src":"https:\/\/i0.wp.com\/teasense.ch\/wp-content\/uploads\/2024\/03\/Ayurveda-Pitta-Kraeuter-und-Gewuerztee.png?resize=350%2C200&ssl=1","width":350,"height":200,"srcset":"https:\/\/i0.wp.com\/teasense.ch\/wp-content\/uploads\/2024\/03\/Ayurveda-Pitta-Kraeuter-und-Gewuerztee.png?resize=350%2C200&ssl=1 1x, https:\/\/i0.wp.com\/teasense.ch\/wp-content\/uploads\/2024\/03\/Ayurveda-Pitta-Kraeuter-und-Gewuerztee.png?resize=525%2C300&ssl=1 1.5x, https:\/\/i0.wp.com\/teasense.ch\/wp-content\/uploads\/2024\/03\/Ayurveda-Pitta-Kraeuter-und-Gewuerztee.png?resize=700%2C400&ssl=1 2x"},"classes":[]}],"jetpack_sharing_enabled":true,"jetpack_likes_enabled":false,"_links":{"self":[{"href":"https:\/\/teasense.ch\/it\/wp-json\/wp\/v2\/product\/49698","targetHints":{"allow":["GET"]}}],"collection":[{"href":"https:\/\/teasense.ch\/it\/wp-json\/wp\/v2\/product"}],"about":[{"href":"https:\/\/teasense.ch\/it\/wp-json\/wp\/v2\/types\/product"}],"replies":[{"embeddable":true,"href":"https:\/\/teasense.ch\/it\/wp-json\/wp\/v2\/comments?post=49698"}],"wp:featuredmedia":[{"embeddable":true,"href":"https:\/\/teasense.ch\/it\/wp-json\/wp\/v2\/media\/43496"}],"wp:attachment":[{"href":"https:\/\/teasense.ch\/it\/wp-json\/wp\/v2\/media?parent=49698"}],"wp:term":[{"taxonomy":"product_brand","embeddable":true,"href":"https:\/\/teasense.ch\/it\/wp-json\/wp\/v2\/product_brand?post=49698"},{"taxonomy":"product_cat","embeddable":true,"href":"https:\/\/teasense.ch\/it\/wp-json\/wp\/v2\/product_cat?post=49698"},{"taxonomy":"product_tag","embeddable":true,"href":"https:\/\/teasense.ch\/it\/wp-json\/wp\/v2\/product_tag?post=49698"}],"curies":[{"name":"wp","href":"https:\/\/api.w.org\/{rel}","templated":true}]}}