{"id":49814,"date":"2024-10-23T15:07:10","date_gmt":"2024-10-23T13:07:10","guid":{"rendered":"https:\/\/teasense.ch\/produkt\/te-bianco-china-yunnan-mao-feng\/"},"modified":"2026-05-06T09:50:51","modified_gmt":"2026-05-06T07:50:51","slug":"te-bianco-china-yunnan-mao-feng","status":"publish","type":"product","link":"https:\/\/teasense.ch\/it\/prodotto\/te-bianco-china-yunnan-mao-feng\/","title":{"rendered":"T\u00e8 bianco China Yunnan Mao Feng"},"content":{"rendered":"<h2>T\u00e8 bianco China Yunnan Mao Feng \u2013 T\u00e8 bianco elegante con punte delicate<\/h2>\n<p>Il China Yunnan White Mao Feng \u00e8 un raffinato t\u00e8 bianco proveniente dalla celebre regione dello Yunnan in Cina. Lavorato a mano con grande cura, si distingue per le sue pregiate punte bianche.<\/p>\n<h3>Le particolarit\u00e0 del White Mao Feng<\/h3>\n<p>L\u2019infuso presenta un colore dorato chiaro e un aroma delicatamente floreale. Il gusto unisce note floreali a una dolcezza naturale molto elegante.<\/p>\n<p>Per ottenere il miglior risultato, preparalo con acqua a <strong>80 \u00b0C per 2\u20133 minuti<\/strong>.<\/p>\n<h3>Momenti di degustazione<\/h3>\n<p>Questo t\u00e8 bianco \u00e8 ideale per momenti di relax o occasioni speciali. Una scorza di limone pu\u00f2 esaltarne le note floreali.<\/p>\n<h3>Il significato di \u201cMao Feng\u201d<\/h3>\n<p>Il termine \u201cMao Feng\u201d si riferisce alle sottili punte pelose tipiche dei t\u00e8 di alta qualit\u00e0.<\/p>\n","protected":false},"excerpt":{"rendered":"<p><strong><span style=\"color: #ff0000;\">Sconto per TMC 31.08.2026<\/span><\/strong><\/p>\n<p>Delicato t\u00e8 bianco con punte pregiate<\/p>\n<h3>Preparazione China Yunnan White Mao Feng<\/h3>\n<p>\ud83e\udd44 1 cucchiaino (ca. 2 g) per tazza<br \/>\n\ud83c\udf21\ufe0f 80 \u00b0C<br \/>\n\u23f3 2 &#8211; 3 minuti<\/p>\n","protected":false},"featured_media":43383,"comment_status":"open","ping_status":"closed","template":"","meta":{"_et_pb_use_builder":"","_et_pb_old_content":"","_et_gb_content_width":""},"product_brand":[],"product_cat":[446,434,339,340],"product_tag":[],"class_list":{"0":"post-49814","1":"product","2":"type-product","3":"status-publish","4":"has-post-thumbnail","6":"product_cat-offerte","7":"product_cat-te-bianco","8":"product_cat-te-sfuso","9":"product_cat-tutti-prodotti","10":"pa_herkunft-cina","11":"pa_weight-100-g","12":"pa_weight-20-g","13":"pa_weight-200-g","14":"pa_weight-50-g","16":"first","17":"instock","18":"sale","19":"shipping-taxable","20":"purchasable","21":"product-type-variable","22":"has-default-attributes","23":"add-to-wishlist-before_image"},"yoast_head":"<!-- This site is optimized with the Yoast SEO plugin v27.5 - https:\/\/yoast.com\/product\/yoast-seo-wordpress\/ -->\n<title>T\u00e8 bianco China Yunnan Mao Feng - TeaSense.ch - Tee Shop Schweiz<\/title>\n<meta name=\"description\" content=\"T\u00e8 bianco China Yunnan Mao Feng \u2013 t\u00e8 bianco elegante con delicate note floreali e pregiate punte argentate. \ud83c\udf43\" \/>\n<meta name=\"robots\" content=\"index, follow, max-snippet:-1, max-image-preview:large, max-video-preview:-1\" \/>\n<link rel=\"canonical\" href=\"https:\/\/teasense.ch\/it\/prodotto\/te-bianco-china-yunnan-mao-feng\/\" \/>\n<meta property=\"og:locale\" content=\"it_IT\" \/>\n<meta property=\"og:type\" content=\"article\" \/>\n<meta property=\"og:title\" content=\"T\u00e8 bianco China Yunnan Mao Feng - TeaSense.ch - Tee Shop Schweiz\" \/>\n<meta property=\"og:description\" content=\"T\u00e8 bianco China Yunnan Mao Feng \u2013 t\u00e8 bianco elegante con delicate note floreali e pregiate punte argentate. \ud83c\udf43\" \/>\n<meta property=\"og:url\" content=\"https:\/\/teasense.ch\/it\/prodotto\/te-bianco-china-yunnan-mao-feng\/\" \/>\n<meta property=\"og:site_name\" content=\"TeaSense.ch - Tee Shop Schweiz\" \/>\n<meta property=\"article:publisher\" content=\"https:\/\/www.facebook.com\/teasense.ch\" \/>\n<meta property=\"article:modified_time\" content=\"2026-05-06T07:50:51+00:00\" \/>\n<meta property=\"og:image\" content=\"https:\/\/teasense.ch\/wp-content\/uploads\/2025\/02\/hibiskus-tee-lose-und-aufgegossen-in-Tassen.png\" \/>\n\t<meta property=\"og:image:width\" content=\"800\" \/>\n\t<meta property=\"og:image:height\" content=\"800\" \/>\n\t<meta property=\"og:image:type\" content=\"image\/png\" \/>\n<meta name=\"twitter:card\" content=\"summary_large_image\" \/>\n<meta name=\"twitter:label1\" content=\"Est. reading time\" \/>\n\t<meta name=\"twitter:data1\" content=\"1 minuto\" \/>\n<!-- \/ Yoast SEO plugin. -->","yoast_head_json":{"title":"T\u00e8 bianco China Yunnan Mao Feng - TeaSense.ch - Tee Shop Schweiz","description":"T\u00e8 bianco China Yunnan Mao Feng \u2013 t\u00e8 bianco elegante con delicate note floreali e pregiate punte argentate. \ud83c\udf43","robots":{"index":"index","follow":"follow","max-snippet":"max-snippet:-1","max-image-preview":"max-image-preview:large","max-video-preview":"max-video-preview:-1"},"canonical":"https:\/\/teasense.ch\/it\/prodotto\/te-bianco-china-yunnan-mao-feng\/","og_locale":"it_IT","og_type":"article","og_title":"T\u00e8 bianco China Yunnan Mao Feng - TeaSense.ch - Tee Shop Schweiz","og_description":"T\u00e8 bianco China Yunnan Mao Feng \u2013 t\u00e8 bianco elegante con delicate note floreali e pregiate punte argentate. \ud83c\udf43","og_url":"https:\/\/teasense.ch\/it\/prodotto\/te-bianco-china-yunnan-mao-feng\/","og_site_name":"TeaSense.ch - Tee Shop Schweiz","article_publisher":"https:\/\/www.facebook.com\/teasense.ch","article_modified_time":"2026-05-06T07:50:51+00:00","og_image":[{"width":800,"height":800,"url":"https:\/\/teasense.ch\/wp-content\/uploads\/2025\/02\/hibiskus-tee-lose-und-aufgegossen-in-Tassen.png","type":"image\/png"}],"twitter_card":"summary_large_image","twitter_misc":{"Est. reading time":"1 minuto"},"schema":{"@context":"https:\/\/schema.org","@graph":[{"@type":"WebPage","@id":"https:\/\/teasense.ch\/it\/prodotto\/te-bianco-china-yunnan-mao-feng\/","url":"https:\/\/teasense.ch\/it\/prodotto\/te-bianco-china-yunnan-mao-feng\/","name":"T\u00e8 bianco China Yunnan Mao Feng - TeaSense.ch - Tee Shop Schweiz","isPartOf":{"@id":"https:\/\/teasense.ch\/it\/#website"},"primaryImageOfPage":{"@id":"https:\/\/teasense.ch\/it\/prodotto\/te-bianco-china-yunnan-mao-feng\/#primaryimage"},"image":{"@id":"https:\/\/teasense.ch\/it\/prodotto\/te-bianco-china-yunnan-mao-feng\/#primaryimage"},"thumbnailUrl":"https:\/\/teasense.ch\/wp-content\/uploads\/2024\/10\/china-yunnan-white-mao-feng-weisser-hintergrund.png","datePublished":"2024-10-23T13:07:10+00:00","dateModified":"2026-05-06T07:50:51+00:00","description":"T\u00e8 bianco China Yunnan Mao Feng \u2013 t\u00e8 bianco elegante con delicate note floreali e pregiate punte argentate. \ud83c\udf43","breadcrumb":{"@id":"https:\/\/teasense.ch\/it\/prodotto\/te-bianco-china-yunnan-mao-feng\/#breadcrumb"},"inLanguage":"it-CH","potentialAction":[{"@type":"ReadAction","target":["https:\/\/teasense.ch\/it\/prodotto\/te-bianco-china-yunnan-mao-feng\/"]}]},{"@type":"ImageObject","inLanguage":"it-CH","@id":"https:\/\/teasense.ch\/it\/prodotto\/te-bianco-china-yunnan-mao-feng\/#primaryimage","url":"https:\/\/teasense.ch\/wp-content\/uploads\/2024\/10\/china-yunnan-white-mao-feng-weisser-hintergrund.png","contentUrl":"https:\/\/teasense.ch\/wp-content\/uploads\/2024\/10\/china-yunnan-white-mao-feng-weisser-hintergrund.png","width":800,"height":800,"caption":"China Yunnan White Mao Feng weisser Hintergrund"},{"@type":"BreadcrumbList","@id":"https:\/\/teasense.ch\/it\/prodotto\/te-bianco-china-yunnan-mao-feng\/#breadcrumb","itemListElement":[{"@type":"ListItem","position":1,"name":"Startseite","item":"https:\/\/teasense.ch\/it\/"},{"@type":"ListItem","position":2,"name":"Ordina t\u00e8 online in Svizzera","item":"https:\/\/teasense.ch\/it\/shop\/"},{"@type":"ListItem","position":3,"name":"T\u00e8 bianco China Yunnan Mao Feng"}]},{"@type":"WebSite","@id":"https:\/\/teasense.ch\/it\/#website","url":"https:\/\/teasense.ch\/it\/","name":"TeaSense.ch","description":"Nat\u00fcrliche Teemischungen und klassischer Tee","publisher":{"@id":"https:\/\/teasense.ch\/it\/#organization"},"alternateName":"TeaSense","potentialAction":[{"@type":"SearchAction","target":{"@type":"EntryPoint","urlTemplate":"https:\/\/teasense.ch\/it\/?s={search_term_string}"},"query-input":{"@type":"PropertyValueSpecification","valueRequired":true,"valueName":"search_term_string"}}],"inLanguage":"it-CH"},{"@type":"Organization","@id":"https:\/\/teasense.ch\/it\/#organization","name":"Reale Selection","alternateName":"TeaSense.ch","url":"https:\/\/teasense.ch\/it\/","logo":{"@type":"ImageObject","inLanguage":"it-CH","@id":"https:\/\/teasense.ch\/it\/#\/schema\/logo\/image\/","url":"https:\/\/teasense.ch\/wp-content\/uploads\/2023\/07\/cropped-logo-teasense-kategorie-onlineshop-alle-produkte.jpg","contentUrl":"https:\/\/teasense.ch\/wp-content\/uploads\/2023\/07\/cropped-logo-teasense-kategorie-onlineshop-alle-produkte.jpg","width":512,"height":512,"caption":"Reale Selection"},"image":{"@id":"https:\/\/teasense.ch\/it\/#\/schema\/logo\/image\/"},"sameAs":["https:\/\/www.facebook.com\/teasense.ch"]}]}},"jetpack-related-posts":[{"id":49937,"url":"https:\/\/teasense.ch\/it\/prodotto\/tazza-in-porcellana-con-coperchio-yoshino\/","url_meta":{"origin":49814,"position":0},"title":"Tazza in porcellana con coperchio Yoshino","author":"Reale Selection","date":"29 October 2024","format":false,"excerpt":"Tazza, filtro e coperchio (senza confezione regalo) Capacit\u00e0: 320 ml","rel":"","context":"Similar post","block_context":{"text":"Similar post","link":""},"img":{"alt_text":"Porzellan Deckelbecher Yoshino Varianten","src":"https:\/\/i0.wp.com\/teasense.ch\/wp-content\/uploads\/2024\/10\/porzellan-deckelbecher-yoshino-varianten.png?resize=350%2C200&ssl=1","width":350,"height":200,"srcset":"https:\/\/i0.wp.com\/teasense.ch\/wp-content\/uploads\/2024\/10\/porzellan-deckelbecher-yoshino-varianten.png?resize=350%2C200&ssl=1 1x, https:\/\/i0.wp.com\/teasense.ch\/wp-content\/uploads\/2024\/10\/porzellan-deckelbecher-yoshino-varianten.png?resize=525%2C300&ssl=1 1.5x, https:\/\/i0.wp.com\/teasense.ch\/wp-content\/uploads\/2024\/10\/porzellan-deckelbecher-yoshino-varianten.png?resize=700%2C400&ssl=1 2x"},"classes":[]},{"id":49106,"url":"https:\/\/teasense.ch\/it\/prodotto\/tazza-da-te-con-infusore-e-coperchio-hehua\/","url_meta":{"origin":49814,"position":1},"title":"Tazza da t\u00e8 con infusore e coperchio \u2013 Hehua","author":"Reale Selection","date":"28 October 2024","format":false,"excerpt":"Set: tazza, infusore e coperchio (senza confezione regalo) Capacit\u00e0: 360 ml","rel":"","context":"Similar post","block_context":{"text":"Similar post","link":""},"img":{"alt_text":"Porzellan Deckelbecher Hehua aussen","src":"https:\/\/i0.wp.com\/teasense.ch\/wp-content\/uploads\/2024\/10\/porzellan-deckelbecher-hehua-aussen.png?resize=350%2C200&ssl=1","width":350,"height":200,"srcset":"https:\/\/i0.wp.com\/teasense.ch\/wp-content\/uploads\/2024\/10\/porzellan-deckelbecher-hehua-aussen.png?resize=350%2C200&ssl=1 1x, https:\/\/i0.wp.com\/teasense.ch\/wp-content\/uploads\/2024\/10\/porzellan-deckelbecher-hehua-aussen.png?resize=525%2C300&ssl=1 1.5x, https:\/\/i0.wp.com\/teasense.ch\/wp-content\/uploads\/2024\/10\/porzellan-deckelbecher-hehua-aussen.png?resize=700%2C400&ssl=1 2x"},"classes":[]},{"id":49023,"url":"https:\/\/teasense.ch\/it\/prodotto\/chai-ayurvedico-con-mate\/","url_meta":{"origin":49814,"position":2},"title":"Chai ayurvedico con mate","author":"Reale Selection","date":"13 May 2025","format":false,"excerpt":"Zubereitung Ayurveda Chai mit Mate \ud83e\udd44 1\u20132 cucchiaini per tazza (14g\/litro)\ud83c\udf21\ufe0f 100 \u00b0C\u23f3 5 minuti","rel":"","context":"Similar post","block_context":{"text":"Similar post","link":""},"img":{"alt_text":"Ayurveda Chai mit Mate","src":"https:\/\/i0.wp.com\/teasense.ch\/wp-content\/uploads\/2025\/05\/Ayurveda-Chai-mit-Mate.png?resize=350%2C200&ssl=1","width":350,"height":200,"srcset":"https:\/\/i0.wp.com\/teasense.ch\/wp-content\/uploads\/2025\/05\/Ayurveda-Chai-mit-Mate.png?resize=350%2C200&ssl=1 1x, https:\/\/i0.wp.com\/teasense.ch\/wp-content\/uploads\/2025\/05\/Ayurveda-Chai-mit-Mate.png?resize=525%2C300&ssl=1 1.5x, https:\/\/i0.wp.com\/teasense.ch\/wp-content\/uploads\/2025\/05\/Ayurveda-Chai-mit-Mate.png?resize=700%2C400&ssl=1 2x"},"classes":[]},{"id":49668,"url":"https:\/\/teasense.ch\/it\/prodotto\/foglie-di-fragola\/","url_meta":{"origin":49814,"position":3},"title":"Foglie di fragola","author":"Reale Selection","date":"23 October 2024","format":false,"excerpt":"Preparazione foglie di fragola \ud83e\udd44 1 cucchiaino per tazza \ud83c\udf21\ufe0f 100 \u00b0C \u23f3 5 \u2013 7 minuti","rel":"","context":"Similar post","block_context":{"text":"Similar post","link":""},"img":{"alt_text":"Erdbeerbl\u00e4tter","src":"https:\/\/i0.wp.com\/teasense.ch\/wp-content\/uploads\/2024\/10\/erdbeerblaetter.png?resize=350%2C200&ssl=1","width":350,"height":200,"srcset":"https:\/\/i0.wp.com\/teasense.ch\/wp-content\/uploads\/2024\/10\/erdbeerblaetter.png?resize=350%2C200&ssl=1 1x, https:\/\/i0.wp.com\/teasense.ch\/wp-content\/uploads\/2024\/10\/erdbeerblaetter.png?resize=525%2C300&ssl=1 1.5x, https:\/\/i0.wp.com\/teasense.ch\/wp-content\/uploads\/2024\/10\/erdbeerblaetter.png?resize=700%2C400&ssl=1 2x"},"classes":[]},{"id":48993,"url":"https:\/\/teasense.ch\/it\/prodotto\/formosa-oolong-selezione\/","url_meta":{"origin":49814,"position":4},"title":"Formosa Oolong Selezione","author":"Reale Selection","date":"19 Settembre 2025","format":false,"excerpt":"Formosa Oolong Selezione \u2013 Preparazione \ud83e\udd44 1\u20132 cucchiaini per 200 ml di acqua\ud83c\udf21\ufe0f 80\u201390\u00b0C (acqua calda, non bollente)\u23f3 2\u20134 minuti, reinfusibile pi\u00f9 volte","rel":"","context":"Similar post","block_context":{"text":"Similar post","link":""},"img":{"alt_text":"Formosa Fine Oolong loser Tee","src":"https:\/\/i0.wp.com\/teasense.ch\/wp-content\/uploads\/2025\/09\/formosa-fine-oolong.png?resize=350%2C200&ssl=1","width":350,"height":200,"srcset":"https:\/\/i0.wp.com\/teasense.ch\/wp-content\/uploads\/2025\/09\/formosa-fine-oolong.png?resize=350%2C200&ssl=1 1x, https:\/\/i0.wp.com\/teasense.ch\/wp-content\/uploads\/2025\/09\/formosa-fine-oolong.png?resize=525%2C300&ssl=1 1.5x, https:\/\/i0.wp.com\/teasense.ch\/wp-content\/uploads\/2025\/09\/formosa-fine-oolong.png?resize=700%2C400&ssl=1 2x"},"classes":[]},{"id":48095,"url":"https:\/\/teasense.ch\/it\/prodotto\/tisana-dormiglione\/","url_meta":{"origin":49814,"position":5},"title":"Tisana Dormiglione","author":"Reale Selection","date":"23 October 2024","format":false,"excerpt":"Preparazione Tisana Dormiglione \ud83e\udd44 1 cucchiaino per tazza (14g\/litro)\ud83c\udf21\ufe0f 100 \u00b0C\u23f3 5 minuti","rel":"","context":"Similar post","block_context":{"text":"Similar post","link":""},"img":{"alt_text":"Schlafm\u00fctze Kr\u00e4utertee weisser Hintergrund","src":"https:\/\/i0.wp.com\/teasense.ch\/wp-content\/uploads\/2024\/10\/schlafmuetze-kraeutertee-weisser-hintergrund.png?resize=350%2C200&ssl=1","width":350,"height":200,"srcset":"https:\/\/i0.wp.com\/teasense.ch\/wp-content\/uploads\/2024\/10\/schlafmuetze-kraeutertee-weisser-hintergrund.png?resize=350%2C200&ssl=1 1x, https:\/\/i0.wp.com\/teasense.ch\/wp-content\/uploads\/2024\/10\/schlafmuetze-kraeutertee-weisser-hintergrund.png?resize=525%2C300&ssl=1 1.5x, https:\/\/i0.wp.com\/teasense.ch\/wp-content\/uploads\/2024\/10\/schlafmuetze-kraeutertee-weisser-hintergrund.png?resize=700%2C400&ssl=1 2x"},"classes":[]}],"jetpack_sharing_enabled":true,"jetpack_likes_enabled":false,"_links":{"self":[{"href":"https:\/\/teasense.ch\/it\/wp-json\/wp\/v2\/product\/49814","targetHints":{"allow":["GET"]}}],"collection":[{"href":"https:\/\/teasense.ch\/it\/wp-json\/wp\/v2\/product"}],"about":[{"href":"https:\/\/teasense.ch\/it\/wp-json\/wp\/v2\/types\/product"}],"replies":[{"embeddable":true,"href":"https:\/\/teasense.ch\/it\/wp-json\/wp\/v2\/comments?post=49814"}],"wp:featuredmedia":[{"embeddable":true,"href":"https:\/\/teasense.ch\/it\/wp-json\/wp\/v2\/media\/43383"}],"wp:attachment":[{"href":"https:\/\/teasense.ch\/it\/wp-json\/wp\/v2\/media?parent=49814"}],"wp:term":[{"taxonomy":"product_brand","embeddable":true,"href":"https:\/\/teasense.ch\/it\/wp-json\/wp\/v2\/product_brand?post=49814"},{"taxonomy":"product_cat","embeddable":true,"href":"https:\/\/teasense.ch\/it\/wp-json\/wp\/v2\/product_cat?post=49814"},{"taxonomy":"product_tag","embeddable":true,"href":"https:\/\/teasense.ch\/it\/wp-json\/wp\/v2\/product_tag?post=49814"}],"curies":[{"name":"wp","href":"https:\/\/api.w.org\/{rel}","templated":true}]}}