{"id":49937,"date":"2024-10-29T18:33:34","date_gmt":"2024-10-29T17:33:34","guid":{"rendered":"https:\/\/teasense.ch\/produkt\/tazza-in-porcellana-con-coperchio-yoshino\/"},"modified":"2026-05-06T14:15:00","modified_gmt":"2026-05-06T12:15:00","slug":"tazza-in-porcellana-con-coperchio-yoshino","status":"publish","type":"product","link":"https:\/\/teasense.ch\/it\/prodotto\/tazza-in-porcellana-con-coperchio-yoshino\/","title":{"rendered":"Tazza in porcellana con coperchio Yoshino"},"content":{"rendered":"<p>La tazza in porcellana Yoshino porta eleganza e leggerezza nei tuoi momenti di t\u00e8. Il delicato motivo floreale ispirato ai fiori di ciliegio e le varianti nei colori rosa e bianco la rendono un accessorio raffinato e decorativo.<\/p>\n<h2>Filtro in acciaio inox per una preparazione pratica<\/h2>\n<p>La tazza \u00e8 dotata di un filtro removibile in acciaio inox che permette di preparare facilmente il t\u00e8 sfuso direttamente nella tazza.<\/p>\n<h2>Un tocco naturale per la tua pausa t\u00e8<\/h2>\n<p>Il motivo floreale dona un\u2019atmosfera elegante e rilassante ispirata alla natura.<\/p>\n<h3>Un regalo ideale per gli amanti del t\u00e8<\/h3>\n<p>La tazza Yoshino \u00e8 perfetta come idea regalo per chi ama il t\u00e8 e gli oggetti raffinati.<\/p>\n<h3>I vantaggi di una tazza con filtro e coperchio<\/h3>\n<p>Il coperchio mantiene il t\u00e8 caldo pi\u00f9 a lungo mentre il filtro rende semplice la preparazione del t\u00e8 sfuso.<\/p>\n","protected":false},"excerpt":{"rendered":"<p>Tazza, filtro e coperchio (senza confezione regalo)<\/p>\n<p>Capacit\u00e0: 320 ml<\/p>\n","protected":false},"featured_media":43463,"comment_status":"open","ping_status":"closed","template":"","meta":{"_et_pb_use_builder":"","_et_pb_old_content":"","_et_gb_content_width":""},"product_brand":[],"product_cat":[344,455,340],"product_tag":[],"class_list":{"0":"post-49937","1":"product","2":"type-product","3":"status-publish","4":"has-post-thumbnail","6":"product_cat-regali-te","7":"product_cat-accessori-te","8":"product_cat-tutti-prodotti","9":"pa_farbe-bianco","10":"pa_farbe-rosa","11":"pa_herkunft-cina","13":"first","14":"instock","15":"shipping-taxable","16":"purchasable","17":"product-type-variable","18":"add-to-wishlist-before_image"},"yoast_head":"<!-- This site is optimized with the Yoast SEO plugin v27.6 - https:\/\/yoast.com\/product\/yoast-seo-wordpress\/ -->\n<title>Tazza in porcellana con coperchio Yoshino - TeaSense.ch<\/title>\n<meta name=\"description\" content=\"Tazza in porcellana Yoshino con filtro inox e coperchio. Elegante motivo floreale in rosa e bianco. \ud83c\udf38\" \/>\n<meta name=\"robots\" content=\"index, follow, max-snippet:-1, max-image-preview:large, max-video-preview:-1\" \/>\n<link rel=\"canonical\" href=\"https:\/\/teasense.ch\/it\/prodotto\/tazza-in-porcellana-con-coperchio-yoshino\/\" \/>\n<meta property=\"og:locale\" content=\"it_IT\" \/>\n<meta property=\"og:type\" content=\"article\" \/>\n<meta property=\"og:title\" content=\"Tazza in porcellana con coperchio Yoshino - TeaSense.ch\" \/>\n<meta property=\"og:description\" content=\"Tazza in porcellana Yoshino con filtro inox e coperchio. Elegante motivo floreale in rosa e bianco. \ud83c\udf38\" \/>\n<meta property=\"og:url\" content=\"https:\/\/teasense.ch\/it\/prodotto\/tazza-in-porcellana-con-coperchio-yoshino\/\" \/>\n<meta property=\"og:site_name\" content=\"TeaSense.ch\" \/>\n<meta property=\"article:publisher\" content=\"https:\/\/www.facebook.com\/teasense.ch\" \/>\n<meta property=\"article:modified_time\" content=\"2026-05-06T12:15:00+00:00\" \/>\n<meta property=\"og:image\" content=\"https:\/\/teasense.ch\/wp-content\/uploads\/2025\/02\/hibiskus-tee-lose-und-aufgegossen-in-Tassen.png\" \/>\n\t<meta property=\"og:image:width\" content=\"800\" \/>\n\t<meta property=\"og:image:height\" content=\"800\" \/>\n\t<meta property=\"og:image:type\" content=\"image\/png\" \/>\n<meta name=\"twitter:card\" content=\"summary_large_image\" \/>\n<meta name=\"twitter:label1\" content=\"Est. reading time\" \/>\n\t<meta name=\"twitter:data1\" content=\"1 minuto\" \/>\n<!-- \/ Yoast SEO plugin. -->","yoast_head_json":{"title":"Tazza in porcellana con coperchio Yoshino - TeaSense.ch","description":"Tazza in porcellana Yoshino con filtro inox e coperchio. Elegante motivo floreale in rosa e bianco. \ud83c\udf38","robots":{"index":"index","follow":"follow","max-snippet":"max-snippet:-1","max-image-preview":"max-image-preview:large","max-video-preview":"max-video-preview:-1"},"canonical":"https:\/\/teasense.ch\/it\/prodotto\/tazza-in-porcellana-con-coperchio-yoshino\/","og_locale":"it_IT","og_type":"article","og_title":"Tazza in porcellana con coperchio Yoshino - TeaSense.ch","og_description":"Tazza in porcellana Yoshino con filtro inox e coperchio. Elegante motivo floreale in rosa e bianco. \ud83c\udf38","og_url":"https:\/\/teasense.ch\/it\/prodotto\/tazza-in-porcellana-con-coperchio-yoshino\/","og_site_name":"TeaSense.ch","article_publisher":"https:\/\/www.facebook.com\/teasense.ch","article_modified_time":"2026-05-06T12:15:00+00:00","og_image":[{"width":800,"height":800,"url":"https:\/\/teasense.ch\/wp-content\/uploads\/2025\/02\/hibiskus-tee-lose-und-aufgegossen-in-Tassen.png","type":"image\/png"}],"twitter_card":"summary_large_image","twitter_misc":{"Est. reading time":"1 minuto"},"schema":{"@context":"https:\/\/schema.org","@graph":[{"@type":"WebPage","@id":"https:\/\/teasense.ch\/it\/prodotto\/tazza-in-porcellana-con-coperchio-yoshino\/","url":"https:\/\/teasense.ch\/it\/prodotto\/tazza-in-porcellana-con-coperchio-yoshino\/","name":"Tazza in porcellana con coperchio Yoshino - TeaSense.ch","isPartOf":{"@id":"https:\/\/teasense.ch\/it\/#website"},"primaryImageOfPage":{"@id":"https:\/\/teasense.ch\/it\/prodotto\/tazza-in-porcellana-con-coperchio-yoshino\/#primaryimage"},"image":{"@id":"https:\/\/teasense.ch\/it\/prodotto\/tazza-in-porcellana-con-coperchio-yoshino\/#primaryimage"},"thumbnailUrl":"https:\/\/teasense.ch\/wp-content\/uploads\/2024\/10\/porzellan-deckelbecher-yoshino-varianten.png","datePublished":"2024-10-29T17:33:34+00:00","dateModified":"2026-05-06T12:15:00+00:00","description":"Tazza in porcellana Yoshino con filtro inox e coperchio. Elegante motivo floreale in rosa e bianco. \ud83c\udf38","breadcrumb":{"@id":"https:\/\/teasense.ch\/it\/prodotto\/tazza-in-porcellana-con-coperchio-yoshino\/#breadcrumb"},"inLanguage":"it-CH","potentialAction":[{"@type":"ReadAction","target":["https:\/\/teasense.ch\/it\/prodotto\/tazza-in-porcellana-con-coperchio-yoshino\/"]}]},{"@type":"ImageObject","inLanguage":"it-CH","@id":"https:\/\/teasense.ch\/it\/prodotto\/tazza-in-porcellana-con-coperchio-yoshino\/#primaryimage","url":"https:\/\/teasense.ch\/wp-content\/uploads\/2024\/10\/porzellan-deckelbecher-yoshino-varianten.png","contentUrl":"https:\/\/teasense.ch\/wp-content\/uploads\/2024\/10\/porzellan-deckelbecher-yoshino-varianten.png","width":800,"height":800,"caption":"Porzellan Deckelbecher Yoshino Varianten"},{"@type":"BreadcrumbList","@id":"https:\/\/teasense.ch\/it\/prodotto\/tazza-in-porcellana-con-coperchio-yoshino\/#breadcrumb","itemListElement":[{"@type":"ListItem","position":1,"name":"Startseite","item":"https:\/\/teasense.ch\/it\/"},{"@type":"ListItem","position":2,"name":"Ordina t\u00e8 online in Svizzera","item":"https:\/\/teasense.ch\/it\/shop\/"},{"@type":"ListItem","position":3,"name":"Tazza in porcellana con coperchio Yoshino"}]},{"@type":"WebSite","@id":"https:\/\/teasense.ch\/it\/#website","url":"https:\/\/teasense.ch\/it\/","name":"TeaSense.ch","description":"Nat\u00fcrliche Teemischungen und klassischer Tee","publisher":{"@id":"https:\/\/teasense.ch\/it\/#organization"},"alternateName":"TeaSense","potentialAction":[{"@type":"SearchAction","target":{"@type":"EntryPoint","urlTemplate":"https:\/\/teasense.ch\/it\/?s={search_term_string}"},"query-input":{"@type":"PropertyValueSpecification","valueRequired":true,"valueName":"search_term_string"}}],"inLanguage":"it-CH"},{"@type":"Organization","@id":"https:\/\/teasense.ch\/it\/#organization","name":"Reale Selection","alternateName":"TeaSense.ch","url":"https:\/\/teasense.ch\/it\/","logo":{"@type":"ImageObject","inLanguage":"it-CH","@id":"https:\/\/teasense.ch\/it\/#\/schema\/logo\/image\/","url":"https:\/\/teasense.ch\/wp-content\/uploads\/2023\/07\/cropped-logo-teasense-kategorie-onlineshop-alle-produkte.jpg","contentUrl":"https:\/\/teasense.ch\/wp-content\/uploads\/2023\/07\/cropped-logo-teasense-kategorie-onlineshop-alle-produkte.jpg","width":512,"height":512,"caption":"Reale Selection"},"image":{"@id":"https:\/\/teasense.ch\/it\/#\/schema\/logo\/image\/"},"sameAs":["https:\/\/www.facebook.com\/teasense.ch"]}]}},"jetpack-related-posts":[{"id":49106,"url":"https:\/\/teasense.ch\/it\/prodotto\/tazza-da-te-con-infusore-e-coperchio-hehua\/","url_meta":{"origin":49937,"position":0},"title":"Tazza da t\u00e8 con infusore e coperchio \u2013 Hehua","author":"Reale Selection","date":"28 October 2024","format":false,"excerpt":"Set: tazza, infusore e coperchio (senza confezione regalo) Capacit\u00e0: 360 ml","rel":"","context":"Similar post","block_context":{"text":"Similar post","link":""},"img":{"alt_text":"Porzellan Deckelbecher Hehua aussen","src":"https:\/\/i0.wp.com\/teasense.ch\/wp-content\/uploads\/2024\/10\/porzellan-deckelbecher-hehua-aussen.png?resize=350%2C200&ssl=1","width":350,"height":200,"srcset":"https:\/\/i0.wp.com\/teasense.ch\/wp-content\/uploads\/2024\/10\/porzellan-deckelbecher-hehua-aussen.png?resize=350%2C200&ssl=1 1x, https:\/\/i0.wp.com\/teasense.ch\/wp-content\/uploads\/2024\/10\/porzellan-deckelbecher-hehua-aussen.png?resize=525%2C300&ssl=1 1.5x, https:\/\/i0.wp.com\/teasense.ch\/wp-content\/uploads\/2024\/10\/porzellan-deckelbecher-hehua-aussen.png?resize=700%2C400&ssl=1 2x"},"classes":[]},{"id":49100,"url":"https:\/\/teasense.ch\/it\/prodotto\/tazza-da-te-con-infusore-e-coperchio-haku\/","url_meta":{"origin":49937,"position":1},"title":"Tazza da t\u00e8 con infusore e coperchio \u2013 Haku","author":"Reale Selection","date":"29 October 2024","format":false,"excerpt":"Tazza, infusore e coperchio (senza confezione regalo) Capacit\u00e0: 320 ml","rel":"","context":"Similar post","block_context":{"text":"Similar post","link":""},"img":{"alt_text":"Set Tasse Sieb Deckel Haku","src":"https:\/\/i0.wp.com\/teasense.ch\/wp-content\/uploads\/2024\/10\/porzellan-deckelbecher-haku-set.png?resize=350%2C200&ssl=1","width":350,"height":200,"srcset":"https:\/\/i0.wp.com\/teasense.ch\/wp-content\/uploads\/2024\/10\/porzellan-deckelbecher-haku-set.png?resize=350%2C200&ssl=1 1x, https:\/\/i0.wp.com\/teasense.ch\/wp-content\/uploads\/2024\/10\/porzellan-deckelbecher-haku-set.png?resize=525%2C300&ssl=1 1.5x, https:\/\/i0.wp.com\/teasense.ch\/wp-content\/uploads\/2024\/10\/porzellan-deckelbecher-haku-set.png?resize=700%2C400&ssl=1 2x"},"classes":[]},{"id":49057,"url":"https:\/\/teasense.ch\/it\/prodotto\/set-regalo-tisana-con-tazza\/","url_meta":{"origin":49937,"position":2},"title":"Set regalo tisana con tazza","author":"Reale Selection","date":"27 July 2025","format":false,"excerpt":"\ud83e\udd44 1\u20132 cucchiaini per tazza \ud83c\udf21\ufe0f 95\u2013100 \u00b0C \u23f3 5\u201310 minuti","rel":"","context":"Similar post","block_context":{"text":"Similar post","link":""},"img":{"alt_text":"Tee Geschenkset mit Tasse & Kr\u00e4utertee","src":"https:\/\/i0.wp.com\/teasense.ch\/wp-content\/uploads\/2025\/07\/Tee-Geschenkset-mit-Tasse-Kraeutertee.png?resize=350%2C200&ssl=1","width":350,"height":200,"srcset":"https:\/\/i0.wp.com\/teasense.ch\/wp-content\/uploads\/2025\/07\/Tee-Geschenkset-mit-Tasse-Kraeutertee.png?resize=350%2C200&ssl=1 1x, https:\/\/i0.wp.com\/teasense.ch\/wp-content\/uploads\/2025\/07\/Tee-Geschenkset-mit-Tasse-Kraeutertee.png?resize=525%2C300&ssl=1 1.5x, https:\/\/i0.wp.com\/teasense.ch\/wp-content\/uploads\/2025\/07\/Tee-Geschenkset-mit-Tasse-Kraeutertee.png?resize=700%2C400&ssl=1 2x"},"classes":[]},{"id":49103,"url":"https:\/\/teasense.ch\/it\/prodotto\/tazza-da-te-con-infusore-e-coperchio-birdy\/","url_meta":{"origin":49937,"position":3},"title":"Tazza da t\u00e8 con infusore e coperchio \u2013 Birdy","author":"Reale Selection","date":"28 October 2024","format":false,"excerpt":"Tazza, infusore e coperchio (senza confezione regalo) Capacit\u00e0: 325 ml","rel":"","context":"Similar post","block_context":{"text":"Similar post","link":""},"img":{"alt_text":"Porzellan Deckelbecher Birdy ganz","src":"https:\/\/i0.wp.com\/teasense.ch\/wp-content\/uploads\/2024\/10\/porzellan-deckelbecher-birdy-ganz.png?resize=350%2C200&ssl=1","width":350,"height":200,"srcset":"https:\/\/i0.wp.com\/teasense.ch\/wp-content\/uploads\/2024\/10\/porzellan-deckelbecher-birdy-ganz.png?resize=350%2C200&ssl=1 1x, https:\/\/i0.wp.com\/teasense.ch\/wp-content\/uploads\/2024\/10\/porzellan-deckelbecher-birdy-ganz.png?resize=525%2C300&ssl=1 1.5x, https:\/\/i0.wp.com\/teasense.ch\/wp-content\/uploads\/2024\/10\/porzellan-deckelbecher-birdy-ganz.png?resize=700%2C400&ssl=1 2x"},"classes":[]},{"id":49296,"url":"https:\/\/teasense.ch\/it\/prodotto\/tazza-cuore-in-ceramica-con-filtro-e-coperchio\/","url_meta":{"origin":49937,"position":4},"title":"Tazza cuore in ceramica con filtro e coperchio","author":"Reale Selection","date":"29 October 2024","format":false,"excerpt":"Tazza, filtro e coperchio (senza confezione regalo) Capacit\u00e0: 250 ml","rel":"","context":"Similar post","block_context":{"text":"Similar post","link":""},"img":{"alt_text":"Herz Keramik Deckelbecher zwei Varianten","src":"https:\/\/i0.wp.com\/teasense.ch\/wp-content\/uploads\/2024\/10\/herz-keramik-deckelbecher-zwei-varianten.png?resize=350%2C200&ssl=1","width":350,"height":200,"srcset":"https:\/\/i0.wp.com\/teasense.ch\/wp-content\/uploads\/2024\/10\/herz-keramik-deckelbecher-zwei-varianten.png?resize=350%2C200&ssl=1 1x, https:\/\/i0.wp.com\/teasense.ch\/wp-content\/uploads\/2024\/10\/herz-keramik-deckelbecher-zwei-varianten.png?resize=525%2C300&ssl=1 1.5x, https:\/\/i0.wp.com\/teasense.ch\/wp-content\/uploads\/2024\/10\/herz-keramik-deckelbecher-zwei-varianten.png?resize=700%2C400&ssl=1 2x"},"classes":[]},{"id":48993,"url":"https:\/\/teasense.ch\/it\/prodotto\/formosa-oolong-selezione\/","url_meta":{"origin":49937,"position":5},"title":"Formosa Oolong Selezione","author":"Reale Selection","date":"19 Settembre 2025","format":false,"excerpt":"Formosa Oolong Selezione \u2013 Preparazione \ud83e\udd44 1\u20132 cucchiaini per 200 ml di acqua\ud83c\udf21\ufe0f 80\u201390\u00b0C (acqua calda, non bollente)\u23f3 2\u20134 minuti, reinfusibile pi\u00f9 volte","rel":"","context":"Similar post","block_context":{"text":"Similar post","link":""},"img":{"alt_text":"Formosa Fine Oolong loser Tee","src":"https:\/\/i0.wp.com\/teasense.ch\/wp-content\/uploads\/2025\/09\/formosa-fine-oolong.png?resize=350%2C200&ssl=1","width":350,"height":200,"srcset":"https:\/\/i0.wp.com\/teasense.ch\/wp-content\/uploads\/2025\/09\/formosa-fine-oolong.png?resize=350%2C200&ssl=1 1x, https:\/\/i0.wp.com\/teasense.ch\/wp-content\/uploads\/2025\/09\/formosa-fine-oolong.png?resize=525%2C300&ssl=1 1.5x, https:\/\/i0.wp.com\/teasense.ch\/wp-content\/uploads\/2025\/09\/formosa-fine-oolong.png?resize=700%2C400&ssl=1 2x"},"classes":[]}],"jetpack_sharing_enabled":true,"jetpack_likes_enabled":false,"_links":{"self":[{"href":"https:\/\/teasense.ch\/it\/wp-json\/wp\/v2\/product\/49937","targetHints":{"allow":["GET"]}}],"collection":[{"href":"https:\/\/teasense.ch\/it\/wp-json\/wp\/v2\/product"}],"about":[{"href":"https:\/\/teasense.ch\/it\/wp-json\/wp\/v2\/types\/product"}],"replies":[{"embeddable":true,"href":"https:\/\/teasense.ch\/it\/wp-json\/wp\/v2\/comments?post=49937"}],"wp:featuredmedia":[{"embeddable":true,"href":"https:\/\/teasense.ch\/it\/wp-json\/wp\/v2\/media\/43463"}],"wp:attachment":[{"href":"https:\/\/teasense.ch\/it\/wp-json\/wp\/v2\/media?parent=49937"}],"wp:term":[{"taxonomy":"product_brand","embeddable":true,"href":"https:\/\/teasense.ch\/it\/wp-json\/wp\/v2\/product_brand?post=49937"},{"taxonomy":"product_cat","embeddable":true,"href":"https:\/\/teasense.ch\/it\/wp-json\/wp\/v2\/product_cat?post=49937"},{"taxonomy":"product_tag","embeddable":true,"href":"https:\/\/teasense.ch\/it\/wp-json\/wp\/v2\/product_tag?post=49937"}],"curies":[{"name":"wp","href":"https:\/\/api.w.org\/{rel}","templated":true}]}}