{"id":50010,"date":"2023-10-24T16:30:42","date_gmt":"2023-10-24T14:30:42","guid":{"rendered":"https:\/\/teasense.ch\/produkt\/rooibos-naturale\/"},"modified":"2026-05-06T15:27:17","modified_gmt":"2026-05-06T13:27:17","slug":"rooibos-naturale","status":"publish","type":"product","link":"https:\/\/teasense.ch\/it\/prodotto\/rooibos-naturale\/","title":{"rendered":"Rooibos naturale"},"content":{"rendered":"<h2>Rooibos naturale \u2013 gusto puro dal Sudafrica<\/h2>\n<p>Il nostro Rooibos naturale \u00e8 ideale per chi ama il gusto autentico del t\u00e8 naturale. Senza additivi n\u00e9 aromi artificiali, conquista con il suo sapore morbido e naturalmente dolce.<\/p>\n<h3>Da gustare caldo o freddo<\/h3>\n<p>Naturalmente privo di caffeina, il Rooibos \u00e8 perfetto in ogni momento della giornata, sia caldo che freddo.<\/p>\n<p>La sua qualit\u00e0 pura lo rende ideale per piacevoli pause t\u00e8 dal gusto naturale.<\/p>\n<h3>Preparazione<\/h3>\n<p>Utilizzare circa 1 cucchiaino (2\u20133 g) per tazza. Versare acqua a 95\u2013100 \u00b0C e lasciare in infusione 5\u20137 minuti.<\/p>\n<h3>Conservazione<\/h3>\n<ul>\n<li>Conservare in un contenitore ermetico.<\/li>\n<li>Tenere lontano da odori forti.<\/li>\n<li>Conservare in luogo fresco e asciutto.<\/li>\n<\/ul>\n<p><strong>Ingredienti<\/strong><br \/>\n100 % Rooibos<\/p>\n","protected":false},"excerpt":{"rendered":"<p>Aspalathus linearis<\/p>\n<h3>Preparazione Rooibos naturale<\/h3>\n<p>\ud83e\udd44 1 cucchiaino (ca. 2\u20133 g) per tazza<br \/>\n\ud83c\udf21\ufe0f 100 \u00b0C<br \/>\n\u23f3 5\u20137 minuti<\/p>\n","protected":false},"featured_media":38567,"comment_status":"open","ping_status":"closed","template":"","meta":{"_et_pb_use_builder":"","_et_pb_old_content":"","_et_gb_content_width":""},"product_brand":[],"product_cat":[425,339,341,340],"product_tag":[],"class_list":{"0":"post-50010","1":"product","2":"type-product","3":"status-publish","4":"has-post-thumbnail","6":"product_cat-rooibos","7":"product_cat-te-sfuso","8":"product_cat-tisana","9":"product_cat-tutti-prodotti","10":"pa_herkunft-sudafrica","11":"pa_weight-100-g","12":"pa_weight-200-g","13":"pa_weight-400-g","14":"pa_weight-50-g","16":"first","17":"instock","18":"shipping-taxable","19":"purchasable","20":"product-type-variable","21":"has-default-attributes","22":"add-to-wishlist-before_image"},"yoast_head":"<!-- This site is optimized with the Yoast SEO plugin v27.5 - https:\/\/yoast.com\/product\/yoast-seo-wordpress\/ -->\n<title>Rooibos naturale - TeaSense.ch<\/title>\n<meta name=\"description\" content=\"Rooibos naturale dal Sudafrica \u2013 naturalmente senza caffeina con gusto morbido e delicato. Perfetto caldo o freddo. \ud83c\udf42\" \/>\n<meta name=\"robots\" content=\"index, follow, max-snippet:-1, max-image-preview:large, max-video-preview:-1\" \/>\n<link rel=\"canonical\" href=\"https:\/\/teasense.ch\/it\/prodotto\/rooibos-naturale\/\" \/>\n<meta property=\"og:locale\" content=\"it_IT\" \/>\n<meta property=\"og:type\" content=\"article\" \/>\n<meta property=\"og:title\" content=\"Rooibos naturale - TeaSense.ch\" \/>\n<meta property=\"og:description\" content=\"Rooibos naturale dal Sudafrica \u2013 naturalmente senza caffeina con gusto morbido e delicato. Perfetto caldo o freddo. \ud83c\udf42\" \/>\n<meta property=\"og:url\" content=\"https:\/\/teasense.ch\/it\/prodotto\/rooibos-naturale\/\" \/>\n<meta property=\"og:site_name\" content=\"TeaSense.ch\" \/>\n<meta property=\"article:publisher\" content=\"https:\/\/www.facebook.com\/teasense.ch\" \/>\n<meta property=\"article:modified_time\" content=\"2026-05-06T13:27:17+00:00\" \/>\n<meta property=\"og:image\" content=\"https:\/\/teasense.ch\/wp-content\/uploads\/2025\/02\/hibiskus-tee-lose-und-aufgegossen-in-Tassen.png\" \/>\n\t<meta property=\"og:image:width\" content=\"800\" \/>\n\t<meta property=\"og:image:height\" content=\"800\" \/>\n\t<meta property=\"og:image:type\" content=\"image\/png\" \/>\n<meta name=\"twitter:card\" content=\"summary_large_image\" \/>\n<meta name=\"twitter:label1\" content=\"Est. reading time\" \/>\n\t<meta name=\"twitter:data1\" content=\"1 minute\" \/>\n<!-- \/ Yoast SEO plugin. -->","yoast_head_json":{"title":"Rooibos naturale - TeaSense.ch","description":"Rooibos naturale dal Sudafrica \u2013 naturalmente senza caffeina con gusto morbido e delicato. Perfetto caldo o freddo. \ud83c\udf42","robots":{"index":"index","follow":"follow","max-snippet":"max-snippet:-1","max-image-preview":"max-image-preview:large","max-video-preview":"max-video-preview:-1"},"canonical":"https:\/\/teasense.ch\/it\/prodotto\/rooibos-naturale\/","og_locale":"it_IT","og_type":"article","og_title":"Rooibos naturale - TeaSense.ch","og_description":"Rooibos naturale dal Sudafrica \u2013 naturalmente senza caffeina con gusto morbido e delicato. Perfetto caldo o freddo. \ud83c\udf42","og_url":"https:\/\/teasense.ch\/it\/prodotto\/rooibos-naturale\/","og_site_name":"TeaSense.ch","article_publisher":"https:\/\/www.facebook.com\/teasense.ch","article_modified_time":"2026-05-06T13:27:17+00:00","og_image":[{"width":800,"height":800,"url":"https:\/\/teasense.ch\/wp-content\/uploads\/2025\/02\/hibiskus-tee-lose-und-aufgegossen-in-Tassen.png","type":"image\/png"}],"twitter_card":"summary_large_image","twitter_misc":{"Est. reading time":"1 minute"},"schema":{"@context":"https:\/\/schema.org","@graph":[{"@type":"WebPage","@id":"https:\/\/teasense.ch\/it\/prodotto\/rooibos-naturale\/","url":"https:\/\/teasense.ch\/it\/prodotto\/rooibos-naturale\/","name":"Rooibos naturale - TeaSense.ch","isPartOf":{"@id":"https:\/\/teasense.ch\/it\/#website"},"primaryImageOfPage":{"@id":"https:\/\/teasense.ch\/it\/prodotto\/rooibos-naturale\/#primaryimage"},"image":{"@id":"https:\/\/teasense.ch\/it\/prodotto\/rooibos-naturale\/#primaryimage"},"thumbnailUrl":"https:\/\/teasense.ch\/wp-content\/uploads\/2023\/10\/rooibusch-plain.jpg","datePublished":"2023-10-24T14:30:42+00:00","dateModified":"2026-05-06T13:27:17+00:00","description":"Rooibos naturale dal Sudafrica \u2013 naturalmente senza caffeina con gusto morbido e delicato. Perfetto caldo o freddo. \ud83c\udf42","breadcrumb":{"@id":"https:\/\/teasense.ch\/it\/prodotto\/rooibos-naturale\/#breadcrumb"},"inLanguage":"it-CH","potentialAction":[{"@type":"ReadAction","target":["https:\/\/teasense.ch\/it\/prodotto\/rooibos-naturale\/"]}]},{"@type":"ImageObject","inLanguage":"it-CH","@id":"https:\/\/teasense.ch\/it\/prodotto\/rooibos-naturale\/#primaryimage","url":"https:\/\/teasense.ch\/wp-content\/uploads\/2023\/10\/rooibusch-plain.jpg","contentUrl":"https:\/\/teasense.ch\/wp-content\/uploads\/2023\/10\/rooibusch-plain.jpg","width":800,"height":800,"caption":"Rooibos loser Tee mit weissem Hintergrund."},{"@type":"BreadcrumbList","@id":"https:\/\/teasense.ch\/it\/prodotto\/rooibos-naturale\/#breadcrumb","itemListElement":[{"@type":"ListItem","position":1,"name":"Startseite","item":"https:\/\/teasense.ch\/it\/"},{"@type":"ListItem","position":2,"name":"Ordina t\u00e8 online in Svizzera","item":"https:\/\/teasense.ch\/it\/shop\/"},{"@type":"ListItem","position":3,"name":"Rooibos naturale"}]},{"@type":"WebSite","@id":"https:\/\/teasense.ch\/it\/#website","url":"https:\/\/teasense.ch\/it\/","name":"TeaSense.ch","description":"Nat\u00fcrliche Teemischungen und klassischer Tee","publisher":{"@id":"https:\/\/teasense.ch\/it\/#organization"},"alternateName":"TeaSense","potentialAction":[{"@type":"SearchAction","target":{"@type":"EntryPoint","urlTemplate":"https:\/\/teasense.ch\/it\/?s={search_term_string}"},"query-input":{"@type":"PropertyValueSpecification","valueRequired":true,"valueName":"search_term_string"}}],"inLanguage":"it-CH"},{"@type":"Organization","@id":"https:\/\/teasense.ch\/it\/#organization","name":"Reale Selection","alternateName":"TeaSense.ch","url":"https:\/\/teasense.ch\/it\/","logo":{"@type":"ImageObject","inLanguage":"it-CH","@id":"https:\/\/teasense.ch\/it\/#\/schema\/logo\/image\/","url":"https:\/\/teasense.ch\/wp-content\/uploads\/2023\/07\/cropped-logo-teasense-kategorie-onlineshop-alle-produkte.jpg","contentUrl":"https:\/\/teasense.ch\/wp-content\/uploads\/2023\/07\/cropped-logo-teasense-kategorie-onlineshop-alle-produkte.jpg","width":512,"height":512,"caption":"Reale Selection"},"image":{"@id":"https:\/\/teasense.ch\/it\/#\/schema\/logo\/image\/"},"sameAs":["https:\/\/www.facebook.com\/teasense.ch"]}]}},"jetpack-related-posts":[{"id":49253,"url":"https:\/\/teasense.ch\/it\/prodotto\/rooibos-verde\/","url_meta":{"origin":50010,"position":0},"title":"Rooibos verde","author":"Reale Selection","date":"12 May 2025","format":false,"excerpt":"Preparazione \u2013 rooibos verde \ud83e\udd44 1 cucchiaino per 200 ml (20 g\/litro) \ud83c\udf21\ufe0f 90 \u00b0C \u23f3 5 minuti","rel":"","context":"Similar post","block_context":{"text":"Similar post","link":""},"img":{"alt_text":"Gr\u00fcner Rooibos Tee","src":"https:\/\/i0.wp.com\/teasense.ch\/wp-content\/uploads\/2025\/05\/Gruener-Rooibusch.png?resize=350%2C200&ssl=1","width":350,"height":200,"srcset":"https:\/\/i0.wp.com\/teasense.ch\/wp-content\/uploads\/2025\/05\/Gruener-Rooibusch.png?resize=350%2C200&ssl=1 1x, https:\/\/i0.wp.com\/teasense.ch\/wp-content\/uploads\/2025\/05\/Gruener-Rooibusch.png?resize=525%2C300&ssl=1 1.5x, https:\/\/i0.wp.com\/teasense.ch\/wp-content\/uploads\/2025\/05\/Gruener-Rooibusch.png?resize=700%2C400&ssl=1 2x"},"classes":[]},{"id":48549,"url":"https:\/\/teasense.ch\/it\/prodotto\/soba-cha-te-grano-saraceno-al-forno\/","url_meta":{"origin":50010,"position":1},"title":"Soba Cha \u2013 t\u00e8 di grano saraceno al forno","author":"Reale Selection","date":"10 November 2025","format":false,"excerpt":"\ud83e\udd44 2 cucchiaini per tazza (14 g\/litro) \ud83c\udf21\ufe0f 100 \u00b0C \u23f3 2 minuti","rel":"","context":"Similar post","block_context":{"text":"Similar post","link":""},"img":{"alt_text":"Soba Cha \u2013 gebackener Buchweizen Tee","src":"https:\/\/i0.wp.com\/teasense.ch\/wp-content\/uploads\/2025\/11\/buchweizen.png?resize=350%2C200&ssl=1","width":350,"height":200,"srcset":"https:\/\/i0.wp.com\/teasense.ch\/wp-content\/uploads\/2025\/11\/buchweizen.png?resize=350%2C200&ssl=1 1x, https:\/\/i0.wp.com\/teasense.ch\/wp-content\/uploads\/2025\/11\/buchweizen.png?resize=525%2C300&ssl=1 1.5x, https:\/\/i0.wp.com\/teasense.ch\/wp-content\/uploads\/2025\/11\/buchweizen.png?resize=700%2C400&ssl=1 2x"},"classes":[]},{"id":49871,"url":"https:\/\/teasense.ch\/it\/prodotto\/infuso-ayurveda-vata-alle-spezie\/","url_meta":{"origin":50010,"position":2},"title":"Infuso Ayurveda Vata alle spezie","author":"Reale Selection","date":"28 August 2023","format":false,"excerpt":"Il principio ayurvedico Vata \u00e8 associato ad aria e spazio. Preparazione \u2013 infuso Ayurveda Vata alle spezie \ud83e\udd44 2 g (ca. 1 cucchiaino) per 200 ml acqua \ud83c\udf21\ufe0f 100 \u00b0C \u23f3 7 \u2013 10 minuti","rel":"","context":"Similar post","block_context":{"text":"Similar post","link":""},"img":{"alt_text":"Ayurveda Vata Gew\u00fcrztee","src":"https:\/\/i0.wp.com\/teasense.ch\/wp-content\/uploads\/2023\/08\/Ayurveda-Vata-Gewuerztee.png?resize=350%2C200&ssl=1","width":350,"height":200,"srcset":"https:\/\/i0.wp.com\/teasense.ch\/wp-content\/uploads\/2023\/08\/Ayurveda-Vata-Gewuerztee.png?resize=350%2C200&ssl=1 1x, https:\/\/i0.wp.com\/teasense.ch\/wp-content\/uploads\/2023\/08\/Ayurveda-Vata-Gewuerztee.png?resize=525%2C300&ssl=1 1.5x, https:\/\/i0.wp.com\/teasense.ch\/wp-content\/uploads\/2023\/08\/Ayurveda-Vata-Gewuerztee.png?resize=700%2C400&ssl=1 2x"},"classes":[]},{"id":49051,"url":"https:\/\/teasense.ch\/it\/prodotto\/pekoe-te-nero-gorreana\/","url_meta":{"origin":50010,"position":3},"title":"Pekoe \u2013 T\u00e8 nero Gorreana","author":"Reale Selection","date":"20 August 2025","format":false,"excerpt":"Preparazione t\u00e8 nero Pekoe \u2013 Gorreana \ud83e\udd44 1\u20132 cucchiaini colmi (ca. 2 g) per 200 ml d\u2019acqua\ud83c\udf21\ufe0f 100 \u00b0C\u23f3 6\u201310 minuti","rel":"","context":"Similar post","block_context":{"text":"Similar post","link":""},"img":{"alt_text":"schwarzertee pekoe aus den Azoren Portugal","src":"https:\/\/i0.wp.com\/teasense.ch\/wp-content\/uploads\/2025\/08\/schwarzertee-pekoe.png?resize=350%2C200&ssl=1","width":350,"height":200,"srcset":"https:\/\/i0.wp.com\/teasense.ch\/wp-content\/uploads\/2025\/08\/schwarzertee-pekoe.png?resize=350%2C200&ssl=1 1x, https:\/\/i0.wp.com\/teasense.ch\/wp-content\/uploads\/2025\/08\/schwarzertee-pekoe.png?resize=525%2C300&ssl=1 1.5x, https:\/\/i0.wp.com\/teasense.ch\/wp-content\/uploads\/2025\/08\/schwarzertee-pekoe.png?resize=700%2C400&ssl=1 2x"},"classes":[]},{"id":48150,"url":"https:\/\/teasense.ch\/it\/prodotto\/te-nero-vaniglia\/","url_meta":{"origin":50010,"position":4},"title":"T\u00e8 nero vaniglia","author":"Reale Selection","date":"17 December 2025","format":false,"excerpt":"Preparazione T\u00e8 nero vaniglia naturale \ud83e\udd44 1 \u2013 2 cucchiaini per tazza (12 g\/litro)\ud83c\udf21\ufe0f 100 \u00b0C\u23f3 3 minuti","rel":"","context":"Similar post","block_context":{"text":"Similar post","link":""},"img":{"alt_text":"Schwarztee Vanille Nat\u00fcrlich","src":"https:\/\/i0.wp.com\/teasense.ch\/wp-content\/uploads\/2025\/12\/vanille-schwarztee.png?resize=350%2C200&ssl=1","width":350,"height":200,"srcset":"https:\/\/i0.wp.com\/teasense.ch\/wp-content\/uploads\/2025\/12\/vanille-schwarztee.png?resize=350%2C200&ssl=1 1x, https:\/\/i0.wp.com\/teasense.ch\/wp-content\/uploads\/2025\/12\/vanille-schwarztee.png?resize=525%2C300&ssl=1 1.5x, https:\/\/i0.wp.com\/teasense.ch\/wp-content\/uploads\/2025\/12\/vanille-schwarztee.png?resize=700%2C400&ssl=1 2x"},"classes":[]},{"id":48655,"url":"https:\/\/teasense.ch\/it\/prodotto\/te-pu-erh-cina\/","url_meta":{"origin":50010,"position":5},"title":"T\u00e8 Pu Erh Cina","author":"Reale Selection","date":"13 October 2025","format":false,"excerpt":"Preparazione t\u00e8 Pu Erh Cina \ud83e\udd441 cucchiaino per 200 ml \ud83c\udf21\ufe0f 95 \u00b0C \u23f3 2-4 minuti","rel":"","context":"Similar post","block_context":{"text":"Similar post","link":""},"img":{"alt_text":"China Pu Erh Tee Fermentierter Schwarztee aus Yunnan","src":"https:\/\/i0.wp.com\/teasense.ch\/wp-content\/uploads\/2025\/10\/china-pu-erh-tee.png?resize=350%2C200&ssl=1","width":350,"height":200,"srcset":"https:\/\/i0.wp.com\/teasense.ch\/wp-content\/uploads\/2025\/10\/china-pu-erh-tee.png?resize=350%2C200&ssl=1 1x, https:\/\/i0.wp.com\/teasense.ch\/wp-content\/uploads\/2025\/10\/china-pu-erh-tee.png?resize=525%2C300&ssl=1 1.5x, https:\/\/i0.wp.com\/teasense.ch\/wp-content\/uploads\/2025\/10\/china-pu-erh-tee.png?resize=700%2C400&ssl=1 2x"},"classes":[]}],"jetpack_sharing_enabled":true,"jetpack_likes_enabled":false,"_links":{"self":[{"href":"https:\/\/teasense.ch\/it\/wp-json\/wp\/v2\/product\/50010","targetHints":{"allow":["GET"]}}],"collection":[{"href":"https:\/\/teasense.ch\/it\/wp-json\/wp\/v2\/product"}],"about":[{"href":"https:\/\/teasense.ch\/it\/wp-json\/wp\/v2\/types\/product"}],"replies":[{"embeddable":true,"href":"https:\/\/teasense.ch\/it\/wp-json\/wp\/v2\/comments?post=50010"}],"wp:featuredmedia":[{"embeddable":true,"href":"https:\/\/teasense.ch\/it\/wp-json\/wp\/v2\/media\/38567"}],"wp:attachment":[{"href":"https:\/\/teasense.ch\/it\/wp-json\/wp\/v2\/media?parent=50010"}],"wp:term":[{"taxonomy":"product_brand","embeddable":true,"href":"https:\/\/teasense.ch\/it\/wp-json\/wp\/v2\/product_brand?post=50010"},{"taxonomy":"product_cat","embeddable":true,"href":"https:\/\/teasense.ch\/it\/wp-json\/wp\/v2\/product_cat?post=50010"},{"taxonomy":"product_tag","embeddable":true,"href":"https:\/\/teasense.ch\/it\/wp-json\/wp\/v2\/product_tag?post=50010"}],"curies":[{"name":"wp","href":"https:\/\/api.w.org\/{rel}","templated":true}]}}