{"id":50902,"date":"2026-05-17T05:49:10","date_gmt":"2026-05-17T03:49:10","guid":{"rendered":"https:\/\/teasense.ch\/produkt\/pausa-te\/"},"modified":"2026-05-17T10:51:54","modified_gmt":"2026-05-17T08:51:54","slug":"pausa-te","status":"publish","type":"product","link":"https:\/\/teasense.ch\/it\/prodotto\/pausa-te\/","title":{"rendered":"Pausa T\u00e8"},"content":{"rendered":"<p>A volte non ci vuole molto \u2013 solo una tazza di t\u00e8 e un momento tutto per s\u00e9.<\/p>\n<p>Pausa T\u00e8 unisce un raffinato t\u00e8 verde a erbe e fiori selezionati con cura, in un blend che va ben oltre una semplice tisana.<\/p>\n<p>Il t\u00e8 verde costituisce la base aromatica \u2013 leggermente erboso, fresco e vivace. Ad esso si uniscono il tulsi, la melissa e i fiori di tiglio, che donano al tutto una profondit\u00e0 floreale e delicata. La citronella e la verbena regalano una piacevole nota di freschezza, mentre i pezzetti di mela tostata e le scorze d&#8217;arancia portano una dolcezza fruttata del tutto naturale. I luminosi petali di calendula e malva completano il blend anche visivamente \u2013 un vero colpo d&#8217;occhio nella tazza.   <\/p>\n<p>Ingredienti:<br \/>T\u00e8 verde, pezzetti di mela (tostata), tulsi, melissa, scorze d&#8217;arancia, citronella, fiori di tiglio, verbena, aroma naturale, petali di calendula, fiori di malva<\/p>\n","protected":false},"excerpt":{"rendered":"<h4>Preparazione<\/h4>\n<p>\ud83e\udd44 10\u201312 g\/litro<br \/>\n\ud83c\udf21\ufe0f 100\u00b0C<br \/>\n\u23f3 6\u201310 minuti<\/p>\n","protected":false},"featured_media":50911,"comment_status":"open","ping_status":"closed","template":"","meta":{"_et_pb_use_builder":"","_et_pb_old_content":"","_et_gb_content_width":""},"product_brand":[],"product_cat":[339,416,341,340],"product_tag":[],"class_list":{"0":"post-50902","1":"product","2":"type-product","3":"status-publish","4":"has-post-thumbnail","6":"product_cat-te-sfuso","7":"product_cat-te-verde","8":"product_cat-tisana","9":"product_cat-tutti-prodotti","10":"pa_herkunft-germania","11":"pa_weight-100-g","12":"pa_weight-200-g","13":"pa_weight-400-g","14":"pa_weight-50-g","16":"first","17":"instock","18":"shipping-taxable","19":"purchasable","20":"product-type-variable","21":"has-default-attributes","22":"add-to-wishlist-before_image"},"yoast_head":"<!-- This site is optimized with the Yoast SEO plugin v27.6 - https:\/\/yoast.com\/product\/yoast-seo-wordpress\/ -->\n<title>Pausa T\u00e8 - TeaSense.ch<\/title>\n<meta name=\"description\" content=\"Pausa T\u00e8 \u2013 un blend raffinato di t\u00e8 verde, tulsi, melissa e fiori di tiglio. Un vero t\u00e8 incontra erbe selezionate \u2013 assapora il momento.\" \/>\n<meta name=\"robots\" content=\"index, follow, max-snippet:-1, max-image-preview:large, max-video-preview:-1\" \/>\n<link rel=\"canonical\" href=\"https:\/\/teasense.ch\/it\/prodotto\/pausa-te\/\" \/>\n<meta property=\"og:locale\" content=\"it_IT\" \/>\n<meta property=\"og:type\" content=\"article\" \/>\n<meta property=\"og:title\" content=\"Pausa T\u00e8 - TeaSense.ch\" \/>\n<meta property=\"og:description\" content=\"Pausa T\u00e8 \u2013 un blend raffinato di t\u00e8 verde, tulsi, melissa e fiori di tiglio. Un vero t\u00e8 incontra erbe selezionate \u2013 assapora il momento.\" \/>\n<meta property=\"og:url\" content=\"https:\/\/teasense.ch\/it\/prodotto\/pausa-te\/\" \/>\n<meta property=\"og:site_name\" content=\"TeaSense.ch\" \/>\n<meta property=\"article:publisher\" content=\"https:\/\/www.facebook.com\/teasense.ch\" \/>\n<meta property=\"article:modified_time\" content=\"2026-05-17T08:51:54+00:00\" \/>\n<meta property=\"og:image\" content=\"https:\/\/teasense.ch\/wp-content\/uploads\/2026\/05\/teepause-gruentee-und-kraeutertee-1.png\" \/>\n\t<meta property=\"og:image:width\" content=\"800\" \/>\n\t<meta property=\"og:image:height\" content=\"800\" \/>\n\t<meta property=\"og:image:type\" content=\"image\/png\" \/>\n<meta name=\"twitter:card\" content=\"summary_large_image\" \/>\n<meta name=\"twitter:label1\" content=\"Est. reading time\" \/>\n\t<meta name=\"twitter:data1\" content=\"1 minuto\" \/>\n<!-- \/ Yoast SEO plugin. -->","yoast_head_json":{"title":"Pausa T\u00e8 - TeaSense.ch","description":"Pausa T\u00e8 \u2013 un blend raffinato di t\u00e8 verde, tulsi, melissa e fiori di tiglio. Un vero t\u00e8 incontra erbe selezionate \u2013 assapora il momento.","robots":{"index":"index","follow":"follow","max-snippet":"max-snippet:-1","max-image-preview":"max-image-preview:large","max-video-preview":"max-video-preview:-1"},"canonical":"https:\/\/teasense.ch\/it\/prodotto\/pausa-te\/","og_locale":"it_IT","og_type":"article","og_title":"Pausa T\u00e8 - TeaSense.ch","og_description":"Pausa T\u00e8 \u2013 un blend raffinato di t\u00e8 verde, tulsi, melissa e fiori di tiglio. Un vero t\u00e8 incontra erbe selezionate \u2013 assapora il momento.","og_url":"https:\/\/teasense.ch\/it\/prodotto\/pausa-te\/","og_site_name":"TeaSense.ch","article_publisher":"https:\/\/www.facebook.com\/teasense.ch","article_modified_time":"2026-05-17T08:51:54+00:00","og_image":[{"width":800,"height":800,"url":"https:\/\/teasense.ch\/wp-content\/uploads\/2026\/05\/teepause-gruentee-und-kraeutertee-1.png","type":"image\/png"}],"twitter_card":"summary_large_image","twitter_misc":{"Est. reading time":"1 minuto"},"schema":{"@context":"https:\/\/schema.org","@graph":[{"@type":"WebPage","@id":"https:\/\/teasense.ch\/it\/prodotto\/pausa-te\/","url":"https:\/\/teasense.ch\/it\/prodotto\/pausa-te\/","name":"Pausa T\u00e8 - TeaSense.ch","isPartOf":{"@id":"https:\/\/teasense.ch\/it\/#website"},"primaryImageOfPage":{"@id":"https:\/\/teasense.ch\/it\/prodotto\/pausa-te\/#primaryimage"},"image":{"@id":"https:\/\/teasense.ch\/it\/prodotto\/pausa-te\/#primaryimage"},"thumbnailUrl":"https:\/\/teasense.ch\/wp-content\/uploads\/2026\/05\/teepause-gruentee-und-kraeutertee-1.png","datePublished":"2026-05-17T03:49:10+00:00","dateModified":"2026-05-17T08:51:54+00:00","description":"Pausa T\u00e8 \u2013 un blend raffinato di t\u00e8 verde, tulsi, melissa e fiori di tiglio. Un vero t\u00e8 incontra erbe selezionate \u2013 assapora il momento.","breadcrumb":{"@id":"https:\/\/teasense.ch\/it\/prodotto\/pausa-te\/#breadcrumb"},"inLanguage":"it-CH","potentialAction":[{"@type":"ReadAction","target":["https:\/\/teasense.ch\/it\/prodotto\/pausa-te\/"]}]},{"@type":"ImageObject","inLanguage":"it-CH","@id":"https:\/\/teasense.ch\/it\/prodotto\/pausa-te\/#primaryimage","url":"https:\/\/teasense.ch\/wp-content\/uploads\/2026\/05\/teepause-gruentee-und-kraeutertee-1.png","contentUrl":"https:\/\/teasense.ch\/wp-content\/uploads\/2026\/05\/teepause-gruentee-und-kraeutertee-1.png","width":800,"height":800,"caption":"Pausa t\u00e8: t\u00e8 verde e tisane"},{"@type":"BreadcrumbList","@id":"https:\/\/teasense.ch\/it\/prodotto\/pausa-te\/#breadcrumb","itemListElement":[{"@type":"ListItem","position":1,"name":"Startseite","item":"https:\/\/teasense.ch\/it\/"},{"@type":"ListItem","position":2,"name":"Ordina t\u00e8 online in Svizzera","item":"https:\/\/teasense.ch\/it\/shop\/"},{"@type":"ListItem","position":3,"name":"Pausa T\u00e8"}]},{"@type":"WebSite","@id":"https:\/\/teasense.ch\/it\/#website","url":"https:\/\/teasense.ch\/it\/","name":"TeaSense.ch","description":"Nat\u00fcrliche Teemischungen und klassischer Tee","publisher":{"@id":"https:\/\/teasense.ch\/it\/#organization"},"alternateName":"TeaSense","potentialAction":[{"@type":"SearchAction","target":{"@type":"EntryPoint","urlTemplate":"https:\/\/teasense.ch\/it\/?s={search_term_string}"},"query-input":{"@type":"PropertyValueSpecification","valueRequired":true,"valueName":"search_term_string"}}],"inLanguage":"it-CH"},{"@type":"Organization","@id":"https:\/\/teasense.ch\/it\/#organization","name":"Reale Selection","alternateName":"TeaSense.ch","url":"https:\/\/teasense.ch\/it\/","logo":{"@type":"ImageObject","inLanguage":"it-CH","@id":"https:\/\/teasense.ch\/it\/#\/schema\/logo\/image\/","url":"https:\/\/teasense.ch\/wp-content\/uploads\/2023\/07\/cropped-logo-teasense-kategorie-onlineshop-alle-produkte.jpg","contentUrl":"https:\/\/teasense.ch\/wp-content\/uploads\/2023\/07\/cropped-logo-teasense-kategorie-onlineshop-alle-produkte.jpg","width":512,"height":512,"caption":"Reale Selection"},"image":{"@id":"https:\/\/teasense.ch\/it\/#\/schema\/logo\/image\/"},"sameAs":["https:\/\/www.facebook.com\/teasense.ch"]}]}},"jetpack-related-posts":[{"id":48482,"url":"https:\/\/teasense.ch\/it\/prodotto\/tisana-cacao-menta\/","url_meta":{"origin":50902,"position":0},"title":"Cacao Menta &#8211; Miscela di tisane","author":"Reale Selection","date":"16 Novembre 2025","format":false,"excerpt":"Preparazione \ud83e\udd44 1 cucchiaino (10\u201312 g per litro)\ud83c\udf21\ufe0f 100 \u00b0C\u23f3 5 - 8 minuti","rel":"","context":"Similar post","block_context":{"text":"Similar post","link":""},"img":{"alt_text":"Cacao Menta - Miscela di tisane","src":"https:\/\/i0.wp.com\/teasense.ch\/wp-content\/uploads\/2025\/11\/schoko-minze-kraeuterteemischung.png?resize=350%2C200&ssl=1","width":350,"height":200,"srcset":"https:\/\/i0.wp.com\/teasense.ch\/wp-content\/uploads\/2025\/11\/schoko-minze-kraeuterteemischung.png?resize=350%2C200&ssl=1 1x, https:\/\/i0.wp.com\/teasense.ch\/wp-content\/uploads\/2025\/11\/schoko-minze-kraeuterteemischung.png?resize=525%2C300&ssl=1 1.5x, https:\/\/i0.wp.com\/teasense.ch\/wp-content\/uploads\/2025\/11\/schoko-minze-kraeuterteemischung.png?resize=700%2C400&ssl=1 2x"},"classes":[]},{"id":48459,"url":"https:\/\/teasense.ch\/it\/prodotto\/composizione-te\/","url_meta":{"origin":50902,"position":1},"title":"Composizione di t\u00e8","author":"Reale Selection","date":"16 December 2025","format":false,"excerpt":"Preparazione Composizione di t\u00e8 \ud83e\udd44 1\u20132 cucchiaini per tazza (12 g per litro)\ud83c\udf21\ufe0f 100 \u00b0C\u23f3 3 minuti","rel":"","context":"Similar post","block_context":{"text":"Similar post","link":""},"img":{"alt_text":"Trilogia del t\u00e8: t\u00e8 nero, t\u00e8 verde e t\u00e8 Pu-erh.","src":"https:\/\/i0.wp.com\/teasense.ch\/wp-content\/uploads\/2025\/12\/tee-trilogie-%E2%80%93-schwarz-gruen-und-pu-erh-tee.png?resize=350%2C200&ssl=1","width":350,"height":200,"srcset":"https:\/\/i0.wp.com\/teasense.ch\/wp-content\/uploads\/2025\/12\/tee-trilogie-%E2%80%93-schwarz-gruen-und-pu-erh-tee.png?resize=350%2C200&ssl=1 1x, https:\/\/i0.wp.com\/teasense.ch\/wp-content\/uploads\/2025\/12\/tee-trilogie-%E2%80%93-schwarz-gruen-und-pu-erh-tee.png?resize=525%2C300&ssl=1 1.5x, https:\/\/i0.wp.com\/teasense.ch\/wp-content\/uploads\/2025\/12\/tee-trilogie-%E2%80%93-schwarz-gruen-und-pu-erh-tee.png?resize=700%2C400&ssl=1 2x"},"classes":[]},{"id":50223,"url":"https:\/\/teasense.ch\/it\/prodotto\/tisana-dei-sensi\/","url_meta":{"origin":50902,"position":2},"title":"Tisana dei Sensi","author":"Reale Selection","date":"29 Agosto 2023","format":false,"excerpt":"Preparazione Tisana dei Sensi \ud83e\udd44 2,5 g per 200 ml d\u2019acqua \ud83c\udf21\ufe0f 100 \u00b0C \u23f3 5\u20138 minuti","rel":"","context":"Similar post","block_context":{"text":"Similar post","link":""},"img":{"alt_text":"Sinneskr\u00e4uter Lose Teemischung","src":"https:\/\/i0.wp.com\/teasense.ch\/wp-content\/uploads\/2023\/08\/sinneskraeuter-teemischung-plain.jpg?resize=350%2C200&ssl=1","width":350,"height":200,"srcset":"https:\/\/i0.wp.com\/teasense.ch\/wp-content\/uploads\/2023\/08\/sinneskraeuter-teemischung-plain.jpg?resize=350%2C200&ssl=1 1x, https:\/\/i0.wp.com\/teasense.ch\/wp-content\/uploads\/2023\/08\/sinneskraeuter-teemischung-plain.jpg?resize=525%2C300&ssl=1 1.5x, https:\/\/i0.wp.com\/teasense.ch\/wp-content\/uploads\/2023\/08\/sinneskraeuter-teemischung-plain.jpg?resize=700%2C400&ssl=1 2x"},"classes":[]},{"id":49310,"url":"https:\/\/teasense.ch\/it\/prodotto\/tisana-mela-menta\/","url_meta":{"origin":50902,"position":3},"title":"Tisana mela menta","author":"Reale Selection","date":"10 May 2025","format":false,"excerpt":"Preparazione \u2013 tisana mela menta \ud83e\udd44 2 g (circa 1\u20132 cucchiaini) per 200 ml \ud83c\udf21\ufe0f 90 \u00b0C \u23f3 5\u20138 minuti","rel":"","context":"Similar post","block_context":{"text":"Similar post","link":""},"img":{"alt_text":"Apfel-Minz-Teemischung","src":"https:\/\/i0.wp.com\/teasense.ch\/wp-content\/uploads\/2025\/05\/Apfel-Minz-Tee.png?resize=350%2C200&ssl=1","width":350,"height":200,"srcset":"https:\/\/i0.wp.com\/teasense.ch\/wp-content\/uploads\/2025\/05\/Apfel-Minz-Tee.png?resize=350%2C200&ssl=1 1x, https:\/\/i0.wp.com\/teasense.ch\/wp-content\/uploads\/2025\/05\/Apfel-Minz-Tee.png?resize=525%2C300&ssl=1 1.5x, https:\/\/i0.wp.com\/teasense.ch\/wp-content\/uploads\/2025\/05\/Apfel-Minz-Tee.png?resize=700%2C400&ssl=1 2x"},"classes":[]},{"id":49797,"url":"https:\/\/teasense.ch\/it\/prodotto\/earl-grey-gelsomino\/","url_meta":{"origin":50902,"position":4},"title":"Earl Grey al gelsomino","author":"Reale Selection","date":"25 February 2025","format":false,"excerpt":"Preparazione Earl Grey al gelsomino \ud83e\udd44 2,5 g per 200 ml acqua \ud83c\udf21\ufe0f 90 - 95 \u00b0C \u23f3 3 - 5 minuti Consiglio \ud83d\udca1 Ridurre il tempo di infusione per un gusto pi\u00f9 delicato.","rel":"","context":"Similar post","block_context":{"text":"Similar post","link":""},"img":{"alt_text":"Earl Grey mit Jasminbl\u00fcten \u2013 Aromatisierter Schwarztee mit feiner Blumennote","src":"https:\/\/i0.wp.com\/teasense.ch\/wp-content\/uploads\/2025\/02\/Earl-Grey-mit-Jasminblueten.png?resize=350%2C200&ssl=1","width":350,"height":200,"srcset":"https:\/\/i0.wp.com\/teasense.ch\/wp-content\/uploads\/2025\/02\/Earl-Grey-mit-Jasminblueten.png?resize=350%2C200&ssl=1 1x, https:\/\/i0.wp.com\/teasense.ch\/wp-content\/uploads\/2025\/02\/Earl-Grey-mit-Jasminblueten.png?resize=525%2C300&ssl=1 1.5x, https:\/\/i0.wp.com\/teasense.ch\/wp-content\/uploads\/2025\/02\/Earl-Grey-mit-Jasminblueten.png?resize=700%2C400&ssl=1 2x"},"classes":[]},{"id":48599,"url":"https:\/\/teasense.ch\/it\/prodotto\/pu-erh-limone\/","url_meta":{"origin":50902,"position":5},"title":"Pu Erh Limone","author":"Reale Selection","date":"13 October 2025","format":false,"excerpt":"Preparazione Pu Erh Limone \ud83e\udd441 cucchiaino per 200 ml\ud83c\udf21\ufe0f 90 \u00b0C\u23f3 2 minuti","rel":"","context":"Similar post","block_context":{"text":"Similar post","link":""},"img":{"alt_text":"Pu Erh Zitrone - China Pu Erh Tee mit der frischen Note von Zitronenschalen und Lemongras","src":"https:\/\/i0.wp.com\/teasense.ch\/wp-content\/uploads\/2025\/10\/pu-erh-zitrone.png?resize=350%2C200&ssl=1","width":350,"height":200,"srcset":"https:\/\/i0.wp.com\/teasense.ch\/wp-content\/uploads\/2025\/10\/pu-erh-zitrone.png?resize=350%2C200&ssl=1 1x, https:\/\/i0.wp.com\/teasense.ch\/wp-content\/uploads\/2025\/10\/pu-erh-zitrone.png?resize=525%2C300&ssl=1 1.5x, https:\/\/i0.wp.com\/teasense.ch\/wp-content\/uploads\/2025\/10\/pu-erh-zitrone.png?resize=700%2C400&ssl=1 2x"},"classes":[]}],"jetpack_sharing_enabled":true,"jetpack_likes_enabled":false,"_links":{"self":[{"href":"https:\/\/teasense.ch\/it\/wp-json\/wp\/v2\/product\/50902","targetHints":{"allow":["GET"]}}],"collection":[{"href":"https:\/\/teasense.ch\/it\/wp-json\/wp\/v2\/product"}],"about":[{"href":"https:\/\/teasense.ch\/it\/wp-json\/wp\/v2\/types\/product"}],"replies":[{"embeddable":true,"href":"https:\/\/teasense.ch\/it\/wp-json\/wp\/v2\/comments?post=50902"}],"wp:featuredmedia":[{"embeddable":true,"href":"https:\/\/teasense.ch\/it\/wp-json\/wp\/v2\/media\/50911"}],"wp:attachment":[{"href":"https:\/\/teasense.ch\/it\/wp-json\/wp\/v2\/media?parent=50902"}],"wp:term":[{"taxonomy":"product_brand","embeddable":true,"href":"https:\/\/teasense.ch\/it\/wp-json\/wp\/v2\/product_brand?post=50902"},{"taxonomy":"product_cat","embeddable":true,"href":"https:\/\/teasense.ch\/it\/wp-json\/wp\/v2\/product_cat?post=50902"},{"taxonomy":"product_tag","embeddable":true,"href":"https:\/\/teasense.ch\/it\/wp-json\/wp\/v2\/product_tag?post=50902"}],"curies":[{"name":"wp","href":"https:\/\/api.w.org\/{rel}","templated":true}]}}