{"id":50933,"date":"2026-05-17T10:58:17","date_gmt":"2026-05-17T08:58:17","guid":{"rendered":"https:\/\/teasense.ch\/produkt\/giardino-mandarino-tisana-frutta\/"},"modified":"2026-05-17T10:58:17","modified_gmt":"2026-05-17T08:58:17","slug":"giardino-mandarino-tisana-frutta","status":"publish","type":"product","link":"https:\/\/teasense.ch\/it\/prodotto\/giardino-mandarino-tisana-frutta\/","title":{"rendered":"Giardino Mandarino \u2013 Tisana di frutta"},"content":{"rendered":"<p>Un giardino ricco di frutti, bacche e fiori \u2013 questo \u00e8 Giardino Mandarino \u2013 Tisana di frutta. Questa pregiata miscela unisce succosi pezzetti di mela, lamponi e pesca all&#8217;inconfondibile duo di bacche e fiori di sambuco. Un tocco di mandarino aggiunge una nota fresca e soleggiata che rende ogni sorso speciale.  <\/p>\n<p>L&#8217;ibisco e la rosa canina donano alla miscela il suo caratteristico colore rosso intenso e una piacevole acidit\u00e0 naturale \u2013 un vero spettacolo nella tazza. I petali di calendula completano il tutto con un ultimo tocco fiorito. Giardino Mandarino \u00e8 completamente priva di caffeina e ricca di aromi naturali \u2013 pura, genuina e fruttata. Per ogni momento che merita qualcosa di fruttato.  <\/p>\n<p><strong>Ingredienti<\/strong>: Pezzetti di mela, ibisco, gusci di rosa canina, bacche di sambuco, fiori di sambuco, pezzetti di lampone liofilizzati, pezzetti di pesca liofilizzati, aroma naturale di fiori di sambuco, aroma naturale di frutti di bosco, petali di calendula, aroma naturale di pesca, olio di mandarino<\/p>\n<p>Preparazione Giardino Mandarino:<br \/>Portare l&#8217;acqua a 100\u00b0C e lasciare in infusione per 6\u201310 minuti. Usare 13\u201315 g per litro. Pi\u00f9 a lungo si lascia in infusione, pi\u00f9 intenso sar\u00e0 l&#8217;aroma.  <\/p>\n","protected":false},"excerpt":{"rendered":"<h4>Preparazione Giardino Mandarino<\/h4>\n<p>\ud83e\udd44 13\u201315 g per litro<br \/>\n\ud83c\udf21\ufe0f 100\u00b0C<br \/>\n\u23f3 6\u201310 minuti<\/p>\n","protected":false},"featured_media":50913,"comment_status":"open","ping_status":"closed","template":"","meta":{"_et_pb_use_builder":"","_et_pb_old_content":"","_et_gb_content_width":""},"product_brand":[],"product_cat":[413,339,340],"product_tag":[],"class_list":{"0":"post-50933","1":"product","2":"type-product","3":"status-publish","4":"has-post-thumbnail","6":"product_cat-infuso-frutta","7":"product_cat-te-sfuso","8":"product_cat-tutti-prodotti","9":"pa_herkunft-germania","10":"pa_weight-100-g","11":"pa_weight-200-g","12":"pa_weight-400-g","13":"pa_weight-50-g","15":"first","16":"instock","17":"shipping-taxable","18":"purchasable","19":"product-type-variable","20":"has-default-attributes","21":"add-to-wishlist-before_image"},"yoast_head":"<!-- This site is optimized with the Yoast SEO plugin v27.6 - https:\/\/yoast.com\/product\/yoast-seo-wordpress\/ -->\n<title>Giardino Mandarino \u2013 Tisana di frutta - TeaSense.ch<\/title>\n<meta name=\"description\" content=\"Giardino Mandarino \u2013 una tisana di frutta con sambuco, ibisco, rosa canina &amp; mandarino. Senza caffeina, colorata e ricca di aromi naturali \u2013 da gustare in ogni momento.\" \/>\n<meta name=\"robots\" content=\"index, follow, max-snippet:-1, max-image-preview:large, max-video-preview:-1\" \/>\n<link rel=\"canonical\" href=\"https:\/\/teasense.ch\/it\/prodotto\/giardino-mandarino-tisana-frutta\/\" \/>\n<meta property=\"og:locale\" content=\"it_IT\" \/>\n<meta property=\"og:type\" content=\"article\" \/>\n<meta property=\"og:title\" content=\"Giardino Mandarino \u2013 Tisana di frutta - TeaSense.ch\" \/>\n<meta property=\"og:description\" content=\"Giardino Mandarino \u2013 una tisana di frutta con sambuco, ibisco, rosa canina &amp; mandarino. Senza caffeina, colorata e ricca di aromi naturali \u2013 da gustare in ogni momento.\" \/>\n<meta property=\"og:url\" content=\"https:\/\/teasense.ch\/it\/prodotto\/giardino-mandarino-tisana-frutta\/\" \/>\n<meta property=\"og:site_name\" content=\"TeaSense.ch\" \/>\n<meta property=\"article:publisher\" content=\"https:\/\/www.facebook.com\/teasense.ch\" \/>\n<meta property=\"og:image\" content=\"https:\/\/teasense.ch\/wp-content\/uploads\/2026\/05\/mandarinengarten-\u2013-fruechtetee.png\" \/>\n\t<meta property=\"og:image:width\" content=\"800\" \/>\n\t<meta property=\"og:image:height\" content=\"800\" \/>\n\t<meta property=\"og:image:type\" content=\"image\/png\" \/>\n<meta name=\"twitter:card\" content=\"summary_large_image\" \/>\n<meta name=\"twitter:label1\" content=\"Est. reading time\" \/>\n\t<meta name=\"twitter:data1\" content=\"1 minuto\" \/>\n<!-- \/ Yoast SEO plugin. -->","yoast_head_json":{"title":"Giardino Mandarino \u2013 Tisana di frutta - TeaSense.ch","description":"Giardino Mandarino \u2013 una tisana di frutta con sambuco, ibisco, rosa canina & mandarino. Senza caffeina, colorata e ricca di aromi naturali \u2013 da gustare in ogni momento.","robots":{"index":"index","follow":"follow","max-snippet":"max-snippet:-1","max-image-preview":"max-image-preview:large","max-video-preview":"max-video-preview:-1"},"canonical":"https:\/\/teasense.ch\/it\/prodotto\/giardino-mandarino-tisana-frutta\/","og_locale":"it_IT","og_type":"article","og_title":"Giardino Mandarino \u2013 Tisana di frutta - TeaSense.ch","og_description":"Giardino Mandarino \u2013 una tisana di frutta con sambuco, ibisco, rosa canina & mandarino. Senza caffeina, colorata e ricca di aromi naturali \u2013 da gustare in ogni momento.","og_url":"https:\/\/teasense.ch\/it\/prodotto\/giardino-mandarino-tisana-frutta\/","og_site_name":"TeaSense.ch","article_publisher":"https:\/\/www.facebook.com\/teasense.ch","og_image":[{"width":800,"height":800,"url":"https:\/\/teasense.ch\/wp-content\/uploads\/2026\/05\/mandarinengarten-\u2013-fruechtetee.png","type":"image\/png"}],"twitter_card":"summary_large_image","twitter_misc":{"Est. reading time":"1 minuto"},"schema":{"@context":"https:\/\/schema.org","@graph":[{"@type":"WebPage","@id":"https:\/\/teasense.ch\/it\/prodotto\/giardino-mandarino-tisana-frutta\/","url":"https:\/\/teasense.ch\/it\/prodotto\/giardino-mandarino-tisana-frutta\/","name":"Giardino Mandarino \u2013 Tisana di frutta - TeaSense.ch","isPartOf":{"@id":"https:\/\/teasense.ch\/it\/#website"},"primaryImageOfPage":{"@id":"https:\/\/teasense.ch\/it\/prodotto\/giardino-mandarino-tisana-frutta\/#primaryimage"},"image":{"@id":"https:\/\/teasense.ch\/it\/prodotto\/giardino-mandarino-tisana-frutta\/#primaryimage"},"thumbnailUrl":"https:\/\/teasense.ch\/wp-content\/uploads\/2026\/05\/mandarinengarten-\u2013-fruechtetee.png","datePublished":"2026-05-17T08:58:17+00:00","description":"Giardino Mandarino \u2013 una tisana di frutta con sambuco, ibisco, rosa canina & mandarino. Senza caffeina, colorata e ricca di aromi naturali \u2013 da gustare in ogni momento.","breadcrumb":{"@id":"https:\/\/teasense.ch\/it\/prodotto\/giardino-mandarino-tisana-frutta\/#breadcrumb"},"inLanguage":"it-CH","potentialAction":[{"@type":"ReadAction","target":["https:\/\/teasense.ch\/it\/prodotto\/giardino-mandarino-tisana-frutta\/"]}]},{"@type":"ImageObject","inLanguage":"it-CH","@id":"https:\/\/teasense.ch\/it\/prodotto\/giardino-mandarino-tisana-frutta\/#primaryimage","url":"https:\/\/teasense.ch\/wp-content\/uploads\/2026\/05\/mandarinengarten-\u2013-fruechtetee.png","contentUrl":"https:\/\/teasense.ch\/wp-content\/uploads\/2026\/05\/mandarinengarten-\u2013-fruechtetee.png","width":800,"height":800,"caption":"Mandarinengarten \u2013 Fr\u00fcchtetee"},{"@type":"BreadcrumbList","@id":"https:\/\/teasense.ch\/it\/prodotto\/giardino-mandarino-tisana-frutta\/#breadcrumb","itemListElement":[{"@type":"ListItem","position":1,"name":"Startseite","item":"https:\/\/teasense.ch\/it\/"},{"@type":"ListItem","position":2,"name":"Ordina t\u00e8 online in Svizzera","item":"https:\/\/teasense.ch\/it\/shop\/"},{"@type":"ListItem","position":3,"name":"Giardino Mandarino \u2013 Tisana di frutta"}]},{"@type":"WebSite","@id":"https:\/\/teasense.ch\/it\/#website","url":"https:\/\/teasense.ch\/it\/","name":"TeaSense.ch","description":"Nat\u00fcrliche Teemischungen und klassischer Tee","publisher":{"@id":"https:\/\/teasense.ch\/it\/#organization"},"alternateName":"TeaSense","potentialAction":[{"@type":"SearchAction","target":{"@type":"EntryPoint","urlTemplate":"https:\/\/teasense.ch\/it\/?s={search_term_string}"},"query-input":{"@type":"PropertyValueSpecification","valueRequired":true,"valueName":"search_term_string"}}],"inLanguage":"it-CH"},{"@type":"Organization","@id":"https:\/\/teasense.ch\/it\/#organization","name":"Reale Selection","alternateName":"TeaSense.ch","url":"https:\/\/teasense.ch\/it\/","logo":{"@type":"ImageObject","inLanguage":"it-CH","@id":"https:\/\/teasense.ch\/it\/#\/schema\/logo\/image\/","url":"https:\/\/teasense.ch\/wp-content\/uploads\/2023\/07\/cropped-logo-teasense-kategorie-onlineshop-alle-produkte.jpg","contentUrl":"https:\/\/teasense.ch\/wp-content\/uploads\/2023\/07\/cropped-logo-teasense-kategorie-onlineshop-alle-produkte.jpg","width":512,"height":512,"caption":"Reale Selection"},"image":{"@id":"https:\/\/teasense.ch\/it\/#\/schema\/logo\/image\/"},"sameAs":["https:\/\/www.facebook.com\/teasense.ch"]}]}},"jetpack-related-posts":[{"id":50253,"url":"https:\/\/teasense.ch\/it\/prodotto\/infuso-frutti-di-bosco\/","url_meta":{"origin":50933,"position":0},"title":"Infuso frutti di bosco","author":"Reale Selection","date":"29 Agosto 2023","format":false,"excerpt":"Preparazione \u2013 infuso frutti di bosco \ud83e\udd44 2 g (ca. 1\u20132 cucchiaini) per 200 ml d\u2019acqua \ud83c\udf21\ufe0f 100 \u00b0C \u23f3 5\u201310 minuti","rel":"","context":"Similar post","block_context":{"text":"Similar post","link":""},"img":{"alt_text":"Waldbeere Fr\u00fcchtetee","src":"https:\/\/i0.wp.com\/teasense.ch\/wp-content\/uploads\/2023\/08\/Waldbeere-Fruechtetee.png?resize=350%2C200&ssl=1","width":350,"height":200,"srcset":"https:\/\/i0.wp.com\/teasense.ch\/wp-content\/uploads\/2023\/08\/Waldbeere-Fruechtetee.png?resize=350%2C200&ssl=1 1x, https:\/\/i0.wp.com\/teasense.ch\/wp-content\/uploads\/2023\/08\/Waldbeere-Fruechtetee.png?resize=525%2C300&ssl=1 1.5x, https:\/\/i0.wp.com\/teasense.ch\/wp-content\/uploads\/2023\/08\/Waldbeere-Fruechtetee.png?resize=700%2C400&ssl=1 2x"},"classes":[]},{"id":50055,"url":"https:\/\/teasense.ch\/it\/prodotto\/tisana-alle-erbe-senza-aromi\/","url_meta":{"origin":50933,"position":1},"title":"Tisana alle erbe senza aromi","author":"Reale Selection","date":"15 October 2023","format":false,"excerpt":"Preparazione tisana alle erbe senza aromi \ud83e\udd44 1\u20132 cucchiaini per tazza \ud83c\udf21\ufe0f 100 \u00b0C \u23f3 6\u20138 minuti","rel":"","context":"Similar post","block_context":{"text":"Similar post","link":""},"img":{"alt_text":"Naturklang Kr\u00e4utertee Teemischung Zutaten auf weissem Hintergrund.","src":"https:\/\/i0.wp.com\/teasense.ch\/wp-content\/uploads\/2023\/10\/winterpunsch-plain.jpg?resize=350%2C200&ssl=1","width":350,"height":200,"srcset":"https:\/\/i0.wp.com\/teasense.ch\/wp-content\/uploads\/2023\/10\/winterpunsch-plain.jpg?resize=350%2C200&ssl=1 1x, https:\/\/i0.wp.com\/teasense.ch\/wp-content\/uploads\/2023\/10\/winterpunsch-plain.jpg?resize=525%2C300&ssl=1 1.5x, https:\/\/i0.wp.com\/teasense.ch\/wp-content\/uploads\/2023\/10\/winterpunsch-plain.jpg?resize=700%2C400&ssl=1 2x"},"classes":[]},{"id":48673,"url":"https:\/\/teasense.ch\/it\/prodotto\/armonia-frutti-di-bosco-infuso-frutta\/","url_meta":{"origin":50933,"position":2},"title":"Armonia di Frutti di Bosco \u2013 Infuso di frutta","author":"Reale Selection","date":"13 October 2025","format":false,"excerpt":"Preparazione Armonia di Frutti di Bosco \u2013 Infuso di frutta \ud83e\udd441 cucchiaino per 200 ml\ud83c\udf21\ufe0f 100 \u00b0C\u23f3 10\u201312 minuti","rel":"","context":"Similar post","block_context":{"text":"Similar post","link":""},"img":{"alt_text":"Beerenfrisch \u2013 Fr\u00fcchtetee Fruchtige Frische mit beerigem Flair","src":"https:\/\/i0.wp.com\/teasense.ch\/wp-content\/uploads\/2025\/10\/beerenfrisch.png?resize=350%2C200&ssl=1","width":350,"height":200,"srcset":"https:\/\/i0.wp.com\/teasense.ch\/wp-content\/uploads\/2025\/10\/beerenfrisch.png?resize=350%2C200&ssl=1 1x, https:\/\/i0.wp.com\/teasense.ch\/wp-content\/uploads\/2025\/10\/beerenfrisch.png?resize=525%2C300&ssl=1 1.5x, https:\/\/i0.wp.com\/teasense.ch\/wp-content\/uploads\/2025\/10\/beerenfrisch.png?resize=700%2C400&ssl=1 2x"},"classes":[]},{"id":49538,"url":"https:\/\/teasense.ch\/it\/prodotto\/fiori-ibisco\/","url_meta":{"origin":50933,"position":3},"title":"T\u00e8 all\u2019ibisco","author":"Reale Selection","date":"28 February 2025","format":false,"excerpt":"Preparazione t\u00e8 all\u2019ibisco \ud83e\udd44 1 - 2 cucchiaini colmi (circa 2 g) per 200 ml d\u2019acqua \ud83c\udf21\ufe0f 100 \u00b0C \u23f3 Lascia in infusione 6 - 10 minuti","rel":"","context":"Similar post","block_context":{"text":"Similar post","link":""},"img":{"alt_text":"Hibiskus Tee Lose Hibiskusbl\u00fcten","src":"https:\/\/i0.wp.com\/teasense.ch\/wp-content\/uploads\/2025\/02\/Lose-Blueten-hibiskus-tee.png?resize=350%2C200&ssl=1","width":350,"height":200,"srcset":"https:\/\/i0.wp.com\/teasense.ch\/wp-content\/uploads\/2025\/02\/Lose-Blueten-hibiskus-tee.png?resize=350%2C200&ssl=1 1x, https:\/\/i0.wp.com\/teasense.ch\/wp-content\/uploads\/2025\/02\/Lose-Blueten-hibiskus-tee.png?resize=525%2C300&ssl=1 1.5x, https:\/\/i0.wp.com\/teasense.ch\/wp-content\/uploads\/2025\/02\/Lose-Blueten-hibiskus-tee.png?resize=700%2C400&ssl=1 2x"},"classes":[]},{"id":49461,"url":"https:\/\/teasense.ch\/it\/prodotto\/infuso-alle-erbe-allarancia\/","url_meta":{"origin":50933,"position":4},"title":"Infuso alle erbe all\u2019arancia","author":"Reale Selection","date":"22 October 2024","format":false,"excerpt":"Preparazione \u2013 Infuso alle erbe all\u2019arancia \ud83e\udd44 1 cucchiaino per tazza \ud83c\udf21\ufe0f 100 \u00b0C \u23f3 6\u201310 minuti","rel":"","context":"Similar post","block_context":{"text":"Similar post","link":""},"img":{"alt_text":"Goldorange Teemischung lose","src":"https:\/\/i0.wp.com\/teasense.ch\/wp-content\/uploads\/2024\/10\/gold.png?resize=350%2C200&ssl=1","width":350,"height":200,"srcset":"https:\/\/i0.wp.com\/teasense.ch\/wp-content\/uploads\/2024\/10\/gold.png?resize=350%2C200&ssl=1 1x, https:\/\/i0.wp.com\/teasense.ch\/wp-content\/uploads\/2024\/10\/gold.png?resize=525%2C300&ssl=1 1.5x, https:\/\/i0.wp.com\/teasense.ch\/wp-content\/uploads\/2024\/10\/gold.png?resize=700%2C400&ssl=1 2x"},"classes":[]},{"id":49416,"url":"https:\/\/teasense.ch\/it\/prodotto\/infuso-alla-frutta-power\/","url_meta":{"origin":50933,"position":5},"title":"Infuso alla frutta Power","author":"Reale Selection","date":"10 May 2025","format":false,"excerpt":"Preparazione \u2013 Infuso alla frutta Power \ud83e\udd44 2 g (ca. 1\u20132 cucchiaini) per 200 ml \ud83c\udf21\ufe0f 100 \u00b0C \u23f3 8\u201310 minuti","rel":"","context":"Similar post","block_context":{"text":"Similar post","link":""},"img":{"alt_text":"Power Fr\u00fcchtetee","src":"https:\/\/i0.wp.com\/teasense.ch\/wp-content\/uploads\/2025\/05\/power-fruechtetee.png?resize=350%2C200&ssl=1","width":350,"height":200,"srcset":"https:\/\/i0.wp.com\/teasense.ch\/wp-content\/uploads\/2025\/05\/power-fruechtetee.png?resize=350%2C200&ssl=1 1x, https:\/\/i0.wp.com\/teasense.ch\/wp-content\/uploads\/2025\/05\/power-fruechtetee.png?resize=525%2C300&ssl=1 1.5x, https:\/\/i0.wp.com\/teasense.ch\/wp-content\/uploads\/2025\/05\/power-fruechtetee.png?resize=700%2C400&ssl=1 2x"},"classes":[]}],"jetpack_sharing_enabled":true,"jetpack_likes_enabled":false,"_links":{"self":[{"href":"https:\/\/teasense.ch\/it\/wp-json\/wp\/v2\/product\/50933","targetHints":{"allow":["GET"]}}],"collection":[{"href":"https:\/\/teasense.ch\/it\/wp-json\/wp\/v2\/product"}],"about":[{"href":"https:\/\/teasense.ch\/it\/wp-json\/wp\/v2\/types\/product"}],"replies":[{"embeddable":true,"href":"https:\/\/teasense.ch\/it\/wp-json\/wp\/v2\/comments?post=50933"}],"wp:featuredmedia":[{"embeddable":true,"href":"https:\/\/teasense.ch\/it\/wp-json\/wp\/v2\/media\/50913"}],"wp:attachment":[{"href":"https:\/\/teasense.ch\/it\/wp-json\/wp\/v2\/media?parent=50933"}],"wp:term":[{"taxonomy":"product_brand","embeddable":true,"href":"https:\/\/teasense.ch\/it\/wp-json\/wp\/v2\/product_brand?post=50933"},{"taxonomy":"product_cat","embeddable":true,"href":"https:\/\/teasense.ch\/it\/wp-json\/wp\/v2\/product_cat?post=50933"},{"taxonomy":"product_tag","embeddable":true,"href":"https:\/\/teasense.ch\/it\/wp-json\/wp\/v2\/product_tag?post=50933"}],"curies":[{"name":"wp","href":"https:\/\/api.w.org\/{rel}","templated":true}]}}